{"id":269950,"date":"2024-03-01T16:50:04","date_gmt":"2024-03-01T15:50:04","guid":{"rendered":"https:\/\/www.csj-emballages.com\/produit\/astuccio-2-bottiglie-cartone-con-maniglia-18-x-9-x-34-cm\/"},"modified":"2026-04-16T02:15:37","modified_gmt":"2026-04-16T00:15:37","slug":"astuccio-2-bottiglie-cartone-con-maniglia-18-x-9-x-34-cm","status":"publish","type":"product","link":"https:\/\/www.csj-emballages.com\/it\/produit\/astuccio-2-bottiglie-cartone-con-maniglia-18-x-9-x-34-cm\/","title":{"rendered":"Astuccio 2 bottiglie cartone con maniglia 18 x 9 x 34 cm"},"content":{"rendered":"<h2>Astuccio 2 bottiglie<\/h2>\n<hr>\n<h3>Descrizione del nostro astuccio 2 bottiglie cartone con maniglia 18 x 9 x 34 cm<\/h3>\n<p><!--more--><\/p>\n<p data-start=\"0\" data-end=\"509\">Offri alle tue bottiglie uno scrigno al tempo stesso <strong data-start=\"73\" data-end=\"84\">elegante<\/strong> e <strong data-start=\"88\" data-end=\"103\">responsabile<\/strong> con il nostro <strong data-start=\"115\" data-end=\"174\">astuccio 2 bottiglie in cartone con maniglia da 18 x 9 x 34 cm<\/strong>. Ideale per presentare o trasportare i tuoi grandi vini, questo <strong data-start=\"233\" data-end=\"259\">packaging per regali<\/strong> \u00e8 riconosciuto per il suo impegno ecologico. Grazie al suo design curato e alla sua tonalit\u00e0 naturale, valorizzer\u00e0 le tue bottiglie riflettendo al contempo i tuoi valori ecosostenibili.  <\/p>\n<p data-start=\"511\" data-end=\"979\">Realizzato a partire da <strong data-start=\"532\" data-end=\"564\">materie prime riciclate<\/strong>, questo <strong>astuccio da 2 bottiglie<\/strong> limita il suo <strong data-start=\"586\" data-end=\"610\">impatto sul clima<\/strong>, offrendo al contempo una notevole solidit\u00e0. La sua <strong data-start=\"657\" data-end=\"677\">maniglia integrata<\/strong> facilita il trasporto, garantendo comfort e sicurezza, sia per vini, champagne o oli gastronomici. Allo stesso modo, le sue dimensioni perfettamente studiate (<strong>18 x 9 x 34 cm<\/strong>) assicurano un mantenimento ottimale di due bottiglie standard, evitando qualsiasi movimento indesiderato durante il trasporto.  <\/p>\n<p data-start=\"981\" data-end=\"1285\">Scegliendo questo <strong data-start=\"999\" data-end=\"1020\">packaging sostenibile<\/strong>, mostri ai tuoi clienti che la <strong data-start=\"1056\" data-end=\"1089\">protezione dell&#8217;ambiente<\/strong> \u00e8 al centro delle tue priorit\u00e0. Questa scelta non \u00e8 solo pratica: \u00e8 anche un vero argomento di marketing per conquistare una clientela attenta a consumare in modo pi\u00f9 responsabile. <\/p>\n<p data-start=\"1287\" data-end=\"1647\">Cos\u00ec, che sia per un <strong data-start=\"1314\" data-end=\"1337\">regalo aziendale<\/strong>, una <strong data-start=\"1343\" data-end=\"1364\">vendita in negozio<\/strong>, o per valorizzare i tuoi stessi prodotti, questo <strong>astuccio 2 bottiglie ecologico<\/strong> offre un equilibrio perfetto tra <strong data-start=\"1458\" data-end=\"1472\">estetica<\/strong>, <strong data-start=\"1474\" data-end=\"1488\">robustezza<\/strong> e <strong data-start=\"1492\" data-end=\"1517\">rispetto del pianeta<\/strong>.<\/p>\n<p>&nbsp;<\/p>\n<p><!--more--><\/p>\n<p><strong>Vantaggi:<\/strong><\/p>\n<ul>\n<li><strong data-start=\"1842\" data-end=\"1856\">Ecologico<\/strong>: cartone riciclato a basso impatto climatico.<\/li>\n<li><strong data-start=\"1905\" data-end=\"1917\">Pratico<\/strong>: maniglia integrata per un trasporto facile.<\/li>\n<li><strong data-start=\"1966\" data-end=\"1978\">Sicuro<\/strong>: mantenimento perfetto di 2 bottiglie standard.<\/li>\n<li><strong data-start=\"2028\" data-end=\"2042\">Estetico<\/strong>: design naturale e sobrio per valorizzare i tuoi regali.<\/li>\n<li><strong data-start=\"2099\" data-end=\"2113\">Versatile<\/strong>: adatto a vini, champagne, oli o succhi di alta gamma.<\/li>\n<\/ul>\n<p>&nbsp;<\/p>\n<p><!--more--><\/p>\n<h4>Altre informazioni:<\/h4>\n<ul>\n<li><strong>Confezione<\/strong>: Singola<\/li>\n<li><strong>Dimensioni<\/strong>: 18 x 9 x 34 cm<\/li>\n<li><strong>Colore<\/strong>: Kraft<\/li>\n<li><strong>Materiale<\/strong>: Cartone<\/li>\n<\/ul>\n<p>&nbsp;<\/p>\n<p><!--more--><\/p>\n<p>Questo prodotto \u00e8 disponibile anche in versione <span style=\"color: #d12727;\"><a style=\"color: #d12727;\" href=\"https:\/\/www.csj-emballages.com\/produit\/etui-carton-pour-3-bouteilles-avec-poignee\/\">3 bottiglie<\/a><\/span><\/p>\n<p>&nbsp;<\/p>\n<p><!--more--><\/p>\n<p>Trova qui tutti i colori disponibili per questo astuccio 2 bottiglie: <span style=\"color: #d12727;\"><a style=\"color: #d12727;\" href=\"https:\/\/www.csj-emballages.com\/it\/produit\/astuccio-2-bottiglie-bianco-cartone-con-maniglia-integrata-180-x-90-x-385-mm-confezione-da-5\/\">Bianco<\/a><\/span> \/ <span style=\"color: #d12727;\"><a style=\"color: #d12727;\" href=\"https:\/\/www.csj-emballages.com\/it\/produit\/astuccio-2-bottiglie-nero-in-cartone-con-maniglia-integrata-180-x-90-x-385-mm-da-5-pezzi\/\">Nero<\/a><\/span> \/ <span style=\"color: #d12727;\"><a style=\"color: #d12727;\" href=\"https:\/\/www.csj-emballages.com\/it\/produit\/confezione-2-bottiglie-bordeaux-in-cartone-con-maniglia-integrata-180-x-90-x-385-mm-set-da-5\/\">Bordeaux<\/a><\/span><\/p>\n<p>&nbsp;<\/p>\n<p><!--more--><\/p>\n<p><a href=\"https:\/\/www.csj-emballages.com\/it\/categorie-produit\/imballaggi-alimentari\/boutique-e-negozio\/sacchetti-buste\/sacchetti-per-bottiglie\/\">Consulta il resto della nostra gamma di sacchetti per bottiglie<\/a><\/p>\n","protected":false},"excerpt":{"rendered":"<p>Astuccio 2 bottiglie Descrizione del nostro astuccio 2 bottiglie cartone con maniglia 18 x 9 x 34 cm<\/p>\n","protected":false},"featured_media":269957,"template":"","meta":{"_acf_changed":false},"product_brand":[],"product_cat":[10346,10345,11139],"product_tag":[],"class_list":{"0":"post-269950","1":"product","2":"type-product","3":"status-publish","4":"has-post-thumbnail","6":"product_cat-imballaggi-alimentari","7":"product_cat-boutique-e-negozio","8":"product_cat-sacchetti-per-bottiglie","10":"first","11":"instock","12":"taxable","13":"shipping-taxable","14":"purchasable","15":"product-type-simple"},"acf":[],"yoast_head":"<!-- This site is optimized with the Yoast SEO Premium plugin v26.6 (Yoast SEO v26.6) - https:\/\/yoast.com\/wordpress\/plugins\/seo\/ -->\n<title>Astuccio 2 Bottiglie Cartone con Maniglia 18 x 9 x 34 cm<\/title>\n<meta name=\"description\" content=\"Astuccio 2 bottiglie cartone ecosostenibile con maniglia integrata, facile e veloce da montare, perfetto per regalare e trasportare con eleganza.\" \/>\n<meta name=\"robots\" content=\"index, follow, max-snippet:-1, max-image-preview:large, max-video-preview:-1\" \/>\n<link rel=\"canonical\" href=\"https:\/\/www.csj-emballages.com\/it\/produit\/astuccio-2-bottiglie-cartone-con-maniglia-18-x-9-x-34-cm\/\" \/>\n<meta property=\"og:locale\" content=\"it_IT\" \/>\n<meta property=\"og:type\" content=\"article\" \/>\n<meta property=\"og:title\" content=\"Astuccio 2 bottiglie cartone con maniglia 18 x 9 x 34 cm\" \/>\n<meta property=\"og:description\" content=\"Astuccio 2 bottiglie cartone ecosostenibile con maniglia integrata, facile e veloce da montare, perfetto per regalare e trasportare con eleganza.\" \/>\n<meta property=\"og:url\" content=\"https:\/\/www.csj-emballages.com\/it\/produit\/astuccio-2-bottiglie-cartone-con-maniglia-18-x-9-x-34-cm\/\" \/>\n<meta property=\"og:site_name\" content=\"CSJ Emballages\" \/>\n<meta property=\"article:publisher\" content=\"https:\/\/www.facebook.com\/csjemballages\" \/>\n<meta property=\"article:modified_time\" content=\"2026-04-16T00:15:37+00:00\" \/>\n<meta property=\"og:image\" content=\"https:\/\/www.csj-emballages.com\/wp-content\/uploads\/2024\/03\/SB2C.jpg\" \/>\n\t<meta property=\"og:image:width\" content=\"800\" \/>\n\t<meta property=\"og:image:height\" content=\"800\" \/>\n\t<meta property=\"og:image:type\" content=\"image\/jpeg\" \/>\n<meta name=\"twitter:card\" content=\"summary_large_image\" \/>\n<meta name=\"twitter:label1\" content=\"Dur\u00e9e de lecture estim\u00e9e\" \/>\n\t<meta name=\"twitter:data1\" content=\"2 minuti\" \/>\n<script type=\"application\/ld+json\" class=\"yoast-schema-graph\">{\"@context\":\"https:\/\/schema.org\",\"@graph\":[{\"@type\":\"WebPage\",\"@id\":\"https:\/\/www.csj-emballages.com\/it\/produit\/astuccio-2-bottiglie-cartone-con-maniglia-18-x-9-x-34-cm\/\",\"url\":\"https:\/\/www.csj-emballages.com\/it\/produit\/astuccio-2-bottiglie-cartone-con-maniglia-18-x-9-x-34-cm\/\",\"name\":\"Astuccio 2 Bottiglie Cartone con Maniglia 18 x 9 x 34 cm\",\"isPartOf\":{\"@id\":\"https:\/\/www.csj-emballages.com\/it\/#website\"},\"primaryImageOfPage\":{\"@id\":\"https:\/\/www.csj-emballages.com\/it\/produit\/astuccio-2-bottiglie-cartone-con-maniglia-18-x-9-x-34-cm\/#primaryimage\"},\"image\":{\"@id\":\"https:\/\/www.csj-emballages.com\/it\/produit\/astuccio-2-bottiglie-cartone-con-maniglia-18-x-9-x-34-cm\/#primaryimage\"},\"thumbnailUrl\":\"https:\/\/www.csj-emballages.com\/wp-content\/uploads\/2024\/03\/SB2C.jpg\",\"datePublished\":\"2024-03-01T15:50:04+00:00\",\"dateModified\":\"2026-04-16T00:15:37+00:00\",\"description\":\"Astuccio 2 bottiglie cartone ecosostenibile con maniglia integrata, facile e veloce da montare, perfetto per regalare e trasportare con eleganza.\",\"breadcrumb\":{\"@id\":\"https:\/\/www.csj-emballages.com\/it\/produit\/astuccio-2-bottiglie-cartone-con-maniglia-18-x-9-x-34-cm\/#breadcrumb\"},\"inLanguage\":\"it-IT\",\"potentialAction\":[{\"@type\":\"ReadAction\",\"target\":[\"https:\/\/www.csj-emballages.com\/it\/produit\/astuccio-2-bottiglie-cartone-con-maniglia-18-x-9-x-34-cm\/\"]}]},{\"@type\":\"ImageObject\",\"inLanguage\":\"it-IT\",\"@id\":\"https:\/\/www.csj-emballages.com\/it\/produit\/astuccio-2-bottiglie-cartone-con-maniglia-18-x-9-x-34-cm\/#primaryimage\",\"url\":\"https:\/\/www.csj-emballages.com\/wp-content\/uploads\/2024\/03\/SB2C.jpg\",\"contentUrl\":\"https:\/\/www.csj-emballages.com\/wp-content\/uploads\/2024\/03\/SB2C.jpg\",\"width\":800,\"height\":800,\"caption\":\"Sacs bouteilles\"},{\"@type\":\"BreadcrumbList\",\"@id\":\"https:\/\/www.csj-emballages.com\/it\/produit\/astuccio-2-bottiglie-cartone-con-maniglia-18-x-9-x-34-cm\/#breadcrumb\",\"itemListElement\":[{\"@type\":\"ListItem\",\"position\":1,\"name\":\"Home\",\"item\":\"https:\/\/www.csj-emballages.com\/it\/universo-imballaggi-alimentari\/\"},{\"@type\":\"ListItem\",\"position\":2,\"name\":\"Negozio\",\"item\":\"https:\/\/www.csj-emballages.com\/it\/negozio\/\"},{\"@type\":\"ListItem\",\"position\":3,\"name\":\"Astuccio 2 bottiglie cartone con maniglia 18 x 9 x 34 cm\"}]},{\"@type\":\"WebSite\",\"@id\":\"https:\/\/www.csj-emballages.com\/it\/#website\",\"url\":\"https:\/\/www.csj-emballages.com\/it\/\",\"name\":\"CSJ Emballages\",\"description\":\"\",\"publisher\":{\"@id\":\"https:\/\/www.csj-emballages.com\/it\/#organization\"},\"potentialAction\":[{\"@type\":\"SearchAction\",\"target\":{\"@type\":\"EntryPoint\",\"urlTemplate\":\"https:\/\/www.csj-emballages.com\/it\/?s={search_term_string}\"},\"query-input\":{\"@type\":\"PropertyValueSpecification\",\"valueRequired\":true,\"valueName\":\"search_term_string\"}}],\"inLanguage\":\"it-IT\"},{\"@type\":\"Organization\",\"@id\":\"https:\/\/www.csj-emballages.com\/it\/#Organization\/\",\"name\":\"CSJ Emballages\",\"url\":\"https:\/\/www.csj-emballages.com\/it\/\",\"logo\":{\"@type\":\"ImageObject\",\"inLanguage\":\"it-IT\",\"@id\":\"https:\/\/www.csj-emballages.com\/it\/#\/schema\/logo\/image\/\",\"url\":\"https:\/\/www.csj-emballages.com\/wp-content\/uploads\/2023\/10\/logo_csj.webp\",\"contentUrl\":\"https:\/\/www.csj-emballages.com\/wp-content\/uploads\/2023\/10\/logo_csj.webp\",\"width\":250,\"height\":95,\"caption\":\"CSJ Emballages\"},\"image\":{\"@id\":\"https:\/\/www.csj-emballages.com\/it\/#\/schema\/logo\/image\/\"},\"sameAs\":[\"https:\/\/www.facebook.com\/csjemballages\"],\"address\":{\"@type\":\"PostalAddress\",\"streetAddress\":\"ZI La Lechere\",\"addressLocality\":\"Patornay\",\"postalCode\":\"39130\",\"addressCountry\":\"FR\"},\"contactPoint\":[{\"@type\":\"ContactPoint\",\"contactType\":\"Service client\",\"telephone\":\"0384254272\",\"email\":\"contact@csj-emballages.com\"}]}]}<\/script>\n<!-- \/ Yoast SEO Premium plugin. -->","yoast_head_json":{"title":"Astuccio 2 Bottiglie Cartone con Maniglia 18 x 9 x 34 cm","description":"Astuccio 2 bottiglie cartone ecosostenibile con maniglia integrata, facile e veloce da montare, perfetto per regalare e trasportare con eleganza.","robots":{"index":"index","follow":"follow","max-snippet":"max-snippet:-1","max-image-preview":"max-image-preview:large","max-video-preview":"max-video-preview:-1"},"canonical":"https:\/\/www.csj-emballages.com\/it\/produit\/astuccio-2-bottiglie-cartone-con-maniglia-18-x-9-x-34-cm\/","og_locale":"it_IT","og_type":"article","og_title":"Astuccio 2 bottiglie cartone con maniglia 18 x 9 x 34 cm","og_description":"Astuccio 2 bottiglie cartone ecosostenibile con maniglia integrata, facile e veloce da montare, perfetto per regalare e trasportare con eleganza.","og_url":"https:\/\/www.csj-emballages.com\/it\/produit\/astuccio-2-bottiglie-cartone-con-maniglia-18-x-9-x-34-cm\/","og_site_name":"CSJ Emballages","article_publisher":"https:\/\/www.facebook.com\/csjemballages","article_modified_time":"2026-04-16T00:15:37+00:00","og_image":[{"width":800,"height":800,"url":"https:\/\/www.csj-emballages.com\/wp-content\/uploads\/2024\/03\/SB2C.jpg","type":"image\/jpeg"}],"twitter_card":"summary_large_image","twitter_misc":{"Dur\u00e9e de lecture estim\u00e9e":"2 minuti"},"schema":{"@context":"https:\/\/schema.org","@graph":[{"@type":"WebPage","@id":"https:\/\/www.csj-emballages.com\/it\/produit\/astuccio-2-bottiglie-cartone-con-maniglia-18-x-9-x-34-cm\/","url":"https:\/\/www.csj-emballages.com\/it\/produit\/astuccio-2-bottiglie-cartone-con-maniglia-18-x-9-x-34-cm\/","name":"Astuccio 2 Bottiglie Cartone con Maniglia 18 x 9 x 34 cm","isPartOf":{"@id":"https:\/\/www.csj-emballages.com\/it\/#website"},"primaryImageOfPage":{"@id":"https:\/\/www.csj-emballages.com\/it\/produit\/astuccio-2-bottiglie-cartone-con-maniglia-18-x-9-x-34-cm\/#primaryimage"},"image":{"@id":"https:\/\/www.csj-emballages.com\/it\/produit\/astuccio-2-bottiglie-cartone-con-maniglia-18-x-9-x-34-cm\/#primaryimage"},"thumbnailUrl":"https:\/\/www.csj-emballages.com\/wp-content\/uploads\/2024\/03\/SB2C.jpg","datePublished":"2024-03-01T15:50:04+00:00","dateModified":"2026-04-16T00:15:37+00:00","description":"Astuccio 2 bottiglie cartone ecosostenibile con maniglia integrata, facile e veloce da montare, perfetto per regalare e trasportare con eleganza.","breadcrumb":{"@id":"https:\/\/www.csj-emballages.com\/it\/produit\/astuccio-2-bottiglie-cartone-con-maniglia-18-x-9-x-34-cm\/#breadcrumb"},"inLanguage":"it-IT","potentialAction":[{"@type":"ReadAction","target":["https:\/\/www.csj-emballages.com\/it\/produit\/astuccio-2-bottiglie-cartone-con-maniglia-18-x-9-x-34-cm\/"]}]},{"@type":"ImageObject","inLanguage":"it-IT","@id":"https:\/\/www.csj-emballages.com\/it\/produit\/astuccio-2-bottiglie-cartone-con-maniglia-18-x-9-x-34-cm\/#primaryimage","url":"https:\/\/www.csj-emballages.com\/wp-content\/uploads\/2024\/03\/SB2C.jpg","contentUrl":"https:\/\/www.csj-emballages.com\/wp-content\/uploads\/2024\/03\/SB2C.jpg","width":800,"height":800,"caption":"Sacs bouteilles"},{"@type":"BreadcrumbList","@id":"https:\/\/www.csj-emballages.com\/it\/produit\/astuccio-2-bottiglie-cartone-con-maniglia-18-x-9-x-34-cm\/#breadcrumb","itemListElement":[{"@type":"ListItem","position":1,"name":"Home","item":"https:\/\/www.csj-emballages.com\/it\/universo-imballaggi-alimentari\/"},{"@type":"ListItem","position":2,"name":"Negozio","item":"https:\/\/www.csj-emballages.com\/it\/negozio\/"},{"@type":"ListItem","position":3,"name":"Astuccio 2 bottiglie cartone con maniglia 18 x 9 x 34 cm"}]},{"@type":"WebSite","@id":"https:\/\/www.csj-emballages.com\/it\/#website","url":"https:\/\/www.csj-emballages.com\/it\/","name":"CSJ Emballages","description":"","publisher":{"@id":"https:\/\/www.csj-emballages.com\/it\/#organization"},"potentialAction":[{"@type":"SearchAction","target":{"@type":"EntryPoint","urlTemplate":"https:\/\/www.csj-emballages.com\/it\/?s={search_term_string}"},"query-input":{"@type":"PropertyValueSpecification","valueRequired":true,"valueName":"search_term_string"}}],"inLanguage":"it-IT"},{"@type":"Organization","@id":"https:\/\/www.csj-emballages.com\/it\/#Organization\/","name":"CSJ Emballages","url":"https:\/\/www.csj-emballages.com\/it\/","logo":{"@type":"ImageObject","inLanguage":"it-IT","@id":"https:\/\/www.csj-emballages.com\/it\/#\/schema\/logo\/image\/","url":"https:\/\/www.csj-emballages.com\/wp-content\/uploads\/2023\/10\/logo_csj.webp","contentUrl":"https:\/\/www.csj-emballages.com\/wp-content\/uploads\/2023\/10\/logo_csj.webp","width":250,"height":95,"caption":"CSJ Emballages"},"image":{"@id":"https:\/\/www.csj-emballages.com\/it\/#\/schema\/logo\/image\/"},"sameAs":["https:\/\/www.facebook.com\/csjemballages"],"address":{"@type":"PostalAddress","streetAddress":"ZI La Lechere","addressLocality":"Patornay","postalCode":"39130","addressCountry":"FR"},"contactPoint":[{"@type":"ContactPoint","contactType":"Service client","telephone":"0384254272","email":"contact@csj-emballages.com"}]}]}},"df_price":2.23,"df_sale_price":"","df_regular_price":2.23,"df_image_link":"https:\/\/www.csj-emballages.com\/wp-content\/uploads\/2024\/03\/SB2C-300x300.jpg","tiered_pricing_type":"fixed","tiered_pricing_fixed_rules":[],"tiered_pricing_percentage_rules":[],"tiered_pricing_minimum":1,"tiered_pricing_roles_data":[],"_links":{"self":[{"href":"https:\/\/www.csj-emballages.com\/it\/wp-json\/wp\/v2\/product\/269950","targetHints":{"allow":["GET"]}}],"collection":[{"href":"https:\/\/www.csj-emballages.com\/it\/wp-json\/wp\/v2\/product"}],"about":[{"href":"https:\/\/www.csj-emballages.com\/it\/wp-json\/wp\/v2\/types\/product"}],"wp:featuredmedia":[{"embeddable":true,"href":"https:\/\/www.csj-emballages.com\/it\/wp-json\/wp\/v2\/media\/269957"}],"wp:attachment":[{"href":"https:\/\/www.csj-emballages.com\/it\/wp-json\/wp\/v2\/media?parent=269950"}],"wp:term":[{"taxonomy":"product_brand","embeddable":true,"href":"https:\/\/www.csj-emballages.com\/it\/wp-json\/wp\/v2\/product_brand?post=269950"},{"taxonomy":"product_cat","embeddable":true,"href":"https:\/\/www.csj-emballages.com\/it\/wp-json\/wp\/v2\/product_cat?post=269950"},{"taxonomy":"product_tag","embeddable":true,"href":"https:\/\/www.csj-emballages.com\/it\/wp-json\/wp\/v2\/product_tag?post=269950"}],"curies":[{"name":"wp","href":"https:\/\/api.w.org\/{rel}","templated":true}]}}