{"id":269944,"date":"2024-03-01T16:50:04","date_gmt":"2024-03-01T15:50:04","guid":{"rendered":"https:\/\/www.csj-emballages.com\/produit\/astuccio-3-bottiglie-cartone-con-maniglia-27-9-x-38-cm\/"},"modified":"2026-03-12T16:38:30","modified_gmt":"2026-03-12T15:38:30","slug":"astuccio-3-bottiglie-cartone-con-maniglia-27-9-x-38-cm","status":"publish","type":"product","link":"https:\/\/www.csj-emballages.com\/it\/produit\/astuccio-3-bottiglie-cartone-con-maniglia-27-9-x-38-cm\/","title":{"rendered":"Astuccio 3 bottiglie cartone con maniglia 27 + 9 x 38 cm"},"content":{"rendered":"<h2>Astuccio 3 bottiglie<\/h2>\n<hr>\n<h3>Descrizione del nostro astuccio 3 bottiglie cartone con maniglia 27 + 9 x 38 cm<\/h3>\n<p><!--more--><\/p>\n<p data-start=\"0\" data-end=\"498\">Offri una presentazione elegante e responsabile con il nostro <strong data-start=\"89\" data-end=\"148\">astuccio 3 bottiglie cartone con maniglia da 27 + 9 x 38 cm<\/strong>. Progettato appositamente per gli amanti delle buone bottiglie e i professionisti della vendita, questo <strong data-start=\"247\" data-end=\"273\">packaging per regali<\/strong> unisce <strong data-start=\"280\" data-end=\"293\">praticit\u00e0<\/strong> e <strong data-start=\"297\" data-end=\"322\">impegno ecologico<\/strong>. Grazie al suo design curato e alla sua maniglia robusta, facilita il trasporto delle tue bottiglie di vino, birra o succo artigianale garantendo al contempo una protezione ottimale.  <\/p>\n<p data-start=\"500\" data-end=\"907\">Questo <strong>astuccio per bottiglie<\/strong> incarna perfettamente una filosofia rispettosa dell&#8217;ambiente. Infatti, le <strong data-start=\"648\" data-end=\"680\">materie prime riciclate<\/strong> che lo compongono sono accuratamente selezionate per il loro <strong data-start=\"741\" data-end=\"770\">impatto climatico minimo<\/strong>. Cos\u00ec, dimostri non solo il tuo gusto per i bei prodotti, ma anche la tua volont\u00e0 di ridurre la tua impronta ecologica.  <\/p>\n<p data-start=\"909\" data-end=\"1361\">Inoltre, il suo stile naturale e moderno ne fa una <strong data-start=\"964\" data-end=\"989\">scatola per bottiglie<\/strong> ideale per enoteche, gastronomie o per fare un regalo raffinato in occasione di un evento speciale. Che tu voglia sorprendere un cliente, una persona cara o un collaboratore, questo <strong>astuccio per bottiglie<\/strong> apporta un tocco di originalit\u00e0 e distinzione. <\/p>\n<p data-start=\"1363\" data-end=\"1705\">Scegliendo questo <strong data-start=\"1382\" data-end=\"1403\">astuccio 3 bottiglie<\/strong>, opti per un packaging che si distingue per il suo <strong data-start=\"1458\" data-end=\"1476\">aspetto durevole<\/strong>, il suo <strong data-start=\"1482\" data-end=\"1500\">design elegante<\/strong> e la sua <strong data-start=\"1508\" data-end=\"1533\">facilit\u00e0 di trasporto<\/strong>. \u00c8 l&#8217;alleanza perfetta tra estetica, funzionalit\u00e0 e rispetto del pianeta. Per le tue vendite o i tuoi regali, questo packaging ecoresponsabile \u00e8 il compagno ideale.  <\/p>\n<p><!--more--><\/p>\n<p><strong>Vantaggi:<\/strong><\/p>\n<ul>\n<li><strong>Protezione massima<\/strong>: Progettato per proteggere le tue bottiglie durante il trasporto.<\/li>\n<li><strong>Ecologico<\/strong>: Realizzato in cartone riciclabile, rispettoso dell&#8217;ambiente.<\/li>\n<li><strong>Montaggio rapido<\/strong>: Facile da assemblare in pochi secondi.<\/li>\n<li><strong>Robustezza<\/strong>: Realizzato in cartone spesso e resistente.<\/li>\n<\/ul>\n<p>&nbsp;<\/p>\n<p><!--more--><\/p>\n<h4>Altre informazioni:<\/h4>\n<ul>\n<li><strong>Confezione<\/strong>: Singola<\/li>\n<li><strong>Dimensioni<\/strong>: 27 + 9 x 38 cm<\/li>\n<li><strong>Colore<\/strong>: Kraft<\/li>\n<li><strong>Materiale<\/strong>: Cartone<\/li>\n<\/ul>\n<p>&nbsp;<\/p>\n<p><!--more--><\/p>\n<p>Questo prodotto \u00e8 disponibile anche per <span style=\"color: #d12727;\"><a style=\"color: #d12727;\" href=\"https:\/\/www.csj-emballages.com\/produit\/etui-carton-pour-2-bouteilles-avec-poignee\/\">2 bottiglie<\/a><\/span><\/p>\n<p>&nbsp;<\/p>\n<p><!--more--><\/p>\n<p><a href=\"https:\/\/www.csj-emballages.com\/it\/categorie-produit\/imballaggi-alimentari\/boutique-e-negozio\/sacchetti-buste\/sacchetti-per-bottiglie\/\">Consulta il resto della nostra gamma di sacchetti per bottiglie<\/a><\/p>\n","protected":false},"excerpt":{"rendered":"<p>Astuccio 3 bottiglie Descrizione del nostro astuccio 3 bottiglie cartone con maniglia 27 + 9 x 38 cm<\/p>\n","protected":false},"featured_media":269949,"template":"","meta":{"_acf_changed":false},"product_brand":[],"product_cat":[10346,10345,11140,11139],"product_tag":[],"class_list":{"0":"post-269944","1":"product","2":"type-product","3":"status-publish","4":"has-post-thumbnail","6":"product_cat-imballaggi-alimentari","7":"product_cat-boutique-e-negozio","8":"product_cat-sacchetti-buste","9":"product_cat-sacchetti-per-bottiglie","11":"first","12":"instock","13":"taxable","14":"shipping-taxable","15":"purchasable","16":"product-type-simple"},"acf":[],"yoast_head":"<!-- This site is optimized with the Yoast SEO Premium plugin v26.6 (Yoast SEO v26.6) - https:\/\/yoast.com\/wordpress\/plugins\/seo\/ -->\n<title>Astuccio 3 Bottiglie Cartone con Maniglia 27 + 9 x 38 cm<\/title>\n<meta name=\"description\" content=\"Astuccio 3 bottiglie in cartone riciclato con maniglia, elegante ed ecologico. Ideale per fare regali o per vendite professionali.\" \/>\n<meta name=\"robots\" content=\"index, follow, max-snippet:-1, max-image-preview:large, max-video-preview:-1\" \/>\n<link rel=\"canonical\" href=\"https:\/\/www.csj-emballages.com\/it\/produit\/astuccio-3-bottiglie-cartone-con-maniglia-27-9-x-38-cm\/\" \/>\n<meta property=\"og:locale\" content=\"it_IT\" \/>\n<meta property=\"og:type\" content=\"article\" \/>\n<meta property=\"og:title\" content=\"Astuccio 3 bottiglie cartone con maniglia 27 + 9 x 38 cm\" \/>\n<meta property=\"og:description\" content=\"Astuccio 3 bottiglie in cartone riciclato con maniglia, elegante ed ecologico. Ideale per fare regali o per vendite professionali.\" \/>\n<meta property=\"og:url\" content=\"https:\/\/www.csj-emballages.com\/it\/produit\/astuccio-3-bottiglie-cartone-con-maniglia-27-9-x-38-cm\/\" \/>\n<meta property=\"og:site_name\" content=\"CSJ Emballages\" \/>\n<meta property=\"article:publisher\" content=\"https:\/\/www.facebook.com\/csjemballages\" \/>\n<meta property=\"article:modified_time\" content=\"2026-03-12T15:38:30+00:00\" \/>\n<meta property=\"og:image\" content=\"https:\/\/www.csj-emballages.com\/wp-content\/uploads\/2024\/03\/SB3C.webp\" \/>\n\t<meta property=\"og:image:width\" content=\"800\" \/>\n\t<meta property=\"og:image:height\" content=\"800\" \/>\n\t<meta property=\"og:image:type\" content=\"image\/webp\" \/>\n<meta name=\"twitter:card\" content=\"summary_large_image\" \/>\n<meta name=\"twitter:label1\" content=\"Dur\u00e9e de lecture estim\u00e9e\" \/>\n\t<meta name=\"twitter:data1\" content=\"1 minuto\" \/>\n<script type=\"application\/ld+json\" class=\"yoast-schema-graph\">{\"@context\":\"https:\/\/schema.org\",\"@graph\":[{\"@type\":\"WebPage\",\"@id\":\"https:\/\/www.csj-emballages.com\/it\/produit\/astuccio-3-bottiglie-cartone-con-maniglia-27-9-x-38-cm\/\",\"url\":\"https:\/\/www.csj-emballages.com\/it\/produit\/astuccio-3-bottiglie-cartone-con-maniglia-27-9-x-38-cm\/\",\"name\":\"Astuccio 3 Bottiglie Cartone con Maniglia 27 + 9 x 38 cm\",\"isPartOf\":{\"@id\":\"https:\/\/www.csj-emballages.com\/it\/#website\"},\"primaryImageOfPage\":{\"@id\":\"https:\/\/www.csj-emballages.com\/it\/produit\/astuccio-3-bottiglie-cartone-con-maniglia-27-9-x-38-cm\/#primaryimage\"},\"image\":{\"@id\":\"https:\/\/www.csj-emballages.com\/it\/produit\/astuccio-3-bottiglie-cartone-con-maniglia-27-9-x-38-cm\/#primaryimage\"},\"thumbnailUrl\":\"https:\/\/www.csj-emballages.com\/wp-content\/uploads\/2024\/03\/SB3C.webp\",\"datePublished\":\"2024-03-01T15:50:04+00:00\",\"dateModified\":\"2026-03-12T15:38:30+00:00\",\"description\":\"Astuccio 3 bottiglie in cartone riciclato con maniglia, elegante ed ecologico. Ideale per fare regali o per vendite professionali.\",\"breadcrumb\":{\"@id\":\"https:\/\/www.csj-emballages.com\/it\/produit\/astuccio-3-bottiglie-cartone-con-maniglia-27-9-x-38-cm\/#breadcrumb\"},\"inLanguage\":\"it-IT\",\"potentialAction\":[{\"@type\":\"ReadAction\",\"target\":[\"https:\/\/www.csj-emballages.com\/it\/produit\/astuccio-3-bottiglie-cartone-con-maniglia-27-9-x-38-cm\/\"]}]},{\"@type\":\"ImageObject\",\"inLanguage\":\"it-IT\",\"@id\":\"https:\/\/www.csj-emballages.com\/it\/produit\/astuccio-3-bottiglie-cartone-con-maniglia-27-9-x-38-cm\/#primaryimage\",\"url\":\"https:\/\/www.csj-emballages.com\/wp-content\/uploads\/2024\/03\/SB3C.webp\",\"contentUrl\":\"https:\/\/www.csj-emballages.com\/wp-content\/uploads\/2024\/03\/SB3C.webp\",\"width\":800,\"height\":800,\"caption\":\"\u00c9tui 3 bouteilles\"},{\"@type\":\"BreadcrumbList\",\"@id\":\"https:\/\/www.csj-emballages.com\/it\/produit\/astuccio-3-bottiglie-cartone-con-maniglia-27-9-x-38-cm\/#breadcrumb\",\"itemListElement\":[{\"@type\":\"ListItem\",\"position\":1,\"name\":\"Home\",\"item\":\"https:\/\/www.csj-emballages.com\/it\/universo-imballaggi-alimentari\/\"},{\"@type\":\"ListItem\",\"position\":2,\"name\":\"Negozio\",\"item\":\"https:\/\/www.csj-emballages.com\/it\/negozio\/\"},{\"@type\":\"ListItem\",\"position\":3,\"name\":\"Astuccio 3 bottiglie cartone con maniglia 27 + 9 x 38 cm\"}]},{\"@type\":\"WebSite\",\"@id\":\"https:\/\/www.csj-emballages.com\/it\/#website\",\"url\":\"https:\/\/www.csj-emballages.com\/it\/\",\"name\":\"CSJ Emballages\",\"description\":\"\",\"publisher\":{\"@id\":\"https:\/\/www.csj-emballages.com\/it\/#organization\"},\"potentialAction\":[{\"@type\":\"SearchAction\",\"target\":{\"@type\":\"EntryPoint\",\"urlTemplate\":\"https:\/\/www.csj-emballages.com\/it\/?s={search_term_string}\"},\"query-input\":{\"@type\":\"PropertyValueSpecification\",\"valueRequired\":true,\"valueName\":\"search_term_string\"}}],\"inLanguage\":\"it-IT\"},{\"@type\":\"Organization\",\"@id\":\"https:\/\/www.csj-emballages.com\/it\/#Organization\/\",\"name\":\"CSJ Emballages\",\"url\":\"https:\/\/www.csj-emballages.com\/it\/\",\"logo\":{\"@type\":\"ImageObject\",\"inLanguage\":\"it-IT\",\"@id\":\"https:\/\/www.csj-emballages.com\/it\/#\/schema\/logo\/image\/\",\"url\":\"https:\/\/www.csj-emballages.com\/wp-content\/uploads\/2023\/10\/logo_csj.webp\",\"contentUrl\":\"https:\/\/www.csj-emballages.com\/wp-content\/uploads\/2023\/10\/logo_csj.webp\",\"width\":250,\"height\":95,\"caption\":\"CSJ Emballages\"},\"image\":{\"@id\":\"https:\/\/www.csj-emballages.com\/it\/#\/schema\/logo\/image\/\"},\"sameAs\":[\"https:\/\/www.facebook.com\/csjemballages\"],\"address\":{\"@type\":\"PostalAddress\",\"streetAddress\":\"ZI La Lechere\",\"addressLocality\":\"Patornay\",\"postalCode\":\"39130\",\"addressCountry\":\"FR\"},\"contactPoint\":[{\"@type\":\"ContactPoint\",\"contactType\":\"Service client\",\"telephone\":\"0384254272\",\"email\":\"contact@csj-emballages.com\"}]}]}<\/script>\n<!-- \/ Yoast SEO Premium plugin. -->","yoast_head_json":{"title":"Astuccio 3 Bottiglie Cartone con Maniglia 27 + 9 x 38 cm","description":"Astuccio 3 bottiglie in cartone riciclato con maniglia, elegante ed ecologico. Ideale per fare regali o per vendite professionali.","robots":{"index":"index","follow":"follow","max-snippet":"max-snippet:-1","max-image-preview":"max-image-preview:large","max-video-preview":"max-video-preview:-1"},"canonical":"https:\/\/www.csj-emballages.com\/it\/produit\/astuccio-3-bottiglie-cartone-con-maniglia-27-9-x-38-cm\/","og_locale":"it_IT","og_type":"article","og_title":"Astuccio 3 bottiglie cartone con maniglia 27 + 9 x 38 cm","og_description":"Astuccio 3 bottiglie in cartone riciclato con maniglia, elegante ed ecologico. Ideale per fare regali o per vendite professionali.","og_url":"https:\/\/www.csj-emballages.com\/it\/produit\/astuccio-3-bottiglie-cartone-con-maniglia-27-9-x-38-cm\/","og_site_name":"CSJ Emballages","article_publisher":"https:\/\/www.facebook.com\/csjemballages","article_modified_time":"2026-03-12T15:38:30+00:00","og_image":[{"width":800,"height":800,"url":"https:\/\/www.csj-emballages.com\/wp-content\/uploads\/2024\/03\/SB3C.webp","type":"image\/webp"}],"twitter_card":"summary_large_image","twitter_misc":{"Dur\u00e9e de lecture estim\u00e9e":"1 minuto"},"schema":{"@context":"https:\/\/schema.org","@graph":[{"@type":"WebPage","@id":"https:\/\/www.csj-emballages.com\/it\/produit\/astuccio-3-bottiglie-cartone-con-maniglia-27-9-x-38-cm\/","url":"https:\/\/www.csj-emballages.com\/it\/produit\/astuccio-3-bottiglie-cartone-con-maniglia-27-9-x-38-cm\/","name":"Astuccio 3 Bottiglie Cartone con Maniglia 27 + 9 x 38 cm","isPartOf":{"@id":"https:\/\/www.csj-emballages.com\/it\/#website"},"primaryImageOfPage":{"@id":"https:\/\/www.csj-emballages.com\/it\/produit\/astuccio-3-bottiglie-cartone-con-maniglia-27-9-x-38-cm\/#primaryimage"},"image":{"@id":"https:\/\/www.csj-emballages.com\/it\/produit\/astuccio-3-bottiglie-cartone-con-maniglia-27-9-x-38-cm\/#primaryimage"},"thumbnailUrl":"https:\/\/www.csj-emballages.com\/wp-content\/uploads\/2024\/03\/SB3C.webp","datePublished":"2024-03-01T15:50:04+00:00","dateModified":"2026-03-12T15:38:30+00:00","description":"Astuccio 3 bottiglie in cartone riciclato con maniglia, elegante ed ecologico. Ideale per fare regali o per vendite professionali.","breadcrumb":{"@id":"https:\/\/www.csj-emballages.com\/it\/produit\/astuccio-3-bottiglie-cartone-con-maniglia-27-9-x-38-cm\/#breadcrumb"},"inLanguage":"it-IT","potentialAction":[{"@type":"ReadAction","target":["https:\/\/www.csj-emballages.com\/it\/produit\/astuccio-3-bottiglie-cartone-con-maniglia-27-9-x-38-cm\/"]}]},{"@type":"ImageObject","inLanguage":"it-IT","@id":"https:\/\/www.csj-emballages.com\/it\/produit\/astuccio-3-bottiglie-cartone-con-maniglia-27-9-x-38-cm\/#primaryimage","url":"https:\/\/www.csj-emballages.com\/wp-content\/uploads\/2024\/03\/SB3C.webp","contentUrl":"https:\/\/www.csj-emballages.com\/wp-content\/uploads\/2024\/03\/SB3C.webp","width":800,"height":800,"caption":"\u00c9tui 3 bouteilles"},{"@type":"BreadcrumbList","@id":"https:\/\/www.csj-emballages.com\/it\/produit\/astuccio-3-bottiglie-cartone-con-maniglia-27-9-x-38-cm\/#breadcrumb","itemListElement":[{"@type":"ListItem","position":1,"name":"Home","item":"https:\/\/www.csj-emballages.com\/it\/universo-imballaggi-alimentari\/"},{"@type":"ListItem","position":2,"name":"Negozio","item":"https:\/\/www.csj-emballages.com\/it\/negozio\/"},{"@type":"ListItem","position":3,"name":"Astuccio 3 bottiglie cartone con maniglia 27 + 9 x 38 cm"}]},{"@type":"WebSite","@id":"https:\/\/www.csj-emballages.com\/it\/#website","url":"https:\/\/www.csj-emballages.com\/it\/","name":"CSJ Emballages","description":"","publisher":{"@id":"https:\/\/www.csj-emballages.com\/it\/#organization"},"potentialAction":[{"@type":"SearchAction","target":{"@type":"EntryPoint","urlTemplate":"https:\/\/www.csj-emballages.com\/it\/?s={search_term_string}"},"query-input":{"@type":"PropertyValueSpecification","valueRequired":true,"valueName":"search_term_string"}}],"inLanguage":"it-IT"},{"@type":"Organization","@id":"https:\/\/www.csj-emballages.com\/it\/#Organization\/","name":"CSJ Emballages","url":"https:\/\/www.csj-emballages.com\/it\/","logo":{"@type":"ImageObject","inLanguage":"it-IT","@id":"https:\/\/www.csj-emballages.com\/it\/#\/schema\/logo\/image\/","url":"https:\/\/www.csj-emballages.com\/wp-content\/uploads\/2023\/10\/logo_csj.webp","contentUrl":"https:\/\/www.csj-emballages.com\/wp-content\/uploads\/2023\/10\/logo_csj.webp","width":250,"height":95,"caption":"CSJ Emballages"},"image":{"@id":"https:\/\/www.csj-emballages.com\/it\/#\/schema\/logo\/image\/"},"sameAs":["https:\/\/www.facebook.com\/csjemballages"],"address":{"@type":"PostalAddress","streetAddress":"ZI La Lechere","addressLocality":"Patornay","postalCode":"39130","addressCountry":"FR"},"contactPoint":[{"@type":"ContactPoint","contactType":"Service client","telephone":"0384254272","email":"contact@csj-emballages.com"}]}]}},"df_price":2.94,"df_sale_price":"","df_regular_price":2.94,"df_image_link":"https:\/\/www.csj-emballages.com\/wp-content\/uploads\/2024\/03\/SB3C-300x300.webp","tiered_pricing_type":"fixed","tiered_pricing_fixed_rules":[],"tiered_pricing_percentage_rules":[],"tiered_pricing_minimum":1,"tiered_pricing_roles_data":[],"_links":{"self":[{"href":"https:\/\/www.csj-emballages.com\/it\/wp-json\/wp\/v2\/product\/269944","targetHints":{"allow":["GET"]}}],"collection":[{"href":"https:\/\/www.csj-emballages.com\/it\/wp-json\/wp\/v2\/product"}],"about":[{"href":"https:\/\/www.csj-emballages.com\/it\/wp-json\/wp\/v2\/types\/product"}],"wp:featuredmedia":[{"embeddable":true,"href":"https:\/\/www.csj-emballages.com\/it\/wp-json\/wp\/v2\/media\/269949"}],"wp:attachment":[{"href":"https:\/\/www.csj-emballages.com\/it\/wp-json\/wp\/v2\/media?parent=269944"}],"wp:term":[{"taxonomy":"product_brand","embeddable":true,"href":"https:\/\/www.csj-emballages.com\/it\/wp-json\/wp\/v2\/product_brand?post=269944"},{"taxonomy":"product_cat","embeddable":true,"href":"https:\/\/www.csj-emballages.com\/it\/wp-json\/wp\/v2\/product_cat?post=269944"},{"taxonomy":"product_tag","embeddable":true,"href":"https:\/\/www.csj-emballages.com\/it\/wp-json\/wp\/v2\/product_tag?post=269944"}],"curies":[{"name":"wp","href":"https:\/\/api.w.org\/{rel}","templated":true}]}}