{"id":269910,"date":"2024-03-01T16:49:00","date_gmt":"2024-03-01T15:49:00","guid":{"rendered":"https:\/\/www.csj-emballages.com\/produit\/tovagliolo-mandarino-2-veli-38-x-38-cm-confezione-da-50\/"},"modified":"2026-04-16T02:16:10","modified_gmt":"2026-04-16T00:16:10","slug":"tovagliolo-mandarino-2-veli-38-x-38-cm-confezione-da-50","status":"publish","type":"product","link":"https:\/\/www.csj-emballages.com\/it\/produit\/tovagliolo-mandarino-2-veli-38-x-38-cm-confezione-da-50\/","title":{"rendered":"Tovagliolo mandarino 2 veli 38 x 38 cm confezione da 50"},"content":{"rendered":"<h2>Tovagliolo mandarino<\/h2>\n<hr>\n<h3><span style=\"font-weight: bold;\">Scopri i nostri tovaglioli mandarino 2 veli 38 x 38 cm confezione da 50<\/span><\/h3>\n<p><!--more--><\/p>\n<div class=\"flex max-w-full flex-col flex-grow\">\n<div class=\"min-h-8 text-message flex w-full flex-col items-end gap-2 whitespace-normal break-words text-start [.text-message+&amp;]:mt-5\" dir=\"auto\" data-message-author-role=\"assistant\" data-message-id=\"9b149096-222c-4804-b25c-623d8d364029\" data-message-model-slug=\"gpt-4o-mini\">\n<div class=\"flex w-full flex-col gap-1 empty:hidden first:pt-[3px]\">\n<div class=\"markdown prose w-full break-words dark:prose-invert dark\">\n<p data-start=\"119\" data-end=\"629\">Porta un tocco di eleganza e calore alle tue tavole con il <strong data-start=\"185\" data-end=\"233\">tovagliolo mandarino 2 veli 38 x 38 cm confezione da 50<\/strong>. Pensato per i professionisti della ristorazione ma anche per i privati pi\u00f9 esigenti, questo tovagliolo di carta di qualit\u00e0 combina praticit\u00e0, comfort ed estetica. Il suo colore <strong data-start=\"419\" data-end=\"432\">mandarino<\/strong>, vivace e caloroso, \u00e8 ideale per ravvivare una decorazione da tavola e creare un&#8217;atmosfera conviviale, che si tratti di un pranzo in famiglia, un matrimonio, un cocktail o un evento festivo.  <\/p>\n<p data-start=\"631\" data-end=\"952\">Grazie al suo formato <strong data-start=\"650\" data-end=\"664\">38 x 38 cm<\/strong>, offre una superficie generosa, perfettamente adatta sia per un uso a pranzo che a cena. La sua concezione a <strong data-start=\"788\" data-end=\"798\">2 veli<\/strong> garantisce una migliore resistenza e una buona capacit\u00e0 di assorbimento, pur rimanendo morbido al tatto. <\/p>\n<p data-start=\"954\" data-end=\"1353\">Infatti, confezionato in <strong data-start=\"971\" data-end=\"984\">confezioni da 50<\/strong>, questo <strong>tovagliolo<\/strong> \u00e8 una soluzione pratica per disporre di una scorta adatta alle esigenze di ristoratori, catering, organizzatori di eventi o anche di privati che desiderano ricevere i propri ospiti con cura. Si dispone facilmente, sia in modo classico che con piegature pi\u00f9 originali. <\/p>\n<p data-start=\"1355\" data-end=\"1631\">Inoltre, versatile, elegante e funzionale, il <strong data-start=\"1398\" data-end=\"1446\">tovagliolo mandarino 2 veli 38 x 38 cm confezione da 50<\/strong> \u00e8 una scelta imprescindibile. In sintesi, riflette l&#8217;attenzione ai dettagli e contribuisce a valorizzare l&#8217;esperienza gustativa e visiva di ogni pasto. <\/p>\n<p data-start=\"1355\" data-end=\"1631\">\n<\/div>\n<\/div>\n<\/div>\n<\/div>\n<p><!--more--><\/p>\n<h4>Vantaggi:<\/h4>\n<ul>\n<li>Colore vivace ed elegante per una decorazione da tavola calorosa.<\/li>\n<li>Formato generoso 38 x 38 cm adatto a tutte le occasioni.<\/li>\n<li><strong data-start=\"1794\" data-end=\"1815\">2 veli resistenti<\/strong>: morbidezza e assorbimento ottimale.<\/li>\n<li><strong data-start=\"1853\" data-end=\"1879\">Confezione da 50<\/strong>: pratico ed economico.<\/li>\n<li>Adatto sia ai professionisti che ai privati<strong data-start=\"1922\" data-end=\"1963\">.<\/strong><\/li>\n<\/ul>\n<p>&nbsp;<\/p>\n<p><!--more--><\/p>\n<h4>Altre informazioni:<\/h4>\n<ul>\n<li><strong>Confezione<\/strong>: Pacco da 50<\/li>\n<li><strong>Colore<\/strong>: Mandarino<\/li>\n<li><strong>Dimensioni<\/strong>: 38 x 38 cm aperto<\/li>\n<li><strong>Materiale<\/strong>: Cellulosa<\/li>\n<\/ul>\n<p>&nbsp;<\/p>\n<p><!--more--><\/p>\n<p><a href=\"https:\/\/www.csj-emballages.com\/it\/categorie-produit\/imballaggi-alimentari\/ristorazione\/tovaglioli-set-da-tavola-tovaglie\/tovaglioli\/tovaglioli-a-2-veli\/\">Consulta il resto della nostra gamma di tovaglioli 2 veli<\/a><\/p>\n","protected":false},"excerpt":{"rendered":"<p>Tovagliolo mandarino Scopri i nostri tovaglioli mandarino 2 veli 38 x 38 cm confezione da 50<\/p>\n","protected":false},"featured_media":269915,"template":"","meta":{"_acf_changed":false},"product_brand":[],"product_cat":[10346,10375,10406,11124,11130],"product_tag":[],"class_list":{"0":"post-269910","1":"product","2":"type-product","3":"status-publish","4":"has-post-thumbnail","6":"product_cat-imballaggi-alimentari","7":"product_cat-ristorazione","8":"product_cat-tovaglioli-set-da-tavola-tovaglie","9":"product_cat-tovaglioli","10":"product_cat-tovaglioli-a-2-veli","12":"first","13":"outofstock","14":"taxable","15":"shipping-taxable","16":"purchasable","17":"product-type-simple"},"acf":[],"yoast_head":"<!-- This site is optimized with the Yoast SEO Premium plugin v26.6 (Yoast SEO v26.6) - https:\/\/yoast.com\/wordpress\/plugins\/seo\/ -->\n<title>Tovagliolo Mandarino 2 Veli 38 x 38 cm confezione da 50<\/title>\n<meta name=\"description\" content=\"Porta eleganza e praticit\u00e0 ai tuoi pasti con il tovagliolo mandarino 2 veli 38 x 38 cm confezione da 50, ideale per tutte le tue tavole festive.\" \/>\n<meta name=\"robots\" content=\"index, follow, max-snippet:-1, max-image-preview:large, max-video-preview:-1\" \/>\n<link rel=\"canonical\" href=\"https:\/\/www.csj-emballages.com\/it\/produit\/tovagliolo-mandarino-2-veli-38-x-38-cm-confezione-da-50\/\" \/>\n<meta property=\"og:locale\" content=\"it_IT\" \/>\n<meta property=\"og:type\" content=\"article\" \/>\n<meta property=\"og:title\" content=\"Tovagliolo mandarino 2 veli 38 x 38 cm confezione da 50\" \/>\n<meta property=\"og:description\" content=\"Porta eleganza e praticit\u00e0 ai tuoi pasti con il tovagliolo mandarino 2 veli 38 x 38 cm confezione da 50, ideale per tutte le tue tavole festive.\" \/>\n<meta property=\"og:url\" content=\"https:\/\/www.csj-emballages.com\/it\/produit\/tovagliolo-mandarino-2-veli-38-x-38-cm-confezione-da-50\/\" \/>\n<meta property=\"og:site_name\" content=\"CSJ Emballages\" \/>\n<meta property=\"article:publisher\" content=\"https:\/\/www.facebook.com\/csjemballages\" \/>\n<meta property=\"article:modified_time\" content=\"2026-04-16T00:16:10+00:00\" \/>\n<meta property=\"og:image\" content=\"https:\/\/www.csj-emballages.com\/wp-content\/uploads\/2024\/03\/SR38M.webp\" \/>\n\t<meta property=\"og:image:width\" content=\"800\" \/>\n\t<meta property=\"og:image:height\" content=\"800\" \/>\n\t<meta property=\"og:image:type\" content=\"image\/webp\" \/>\n<meta name=\"twitter:card\" content=\"summary_large_image\" \/>\n<meta name=\"twitter:label1\" content=\"Dur\u00e9e de lecture estim\u00e9e\" \/>\n\t<meta name=\"twitter:data1\" content=\"1 minuto\" \/>\n<script type=\"application\/ld+json\" class=\"yoast-schema-graph\">{\"@context\":\"https:\/\/schema.org\",\"@graph\":[{\"@type\":\"WebPage\",\"@id\":\"https:\/\/www.csj-emballages.com\/it\/produit\/tovagliolo-mandarino-2-veli-38-x-38-cm-confezione-da-50\/\",\"url\":\"https:\/\/www.csj-emballages.com\/it\/produit\/tovagliolo-mandarino-2-veli-38-x-38-cm-confezione-da-50\/\",\"name\":\"Tovagliolo Mandarino 2 Veli 38 x 38 cm confezione da 50\",\"isPartOf\":{\"@id\":\"https:\/\/www.csj-emballages.com\/it\/#website\"},\"primaryImageOfPage\":{\"@id\":\"https:\/\/www.csj-emballages.com\/it\/produit\/tovagliolo-mandarino-2-veli-38-x-38-cm-confezione-da-50\/#primaryimage\"},\"image\":{\"@id\":\"https:\/\/www.csj-emballages.com\/it\/produit\/tovagliolo-mandarino-2-veli-38-x-38-cm-confezione-da-50\/#primaryimage\"},\"thumbnailUrl\":\"https:\/\/www.csj-emballages.com\/wp-content\/uploads\/2024\/03\/SR38M.webp\",\"datePublished\":\"2024-03-01T15:49:00+00:00\",\"dateModified\":\"2026-04-16T00:16:10+00:00\",\"description\":\"Porta eleganza e praticit\u00e0 ai tuoi pasti con il tovagliolo mandarino 2 veli 38 x 38 cm confezione da 50, ideale per tutte le tue tavole festive.\",\"breadcrumb\":{\"@id\":\"https:\/\/www.csj-emballages.com\/it\/produit\/tovagliolo-mandarino-2-veli-38-x-38-cm-confezione-da-50\/#breadcrumb\"},\"inLanguage\":\"it-IT\",\"potentialAction\":[{\"@type\":\"ReadAction\",\"target\":[\"https:\/\/www.csj-emballages.com\/it\/produit\/tovagliolo-mandarino-2-veli-38-x-38-cm-confezione-da-50\/\"]}]},{\"@type\":\"ImageObject\",\"inLanguage\":\"it-IT\",\"@id\":\"https:\/\/www.csj-emballages.com\/it\/produit\/tovagliolo-mandarino-2-veli-38-x-38-cm-confezione-da-50\/#primaryimage\",\"url\":\"https:\/\/www.csj-emballages.com\/wp-content\/uploads\/2024\/03\/SR38M.webp\",\"contentUrl\":\"https:\/\/www.csj-emballages.com\/wp-content\/uploads\/2024\/03\/SR38M.webp\",\"width\":800,\"height\":800,\"caption\":\"Serviette mandarine\"},{\"@type\":\"BreadcrumbList\",\"@id\":\"https:\/\/www.csj-emballages.com\/it\/produit\/tovagliolo-mandarino-2-veli-38-x-38-cm-confezione-da-50\/#breadcrumb\",\"itemListElement\":[{\"@type\":\"ListItem\",\"position\":1,\"name\":\"Home\",\"item\":\"https:\/\/www.csj-emballages.com\/it\/universo-imballaggi-alimentari\/\"},{\"@type\":\"ListItem\",\"position\":2,\"name\":\"Negozio\",\"item\":\"https:\/\/www.csj-emballages.com\/it\/negozio\/\"},{\"@type\":\"ListItem\",\"position\":3,\"name\":\"Tovagliolo mandarino 2 veli 38 x 38 cm confezione da 50\"}]},{\"@type\":\"WebSite\",\"@id\":\"https:\/\/www.csj-emballages.com\/it\/#website\",\"url\":\"https:\/\/www.csj-emballages.com\/it\/\",\"name\":\"CSJ Emballages\",\"description\":\"\",\"publisher\":{\"@id\":\"https:\/\/www.csj-emballages.com\/it\/#organization\"},\"potentialAction\":[{\"@type\":\"SearchAction\",\"target\":{\"@type\":\"EntryPoint\",\"urlTemplate\":\"https:\/\/www.csj-emballages.com\/it\/?s={search_term_string}\"},\"query-input\":{\"@type\":\"PropertyValueSpecification\",\"valueRequired\":true,\"valueName\":\"search_term_string\"}}],\"inLanguage\":\"it-IT\"},{\"@type\":\"Organization\",\"@id\":\"https:\/\/www.csj-emballages.com\/it\/#Organization\/\",\"name\":\"CSJ Emballages\",\"url\":\"https:\/\/www.csj-emballages.com\/it\/\",\"logo\":{\"@type\":\"ImageObject\",\"inLanguage\":\"it-IT\",\"@id\":\"https:\/\/www.csj-emballages.com\/it\/#\/schema\/logo\/image\/\",\"url\":\"https:\/\/www.csj-emballages.com\/wp-content\/uploads\/2023\/10\/logo_csj.webp\",\"contentUrl\":\"https:\/\/www.csj-emballages.com\/wp-content\/uploads\/2023\/10\/logo_csj.webp\",\"width\":250,\"height\":95,\"caption\":\"CSJ Emballages\"},\"image\":{\"@id\":\"https:\/\/www.csj-emballages.com\/it\/#\/schema\/logo\/image\/\"},\"sameAs\":[\"https:\/\/www.facebook.com\/csjemballages\"],\"address\":{\"@type\":\"PostalAddress\",\"streetAddress\":\"ZI La Lechere\",\"addressLocality\":\"Patornay\",\"postalCode\":\"39130\",\"addressCountry\":\"FR\"},\"contactPoint\":[{\"@type\":\"ContactPoint\",\"contactType\":\"Service client\",\"telephone\":\"0384254272\",\"email\":\"contact@csj-emballages.com\"}]}]}<\/script>\n<!-- \/ Yoast SEO Premium plugin. -->","yoast_head_json":{"title":"Tovagliolo Mandarino 2 Veli 38 x 38 cm confezione da 50","description":"Porta eleganza e praticit\u00e0 ai tuoi pasti con il tovagliolo mandarino 2 veli 38 x 38 cm confezione da 50, ideale per tutte le tue tavole festive.","robots":{"index":"index","follow":"follow","max-snippet":"max-snippet:-1","max-image-preview":"max-image-preview:large","max-video-preview":"max-video-preview:-1"},"canonical":"https:\/\/www.csj-emballages.com\/it\/produit\/tovagliolo-mandarino-2-veli-38-x-38-cm-confezione-da-50\/","og_locale":"it_IT","og_type":"article","og_title":"Tovagliolo mandarino 2 veli 38 x 38 cm confezione da 50","og_description":"Porta eleganza e praticit\u00e0 ai tuoi pasti con il tovagliolo mandarino 2 veli 38 x 38 cm confezione da 50, ideale per tutte le tue tavole festive.","og_url":"https:\/\/www.csj-emballages.com\/it\/produit\/tovagliolo-mandarino-2-veli-38-x-38-cm-confezione-da-50\/","og_site_name":"CSJ Emballages","article_publisher":"https:\/\/www.facebook.com\/csjemballages","article_modified_time":"2026-04-16T00:16:10+00:00","og_image":[{"width":800,"height":800,"url":"https:\/\/www.csj-emballages.com\/wp-content\/uploads\/2024\/03\/SR38M.webp","type":"image\/webp"}],"twitter_card":"summary_large_image","twitter_misc":{"Dur\u00e9e de lecture estim\u00e9e":"1 minuto"},"schema":{"@context":"https:\/\/schema.org","@graph":[{"@type":"WebPage","@id":"https:\/\/www.csj-emballages.com\/it\/produit\/tovagliolo-mandarino-2-veli-38-x-38-cm-confezione-da-50\/","url":"https:\/\/www.csj-emballages.com\/it\/produit\/tovagliolo-mandarino-2-veli-38-x-38-cm-confezione-da-50\/","name":"Tovagliolo Mandarino 2 Veli 38 x 38 cm confezione da 50","isPartOf":{"@id":"https:\/\/www.csj-emballages.com\/it\/#website"},"primaryImageOfPage":{"@id":"https:\/\/www.csj-emballages.com\/it\/produit\/tovagliolo-mandarino-2-veli-38-x-38-cm-confezione-da-50\/#primaryimage"},"image":{"@id":"https:\/\/www.csj-emballages.com\/it\/produit\/tovagliolo-mandarino-2-veli-38-x-38-cm-confezione-da-50\/#primaryimage"},"thumbnailUrl":"https:\/\/www.csj-emballages.com\/wp-content\/uploads\/2024\/03\/SR38M.webp","datePublished":"2024-03-01T15:49:00+00:00","dateModified":"2026-04-16T00:16:10+00:00","description":"Porta eleganza e praticit\u00e0 ai tuoi pasti con il tovagliolo mandarino 2 veli 38 x 38 cm confezione da 50, ideale per tutte le tue tavole festive.","breadcrumb":{"@id":"https:\/\/www.csj-emballages.com\/it\/produit\/tovagliolo-mandarino-2-veli-38-x-38-cm-confezione-da-50\/#breadcrumb"},"inLanguage":"it-IT","potentialAction":[{"@type":"ReadAction","target":["https:\/\/www.csj-emballages.com\/it\/produit\/tovagliolo-mandarino-2-veli-38-x-38-cm-confezione-da-50\/"]}]},{"@type":"ImageObject","inLanguage":"it-IT","@id":"https:\/\/www.csj-emballages.com\/it\/produit\/tovagliolo-mandarino-2-veli-38-x-38-cm-confezione-da-50\/#primaryimage","url":"https:\/\/www.csj-emballages.com\/wp-content\/uploads\/2024\/03\/SR38M.webp","contentUrl":"https:\/\/www.csj-emballages.com\/wp-content\/uploads\/2024\/03\/SR38M.webp","width":800,"height":800,"caption":"Serviette mandarine"},{"@type":"BreadcrumbList","@id":"https:\/\/www.csj-emballages.com\/it\/produit\/tovagliolo-mandarino-2-veli-38-x-38-cm-confezione-da-50\/#breadcrumb","itemListElement":[{"@type":"ListItem","position":1,"name":"Home","item":"https:\/\/www.csj-emballages.com\/it\/universo-imballaggi-alimentari\/"},{"@type":"ListItem","position":2,"name":"Negozio","item":"https:\/\/www.csj-emballages.com\/it\/negozio\/"},{"@type":"ListItem","position":3,"name":"Tovagliolo mandarino 2 veli 38 x 38 cm confezione da 50"}]},{"@type":"WebSite","@id":"https:\/\/www.csj-emballages.com\/it\/#website","url":"https:\/\/www.csj-emballages.com\/it\/","name":"CSJ Emballages","description":"","publisher":{"@id":"https:\/\/www.csj-emballages.com\/it\/#organization"},"potentialAction":[{"@type":"SearchAction","target":{"@type":"EntryPoint","urlTemplate":"https:\/\/www.csj-emballages.com\/it\/?s={search_term_string}"},"query-input":{"@type":"PropertyValueSpecification","valueRequired":true,"valueName":"search_term_string"}}],"inLanguage":"it-IT"},{"@type":"Organization","@id":"https:\/\/www.csj-emballages.com\/it\/#Organization\/","name":"CSJ Emballages","url":"https:\/\/www.csj-emballages.com\/it\/","logo":{"@type":"ImageObject","inLanguage":"it-IT","@id":"https:\/\/www.csj-emballages.com\/it\/#\/schema\/logo\/image\/","url":"https:\/\/www.csj-emballages.com\/wp-content\/uploads\/2023\/10\/logo_csj.webp","contentUrl":"https:\/\/www.csj-emballages.com\/wp-content\/uploads\/2023\/10\/logo_csj.webp","width":250,"height":95,"caption":"CSJ Emballages"},"image":{"@id":"https:\/\/www.csj-emballages.com\/it\/#\/schema\/logo\/image\/"},"sameAs":["https:\/\/www.facebook.com\/csjemballages"],"address":{"@type":"PostalAddress","streetAddress":"ZI La Lechere","addressLocality":"Patornay","postalCode":"39130","addressCountry":"FR"},"contactPoint":[{"@type":"ContactPoint","contactType":"Service client","telephone":"0384254272","email":"contact@csj-emballages.com"}]}]}},"df_price":2.27,"df_sale_price":"","df_regular_price":2.27,"df_image_link":"https:\/\/www.csj-emballages.com\/wp-content\/uploads\/2024\/03\/SR38M-300x300.webp","tiered_pricing_type":"fixed","tiered_pricing_fixed_rules":[],"tiered_pricing_percentage_rules":[],"tiered_pricing_minimum":1,"tiered_pricing_roles_data":[],"_links":{"self":[{"href":"https:\/\/www.csj-emballages.com\/it\/wp-json\/wp\/v2\/product\/269910","targetHints":{"allow":["GET"]}}],"collection":[{"href":"https:\/\/www.csj-emballages.com\/it\/wp-json\/wp\/v2\/product"}],"about":[{"href":"https:\/\/www.csj-emballages.com\/it\/wp-json\/wp\/v2\/types\/product"}],"wp:featuredmedia":[{"embeddable":true,"href":"https:\/\/www.csj-emballages.com\/it\/wp-json\/wp\/v2\/media\/269915"}],"wp:attachment":[{"href":"https:\/\/www.csj-emballages.com\/it\/wp-json\/wp\/v2\/media?parent=269910"}],"wp:term":[{"taxonomy":"product_brand","embeddable":true,"href":"https:\/\/www.csj-emballages.com\/it\/wp-json\/wp\/v2\/product_brand?post=269910"},{"taxonomy":"product_cat","embeddable":true,"href":"https:\/\/www.csj-emballages.com\/it\/wp-json\/wp\/v2\/product_cat?post=269910"},{"taxonomy":"product_tag","embeddable":true,"href":"https:\/\/www.csj-emballages.com\/it\/wp-json\/wp\/v2\/product_tag?post=269910"}],"curies":[{"name":"wp","href":"https:\/\/api.w.org\/{rel}","templated":true}]}}