{"id":269878,"date":"2024-03-01T16:47:38","date_gmt":"2024-03-01T15:47:38","guid":{"rendered":"https:\/\/www.csj-emballages.com\/produit\/vasetto-per-salsa-in-plastica-60-ml-confezione-da-100\/"},"modified":"2026-04-17T02:17:10","modified_gmt":"2026-04-17T00:17:10","slug":"vasetto-per-salsa-in-plastica-60-ml-confezione-da-100","status":"publish","type":"product","link":"https:\/\/www.csj-emballages.com\/it\/produit\/vasetto-per-salsa-in-plastica-60-ml-confezione-da-100\/","title":{"rendered":"Vasetto per salsa in plastica 60 ml, confezione da 100"},"content":{"rendered":"<h2>Vasetto per salsa<\/h2>\n<hr>\n<h3>Descrizione del nostro vasetto per condimenti in plastica 60 ml, confezione da 100<\/h3>\n<p><!--more--><\/p>\n<p data-start=\"268\" data-end=\"610\">Semplice, pratico e sempre utile, il <strong data-start=\"307\" data-end=\"338\">vasetto per salsa in plastica da 60 ml<\/strong> \u00e8 un must-have per l&#8217;asporto. Permette di offrire una <strong>porzione di salsa ben dosata<\/strong>, senza esagerare n\u00e9 lesinare. Che sia per accompagnare patatine fritte, nuggets, insalate o wraps, si adatta facilmente a tutti gli usi quotidiani.  <\/p>\n<p data-start=\"612\" data-end=\"945\">Grazie al suo formato compatto, si infila senza problemi in una borsa o in una vaschetta, senza occupare spazio. Il suo <span style=\"color: #d12727;\"><a style=\"color: #d12727;\" href=\"https:\/\/www.csj-emballages.com\/it\/produit\/coperchio-in-plastica-per-vasetto-salsa-t200-da-100-pezzi\/\"><strong>coperchio a clip<\/strong><\/a><\/span> si chiude correttamente, evitando perdite durante il trasporto. Risultato: i tuoi clienti ricevono le salse pulite, intatte e pronte per essere gustate, anche dopo diversi minuti di viaggio.  <\/p>\n<p data-start=\"947\" data-end=\"1296\">La <strong>plastica trasparente<\/strong> \u00e8 un vero vantaggio. Permette di identificare rapidamente il contenuto, sia in cucina che per il cliente. Guadagni tempo nella preparazione degli ordini e limiti gli errori. Allo stesso modo, il <strong>vasetto per salsa<\/strong> \u00e8 sufficientemente rigido per essere maneggiato facilmente, senza deformarsi quando lo riempi o lo chiudi.   <\/p>\n<p data-start=\"1298\" data-end=\"1578\">Venduto <strong data-start=\"1304\" data-end=\"1322\">in confezioni da 100<\/strong>, questo formato \u00e8 ideale per ristoranti, snack bar, food truck o servizi di consegna che cercano una soluzione affidabile ed economica. \u00c8 adatto sia per salse fredde che per preparazioni pi\u00f9 dense come creme o condimenti fatti in casa. <\/p>\n<p data-start=\"1580\" data-end=\"1764\">In sintesi, questo <strong>vasetto per salsa<\/strong> fa esattamente ci\u00f2 che ci si aspetta da lui: semplifica il servizio, garantisce la sicurezza del trasporto e migliora l&#8217;esperienza del cliente, senza aggiungere inutili complicazioni.<\/p>\n<p>&nbsp;<\/p>\n<p><!--more--><\/p>\n<p><strong><span style=\"color: #ff0000;\">*Attenzione: il coperchio \u00e8 venduto separatamente. (Vedi link qui sotto) <\/span><\/strong><\/p>\n<p>&nbsp;<\/p>\n<p><!--more--><\/p>\n<h4>Vantaggi:<\/h4>\n<ul>\n<li data-start=\"1792\" data-end=\"1846\">Capacit\u00e0 ideale di <strong>60 ml<\/strong> per salse e condimenti<\/li>\n<li data-start=\"1849\" data-end=\"1895\"><strong>Coperchio a clip<\/strong> per un trasporto pulito<\/li>\n<li data-start=\"1898\" data-end=\"1952\">Plastica trasparente per un&#8217;identificazione rapida<\/li>\n<li data-start=\"1955\" data-end=\"1985\">Facile da riempire e chiudere<\/li>\n<li data-start=\"1988\" data-end=\"2037\">Confezione da <strong>100<\/strong> pratica per uso professionale.<\/li>\n<\/ul>\n<p>&nbsp;<\/p>\n<p><!--more--><\/p>\n<h4>Altre informazioni:<\/h4>\n<ul>\n<li><strong>Diametro<\/strong>: \u00d862 mm<\/li>\n<li><strong>Altezza<\/strong>: 30 mm<\/li>\n<li><strong>Volume<\/strong>: 60 ml<\/li>\n<li><strong>Confezionamento<\/strong>: Pacchetto da 100<\/li>\n<li><strong>Materiale<\/strong>: PET<\/li>\n<\/ul>\n<p>&nbsp;<\/p>\n<p><!--more--><\/p>\n<p><span style=\"color: #d12727;\"><a style=\"color: #d12727;\" href=\"https:\/\/www.csj-emballages.com\/it\/produit\/coperchio-in-plastica-per-vasetto-salsa-t200-da-100-pezzi\/\">Trova qui il coperchio venduto separatamente <\/a><\/span><\/p>\n<p>&nbsp;<\/p>\n<p><!--more--><\/p>\n<p><a href=\"https:\/\/www.csj-emballages.com\/it\/categorie-produit\/imballaggi-alimentari\/ristorazione\/vasetti-ciotole-portabicchieri\/vaschette-per-salse\/\">Consulta il resto della nostra gamma di vasetti per salse<\/a><\/p>\n","protected":false},"excerpt":{"rendered":"<p>Vasetto per salsa Descrizione del nostro vasetto per condimenti in plastica 60 ml, confezione da 100<\/p>\n","protected":false},"featured_media":269881,"template":"","meta":{"_acf_changed":false},"product_brand":[],"product_cat":[10375,11127],"product_tag":[],"class_list":{"0":"post-269878","1":"product","2":"type-product","3":"status-publish","4":"has-post-thumbnail","6":"product_cat-ristorazione","7":"product_cat-vaschette-per-salse","9":"first","10":"instock","11":"taxable","12":"shipping-taxable","13":"purchasable","14":"product-type-simple"},"acf":[],"yoast_head":"<!-- This site is optimized with the Yoast SEO Premium plugin v26.6 (Yoast SEO v26.6) - https:\/\/yoast.com\/wordpress\/plugins\/seo\/ -->\n<title>Vasetto per Salsa in Plastica - 60 ml<\/title>\n<meta name=\"description\" content=\"Vasetto per salsa in plastica 60 ml con coperchio, venduto in confezione da 100. Pratico, ermetico e trasparente, ideale per l&#039;asporto e la consegna\" \/>\n<meta name=\"robots\" content=\"index, follow, max-snippet:-1, max-image-preview:large, max-video-preview:-1\" \/>\n<link rel=\"canonical\" href=\"https:\/\/www.csj-emballages.com\/it\/produit\/vasetto-per-salsa-in-plastica-60-ml-confezione-da-100\/\" \/>\n<meta property=\"og:locale\" content=\"it_IT\" \/>\n<meta property=\"og:type\" content=\"article\" \/>\n<meta property=\"og:title\" content=\"Vasetto per salsa in plastica 60 ml, confezione da 100\" \/>\n<meta property=\"og:description\" content=\"Vasetto per salsa in plastica 60 ml con coperchio, venduto in confezione da 100. Pratico, ermetico e trasparente, ideale per l&#039;asporto e la consegna\" \/>\n<meta property=\"og:url\" content=\"https:\/\/www.csj-emballages.com\/it\/produit\/vasetto-per-salsa-in-plastica-60-ml-confezione-da-100\/\" \/>\n<meta property=\"og:site_name\" content=\"CSJ Emballages\" \/>\n<meta property=\"article:publisher\" content=\"https:\/\/www.facebook.com\/csjemballages\" \/>\n<meta property=\"article:modified_time\" content=\"2026-04-17T00:17:10+00:00\" \/>\n<meta property=\"og:image\" content=\"https:\/\/www.csj-emballages.com\/wp-content\/uploads\/2024\/03\/T200.webp\" \/>\n\t<meta property=\"og:image:width\" content=\"801\" \/>\n\t<meta property=\"og:image:height\" content=\"801\" \/>\n\t<meta property=\"og:image:type\" content=\"image\/webp\" \/>\n<meta name=\"twitter:card\" content=\"summary_large_image\" \/>\n<meta name=\"twitter:label1\" content=\"Dur\u00e9e de lecture estim\u00e9e\" \/>\n\t<meta name=\"twitter:data1\" content=\"2 minuti\" \/>\n<script type=\"application\/ld+json\" class=\"yoast-schema-graph\">{\"@context\":\"https:\/\/schema.org\",\"@graph\":[{\"@type\":\"WebPage\",\"@id\":\"https:\/\/www.csj-emballages.com\/it\/produit\/vasetto-per-salsa-in-plastica-60-ml-confezione-da-100\/\",\"url\":\"https:\/\/www.csj-emballages.com\/it\/produit\/vasetto-per-salsa-in-plastica-60-ml-confezione-da-100\/\",\"name\":\"Vasetto per Salsa in Plastica - 60 ml\",\"isPartOf\":{\"@id\":\"https:\/\/www.csj-emballages.com\/it\/#website\"},\"primaryImageOfPage\":{\"@id\":\"https:\/\/www.csj-emballages.com\/it\/produit\/vasetto-per-salsa-in-plastica-60-ml-confezione-da-100\/#primaryimage\"},\"image\":{\"@id\":\"https:\/\/www.csj-emballages.com\/it\/produit\/vasetto-per-salsa-in-plastica-60-ml-confezione-da-100\/#primaryimage\"},\"thumbnailUrl\":\"https:\/\/www.csj-emballages.com\/wp-content\/uploads\/2024\/03\/T200.webp\",\"datePublished\":\"2024-03-01T15:47:38+00:00\",\"dateModified\":\"2026-04-17T00:17:10+00:00\",\"description\":\"Vasetto per salsa in plastica 60 ml con coperchio, venduto in confezione da 100. Pratico, ermetico e trasparente, ideale per l'asporto e la consegna\",\"breadcrumb\":{\"@id\":\"https:\/\/www.csj-emballages.com\/it\/produit\/vasetto-per-salsa-in-plastica-60-ml-confezione-da-100\/#breadcrumb\"},\"inLanguage\":\"it-IT\",\"potentialAction\":[{\"@type\":\"ReadAction\",\"target\":[\"https:\/\/www.csj-emballages.com\/it\/produit\/vasetto-per-salsa-in-plastica-60-ml-confezione-da-100\/\"]}]},{\"@type\":\"ImageObject\",\"inLanguage\":\"it-IT\",\"@id\":\"https:\/\/www.csj-emballages.com\/it\/produit\/vasetto-per-salsa-in-plastica-60-ml-confezione-da-100\/#primaryimage\",\"url\":\"https:\/\/www.csj-emballages.com\/wp-content\/uploads\/2024\/03\/T200.webp\",\"contentUrl\":\"https:\/\/www.csj-emballages.com\/wp-content\/uploads\/2024\/03\/T200.webp\",\"width\":801,\"height\":801,\"caption\":\"Pot a sauce\"},{\"@type\":\"BreadcrumbList\",\"@id\":\"https:\/\/www.csj-emballages.com\/it\/produit\/vasetto-per-salsa-in-plastica-60-ml-confezione-da-100\/#breadcrumb\",\"itemListElement\":[{\"@type\":\"ListItem\",\"position\":1,\"name\":\"Home\",\"item\":\"https:\/\/www.csj-emballages.com\/it\/universo-imballaggi-alimentari\/\"},{\"@type\":\"ListItem\",\"position\":2,\"name\":\"Negozio\",\"item\":\"https:\/\/www.csj-emballages.com\/it\/negozio\/\"},{\"@type\":\"ListItem\",\"position\":3,\"name\":\"Vasetto per salsa in plastica 60 ml, confezione da 100\"}]},{\"@type\":\"WebSite\",\"@id\":\"https:\/\/www.csj-emballages.com\/it\/#website\",\"url\":\"https:\/\/www.csj-emballages.com\/it\/\",\"name\":\"CSJ Emballages\",\"description\":\"\",\"publisher\":{\"@id\":\"https:\/\/www.csj-emballages.com\/it\/#organization\"},\"potentialAction\":[{\"@type\":\"SearchAction\",\"target\":{\"@type\":\"EntryPoint\",\"urlTemplate\":\"https:\/\/www.csj-emballages.com\/it\/?s={search_term_string}\"},\"query-input\":{\"@type\":\"PropertyValueSpecification\",\"valueRequired\":true,\"valueName\":\"search_term_string\"}}],\"inLanguage\":\"it-IT\"},{\"@type\":\"Organization\",\"@id\":\"https:\/\/www.csj-emballages.com\/it\/#Organization\/\",\"name\":\"CSJ Emballages\",\"url\":\"https:\/\/www.csj-emballages.com\/it\/\",\"logo\":{\"@type\":\"ImageObject\",\"inLanguage\":\"it-IT\",\"@id\":\"https:\/\/www.csj-emballages.com\/it\/#\/schema\/logo\/image\/\",\"url\":\"https:\/\/www.csj-emballages.com\/wp-content\/uploads\/2023\/10\/logo_csj.webp\",\"contentUrl\":\"https:\/\/www.csj-emballages.com\/wp-content\/uploads\/2023\/10\/logo_csj.webp\",\"width\":250,\"height\":95,\"caption\":\"CSJ Emballages\"},\"image\":{\"@id\":\"https:\/\/www.csj-emballages.com\/it\/#\/schema\/logo\/image\/\"},\"sameAs\":[\"https:\/\/www.facebook.com\/csjemballages\"],\"address\":{\"@type\":\"PostalAddress\",\"streetAddress\":\"ZI La Lechere\",\"addressLocality\":\"Patornay\",\"postalCode\":\"39130\",\"addressCountry\":\"FR\"},\"contactPoint\":[{\"@type\":\"ContactPoint\",\"contactType\":\"Service client\",\"telephone\":\"0384254272\",\"email\":\"contact@csj-emballages.com\"}]}]}<\/script>\n<!-- \/ Yoast SEO Premium plugin. -->","yoast_head_json":{"title":"Vasetto per Salsa in Plastica - 60 ml","description":"Vasetto per salsa in plastica 60 ml con coperchio, venduto in confezione da 100. Pratico, ermetico e trasparente, ideale per l'asporto e la consegna","robots":{"index":"index","follow":"follow","max-snippet":"max-snippet:-1","max-image-preview":"max-image-preview:large","max-video-preview":"max-video-preview:-1"},"canonical":"https:\/\/www.csj-emballages.com\/it\/produit\/vasetto-per-salsa-in-plastica-60-ml-confezione-da-100\/","og_locale":"it_IT","og_type":"article","og_title":"Vasetto per salsa in plastica 60 ml, confezione da 100","og_description":"Vasetto per salsa in plastica 60 ml con coperchio, venduto in confezione da 100. Pratico, ermetico e trasparente, ideale per l'asporto e la consegna","og_url":"https:\/\/www.csj-emballages.com\/it\/produit\/vasetto-per-salsa-in-plastica-60-ml-confezione-da-100\/","og_site_name":"CSJ Emballages","article_publisher":"https:\/\/www.facebook.com\/csjemballages","article_modified_time":"2026-04-17T00:17:10+00:00","og_image":[{"width":801,"height":801,"url":"https:\/\/www.csj-emballages.com\/wp-content\/uploads\/2024\/03\/T200.webp","type":"image\/webp"}],"twitter_card":"summary_large_image","twitter_misc":{"Dur\u00e9e de lecture estim\u00e9e":"2 minuti"},"schema":{"@context":"https:\/\/schema.org","@graph":[{"@type":"WebPage","@id":"https:\/\/www.csj-emballages.com\/it\/produit\/vasetto-per-salsa-in-plastica-60-ml-confezione-da-100\/","url":"https:\/\/www.csj-emballages.com\/it\/produit\/vasetto-per-salsa-in-plastica-60-ml-confezione-da-100\/","name":"Vasetto per Salsa in Plastica - 60 ml","isPartOf":{"@id":"https:\/\/www.csj-emballages.com\/it\/#website"},"primaryImageOfPage":{"@id":"https:\/\/www.csj-emballages.com\/it\/produit\/vasetto-per-salsa-in-plastica-60-ml-confezione-da-100\/#primaryimage"},"image":{"@id":"https:\/\/www.csj-emballages.com\/it\/produit\/vasetto-per-salsa-in-plastica-60-ml-confezione-da-100\/#primaryimage"},"thumbnailUrl":"https:\/\/www.csj-emballages.com\/wp-content\/uploads\/2024\/03\/T200.webp","datePublished":"2024-03-01T15:47:38+00:00","dateModified":"2026-04-17T00:17:10+00:00","description":"Vasetto per salsa in plastica 60 ml con coperchio, venduto in confezione da 100. Pratico, ermetico e trasparente, ideale per l'asporto e la consegna","breadcrumb":{"@id":"https:\/\/www.csj-emballages.com\/it\/produit\/vasetto-per-salsa-in-plastica-60-ml-confezione-da-100\/#breadcrumb"},"inLanguage":"it-IT","potentialAction":[{"@type":"ReadAction","target":["https:\/\/www.csj-emballages.com\/it\/produit\/vasetto-per-salsa-in-plastica-60-ml-confezione-da-100\/"]}]},{"@type":"ImageObject","inLanguage":"it-IT","@id":"https:\/\/www.csj-emballages.com\/it\/produit\/vasetto-per-salsa-in-plastica-60-ml-confezione-da-100\/#primaryimage","url":"https:\/\/www.csj-emballages.com\/wp-content\/uploads\/2024\/03\/T200.webp","contentUrl":"https:\/\/www.csj-emballages.com\/wp-content\/uploads\/2024\/03\/T200.webp","width":801,"height":801,"caption":"Pot a sauce"},{"@type":"BreadcrumbList","@id":"https:\/\/www.csj-emballages.com\/it\/produit\/vasetto-per-salsa-in-plastica-60-ml-confezione-da-100\/#breadcrumb","itemListElement":[{"@type":"ListItem","position":1,"name":"Home","item":"https:\/\/www.csj-emballages.com\/it\/universo-imballaggi-alimentari\/"},{"@type":"ListItem","position":2,"name":"Negozio","item":"https:\/\/www.csj-emballages.com\/it\/negozio\/"},{"@type":"ListItem","position":3,"name":"Vasetto per salsa in plastica 60 ml, confezione da 100"}]},{"@type":"WebSite","@id":"https:\/\/www.csj-emballages.com\/it\/#website","url":"https:\/\/www.csj-emballages.com\/it\/","name":"CSJ Emballages","description":"","publisher":{"@id":"https:\/\/www.csj-emballages.com\/it\/#organization"},"potentialAction":[{"@type":"SearchAction","target":{"@type":"EntryPoint","urlTemplate":"https:\/\/www.csj-emballages.com\/it\/?s={search_term_string}"},"query-input":{"@type":"PropertyValueSpecification","valueRequired":true,"valueName":"search_term_string"}}],"inLanguage":"it-IT"},{"@type":"Organization","@id":"https:\/\/www.csj-emballages.com\/it\/#Organization\/","name":"CSJ Emballages","url":"https:\/\/www.csj-emballages.com\/it\/","logo":{"@type":"ImageObject","inLanguage":"it-IT","@id":"https:\/\/www.csj-emballages.com\/it\/#\/schema\/logo\/image\/","url":"https:\/\/www.csj-emballages.com\/wp-content\/uploads\/2023\/10\/logo_csj.webp","contentUrl":"https:\/\/www.csj-emballages.com\/wp-content\/uploads\/2023\/10\/logo_csj.webp","width":250,"height":95,"caption":"CSJ Emballages"},"image":{"@id":"https:\/\/www.csj-emballages.com\/it\/#\/schema\/logo\/image\/"},"sameAs":["https:\/\/www.facebook.com\/csjemballages"],"address":{"@type":"PostalAddress","streetAddress":"ZI La Lechere","addressLocality":"Patornay","postalCode":"39130","addressCountry":"FR"},"contactPoint":[{"@type":"ContactPoint","contactType":"Service client","telephone":"0384254272","email":"contact@csj-emballages.com"}]}]}},"df_price":3.26,"df_sale_price":"","df_regular_price":3.26,"df_image_link":"https:\/\/www.csj-emballages.com\/wp-content\/uploads\/2024\/03\/T200-300x300.webp","tiered_pricing_type":"fixed","tiered_pricing_fixed_rules":[],"tiered_pricing_percentage_rules":[],"tiered_pricing_minimum":1,"tiered_pricing_roles_data":[],"_links":{"self":[{"href":"https:\/\/www.csj-emballages.com\/it\/wp-json\/wp\/v2\/product\/269878","targetHints":{"allow":["GET"]}}],"collection":[{"href":"https:\/\/www.csj-emballages.com\/it\/wp-json\/wp\/v2\/product"}],"about":[{"href":"https:\/\/www.csj-emballages.com\/it\/wp-json\/wp\/v2\/types\/product"}],"wp:featuredmedia":[{"embeddable":true,"href":"https:\/\/www.csj-emballages.com\/it\/wp-json\/wp\/v2\/media\/269881"}],"wp:attachment":[{"href":"https:\/\/www.csj-emballages.com\/it\/wp-json\/wp\/v2\/media?parent=269878"}],"wp:term":[{"taxonomy":"product_brand","embeddable":true,"href":"https:\/\/www.csj-emballages.com\/it\/wp-json\/wp\/v2\/product_brand?post=269878"},{"taxonomy":"product_cat","embeddable":true,"href":"https:\/\/www.csj-emballages.com\/it\/wp-json\/wp\/v2\/product_cat?post=269878"},{"taxonomy":"product_tag","embeddable":true,"href":"https:\/\/www.csj-emballages.com\/it\/wp-json\/wp\/v2\/product_tag?post=269878"}],"curies":[{"name":"wp","href":"https:\/\/api.w.org\/{rel}","templated":true}]}}