{"id":269872,"date":"2024-03-01T16:47:38","date_gmt":"2024-03-01T15:47:38","guid":{"rendered":"https:\/\/www.csj-emballages.com\/produit\/sacchetto-natalizio-per-dolci-xmas-gift-100-x-220-mm-confezione-da-100\/"},"modified":"2026-04-03T02:22:21","modified_gmt":"2026-04-03T00:22:21","slug":"sacchetto-natalizio-per-dolci-xmas-gift-100-x-220-mm-confezione-da-100","status":"publish","type":"product","link":"https:\/\/www.csj-emballages.com\/it\/produit\/sacchetto-natalizio-per-dolci-xmas-gift-100-x-220-mm-confezione-da-100\/","title":{"rendered":"Sacchetto natalizio per dolci &#8220;Xmas Gift&#8221; 100 x 220 mm, confezione da 100"},"content":{"rendered":"<div style=\"box-sizing: inherit; font-family: Roboto, sans-serif;\">\n<div style=\"box-sizing: inherit; font-family: Roboto, sans-serif;\">\n<div style=\"box-sizing: inherit; font-family: Roboto, sans-serif;\">\n<div style=\"box-sizing: inherit; font-family: Roboto, sans-serif;\">\n<div style=\"box-sizing: inherit; font-family: Roboto, sans-serif;\">\n<div style=\"box-sizing: inherit; font-family: Roboto, sans-serif;\">\n<div style=\"box-sizing: inherit; font-family: Roboto, sans-serif;\">\n<div style=\"box-sizing: inherit; font-family: Roboto, sans-serif;\">\n<div style=\"box-sizing: inherit; font-family: Roboto, sans-serif;\">\n<div style=\"box-sizing: inherit; font-family: Roboto, sans-serif;\">\n<div style=\"box-sizing: inherit; font-family: Roboto, sans-serif;\">\n<div style=\"box-sizing: inherit; font-family: Roboto, sans-serif;\">\n<div style=\"box-sizing: inherit; font-family: Roboto, sans-serif;\">\n<div class=\"flex flex-grow flex-col max-w-full\">\n<div class=\"min-h-[20px] text-message flex flex-col items-start whitespace-pre-wrap break-words [.text-message+&amp;]:mt-5 juice:w-full juice:items-end overflow-x-auto gap-2\" dir=\"auto\" data-message-author-role=\"assistant\" data-message-id=\"2034782e-88f9-44ef-b4dc-07dd7bf0115f\">\n<div class=\"flex w-full flex-col gap-1 juice:empty:hidden juice:first:pt-[3px]\">\n<div class=\"markdown prose w-full break-words dark:prose-invert light\">\n<div style=\"box-sizing: inherit; font-family: Roboto, sans-serif;\">\n<div style=\"box-sizing: inherit; font-family: Roboto, sans-serif;\">\n<div style=\"box-sizing: inherit; font-family: Roboto, sans-serif;\">\n<div style=\"box-sizing: inherit; font-family: Roboto, sans-serif;\">\n<div style=\"box-sizing: inherit; font-family: Roboto, sans-serif;\">\n<div style=\"box-sizing: inherit; font-family: Roboto, sans-serif;\">\n<div style=\"box-sizing: inherit; font-family: Roboto, sans-serif;\">\n<div style=\"box-sizing: inherit; font-family: Roboto, sans-serif;\">\n<div style=\"box-sizing: inherit; font-family: Roboto, sans-serif;\">\n<div style=\"box-sizing: inherit; font-family: Roboto, sans-serif;\">\n<div style=\"box-sizing: inherit; font-family: Roboto, sans-serif;\">\n<div style=\"box-sizing: inherit; font-family: Roboto, sans-serif;\">\n<div style=\"box-sizing: inherit; font-family: Roboto, sans-serif;\">\n<div style=\"box-sizing: inherit; font-family: Roboto, sans-serif;\">\n<div style=\"box-sizing: inherit; font-family: Roboto, sans-serif;\">\n<div style=\"box-sizing: inherit; font-family: Roboto, sans-serif;\">\n<div style=\"box-sizing: inherit; font-family: Roboto, sans-serif;\">\n<div style=\"box-sizing: inherit; font-family: Roboto, sans-serif;\">\n<div style=\"box-sizing: inherit; font-family: Roboto, sans-serif;\">\n<div class=\"flex flex-grow flex-col max-w-full\">\n<div class=\"min-h-[20px] text-message flex flex-col items-start whitespace-pre-wrap break-words [.text-message+&amp;]:mt-5 juice:w-full juice:items-end overflow-x-auto gap-2\" dir=\"auto\" data-message-author-role=\"assistant\" data-message-id=\"2034782e-88f9-44ef-b4dc-07dd7bf0115f\">\n<div class=\"flex w-full flex-col gap-1 juice:empty:hidden juice:first:pt-[3px]\">\n<div class=\"markdown prose w-full break-words dark:prose-invert light\">\n<div style=\"box-sizing: inherit; font-family: Roboto, sans-serif;\">\n<div style=\"box-sizing: inherit; font-family: Roboto, sans-serif;\">\n<div style=\"box-sizing: inherit; font-family: Roboto, sans-serif;\">\n<div style=\"box-sizing: inherit; font-family: Roboto, sans-serif;\">\n<div style=\"box-sizing: inherit; font-family: Roboto, sans-serif;\">\n<div style=\"box-sizing: inherit; font-family: Roboto, sans-serif;\">\n<h2>Sacchetto natalizio per dolci<\/h2>\n<div style=\"box-sizing: inherit; font-family: Roboto, sans-serif;\">\n<div style=\"box-sizing: inherit; font-family: Roboto, sans-serif;\">\n<div style=\"box-sizing: inherit; font-family: Roboto, sans-serif;\">\n<div style=\"text-align: center;\">\n<div style=\"box-sizing: inherit; font-family: Roboto, sans-serif;\">\n<div style=\"box-sizing: inherit; font-family: Roboto, sans-serif;\">\n<div style=\"box-sizing: inherit; font-family: Roboto, sans-serif;\">\n<div style=\"box-sizing: inherit; font-family: Roboto, sans-serif;\">\n<div style=\"box-sizing: inherit; font-family: Roboto, sans-serif;\">\n<div style=\"box-sizing: inherit; font-family: Roboto, sans-serif; text-align: left;\">\n<hr>\n<h3 style=\"text-align: left;\">Descrizione del nostro sacchetto natalizio per dolci &#8220;Xmas Gift&#8221; 100 x 220 mm, confezione da 100<\/h3>\n<h3 style=\"text-align: left;\"><!--more--><\/h3>\n<\/div>\n<\/div>\n<\/div>\n<\/div>\n<\/div>\n<\/div>\n<\/div>\n<\/div>\n<\/div>\n<\/div>\n<\/div>\n<\/div>\n<\/div>\n<\/div>\n<\/div>\n<\/div>\n<\/div>\n<\/div>\n<\/div>\n<\/div>\n<\/div>\n<\/div>\n<\/div>\n<\/div>\n<\/div>\n<\/div>\n<\/div>\n<\/div>\n<\/div>\n<\/div>\n<\/div>\n<\/div>\n<\/div>\n<div style=\"box-sizing: inherit; font-family: Roboto, sans-serif;\">\n<div style=\"box-sizing: inherit; font-family: Roboto, sans-serif;\">\n<div style=\"box-sizing: inherit; font-family: Roboto, sans-serif;\">\n<div style=\"box-sizing: inherit; font-family: Roboto, sans-serif;\">\n<div style=\"box-sizing: inherit; font-family: Roboto, sans-serif;\">\n<div style=\"box-sizing: inherit; font-family: Roboto, sans-serif;\">\n<div style=\"box-sizing: inherit; font-family: Roboto, sans-serif;\">\n<div style=\"box-sizing: inherit; font-family: Roboto, sans-serif;\">\n<div style=\"box-sizing: inherit; font-family: Roboto, sans-serif;\">\n<div style=\"box-sizing: inherit; font-family: Roboto, sans-serif;\">\n<div style=\"box-sizing: inherit; font-family: Roboto, sans-serif;\">\n<div style=\"box-sizing: inherit; font-family: Roboto, sans-serif;\">\n<div style=\"box-sizing: inherit; font-family: Roboto, sans-serif;\">\n<div class=\"flex flex-grow flex-col max-w-full\">\n<div class=\"min-h-[20px] text-message flex flex-col items-start whitespace-pre-wrap break-words [.text-message+&amp;]:mt-5 juice:w-full juice:items-end overflow-x-auto gap-2\" dir=\"auto\" data-message-author-role=\"assistant\" data-message-id=\"2034782e-88f9-44ef-b4dc-07dd7bf0115f\">\n<div class=\"flex w-full flex-col gap-1 juice:empty:hidden juice:first:pt-[3px]\">\n<div class=\"markdown prose w-full break-words dark:prose-invert light\">\n<div style=\"box-sizing: inherit; font-family: Roboto, sans-serif;\">\n<div style=\"box-sizing: inherit; font-family: Roboto, sans-serif;\">\n<div style=\"box-sizing: inherit; font-family: Roboto, sans-serif;\">\n<div style=\"box-sizing: inherit; font-family: Roboto, sans-serif;\">\n<div style=\"box-sizing: inherit; font-family: Roboto, sans-serif;\">\n<div style=\"box-sizing: inherit; font-family: Roboto, sans-serif;\">\n<p data-start=\"0\" data-end=\"541\">Offri alle tue creazioni dolci una confezione festiva con il nostro <strong>sacchetto natalizio per dolci &#8220;Xmas Gift&#8221; 100 x 220 mm<\/strong>. Progettato per valorizzare cioccolatini, biscotti o praline, questo <strong>sacchetto per dolci<\/strong> dal <strong data-start=\"218\" data-end=\"236\">design elegante<\/strong> ricorda un vero regalo di Natale. Grazie alla sua <strong data-start=\"287\" data-end=\"322\">stampa effetto pacchetto regalo<\/strong>, attira immediatamente l&#8217;attenzione e aggiunge un tocco caloroso alle tue presentazioni. Il suo <strong data-start=\"416\" data-end=\"440\">fondo rigido in kraft<\/strong> assicura un&#8217;eccellente stabilit\u00e0, permettendo di disporre le tue golosit\u00e0 senza rischio di schiacciamento.<\/p>\n<p data-start=\"543\" data-end=\"948\">Realizzato in <strong data-start=\"555\" data-end=\"577\">film di polipropilene<\/strong> trasparente e resistente, questo <strong>sacchetto di plastica<\/strong> protegge i tuoi dolci lasciando intravedere il loro colore e la loro consistenza. Cos\u00ec, i tuoi clienti assaporano gi\u00e0 la magia del Natale ancor prima di aprire la confezione. Inoltre, la sua pratica dimensione di <strong>100 x 220 mm<\/strong> \u00e8 perfetta per un&#8217;ampia variet\u00e0 di prodotti: cioccolatini fini, tartufi, piccoli biscotti o frutta candita.<\/p>\n<p data-start=\"950\" data-end=\"1306\">L&#8217;utilizzo di un materiale di qualit\u00e0 garantisce non solo una <strong data-start=\"1030\" data-end=\"1069\">barriera efficace contro l&#8217;umidit\u00e0<\/strong>, ma anche una presentazione professionale degna delle migliori <strong data-start=\"1136\" data-end=\"1168\">pasticcerie e cioccolaterie<\/strong>. Che tu sia un artigiano dolciario, un panettiere o un cioccolatiere, questo sacchetto diventer\u00e0 presto un must per le tue vendite di fine anno.<\/p>\n<p data-start=\"1308\" data-end=\"1704\">In sintesi, questo <strong data-start=\"1321\" data-end=\"1339\">sacchetto natalizio<\/strong> unisce <strong data-start=\"1346\" data-end=\"1360\">estetica<\/strong>, praticit\u00e0 e robustezza. Ti permette di esaltare le tue creazioni golose offrendo ai tuoi clienti un&#8217;esperienza festiva, dal primo sguardo fino alla degustazione. Grazie al suo <strong data-start=\"1551\" data-end=\"1566\">look allegro<\/strong> e alla sua <strong data-start=\"1575\" data-end=\"1602\">qualit\u00e0 professionale<\/strong>, si impone come la soluzione ideale per valorizzare i tuoi prodotti durante tutta la stagione delle feste.<\/p>\n<p data-start=\"1308\" data-end=\"1704\">\n<p><!--more--><\/p>\n<h4 style=\"text-align: left;\">Vantaggi:<\/h4>\n<ul style=\"text-align: left;\">\n<li><strong data-start=\"1921\" data-end=\"1945\">Fondo rigido in kraft<\/strong> per un&#8217;eccellente stabilit\u00e0.<\/li>\n<li><strong data-start=\"1981\" data-end=\"2003\">Film in polipropilene<\/strong> trasparente e protettivo.<\/li>\n<li><strong data-start=\"2035\" data-end=\"2052\">Design festivo<\/strong> effetto pacchetto regalo.<\/li>\n<li>Ideale per <strong data-start=\"2093\" data-end=\"2131\">dolci, cioccolatini e biscotti.<\/strong><\/li>\n<li>Presentazione professionale ed elegante per il periodo di <strong data-start=\"2197\" data-end=\"2205\">Natale.<\/strong><\/li>\n<\/ul>\n<\/div>\n<\/div>\n<\/div>\n<\/div>\n<\/div>\n<\/div>\n<\/div>\n<\/div>\n<\/div>\n<\/div>\n<\/div>\n<\/div>\n<p>&nbsp;<\/p>\n<\/div>\n<\/div>\n<\/div>\n<\/div>\n<\/div>\n<\/div>\n<\/div>\n<\/div>\n<\/div>\n<\/div>\n<\/div>\n<p><!--more--><\/p>\n<h4>Altre informazioni:<\/h4>\n<ul style=\"box-sizing: inherit; font-family: Roboto, sans-serif;\">\n<li><strong>Confezionamento<\/strong>: Pacco da 100<\/li>\n<li><span style=\"font-weight: bold;\">Dimensioni<\/span>: 100 x 220 mm<\/li>\n<li><strong>Materiale<\/strong>: OPP<\/li>\n<li><strong>Colore<\/strong>: Trasparente \/ Rosso \/ Bianco<\/li>\n<li><strong>Opzione<\/strong>: Sacchetti con fondo in cartone<\/li>\n<\/ul>\n<p>&nbsp;<\/p>\n<p><!--more--><\/p>\n<p>Questo sacchetto natalizio \u00e8 disponibile anche in una dimensione superiore: <span style=\"color: #d12727;\"><a style=\"color: #d12727;\" href=\"https:\/\/www.csj-emballages.com\/produit\/100-sachet-noel-confiserie-xmas-gift-120-x-260-mm\/\">120 x <span style=\"color: #d12727;\">260<\/span> mm<\/a><\/span><\/p>\n<p>&nbsp;<\/p>\n<p><!--more--><\/p>\n<p><a href=\"https:\/\/www.csj-emballages.com\/it\/categorie-produit\/imballaggi-alimentari\/panetteria-pasticceria\/sacchi-sacchetti-e-carte\/sacchetti-per-confetteria\/sacchetti-a-tema\/sacchetti-natale\/\">Consulta il resto della nostra gamma di sacchetti natalizi<\/a><\/p>\n<\/div>\n<\/div>\n<\/div>\n<\/div>\n<\/div>\n<\/div>\n<\/div>\n<\/div>\n<\/div>\n<\/div>\n<\/div>\n<\/div>\n<\/div>\n<\/div>\n<\/div>\n<\/div>\n<\/div>\n<\/div>\n<\/div>\n<\/div>\n<\/div>\n<\/div>\n<\/div>\n","protected":false},"excerpt":{"rendered":"<p>Sacchetto natalizio per dolci Descrizione del nostro sacchetto natalizio per dolci &#8220;Xmas Gift&#8221; 100 x 220 mm, confezione da 100<\/p>\n","protected":false},"featured_media":269871,"template":"","meta":{"_acf_changed":false},"product_brand":[],"product_cat":[10346,10344,10985,11034],"product_tag":[],"class_list":{"0":"post-269872","1":"product","2":"type-product","3":"status-publish","4":"has-post-thumbnail","6":"product_cat-imballaggi-alimentari","7":"product_cat-panetteria-pasticceria","8":"product_cat-sacchetti-per-confetteria","9":"product_cat-sacchetti-natale","11":"first","12":"instock","13":"taxable","14":"shipping-taxable","15":"purchasable","16":"product-type-simple"},"acf":[],"yoast_head":"<!-- This site is optimized with the Yoast SEO Premium plugin v26.6 (Yoast SEO v26.6) - https:\/\/yoast.com\/wordpress\/plugins\/seo\/ -->\n<title>Sacchetto Natalizio per Dolci &quot;Xmas Gift&quot; 100 x 220 mm, confezione da 100<\/title>\n<meta name=\"description\" content=\"Sacchetto natalizio per dolci &quot;Xmas Gift&quot; 100 x 220 mm: fondo rigido in kraft, film in polipropilene, perfetto per cioccolatini e biscotti festivi.\" \/>\n<meta name=\"robots\" content=\"index, follow, max-snippet:-1, max-image-preview:large, max-video-preview:-1\" \/>\n<link rel=\"canonical\" href=\"https:\/\/www.csj-emballages.com\/it\/produit\/sacchetto-natalizio-per-dolci-xmas-gift-100-x-220-mm-confezione-da-100\/\" \/>\n<meta property=\"og:locale\" content=\"it_IT\" \/>\n<meta property=\"og:type\" content=\"article\" \/>\n<meta property=\"og:title\" content=\"Sacchetto Natalizio &quot;Xmas Gift&quot; 100 x 220 mm\" \/>\n<meta property=\"og:description\" content=\"Sacchetto natalizio per dolci in 100x220 mm, confezione da 100. Ideale per le tue golosit\u00e0 festive, per regali agli invitati, eventi o vendite in negozio.\" \/>\n<meta property=\"og:url\" content=\"https:\/\/www.csj-emballages.com\/it\/produit\/sacchetto-natalizio-per-dolci-xmas-gift-100-x-220-mm-confezione-da-100\/\" \/>\n<meta property=\"og:site_name\" content=\"CSJ Emballages\" \/>\n<meta property=\"article:publisher\" content=\"https:\/\/www.facebook.com\/csjemballages\" \/>\n<meta property=\"article:modified_time\" content=\"2026-04-03T00:22:21+00:00\" \/>\n<meta property=\"og:image\" content=\"https:\/\/www.csj-emballages.com\/wp-content\/uploads\/2024\/03\/SXMAST1.webp\" \/>\n\t<meta property=\"og:image:width\" content=\"800\" \/>\n\t<meta property=\"og:image:height\" content=\"800\" \/>\n\t<meta property=\"og:image:type\" content=\"image\/webp\" \/>\n<meta name=\"twitter:card\" content=\"summary_large_image\" \/>\n<meta name=\"twitter:title\" content=\"Sacchetto Natalizio &quot;Xmas Gift&quot; 100 x 220 mm\" \/>\n<meta name=\"twitter:description\" content=\"Sacchetto natalizio per dolci in 100x220 mm, confezione da 100. Ideale per le tue golosit\u00e0 festive, per regali agli invitati, eventi o vendite in negozio.\" \/>\n<meta name=\"twitter:label1\" content=\"Dur\u00e9e de lecture estim\u00e9e\" \/>\n\t<meta name=\"twitter:data1\" content=\"2 minuti\" \/>\n<script type=\"application\/ld+json\" class=\"yoast-schema-graph\">{\"@context\":\"https:\/\/schema.org\",\"@graph\":[{\"@type\":\"WebPage\",\"@id\":\"https:\/\/www.csj-emballages.com\/it\/produit\/sacchetto-natalizio-per-dolci-xmas-gift-100-x-220-mm-confezione-da-100\/\",\"url\":\"https:\/\/www.csj-emballages.com\/it\/produit\/sacchetto-natalizio-per-dolci-xmas-gift-100-x-220-mm-confezione-da-100\/\",\"name\":\"Sacchetto Natalizio per Dolci \\\"Xmas Gift\\\" 100 x 220 mm, confezione da 100\",\"isPartOf\":{\"@id\":\"https:\/\/www.csj-emballages.com\/it\/#website\"},\"primaryImageOfPage\":{\"@id\":\"https:\/\/www.csj-emballages.com\/it\/produit\/sacchetto-natalizio-per-dolci-xmas-gift-100-x-220-mm-confezione-da-100\/#primaryimage\"},\"image\":{\"@id\":\"https:\/\/www.csj-emballages.com\/it\/produit\/sacchetto-natalizio-per-dolci-xmas-gift-100-x-220-mm-confezione-da-100\/#primaryimage\"},\"thumbnailUrl\":\"https:\/\/www.csj-emballages.com\/wp-content\/uploads\/2024\/03\/SXMAST1.webp\",\"datePublished\":\"2024-03-01T15:47:38+00:00\",\"dateModified\":\"2026-04-03T00:22:21+00:00\",\"description\":\"Sacchetto natalizio per dolci \\\"Xmas Gift\\\" 100 x 220 mm: fondo rigido in kraft, film in polipropilene, perfetto per cioccolatini e biscotti festivi.\",\"breadcrumb\":{\"@id\":\"https:\/\/www.csj-emballages.com\/it\/produit\/sacchetto-natalizio-per-dolci-xmas-gift-100-x-220-mm-confezione-da-100\/#breadcrumb\"},\"inLanguage\":\"it-IT\",\"potentialAction\":[{\"@type\":\"ReadAction\",\"target\":[\"https:\/\/www.csj-emballages.com\/it\/produit\/sacchetto-natalizio-per-dolci-xmas-gift-100-x-220-mm-confezione-da-100\/\"]}]},{\"@type\":\"ImageObject\",\"inLanguage\":\"it-IT\",\"@id\":\"https:\/\/www.csj-emballages.com\/it\/produit\/sacchetto-natalizio-per-dolci-xmas-gift-100-x-220-mm-confezione-da-100\/#primaryimage\",\"url\":\"https:\/\/www.csj-emballages.com\/wp-content\/uploads\/2024\/03\/SXMAST1.webp\",\"contentUrl\":\"https:\/\/www.csj-emballages.com\/wp-content\/uploads\/2024\/03\/SXMAST1.webp\",\"width\":800,\"height\":800,\"caption\":\"Sachet confiseries no\u00ebl\"},{\"@type\":\"BreadcrumbList\",\"@id\":\"https:\/\/www.csj-emballages.com\/it\/produit\/sacchetto-natalizio-per-dolci-xmas-gift-100-x-220-mm-confezione-da-100\/#breadcrumb\",\"itemListElement\":[{\"@type\":\"ListItem\",\"position\":1,\"name\":\"Home\",\"item\":\"https:\/\/www.csj-emballages.com\/it\/universo-imballaggi-alimentari\/\"},{\"@type\":\"ListItem\",\"position\":2,\"name\":\"Negozio\",\"item\":\"https:\/\/www.csj-emballages.com\/it\/negozio\/\"},{\"@type\":\"ListItem\",\"position\":3,\"name\":\"Sacchetto natalizio per dolci \u00ab\u00a0Xmas Gift\u00a0\u00bb 100 x 220 mm, confezione da 100\"}]},{\"@type\":\"WebSite\",\"@id\":\"https:\/\/www.csj-emballages.com\/it\/#website\",\"url\":\"https:\/\/www.csj-emballages.com\/it\/\",\"name\":\"CSJ Emballages\",\"description\":\"\",\"publisher\":{\"@id\":\"https:\/\/www.csj-emballages.com\/it\/#organization\"},\"potentialAction\":[{\"@type\":\"SearchAction\",\"target\":{\"@type\":\"EntryPoint\",\"urlTemplate\":\"https:\/\/www.csj-emballages.com\/it\/?s={search_term_string}\"},\"query-input\":{\"@type\":\"PropertyValueSpecification\",\"valueRequired\":true,\"valueName\":\"search_term_string\"}}],\"inLanguage\":\"it-IT\"},{\"@type\":\"Organization\",\"@id\":\"https:\/\/www.csj-emballages.com\/it\/#Organization\/\",\"name\":\"CSJ Emballages\",\"url\":\"https:\/\/www.csj-emballages.com\/it\/\",\"logo\":{\"@type\":\"ImageObject\",\"inLanguage\":\"it-IT\",\"@id\":\"https:\/\/www.csj-emballages.com\/it\/#\/schema\/logo\/image\/\",\"url\":\"https:\/\/www.csj-emballages.com\/wp-content\/uploads\/2023\/10\/logo_csj.webp\",\"contentUrl\":\"https:\/\/www.csj-emballages.com\/wp-content\/uploads\/2023\/10\/logo_csj.webp\",\"width\":250,\"height\":95,\"caption\":\"CSJ Emballages\"},\"image\":{\"@id\":\"https:\/\/www.csj-emballages.com\/it\/#\/schema\/logo\/image\/\"},\"sameAs\":[\"https:\/\/www.facebook.com\/csjemballages\"],\"address\":{\"@type\":\"PostalAddress\",\"streetAddress\":\"ZI La Lechere\",\"addressLocality\":\"Patornay\",\"postalCode\":\"39130\",\"addressCountry\":\"FR\"},\"contactPoint\":[{\"@type\":\"ContactPoint\",\"contactType\":\"Service client\",\"telephone\":\"0384254272\",\"email\":\"contact@csj-emballages.com\"}]}]}<\/script>\n<!-- \/ Yoast SEO Premium plugin. -->","yoast_head_json":{"title":"Sacchetto Natalizio per Dolci \"Xmas Gift\" 100 x 220 mm, confezione da 100","description":"Sacchetto natalizio per dolci \"Xmas Gift\" 100 x 220 mm: fondo rigido in kraft, film in polipropilene, perfetto per cioccolatini e biscotti festivi.","robots":{"index":"index","follow":"follow","max-snippet":"max-snippet:-1","max-image-preview":"max-image-preview:large","max-video-preview":"max-video-preview:-1"},"canonical":"https:\/\/www.csj-emballages.com\/it\/produit\/sacchetto-natalizio-per-dolci-xmas-gift-100-x-220-mm-confezione-da-100\/","og_locale":"it_IT","og_type":"article","og_title":"Sacchetto Natalizio \"Xmas Gift\" 100 x 220 mm","og_description":"Sacchetto natalizio per dolci in 100x220 mm, confezione da 100. Ideale per le tue golosit\u00e0 festive, per regali agli invitati, eventi o vendite in negozio.","og_url":"https:\/\/www.csj-emballages.com\/it\/produit\/sacchetto-natalizio-per-dolci-xmas-gift-100-x-220-mm-confezione-da-100\/","og_site_name":"CSJ Emballages","article_publisher":"https:\/\/www.facebook.com\/csjemballages","article_modified_time":"2026-04-03T00:22:21+00:00","og_image":[{"width":800,"height":800,"url":"https:\/\/www.csj-emballages.com\/wp-content\/uploads\/2024\/03\/SXMAST1.webp","type":"image\/webp"}],"twitter_card":"summary_large_image","twitter_title":"Sacchetto Natalizio \"Xmas Gift\" 100 x 220 mm","twitter_description":"Sacchetto natalizio per dolci in 100x220 mm, confezione da 100. Ideale per le tue golosit\u00e0 festive, per regali agli invitati, eventi o vendite in negozio.","twitter_misc":{"Dur\u00e9e de lecture estim\u00e9e":"2 minuti"},"schema":{"@context":"https:\/\/schema.org","@graph":[{"@type":"WebPage","@id":"https:\/\/www.csj-emballages.com\/it\/produit\/sacchetto-natalizio-per-dolci-xmas-gift-100-x-220-mm-confezione-da-100\/","url":"https:\/\/www.csj-emballages.com\/it\/produit\/sacchetto-natalizio-per-dolci-xmas-gift-100-x-220-mm-confezione-da-100\/","name":"Sacchetto Natalizio per Dolci \"Xmas Gift\" 100 x 220 mm, confezione da 100","isPartOf":{"@id":"https:\/\/www.csj-emballages.com\/it\/#website"},"primaryImageOfPage":{"@id":"https:\/\/www.csj-emballages.com\/it\/produit\/sacchetto-natalizio-per-dolci-xmas-gift-100-x-220-mm-confezione-da-100\/#primaryimage"},"image":{"@id":"https:\/\/www.csj-emballages.com\/it\/produit\/sacchetto-natalizio-per-dolci-xmas-gift-100-x-220-mm-confezione-da-100\/#primaryimage"},"thumbnailUrl":"https:\/\/www.csj-emballages.com\/wp-content\/uploads\/2024\/03\/SXMAST1.webp","datePublished":"2024-03-01T15:47:38+00:00","dateModified":"2026-04-03T00:22:21+00:00","description":"Sacchetto natalizio per dolci \"Xmas Gift\" 100 x 220 mm: fondo rigido in kraft, film in polipropilene, perfetto per cioccolatini e biscotti festivi.","breadcrumb":{"@id":"https:\/\/www.csj-emballages.com\/it\/produit\/sacchetto-natalizio-per-dolci-xmas-gift-100-x-220-mm-confezione-da-100\/#breadcrumb"},"inLanguage":"it-IT","potentialAction":[{"@type":"ReadAction","target":["https:\/\/www.csj-emballages.com\/it\/produit\/sacchetto-natalizio-per-dolci-xmas-gift-100-x-220-mm-confezione-da-100\/"]}]},{"@type":"ImageObject","inLanguage":"it-IT","@id":"https:\/\/www.csj-emballages.com\/it\/produit\/sacchetto-natalizio-per-dolci-xmas-gift-100-x-220-mm-confezione-da-100\/#primaryimage","url":"https:\/\/www.csj-emballages.com\/wp-content\/uploads\/2024\/03\/SXMAST1.webp","contentUrl":"https:\/\/www.csj-emballages.com\/wp-content\/uploads\/2024\/03\/SXMAST1.webp","width":800,"height":800,"caption":"Sachet confiseries no\u00ebl"},{"@type":"BreadcrumbList","@id":"https:\/\/www.csj-emballages.com\/it\/produit\/sacchetto-natalizio-per-dolci-xmas-gift-100-x-220-mm-confezione-da-100\/#breadcrumb","itemListElement":[{"@type":"ListItem","position":1,"name":"Home","item":"https:\/\/www.csj-emballages.com\/it\/universo-imballaggi-alimentari\/"},{"@type":"ListItem","position":2,"name":"Negozio","item":"https:\/\/www.csj-emballages.com\/it\/negozio\/"},{"@type":"ListItem","position":3,"name":"Sacchetto natalizio per dolci \u00ab\u00a0Xmas Gift\u00a0\u00bb 100 x 220 mm, confezione da 100"}]},{"@type":"WebSite","@id":"https:\/\/www.csj-emballages.com\/it\/#website","url":"https:\/\/www.csj-emballages.com\/it\/","name":"CSJ Emballages","description":"","publisher":{"@id":"https:\/\/www.csj-emballages.com\/it\/#organization"},"potentialAction":[{"@type":"SearchAction","target":{"@type":"EntryPoint","urlTemplate":"https:\/\/www.csj-emballages.com\/it\/?s={search_term_string}"},"query-input":{"@type":"PropertyValueSpecification","valueRequired":true,"valueName":"search_term_string"}}],"inLanguage":"it-IT"},{"@type":"Organization","@id":"https:\/\/www.csj-emballages.com\/it\/#Organization\/","name":"CSJ Emballages","url":"https:\/\/www.csj-emballages.com\/it\/","logo":{"@type":"ImageObject","inLanguage":"it-IT","@id":"https:\/\/www.csj-emballages.com\/it\/#\/schema\/logo\/image\/","url":"https:\/\/www.csj-emballages.com\/wp-content\/uploads\/2023\/10\/logo_csj.webp","contentUrl":"https:\/\/www.csj-emballages.com\/wp-content\/uploads\/2023\/10\/logo_csj.webp","width":250,"height":95,"caption":"CSJ Emballages"},"image":{"@id":"https:\/\/www.csj-emballages.com\/it\/#\/schema\/logo\/image\/"},"sameAs":["https:\/\/www.facebook.com\/csjemballages"],"address":{"@type":"PostalAddress","streetAddress":"ZI La Lechere","addressLocality":"Patornay","postalCode":"39130","addressCountry":"FR"},"contactPoint":[{"@type":"ContactPoint","contactType":"Service client","telephone":"0384254272","email":"contact@csj-emballages.com"}]}]}},"df_price":19.48,"df_sale_price":"","df_regular_price":19.48,"df_image_link":"https:\/\/www.csj-emballages.com\/wp-content\/uploads\/2024\/03\/SXMAST1-300x300.webp","tiered_pricing_type":"fixed","tiered_pricing_fixed_rules":[],"tiered_pricing_percentage_rules":[],"tiered_pricing_minimum":1,"tiered_pricing_roles_data":[],"_links":{"self":[{"href":"https:\/\/www.csj-emballages.com\/it\/wp-json\/wp\/v2\/product\/269872","targetHints":{"allow":["GET"]}}],"collection":[{"href":"https:\/\/www.csj-emballages.com\/it\/wp-json\/wp\/v2\/product"}],"about":[{"href":"https:\/\/www.csj-emballages.com\/it\/wp-json\/wp\/v2\/types\/product"}],"wp:featuredmedia":[{"embeddable":true,"href":"https:\/\/www.csj-emballages.com\/it\/wp-json\/wp\/v2\/media\/269871"}],"wp:attachment":[{"href":"https:\/\/www.csj-emballages.com\/it\/wp-json\/wp\/v2\/media?parent=269872"}],"wp:term":[{"taxonomy":"product_brand","embeddable":true,"href":"https:\/\/www.csj-emballages.com\/it\/wp-json\/wp\/v2\/product_brand?post=269872"},{"taxonomy":"product_cat","embeddable":true,"href":"https:\/\/www.csj-emballages.com\/it\/wp-json\/wp\/v2\/product_cat?post=269872"},{"taxonomy":"product_tag","embeddable":true,"href":"https:\/\/www.csj-emballages.com\/it\/wp-json\/wp\/v2\/product_tag?post=269872"}],"curies":[{"name":"wp","href":"https:\/\/api.w.org\/{rel}","templated":true}]}}