{"id":269817,"date":"2024-03-01T16:49:22","date_gmt":"2024-03-01T15:49:22","guid":{"rendered":"https:\/\/www.csj-emballages.com\/produit\/coppa-dessert-plastica-236-ml-per-50\/"},"modified":"2026-04-18T02:16:30","modified_gmt":"2026-04-18T00:16:30","slug":"coppa-dessert-plastica-236-ml-per-50","status":"publish","type":"product","link":"https:\/\/www.csj-emballages.com\/it\/produit\/coppa-dessert-plastica-236-ml-per-50\/","title":{"rendered":"Coppa dessert plastica 236 ml per 50"},"content":{"rendered":"<h2>Coppa da dessert<\/h2>\n<hr>\n<h3>Descrizione della nostra coppa dessert plastica 236 ml per 50<\/h3>\n<p><!--more--><\/p>\n<p data-start=\"256\" data-end=\"567\">La <strong>coppa dessert plastica 236 ml<\/strong> \u00e8 ideale per la presentazione e il servizio di <strong>dessert individuali, macedonie o preparazioni dolci e salate<\/strong>. Progettata per i professionisti della ristorazione, catering, pasticceria e punti vendita da asporto, unisce estetica e praticit\u00e0. <\/p>\n<p data-start=\"569\" data-end=\"965\">Realizzata in <strong>plastica trasparente<\/strong> per uso alimentare, questa coppa valorizza perfettamente i colori e le texture delle preparazioni. La sua <strong>capacit\u00e0 di 236 ml<\/strong> \u00e8 ideale per proporre porzioni generose mantenendo un formato pratico e facile da maneggiare. \u00c8 perfetta per <strong>frutta fresca, mousse, creme, tiramis\u00f9, dessert al latte o antipasti freddi<\/strong>.  <\/p>\n<p data-start=\"967\" data-end=\"1291\">Grazie alla sua forma stabile ed ergonomica, garantisce una buona tenuta su tavoli, vassoi o in vetrina refrigerata. Leggera e impilabile, facilita lo stoccaggio e ottimizza l&#8217;organizzazione in magazzino. Inoltre, questa <strong>coppa<\/strong> pu\u00f2 essere abbinata a <strong>coperchi compatibili<\/strong> (venduti separatamente) per un utilizzo in asporto o in consegna.  <\/p>\n<p data-start=\"1293\" data-end=\"1478\">Confezionata in lotti da <strong>50 unit\u00e0<\/strong>, la <strong>coppa dessert 236 ml<\/strong> costituisce una soluzione economica e affidabile per i professionisti che cercano un imballaggio semplice, estetico ed efficace.<\/p>\n<p data-start=\"1293\" data-end=\"1478\">\n<p data-start=\"1293\" data-end=\"1478\"><!--more--><\/p>\n<p data-start=\"1293\" data-end=\"1478\"><strong><span style=\"color: #ff0000;\">*I coperchi sono venduti separatamente<\/span><\/strong><\/p>\n<p data-start=\"1293\" data-end=\"1478\">\n<p data-start=\"1293\" data-end=\"1478\"><!--more--><\/p>\n<h4 data-start=\"1293\" data-end=\"1478\">Vantaggi:<\/h4>\n<ul>\n<li data-start=\"1516\" data-end=\"1570\"><strong>Capacit\u00e0 236 ml<\/strong> ideale per porzioni individuali.<\/li>\n<li data-start=\"1573\" data-end=\"1624\">Plastica trasparente idonea al contatto alimentare.<\/li>\n<li data-start=\"1678\" data-end=\"1704\">Forma stabile e pratica.<\/li>\n<li data-start=\"1731\" data-end=\"1777\"><strong>Compatibile con coperchi<\/strong> (venduti separatamente).<\/li>\n<li data-start=\"1780\" data-end=\"1827\">Adatta per vetrine e vendita da asporto.<\/li>\n<li data-start=\"1830\" data-end=\"1870\">Confezione pratica da <strong>50 coppe<\/strong>.<\/li>\n<\/ul>\n<p><!--more--><\/p>\n<h4>Altre informazioni:<\/h4>\n<ul>\n<li><strong>Dimensioni<\/strong>: 92,6 x 65,4 (\u00d8 x H in mm).<\/li>\n<li><strong>Confezionamento<\/strong>: pacchi da 50<\/li>\n<li><strong>Volume<\/strong>: 236 ml<\/li>\n<li><strong>Materiale<\/strong>: PET<\/li>\n<\/ul>\n<p>&nbsp;<\/p>\n<p><!--more--><\/p>\n<p>Trova qui i coperchi venduti separatamente compatibili con questo prodotto: <span style=\"color: #d12727;\"><a style=\"color: #d12727;\" href=\"https:\/\/www.csj-emballages.com\/produit\/50-couvercles-plats-coupe-dessert-sd5-sd8-ts5-tp9-tp5\/\">COUVSD8<\/a><\/span> \/ <span style=\"color: #d12727;\"><a style=\"color: #d12727;\" href=\"https:\/\/www.csj-emballages.com\/produit\/50-couvercles-domes-jetables-sd5-sd8-ts5-tp5-tp9\/\">DOMEST<\/a><\/span><\/p>\n<p>&nbsp;<\/p>\n<p><!--more--><\/p>\n<p><a href=\"https:\/\/www.csj-emballages.com\/it\/categorie-produit\/imballaggi-alimentari\/macelleria-gastronomia-ortofrutta\/coppe-vasetti-verrine\/coppe-dessert\/\">Scopri il resto della nostra gamma di coppe per dessert<\/a><\/p>\n","protected":false},"excerpt":{"rendered":"<p>Coppa da dessert Descrizione della nostra coppa dessert plastica 236 ml per 50<\/p>\n","protected":false},"featured_media":269826,"template":"","meta":{"_acf_changed":false},"product_brand":[],"product_cat":[10346,10381,10436,10437],"product_tag":[],"class_list":{"0":"post-269817","1":"product","2":"type-product","3":"status-publish","4":"has-post-thumbnail","6":"product_cat-imballaggi-alimentari","7":"product_cat-macelleria-gastronomia-ortofrutta","8":"product_cat-coppe-vasetti-verrine","9":"product_cat-coppe-dessert","11":"first","12":"instock","13":"taxable","14":"shipping-taxable","15":"purchasable","16":"product-type-simple"},"acf":[],"yoast_head":"<!-- This site is optimized with the Yoast SEO Premium plugin v26.6 (Yoast SEO v26.6) - https:\/\/yoast.com\/wordpress\/plugins\/seo\/ -->\n<title>Coppa Dessert Plastica - 236 ml<\/title>\n<meta name=\"description\" content=\"Coppa da dessert in plastica, pensata per valorizzare le tue preparazioni. Solida e pratica, garantisce una presentazione curata e un trasporto sicuro.\" \/>\n<meta name=\"robots\" content=\"index, follow, max-snippet:-1, max-image-preview:large, max-video-preview:-1\" \/>\n<link rel=\"canonical\" href=\"https:\/\/www.csj-emballages.com\/it\/produit\/coppa-dessert-plastica-236-ml-per-50\/\" \/>\n<meta property=\"og:locale\" content=\"it_IT\" \/>\n<meta property=\"og:type\" content=\"article\" \/>\n<meta property=\"og:title\" content=\"Coppa dessert plastica 236 ml per 50\" \/>\n<meta property=\"og:description\" content=\"Coppa da dessert in plastica, pensata per valorizzare le tue preparazioni. Solida e pratica, garantisce una presentazione curata e un trasporto sicuro.\" \/>\n<meta property=\"og:url\" content=\"https:\/\/www.csj-emballages.com\/it\/produit\/coppa-dessert-plastica-236-ml-per-50\/\" \/>\n<meta property=\"og:site_name\" content=\"CSJ Emballages\" \/>\n<meta property=\"article:publisher\" content=\"https:\/\/www.facebook.com\/csjemballages\" \/>\n<meta property=\"article:modified_time\" content=\"2026-04-18T00:16:30+00:00\" \/>\n<meta property=\"og:image\" content=\"https:\/\/www.csj-emballages.com\/wp-content\/uploads\/2024\/03\/SD8-2.webp\" \/>\n\t<meta property=\"og:image:width\" content=\"800\" \/>\n\t<meta property=\"og:image:height\" content=\"800\" \/>\n\t<meta property=\"og:image:type\" content=\"image\/webp\" \/>\n<meta name=\"twitter:card\" content=\"summary_large_image\" \/>\n<meta name=\"twitter:label1\" content=\"Dur\u00e9e de lecture estim\u00e9e\" \/>\n\t<meta name=\"twitter:data1\" content=\"1 minuto\" \/>\n<script type=\"application\/ld+json\" class=\"yoast-schema-graph\">{\"@context\":\"https:\/\/schema.org\",\"@graph\":[{\"@type\":\"WebPage\",\"@id\":\"https:\/\/www.csj-emballages.com\/it\/produit\/coppa-dessert-plastica-236-ml-per-50\/\",\"url\":\"https:\/\/www.csj-emballages.com\/it\/produit\/coppa-dessert-plastica-236-ml-per-50\/\",\"name\":\"Coppa Dessert Plastica - 236 ml\",\"isPartOf\":{\"@id\":\"https:\/\/www.csj-emballages.com\/it\/#website\"},\"primaryImageOfPage\":{\"@id\":\"https:\/\/www.csj-emballages.com\/it\/produit\/coppa-dessert-plastica-236-ml-per-50\/#primaryimage\"},\"image\":{\"@id\":\"https:\/\/www.csj-emballages.com\/it\/produit\/coppa-dessert-plastica-236-ml-per-50\/#primaryimage\"},\"thumbnailUrl\":\"https:\/\/www.csj-emballages.com\/wp-content\/uploads\/2024\/03\/SD8-2.webp\",\"datePublished\":\"2024-03-01T15:49:22+00:00\",\"dateModified\":\"2026-04-18T00:16:30+00:00\",\"description\":\"Coppa da dessert in plastica, pensata per valorizzare le tue preparazioni. Solida e pratica, garantisce una presentazione curata e un trasporto sicuro.\",\"breadcrumb\":{\"@id\":\"https:\/\/www.csj-emballages.com\/it\/produit\/coppa-dessert-plastica-236-ml-per-50\/#breadcrumb\"},\"inLanguage\":\"it-IT\",\"potentialAction\":[{\"@type\":\"ReadAction\",\"target\":[\"https:\/\/www.csj-emballages.com\/it\/produit\/coppa-dessert-plastica-236-ml-per-50\/\"]}]},{\"@type\":\"ImageObject\",\"inLanguage\":\"it-IT\",\"@id\":\"https:\/\/www.csj-emballages.com\/it\/produit\/coppa-dessert-plastica-236-ml-per-50\/#primaryimage\",\"url\":\"https:\/\/www.csj-emballages.com\/wp-content\/uploads\/2024\/03\/SD8-2.webp\",\"contentUrl\":\"https:\/\/www.csj-emballages.com\/wp-content\/uploads\/2024\/03\/SD8-2.webp\",\"width\":800,\"height\":800,\"caption\":\"Coupe \u00e0 dessert\"},{\"@type\":\"BreadcrumbList\",\"@id\":\"https:\/\/www.csj-emballages.com\/it\/produit\/coppa-dessert-plastica-236-ml-per-50\/#breadcrumb\",\"itemListElement\":[{\"@type\":\"ListItem\",\"position\":1,\"name\":\"Home\",\"item\":\"https:\/\/www.csj-emballages.com\/it\/universo-imballaggi-alimentari\/\"},{\"@type\":\"ListItem\",\"position\":2,\"name\":\"Negozio\",\"item\":\"https:\/\/www.csj-emballages.com\/it\/negozio\/\"},{\"@type\":\"ListItem\",\"position\":3,\"name\":\"Coppa dessert plastica 236 ml per 50\"}]},{\"@type\":\"WebSite\",\"@id\":\"https:\/\/www.csj-emballages.com\/it\/#website\",\"url\":\"https:\/\/www.csj-emballages.com\/it\/\",\"name\":\"CSJ Emballages\",\"description\":\"\",\"publisher\":{\"@id\":\"https:\/\/www.csj-emballages.com\/it\/#organization\"},\"potentialAction\":[{\"@type\":\"SearchAction\",\"target\":{\"@type\":\"EntryPoint\",\"urlTemplate\":\"https:\/\/www.csj-emballages.com\/it\/?s={search_term_string}\"},\"query-input\":{\"@type\":\"PropertyValueSpecification\",\"valueRequired\":true,\"valueName\":\"search_term_string\"}}],\"inLanguage\":\"it-IT\"},{\"@type\":\"Organization\",\"@id\":\"https:\/\/www.csj-emballages.com\/it\/#Organization\/\",\"name\":\"CSJ Emballages\",\"url\":\"https:\/\/www.csj-emballages.com\/it\/\",\"logo\":{\"@type\":\"ImageObject\",\"inLanguage\":\"it-IT\",\"@id\":\"https:\/\/www.csj-emballages.com\/it\/#\/schema\/logo\/image\/\",\"url\":\"https:\/\/www.csj-emballages.com\/wp-content\/uploads\/2023\/10\/logo_csj.webp\",\"contentUrl\":\"https:\/\/www.csj-emballages.com\/wp-content\/uploads\/2023\/10\/logo_csj.webp\",\"width\":250,\"height\":95,\"caption\":\"CSJ Emballages\"},\"image\":{\"@id\":\"https:\/\/www.csj-emballages.com\/it\/#\/schema\/logo\/image\/\"},\"sameAs\":[\"https:\/\/www.facebook.com\/csjemballages\"],\"address\":{\"@type\":\"PostalAddress\",\"streetAddress\":\"ZI La Lechere\",\"addressLocality\":\"Patornay\",\"postalCode\":\"39130\",\"addressCountry\":\"FR\"},\"contactPoint\":[{\"@type\":\"ContactPoint\",\"contactType\":\"Service client\",\"telephone\":\"0384254272\",\"email\":\"contact@csj-emballages.com\"}]}]}<\/script>\n<!-- \/ Yoast SEO Premium plugin. -->","yoast_head_json":{"title":"Coppa Dessert Plastica - 236 ml","description":"Coppa da dessert in plastica, pensata per valorizzare le tue preparazioni. Solida e pratica, garantisce una presentazione curata e un trasporto sicuro.","robots":{"index":"index","follow":"follow","max-snippet":"max-snippet:-1","max-image-preview":"max-image-preview:large","max-video-preview":"max-video-preview:-1"},"canonical":"https:\/\/www.csj-emballages.com\/it\/produit\/coppa-dessert-plastica-236-ml-per-50\/","og_locale":"it_IT","og_type":"article","og_title":"Coppa dessert plastica 236 ml per 50","og_description":"Coppa da dessert in plastica, pensata per valorizzare le tue preparazioni. Solida e pratica, garantisce una presentazione curata e un trasporto sicuro.","og_url":"https:\/\/www.csj-emballages.com\/it\/produit\/coppa-dessert-plastica-236-ml-per-50\/","og_site_name":"CSJ Emballages","article_publisher":"https:\/\/www.facebook.com\/csjemballages","article_modified_time":"2026-04-18T00:16:30+00:00","og_image":[{"width":800,"height":800,"url":"https:\/\/www.csj-emballages.com\/wp-content\/uploads\/2024\/03\/SD8-2.webp","type":"image\/webp"}],"twitter_card":"summary_large_image","twitter_misc":{"Dur\u00e9e de lecture estim\u00e9e":"1 minuto"},"schema":{"@context":"https:\/\/schema.org","@graph":[{"@type":"WebPage","@id":"https:\/\/www.csj-emballages.com\/it\/produit\/coppa-dessert-plastica-236-ml-per-50\/","url":"https:\/\/www.csj-emballages.com\/it\/produit\/coppa-dessert-plastica-236-ml-per-50\/","name":"Coppa Dessert Plastica - 236 ml","isPartOf":{"@id":"https:\/\/www.csj-emballages.com\/it\/#website"},"primaryImageOfPage":{"@id":"https:\/\/www.csj-emballages.com\/it\/produit\/coppa-dessert-plastica-236-ml-per-50\/#primaryimage"},"image":{"@id":"https:\/\/www.csj-emballages.com\/it\/produit\/coppa-dessert-plastica-236-ml-per-50\/#primaryimage"},"thumbnailUrl":"https:\/\/www.csj-emballages.com\/wp-content\/uploads\/2024\/03\/SD8-2.webp","datePublished":"2024-03-01T15:49:22+00:00","dateModified":"2026-04-18T00:16:30+00:00","description":"Coppa da dessert in plastica, pensata per valorizzare le tue preparazioni. Solida e pratica, garantisce una presentazione curata e un trasporto sicuro.","breadcrumb":{"@id":"https:\/\/www.csj-emballages.com\/it\/produit\/coppa-dessert-plastica-236-ml-per-50\/#breadcrumb"},"inLanguage":"it-IT","potentialAction":[{"@type":"ReadAction","target":["https:\/\/www.csj-emballages.com\/it\/produit\/coppa-dessert-plastica-236-ml-per-50\/"]}]},{"@type":"ImageObject","inLanguage":"it-IT","@id":"https:\/\/www.csj-emballages.com\/it\/produit\/coppa-dessert-plastica-236-ml-per-50\/#primaryimage","url":"https:\/\/www.csj-emballages.com\/wp-content\/uploads\/2024\/03\/SD8-2.webp","contentUrl":"https:\/\/www.csj-emballages.com\/wp-content\/uploads\/2024\/03\/SD8-2.webp","width":800,"height":800,"caption":"Coupe \u00e0 dessert"},{"@type":"BreadcrumbList","@id":"https:\/\/www.csj-emballages.com\/it\/produit\/coppa-dessert-plastica-236-ml-per-50\/#breadcrumb","itemListElement":[{"@type":"ListItem","position":1,"name":"Home","item":"https:\/\/www.csj-emballages.com\/it\/universo-imballaggi-alimentari\/"},{"@type":"ListItem","position":2,"name":"Negozio","item":"https:\/\/www.csj-emballages.com\/it\/negozio\/"},{"@type":"ListItem","position":3,"name":"Coppa dessert plastica 236 ml per 50"}]},{"@type":"WebSite","@id":"https:\/\/www.csj-emballages.com\/it\/#website","url":"https:\/\/www.csj-emballages.com\/it\/","name":"CSJ Emballages","description":"","publisher":{"@id":"https:\/\/www.csj-emballages.com\/it\/#organization"},"potentialAction":[{"@type":"SearchAction","target":{"@type":"EntryPoint","urlTemplate":"https:\/\/www.csj-emballages.com\/it\/?s={search_term_string}"},"query-input":{"@type":"PropertyValueSpecification","valueRequired":true,"valueName":"search_term_string"}}],"inLanguage":"it-IT"},{"@type":"Organization","@id":"https:\/\/www.csj-emballages.com\/it\/#Organization\/","name":"CSJ Emballages","url":"https:\/\/www.csj-emballages.com\/it\/","logo":{"@type":"ImageObject","inLanguage":"it-IT","@id":"https:\/\/www.csj-emballages.com\/it\/#\/schema\/logo\/image\/","url":"https:\/\/www.csj-emballages.com\/wp-content\/uploads\/2023\/10\/logo_csj.webp","contentUrl":"https:\/\/www.csj-emballages.com\/wp-content\/uploads\/2023\/10\/logo_csj.webp","width":250,"height":95,"caption":"CSJ Emballages"},"image":{"@id":"https:\/\/www.csj-emballages.com\/it\/#\/schema\/logo\/image\/"},"sameAs":["https:\/\/www.facebook.com\/csjemballages"],"address":{"@type":"PostalAddress","streetAddress":"ZI La Lechere","addressLocality":"Patornay","postalCode":"39130","addressCountry":"FR"},"contactPoint":[{"@type":"ContactPoint","contactType":"Service client","telephone":"0384254272","email":"contact@csj-emballages.com"}]}]}},"df_price":3.97,"df_sale_price":"","df_regular_price":3.97,"df_image_link":"https:\/\/www.csj-emballages.com\/wp-content\/uploads\/2024\/03\/SD8-2-300x300.webp","tiered_pricing_type":"fixed","tiered_pricing_fixed_rules":[],"tiered_pricing_percentage_rules":[],"tiered_pricing_minimum":1,"tiered_pricing_roles_data":[],"_links":{"self":[{"href":"https:\/\/www.csj-emballages.com\/it\/wp-json\/wp\/v2\/product\/269817","targetHints":{"allow":["GET"]}}],"collection":[{"href":"https:\/\/www.csj-emballages.com\/it\/wp-json\/wp\/v2\/product"}],"about":[{"href":"https:\/\/www.csj-emballages.com\/it\/wp-json\/wp\/v2\/types\/product"}],"wp:featuredmedia":[{"embeddable":true,"href":"https:\/\/www.csj-emballages.com\/it\/wp-json\/wp\/v2\/media\/269826"}],"wp:attachment":[{"href":"https:\/\/www.csj-emballages.com\/it\/wp-json\/wp\/v2\/media?parent=269817"}],"wp:term":[{"taxonomy":"product_brand","embeddable":true,"href":"https:\/\/www.csj-emballages.com\/it\/wp-json\/wp\/v2\/product_brand?post=269817"},{"taxonomy":"product_cat","embeddable":true,"href":"https:\/\/www.csj-emballages.com\/it\/wp-json\/wp\/v2\/product_cat?post=269817"},{"taxonomy":"product_tag","embeddable":true,"href":"https:\/\/www.csj-emballages.com\/it\/wp-json\/wp\/v2\/product_tag?post=269817"}],"curies":[{"name":"wp","href":"https:\/\/api.w.org\/{rel}","templated":true}]}}