{"id":269807,"date":"2024-03-01T16:48:56","date_gmt":"2024-03-01T15:48:56","guid":{"rendered":"https:\/\/www.csj-emballages.com\/produit\/tovaglioli-natale-merry-christmas-micro-goffrati-40-x-40-cm-da-50\/"},"modified":"2026-04-03T02:21:26","modified_gmt":"2026-04-03T00:21:26","slug":"tovaglioli-natale-merry-christmas-micro-goffrati-40-x-40-cm-da-50","status":"publish","type":"product","link":"https:\/\/www.csj-emballages.com\/it\/produit\/tovaglioli-natale-merry-christmas-micro-goffrati-40-x-40-cm-da-50\/","title":{"rendered":"Tovaglioli Natale Merry Christmas micro goffrati 40 x 40 cm da 50"},"content":{"rendered":"<h2 style=\"font-family: Roboto, sans-serif;\">Tovagliolo Natale<\/h2>\n<hr>\n<h3 style=\"font-family: Roboto, sans-serif;\"><span style=\"font-weight: bold;\">Scopri il nostro tovagliolo Natale Merry Christmas microgoffrate 40 x 40 cm da 50<\/span><\/h3>\n<p><!--more--><\/p>\n<p data-start=\"234\" data-end=\"538\">Crea un&#8217;atmosfera calda e festosa sulle tue tavole con questo <strong>tovagliolo di Natale<\/strong> in tessuto <strong>rosso<\/strong> decorato con un elegante messaggio \u201c<strong>Merry Christmas<\/strong>\u201d con finitura dorata. Il suo design curato, associato a delicati motivi a stella, aggiunge immediatamente un tocco di magia e raffinatezza ai tuoi pasti di fine anno. <\/p>\n<p data-start=\"540\" data-end=\"919\">Il contrasto tra il <strong>rosso<\/strong> intenso e le stampe <strong>dorate<\/strong> conferisce a questo tovagliolo un aspetto visivo di alta gamma, ideale per impreziosire le tue tavole di Natale, buffet o eventi festivi. Sia per uso professionale nella ristorazione che per un evento speciale, contribuisce pienamente all&#8217;esperienza del cliente curando i minimi dettagli della tua decorazione. <\/p>\n<p data-start=\"921\" data-end=\"1272\">Realizzato in <strong>tessuto<\/strong> di qualit\u00e0, questo <strong>tovagliolo<\/strong> unisce estetica e praticit\u00e0. Morbido al tatto, offre una buona resistenza per tutta la durata del pasto ed \u00e8 perfetto per l&#8217;uso quotidiano durante le festivit\u00e0 come per le occasioni speciali. Si integra facilmente in tutti gli stili di decorazione: tradizionale, moderno o chic.  <\/p>\n<p data-start=\"921\" data-end=\"1272\">\n<p data-start=\"488\" data-end=\"737\"><!--more--><\/p>\n<h4 data-start=\"488\" data-end=\"737\">Vantaggi:<\/h4>\n<ul>\n<li data-section-id=\"1xmu2zl\" data-start=\"1869\" data-end=\"1916\">Design festivo <strong>rosso e oro<\/strong>, molto attraente<\/li>\n<li data-section-id=\"ml7hda\" data-start=\"1917\" data-end=\"1970\">Scritta \u201c<strong>Merry Christmas<\/strong>\u201d elegante e moderna<\/li>\n<li data-section-id=\"15ofl6j\" data-start=\"1971\" data-end=\"2030\">Motivi a stelle per un&#8217;atmosfera magica e calda<\/li>\n<li data-section-id=\"odqflm\" data-start=\"2031\" data-end=\"2079\">Tessuto resistente e piacevole all&#8217;uso<\/li>\n<li data-section-id=\"cg11ot\" data-start=\"2080\" data-end=\"2121\">Perfetto per le feste di fine anno<\/li>\n<li data-section-id=\"dl95ha\" data-start=\"2122\" data-end=\"2172\">Adatto per uso professionale o privato<\/li>\n<\/ul>\n<p data-start=\"488\" data-end=\"737\">\n<p data-start=\"488\" data-end=\"737\"><!--more--><\/p>\n<h4>Altre informazioni:<\/h4>\n<div style=\"font-family: Roboto, sans-serif;\">\n<ul>\n<li><strong>Confezionamento<\/strong>: Pacco da 50<\/li>\n<li><strong>Dimensioni<\/strong> : 40 x 40 cm<\/li>\n<li><strong>Materiale<\/strong>: Tessuto<\/li>\n<li><strong>Grammatura<\/strong>: 18 g\/m\u00b2<\/li>\n<li><strong>Colore<\/strong>: Rosso \/ Oro<\/li>\n<\/ul>\n<p>&nbsp;<\/p>\n<\/div>\n<p><!--more--><\/p>\n<p><a href=\"https:\/\/www.csj-emballages.com\/it\/categorie-produit\/imballaggi-alimentari\/ristorazione\/tovaglioli-set-da-tavola-tovaglie\/tovaglioli\/tovaglioli-microgoffrati-2-veli\/\">Consulta il resto della nostra gamma di tovaglioli microgoffrati a 2 veli<\/a><\/p>\n","protected":false},"excerpt":{"rendered":"<p>Tovagliolo Natale Scopri il nostro tovagliolo Natale Merry Christmas microgoffrate 40 x 40 cm da 50<\/p>\n","protected":false},"featured_media":276010,"template":"","meta":{"_acf_changed":false},"product_brand":[],"product_cat":[10346,10375,10406,11124,11125],"product_tag":[],"class_list":{"0":"post-269807","1":"product","2":"type-product","3":"status-publish","4":"has-post-thumbnail","6":"product_cat-imballaggi-alimentari","7":"product_cat-ristorazione","8":"product_cat-tovaglioli-set-da-tavola-tovaglie","9":"product_cat-tovaglioli","10":"product_cat-tovaglioli-microgoffrati-2-veli","12":"first","13":"instock","14":"taxable","15":"shipping-taxable","16":"purchasable","17":"product-type-simple"},"acf":[],"yoast_head":"<!-- This site is optimized with the Yoast SEO Premium plugin v26.6 (Yoast SEO v26.6) - https:\/\/yoast.com\/wordpress\/plugins\/seo\/ -->\n<title>Tovagliolo Natale Merry Christmas Microgoffrate 40 x 40 cm da 50<\/title>\n<meta name=\"description\" content=\"Tovagliolo di Natale in tessuto rosso \u201cMerry Christmas\u201d con motivi dorati. Ideale per tavole festive, ristoranti ed eventi. Elegante, resistente e festivo.\" \/>\n<meta name=\"robots\" content=\"index, follow, max-snippet:-1, max-image-preview:large, max-video-preview:-1\" \/>\n<link rel=\"canonical\" href=\"https:\/\/www.csj-emballages.com\/it\/produit\/tovaglioli-natale-merry-christmas-micro-goffrati-40-x-40-cm-da-50\/\" \/>\n<meta property=\"og:locale\" content=\"it_IT\" \/>\n<meta property=\"og:type\" content=\"article\" \/>\n<meta property=\"og:title\" content=\"Tovaglioli Natale Merry Christmas micro goffrati 40 x 40 cm da 50\" \/>\n<meta property=\"og:description\" content=\"Tovagliolo di Natale in tessuto rosso \u201cMerry Christmas\u201d con motivi dorati. Ideale per tavole festive, ristoranti ed eventi. Elegante, resistente e festivo.\" \/>\n<meta property=\"og:url\" content=\"https:\/\/www.csj-emballages.com\/it\/produit\/tovaglioli-natale-merry-christmas-micro-goffrati-40-x-40-cm-da-50\/\" \/>\n<meta property=\"og:site_name\" content=\"CSJ Emballages\" \/>\n<meta property=\"article:publisher\" content=\"https:\/\/www.facebook.com\/csjemballages\" \/>\n<meta property=\"article:modified_time\" content=\"2026-04-03T00:21:26+00:00\" \/>\n<meta property=\"og:image\" content=\"https:\/\/www.csj-emballages.com\/wp-content\/uploads\/2024\/03\/18988.webp\" \/>\n\t<meta property=\"og:image:width\" content=\"800\" \/>\n\t<meta property=\"og:image:height\" content=\"800\" \/>\n\t<meta property=\"og:image:type\" content=\"image\/webp\" \/>\n<meta name=\"twitter:card\" content=\"summary_large_image\" \/>\n<meta name=\"twitter:label1\" content=\"Dur\u00e9e de lecture estim\u00e9e\" \/>\n\t<meta name=\"twitter:data1\" content=\"1 minuto\" \/>\n<script type=\"application\/ld+json\" class=\"yoast-schema-graph\">{\"@context\":\"https:\/\/schema.org\",\"@graph\":[{\"@type\":\"WebPage\",\"@id\":\"https:\/\/www.csj-emballages.com\/it\/produit\/tovaglioli-natale-merry-christmas-micro-goffrati-40-x-40-cm-da-50\/\",\"url\":\"https:\/\/www.csj-emballages.com\/it\/produit\/tovaglioli-natale-merry-christmas-micro-goffrati-40-x-40-cm-da-50\/\",\"name\":\"Tovagliolo Natale Merry Christmas Microgoffrate 40 x 40 cm da 50\",\"isPartOf\":{\"@id\":\"https:\/\/www.csj-emballages.com\/it\/#website\"},\"primaryImageOfPage\":{\"@id\":\"https:\/\/www.csj-emballages.com\/it\/produit\/tovaglioli-natale-merry-christmas-micro-goffrati-40-x-40-cm-da-50\/#primaryimage\"},\"image\":{\"@id\":\"https:\/\/www.csj-emballages.com\/it\/produit\/tovaglioli-natale-merry-christmas-micro-goffrati-40-x-40-cm-da-50\/#primaryimage\"},\"thumbnailUrl\":\"https:\/\/www.csj-emballages.com\/wp-content\/uploads\/2024\/03\/18988.webp\",\"datePublished\":\"2024-03-01T15:48:56+00:00\",\"dateModified\":\"2026-04-03T00:21:26+00:00\",\"description\":\"Tovagliolo di Natale in tessuto rosso \u201cMerry Christmas\u201d con motivi dorati. Ideale per tavole festive, ristoranti ed eventi. Elegante, resistente e festivo.\",\"breadcrumb\":{\"@id\":\"https:\/\/www.csj-emballages.com\/it\/produit\/tovaglioli-natale-merry-christmas-micro-goffrati-40-x-40-cm-da-50\/#breadcrumb\"},\"inLanguage\":\"it-IT\",\"potentialAction\":[{\"@type\":\"ReadAction\",\"target\":[\"https:\/\/www.csj-emballages.com\/it\/produit\/tovaglioli-natale-merry-christmas-micro-goffrati-40-x-40-cm-da-50\/\"]}]},{\"@type\":\"ImageObject\",\"inLanguage\":\"it-IT\",\"@id\":\"https:\/\/www.csj-emballages.com\/it\/produit\/tovaglioli-natale-merry-christmas-micro-goffrati-40-x-40-cm-da-50\/#primaryimage\",\"url\":\"https:\/\/www.csj-emballages.com\/wp-content\/uploads\/2024\/03\/18988.webp\",\"contentUrl\":\"https:\/\/www.csj-emballages.com\/wp-content\/uploads\/2024\/03\/18988.webp\",\"width\":800,\"height\":800},{\"@type\":\"BreadcrumbList\",\"@id\":\"https:\/\/www.csj-emballages.com\/it\/produit\/tovaglioli-natale-merry-christmas-micro-goffrati-40-x-40-cm-da-50\/#breadcrumb\",\"itemListElement\":[{\"@type\":\"ListItem\",\"position\":1,\"name\":\"Home\",\"item\":\"https:\/\/www.csj-emballages.com\/it\/universo-imballaggi-alimentari\/\"},{\"@type\":\"ListItem\",\"position\":2,\"name\":\"Negozio\",\"item\":\"https:\/\/www.csj-emballages.com\/it\/negozio\/\"},{\"@type\":\"ListItem\",\"position\":3,\"name\":\"Tovaglioli Natale Merry Christmas micro goffrati 40 x 40 cm da 50\"}]},{\"@type\":\"WebSite\",\"@id\":\"https:\/\/www.csj-emballages.com\/it\/#website\",\"url\":\"https:\/\/www.csj-emballages.com\/it\/\",\"name\":\"CSJ Emballages\",\"description\":\"\",\"publisher\":{\"@id\":\"https:\/\/www.csj-emballages.com\/it\/#organization\"},\"potentialAction\":[{\"@type\":\"SearchAction\",\"target\":{\"@type\":\"EntryPoint\",\"urlTemplate\":\"https:\/\/www.csj-emballages.com\/it\/?s={search_term_string}\"},\"query-input\":{\"@type\":\"PropertyValueSpecification\",\"valueRequired\":true,\"valueName\":\"search_term_string\"}}],\"inLanguage\":\"it-IT\"},{\"@type\":\"Organization\",\"@id\":\"https:\/\/www.csj-emballages.com\/it\/#Organization\/\",\"name\":\"CSJ Emballages\",\"url\":\"https:\/\/www.csj-emballages.com\/it\/\",\"logo\":{\"@type\":\"ImageObject\",\"inLanguage\":\"it-IT\",\"@id\":\"https:\/\/www.csj-emballages.com\/it\/#\/schema\/logo\/image\/\",\"url\":\"https:\/\/www.csj-emballages.com\/wp-content\/uploads\/2023\/10\/logo_csj.webp\",\"contentUrl\":\"https:\/\/www.csj-emballages.com\/wp-content\/uploads\/2023\/10\/logo_csj.webp\",\"width\":250,\"height\":95,\"caption\":\"CSJ Emballages\"},\"image\":{\"@id\":\"https:\/\/www.csj-emballages.com\/it\/#\/schema\/logo\/image\/\"},\"sameAs\":[\"https:\/\/www.facebook.com\/csjemballages\"],\"address\":{\"@type\":\"PostalAddress\",\"streetAddress\":\"ZI La Lechere\",\"addressLocality\":\"Patornay\",\"postalCode\":\"39130\",\"addressCountry\":\"FR\"},\"contactPoint\":[{\"@type\":\"ContactPoint\",\"contactType\":\"Service client\",\"telephone\":\"0384254272\",\"email\":\"contact@csj-emballages.com\"}]}]}<\/script>\n<!-- \/ Yoast SEO Premium plugin. -->","yoast_head_json":{"title":"Tovagliolo Natale Merry Christmas Microgoffrate 40 x 40 cm da 50","description":"Tovagliolo di Natale in tessuto rosso \u201cMerry Christmas\u201d con motivi dorati. Ideale per tavole festive, ristoranti ed eventi. Elegante, resistente e festivo.","robots":{"index":"index","follow":"follow","max-snippet":"max-snippet:-1","max-image-preview":"max-image-preview:large","max-video-preview":"max-video-preview:-1"},"canonical":"https:\/\/www.csj-emballages.com\/it\/produit\/tovaglioli-natale-merry-christmas-micro-goffrati-40-x-40-cm-da-50\/","og_locale":"it_IT","og_type":"article","og_title":"Tovaglioli Natale Merry Christmas micro goffrati 40 x 40 cm da 50","og_description":"Tovagliolo di Natale in tessuto rosso \u201cMerry Christmas\u201d con motivi dorati. Ideale per tavole festive, ristoranti ed eventi. Elegante, resistente e festivo.","og_url":"https:\/\/www.csj-emballages.com\/it\/produit\/tovaglioli-natale-merry-christmas-micro-goffrati-40-x-40-cm-da-50\/","og_site_name":"CSJ Emballages","article_publisher":"https:\/\/www.facebook.com\/csjemballages","article_modified_time":"2026-04-03T00:21:26+00:00","og_image":[{"width":800,"height":800,"url":"https:\/\/www.csj-emballages.com\/wp-content\/uploads\/2024\/03\/18988.webp","type":"image\/webp"}],"twitter_card":"summary_large_image","twitter_misc":{"Dur\u00e9e de lecture estim\u00e9e":"1 minuto"},"schema":{"@context":"https:\/\/schema.org","@graph":[{"@type":"WebPage","@id":"https:\/\/www.csj-emballages.com\/it\/produit\/tovaglioli-natale-merry-christmas-micro-goffrati-40-x-40-cm-da-50\/","url":"https:\/\/www.csj-emballages.com\/it\/produit\/tovaglioli-natale-merry-christmas-micro-goffrati-40-x-40-cm-da-50\/","name":"Tovagliolo Natale Merry Christmas Microgoffrate 40 x 40 cm da 50","isPartOf":{"@id":"https:\/\/www.csj-emballages.com\/it\/#website"},"primaryImageOfPage":{"@id":"https:\/\/www.csj-emballages.com\/it\/produit\/tovaglioli-natale-merry-christmas-micro-goffrati-40-x-40-cm-da-50\/#primaryimage"},"image":{"@id":"https:\/\/www.csj-emballages.com\/it\/produit\/tovaglioli-natale-merry-christmas-micro-goffrati-40-x-40-cm-da-50\/#primaryimage"},"thumbnailUrl":"https:\/\/www.csj-emballages.com\/wp-content\/uploads\/2024\/03\/18988.webp","datePublished":"2024-03-01T15:48:56+00:00","dateModified":"2026-04-03T00:21:26+00:00","description":"Tovagliolo di Natale in tessuto rosso \u201cMerry Christmas\u201d con motivi dorati. Ideale per tavole festive, ristoranti ed eventi. Elegante, resistente e festivo.","breadcrumb":{"@id":"https:\/\/www.csj-emballages.com\/it\/produit\/tovaglioli-natale-merry-christmas-micro-goffrati-40-x-40-cm-da-50\/#breadcrumb"},"inLanguage":"it-IT","potentialAction":[{"@type":"ReadAction","target":["https:\/\/www.csj-emballages.com\/it\/produit\/tovaglioli-natale-merry-christmas-micro-goffrati-40-x-40-cm-da-50\/"]}]},{"@type":"ImageObject","inLanguage":"it-IT","@id":"https:\/\/www.csj-emballages.com\/it\/produit\/tovaglioli-natale-merry-christmas-micro-goffrati-40-x-40-cm-da-50\/#primaryimage","url":"https:\/\/www.csj-emballages.com\/wp-content\/uploads\/2024\/03\/18988.webp","contentUrl":"https:\/\/www.csj-emballages.com\/wp-content\/uploads\/2024\/03\/18988.webp","width":800,"height":800},{"@type":"BreadcrumbList","@id":"https:\/\/www.csj-emballages.com\/it\/produit\/tovaglioli-natale-merry-christmas-micro-goffrati-40-x-40-cm-da-50\/#breadcrumb","itemListElement":[{"@type":"ListItem","position":1,"name":"Home","item":"https:\/\/www.csj-emballages.com\/it\/universo-imballaggi-alimentari\/"},{"@type":"ListItem","position":2,"name":"Negozio","item":"https:\/\/www.csj-emballages.com\/it\/negozio\/"},{"@type":"ListItem","position":3,"name":"Tovaglioli Natale Merry Christmas micro goffrati 40 x 40 cm da 50"}]},{"@type":"WebSite","@id":"https:\/\/www.csj-emballages.com\/it\/#website","url":"https:\/\/www.csj-emballages.com\/it\/","name":"CSJ Emballages","description":"","publisher":{"@id":"https:\/\/www.csj-emballages.com\/it\/#organization"},"potentialAction":[{"@type":"SearchAction","target":{"@type":"EntryPoint","urlTemplate":"https:\/\/www.csj-emballages.com\/it\/?s={search_term_string}"},"query-input":{"@type":"PropertyValueSpecification","valueRequired":true,"valueName":"search_term_string"}}],"inLanguage":"it-IT"},{"@type":"Organization","@id":"https:\/\/www.csj-emballages.com\/it\/#Organization\/","name":"CSJ Emballages","url":"https:\/\/www.csj-emballages.com\/it\/","logo":{"@type":"ImageObject","inLanguage":"it-IT","@id":"https:\/\/www.csj-emballages.com\/it\/#\/schema\/logo\/image\/","url":"https:\/\/www.csj-emballages.com\/wp-content\/uploads\/2023\/10\/logo_csj.webp","contentUrl":"https:\/\/www.csj-emballages.com\/wp-content\/uploads\/2023\/10\/logo_csj.webp","width":250,"height":95,"caption":"CSJ Emballages"},"image":{"@id":"https:\/\/www.csj-emballages.com\/it\/#\/schema\/logo\/image\/"},"sameAs":["https:\/\/www.facebook.com\/csjemballages"],"address":{"@type":"PostalAddress","streetAddress":"ZI La Lechere","addressLocality":"Patornay","postalCode":"39130","addressCountry":"FR"},"contactPoint":[{"@type":"ContactPoint","contactType":"Service client","telephone":"0384254272","email":"contact@csj-emballages.com"}]}]}},"df_price":2.93,"df_sale_price":"","df_regular_price":2.93,"df_image_link":"https:\/\/www.csj-emballages.com\/wp-content\/uploads\/2024\/03\/18988-300x300.webp","tiered_pricing_type":"fixed","tiered_pricing_fixed_rules":[],"tiered_pricing_percentage_rules":[],"tiered_pricing_minimum":1,"tiered_pricing_roles_data":[],"_links":{"self":[{"href":"https:\/\/www.csj-emballages.com\/it\/wp-json\/wp\/v2\/product\/269807","targetHints":{"allow":["GET"]}}],"collection":[{"href":"https:\/\/www.csj-emballages.com\/it\/wp-json\/wp\/v2\/product"}],"about":[{"href":"https:\/\/www.csj-emballages.com\/it\/wp-json\/wp\/v2\/types\/product"}],"wp:featuredmedia":[{"embeddable":true,"href":"https:\/\/www.csj-emballages.com\/it\/wp-json\/wp\/v2\/media\/276010"}],"wp:attachment":[{"href":"https:\/\/www.csj-emballages.com\/it\/wp-json\/wp\/v2\/media?parent=269807"}],"wp:term":[{"taxonomy":"product_brand","embeddable":true,"href":"https:\/\/www.csj-emballages.com\/it\/wp-json\/wp\/v2\/product_brand?post=269807"},{"taxonomy":"product_cat","embeddable":true,"href":"https:\/\/www.csj-emballages.com\/it\/wp-json\/wp\/v2\/product_cat?post=269807"},{"taxonomy":"product_tag","embeddable":true,"href":"https:\/\/www.csj-emballages.com\/it\/wp-json\/wp\/v2\/product_tag?post=269807"}],"curies":[{"name":"wp","href":"https:\/\/api.w.org\/{rel}","templated":true}]}}