{"id":269799,"date":"2024-03-01T16:48:55","date_gmt":"2024-03-01T15:48:55","guid":{"rendered":"https:\/\/www.csj-emballages.com\/produit\/tovagliolo-natale-inverno-micro-goffrato-40-x-40-cm-da-50\/"},"modified":"2026-03-12T16:43:52","modified_gmt":"2026-03-12T15:43:52","slug":"tovagliolo-natale-inverno-micro-goffrato-40-x-40-cm-da-50","status":"publish","type":"product","link":"https:\/\/www.csj-emballages.com\/it\/produit\/tovagliolo-natale-inverno-micro-goffrato-40-x-40-cm-da-50\/","title":{"rendered":"Tovagliolo Natale Inverno micro goffrato 40 x 40 cm da 50"},"content":{"rendered":"<h2>Tovagliolo Natale<\/h2>\n<hr>\n<h3><span style=\"font-weight: bold;\">Scopri i nostri tovaglioli Natale Inverno micro goffrati 40 x 40 cm da 50<\/span><\/h3>\n<p><!--more--><\/p>\n<div class=\"flex max-w-full flex-col flex-grow\">\n<div class=\"min-h-8 text-message flex w-full flex-col items-end gap-2 whitespace-normal break-words text-start [.text-message+&amp;]:mt-5\" dir=\"auto\" data-message-author-role=\"assistant\" data-message-id=\"9b149096-222c-4804-b25c-623d8d364029\" data-message-model-slug=\"gpt-4o-mini\">\n<div class=\"flex w-full flex-col gap-1 empty:hidden first:pt-[3px]\">\n<div class=\"markdown prose w-full break-words dark:prose-invert dark\">\n<p data-start=\"109\" data-end=\"570\">Prepara le tue tavole festive con eleganza grazie ai <strong data-start=\"162\" data-end=\"222\">tovaglioli Natale Inverno micro goffrati 40 x 40 cm da 50<\/strong>. Pensati per ristoratori, catering ma anche per privati attenti all&#8217;arte della tavola, donano immediatamente un&#8217;atmosfera calda e raffinata ai tuoi pasti. Il loro design invernale con motivi delicati evoca tutta la magia delle feste di fine anno, trasformando una semplice tavola in un ambiente accogliente e conviviale.  <\/p>\n<p data-start=\"572\" data-end=\"1072\">Questi <strong data-start=\"576\" data-end=\"598\">tovaglioli di Natale<\/strong> dal formato generoso di <strong>40 x 40 cm<\/strong> si distinguono per la loro texture <strong data-start=\"664\" data-end=\"682\">micro goffrata<\/strong>, garantendo comfort e resistenza. Inoltre, sono piacevoli al tatto, assorbenti e sufficientemente robusti per resistere a un pasto completo, che si tratti di una cena gourmet, un buffet festivo o un pranzo in famiglia. Grazie alla loro finitura curata, si piegano facilmente e si adattano a tutte le tue presentazioni in tavola.  <\/p>\n<p data-start=\"1074\" data-end=\"1408\">Allo stesso modo, confezionati da 50, questi <strong data-start=\"1100\" data-end=\"1121\">tovaglioli Inverno<\/strong> offrono un eccellente rapporto qualit\u00e0-prezzo, permettendoti di coprire pi\u00f9 tavoli o pi\u00f9 servizi senza compromettere l&#8217;estetica.<\/p>\n<p data-start=\"1410\" data-end=\"1663\">Infatti, scegliendo questi <strong data-start=\"1429\" data-end=\"1466\">tovaglioli Natale Inverno 40 x 40 cm<\/strong>, punti sulla praticit\u00e0 e sull&#8217;eleganza. Sono perfetti per sorprendere i tuoi ospiti, valorizzare i tuoi piatti e aggiungere un tocco di magia in pi\u00f9 alle tue celebrazioni di fine anno. <\/p>\n<\/div>\n<p data-start=\"1410\" data-end=\"1663\">\n<\/div>\n<\/div>\n<\/div>\n<p><!--more--><\/p>\n<h4>Vantaggi:<\/h4>\n<ul>\n<li>Formato 40 x 40 cm ideale per tutte le tavole festive.<\/li>\n<li>Texture micro goffrata assorbente e resistente.<\/li>\n<li>Design invernale raffinato per un&#8217;atmosfera calda.<\/li>\n<li>Confezione pratica da 50 tovaglioli.<\/li>\n<li>Adatto a professionisti e privati<\/li>\n<\/ul>\n<p>&nbsp;<\/p>\n<p><!--more--><\/p>\n<h4>Altre informazioni:<\/h4>\n<ul>\n<li><strong>Confezionamento<\/strong>: Pacchetto da 50<\/li>\n<li><strong>Colore<\/strong>: Sabbia \/ Decorazioni<\/li>\n<li><strong>Dimensioni<\/strong>: 40 x 40 cm aperti<\/li>\n<li><strong>Materiale<\/strong>: Tessuto<\/li>\n<\/ul>\n<p>&nbsp;<\/p>\n<p><!--more--><\/p>\n<p><a href=\"https:\/\/www.csj-emballages.com\/categorie-produit\/imballaggi-alimentari\/ristorazione\/tovaglioli-set-da-tavola-tovaglie\/tovaglioli\/serviettes-2-plis\/\">Consulta il resto della nostra gamma di tovaglioli a 2 veli<\/a><\/p>\n","protected":false},"excerpt":{"rendered":"<p>Tovagliolo Natale Scopri i nostri tovaglioli Natale Inverno micro goffrati 40 x 40 cm da 50<\/p>\n","protected":false},"featured_media":269803,"template":"","meta":{"_acf_changed":false},"product_brand":[],"product_cat":[10346,10375,10406,11124,11125],"product_tag":[],"class_list":{"0":"post-269799","1":"product","2":"type-product","3":"status-publish","4":"has-post-thumbnail","6":"product_cat-imballaggi-alimentari","7":"product_cat-ristorazione","8":"product_cat-tovaglioli-set-da-tavola-tovaglie","9":"product_cat-tovaglioli","10":"product_cat-tovaglioli-microgoffrati-2-veli","12":"first","13":"instock","14":"taxable","15":"shipping-taxable","16":"purchasable","17":"product-type-simple"},"acf":[],"yoast_head":"<!-- This site is optimized with the Yoast SEO Premium plugin v26.6 (Yoast SEO v26.6) - https:\/\/yoast.com\/wordpress\/plugins\/seo\/ -->\n<title>Tovaglioli Natale Inverno Micro Goffrati 40 x 40 cm da 50<\/title>\n<meta name=\"description\" content=\"Porta eleganza alle tue feste con i tovaglioli Natale Inverno micro goffrati 40 x 40 cm da 50: resistenti, assorbenti e dal design raffinato.\" \/>\n<meta name=\"robots\" content=\"index, follow, max-snippet:-1, max-image-preview:large, max-video-preview:-1\" \/>\n<link rel=\"canonical\" href=\"https:\/\/www.csj-emballages.com\/it\/produit\/tovagliolo-natale-inverno-micro-goffrato-40-x-40-cm-da-50\/\" \/>\n<meta property=\"og:locale\" content=\"it_IT\" \/>\n<meta property=\"og:type\" content=\"article\" \/>\n<meta property=\"og:title\" content=\"Tovagliolo Natale Inverno micro goffrato 40 x 40 cm da 50\" \/>\n<meta property=\"og:description\" content=\"Porta eleganza alle tue feste con i tovaglioli Natale Inverno micro goffrati 40 x 40 cm da 50: resistenti, assorbenti e dal design raffinato.\" \/>\n<meta property=\"og:url\" content=\"https:\/\/www.csj-emballages.com\/it\/produit\/tovagliolo-natale-inverno-micro-goffrato-40-x-40-cm-da-50\/\" \/>\n<meta property=\"og:site_name\" content=\"CSJ Emballages\" \/>\n<meta property=\"article:publisher\" content=\"https:\/\/www.facebook.com\/csjemballages\" \/>\n<meta property=\"article:modified_time\" content=\"2026-03-12T15:43:52+00:00\" \/>\n<meta property=\"og:image\" content=\"https:\/\/www.csj-emballages.com\/wp-content\/uploads\/2024\/03\/Capture-d-e-cran-2023-11-09-a-14-48-47-zoom.png\" \/>\n\t<meta property=\"og:image:width\" content=\"539\" \/>\n\t<meta property=\"og:image:height\" content=\"516\" \/>\n\t<meta property=\"og:image:type\" content=\"image\/png\" \/>\n<meta name=\"twitter:card\" content=\"summary_large_image\" \/>\n<meta name=\"twitter:label1\" content=\"Dur\u00e9e de lecture estim\u00e9e\" \/>\n\t<meta name=\"twitter:data1\" content=\"1 minuto\" \/>\n<script type=\"application\/ld+json\" class=\"yoast-schema-graph\">{\"@context\":\"https:\/\/schema.org\",\"@graph\":[{\"@type\":\"WebPage\",\"@id\":\"https:\/\/www.csj-emballages.com\/it\/produit\/tovagliolo-natale-inverno-micro-goffrato-40-x-40-cm-da-50\/\",\"url\":\"https:\/\/www.csj-emballages.com\/it\/produit\/tovagliolo-natale-inverno-micro-goffrato-40-x-40-cm-da-50\/\",\"name\":\"Tovaglioli Natale Inverno Micro Goffrati 40 x 40 cm da 50\",\"isPartOf\":{\"@id\":\"https:\/\/www.csj-emballages.com\/it\/#website\"},\"primaryImageOfPage\":{\"@id\":\"https:\/\/www.csj-emballages.com\/it\/produit\/tovagliolo-natale-inverno-micro-goffrato-40-x-40-cm-da-50\/#primaryimage\"},\"image\":{\"@id\":\"https:\/\/www.csj-emballages.com\/it\/produit\/tovagliolo-natale-inverno-micro-goffrato-40-x-40-cm-da-50\/#primaryimage\"},\"thumbnailUrl\":\"https:\/\/www.csj-emballages.com\/wp-content\/uploads\/2024\/03\/Capture-d-e-cran-2023-11-09-a-14-48-47-zoom.png\",\"datePublished\":\"2024-03-01T15:48:55+00:00\",\"dateModified\":\"2026-03-12T15:43:52+00:00\",\"description\":\"Porta eleganza alle tue feste con i tovaglioli Natale Inverno micro goffrati 40 x 40 cm da 50: resistenti, assorbenti e dal design raffinato.\",\"breadcrumb\":{\"@id\":\"https:\/\/www.csj-emballages.com\/it\/produit\/tovagliolo-natale-inverno-micro-goffrato-40-x-40-cm-da-50\/#breadcrumb\"},\"inLanguage\":\"it-IT\",\"potentialAction\":[{\"@type\":\"ReadAction\",\"target\":[\"https:\/\/www.csj-emballages.com\/it\/produit\/tovagliolo-natale-inverno-micro-goffrato-40-x-40-cm-da-50\/\"]}]},{\"@type\":\"ImageObject\",\"inLanguage\":\"it-IT\",\"@id\":\"https:\/\/www.csj-emballages.com\/it\/produit\/tovagliolo-natale-inverno-micro-goffrato-40-x-40-cm-da-50\/#primaryimage\",\"url\":\"https:\/\/www.csj-emballages.com\/wp-content\/uploads\/2024\/03\/Capture-d-e-cran-2023-11-09-a-14-48-47-zoom.png\",\"contentUrl\":\"https:\/\/www.csj-emballages.com\/wp-content\/uploads\/2024\/03\/Capture-d-e-cran-2023-11-09-a-14-48-47-zoom.png\",\"width\":539,\"height\":516},{\"@type\":\"BreadcrumbList\",\"@id\":\"https:\/\/www.csj-emballages.com\/it\/produit\/tovagliolo-natale-inverno-micro-goffrato-40-x-40-cm-da-50\/#breadcrumb\",\"itemListElement\":[{\"@type\":\"ListItem\",\"position\":1,\"name\":\"Home\",\"item\":\"https:\/\/www.csj-emballages.com\/it\/universo-imballaggi-alimentari\/\"},{\"@type\":\"ListItem\",\"position\":2,\"name\":\"Negozio\",\"item\":\"https:\/\/www.csj-emballages.com\/it\/negozio\/\"},{\"@type\":\"ListItem\",\"position\":3,\"name\":\"Tovagliolo Natale Inverno micro goffrato 40 x 40 cm da 50\"}]},{\"@type\":\"WebSite\",\"@id\":\"https:\/\/www.csj-emballages.com\/it\/#website\",\"url\":\"https:\/\/www.csj-emballages.com\/it\/\",\"name\":\"CSJ Emballages\",\"description\":\"\",\"publisher\":{\"@id\":\"https:\/\/www.csj-emballages.com\/it\/#organization\"},\"potentialAction\":[{\"@type\":\"SearchAction\",\"target\":{\"@type\":\"EntryPoint\",\"urlTemplate\":\"https:\/\/www.csj-emballages.com\/it\/?s={search_term_string}\"},\"query-input\":{\"@type\":\"PropertyValueSpecification\",\"valueRequired\":true,\"valueName\":\"search_term_string\"}}],\"inLanguage\":\"it-IT\"},{\"@type\":\"Organization\",\"@id\":\"https:\/\/www.csj-emballages.com\/it\/#Organization\/\",\"name\":\"CSJ Emballages\",\"url\":\"https:\/\/www.csj-emballages.com\/it\/\",\"logo\":{\"@type\":\"ImageObject\",\"inLanguage\":\"it-IT\",\"@id\":\"https:\/\/www.csj-emballages.com\/it\/#\/schema\/logo\/image\/\",\"url\":\"https:\/\/www.csj-emballages.com\/wp-content\/uploads\/2023\/10\/logo_csj.webp\",\"contentUrl\":\"https:\/\/www.csj-emballages.com\/wp-content\/uploads\/2023\/10\/logo_csj.webp\",\"width\":250,\"height\":95,\"caption\":\"CSJ Emballages\"},\"image\":{\"@id\":\"https:\/\/www.csj-emballages.com\/it\/#\/schema\/logo\/image\/\"},\"sameAs\":[\"https:\/\/www.facebook.com\/csjemballages\"],\"address\":{\"@type\":\"PostalAddress\",\"streetAddress\":\"ZI La Lechere\",\"addressLocality\":\"Patornay\",\"postalCode\":\"39130\",\"addressCountry\":\"FR\"},\"contactPoint\":[{\"@type\":\"ContactPoint\",\"contactType\":\"Service client\",\"telephone\":\"0384254272\",\"email\":\"contact@csj-emballages.com\"}]}]}<\/script>\n<!-- \/ Yoast SEO Premium plugin. -->","yoast_head_json":{"title":"Tovaglioli Natale Inverno Micro Goffrati 40 x 40 cm da 50","description":"Porta eleganza alle tue feste con i tovaglioli Natale Inverno micro goffrati 40 x 40 cm da 50: resistenti, assorbenti e dal design raffinato.","robots":{"index":"index","follow":"follow","max-snippet":"max-snippet:-1","max-image-preview":"max-image-preview:large","max-video-preview":"max-video-preview:-1"},"canonical":"https:\/\/www.csj-emballages.com\/it\/produit\/tovagliolo-natale-inverno-micro-goffrato-40-x-40-cm-da-50\/","og_locale":"it_IT","og_type":"article","og_title":"Tovagliolo Natale Inverno micro goffrato 40 x 40 cm da 50","og_description":"Porta eleganza alle tue feste con i tovaglioli Natale Inverno micro goffrati 40 x 40 cm da 50: resistenti, assorbenti e dal design raffinato.","og_url":"https:\/\/www.csj-emballages.com\/it\/produit\/tovagliolo-natale-inverno-micro-goffrato-40-x-40-cm-da-50\/","og_site_name":"CSJ Emballages","article_publisher":"https:\/\/www.facebook.com\/csjemballages","article_modified_time":"2026-03-12T15:43:52+00:00","og_image":[{"width":539,"height":516,"url":"https:\/\/www.csj-emballages.com\/wp-content\/uploads\/2024\/03\/Capture-d-e-cran-2023-11-09-a-14-48-47-zoom.png","type":"image\/png"}],"twitter_card":"summary_large_image","twitter_misc":{"Dur\u00e9e de lecture estim\u00e9e":"1 minuto"},"schema":{"@context":"https:\/\/schema.org","@graph":[{"@type":"WebPage","@id":"https:\/\/www.csj-emballages.com\/it\/produit\/tovagliolo-natale-inverno-micro-goffrato-40-x-40-cm-da-50\/","url":"https:\/\/www.csj-emballages.com\/it\/produit\/tovagliolo-natale-inverno-micro-goffrato-40-x-40-cm-da-50\/","name":"Tovaglioli Natale Inverno Micro Goffrati 40 x 40 cm da 50","isPartOf":{"@id":"https:\/\/www.csj-emballages.com\/it\/#website"},"primaryImageOfPage":{"@id":"https:\/\/www.csj-emballages.com\/it\/produit\/tovagliolo-natale-inverno-micro-goffrato-40-x-40-cm-da-50\/#primaryimage"},"image":{"@id":"https:\/\/www.csj-emballages.com\/it\/produit\/tovagliolo-natale-inverno-micro-goffrato-40-x-40-cm-da-50\/#primaryimage"},"thumbnailUrl":"https:\/\/www.csj-emballages.com\/wp-content\/uploads\/2024\/03\/Capture-d-e-cran-2023-11-09-a-14-48-47-zoom.png","datePublished":"2024-03-01T15:48:55+00:00","dateModified":"2026-03-12T15:43:52+00:00","description":"Porta eleganza alle tue feste con i tovaglioli Natale Inverno micro goffrati 40 x 40 cm da 50: resistenti, assorbenti e dal design raffinato.","breadcrumb":{"@id":"https:\/\/www.csj-emballages.com\/it\/produit\/tovagliolo-natale-inverno-micro-goffrato-40-x-40-cm-da-50\/#breadcrumb"},"inLanguage":"it-IT","potentialAction":[{"@type":"ReadAction","target":["https:\/\/www.csj-emballages.com\/it\/produit\/tovagliolo-natale-inverno-micro-goffrato-40-x-40-cm-da-50\/"]}]},{"@type":"ImageObject","inLanguage":"it-IT","@id":"https:\/\/www.csj-emballages.com\/it\/produit\/tovagliolo-natale-inverno-micro-goffrato-40-x-40-cm-da-50\/#primaryimage","url":"https:\/\/www.csj-emballages.com\/wp-content\/uploads\/2024\/03\/Capture-d-e-cran-2023-11-09-a-14-48-47-zoom.png","contentUrl":"https:\/\/www.csj-emballages.com\/wp-content\/uploads\/2024\/03\/Capture-d-e-cran-2023-11-09-a-14-48-47-zoom.png","width":539,"height":516},{"@type":"BreadcrumbList","@id":"https:\/\/www.csj-emballages.com\/it\/produit\/tovagliolo-natale-inverno-micro-goffrato-40-x-40-cm-da-50\/#breadcrumb","itemListElement":[{"@type":"ListItem","position":1,"name":"Home","item":"https:\/\/www.csj-emballages.com\/it\/universo-imballaggi-alimentari\/"},{"@type":"ListItem","position":2,"name":"Negozio","item":"https:\/\/www.csj-emballages.com\/it\/negozio\/"},{"@type":"ListItem","position":3,"name":"Tovagliolo Natale Inverno micro goffrato 40 x 40 cm da 50"}]},{"@type":"WebSite","@id":"https:\/\/www.csj-emballages.com\/it\/#website","url":"https:\/\/www.csj-emballages.com\/it\/","name":"CSJ Emballages","description":"","publisher":{"@id":"https:\/\/www.csj-emballages.com\/it\/#organization"},"potentialAction":[{"@type":"SearchAction","target":{"@type":"EntryPoint","urlTemplate":"https:\/\/www.csj-emballages.com\/it\/?s={search_term_string}"},"query-input":{"@type":"PropertyValueSpecification","valueRequired":true,"valueName":"search_term_string"}}],"inLanguage":"it-IT"},{"@type":"Organization","@id":"https:\/\/www.csj-emballages.com\/it\/#Organization\/","name":"CSJ Emballages","url":"https:\/\/www.csj-emballages.com\/it\/","logo":{"@type":"ImageObject","inLanguage":"it-IT","@id":"https:\/\/www.csj-emballages.com\/it\/#\/schema\/logo\/image\/","url":"https:\/\/www.csj-emballages.com\/wp-content\/uploads\/2023\/10\/logo_csj.webp","contentUrl":"https:\/\/www.csj-emballages.com\/wp-content\/uploads\/2023\/10\/logo_csj.webp","width":250,"height":95,"caption":"CSJ Emballages"},"image":{"@id":"https:\/\/www.csj-emballages.com\/it\/#\/schema\/logo\/image\/"},"sameAs":["https:\/\/www.facebook.com\/csjemballages"],"address":{"@type":"PostalAddress","streetAddress":"ZI La Lechere","addressLocality":"Patornay","postalCode":"39130","addressCountry":"FR"},"contactPoint":[{"@type":"ContactPoint","contactType":"Service client","telephone":"0384254272","email":"contact@csj-emballages.com"}]}]}},"df_price":2.3,"df_sale_price":"","df_regular_price":2.3,"df_image_link":"https:\/\/www.csj-emballages.com\/wp-content\/uploads\/2024\/03\/Capture-d-e-cran-2023-11-09-a-14-48-47-zoom-300x287.png","tiered_pricing_type":"fixed","tiered_pricing_fixed_rules":[],"tiered_pricing_percentage_rules":[],"tiered_pricing_minimum":1,"tiered_pricing_roles_data":[],"_links":{"self":[{"href":"https:\/\/www.csj-emballages.com\/it\/wp-json\/wp\/v2\/product\/269799","targetHints":{"allow":["GET"]}}],"collection":[{"href":"https:\/\/www.csj-emballages.com\/it\/wp-json\/wp\/v2\/product"}],"about":[{"href":"https:\/\/www.csj-emballages.com\/it\/wp-json\/wp\/v2\/types\/product"}],"wp:featuredmedia":[{"embeddable":true,"href":"https:\/\/www.csj-emballages.com\/it\/wp-json\/wp\/v2\/media\/269803"}],"wp:attachment":[{"href":"https:\/\/www.csj-emballages.com\/it\/wp-json\/wp\/v2\/media?parent=269799"}],"wp:term":[{"taxonomy":"product_brand","embeddable":true,"href":"https:\/\/www.csj-emballages.com\/it\/wp-json\/wp\/v2\/product_brand?post=269799"},{"taxonomy":"product_cat","embeddable":true,"href":"https:\/\/www.csj-emballages.com\/it\/wp-json\/wp\/v2\/product_cat?post=269799"},{"taxonomy":"product_tag","embeddable":true,"href":"https:\/\/www.csj-emballages.com\/it\/wp-json\/wp\/v2\/product_tag?post=269799"}],"curies":[{"name":"wp","href":"https:\/\/api.w.org\/{rel}","templated":true}]}}