{"id":269786,"date":"2024-03-01T16:49:20","date_gmt":"2024-03-01T15:49:20","guid":{"rendered":"https:\/\/www.csj-emballages.com\/produit\/sacchetto-per-dolciumi-pizzo-oro-120-x-260-mm-da-100\/"},"modified":"2026-04-03T02:20:17","modified_gmt":"2026-04-03T00:20:17","slug":"sacchetto-per-dolciumi-pizzo-oro-120-x-260-mm-da-100","status":"publish","type":"product","link":"https:\/\/www.csj-emballages.com\/it\/produit\/sacchetto-per-dolciumi-pizzo-oro-120-x-260-mm-da-100\/","title":{"rendered":"Sacchetto per dolciumi pizzo oro 120 x 260 mm da 100"},"content":{"rendered":"<h2 class=\"p1\">Sacchetto per dolciumi<\/h2>\n<hr>\n<h3>Descrizione del nostro sacchetto per dolciumi pizzo oro 120 x 260 mm da 100<\/h3>\n<p><!--more--><\/p>\n<p data-start=\"0\" data-end=\"481\">Metti in risalto le tue dolcezze con questo <strong data-start=\"69\" data-end=\"124\">sacchetto per dolciumi pizzo oro 120 x 260 mm da 100<\/strong>, un imballaggio che unisce <strong data-start=\"149\" data-end=\"161\">eleganza<\/strong> e <strong data-start=\"165\" data-end=\"178\">praticit\u00e0<\/strong>. Il suo <strong data-start=\"184\" data-end=\"216\">motivo iconico e intramontabile<\/strong> in <strong data-start=\"220\" data-end=\"235\">pizzo ORO<\/strong> esalta istantaneamente biscotti, cioccolatini, confetti, torroni o pasticcini raffinati. Grazie alla sua trasparenza raffinata punteggiata da un <strong>decoro dorato<\/strong>, valorizza le tue creazioni golose creando al contempo un effetto \u00abregalo\u00bb che seduce al primo sguardo.  <\/p>\n<p data-start=\"483\" data-end=\"1076\">Infatti, pensato per i professionisti, questo <strong data-start=\"517\" data-end=\"540\">sacchetto con fondo formato<\/strong> assicura una <strong>bella<\/strong> <strong data-start=\"552\" data-end=\"577\">presentazione<\/strong>: i tuoi prodotti stanno perfettamente dritti, sia che vengano venduti in negozio, esposti su uno stand o offerti durante un evento. Grazie al suo <strong data-start=\"714\" data-end=\"729\">fondo rigido,<\/strong> garantisce una <strong data-start=\"743\" data-end=\"756\">stabilit\u00e0<\/strong> ideale, anche per pezzi delicati o assortimenti pi\u00f9 pesanti. Inoltre, l&#8217;evoluzione del materiale \u00e8 un vero vantaggio: precedentemente in cartone, il fondo \u00e8 ora in <strong data-start=\"936\" data-end=\"967\">polipropilene monomateriale<\/strong>, una scelta responsabile che rende il sacchetto <strong data-start=\"1009\" data-end=\"1023\">riciclabile<\/strong> e conforme agli obiettivi della <strong data-start=\"1056\" data-end=\"1073\">legge AGEC 2025<\/strong>.  <\/p>\n<p data-start=\"1078\" data-end=\"1502\">Nella vita di tutti i giorni, apprezzerai la sua <strong data-start=\"1112\" data-end=\"1127\">versatilit\u00e0<\/strong>. Che si tratti di dolciumi artigianali, biscotti fatti in casa o piccoli regali golosi, questo sacchetto risponde perfettamente alle esigenze di <strong data-start=\"1275\" data-end=\"1290\">biscottieri<\/strong>, <strong data-start=\"1292\" data-end=\"1308\">cioccolatieri<\/strong>, <strong data-start=\"1310\" data-end=\"1324\">confettieri<\/strong>, <strong data-start=\"1326\" data-end=\"1340\">produttori di confetti<\/strong>, <strong data-start=\"1342\" data-end=\"1356\">produttori di torroni<\/strong> e <strong data-start=\"1360\" data-end=\"1374\">pasticcieri<\/strong>. Allo stesso modo, il suo design \u00e8 <strong data-start=\"1394\" data-end=\"1425\">idoneo al contatto alimentare<\/strong>, garantendo una protezione impeccabile e il rispetto delle norme igieniche.  <\/p>\n<p data-start=\"1504\" data-end=\"1922\">Scegliendo questo <strong>sacchetto di plastica<\/strong>, combini <strong data-start=\"1544\" data-end=\"1559\">raffinatezza<\/strong>, <strong data-start=\"1561\" data-end=\"1585\">sicurezza alimentare<\/strong> e <strong data-start=\"1589\" data-end=\"1616\">approccio eco-responsabile<\/strong>. Diventer\u00e0 rapidamente un elemento indispensabile della tua gamma di imballaggi, offrendo ai tuoi clienti un&#8217;esperienza visiva e gustativa armoniosa. Adotta oggi stesso questo <strong data-start=\"1787\" data-end=\"1821\">sacchetto per dolciumi pizzo oro<\/strong>, simbolo di qualit\u00e0 e modernit\u00e0, e dai alle tue creazioni la presentazione che meritano.  <\/p>\n<p data-start=\"1367\" data-end=\"1669\"><!--more--><\/p>\n<h4 data-start=\"1367\" data-end=\"1669\">Vantaggi:<\/h4>\n<ul>\n<li data-start=\"1367\" data-end=\"1669\"><strong data-start=\"2138\" data-end=\"2159\">Motivo pizzo oro<\/strong> chic e intramontabile per una valorizzazione elegante.<\/li>\n<li data-start=\"1367\" data-end=\"1669\"><strong data-start=\"2216\" data-end=\"2237\">Fondo formato rigido<\/strong> che offre stabilit\u00e0 e presentazione curata.<\/li>\n<li data-start=\"1367\" data-end=\"1669\"><strong data-start=\"2284\" data-end=\"2315\">Monomateriale polipropilene<\/strong>, interamente <strong data-start=\"2329\" data-end=\"2343\">riciclabile<\/strong> e conforme AGEC 2025.<\/li>\n<li data-start=\"1367\" data-end=\"1669\"><strong data-start=\"2370\" data-end=\"2402\">Idonei al contatto alimentare<\/strong>, perfetti per cioccolatieri, biscottieri e confettieri.<\/li>\n<\/ul>\n<p>&nbsp;<\/p>\n<p><!--more--><\/p>\n<h4>Altre informazioni:<\/h4>\n<ul>\n<li><strong>Confezionamento<\/strong>: Confezione da 100<\/li>\n<li><strong>Dimensioni<\/strong>: 120 x 260 mm<\/li>\n<li><strong>Colore<\/strong>: Trasparente \/ Oro<\/li>\n<li><strong>Materiale<\/strong>: OPP<\/li>\n<li><strong>Spessore<\/strong>: 35 micron<\/li>\n<\/ul>\n<p>&nbsp;<\/p>\n<p><!--more--><\/p>\n<p>Questo sacchetto di plastica \u00e8 disponibile in una dimensione inferiore: <span style=\"color: #d12727;\"><a style=\"color: #d12727;\" href=\"https:\/\/www.csj-emballages.com\/produit\/100-sachets-confiseries-dentelle-or-100-x-220-mm\/\">100 x 220 mm<\/a><\/span><\/p>\n<p>&nbsp;<\/p>\n<p><!--more--><\/p>\n<p>Trova anche questo sacchetto in colore bianco: <span style=\"color: #d12727;\"><a style=\"color: #d12727;\" href=\"https:\/\/www.csj-emballages.com\/it\/produit\/sacchetto-per-confetteria-in-pizzo-bianco-120-x-260-mm-da-100\/\">SDENTELLEBLT2<\/a><\/span><\/p>\n<p>&nbsp;<\/p>\n<p><!--more--><\/p>\n<p><a href=\"https:\/\/www.csj-emballages.com\/it\/categorie-produit\/imballaggi-alimentari\/panetteria-pasticceria\/sacchi-sacchetti-e-carte\/sacchetti-per-confetteria\/sacchetti-a-tema\/sacchetti-classici\/\">Consulta il resto della nostra gamma di sacchetti per dolciumi classici<\/a><\/p>\n","protected":false},"excerpt":{"rendered":"<p>Sacchetto per dolciumi Descrizione del nostro sacchetto per dolciumi pizzo oro 120 x 260 mm da 100<\/p>\n","protected":false},"featured_media":269788,"template":"","meta":{"_acf_changed":false},"product_brand":[],"product_cat":[10346,10344,10985,11027,10345],"product_tag":[],"class_list":{"0":"post-269786","1":"product","2":"type-product","3":"status-publish","4":"has-post-thumbnail","6":"product_cat-imballaggi-alimentari","7":"product_cat-panetteria-pasticceria","8":"product_cat-sacchetti-per-confetteria","9":"product_cat-sacchetti-classici","10":"product_cat-boutique-e-negozio","12":"first","13":"instock","14":"taxable","15":"shipping-taxable","16":"purchasable","17":"product-type-simple"},"acf":[],"yoast_head":"<!-- This site is optimized with the Yoast SEO Premium plugin v26.6 (Yoast SEO v26.6) - https:\/\/yoast.com\/wordpress\/plugins\/seo\/ -->\n<title>Sacchetto Confetteria Pizzo Oro 120 x 260 mm da 100<\/title>\n<meta name=\"description\" content=\"Sacchetto per dolciumi pizzo oro 120 x 260 mm riciclabile, fondo rigido ed elegante per esaltare biscotti, cioccolatini e dolci artigianali.\" \/>\n<meta name=\"robots\" content=\"index, follow, max-snippet:-1, max-image-preview:large, max-video-preview:-1\" \/>\n<link rel=\"canonical\" href=\"https:\/\/www.csj-emballages.com\/it\/produit\/sacchetto-per-dolciumi-pizzo-oro-120-x-260-mm-da-100\/\" \/>\n<meta property=\"og:locale\" content=\"it_IT\" \/>\n<meta property=\"og:type\" content=\"article\" \/>\n<meta property=\"og:title\" content=\"Sacchetto per dolciumi pizzo oro 120 x 260 mm da 100\" \/>\n<meta property=\"og:description\" content=\"Sacchetto per dolciumi pizzo oro 120 x 260 mm riciclabile, fondo rigido ed elegante per esaltare biscotti, cioccolatini e dolci artigianali.\" \/>\n<meta property=\"og:url\" content=\"https:\/\/www.csj-emballages.com\/it\/produit\/sacchetto-per-dolciumi-pizzo-oro-120-x-260-mm-da-100\/\" \/>\n<meta property=\"og:site_name\" content=\"CSJ Emballages\" \/>\n<meta property=\"article:publisher\" content=\"https:\/\/www.facebook.com\/csjemballages\" \/>\n<meta property=\"article:modified_time\" content=\"2026-04-03T00:20:17+00:00\" \/>\n<meta property=\"og:image\" content=\"https:\/\/www.csj-emballages.com\/wp-content\/uploads\/2025\/09\/Sachets-classiques.webp\" \/>\n\t<meta property=\"og:image:width\" content=\"800\" \/>\n\t<meta property=\"og:image:height\" content=\"800\" \/>\n\t<meta property=\"og:image:type\" content=\"image\/webp\" \/>\n<meta name=\"twitter:card\" content=\"summary_large_image\" \/>\n<meta name=\"twitter:label1\" content=\"Dur\u00e9e de lecture estim\u00e9e\" \/>\n\t<meta name=\"twitter:data1\" content=\"2 minuti\" \/>\n<script type=\"application\/ld+json\" class=\"yoast-schema-graph\">{\"@context\":\"https:\/\/schema.org\",\"@graph\":[{\"@type\":\"WebPage\",\"@id\":\"https:\/\/www.csj-emballages.com\/it\/produit\/sacchetto-per-dolciumi-pizzo-oro-120-x-260-mm-da-100\/\",\"url\":\"https:\/\/www.csj-emballages.com\/it\/produit\/sacchetto-per-dolciumi-pizzo-oro-120-x-260-mm-da-100\/\",\"name\":\"Sacchetto Confetteria Pizzo Oro 120 x 260 mm da 100\",\"isPartOf\":{\"@id\":\"https:\/\/www.csj-emballages.com\/it\/#website\"},\"primaryImageOfPage\":{\"@id\":\"https:\/\/www.csj-emballages.com\/it\/produit\/sacchetto-per-dolciumi-pizzo-oro-120-x-260-mm-da-100\/#primaryimage\"},\"image\":{\"@id\":\"https:\/\/www.csj-emballages.com\/it\/produit\/sacchetto-per-dolciumi-pizzo-oro-120-x-260-mm-da-100\/#primaryimage\"},\"thumbnailUrl\":\"https:\/\/www.csj-emballages.com\/wp-content\/uploads\/2025\/09\/Sachets-classiques.webp\",\"datePublished\":\"2024-03-01T15:49:20+00:00\",\"dateModified\":\"2026-04-03T00:20:17+00:00\",\"description\":\"Sacchetto per dolciumi pizzo oro 120 x 260 mm riciclabile, fondo rigido ed elegante per esaltare biscotti, cioccolatini e dolci artigianali.\",\"breadcrumb\":{\"@id\":\"https:\/\/www.csj-emballages.com\/it\/produit\/sacchetto-per-dolciumi-pizzo-oro-120-x-260-mm-da-100\/#breadcrumb\"},\"inLanguage\":\"it-IT\",\"potentialAction\":[{\"@type\":\"ReadAction\",\"target\":[\"https:\/\/www.csj-emballages.com\/it\/produit\/sacchetto-per-dolciumi-pizzo-oro-120-x-260-mm-da-100\/\"]}]},{\"@type\":\"ImageObject\",\"inLanguage\":\"it-IT\",\"@id\":\"https:\/\/www.csj-emballages.com\/it\/produit\/sacchetto-per-dolciumi-pizzo-oro-120-x-260-mm-da-100\/#primaryimage\",\"url\":\"https:\/\/www.csj-emballages.com\/wp-content\/uploads\/2025\/09\/Sachets-classiques.webp\",\"contentUrl\":\"https:\/\/www.csj-emballages.com\/wp-content\/uploads\/2025\/09\/Sachets-classiques.webp\",\"width\":800,\"height\":800,\"caption\":\"Sachets classiques\"},{\"@type\":\"BreadcrumbList\",\"@id\":\"https:\/\/www.csj-emballages.com\/it\/produit\/sacchetto-per-dolciumi-pizzo-oro-120-x-260-mm-da-100\/#breadcrumb\",\"itemListElement\":[{\"@type\":\"ListItem\",\"position\":1,\"name\":\"Home\",\"item\":\"https:\/\/www.csj-emballages.com\/it\/universo-imballaggi-alimentari\/\"},{\"@type\":\"ListItem\",\"position\":2,\"name\":\"Negozio\",\"item\":\"https:\/\/www.csj-emballages.com\/it\/negozio\/\"},{\"@type\":\"ListItem\",\"position\":3,\"name\":\"Sacchetto per dolciumi pizzo oro 120 x 260 mm da 100\"}]},{\"@type\":\"WebSite\",\"@id\":\"https:\/\/www.csj-emballages.com\/it\/#website\",\"url\":\"https:\/\/www.csj-emballages.com\/it\/\",\"name\":\"CSJ Emballages\",\"description\":\"\",\"publisher\":{\"@id\":\"https:\/\/www.csj-emballages.com\/it\/#organization\"},\"potentialAction\":[{\"@type\":\"SearchAction\",\"target\":{\"@type\":\"EntryPoint\",\"urlTemplate\":\"https:\/\/www.csj-emballages.com\/it\/?s={search_term_string}\"},\"query-input\":{\"@type\":\"PropertyValueSpecification\",\"valueRequired\":true,\"valueName\":\"search_term_string\"}}],\"inLanguage\":\"it-IT\"},{\"@type\":\"Organization\",\"@id\":\"https:\/\/www.csj-emballages.com\/it\/#Organization\/\",\"name\":\"CSJ Emballages\",\"url\":\"https:\/\/www.csj-emballages.com\/it\/\",\"logo\":{\"@type\":\"ImageObject\",\"inLanguage\":\"it-IT\",\"@id\":\"https:\/\/www.csj-emballages.com\/it\/#\/schema\/logo\/image\/\",\"url\":\"https:\/\/www.csj-emballages.com\/wp-content\/uploads\/2023\/10\/logo_csj.webp\",\"contentUrl\":\"https:\/\/www.csj-emballages.com\/wp-content\/uploads\/2023\/10\/logo_csj.webp\",\"width\":250,\"height\":95,\"caption\":\"CSJ Emballages\"},\"image\":{\"@id\":\"https:\/\/www.csj-emballages.com\/it\/#\/schema\/logo\/image\/\"},\"sameAs\":[\"https:\/\/www.facebook.com\/csjemballages\"],\"address\":{\"@type\":\"PostalAddress\",\"streetAddress\":\"ZI La Lechere\",\"addressLocality\":\"Patornay\",\"postalCode\":\"39130\",\"addressCountry\":\"FR\"},\"contactPoint\":[{\"@type\":\"ContactPoint\",\"contactType\":\"Service client\",\"telephone\":\"0384254272\",\"email\":\"contact@csj-emballages.com\"}]}]}<\/script>\n<!-- \/ Yoast SEO Premium plugin. -->","yoast_head_json":{"title":"Sacchetto Confetteria Pizzo Oro 120 x 260 mm da 100","description":"Sacchetto per dolciumi pizzo oro 120 x 260 mm riciclabile, fondo rigido ed elegante per esaltare biscotti, cioccolatini e dolci artigianali.","robots":{"index":"index","follow":"follow","max-snippet":"max-snippet:-1","max-image-preview":"max-image-preview:large","max-video-preview":"max-video-preview:-1"},"canonical":"https:\/\/www.csj-emballages.com\/it\/produit\/sacchetto-per-dolciumi-pizzo-oro-120-x-260-mm-da-100\/","og_locale":"it_IT","og_type":"article","og_title":"Sacchetto per dolciumi pizzo oro 120 x 260 mm da 100","og_description":"Sacchetto per dolciumi pizzo oro 120 x 260 mm riciclabile, fondo rigido ed elegante per esaltare biscotti, cioccolatini e dolci artigianali.","og_url":"https:\/\/www.csj-emballages.com\/it\/produit\/sacchetto-per-dolciumi-pizzo-oro-120-x-260-mm-da-100\/","og_site_name":"CSJ Emballages","article_publisher":"https:\/\/www.facebook.com\/csjemballages","article_modified_time":"2026-04-03T00:20:17+00:00","og_image":[{"width":800,"height":800,"url":"https:\/\/www.csj-emballages.com\/wp-content\/uploads\/2025\/09\/Sachets-classiques.webp","type":"image\/webp"}],"twitter_card":"summary_large_image","twitter_misc":{"Dur\u00e9e de lecture estim\u00e9e":"2 minuti"},"schema":{"@context":"https:\/\/schema.org","@graph":[{"@type":"WebPage","@id":"https:\/\/www.csj-emballages.com\/it\/produit\/sacchetto-per-dolciumi-pizzo-oro-120-x-260-mm-da-100\/","url":"https:\/\/www.csj-emballages.com\/it\/produit\/sacchetto-per-dolciumi-pizzo-oro-120-x-260-mm-da-100\/","name":"Sacchetto Confetteria Pizzo Oro 120 x 260 mm da 100","isPartOf":{"@id":"https:\/\/www.csj-emballages.com\/it\/#website"},"primaryImageOfPage":{"@id":"https:\/\/www.csj-emballages.com\/it\/produit\/sacchetto-per-dolciumi-pizzo-oro-120-x-260-mm-da-100\/#primaryimage"},"image":{"@id":"https:\/\/www.csj-emballages.com\/it\/produit\/sacchetto-per-dolciumi-pizzo-oro-120-x-260-mm-da-100\/#primaryimage"},"thumbnailUrl":"https:\/\/www.csj-emballages.com\/wp-content\/uploads\/2025\/09\/Sachets-classiques.webp","datePublished":"2024-03-01T15:49:20+00:00","dateModified":"2026-04-03T00:20:17+00:00","description":"Sacchetto per dolciumi pizzo oro 120 x 260 mm riciclabile, fondo rigido ed elegante per esaltare biscotti, cioccolatini e dolci artigianali.","breadcrumb":{"@id":"https:\/\/www.csj-emballages.com\/it\/produit\/sacchetto-per-dolciumi-pizzo-oro-120-x-260-mm-da-100\/#breadcrumb"},"inLanguage":"it-IT","potentialAction":[{"@type":"ReadAction","target":["https:\/\/www.csj-emballages.com\/it\/produit\/sacchetto-per-dolciumi-pizzo-oro-120-x-260-mm-da-100\/"]}]},{"@type":"ImageObject","inLanguage":"it-IT","@id":"https:\/\/www.csj-emballages.com\/it\/produit\/sacchetto-per-dolciumi-pizzo-oro-120-x-260-mm-da-100\/#primaryimage","url":"https:\/\/www.csj-emballages.com\/wp-content\/uploads\/2025\/09\/Sachets-classiques.webp","contentUrl":"https:\/\/www.csj-emballages.com\/wp-content\/uploads\/2025\/09\/Sachets-classiques.webp","width":800,"height":800,"caption":"Sachets classiques"},{"@type":"BreadcrumbList","@id":"https:\/\/www.csj-emballages.com\/it\/produit\/sacchetto-per-dolciumi-pizzo-oro-120-x-260-mm-da-100\/#breadcrumb","itemListElement":[{"@type":"ListItem","position":1,"name":"Home","item":"https:\/\/www.csj-emballages.com\/it\/universo-imballaggi-alimentari\/"},{"@type":"ListItem","position":2,"name":"Negozio","item":"https:\/\/www.csj-emballages.com\/it\/negozio\/"},{"@type":"ListItem","position":3,"name":"Sacchetto per dolciumi pizzo oro 120 x 260 mm da 100"}]},{"@type":"WebSite","@id":"https:\/\/www.csj-emballages.com\/it\/#website","url":"https:\/\/www.csj-emballages.com\/it\/","name":"CSJ Emballages","description":"","publisher":{"@id":"https:\/\/www.csj-emballages.com\/it\/#organization"},"potentialAction":[{"@type":"SearchAction","target":{"@type":"EntryPoint","urlTemplate":"https:\/\/www.csj-emballages.com\/it\/?s={search_term_string}"},"query-input":{"@type":"PropertyValueSpecification","valueRequired":true,"valueName":"search_term_string"}}],"inLanguage":"it-IT"},{"@type":"Organization","@id":"https:\/\/www.csj-emballages.com\/it\/#Organization\/","name":"CSJ Emballages","url":"https:\/\/www.csj-emballages.com\/it\/","logo":{"@type":"ImageObject","inLanguage":"it-IT","@id":"https:\/\/www.csj-emballages.com\/it\/#\/schema\/logo\/image\/","url":"https:\/\/www.csj-emballages.com\/wp-content\/uploads\/2023\/10\/logo_csj.webp","contentUrl":"https:\/\/www.csj-emballages.com\/wp-content\/uploads\/2023\/10\/logo_csj.webp","width":250,"height":95,"caption":"CSJ Emballages"},"image":{"@id":"https:\/\/www.csj-emballages.com\/it\/#\/schema\/logo\/image\/"},"sameAs":["https:\/\/www.facebook.com\/csjemballages"],"address":{"@type":"PostalAddress","streetAddress":"ZI La Lechere","addressLocality":"Patornay","postalCode":"39130","addressCountry":"FR"},"contactPoint":[{"@type":"ContactPoint","contactType":"Service client","telephone":"0384254272","email":"contact@csj-emballages.com"}]}]}},"df_price":17.1,"df_sale_price":"","df_regular_price":17.1,"df_image_link":"https:\/\/www.csj-emballages.com\/wp-content\/uploads\/2025\/09\/Sachets-classiques-300x300.webp","tiered_pricing_type":"fixed","tiered_pricing_fixed_rules":[],"tiered_pricing_percentage_rules":[],"tiered_pricing_minimum":1,"tiered_pricing_roles_data":[],"_links":{"self":[{"href":"https:\/\/www.csj-emballages.com\/it\/wp-json\/wp\/v2\/product\/269786","targetHints":{"allow":["GET"]}}],"collection":[{"href":"https:\/\/www.csj-emballages.com\/it\/wp-json\/wp\/v2\/product"}],"about":[{"href":"https:\/\/www.csj-emballages.com\/it\/wp-json\/wp\/v2\/types\/product"}],"wp:featuredmedia":[{"embeddable":true,"href":"https:\/\/www.csj-emballages.com\/it\/wp-json\/wp\/v2\/media\/269788"}],"wp:attachment":[{"href":"https:\/\/www.csj-emballages.com\/it\/wp-json\/wp\/v2\/media?parent=269786"}],"wp:term":[{"taxonomy":"product_brand","embeddable":true,"href":"https:\/\/www.csj-emballages.com\/it\/wp-json\/wp\/v2\/product_brand?post=269786"},{"taxonomy":"product_cat","embeddable":true,"href":"https:\/\/www.csj-emballages.com\/it\/wp-json\/wp\/v2\/product_cat?post=269786"},{"taxonomy":"product_tag","embeddable":true,"href":"https:\/\/www.csj-emballages.com\/it\/wp-json\/wp\/v2\/product_tag?post=269786"}],"curies":[{"name":"wp","href":"https:\/\/api.w.org\/{rel}","templated":true}]}}