{"id":269772,"date":"2024-03-01T16:48:55","date_gmt":"2024-03-01T15:48:55","guid":{"rendered":"https:\/\/www.csj-emballages.com\/produit\/busta-per-tavoletta-di-cioccolato-120-x-220-mm-da-100-pz\/"},"modified":"2026-04-17T02:16:45","modified_gmt":"2026-04-17T00:16:45","slug":"busta-per-tavoletta-di-cioccolato-120-x-220-mm-da-100-pz","status":"publish","type":"product","link":"https:\/\/www.csj-emballages.com\/it\/produit\/busta-per-tavoletta-di-cioccolato-120-x-220-mm-da-100-pz\/","title":{"rendered":"Busta per tavoletta di cioccolato 120 x 220 mm da 100 pz"},"content":{"rendered":"<h2>Busta per tavoletta di cioccolato<\/h2>\n<hr>\n<h3>Descrizione della nostra busta per tavoletta di cioccolato 120 x 220 mm da 100 pz<\/h3>\n<p><!--more--><\/p>\n<p data-start=\"93\" data-end=\"577\">Offri alle tue creazioni dolciarie una splendida presentazione e protezione con questa <strong data-start=\"185\" data-end=\"235\">busta per tavoletta di cioccolato 120 x 220 mm da 100 pz<\/strong>. Progettata per soddisfare le esigenze di <strong data-start=\"274\" data-end=\"290\">cioccolatieri<\/strong> e <strong data-start=\"294\" data-end=\"308\">pasticceri<\/strong>, unisce robustezza e valorizzazione delle tue <strong>tavolette di cioccolato<\/strong>. Grazie alla <strong data-start=\"378\" data-end=\"395\">chiusura ZIP<\/strong>, le tue <strong>tavolette<\/strong> restano perfettamente protette da aria, umidit\u00e0 e odori esterni, garantendo una <strong data-start=\"516\" data-end=\"542\">migliore conservazione<\/strong> di gusto e consistenza.  <\/p>\n<p data-start=\"579\" data-end=\"1034\">Realizzato in <strong data-start=\"591\" data-end=\"608\">PET metallizzato<\/strong> all&#8217;esterno (12 micron + 100 micron) e in <strong data-start=\"656\" data-end=\"668\">PE bianco<\/strong> all&#8217;interno, questo imballaggio unisce resistenza e sicurezza alimentare. La sua superficie liscia \u00e8 ideale per applicare le tue <strong data-start=\"788\" data-end=\"817\">etichette personalizzate<\/strong>: logo, composizione o qualsiasi altro elemento che rafforzi l&#8217;immagine della tua azienda. Questo dettaglio fa la differenza al momento della presentazione.  <\/p>\n<p data-start=\"1036\" data-end=\"1467\">Oltre al ruolo protettivo, questa <strong>busta<\/strong> per <strong data-start=\"185\" data-end=\"235\">tavoletta di cioccolato <\/strong>apporta un vero valore aggiunto ai tuoi prodotti. Esalta le tue ricette artigianali rispettando gli standard di qualit\u00e0 del settore. Pratica da stoccare e utilizzare, si adatta a diversi stili di cioccolato, dal pi\u00f9 classico al pi\u00f9 creativo. Inoltre, confezionata in <strong>100 unit\u00e0<\/strong>, permette ai professionisti di disporre di una <strong data-start=\"1420\" data-end=\"1436\">scorta adeguata<\/strong> al proprio ritmo di produzione.   <\/p>\n<p data-start=\"1469\" data-end=\"1665\">In breve, scegliendo questa <strong>busta<\/strong>, punti su un imballaggio che mette in sicurezza le tue creazioni e contribuisce a metterle in risalto, restando compatibile con una produzione artigianale o semi-industriale.<\/p>\n<p data-start=\"1469\" data-end=\"1665\">\n<p data-start=\"1469\" data-end=\"1665\"><!--more--><\/p>\n<h4 data-start=\"1469\" data-end=\"1665\">Vantaggi:<\/h4>\n<ul>\n<li>Grazie alla chiusura ZIP, le tue tavolette beneficiano di una migliore conservazione.<\/li>\n<li><strong data-start=\"1745\" data-end=\"1767\">Materiale resistente<\/strong>: PET metallizzato + PE bianco.<\/li>\n<li><strong data-start=\"1799\" data-end=\"1826\">Superficie personalizzabile<\/strong> con le tue etichette.<\/li>\n<li>Protegge le tue tavolette da aria e umidit\u00e0.<\/li>\n<li>Confezionato in <strong data-start=\"1920\" data-end=\"1934\">100 unit\u00e0<\/strong> per una gestione facile.<\/li>\n<\/ul>\n<p>&nbsp;<\/p>\n<p><!--more--><\/p>\n<h4>Altre informazioni:<\/h4>\n<ul>\n<li><strong>Confezione<\/strong>: Pacco da 100<\/li>\n<li><strong>Dimensioni<\/strong>: 120 x 220 mm<\/li>\n<li><strong>Materiale<\/strong>: PET metallizzato + PE bianco<\/li>\n<li><strong>Colore<\/strong>: Kraft \/ Marrone<\/li>\n<li><strong>Resistenza<\/strong>: 23 e 90 micron<\/li>\n<\/ul>\n<h3><\/h3>\n<p><!--more--><\/p>\n<p><a href=\"\/?product_cat=etuis-tablettes-chocolats\">Consulta il resto della nostra gamma di buste per tavolette di cioccolato<\/a><\/p>\n","protected":false},"excerpt":{"rendered":"<p>Busta per tavoletta di cioccolato Descrizione della nostra busta per tavoletta di cioccolato 120 x 220 mm da 100 pz<\/p>\n","protected":false},"featured_media":269773,"template":"","meta":{"_acf_changed":false},"product_brand":[],"product_cat":[10344,11120,10345],"product_tag":[],"class_list":{"0":"post-269772","1":"product","2":"type-product","3":"status-publish","4":"has-post-thumbnail","6":"product_cat-panetteria-pasticceria","7":"product_cat-buste-per-tavolette-di-cioccolato","8":"product_cat-boutique-e-negozio","10":"first","11":"instock","12":"taxable","13":"shipping-taxable","14":"purchasable","15":"product-type-simple"},"acf":[],"yoast_head":"<!-- This site is optimized with the Yoast SEO Premium plugin v26.6 (Yoast SEO v26.6) - https:\/\/yoast.com\/wordpress\/plugins\/seo\/ -->\n<title>Busta per Tavoletta di Cioccolato 120 x 220 mm da 100 pz<\/title>\n<meta name=\"description\" content=\"Busta per tavoletta di cioccolato 120 x 220 mm con chiusura ZIP. In PET metallizzato e PE bianco, ideale per proteggere e valorizzare le tue creazioni artigianali.\" \/>\n<meta name=\"robots\" content=\"index, follow, max-snippet:-1, max-image-preview:large, max-video-preview:-1\" \/>\n<link rel=\"canonical\" href=\"https:\/\/www.csj-emballages.com\/it\/produit\/busta-per-tavoletta-di-cioccolato-120-x-220-mm-da-100-pz\/\" \/>\n<meta property=\"og:locale\" content=\"it_IT\" \/>\n<meta property=\"og:type\" content=\"article\" \/>\n<meta property=\"og:title\" content=\"Busta per tavoletta di cioccolato 120 x 220 mm da 100 pz\" \/>\n<meta property=\"og:description\" content=\"Busta per tavoletta di cioccolato 120 x 220 mm con chiusura ZIP. In PET metallizzato e PE bianco, ideale per proteggere e valorizzare le tue creazioni artigianali.\" \/>\n<meta property=\"og:url\" content=\"https:\/\/www.csj-emballages.com\/it\/produit\/busta-per-tavoletta-di-cioccolato-120-x-220-mm-da-100-pz\/\" \/>\n<meta property=\"og:site_name\" content=\"CSJ Emballages\" \/>\n<meta property=\"article:publisher\" content=\"https:\/\/www.facebook.com\/csjemballages\" \/>\n<meta property=\"article:modified_time\" content=\"2026-04-17T00:16:45+00:00\" \/>\n<meta property=\"og:image\" content=\"https:\/\/www.csj-emballages.com\/wp-content\/uploads\/2024\/03\/STABL120220.webp\" \/>\n\t<meta property=\"og:image:width\" content=\"800\" \/>\n\t<meta property=\"og:image:height\" content=\"800\" \/>\n\t<meta property=\"og:image:type\" content=\"image\/webp\" \/>\n<meta name=\"twitter:card\" content=\"summary_large_image\" \/>\n<meta name=\"twitter:label1\" content=\"Dur\u00e9e de lecture estim\u00e9e\" \/>\n\t<meta name=\"twitter:data1\" content=\"1 minuto\" \/>\n<script type=\"application\/ld+json\" class=\"yoast-schema-graph\">{\"@context\":\"https:\/\/schema.org\",\"@graph\":[{\"@type\":\"WebPage\",\"@id\":\"https:\/\/www.csj-emballages.com\/it\/produit\/busta-per-tavoletta-di-cioccolato-120-x-220-mm-da-100-pz\/\",\"url\":\"https:\/\/www.csj-emballages.com\/it\/produit\/busta-per-tavoletta-di-cioccolato-120-x-220-mm-da-100-pz\/\",\"name\":\"Busta per Tavoletta di Cioccolato 120 x 220 mm da 100 pz\",\"isPartOf\":{\"@id\":\"https:\/\/www.csj-emballages.com\/it\/#website\"},\"primaryImageOfPage\":{\"@id\":\"https:\/\/www.csj-emballages.com\/it\/produit\/busta-per-tavoletta-di-cioccolato-120-x-220-mm-da-100-pz\/#primaryimage\"},\"image\":{\"@id\":\"https:\/\/www.csj-emballages.com\/it\/produit\/busta-per-tavoletta-di-cioccolato-120-x-220-mm-da-100-pz\/#primaryimage\"},\"thumbnailUrl\":\"https:\/\/www.csj-emballages.com\/wp-content\/uploads\/2024\/03\/STABL120220.webp\",\"datePublished\":\"2024-03-01T15:48:55+00:00\",\"dateModified\":\"2026-04-17T00:16:45+00:00\",\"description\":\"Busta per tavoletta di cioccolato 120 x 220 mm con chiusura ZIP. In PET metallizzato e PE bianco, ideale per proteggere e valorizzare le tue creazioni artigianali.\",\"breadcrumb\":{\"@id\":\"https:\/\/www.csj-emballages.com\/it\/produit\/busta-per-tavoletta-di-cioccolato-120-x-220-mm-da-100-pz\/#breadcrumb\"},\"inLanguage\":\"it-IT\",\"potentialAction\":[{\"@type\":\"ReadAction\",\"target\":[\"https:\/\/www.csj-emballages.com\/it\/produit\/busta-per-tavoletta-di-cioccolato-120-x-220-mm-da-100-pz\/\"]}]},{\"@type\":\"ImageObject\",\"inLanguage\":\"it-IT\",\"@id\":\"https:\/\/www.csj-emballages.com\/it\/produit\/busta-per-tavoletta-di-cioccolato-120-x-220-mm-da-100-pz\/#primaryimage\",\"url\":\"https:\/\/www.csj-emballages.com\/wp-content\/uploads\/2024\/03\/STABL120220.webp\",\"contentUrl\":\"https:\/\/www.csj-emballages.com\/wp-content\/uploads\/2024\/03\/STABL120220.webp\",\"width\":800,\"height\":800,\"caption\":\"\u00c9tui tablette de chocolat\"},{\"@type\":\"BreadcrumbList\",\"@id\":\"https:\/\/www.csj-emballages.com\/it\/produit\/busta-per-tavoletta-di-cioccolato-120-x-220-mm-da-100-pz\/#breadcrumb\",\"itemListElement\":[{\"@type\":\"ListItem\",\"position\":1,\"name\":\"Home\",\"item\":\"https:\/\/www.csj-emballages.com\/it\/universo-imballaggi-alimentari\/\"},{\"@type\":\"ListItem\",\"position\":2,\"name\":\"Negozio\",\"item\":\"https:\/\/www.csj-emballages.com\/it\/negozio\/\"},{\"@type\":\"ListItem\",\"position\":3,\"name\":\"Busta per tavoletta di cioccolato 120 x 220 mm da 100 pz\"}]},{\"@type\":\"WebSite\",\"@id\":\"https:\/\/www.csj-emballages.com\/it\/#website\",\"url\":\"https:\/\/www.csj-emballages.com\/it\/\",\"name\":\"CSJ Emballages\",\"description\":\"\",\"publisher\":{\"@id\":\"https:\/\/www.csj-emballages.com\/it\/#organization\"},\"potentialAction\":[{\"@type\":\"SearchAction\",\"target\":{\"@type\":\"EntryPoint\",\"urlTemplate\":\"https:\/\/www.csj-emballages.com\/it\/?s={search_term_string}\"},\"query-input\":{\"@type\":\"PropertyValueSpecification\",\"valueRequired\":true,\"valueName\":\"search_term_string\"}}],\"inLanguage\":\"it-IT\"},{\"@type\":\"Organization\",\"@id\":\"https:\/\/www.csj-emballages.com\/it\/#Organization\/\",\"name\":\"CSJ Emballages\",\"url\":\"https:\/\/www.csj-emballages.com\/it\/\",\"logo\":{\"@type\":\"ImageObject\",\"inLanguage\":\"it-IT\",\"@id\":\"https:\/\/www.csj-emballages.com\/it\/#\/schema\/logo\/image\/\",\"url\":\"https:\/\/www.csj-emballages.com\/wp-content\/uploads\/2023\/10\/logo_csj.webp\",\"contentUrl\":\"https:\/\/www.csj-emballages.com\/wp-content\/uploads\/2023\/10\/logo_csj.webp\",\"width\":250,\"height\":95,\"caption\":\"CSJ Emballages\"},\"image\":{\"@id\":\"https:\/\/www.csj-emballages.com\/it\/#\/schema\/logo\/image\/\"},\"sameAs\":[\"https:\/\/www.facebook.com\/csjemballages\"],\"address\":{\"@type\":\"PostalAddress\",\"streetAddress\":\"ZI La Lechere\",\"addressLocality\":\"Patornay\",\"postalCode\":\"39130\",\"addressCountry\":\"FR\"},\"contactPoint\":[{\"@type\":\"ContactPoint\",\"contactType\":\"Service client\",\"telephone\":\"0384254272\",\"email\":\"contact@csj-emballages.com\"}]}]}<\/script>\n<!-- \/ Yoast SEO Premium plugin. -->","yoast_head_json":{"title":"Busta per Tavoletta di Cioccolato 120 x 220 mm da 100 pz","description":"Busta per tavoletta di cioccolato 120 x 220 mm con chiusura ZIP. In PET metallizzato e PE bianco, ideale per proteggere e valorizzare le tue creazioni artigianali.","robots":{"index":"index","follow":"follow","max-snippet":"max-snippet:-1","max-image-preview":"max-image-preview:large","max-video-preview":"max-video-preview:-1"},"canonical":"https:\/\/www.csj-emballages.com\/it\/produit\/busta-per-tavoletta-di-cioccolato-120-x-220-mm-da-100-pz\/","og_locale":"it_IT","og_type":"article","og_title":"Busta per tavoletta di cioccolato 120 x 220 mm da 100 pz","og_description":"Busta per tavoletta di cioccolato 120 x 220 mm con chiusura ZIP. In PET metallizzato e PE bianco, ideale per proteggere e valorizzare le tue creazioni artigianali.","og_url":"https:\/\/www.csj-emballages.com\/it\/produit\/busta-per-tavoletta-di-cioccolato-120-x-220-mm-da-100-pz\/","og_site_name":"CSJ Emballages","article_publisher":"https:\/\/www.facebook.com\/csjemballages","article_modified_time":"2026-04-17T00:16:45+00:00","og_image":[{"width":800,"height":800,"url":"https:\/\/www.csj-emballages.com\/wp-content\/uploads\/2024\/03\/STABL120220.webp","type":"image\/webp"}],"twitter_card":"summary_large_image","twitter_misc":{"Dur\u00e9e de lecture estim\u00e9e":"1 minuto"},"schema":{"@context":"https:\/\/schema.org","@graph":[{"@type":"WebPage","@id":"https:\/\/www.csj-emballages.com\/it\/produit\/busta-per-tavoletta-di-cioccolato-120-x-220-mm-da-100-pz\/","url":"https:\/\/www.csj-emballages.com\/it\/produit\/busta-per-tavoletta-di-cioccolato-120-x-220-mm-da-100-pz\/","name":"Busta per Tavoletta di Cioccolato 120 x 220 mm da 100 pz","isPartOf":{"@id":"https:\/\/www.csj-emballages.com\/it\/#website"},"primaryImageOfPage":{"@id":"https:\/\/www.csj-emballages.com\/it\/produit\/busta-per-tavoletta-di-cioccolato-120-x-220-mm-da-100-pz\/#primaryimage"},"image":{"@id":"https:\/\/www.csj-emballages.com\/it\/produit\/busta-per-tavoletta-di-cioccolato-120-x-220-mm-da-100-pz\/#primaryimage"},"thumbnailUrl":"https:\/\/www.csj-emballages.com\/wp-content\/uploads\/2024\/03\/STABL120220.webp","datePublished":"2024-03-01T15:48:55+00:00","dateModified":"2026-04-17T00:16:45+00:00","description":"Busta per tavoletta di cioccolato 120 x 220 mm con chiusura ZIP. In PET metallizzato e PE bianco, ideale per proteggere e valorizzare le tue creazioni artigianali.","breadcrumb":{"@id":"https:\/\/www.csj-emballages.com\/it\/produit\/busta-per-tavoletta-di-cioccolato-120-x-220-mm-da-100-pz\/#breadcrumb"},"inLanguage":"it-IT","potentialAction":[{"@type":"ReadAction","target":["https:\/\/www.csj-emballages.com\/it\/produit\/busta-per-tavoletta-di-cioccolato-120-x-220-mm-da-100-pz\/"]}]},{"@type":"ImageObject","inLanguage":"it-IT","@id":"https:\/\/www.csj-emballages.com\/it\/produit\/busta-per-tavoletta-di-cioccolato-120-x-220-mm-da-100-pz\/#primaryimage","url":"https:\/\/www.csj-emballages.com\/wp-content\/uploads\/2024\/03\/STABL120220.webp","contentUrl":"https:\/\/www.csj-emballages.com\/wp-content\/uploads\/2024\/03\/STABL120220.webp","width":800,"height":800,"caption":"\u00c9tui tablette de chocolat"},{"@type":"BreadcrumbList","@id":"https:\/\/www.csj-emballages.com\/it\/produit\/busta-per-tavoletta-di-cioccolato-120-x-220-mm-da-100-pz\/#breadcrumb","itemListElement":[{"@type":"ListItem","position":1,"name":"Home","item":"https:\/\/www.csj-emballages.com\/it\/universo-imballaggi-alimentari\/"},{"@type":"ListItem","position":2,"name":"Negozio","item":"https:\/\/www.csj-emballages.com\/it\/negozio\/"},{"@type":"ListItem","position":3,"name":"Busta per tavoletta di cioccolato 120 x 220 mm da 100 pz"}]},{"@type":"WebSite","@id":"https:\/\/www.csj-emballages.com\/it\/#website","url":"https:\/\/www.csj-emballages.com\/it\/","name":"CSJ Emballages","description":"","publisher":{"@id":"https:\/\/www.csj-emballages.com\/it\/#organization"},"potentialAction":[{"@type":"SearchAction","target":{"@type":"EntryPoint","urlTemplate":"https:\/\/www.csj-emballages.com\/it\/?s={search_term_string}"},"query-input":{"@type":"PropertyValueSpecification","valueRequired":true,"valueName":"search_term_string"}}],"inLanguage":"it-IT"},{"@type":"Organization","@id":"https:\/\/www.csj-emballages.com\/it\/#Organization\/","name":"CSJ Emballages","url":"https:\/\/www.csj-emballages.com\/it\/","logo":{"@type":"ImageObject","inLanguage":"it-IT","@id":"https:\/\/www.csj-emballages.com\/it\/#\/schema\/logo\/image\/","url":"https:\/\/www.csj-emballages.com\/wp-content\/uploads\/2023\/10\/logo_csj.webp","contentUrl":"https:\/\/www.csj-emballages.com\/wp-content\/uploads\/2023\/10\/logo_csj.webp","width":250,"height":95,"caption":"CSJ Emballages"},"image":{"@id":"https:\/\/www.csj-emballages.com\/it\/#\/schema\/logo\/image\/"},"sameAs":["https:\/\/www.facebook.com\/csjemballages"],"address":{"@type":"PostalAddress","streetAddress":"ZI La Lechere","addressLocality":"Patornay","postalCode":"39130","addressCountry":"FR"},"contactPoint":[{"@type":"ContactPoint","contactType":"Service client","telephone":"0384254272","email":"contact@csj-emballages.com"}]}]}},"df_price":27.6,"df_sale_price":"","df_regular_price":27.6,"df_image_link":"https:\/\/www.csj-emballages.com\/wp-content\/uploads\/2024\/03\/STABL120220-300x300.webp","tiered_pricing_type":"fixed","tiered_pricing_fixed_rules":[],"tiered_pricing_percentage_rules":[],"tiered_pricing_minimum":1,"tiered_pricing_roles_data":[],"_links":{"self":[{"href":"https:\/\/www.csj-emballages.com\/it\/wp-json\/wp\/v2\/product\/269772","targetHints":{"allow":["GET"]}}],"collection":[{"href":"https:\/\/www.csj-emballages.com\/it\/wp-json\/wp\/v2\/product"}],"about":[{"href":"https:\/\/www.csj-emballages.com\/it\/wp-json\/wp\/v2\/types\/product"}],"wp:featuredmedia":[{"embeddable":true,"href":"https:\/\/www.csj-emballages.com\/it\/wp-json\/wp\/v2\/media\/269773"}],"wp:attachment":[{"href":"https:\/\/www.csj-emballages.com\/it\/wp-json\/wp\/v2\/media?parent=269772"}],"wp:term":[{"taxonomy":"product_brand","embeddable":true,"href":"https:\/\/www.csj-emballages.com\/it\/wp-json\/wp\/v2\/product_brand?post=269772"},{"taxonomy":"product_cat","embeddable":true,"href":"https:\/\/www.csj-emballages.com\/it\/wp-json\/wp\/v2\/product_cat?post=269772"},{"taxonomy":"product_tag","embeddable":true,"href":"https:\/\/www.csj-emballages.com\/it\/wp-json\/wp\/v2\/product_tag?post=269772"}],"curies":[{"name":"wp","href":"https:\/\/api.w.org\/{rel}","templated":true}]}}