{"id":269724,"date":"2024-03-01T16:47:47","date_gmt":"2024-03-01T15:47:47","guid":{"rendered":"https:\/\/www.csj-emballages.com\/produit\/sacchetto-sottovuoto-goffrato-per-conservazione-25-x-25-cm-100-%c2%b5-da-100\/"},"modified":"2026-04-15T02:17:40","modified_gmt":"2026-04-15T00:17:40","slug":"sacchetto-sottovuoto-goffrato-per-conservazione-25-x-25-cm-100-%c2%b5-da-100","status":"publish","type":"product","link":"https:\/\/www.csj-emballages.com\/it\/produit\/sacchetto-sottovuoto-goffrato-per-conservazione-25-x-25-cm-100-%c2%b5-da-100\/","title":{"rendered":"Sacchetto sottovuoto goffrato per conservazione 25 x 25 cm 100 \u00b5 da 100"},"content":{"rendered":"<div style=\"font-family: Roboto, sans-serif\">\n<div style=\"font-family: Roboto, sans-serif\">\n<div style=\"font-family: Roboto, sans-serif\">\n<div style=\"font-family: Roboto, sans-serif\">\n<div style=\"font-family: Roboto, sans-serif\">\n<div style=\"font-family: Roboto, sans-serif\">\n<div style=\"font-family: Roboto, sans-serif\">\n<div style=\"font-family: Roboto, sans-serif\">\n<div style=\"font-family: Roboto, sans-serif\">\n<div style=\"font-family: Roboto, sans-serif\">\n<div style=\"font-family: Roboto, sans-serif\">\n<div style=\"font-family: Roboto, sans-serif\">\n<div style=\"font-family: Roboto, sans-serif\">\n<div style=\"font-family: Roboto, sans-serif\">\n<div style=\"font-family: Roboto, sans-serif\">\n<div style=\"font-family: Roboto, sans-serif\">\n<div style=\"font-family: Roboto, sans-serif\">\n<div style=\"font-family: Roboto, sans-serif\">\n<h2 class=\"p1\">Sacchetto sottovuoto<\/h2>\n<div style=\"font-family: Roboto, sans-serif\">\n<div style=\"font-family: Roboto, sans-serif\">\n<div style=\"font-family: Roboto, sans-serif\">\n<div style=\"text-align: center\">\n<div style=\"font-family: Roboto, sans-serif\">\n<div style=\"font-family: Roboto, sans-serif\">\n<div style=\"font-family: Roboto, sans-serif\">\n<div style=\"font-family: Roboto, sans-serif\">\n<div style=\"font-family: Roboto, sans-serif\">\n<div style=\"font-family: Roboto, sans-serif;text-align: left\">\n<hr>\n<h3 style=\"text-align: left\">Descrizione del nostro sacchetto sottovuoto goffrato per conservazione 25 x 25 cm 100 \u00b5 da 100<\/h3>\n<p><!--more--><\/p>\n<p data-start=\"117\" data-end=\"725\">Il nostro <strong>sacchetto sottovuoto goffrato 25 x 25 cm<\/strong>, con uno spessore di <strong>100 micron<\/strong>, \u00e8 perfetto per conservare gli alimenti. Grazie alla texture goffrata, garantisce una tenuta ermetica facilitando l\u2019evacuazione dell\u2019aria, prolungando cos\u00ec la freschezza dei prodotti. Conserva carne, verdure e anche piatti pronti preservando sapori e nutrienti. Il formato \u00e8 ideale per porzioni grandi e si adatta facilmente alla maggior parte delle macchine sottovuoto. Utilizzabile sia in casa sia in ambito professionale, assicura una conservazione fino a cinque volte pi\u00f9 lunga.    <\/p>\n<p data-start=\"727\" data-end=\"1340\">Questo <strong>sacchetto sottovuoto<\/strong> \u00e8 resistente e sopporta temperature estreme, come il congelamento. Lo spessore di <strong>100 micron<\/strong> offre una barriera efficace contro umidit\u00e0 e ossigeno, impedendo la formazione di cristalli di ghiaccio o bruciature da congelamento. Facile da riporre, occupa poco spazio in cucina. Approfitta di una gestione delle scorte ottimizzata riducendo lo spreco alimentare.    La qualit\u00e0 professionale ti assicura un utilizzo duraturo. In breve, questo sacchetto sottovuoto goffrato \u00e8 indispensabile per chi vuole unire praticit\u00e0 ed efficacia nella conservazione degli alimenti. <\/p>\n<p data-start=\"727\" data-end=\"1340\">\n<\/div>\n<\/div>\n<\/div>\n<\/div>\n<\/div>\n<\/div>\n<\/div>\n<\/div>\n<\/div>\n<\/div>\n<p><!--more--><\/p>\n<p style=\"text-align: left\"><strong>I loro vantaggi:<\/strong><\/p>\n<ul style=\"text-align: left\">\n<li><strong>Conservazione prolungata<\/strong> : Prolunga la durata degli alimenti.<\/li>\n<li><strong>Texture goffrata<\/strong> : Facilita l\u2019evacuazione dell\u2019aria, garantendo una tenuta ermetica ottimale.<\/li>\n<li><strong>Versatilit\u00e0<\/strong> : Compatibile con la maggior parte delle <span style=\"color: #d12727\"><a style=\"color: #d12727\" href=\"https:\/\/www.csj-emballages.com\/produit\/machine-sous-vide-semi-pro\/\">macchine sottovuoto<\/a><\/span> domestiche e professionali.<\/li>\n<li><strong>Formato pratico<\/strong> : Ideale per porzioni grandi.<\/li>\n<li><strong>Sicuri per gli alimenti<\/strong> : Materiali senza BPA, conformi alle norme alimentari.<\/li>\n<\/ul>\n<\/div>\n<div style=\"font-family: Roboto, sans-serif\"><\/div>\n<\/div>\n<\/div>\n<\/div>\n<\/div>\n<\/div>\n<p><!--more--><\/p>\n<h4>Altre informazioni:<\/h4>\n<ul>\n<li><strong>Confezione<\/strong> : Pacco da 100<\/li>\n<li><strong>Dimensioni<\/strong> : 25 x 25 cm<\/li>\n<li><strong>Termosaldabile<\/strong> : S\u00ec<\/li>\n<li><strong>Tipo<\/strong> : Goffrato<\/li>\n<li><strong>Retrattile<\/strong> : No<\/li>\n<li><strong>Spessore<\/strong> : 100 micron<\/li>\n<li><strong>Saldatura<\/strong> : 3 lati \/ apertura sul lato lungo<\/li>\n<li><strong>Temperatura d\u2019uso<\/strong> : da -20\u00b0C a +70\u00b0C<\/li>\n<\/ul>\n<div class=\"elementor elementor-175 elementor-location-footer\" data-elementor-type=\"footer\" data-elementor-id=\"175\" data-elementor-post-type=\"elementor_library\">\n<div class=\"elementor-element elementor-element-d413b54 e-flex e-con-boxed e-con e-parent e-lazyloaded\" data-id=\"d413b54\" data-element_type=\"container\">\n<div class=\"e-con-inner\">\n<div class=\"elementor-element elementor-element-9493a3c elementor-widget elementor-widget-shortcode\" data-id=\"9493a3c\" data-element_type=\"widget\" data-widget_type=\"shortcode.default\">\n<div class=\"elementor-widget-container\"><\/div>\n<\/div>\n<\/div>\n<\/div>\n<\/div>\n<p><!--more--><\/p>\n<h4>Articoli complementari:<\/h4>\n<p>La  <span style=\"color: #d12727\"><a style=\"color: #d12727\" href=\"https:\/\/www.csj-emballages.com\/produit\/machine-sous-vide-semi-pro\/\">macchina sottovuoto semi-pro (MSV)<\/a><\/span><\/p>\n<\/div>\n<\/div>\n<\/div>\n<\/div>\n<\/div>\n<\/div>\n<p>&nbsp;<\/p>\n<p style=\"text-align: left\"><!--more--><\/p>\n<p><a href=\"https:\/\/www.csj-emballages.com\/it\/categorie-produit\/sacchetti-sottovuoto\/sacchetti-sottovuoto-goffrati\/\">Consulta il resto della nostra gamma di sacchetti sottovuoto goffrati<\/a><\/p>\n<\/div>\n<\/div>\n<\/div>\n<\/div>\n<\/div>\n<\/div>\n","protected":false},"excerpt":{"rendered":"<p>Sacchetto sottovuoto Descrizione del nostro sacchetto sottovuoto goffrato per conservazione 25 x 25 cm 100 \u00b5 da 100<\/p>\n","protected":false},"featured_media":269705,"template":"","meta":{"_acf_changed":false},"product_brand":[],"product_cat":[10346,10381,11074,11083],"product_tag":[],"class_list":{"0":"post-269724","1":"product","2":"type-product","3":"status-publish","4":"has-post-thumbnail","6":"product_cat-imballaggi-alimentari","7":"product_cat-macelleria-gastronomia-ortofrutta","8":"product_cat-sacchetti-sottovuoto","9":"product_cat-sacchetti-sottovuoto-goffrati","11":"first","12":"instock","13":"taxable","14":"shipping-taxable","15":"purchasable","16":"product-type-simple"},"acf":[],"yoast_head":"<!-- This site is optimized with the Yoast SEO Premium plugin v26.6 (Yoast SEO v26.6) - https:\/\/yoast.com\/wordpress\/plugins\/seo\/ -->\n<title>Sacchetto sottovuoto goffrato per conservazione 25 x 25 cm 100 \u00b5 da 100<\/title>\n<meta name=\"description\" content=\"Sacchetto sottovuoto goffrato per conservazione 25 x 25 cm, 100 micron, per una conservazione prolungata degli alimenti. Ermetici e resistenti al congelamento.\" \/>\n<meta name=\"robots\" content=\"index, follow, max-snippet:-1, max-image-preview:large, max-video-preview:-1\" \/>\n<link rel=\"canonical\" href=\"https:\/\/www.csj-emballages.com\/it\/produit\/sacchetto-sottovuoto-goffrato-per-conservazione-25-x-25-cm-100-%c2%b5-da-100\/\" \/>\n<meta property=\"og:locale\" content=\"it_IT\" \/>\n<meta property=\"og:type\" content=\"article\" \/>\n<meta property=\"og:title\" content=\"Sacchetto sottovuoto goffrato per conservazione 25 x 25 cm 100 \u00b5 da 100\" \/>\n<meta property=\"og:description\" content=\"Sacchetto sottovuoto goffrato per conservazione 25 x 25 cm, 100 micron, per una conservazione prolungata degli alimenti. Ermetici e resistenti al congelamento.\" \/>\n<meta property=\"og:url\" content=\"https:\/\/www.csj-emballages.com\/it\/produit\/sacchetto-sottovuoto-goffrato-per-conservazione-25-x-25-cm-100-%c2%b5-da-100\/\" \/>\n<meta property=\"og:site_name\" content=\"CSJ Emballages\" \/>\n<meta property=\"article:publisher\" content=\"https:\/\/www.facebook.com\/csjemballages\" \/>\n<meta property=\"article:modified_time\" content=\"2026-04-15T00:17:40+00:00\" \/>\n<meta property=\"og:image\" content=\"https:\/\/www.csj-emballages.com\/wp-content\/uploads\/2024\/03\/sac-sous-vide-gaufre.webp\" \/>\n\t<meta property=\"og:image:width\" content=\"800\" \/>\n\t<meta property=\"og:image:height\" content=\"800\" \/>\n\t<meta property=\"og:image:type\" content=\"image\/webp\" \/>\n<meta name=\"twitter:card\" content=\"summary_large_image\" \/>\n<meta name=\"twitter:label1\" content=\"Dur\u00e9e de lecture estim\u00e9e\" \/>\n\t<meta name=\"twitter:data1\" content=\"1 minuto\" \/>\n<script type=\"application\/ld+json\" class=\"yoast-schema-graph\">{\"@context\":\"https:\/\/schema.org\",\"@graph\":[{\"@type\":\"WebPage\",\"@id\":\"https:\/\/www.csj-emballages.com\/it\/produit\/sacchetto-sottovuoto-goffrato-per-conservazione-25-x-25-cm-100-%c2%b5-da-100\/\",\"url\":\"https:\/\/www.csj-emballages.com\/it\/produit\/sacchetto-sottovuoto-goffrato-per-conservazione-25-x-25-cm-100-%c2%b5-da-100\/\",\"name\":\"Sacchetto sottovuoto goffrato per conservazione 25 x 25 cm 100 \u00b5 da 100\",\"isPartOf\":{\"@id\":\"https:\/\/www.csj-emballages.com\/it\/#website\"},\"primaryImageOfPage\":{\"@id\":\"https:\/\/www.csj-emballages.com\/it\/produit\/sacchetto-sottovuoto-goffrato-per-conservazione-25-x-25-cm-100-%c2%b5-da-100\/#primaryimage\"},\"image\":{\"@id\":\"https:\/\/www.csj-emballages.com\/it\/produit\/sacchetto-sottovuoto-goffrato-per-conservazione-25-x-25-cm-100-%c2%b5-da-100\/#primaryimage\"},\"thumbnailUrl\":\"https:\/\/www.csj-emballages.com\/wp-content\/uploads\/2024\/03\/sac-sous-vide-gaufre.webp\",\"datePublished\":\"2024-03-01T15:47:47+00:00\",\"dateModified\":\"2026-04-15T00:17:40+00:00\",\"description\":\"Sacchetto sottovuoto goffrato per conservazione 25 x 25 cm, 100 micron, per una conservazione prolungata degli alimenti. Ermetici e resistenti al congelamento.\",\"breadcrumb\":{\"@id\":\"https:\/\/www.csj-emballages.com\/it\/produit\/sacchetto-sottovuoto-goffrato-per-conservazione-25-x-25-cm-100-%c2%b5-da-100\/#breadcrumb\"},\"inLanguage\":\"it-IT\",\"potentialAction\":[{\"@type\":\"ReadAction\",\"target\":[\"https:\/\/www.csj-emballages.com\/it\/produit\/sacchetto-sottovuoto-goffrato-per-conservazione-25-x-25-cm-100-%c2%b5-da-100\/\"]}]},{\"@type\":\"ImageObject\",\"inLanguage\":\"it-IT\",\"@id\":\"https:\/\/www.csj-emballages.com\/it\/produit\/sacchetto-sottovuoto-goffrato-per-conservazione-25-x-25-cm-100-%c2%b5-da-100\/#primaryimage\",\"url\":\"https:\/\/www.csj-emballages.com\/wp-content\/uploads\/2024\/03\/sac-sous-vide-gaufre.webp\",\"contentUrl\":\"https:\/\/www.csj-emballages.com\/wp-content\/uploads\/2024\/03\/sac-sous-vide-gaufre.webp\",\"width\":800,\"height\":800,\"caption\":\"Sac sous vide\"},{\"@type\":\"BreadcrumbList\",\"@id\":\"https:\/\/www.csj-emballages.com\/it\/produit\/sacchetto-sottovuoto-goffrato-per-conservazione-25-x-25-cm-100-%c2%b5-da-100\/#breadcrumb\",\"itemListElement\":[{\"@type\":\"ListItem\",\"position\":1,\"name\":\"Home\",\"item\":\"https:\/\/www.csj-emballages.com\/it\/universo-imballaggi-alimentari\/\"},{\"@type\":\"ListItem\",\"position\":2,\"name\":\"Negozio\",\"item\":\"https:\/\/www.csj-emballages.com\/it\/negozio\/\"},{\"@type\":\"ListItem\",\"position\":3,\"name\":\"Sacchetto sottovuoto goffrato per conservazione 25 x 25 cm 100 \u00b5 da 100\"}]},{\"@type\":\"WebSite\",\"@id\":\"https:\/\/www.csj-emballages.com\/it\/#website\",\"url\":\"https:\/\/www.csj-emballages.com\/it\/\",\"name\":\"CSJ Emballages\",\"description\":\"\",\"publisher\":{\"@id\":\"https:\/\/www.csj-emballages.com\/it\/#organization\"},\"potentialAction\":[{\"@type\":\"SearchAction\",\"target\":{\"@type\":\"EntryPoint\",\"urlTemplate\":\"https:\/\/www.csj-emballages.com\/it\/?s={search_term_string}\"},\"query-input\":{\"@type\":\"PropertyValueSpecification\",\"valueRequired\":true,\"valueName\":\"search_term_string\"}}],\"inLanguage\":\"it-IT\"},{\"@type\":\"Organization\",\"@id\":\"https:\/\/www.csj-emballages.com\/it\/#Organization\/\",\"name\":\"CSJ Emballages\",\"url\":\"https:\/\/www.csj-emballages.com\/it\/\",\"logo\":{\"@type\":\"ImageObject\",\"inLanguage\":\"it-IT\",\"@id\":\"https:\/\/www.csj-emballages.com\/it\/#\/schema\/logo\/image\/\",\"url\":\"https:\/\/www.csj-emballages.com\/wp-content\/uploads\/2023\/10\/logo_csj.webp\",\"contentUrl\":\"https:\/\/www.csj-emballages.com\/wp-content\/uploads\/2023\/10\/logo_csj.webp\",\"width\":250,\"height\":95,\"caption\":\"CSJ Emballages\"},\"image\":{\"@id\":\"https:\/\/www.csj-emballages.com\/it\/#\/schema\/logo\/image\/\"},\"sameAs\":[\"https:\/\/www.facebook.com\/csjemballages\"],\"address\":{\"@type\":\"PostalAddress\",\"streetAddress\":\"ZI La Lechere\",\"addressLocality\":\"Patornay\",\"postalCode\":\"39130\",\"addressCountry\":\"FR\"},\"contactPoint\":[{\"@type\":\"ContactPoint\",\"contactType\":\"Service client\",\"telephone\":\"0384254272\",\"email\":\"contact@csj-emballages.com\"}]}]}<\/script>\n<!-- \/ Yoast SEO Premium plugin. -->","yoast_head_json":{"title":"Sacchetto sottovuoto goffrato per conservazione 25 x 25 cm 100 \u00b5 da 100","description":"Sacchetto sottovuoto goffrato per conservazione 25 x 25 cm, 100 micron, per una conservazione prolungata degli alimenti. Ermetici e resistenti al congelamento.","robots":{"index":"index","follow":"follow","max-snippet":"max-snippet:-1","max-image-preview":"max-image-preview:large","max-video-preview":"max-video-preview:-1"},"canonical":"https:\/\/www.csj-emballages.com\/it\/produit\/sacchetto-sottovuoto-goffrato-per-conservazione-25-x-25-cm-100-%c2%b5-da-100\/","og_locale":"it_IT","og_type":"article","og_title":"Sacchetto sottovuoto goffrato per conservazione 25 x 25 cm 100 \u00b5 da 100","og_description":"Sacchetto sottovuoto goffrato per conservazione 25 x 25 cm, 100 micron, per una conservazione prolungata degli alimenti. Ermetici e resistenti al congelamento.","og_url":"https:\/\/www.csj-emballages.com\/it\/produit\/sacchetto-sottovuoto-goffrato-per-conservazione-25-x-25-cm-100-%c2%b5-da-100\/","og_site_name":"CSJ Emballages","article_publisher":"https:\/\/www.facebook.com\/csjemballages","article_modified_time":"2026-04-15T00:17:40+00:00","og_image":[{"width":800,"height":800,"url":"https:\/\/www.csj-emballages.com\/wp-content\/uploads\/2024\/03\/sac-sous-vide-gaufre.webp","type":"image\/webp"}],"twitter_card":"summary_large_image","twitter_misc":{"Dur\u00e9e de lecture estim\u00e9e":"1 minuto"},"schema":{"@context":"https:\/\/schema.org","@graph":[{"@type":"WebPage","@id":"https:\/\/www.csj-emballages.com\/it\/produit\/sacchetto-sottovuoto-goffrato-per-conservazione-25-x-25-cm-100-%c2%b5-da-100\/","url":"https:\/\/www.csj-emballages.com\/it\/produit\/sacchetto-sottovuoto-goffrato-per-conservazione-25-x-25-cm-100-%c2%b5-da-100\/","name":"Sacchetto sottovuoto goffrato per conservazione 25 x 25 cm 100 \u00b5 da 100","isPartOf":{"@id":"https:\/\/www.csj-emballages.com\/it\/#website"},"primaryImageOfPage":{"@id":"https:\/\/www.csj-emballages.com\/it\/produit\/sacchetto-sottovuoto-goffrato-per-conservazione-25-x-25-cm-100-%c2%b5-da-100\/#primaryimage"},"image":{"@id":"https:\/\/www.csj-emballages.com\/it\/produit\/sacchetto-sottovuoto-goffrato-per-conservazione-25-x-25-cm-100-%c2%b5-da-100\/#primaryimage"},"thumbnailUrl":"https:\/\/www.csj-emballages.com\/wp-content\/uploads\/2024\/03\/sac-sous-vide-gaufre.webp","datePublished":"2024-03-01T15:47:47+00:00","dateModified":"2026-04-15T00:17:40+00:00","description":"Sacchetto sottovuoto goffrato per conservazione 25 x 25 cm, 100 micron, per una conservazione prolungata degli alimenti. Ermetici e resistenti al congelamento.","breadcrumb":{"@id":"https:\/\/www.csj-emballages.com\/it\/produit\/sacchetto-sottovuoto-goffrato-per-conservazione-25-x-25-cm-100-%c2%b5-da-100\/#breadcrumb"},"inLanguage":"it-IT","potentialAction":[{"@type":"ReadAction","target":["https:\/\/www.csj-emballages.com\/it\/produit\/sacchetto-sottovuoto-goffrato-per-conservazione-25-x-25-cm-100-%c2%b5-da-100\/"]}]},{"@type":"ImageObject","inLanguage":"it-IT","@id":"https:\/\/www.csj-emballages.com\/it\/produit\/sacchetto-sottovuoto-goffrato-per-conservazione-25-x-25-cm-100-%c2%b5-da-100\/#primaryimage","url":"https:\/\/www.csj-emballages.com\/wp-content\/uploads\/2024\/03\/sac-sous-vide-gaufre.webp","contentUrl":"https:\/\/www.csj-emballages.com\/wp-content\/uploads\/2024\/03\/sac-sous-vide-gaufre.webp","width":800,"height":800,"caption":"Sac sous vide"},{"@type":"BreadcrumbList","@id":"https:\/\/www.csj-emballages.com\/it\/produit\/sacchetto-sottovuoto-goffrato-per-conservazione-25-x-25-cm-100-%c2%b5-da-100\/#breadcrumb","itemListElement":[{"@type":"ListItem","position":1,"name":"Home","item":"https:\/\/www.csj-emballages.com\/it\/universo-imballaggi-alimentari\/"},{"@type":"ListItem","position":2,"name":"Negozio","item":"https:\/\/www.csj-emballages.com\/it\/negozio\/"},{"@type":"ListItem","position":3,"name":"Sacchetto sottovuoto goffrato per conservazione 25 x 25 cm 100 \u00b5 da 100"}]},{"@type":"WebSite","@id":"https:\/\/www.csj-emballages.com\/it\/#website","url":"https:\/\/www.csj-emballages.com\/it\/","name":"CSJ Emballages","description":"","publisher":{"@id":"https:\/\/www.csj-emballages.com\/it\/#organization"},"potentialAction":[{"@type":"SearchAction","target":{"@type":"EntryPoint","urlTemplate":"https:\/\/www.csj-emballages.com\/it\/?s={search_term_string}"},"query-input":{"@type":"PropertyValueSpecification","valueRequired":true,"valueName":"search_term_string"}}],"inLanguage":"it-IT"},{"@type":"Organization","@id":"https:\/\/www.csj-emballages.com\/it\/#Organization\/","name":"CSJ Emballages","url":"https:\/\/www.csj-emballages.com\/it\/","logo":{"@type":"ImageObject","inLanguage":"it-IT","@id":"https:\/\/www.csj-emballages.com\/it\/#\/schema\/logo\/image\/","url":"https:\/\/www.csj-emballages.com\/wp-content\/uploads\/2023\/10\/logo_csj.webp","contentUrl":"https:\/\/www.csj-emballages.com\/wp-content\/uploads\/2023\/10\/logo_csj.webp","width":250,"height":95,"caption":"CSJ Emballages"},"image":{"@id":"https:\/\/www.csj-emballages.com\/it\/#\/schema\/logo\/image\/"},"sameAs":["https:\/\/www.facebook.com\/csjemballages"],"address":{"@type":"PostalAddress","streetAddress":"ZI La Lechere","addressLocality":"Patornay","postalCode":"39130","addressCountry":"FR"},"contactPoint":[{"@type":"ContactPoint","contactType":"Service client","telephone":"0384254272","email":"contact@csj-emballages.com"}]}]}},"df_price":12.76,"df_sale_price":"","df_regular_price":12.76,"df_image_link":"https:\/\/www.csj-emballages.com\/wp-content\/uploads\/2024\/03\/sac-sous-vide-gaufre-300x300.webp","tiered_pricing_type":"fixed","tiered_pricing_fixed_rules":[],"tiered_pricing_percentage_rules":[],"tiered_pricing_minimum":1,"tiered_pricing_roles_data":[],"_links":{"self":[{"href":"https:\/\/www.csj-emballages.com\/it\/wp-json\/wp\/v2\/product\/269724","targetHints":{"allow":["GET"]}}],"collection":[{"href":"https:\/\/www.csj-emballages.com\/it\/wp-json\/wp\/v2\/product"}],"about":[{"href":"https:\/\/www.csj-emballages.com\/it\/wp-json\/wp\/v2\/types\/product"}],"wp:featuredmedia":[{"embeddable":true,"href":"https:\/\/www.csj-emballages.com\/it\/wp-json\/wp\/v2\/media\/269705"}],"wp:attachment":[{"href":"https:\/\/www.csj-emballages.com\/it\/wp-json\/wp\/v2\/media?parent=269724"}],"wp:term":[{"taxonomy":"product_brand","embeddable":true,"href":"https:\/\/www.csj-emballages.com\/it\/wp-json\/wp\/v2\/product_brand?post=269724"},{"taxonomy":"product_cat","embeddable":true,"href":"https:\/\/www.csj-emballages.com\/it\/wp-json\/wp\/v2\/product_cat?post=269724"},{"taxonomy":"product_tag","embeddable":true,"href":"https:\/\/www.csj-emballages.com\/it\/wp-json\/wp\/v2\/product_tag?post=269724"}],"curies":[{"name":"wp","href":"https:\/\/api.w.org\/{rel}","templated":true}]}}