{"id":269614,"date":"2024-03-01T16:49:12","date_gmt":"2024-03-01T15:49:12","guid":{"rendered":"https:\/\/www.csj-emballages.com\/produit\/sacchetto-per-dolci-sos-fondo-morbido-55-40-x-170-mm-da-100\/"},"modified":"2026-04-14T02:21:18","modified_gmt":"2026-04-14T00:21:18","slug":"sacchetto-per-dolci-sos-fondo-morbido-55-40-x-170-mm-da-100","status":"publish","type":"product","link":"https:\/\/www.csj-emballages.com\/it\/produit\/sacchetto-per-dolci-sos-fondo-morbido-55-40-x-170-mm-da-100\/","title":{"rendered":"Sacchetto per dolci SOS fondo morbido 55 + 40 x 170 mm da 100"},"content":{"rendered":"<div style=\"box-sizing: inherit; font-family: Roboto, sans-serif;\">\n<div style=\"box-sizing: inherit; font-family: Roboto, sans-serif;\">\n<div style=\"box-sizing: inherit; font-family: Roboto, sans-serif;\">\n<div style=\"box-sizing: inherit; font-family: Roboto, sans-serif;\">\n<div style=\"box-sizing: inherit; font-family: Roboto, sans-serif;\">\n<div style=\"box-sizing: inherit; font-family: Roboto, sans-serif;\">\n<div style=\"box-sizing: inherit; font-family: Roboto, sans-serif;\">\n<div style=\"box-sizing: inherit; font-family: Roboto, sans-serif;\">\n<div style=\"box-sizing: inherit; font-family: Roboto, sans-serif;\">\n<div style=\"box-sizing: inherit; font-family: Roboto, sans-serif;\">\n<div style=\"box-sizing: inherit; font-family: Roboto, sans-serif;\">\n<div style=\"box-sizing: inherit; font-family: Roboto, sans-serif;\">\n<div style=\"box-sizing: inherit; font-family: Roboto, sans-serif;\">\n<div class=\"flex flex-grow flex-col max-w-full\">\n<div class=\"min-h-[20px] text-message flex flex-col items-start whitespace-pre-wrap break-words [.text-message+&amp;]:mt-5 juice:w-full juice:items-end overflow-x-auto gap-2\" dir=\"auto\" data-message-author-role=\"assistant\" data-message-id=\"2034782e-88f9-44ef-b4dc-07dd7bf0115f\">\n<div class=\"flex w-full flex-col gap-1 juice:empty:hidden juice:first:pt-[3px]\">\n<div class=\"markdown prose w-full break-words dark:prose-invert light\">\n<div style=\"box-sizing: inherit; font-family: Roboto, sans-serif;\">\n<div style=\"box-sizing: inherit; font-family: Roboto, sans-serif;\">\n<div style=\"box-sizing: inherit; font-family: Roboto, sans-serif;\">\n<div style=\"box-sizing: inherit; font-family: Roboto, sans-serif;\">\n<div style=\"box-sizing: inherit; font-family: Roboto, sans-serif;\">\n<div style=\"box-sizing: inherit; font-family: Roboto, sans-serif;\">\n<h2>Sacchetto per dolci<\/h2>\n<div style=\"box-sizing: inherit; font-family: Roboto, sans-serif;\">\n<div style=\"box-sizing: inherit; font-family: Roboto, sans-serif;\">\n<div style=\"box-sizing: inherit; font-family: Roboto, sans-serif;\">\n<div style=\"text-align: center;\">\n<div style=\"box-sizing: inherit; font-family: Roboto, sans-serif;\">\n<div style=\"box-sizing: inherit; font-family: Roboto, sans-serif;\">\n<div style=\"box-sizing: inherit; font-family: Roboto, sans-serif;\">\n<div style=\"box-sizing: inherit; font-family: Roboto, sans-serif;\">\n<div style=\"box-sizing: inherit; font-family: Roboto, sans-serif;\">\n<div style=\"box-sizing: inherit; font-family: Roboto, sans-serif; text-align: left;\">\n<hr>\n<h3 style=\"text-align: left;\">Descrizione del nostro sacchetto per dolci SOS fondo morbido 55 + 40 x 170 mm da 100<\/h3>\n<h3 style=\"text-align: left;\"><!--more--><\/h3>\n<\/div>\n<\/div>\n<\/div>\n<\/div>\n<\/div>\n<\/div>\n<\/div>\n<\/div>\n<\/div>\n<\/div>\n<\/div>\n<\/div>\n<\/div>\n<\/div>\n<\/div>\n<\/div>\n<\/div>\n<\/div>\n<\/div>\n<\/div>\n<\/div>\n<\/div>\n<\/div>\n<\/div>\n<\/div>\n<\/div>\n<\/div>\n<\/div>\n<\/div>\n<\/div>\n<\/div>\n<\/div>\n<\/div>\n<div style=\"box-sizing: inherit; font-family: Roboto, sans-serif;\">\n<div style=\"box-sizing: inherit; font-family: Roboto, sans-serif;\">\n<div style=\"box-sizing: inherit; font-family: Roboto, sans-serif;\">\n<div style=\"box-sizing: inherit; font-family: Roboto, sans-serif;\">\n<div style=\"box-sizing: inherit; font-family: Roboto, sans-serif;\">\n<div style=\"box-sizing: inherit; font-family: Roboto, sans-serif;\">\n<div style=\"box-sizing: inherit; font-family: Roboto, sans-serif;\">\n<div style=\"box-sizing: inherit; font-family: Roboto, sans-serif;\">\n<div style=\"box-sizing: inherit; font-family: Roboto, sans-serif;\">\n<div style=\"box-sizing: inherit; font-family: Roboto, sans-serif;\">\n<div style=\"box-sizing: inherit; font-family: Roboto, sans-serif;\">\n<div style=\"box-sizing: inherit; font-family: Roboto, sans-serif;\">\n<div style=\"box-sizing: inherit; font-family: Roboto, sans-serif;\">\n<div class=\"flex flex-grow flex-col max-w-full\">\n<div class=\"min-h-[20px] text-message flex flex-col items-start whitespace-pre-wrap break-words [.text-message+&amp;]:mt-5 juice:w-full juice:items-end overflow-x-auto gap-2\" dir=\"auto\" data-message-author-role=\"assistant\" data-message-id=\"2034782e-88f9-44ef-b4dc-07dd7bf0115f\">\n<div class=\"flex w-full flex-col gap-1 juice:empty:hidden juice:first:pt-[3px]\">\n<div class=\"markdown prose w-full break-words dark:prose-invert light\">\n<div style=\"box-sizing: inherit; font-family: Roboto, sans-serif;\">\n<div style=\"box-sizing: inherit; font-family: Roboto, sans-serif;\">\n<div style=\"box-sizing: inherit; font-family: Roboto, sans-serif;\">\n<div style=\"box-sizing: inherit; font-family: Roboto, sans-serif;\">\n<div style=\"box-sizing: inherit; font-family: Roboto, sans-serif;\">\n<div style=\"box-sizing: inherit; font-family: Roboto, sans-serif;\">\n<p data-start=\"0\" data-end=\"511\">Per tutto l&#8217;anno, fai brillare le tue golosit\u00e0 grazie al nostro <strong data-start=\"102\" data-end=\"165\">sacchetto per dolci SOS fondo morbido 55 + 40 x 170 mm da 100<\/strong>. Questo piccolo imballaggio intelligente ha tutto per piacere: <strong data-start=\"213\" data-end=\"229\">trasparenza<\/strong> perfetta, <strong data-start=\"240\" data-end=\"253\">stabilit\u00e0<\/strong> esemplare e formato pratico. Grazie al suo <strong>fondo morbido<\/strong> che si dispiega, il <strong>sacchetto di plastica<\/strong> sta <strong data-start=\"341\" data-end=\"361\">in piedi da solo<\/strong>, anche prima di essere riempito. Il risultato: un notevole risparmio di tempo durante l&#8217;allestimento e una presentazione sempre impeccabile sui tuoi espositori.   <\/p>\n<p data-start=\"513\" data-end=\"995\">Pensato per esaltare le tue creazioni dolciarie, questo <strong>sacchetto SOS<\/strong> si rivolge tanto ai <strong data-start=\"591\" data-end=\"606\">produttori di biscotti<\/strong>, <strong data-start=\"608\" data-end=\"624\">cioccolatieri<\/strong>, <strong data-start=\"626\" data-end=\"640\">confettieri<\/strong>, <strong data-start=\"642\" data-end=\"656\">produttori di confetti<\/strong>, <strong data-start=\"658\" data-end=\"672\">produttori di torrone<\/strong>, <strong data-start=\"674\" data-end=\"688\">pasticcieri<\/strong> quanto agli artigiani della golosit\u00e0 di ogni genere. La sua forma ingegnosa si adatta ai contorni dei tuoi prodotti pi\u00f9 fragili, evitando rotture o deformazioni. Puoi quindi confezionare le tue dolcezze in tutta <strong data-start=\"897\" data-end=\"910\">sicurezza<\/strong>, che si tratti di confetti colorati, biscotti croccanti o cioccolatini fini.  <\/p>\n<p data-start=\"997\" data-end=\"1293\">Inoltre, questo <strong>sacchetto di plastica<\/strong> rispetta le norme vigenti: <strong data-start=\"1052\" data-end=\"1083\">idoneo al contatto alimentare<\/strong>, \u00e8 conforme al <strong data-start=\"1104\" data-end=\"1131\">codice dell&#8217;ambiente<\/strong> e gi\u00e0 pronto per le esigenze della <strong data-start=\"1170\" data-end=\"1187\">legge AGEC 2025<\/strong>. Mostri cos\u00ec un impegno eco-responsabile che sedurr\u00e0 la tua clientela sensibile alla sostenibilit\u00e0. <\/p>\n<p data-start=\"1295\" data-end=\"1631\">Scegliendo questo <strong>sacchetto trasparente<\/strong>, valorizzi i tuoi prodotti offrendo un&#8217;esperienza visiva golosa. La sua <strong data-start=\"1415\" data-end=\"1432\">grande chiarezza<\/strong> mette in risalto i colori e le texture delle tue confetterie, attirando naturalmente l&#8217;attenzione dei clienti. Inoltre, venduto in confezioni da <strong>100<\/strong>, si rivela economico e pratico per i professionisti.  <\/p>\n<p data-start=\"1633\" data-end=\"1863\">In sintesi, questo <strong>sacchetto per dolci SOS<\/strong> combina <strong data-start=\"1678\" data-end=\"1692\">estetica<\/strong>, <strong data-start=\"1694\" data-end=\"1718\">sicurezza alimentare<\/strong> e <strong data-start=\"1722\" data-end=\"1750\">semplicit\u00e0 d&#8217;uso<\/strong>. \u00c8 l&#8217;imballaggio ideale per presentare, proteggere e valorizzare le tue dolcezze artigianali durante tutto l&#8217;anno. <\/p>\n<p data-start=\"1633\" data-end=\"1863\">\n<p><!--more--><\/p>\n<h4 style=\"text-align: left;\">Vantaggi:<\/h4>\n<ul style=\"text-align: left;\">\n<li><strong data-start=\"2070\" data-end=\"2085\">Fondo morbido<\/strong>: sta in piedi senza supporto.<\/li>\n<li><strong data-start=\"2119\" data-end=\"2135\">Trasparenza<\/strong>: valorizza le tue creazioni.<\/li>\n<li><strong data-start=\"2171\" data-end=\"2194\">Contatto alimentare<\/strong>: conforme AGEC 2025.<\/li>\n<li><strong data-start=\"2221\" data-end=\"2240\">Formato pratico<\/strong>: ideale per confettieri, pasticcieri e cioccolatieri.<\/li>\n<\/ul>\n<\/div>\n<\/div>\n<\/div>\n<\/div>\n<\/div>\n<\/div>\n<\/div>\n<\/div>\n<\/div>\n<\/div>\n<\/div>\n<\/div>\n<p>&nbsp;<\/p>\n<\/div>\n<\/div>\n<\/div>\n<\/div>\n<\/div>\n<\/div>\n<\/div>\n<\/div>\n<\/div>\n<\/div>\n<\/div>\n<p><!--more--><\/p>\n<h4>Altre informazioni:<\/h4>\n<ul style=\"box-sizing: inherit; font-family: Roboto, sans-serif;\">\n<li><strong>Confezionamento<\/strong>: Pacchetto da 100<\/li>\n<li><span style=\"font-weight: bold;\">Dimensioni<\/span>: 55 + 40 x 170 mm<\/li>\n<li><strong>Materiale<\/strong>: Polipropilene<\/li>\n<li><strong>Colore<\/strong>: Trasparente<\/li>\n<li><strong>Resistenza<\/strong>: 40 \u00b5<\/li>\n<\/ul>\n<p>&nbsp;<\/p>\n<p><!--more--><\/p>\n<p>Questo sacchetto \u00e8 disponibile in diverse misure: <span style=\"color: #d12727;\"><a style=\"color: #d12727;\" href=\"https:\/\/www.csj-emballages.com\/produit\/100-sachets-sos-neutres-65-45-x-200-mm\/\">65 + 45 x 200 mm<\/a><\/span> \/ <span style=\"color: #d12727;\"><a style=\"color: #d12727;\" href=\"https:\/\/www.csj-emballages.com\/produit\/100-sachets-sos-neutres-80-40-x-240-mm\/\">80 + 40 x 240 mm<\/a><\/span><\/p>\n<div style=\"box-sizing: inherit; font-family: Roboto, sans-serif;\">\n<div style=\"box-sizing: inherit; font-family: Roboto, sans-serif;\">\n<div style=\"box-sizing: inherit; font-family: Roboto, sans-serif;\">\n<div style=\"box-sizing: inherit; font-family: Roboto, sans-serif;\">\n<div style=\"box-sizing: inherit; font-family: Roboto, sans-serif;\">\n<div style=\"box-sizing: inherit; font-family: Roboto, sans-serif;\">\n<p>&nbsp;<\/p>\n<p><!--more--><\/p>\n<p><a href=\"\/?product_cat=sachets-sos-sans-fond-carton\">Consulta il resto della nostra gamma di sacchetti SOS con fondo morbido<\/a><\/p>\n<\/div>\n<\/div>\n<\/div>\n<\/div>\n<\/div>\n<\/div>\n","protected":false},"excerpt":{"rendered":"<p>Sacchetto per dolci Descrizione del nostro sacchetto per dolci SOS fondo morbido 55 + 40 x 170 mm da 100<\/p>\n","protected":false},"featured_media":269610,"template":"","meta":{"_acf_changed":false},"product_brand":[],"product_cat":[10346,10344,10985,11061],"product_tag":[],"class_list":{"0":"post-269614","1":"product","2":"type-product","3":"status-publish","4":"has-post-thumbnail","6":"product_cat-imballaggi-alimentari","7":"product_cat-panetteria-pasticceria","8":"product_cat-sacchetti-per-confetteria","9":"product_cat-sacchetti-sos-a-fondo-morbido","11":"first","12":"instock","13":"taxable","14":"shipping-taxable","15":"purchasable","16":"product-type-simple"},"acf":[],"yoast_head":"<!-- This site is optimized with the Yoast SEO Premium plugin v26.6 (Yoast SEO v26.6) - https:\/\/yoast.com\/wordpress\/plugins\/seo\/ -->\n<title>Sacchetto per Dolci SOS Fondo Morbido 55 + 40 x 170 mm da 100<\/title>\n<meta name=\"description\" content=\"Sacchetto per dolci SOS 55 + 40 x 170 mm: stabile, idoneo al contatto alimentare, ideale per cioccolatini, biscotti e confetti. Confezione da 100.\" \/>\n<meta name=\"robots\" content=\"index, follow, max-snippet:-1, max-image-preview:large, max-video-preview:-1\" \/>\n<link rel=\"canonical\" href=\"https:\/\/www.csj-emballages.com\/it\/produit\/sacchetto-per-dolci-sos-fondo-morbido-55-40-x-170-mm-da-100\/\" \/>\n<meta property=\"og:locale\" content=\"it_IT\" \/>\n<meta property=\"og:type\" content=\"article\" \/>\n<meta property=\"og:title\" content=\"Sacchetto per dolci SOS fondo morbido 55 + 40 x 170 mm da 100\" \/>\n<meta property=\"og:description\" content=\"Sacchetto per dolci SOS 55 + 40 x 170 mm: stabile, idoneo al contatto alimentare, ideale per cioccolatini, biscotti e confetti. Confezione da 100.\" \/>\n<meta property=\"og:url\" content=\"https:\/\/www.csj-emballages.com\/it\/produit\/sacchetto-per-dolci-sos-fondo-morbido-55-40-x-170-mm-da-100\/\" \/>\n<meta property=\"og:site_name\" content=\"CSJ Emballages\" \/>\n<meta property=\"article:publisher\" content=\"https:\/\/www.facebook.com\/csjemballages\" \/>\n<meta property=\"article:modified_time\" content=\"2026-04-14T00:21:18+00:00\" \/>\n<meta property=\"og:image\" content=\"https:\/\/www.csj-emballages.com\/wp-content\/uploads\/2024\/03\/SFSOS.webp\" \/>\n\t<meta property=\"og:image:width\" content=\"800\" \/>\n\t<meta property=\"og:image:height\" content=\"800\" \/>\n\t<meta property=\"og:image:type\" content=\"image\/webp\" \/>\n<meta name=\"twitter:card\" content=\"summary_large_image\" \/>\n<meta name=\"twitter:label1\" content=\"Dur\u00e9e de lecture estim\u00e9e\" \/>\n\t<meta name=\"twitter:data1\" content=\"2 minuti\" \/>\n<script type=\"application\/ld+json\" class=\"yoast-schema-graph\">{\"@context\":\"https:\/\/schema.org\",\"@graph\":[{\"@type\":\"WebPage\",\"@id\":\"https:\/\/www.csj-emballages.com\/it\/produit\/sacchetto-per-dolci-sos-fondo-morbido-55-40-x-170-mm-da-100\/\",\"url\":\"https:\/\/www.csj-emballages.com\/it\/produit\/sacchetto-per-dolci-sos-fondo-morbido-55-40-x-170-mm-da-100\/\",\"name\":\"Sacchetto per Dolci SOS Fondo Morbido 55 + 40 x 170 mm da 100\",\"isPartOf\":{\"@id\":\"https:\/\/www.csj-emballages.com\/it\/#website\"},\"primaryImageOfPage\":{\"@id\":\"https:\/\/www.csj-emballages.com\/it\/produit\/sacchetto-per-dolci-sos-fondo-morbido-55-40-x-170-mm-da-100\/#primaryimage\"},\"image\":{\"@id\":\"https:\/\/www.csj-emballages.com\/it\/produit\/sacchetto-per-dolci-sos-fondo-morbido-55-40-x-170-mm-da-100\/#primaryimage\"},\"thumbnailUrl\":\"https:\/\/www.csj-emballages.com\/wp-content\/uploads\/2024\/03\/SFSOS.webp\",\"datePublished\":\"2024-03-01T15:49:12+00:00\",\"dateModified\":\"2026-04-14T00:21:18+00:00\",\"description\":\"Sacchetto per dolci SOS 55 + 40 x 170 mm: stabile, idoneo al contatto alimentare, ideale per cioccolatini, biscotti e confetti. Confezione da 100.\",\"breadcrumb\":{\"@id\":\"https:\/\/www.csj-emballages.com\/it\/produit\/sacchetto-per-dolci-sos-fondo-morbido-55-40-x-170-mm-da-100\/#breadcrumb\"},\"inLanguage\":\"it-IT\",\"potentialAction\":[{\"@type\":\"ReadAction\",\"target\":[\"https:\/\/www.csj-emballages.com\/it\/produit\/sacchetto-per-dolci-sos-fondo-morbido-55-40-x-170-mm-da-100\/\"]}]},{\"@type\":\"ImageObject\",\"inLanguage\":\"it-IT\",\"@id\":\"https:\/\/www.csj-emballages.com\/it\/produit\/sacchetto-per-dolci-sos-fondo-morbido-55-40-x-170-mm-da-100\/#primaryimage\",\"url\":\"https:\/\/www.csj-emballages.com\/wp-content\/uploads\/2024\/03\/SFSOS.webp\",\"contentUrl\":\"https:\/\/www.csj-emballages.com\/wp-content\/uploads\/2024\/03\/SFSOS.webp\",\"width\":800,\"height\":800,\"caption\":\"Sachet confiseries\"},{\"@type\":\"BreadcrumbList\",\"@id\":\"https:\/\/www.csj-emballages.com\/it\/produit\/sacchetto-per-dolci-sos-fondo-morbido-55-40-x-170-mm-da-100\/#breadcrumb\",\"itemListElement\":[{\"@type\":\"ListItem\",\"position\":1,\"name\":\"Home\",\"item\":\"https:\/\/www.csj-emballages.com\/it\/universo-imballaggi-alimentari\/\"},{\"@type\":\"ListItem\",\"position\":2,\"name\":\"Negozio\",\"item\":\"https:\/\/www.csj-emballages.com\/it\/negozio\/\"},{\"@type\":\"ListItem\",\"position\":3,\"name\":\"Sacchetto per dolci SOS fondo morbido 55 + 40 x 170 mm da 100\"}]},{\"@type\":\"WebSite\",\"@id\":\"https:\/\/www.csj-emballages.com\/it\/#website\",\"url\":\"https:\/\/www.csj-emballages.com\/it\/\",\"name\":\"CSJ Emballages\",\"description\":\"\",\"publisher\":{\"@id\":\"https:\/\/www.csj-emballages.com\/it\/#organization\"},\"potentialAction\":[{\"@type\":\"SearchAction\",\"target\":{\"@type\":\"EntryPoint\",\"urlTemplate\":\"https:\/\/www.csj-emballages.com\/it\/?s={search_term_string}\"},\"query-input\":{\"@type\":\"PropertyValueSpecification\",\"valueRequired\":true,\"valueName\":\"search_term_string\"}}],\"inLanguage\":\"it-IT\"},{\"@type\":\"Organization\",\"@id\":\"https:\/\/www.csj-emballages.com\/it\/#Organization\/\",\"name\":\"CSJ Emballages\",\"url\":\"https:\/\/www.csj-emballages.com\/it\/\",\"logo\":{\"@type\":\"ImageObject\",\"inLanguage\":\"it-IT\",\"@id\":\"https:\/\/www.csj-emballages.com\/it\/#\/schema\/logo\/image\/\",\"url\":\"https:\/\/www.csj-emballages.com\/wp-content\/uploads\/2023\/10\/logo_csj.webp\",\"contentUrl\":\"https:\/\/www.csj-emballages.com\/wp-content\/uploads\/2023\/10\/logo_csj.webp\",\"width\":250,\"height\":95,\"caption\":\"CSJ Emballages\"},\"image\":{\"@id\":\"https:\/\/www.csj-emballages.com\/it\/#\/schema\/logo\/image\/\"},\"sameAs\":[\"https:\/\/www.facebook.com\/csjemballages\"],\"address\":{\"@type\":\"PostalAddress\",\"streetAddress\":\"ZI La Lechere\",\"addressLocality\":\"Patornay\",\"postalCode\":\"39130\",\"addressCountry\":\"FR\"},\"contactPoint\":[{\"@type\":\"ContactPoint\",\"contactType\":\"Service client\",\"telephone\":\"0384254272\",\"email\":\"contact@csj-emballages.com\"}]}]}<\/script>\n<!-- \/ Yoast SEO Premium plugin. -->","yoast_head_json":{"title":"Sacchetto per Dolci SOS Fondo Morbido 55 + 40 x 170 mm da 100","description":"Sacchetto per dolci SOS 55 + 40 x 170 mm: stabile, idoneo al contatto alimentare, ideale per cioccolatini, biscotti e confetti. Confezione da 100.","robots":{"index":"index","follow":"follow","max-snippet":"max-snippet:-1","max-image-preview":"max-image-preview:large","max-video-preview":"max-video-preview:-1"},"canonical":"https:\/\/www.csj-emballages.com\/it\/produit\/sacchetto-per-dolci-sos-fondo-morbido-55-40-x-170-mm-da-100\/","og_locale":"it_IT","og_type":"article","og_title":"Sacchetto per dolci SOS fondo morbido 55 + 40 x 170 mm da 100","og_description":"Sacchetto per dolci SOS 55 + 40 x 170 mm: stabile, idoneo al contatto alimentare, ideale per cioccolatini, biscotti e confetti. Confezione da 100.","og_url":"https:\/\/www.csj-emballages.com\/it\/produit\/sacchetto-per-dolci-sos-fondo-morbido-55-40-x-170-mm-da-100\/","og_site_name":"CSJ Emballages","article_publisher":"https:\/\/www.facebook.com\/csjemballages","article_modified_time":"2026-04-14T00:21:18+00:00","og_image":[{"width":800,"height":800,"url":"https:\/\/www.csj-emballages.com\/wp-content\/uploads\/2024\/03\/SFSOS.webp","type":"image\/webp"}],"twitter_card":"summary_large_image","twitter_misc":{"Dur\u00e9e de lecture estim\u00e9e":"2 minuti"},"schema":{"@context":"https:\/\/schema.org","@graph":[{"@type":"WebPage","@id":"https:\/\/www.csj-emballages.com\/it\/produit\/sacchetto-per-dolci-sos-fondo-morbido-55-40-x-170-mm-da-100\/","url":"https:\/\/www.csj-emballages.com\/it\/produit\/sacchetto-per-dolci-sos-fondo-morbido-55-40-x-170-mm-da-100\/","name":"Sacchetto per Dolci SOS Fondo Morbido 55 + 40 x 170 mm da 100","isPartOf":{"@id":"https:\/\/www.csj-emballages.com\/it\/#website"},"primaryImageOfPage":{"@id":"https:\/\/www.csj-emballages.com\/it\/produit\/sacchetto-per-dolci-sos-fondo-morbido-55-40-x-170-mm-da-100\/#primaryimage"},"image":{"@id":"https:\/\/www.csj-emballages.com\/it\/produit\/sacchetto-per-dolci-sos-fondo-morbido-55-40-x-170-mm-da-100\/#primaryimage"},"thumbnailUrl":"https:\/\/www.csj-emballages.com\/wp-content\/uploads\/2024\/03\/SFSOS.webp","datePublished":"2024-03-01T15:49:12+00:00","dateModified":"2026-04-14T00:21:18+00:00","description":"Sacchetto per dolci SOS 55 + 40 x 170 mm: stabile, idoneo al contatto alimentare, ideale per cioccolatini, biscotti e confetti. Confezione da 100.","breadcrumb":{"@id":"https:\/\/www.csj-emballages.com\/it\/produit\/sacchetto-per-dolci-sos-fondo-morbido-55-40-x-170-mm-da-100\/#breadcrumb"},"inLanguage":"it-IT","potentialAction":[{"@type":"ReadAction","target":["https:\/\/www.csj-emballages.com\/it\/produit\/sacchetto-per-dolci-sos-fondo-morbido-55-40-x-170-mm-da-100\/"]}]},{"@type":"ImageObject","inLanguage":"it-IT","@id":"https:\/\/www.csj-emballages.com\/it\/produit\/sacchetto-per-dolci-sos-fondo-morbido-55-40-x-170-mm-da-100\/#primaryimage","url":"https:\/\/www.csj-emballages.com\/wp-content\/uploads\/2024\/03\/SFSOS.webp","contentUrl":"https:\/\/www.csj-emballages.com\/wp-content\/uploads\/2024\/03\/SFSOS.webp","width":800,"height":800,"caption":"Sachet confiseries"},{"@type":"BreadcrumbList","@id":"https:\/\/www.csj-emballages.com\/it\/produit\/sacchetto-per-dolci-sos-fondo-morbido-55-40-x-170-mm-da-100\/#breadcrumb","itemListElement":[{"@type":"ListItem","position":1,"name":"Home","item":"https:\/\/www.csj-emballages.com\/it\/universo-imballaggi-alimentari\/"},{"@type":"ListItem","position":2,"name":"Negozio","item":"https:\/\/www.csj-emballages.com\/it\/negozio\/"},{"@type":"ListItem","position":3,"name":"Sacchetto per dolci SOS fondo morbido 55 + 40 x 170 mm da 100"}]},{"@type":"WebSite","@id":"https:\/\/www.csj-emballages.com\/it\/#website","url":"https:\/\/www.csj-emballages.com\/it\/","name":"CSJ Emballages","description":"","publisher":{"@id":"https:\/\/www.csj-emballages.com\/it\/#organization"},"potentialAction":[{"@type":"SearchAction","target":{"@type":"EntryPoint","urlTemplate":"https:\/\/www.csj-emballages.com\/it\/?s={search_term_string}"},"query-input":{"@type":"PropertyValueSpecification","valueRequired":true,"valueName":"search_term_string"}}],"inLanguage":"it-IT"},{"@type":"Organization","@id":"https:\/\/www.csj-emballages.com\/it\/#Organization\/","name":"CSJ Emballages","url":"https:\/\/www.csj-emballages.com\/it\/","logo":{"@type":"ImageObject","inLanguage":"it-IT","@id":"https:\/\/www.csj-emballages.com\/it\/#\/schema\/logo\/image\/","url":"https:\/\/www.csj-emballages.com\/wp-content\/uploads\/2023\/10\/logo_csj.webp","contentUrl":"https:\/\/www.csj-emballages.com\/wp-content\/uploads\/2023\/10\/logo_csj.webp","width":250,"height":95,"caption":"CSJ Emballages"},"image":{"@id":"https:\/\/www.csj-emballages.com\/it\/#\/schema\/logo\/image\/"},"sameAs":["https:\/\/www.facebook.com\/csjemballages"],"address":{"@type":"PostalAddress","streetAddress":"ZI La Lechere","addressLocality":"Patornay","postalCode":"39130","addressCountry":"FR"},"contactPoint":[{"@type":"ContactPoint","contactType":"Service client","telephone":"0384254272","email":"contact@csj-emballages.com"}]}]}},"df_price":10.02,"df_sale_price":"","df_regular_price":10.02,"df_image_link":"https:\/\/www.csj-emballages.com\/wp-content\/uploads\/2024\/03\/SFSOS-300x300.webp","tiered_pricing_type":"fixed","tiered_pricing_fixed_rules":[],"tiered_pricing_percentage_rules":[],"tiered_pricing_minimum":1,"tiered_pricing_roles_data":[],"_links":{"self":[{"href":"https:\/\/www.csj-emballages.com\/it\/wp-json\/wp\/v2\/product\/269614","targetHints":{"allow":["GET"]}}],"collection":[{"href":"https:\/\/www.csj-emballages.com\/it\/wp-json\/wp\/v2\/product"}],"about":[{"href":"https:\/\/www.csj-emballages.com\/it\/wp-json\/wp\/v2\/types\/product"}],"wp:featuredmedia":[{"embeddable":true,"href":"https:\/\/www.csj-emballages.com\/it\/wp-json\/wp\/v2\/media\/269610"}],"wp:attachment":[{"href":"https:\/\/www.csj-emballages.com\/it\/wp-json\/wp\/v2\/media?parent=269614"}],"wp:term":[{"taxonomy":"product_brand","embeddable":true,"href":"https:\/\/www.csj-emballages.com\/it\/wp-json\/wp\/v2\/product_brand?post=269614"},{"taxonomy":"product_cat","embeddable":true,"href":"https:\/\/www.csj-emballages.com\/it\/wp-json\/wp\/v2\/product_cat?post=269614"},{"taxonomy":"product_tag","embeddable":true,"href":"https:\/\/www.csj-emballages.com\/it\/wp-json\/wp\/v2\/product_tag?post=269614"}],"curies":[{"name":"wp","href":"https:\/\/api.w.org\/{rel}","templated":true}]}}