{"id":269590,"date":"2024-03-01T16:49:10","date_gmt":"2024-03-01T15:49:10","guid":{"rendered":"https:\/\/www.csj-emballages.com\/produit\/sacchetto-per-dolci-di-natale-in-carta-kraft-natale-70-40-x-200-mm-confezione-da-50\/"},"modified":"2026-03-12T16:41:38","modified_gmt":"2026-03-12T15:41:38","slug":"sacchetto-per-dolci-di-natale-in-carta-kraft-natale-70-40-x-200-mm-confezione-da-50","status":"publish","type":"product","link":"https:\/\/www.csj-emballages.com\/it\/produit\/sacchetto-per-dolci-di-natale-in-carta-kraft-natale-70-40-x-200-mm-confezione-da-50\/","title":{"rendered":"Sacchetto per dolci di Natale in carta &#8220;Kraft Natale&#8221; 70 + 40 x 200 mm, confezione da 50"},"content":{"rendered":"<div style=\"box-sizing: inherit; font-family: Roboto, sans-serif;\">\n<div style=\"box-sizing: inherit; font-family: Roboto, sans-serif;\">\n<div style=\"box-sizing: inherit; font-family: Roboto, sans-serif;\">\n<div style=\"box-sizing: inherit; font-family: Roboto, sans-serif;\">\n<div style=\"box-sizing: inherit; font-family: Roboto, sans-serif;\">\n<div style=\"box-sizing: inherit; font-family: Roboto, sans-serif;\">\n<div style=\"box-sizing: inherit; font-family: Roboto, sans-serif;\">\n<div style=\"box-sizing: inherit; font-family: Roboto, sans-serif;\">\n<div style=\"box-sizing: inherit; font-family: Roboto, sans-serif;\">\n<div style=\"box-sizing: inherit; font-family: Roboto, sans-serif;\">\n<div style=\"box-sizing: inherit; font-family: Roboto, sans-serif;\">\n<div style=\"box-sizing: inherit; font-family: Roboto, sans-serif;\">\n<div style=\"box-sizing: inherit; font-family: Roboto, sans-serif;\">\n<div class=\"flex flex-grow flex-col max-w-full\">\n<div class=\"min-h-[20px] text-message flex flex-col items-start whitespace-pre-wrap break-words [.text-message+&amp;]:mt-5 juice:w-full juice:items-end overflow-x-auto gap-2\" dir=\"auto\" data-message-author-role=\"assistant\" data-message-id=\"2034782e-88f9-44ef-b4dc-07dd7bf0115f\">\n<div class=\"flex w-full flex-col gap-1 juice:empty:hidden juice:first:pt-[3px]\">\n<div class=\"markdown prose w-full break-words dark:prose-invert light\">\n<div style=\"box-sizing: inherit; font-family: Roboto, sans-serif;\">\n<div style=\"box-sizing: inherit; font-family: Roboto, sans-serif;\">\n<div style=\"box-sizing: inherit; font-family: Roboto, sans-serif;\">\n<div style=\"box-sizing: inherit; font-family: Roboto, sans-serif;\">\n<div style=\"box-sizing: inherit; font-family: Roboto, sans-serif;\">\n<div style=\"box-sizing: inherit; font-family: Roboto, sans-serif;\">\n<div style=\"box-sizing: inherit; font-family: Roboto, sans-serif;\">\n<div style=\"box-sizing: inherit; font-family: Roboto, sans-serif;\">\n<div style=\"box-sizing: inherit; font-family: Roboto, sans-serif;\">\n<div style=\"box-sizing: inherit; font-family: Roboto, sans-serif;\">\n<div style=\"box-sizing: inherit; font-family: Roboto, sans-serif;\">\n<div style=\"box-sizing: inherit; font-family: Roboto, sans-serif;\">\n<div style=\"box-sizing: inherit; font-family: Roboto, sans-serif;\">\n<div style=\"box-sizing: inherit; font-family: Roboto, sans-serif;\">\n<div style=\"box-sizing: inherit; font-family: Roboto, sans-serif;\">\n<div style=\"box-sizing: inherit; font-family: Roboto, sans-serif;\">\n<div style=\"box-sizing: inherit; font-family: Roboto, sans-serif;\">\n<div style=\"box-sizing: inherit; font-family: Roboto, sans-serif;\">\n<div style=\"box-sizing: inherit; font-family: Roboto, sans-serif;\">\n<div class=\"flex flex-grow flex-col max-w-full\">\n<div class=\"min-h-[20px] text-message flex flex-col items-start whitespace-pre-wrap break-words [.text-message+&amp;]:mt-5 juice:w-full juice:items-end overflow-x-auto gap-2\" dir=\"auto\" data-message-author-role=\"assistant\" data-message-id=\"2034782e-88f9-44ef-b4dc-07dd7bf0115f\">\n<div class=\"flex w-full flex-col gap-1 juice:empty:hidden juice:first:pt-[3px]\">\n<div class=\"markdown prose w-full break-words dark:prose-invert light\">\n<div style=\"box-sizing: inherit; font-family: Roboto, sans-serif;\">\n<div style=\"box-sizing: inherit; font-family: Roboto, sans-serif;\">\n<div style=\"box-sizing: inherit; font-family: Roboto, sans-serif;\">\n<div style=\"box-sizing: inherit; font-family: Roboto, sans-serif;\">\n<div style=\"box-sizing: inherit; font-family: Roboto, sans-serif;\">\n<div style=\"box-sizing: inherit; font-family: Roboto, sans-serif;\">\n<h2>Sacchetto per dolci di Natale<\/h2>\n<div style=\"box-sizing: inherit; font-family: Roboto, sans-serif;\">\n<div style=\"box-sizing: inherit; font-family: Roboto, sans-serif;\">\n<div style=\"box-sizing: inherit; font-family: Roboto, sans-serif;\">\n<div style=\"text-align: center;\">\n<div style=\"box-sizing: inherit; font-family: Roboto, sans-serif;\">\n<div style=\"box-sizing: inherit; font-family: Roboto, sans-serif;\">\n<div style=\"box-sizing: inherit; font-family: Roboto, sans-serif;\">\n<div style=\"box-sizing: inherit; font-family: Roboto, sans-serif;\">\n<div style=\"box-sizing: inherit; font-family: Roboto, sans-serif;\">\n<div style=\"box-sizing: inherit; font-family: Roboto, sans-serif; text-align: left;\">\n<hr>\n<h3 style=\"text-align: left;\">Descrizione del nostro sacchetto per dolci di Natale in carta &#8220;Kraft Natale&#8221; 70 + 40 x 200 mm, confezione da 50<\/h3>\n<h3 style=\"text-align: left;\"><!--more--><\/h3>\n<\/div>\n<\/div>\n<\/div>\n<\/div>\n<\/div>\n<\/div>\n<\/div>\n<\/div>\n<\/div>\n<\/div>\n<\/div>\n<\/div>\n<\/div>\n<\/div>\n<\/div>\n<\/div>\n<\/div>\n<\/div>\n<\/div>\n<\/div>\n<\/div>\n<\/div>\n<\/div>\n<\/div>\n<\/div>\n<\/div>\n<\/div>\n<\/div>\n<\/div>\n<\/div>\n<\/div>\n<\/div>\n<\/div>\n<div style=\"box-sizing: inherit; font-family: Roboto, sans-serif;\">\n<div style=\"box-sizing: inherit; font-family: Roboto, sans-serif;\">\n<div style=\"box-sizing: inherit; font-family: Roboto, sans-serif;\">\n<div style=\"box-sizing: inherit; font-family: Roboto, sans-serif;\">\n<div style=\"box-sizing: inherit; font-family: Roboto, sans-serif;\">\n<div style=\"box-sizing: inherit; font-family: Roboto, sans-serif;\">\n<div style=\"box-sizing: inherit; font-family: Roboto, sans-serif;\">\n<div style=\"box-sizing: inherit; font-family: Roboto, sans-serif;\">\n<div style=\"box-sizing: inherit; font-family: Roboto, sans-serif;\">\n<div style=\"box-sizing: inherit; font-family: Roboto, sans-serif;\">\n<div style=\"box-sizing: inherit; font-family: Roboto, sans-serif;\">\n<div style=\"box-sizing: inherit; font-family: Roboto, sans-serif;\">\n<div style=\"box-sizing: inherit; font-family: Roboto, sans-serif;\">\n<div class=\"flex flex-grow flex-col max-w-full\">\n<div class=\"min-h-[20px] text-message flex flex-col items-start whitespace-pre-wrap break-words [.text-message+&amp;]:mt-5 juice:w-full juice:items-end overflow-x-auto gap-2\" dir=\"auto\" data-message-author-role=\"assistant\" data-message-id=\"2034782e-88f9-44ef-b4dc-07dd7bf0115f\">\n<div class=\"flex w-full flex-col gap-1 juice:empty:hidden juice:first:pt-[3px]\">\n<div class=\"markdown prose w-full break-words dark:prose-invert light\">\n<div style=\"box-sizing: inherit; font-family: Roboto, sans-serif;\">\n<div style=\"box-sizing: inherit; font-family: Roboto, sans-serif;\">\n<div style=\"box-sizing: inherit; font-family: Roboto, sans-serif;\">\n<div style=\"box-sizing: inherit; font-family: Roboto, sans-serif;\">\n<div style=\"box-sizing: inherit; font-family: Roboto, sans-serif;\">\n<div style=\"box-sizing: inherit; font-family: Roboto, sans-serif;\">\n<p data-start=\"0\" data-end=\"603\">Prepara le tue feste di fine anno con stile grazie al nostro <strong data-start=\"89\" data-end=\"132\">sacchetto per dolci di Natale in carta kraft<\/strong> <strong>Natale<\/strong> <strong>70 + 40 x 200 mm<\/strong> venduto in <strong>50 pezzi<\/strong>. Questo <strong data-start=\"167\" data-end=\"192\">sacchetto per dolci<\/strong> combina fascino tradizionale e praticit\u00e0 moderna per valorizzare tutte le tue dolcezze. Con i suoi <strong data-start=\"294\" data-end=\"312\">motivi festivi<\/strong> dai toni caldi, dona istantaneamente un&#8217; <strong data-start=\"364\" data-end=\"384\">atmosfera gioiosa<\/strong> ed elegante alle tue creazioni. Che tu sia un <strong data-start=\"429\" data-end=\"443\">produttore di biscotti<\/strong>, un <strong data-start=\"445\" data-end=\"460\">cioccolatiere<\/strong>, un <strong data-start=\"462\" data-end=\"475\" data-is-only-node=\"\">pasticciere<\/strong> o semplicemente un appassionato di golosit\u00e0, questo sacchetto sar\u00e0 il tuo migliore alleato per esaltare i tuoi prodotti e deliziare i tuoi clienti.<\/p>\n<p data-start=\"605\" data-end=\"1030\">Oltre al suo look raffinato, questo <strong data-start=\"637\" data-end=\"651\">sacchetto<\/strong> in <strong>carta kraft Natale<\/strong> \u00e8 pensato per la facilit\u00e0: una volta aperto, sta in piedi da solo, anche prima di essere riempito. Cos\u00ec, risparmi tempo durante il confezionamento e offri una presentazione impeccabile. La sua forma ingegnosa permette di imballare in tutta sicurezza le tue confetterie pi\u00f9 delicate, come <strong data-start=\"960\" data-end=\"971\">confetti<\/strong>, <strong data-start=\"973\" data-end=\"984\">torroni<\/strong> o <strong data-start=\"988\" data-end=\"1000\">biscotti<\/strong>, senza rischio di rovinarli.<\/p>\n<p data-start=\"1032\" data-end=\"1400\">Questo <strong>sacchetto per dolci di Natale<\/strong> \u00e8 naturalmente <strong data-start=\"1059\" data-end=\"1090\">idoneo al contatto alimentare<\/strong>, garantendo un&#8217;igiene perfetta e la preservazione dei sapori. La sua texture kraft, al tempo stesso resistente e naturale, incarna un impegno ecologico apprezzato dai consumatori. Allo stesso modo, il formato <strong>70 + 40 x 200 mm<\/strong> \u00e8 ideale per porzioni generose pur rimanendo pratico da trasportare o regalare.<\/p>\n<p data-start=\"1402\" data-end=\"1789\">Scegliendo questo <strong data-start=\"1420\" data-end=\"1453\">sacchetto per dolci Kraft Natale<\/strong>, unisci estetica e funzionalit\u00e0. Diventa l&#8217;imballaggio indispensabile per le tue vendite di fine anno, i tuoi mercatini di Natale o i tuoi regali golosi. In sintesi, <strong>esalta le tue creazioni<\/strong> e lascia esprimere la tua arte per celebrare questi momenti di felicit\u00e0, offrendo ai tuoi clienti un&#8217;esperienza visiva e gustativa indimenticabile.<\/p>\n<p data-start=\"1402\" data-end=\"1789\">\n<p><!--more--><\/p>\n<h4 style=\"text-align: left;\">Vantaggi:<\/h4>\n<ul style=\"text-align: left;\">\n<li><strong data-start=\"2013\" data-end=\"2030\">Design festivo<\/strong> che valorizza biscotti, cioccolatini e dolciumi.<\/li>\n<li><strong data-start=\"2089\" data-end=\"2115\">Sacchetto SOS autoportante<\/strong>, pratico da riempire.<\/li>\n<li><strong data-start=\"2146\" data-end=\"2177\">Idoneo al contatto alimentare<\/strong> e rispettoso dell&#8217;igiene.<\/li>\n<li><strong data-start=\"2211\" data-end=\"2227\">Formato ideale<\/strong> per vendite, regali o mercatini di Natale.<\/li>\n<li>Carta <strong data-start=\"2280\" data-end=\"2297\">kraft robusta<\/strong> dallo stile naturale ed elegante.<\/li>\n<\/ul>\n<\/div>\n<\/div>\n<\/div>\n<\/div>\n<\/div>\n<\/div>\n<\/div>\n<\/div>\n<\/div>\n<\/div>\n<\/div>\n<\/div>\n<p>&nbsp;<\/p>\n<\/div>\n<\/div>\n<\/div>\n<\/div>\n<\/div>\n<\/div>\n<\/div>\n<\/div>\n<\/div>\n<\/div>\n<\/div>\n<p><!--more--><\/p>\n<h4>Altre informazioni:<\/h4>\n<ul style=\"box-sizing: inherit; font-family: Roboto, sans-serif;\">\n<li><strong>Confezionamento<\/strong>: Pacchetto da 50<\/li>\n<li><span style=\"font-weight: bold;\">Dimensioni<\/span>: 70 + 40 x 200 mm<\/li>\n<li><strong>Materiale<\/strong>: Carta kraft \/ PP<\/li>\n<li><strong>Colore<\/strong>: Kraft \/ Bianco<\/li>\n<\/ul>\n<p>&nbsp;<\/p>\n<p><!--more--><\/p>\n<p>Questo sacchetto di Natale \u00e8 disponibile anche in una dimensione superiore: <span style=\"color: #d12727;\"><a style=\"color: #d12727;\" href=\"https:\/\/www.csj-emballages.com\/produit\/50-sachet-noel-papier-confiserie-kraft-noel-85-50-x-240-mm\/\">85 x 50 x 240 mm<\/a><\/span><\/p>\n<p>&nbsp;<\/p>\n<p><!--more--><\/p>\n<p><a href=\"https:\/\/www.csj-emballages.com\/it\/categorie-produit\/imballaggi-alimentari\/panetteria-pasticceria\/sacchi-sacchetti-e-carte\/sacchetti-per-confetteria\/sacchetti-a-tema\/sacchetti-natale\/\">Consulta il resto della nostra gamma di sacchetti di Natale<\/a><\/p>\n<\/div>\n<\/div>\n<\/div>\n<\/div>\n<\/div>\n<\/div>\n<\/div>\n<\/div>\n<\/div>\n<\/div>\n<\/div>\n<\/div>\n<\/div>\n<\/div>\n<\/div>\n<\/div>\n<\/div>\n<\/div>\n<\/div>\n<\/div>\n<\/div>\n<\/div>\n<\/div>\n","protected":false},"excerpt":{"rendered":"<p>Sacchetto per dolci di Natale Descrizione del nostro sacchetto per dolci di Natale in carta &#8220;Kraft Natale&#8221; 70 + 40 x 200 mm, confezione da 50<\/p>\n","protected":false},"featured_media":269589,"template":"","meta":{"_acf_changed":false},"product_brand":[],"product_cat":[10346,10344,10985,11034,11048,11049],"product_tag":[],"class_list":{"0":"post-269590","1":"product","2":"type-product","3":"status-publish","4":"has-post-thumbnail","6":"product_cat-imballaggi-alimentari","7":"product_cat-panetteria-pasticceria","8":"product_cat-sacchetti-per-confetteria","9":"product_cat-sacchetti-natale","10":"product_cat-sacchetti-carta","11":"product_cat-sacchetti-carta-natale","13":"first","14":"instock","15":"taxable","16":"shipping-taxable","17":"purchasable","18":"product-type-simple"},"acf":[],"yoast_head":"<!-- This site is optimized with the Yoast SEO Premium plugin v26.6 (Yoast SEO v26.6) - https:\/\/yoast.com\/wordpress\/plugins\/seo\/ -->\n<title>Sacchetto per Dolci di Natale in Carta &quot;Kraft Natale&quot; 70 + 40 x 200 mm<\/title>\n<meta name=\"description\" content=\"Sacchetto per dolci di Natale kraft 70 + 40 x 200 mm, confezione da 50: imballaggio festivo, resistente e idoneo al contatto alimentare per esaltare le tue dolcezze.\" \/>\n<meta name=\"robots\" content=\"index, follow, max-snippet:-1, max-image-preview:large, max-video-preview:-1\" \/>\n<link rel=\"canonical\" href=\"https:\/\/www.csj-emballages.com\/it\/produit\/sacchetto-per-dolci-di-natale-in-carta-kraft-natale-70-40-x-200-mm-confezione-da-50\/\" \/>\n<meta property=\"og:locale\" content=\"it_IT\" \/>\n<meta property=\"og:type\" content=\"article\" \/>\n<meta property=\"og:title\" content=\"Sacchetto di Natale SOS &quot;Kraft Natale&quot; 70 + 40 x 200 mm\" \/>\n<meta property=\"og:description\" content=\"Sacchetto di Natale in carta &quot;Kraft Natale&quot; (70 + 40 x 200 mm, lotto da 50): un imballaggio festivo ed ecologico per dolciumi e piccoli regali!\" \/>\n<meta property=\"og:url\" content=\"https:\/\/www.csj-emballages.com\/it\/produit\/sacchetto-per-dolci-di-natale-in-carta-kraft-natale-70-40-x-200-mm-confezione-da-50\/\" \/>\n<meta property=\"og:site_name\" content=\"CSJ Emballages\" \/>\n<meta property=\"article:publisher\" content=\"https:\/\/www.facebook.com\/csjemballages\" \/>\n<meta property=\"article:modified_time\" content=\"2026-03-12T15:41:38+00:00\" \/>\n<meta property=\"og:image\" content=\"https:\/\/www.csj-emballages.com\/wp-content\/uploads\/2024\/03\/SKRAFTNOELT1.webp\" \/>\n\t<meta property=\"og:image:width\" content=\"800\" \/>\n\t<meta property=\"og:image:height\" content=\"800\" \/>\n\t<meta property=\"og:image:type\" content=\"image\/webp\" \/>\n<meta name=\"twitter:card\" content=\"summary_large_image\" \/>\n<meta name=\"twitter:title\" content=\"Sacchetto di Natale SOS &quot;Kraft Natale&quot; 70 + 40 x 200 mm\" \/>\n<meta name=\"twitter:description\" content=\"Sacchetto di Natale in carta &quot;Kraft Natale&quot; (70 + 40 x 200 mm, lotto da 50): un imballaggio festivo ed ecologico per dolciumi e piccoli regali!\" \/>\n<meta name=\"twitter:label1\" content=\"Dur\u00e9e de lecture estim\u00e9e\" \/>\n\t<meta name=\"twitter:data1\" content=\"2 minuti\" \/>\n<script type=\"application\/ld+json\" class=\"yoast-schema-graph\">{\"@context\":\"https:\/\/schema.org\",\"@graph\":[{\"@type\":\"WebPage\",\"@id\":\"https:\/\/www.csj-emballages.com\/it\/produit\/sacchetto-per-dolci-di-natale-in-carta-kraft-natale-70-40-x-200-mm-confezione-da-50\/\",\"url\":\"https:\/\/www.csj-emballages.com\/it\/produit\/sacchetto-per-dolci-di-natale-in-carta-kraft-natale-70-40-x-200-mm-confezione-da-50\/\",\"name\":\"Sacchetto per Dolci di Natale in Carta \\\"Kraft Natale\\\" 70 + 40 x 200 mm\",\"isPartOf\":{\"@id\":\"https:\/\/www.csj-emballages.com\/it\/#website\"},\"primaryImageOfPage\":{\"@id\":\"https:\/\/www.csj-emballages.com\/it\/produit\/sacchetto-per-dolci-di-natale-in-carta-kraft-natale-70-40-x-200-mm-confezione-da-50\/#primaryimage\"},\"image\":{\"@id\":\"https:\/\/www.csj-emballages.com\/it\/produit\/sacchetto-per-dolci-di-natale-in-carta-kraft-natale-70-40-x-200-mm-confezione-da-50\/#primaryimage\"},\"thumbnailUrl\":\"https:\/\/www.csj-emballages.com\/wp-content\/uploads\/2024\/03\/SKRAFTNOELT1.webp\",\"datePublished\":\"2024-03-01T15:49:10+00:00\",\"dateModified\":\"2026-03-12T15:41:38+00:00\",\"description\":\"Sacchetto per dolci di Natale kraft 70 + 40 x 200 mm, confezione da 50: imballaggio festivo, resistente e idoneo al contatto alimentare per esaltare le tue dolcezze.\",\"breadcrumb\":{\"@id\":\"https:\/\/www.csj-emballages.com\/it\/produit\/sacchetto-per-dolci-di-natale-in-carta-kraft-natale-70-40-x-200-mm-confezione-da-50\/#breadcrumb\"},\"inLanguage\":\"it-IT\",\"potentialAction\":[{\"@type\":\"ReadAction\",\"target\":[\"https:\/\/www.csj-emballages.com\/it\/produit\/sacchetto-per-dolci-di-natale-in-carta-kraft-natale-70-40-x-200-mm-confezione-da-50\/\"]}]},{\"@type\":\"ImageObject\",\"inLanguage\":\"it-IT\",\"@id\":\"https:\/\/www.csj-emballages.com\/it\/produit\/sacchetto-per-dolci-di-natale-in-carta-kraft-natale-70-40-x-200-mm-confezione-da-50\/#primaryimage\",\"url\":\"https:\/\/www.csj-emballages.com\/wp-content\/uploads\/2024\/03\/SKRAFTNOELT1.webp\",\"contentUrl\":\"https:\/\/www.csj-emballages.com\/wp-content\/uploads\/2024\/03\/SKRAFTNOELT1.webp\",\"width\":800,\"height\":800,\"caption\":\"Sachet confiseries No\u00ebl\"},{\"@type\":\"BreadcrumbList\",\"@id\":\"https:\/\/www.csj-emballages.com\/it\/produit\/sacchetto-per-dolci-di-natale-in-carta-kraft-natale-70-40-x-200-mm-confezione-da-50\/#breadcrumb\",\"itemListElement\":[{\"@type\":\"ListItem\",\"position\":1,\"name\":\"Home\",\"item\":\"https:\/\/www.csj-emballages.com\/it\/universo-imballaggi-alimentari\/\"},{\"@type\":\"ListItem\",\"position\":2,\"name\":\"Negozio\",\"item\":\"https:\/\/www.csj-emballages.com\/it\/negozio\/\"},{\"@type\":\"ListItem\",\"position\":3,\"name\":\"Sacchetto per dolci di Natale in carta \u00ab\u00a0Kraft Natale\u00a0\u00bb 70 + 40 x 200 mm, confezione da 50\"}]},{\"@type\":\"WebSite\",\"@id\":\"https:\/\/www.csj-emballages.com\/it\/#website\",\"url\":\"https:\/\/www.csj-emballages.com\/it\/\",\"name\":\"CSJ Emballages\",\"description\":\"\",\"publisher\":{\"@id\":\"https:\/\/www.csj-emballages.com\/it\/#organization\"},\"potentialAction\":[{\"@type\":\"SearchAction\",\"target\":{\"@type\":\"EntryPoint\",\"urlTemplate\":\"https:\/\/www.csj-emballages.com\/it\/?s={search_term_string}\"},\"query-input\":{\"@type\":\"PropertyValueSpecification\",\"valueRequired\":true,\"valueName\":\"search_term_string\"}}],\"inLanguage\":\"it-IT\"},{\"@type\":\"Organization\",\"@id\":\"https:\/\/www.csj-emballages.com\/it\/#Organization\/\",\"name\":\"CSJ Emballages\",\"url\":\"https:\/\/www.csj-emballages.com\/it\/\",\"logo\":{\"@type\":\"ImageObject\",\"inLanguage\":\"it-IT\",\"@id\":\"https:\/\/www.csj-emballages.com\/it\/#\/schema\/logo\/image\/\",\"url\":\"https:\/\/www.csj-emballages.com\/wp-content\/uploads\/2023\/10\/logo_csj.webp\",\"contentUrl\":\"https:\/\/www.csj-emballages.com\/wp-content\/uploads\/2023\/10\/logo_csj.webp\",\"width\":250,\"height\":95,\"caption\":\"CSJ Emballages\"},\"image\":{\"@id\":\"https:\/\/www.csj-emballages.com\/it\/#\/schema\/logo\/image\/\"},\"sameAs\":[\"https:\/\/www.facebook.com\/csjemballages\"],\"address\":{\"@type\":\"PostalAddress\",\"streetAddress\":\"ZI La Lechere\",\"addressLocality\":\"Patornay\",\"postalCode\":\"39130\",\"addressCountry\":\"FR\"},\"contactPoint\":[{\"@type\":\"ContactPoint\",\"contactType\":\"Service client\",\"telephone\":\"0384254272\",\"email\":\"contact@csj-emballages.com\"}]}]}<\/script>\n<!-- \/ Yoast SEO Premium plugin. -->","yoast_head_json":{"title":"Sacchetto per Dolci di Natale in Carta \"Kraft Natale\" 70 + 40 x 200 mm","description":"Sacchetto per dolci di Natale kraft 70 + 40 x 200 mm, confezione da 50: imballaggio festivo, resistente e idoneo al contatto alimentare per esaltare le tue dolcezze.","robots":{"index":"index","follow":"follow","max-snippet":"max-snippet:-1","max-image-preview":"max-image-preview:large","max-video-preview":"max-video-preview:-1"},"canonical":"https:\/\/www.csj-emballages.com\/it\/produit\/sacchetto-per-dolci-di-natale-in-carta-kraft-natale-70-40-x-200-mm-confezione-da-50\/","og_locale":"it_IT","og_type":"article","og_title":"Sacchetto di Natale SOS \"Kraft Natale\" 70 + 40 x 200 mm","og_description":"Sacchetto di Natale in carta \"Kraft Natale\" (70 + 40 x 200 mm, lotto da 50): un imballaggio festivo ed ecologico per dolciumi e piccoli regali!","og_url":"https:\/\/www.csj-emballages.com\/it\/produit\/sacchetto-per-dolci-di-natale-in-carta-kraft-natale-70-40-x-200-mm-confezione-da-50\/","og_site_name":"CSJ Emballages","article_publisher":"https:\/\/www.facebook.com\/csjemballages","article_modified_time":"2026-03-12T15:41:38+00:00","og_image":[{"width":800,"height":800,"url":"https:\/\/www.csj-emballages.com\/wp-content\/uploads\/2024\/03\/SKRAFTNOELT1.webp","type":"image\/webp"}],"twitter_card":"summary_large_image","twitter_title":"Sacchetto di Natale SOS \"Kraft Natale\" 70 + 40 x 200 mm","twitter_description":"Sacchetto di Natale in carta \"Kraft Natale\" (70 + 40 x 200 mm, lotto da 50): un imballaggio festivo ed ecologico per dolciumi e piccoli regali!","twitter_misc":{"Dur\u00e9e de lecture estim\u00e9e":"2 minuti"},"schema":{"@context":"https:\/\/schema.org","@graph":[{"@type":"WebPage","@id":"https:\/\/www.csj-emballages.com\/it\/produit\/sacchetto-per-dolci-di-natale-in-carta-kraft-natale-70-40-x-200-mm-confezione-da-50\/","url":"https:\/\/www.csj-emballages.com\/it\/produit\/sacchetto-per-dolci-di-natale-in-carta-kraft-natale-70-40-x-200-mm-confezione-da-50\/","name":"Sacchetto per Dolci di Natale in Carta \"Kraft Natale\" 70 + 40 x 200 mm","isPartOf":{"@id":"https:\/\/www.csj-emballages.com\/it\/#website"},"primaryImageOfPage":{"@id":"https:\/\/www.csj-emballages.com\/it\/produit\/sacchetto-per-dolci-di-natale-in-carta-kraft-natale-70-40-x-200-mm-confezione-da-50\/#primaryimage"},"image":{"@id":"https:\/\/www.csj-emballages.com\/it\/produit\/sacchetto-per-dolci-di-natale-in-carta-kraft-natale-70-40-x-200-mm-confezione-da-50\/#primaryimage"},"thumbnailUrl":"https:\/\/www.csj-emballages.com\/wp-content\/uploads\/2024\/03\/SKRAFTNOELT1.webp","datePublished":"2024-03-01T15:49:10+00:00","dateModified":"2026-03-12T15:41:38+00:00","description":"Sacchetto per dolci di Natale kraft 70 + 40 x 200 mm, confezione da 50: imballaggio festivo, resistente e idoneo al contatto alimentare per esaltare le tue dolcezze.","breadcrumb":{"@id":"https:\/\/www.csj-emballages.com\/it\/produit\/sacchetto-per-dolci-di-natale-in-carta-kraft-natale-70-40-x-200-mm-confezione-da-50\/#breadcrumb"},"inLanguage":"it-IT","potentialAction":[{"@type":"ReadAction","target":["https:\/\/www.csj-emballages.com\/it\/produit\/sacchetto-per-dolci-di-natale-in-carta-kraft-natale-70-40-x-200-mm-confezione-da-50\/"]}]},{"@type":"ImageObject","inLanguage":"it-IT","@id":"https:\/\/www.csj-emballages.com\/it\/produit\/sacchetto-per-dolci-di-natale-in-carta-kraft-natale-70-40-x-200-mm-confezione-da-50\/#primaryimage","url":"https:\/\/www.csj-emballages.com\/wp-content\/uploads\/2024\/03\/SKRAFTNOELT1.webp","contentUrl":"https:\/\/www.csj-emballages.com\/wp-content\/uploads\/2024\/03\/SKRAFTNOELT1.webp","width":800,"height":800,"caption":"Sachet confiseries No\u00ebl"},{"@type":"BreadcrumbList","@id":"https:\/\/www.csj-emballages.com\/it\/produit\/sacchetto-per-dolci-di-natale-in-carta-kraft-natale-70-40-x-200-mm-confezione-da-50\/#breadcrumb","itemListElement":[{"@type":"ListItem","position":1,"name":"Home","item":"https:\/\/www.csj-emballages.com\/it\/universo-imballaggi-alimentari\/"},{"@type":"ListItem","position":2,"name":"Negozio","item":"https:\/\/www.csj-emballages.com\/it\/negozio\/"},{"@type":"ListItem","position":3,"name":"Sacchetto per dolci di Natale in carta \u00ab\u00a0Kraft Natale\u00a0\u00bb 70 + 40 x 200 mm, confezione da 50"}]},{"@type":"WebSite","@id":"https:\/\/www.csj-emballages.com\/it\/#website","url":"https:\/\/www.csj-emballages.com\/it\/","name":"CSJ Emballages","description":"","publisher":{"@id":"https:\/\/www.csj-emballages.com\/it\/#organization"},"potentialAction":[{"@type":"SearchAction","target":{"@type":"EntryPoint","urlTemplate":"https:\/\/www.csj-emballages.com\/it\/?s={search_term_string}"},"query-input":{"@type":"PropertyValueSpecification","valueRequired":true,"valueName":"search_term_string"}}],"inLanguage":"it-IT"},{"@type":"Organization","@id":"https:\/\/www.csj-emballages.com\/it\/#Organization\/","name":"CSJ Emballages","url":"https:\/\/www.csj-emballages.com\/it\/","logo":{"@type":"ImageObject","inLanguage":"it-IT","@id":"https:\/\/www.csj-emballages.com\/it\/#\/schema\/logo\/image\/","url":"https:\/\/www.csj-emballages.com\/wp-content\/uploads\/2023\/10\/logo_csj.webp","contentUrl":"https:\/\/www.csj-emballages.com\/wp-content\/uploads\/2023\/10\/logo_csj.webp","width":250,"height":95,"caption":"CSJ Emballages"},"image":{"@id":"https:\/\/www.csj-emballages.com\/it\/#\/schema\/logo\/image\/"},"sameAs":["https:\/\/www.facebook.com\/csjemballages"],"address":{"@type":"PostalAddress","streetAddress":"ZI La Lechere","addressLocality":"Patornay","postalCode":"39130","addressCountry":"FR"},"contactPoint":[{"@type":"ContactPoint","contactType":"Service client","telephone":"0384254272","email":"contact@csj-emballages.com"}]}]}},"df_price":20.77,"df_sale_price":"","df_regular_price":20.77,"df_image_link":"https:\/\/www.csj-emballages.com\/wp-content\/uploads\/2024\/03\/SKRAFTNOELT1-300x300.webp","tiered_pricing_type":"fixed","tiered_pricing_fixed_rules":[],"tiered_pricing_percentage_rules":[],"tiered_pricing_minimum":1,"tiered_pricing_roles_data":[],"_links":{"self":[{"href":"https:\/\/www.csj-emballages.com\/it\/wp-json\/wp\/v2\/product\/269590","targetHints":{"allow":["GET"]}}],"collection":[{"href":"https:\/\/www.csj-emballages.com\/it\/wp-json\/wp\/v2\/product"}],"about":[{"href":"https:\/\/www.csj-emballages.com\/it\/wp-json\/wp\/v2\/types\/product"}],"wp:featuredmedia":[{"embeddable":true,"href":"https:\/\/www.csj-emballages.com\/it\/wp-json\/wp\/v2\/media\/269589"}],"wp:attachment":[{"href":"https:\/\/www.csj-emballages.com\/it\/wp-json\/wp\/v2\/media?parent=269590"}],"wp:term":[{"taxonomy":"product_brand","embeddable":true,"href":"https:\/\/www.csj-emballages.com\/it\/wp-json\/wp\/v2\/product_brand?post=269590"},{"taxonomy":"product_cat","embeddable":true,"href":"https:\/\/www.csj-emballages.com\/it\/wp-json\/wp\/v2\/product_cat?post=269590"},{"taxonomy":"product_tag","embeddable":true,"href":"https:\/\/www.csj-emballages.com\/it\/wp-json\/wp\/v2\/product_tag?post=269590"}],"curies":[{"name":"wp","href":"https:\/\/api.w.org\/{rel}","templated":true}]}}