{"id":269584,"date":"2024-03-01T16:49:08","date_gmt":"2024-03-01T15:49:08","guid":{"rendered":"https:\/\/www.csj-emballages.com\/produit\/pasta-box-in-cartone-780-ml-per-50\/"},"modified":"2026-04-17T02:16:18","modified_gmt":"2026-04-17T00:16:18","slug":"pasta-box-in-cartone-780-ml-per-50","status":"publish","type":"product","link":"https:\/\/www.csj-emballages.com\/it\/produit\/pasta-box-in-cartone-780-ml-per-50\/","title":{"rendered":"Pasta box in cartone 780 ml per 50"},"content":{"rendered":"<h2><span style=\"font-family: Roboto, sans-serif;\">Pasta Box<\/span><\/h2>\n<div style=\"box-sizing: inherit; font-family: Roboto, sans-serif;\">\n<div style=\"box-sizing: inherit; font-family: Roboto, sans-serif;\">\n<div style=\"box-sizing: inherit; font-family: Roboto, sans-serif;\">\n<div style=\"box-sizing: inherit; font-family: Roboto, sans-serif;\">\n<div style=\"box-sizing: inherit; font-family: Roboto, sans-serif;\">\n<div style=\"box-sizing: inherit; font-family: Roboto, sans-serif;\">\n<div style=\"box-sizing: inherit; font-family: Roboto, sans-serif;\">\n<div style=\"box-sizing: inherit; font-family: Roboto, sans-serif;\">\n<div style=\"box-sizing: inherit; font-family: Roboto, sans-serif;\">\n<div style=\"box-sizing: inherit; font-family: Roboto, sans-serif;\">\n<div style=\"box-sizing: inherit; font-family: Roboto, sans-serif;\">\n<div style=\"box-sizing: inherit; font-family: Roboto, sans-serif;\">\n<div style=\"box-sizing: inherit; font-family: Roboto, sans-serif;\">\n<div class=\"flex flex-grow flex-col max-w-full\">\n<div class=\"min-h-[20px] text-message flex flex-col items-start whitespace-pre-wrap break-words [.text-message+&amp;]:mt-5 juice:w-full juice:items-end overflow-x-auto gap-2\" dir=\"auto\" data-message-author-role=\"assistant\" data-message-id=\"2034782e-88f9-44ef-b4dc-07dd7bf0115f\">\n<div class=\"flex w-full flex-col gap-1 juice:empty:hidden juice:first:pt-[3px]\">\n<div class=\"markdown prose w-full break-words dark:prose-invert light\">\n<div style=\"box-sizing: inherit; font-family: Roboto, sans-serif;\">\n<div style=\"box-sizing: inherit; font-family: Roboto, sans-serif;\">\n<div style=\"box-sizing: inherit; font-family: Roboto, sans-serif;\">\n<div style=\"box-sizing: inherit; font-family: Roboto, sans-serif;\">\n<div style=\"box-sizing: inherit; font-family: Roboto, sans-serif;\">\n<div style=\"box-sizing: inherit; font-family: Roboto, sans-serif;\">\n<div style=\"box-sizing: inherit; font-family: Roboto, sans-serif;\">\n<div style=\"box-sizing: inherit; font-family: Roboto, sans-serif;\">\n<div style=\"box-sizing: inherit; font-family: Roboto, sans-serif;\">\n<div style=\"text-align: center;\">\n<div style=\"box-sizing: inherit; font-family: Roboto, sans-serif;\">\n<div style=\"box-sizing: inherit; font-family: Roboto, sans-serif;\">\n<div style=\"box-sizing: inherit; font-family: Roboto, sans-serif;\">\n<div style=\"box-sizing: inherit; font-family: Roboto, sans-serif;\">\n<div style=\"box-sizing: inherit; font-family: Roboto, sans-serif;\">\n<div style=\"box-sizing: inherit; font-family: Roboto, sans-serif; text-align: left;\">\n<hr>\n<h3 style=\"text-align: left;\">Descrizione della nostra Pasta box in cartone 780 ml per 50<!--more--><\/h3>\n<\/div>\n<\/div>\n<\/div>\n<\/div>\n<\/div>\n<\/div>\n<\/div>\n<\/div>\n<\/div>\n<\/div>\n<\/div>\n<\/div>\n<\/div>\n<\/div>\n<\/div>\n<\/div>\n<\/div>\n<\/div>\n<\/div>\n<\/div>\n<\/div>\n<\/div>\n<\/div>\n<\/div>\n<\/div>\n<\/div>\n<\/div>\n<\/div>\n<\/div>\n<\/div>\n<\/div>\n<\/div>\n<\/div>\n<p>La <strong>Pasta Box<\/strong> in <strong>cartone<\/strong> da <strong>780 ml<\/strong>, venduta in confezione da <strong>50<\/strong>, \u00e8 l&#8217;alleata ideale per i ristoratori. Progettata per soddisfare le esigenze di trasporto e presentazione dei piatti di pasta, questa <strong>scatola per pasta<\/strong> \u00e8 pratica ed estetica. Grazie alla sua generosa capacit\u00e0 di <strong>780 ml<\/strong>, accoglie porzioni abbondanti, adatte ai desideri degli amanti della cucina italiana.  <\/p>\n<p>Realizzata in cartone robusto, questa <strong>scatola per pasta<\/strong> garantisce un&#8217;eccellente resistenza a salse e oli. Permette di mantenere i piatti caldi pi\u00f9 a lungo, essenziale per garantire una degustazione ottimale. I piatti di pasta, serviti in questa <strong>scatola per pasta<\/strong>, conservano tutto il loro sapore e la loro consistenza. Grazie a una chiusura ermetica, gli alimenti rimangono ben saldi e non rischiano di rovesciarsi.   <\/p>\n<p>&nbsp;<\/p>\n<p><!--more--><\/p>\n<h4>Perch\u00e9 usare la nostra <strong>pasta box<\/strong>?<\/h4>\n<p>L&#8217;utilizzo di questa <strong>Pasta Box<\/strong> semplifica il trasporto dei piatti. Sia per servizi da asporto che per consegne, risponde alle esigenze di praticit\u00e0 e sicurezza alimentare. Inoltre, \u00e8 progettata in cartone riciclabile, offrendo una soluzione ecologica. Cos\u00ec, ogni <strong>scatola per pasta<\/strong> contribuisce a ridurre l&#8217;impronta di carbonio offrendo un&#8217;opzione sostenibile e responsabile.   <\/p>\n<p>Inoltre, il suo design sobrio si adatta facilmente a tutti gli stili di ristorazione. Che tu sia un catering, un ristoratore o il titolare di un food truck, questa <strong>scatola per pasta<\/strong> valorizza le tue creazioni culinarie. La sua superficie in cartone \u00e8 ideale per applicare adesivi o loghi, permettendo di personalizzare ogni <strong>scatola per pasta<\/strong> e rafforzare l&#8217;immagine del tuo marchio.  <\/p>\n<p>&nbsp;<\/p>\n<p><!--more--><\/p>\n<div style=\"box-sizing: inherit; font-family: Roboto, sans-serif;\">\n<div style=\"box-sizing: inherit; font-family: Roboto, sans-serif;\">\n<div style=\"box-sizing: inherit; font-family: Roboto, sans-serif;\">\n<div style=\"box-sizing: inherit; font-family: Roboto, sans-serif;\">\n<div style=\"box-sizing: inherit; font-family: Roboto, sans-serif;\">\n<div style=\"box-sizing: inherit; font-family: Roboto, sans-serif;\">\n<div style=\"box-sizing: inherit; font-family: Roboto, sans-serif;\">\n<div style=\"box-sizing: inherit; font-family: Roboto, sans-serif;\">\n<div style=\"box-sizing: inherit; font-family: Roboto, sans-serif;\">\n<div style=\"box-sizing: inherit; font-family: Roboto, sans-serif;\">\n<div style=\"box-sizing: inherit; font-family: Roboto, sans-serif;\">\n<div style=\"box-sizing: inherit; font-family: Roboto, sans-serif;\">\n<div style=\"box-sizing: inherit; font-family: Roboto, sans-serif;\">\n<div class=\"flex flex-grow flex-col max-w-full\">\n<div class=\"min-h-[20px] text-message flex flex-col items-start whitespace-pre-wrap break-words [.text-message+&amp;]:mt-5 juice:w-full juice:items-end overflow-x-auto gap-2\" dir=\"auto\" data-message-author-role=\"assistant\" data-message-id=\"2034782e-88f9-44ef-b4dc-07dd7bf0115f\">\n<div class=\"flex w-full flex-col gap-1 juice:empty:hidden juice:first:pt-[3px]\">\n<div class=\"markdown prose w-full break-words dark:prose-invert light\">\n<div style=\"box-sizing: inherit; font-family: Roboto, sans-serif;\">\n<div style=\"box-sizing: inherit; font-family: Roboto, sans-serif;\">\n<div style=\"box-sizing: inherit; font-family: Roboto, sans-serif;\">\n<div style=\"box-sizing: inherit; font-family: Roboto, sans-serif;\">\n<div style=\"box-sizing: inherit; font-family: Roboto, sans-serif;\">\n<div style=\"box-sizing: inherit; font-family: Roboto, sans-serif;\">\n<p>La <strong>Pasta Box<\/strong> da <strong>780 ml<\/strong> non \u00e8 solo pratica ma anche economica. Venduta in confezione da <strong>50<\/strong>, offre un rapporto qualit\u00e0-prezzo imbattibile. \u00c8 una scelta saggia per i professionisti che desiderano controllare i costi senza sacrificare la qualit\u00e0. I clienti apprezzano anche questa <strong>scatola per pasta<\/strong> che facilita la presa e permette di gustare la pasta direttamente dall&#8217;imballaggio.   <\/p>\n<p>Infine, questa <strong>scatola per pasta<\/strong> \u00e8 ideale per diversi tipi di piatti. Pu\u00f2 contenere non solo spaghetti, ma anche penne, ravioli e molto altro. Questo formato versatile risponde alle diverse esigenze dei ristoratori che desiderano offrire un&#8217;ampia gamma di piatti.  <\/p>\n<p>In sintesi, la <strong>Pasta Box<\/strong> in <strong>cartone da 780 ml<\/strong> \u00e8 la scelta perfetta per ogni professionista della ristorazione. Durevole, pratica ed esteticamente neutra, si integra in qualsiasi ambiente garantendo un&#8217;esperienza cliente piacevole. Adotta subito questa <b>Pasta Box<\/b> e offri ai tuoi clienti una soluzione di trasporto pratica, ecologica ed economica.  <\/p>\n<p>&nbsp;<\/p>\n<p><!--more--><\/p>\n<h4 style=\"text-align: left;\"><strong>I vantaggi della nostra <\/strong>Pasta box in cartone 780 ml per 50 <strong>:<\/strong><\/h4>\n<\/div>\n<\/div>\n<\/div>\n<\/div>\n<\/div>\n<\/div>\n<\/div>\n<\/div>\n<\/div>\n<\/div>\n<\/div>\n<\/div>\n<ul>\n<li><strong>Grande capacit\u00e0<\/strong>: Con la sua capacit\u00e0 di 780 ml, questa <strong>scatola per pasta<\/strong> \u00e8 perfetta per porzioni generose e adatte a piatti vari.<\/li>\n<li><strong>Solidit\u00e0 e resistenza<\/strong>: Realizzata in cartone spesso, resiste a salse, oli e calore, garantendo un trasporto sicuro e senza perdite.<\/li>\n<li><strong>Mantenimento del calore<\/strong>: Grazie alle sue propriet\u00e0 isolanti, questa <strong>scatola per pasta<\/strong> mantiene i piatti caldi pi\u00f9 a lungo, garantendo una degustazione ottimale anche in consegna.<\/li>\n<li><strong>Ecologica<\/strong>: Composta da cartone riciclabile, la <strong>Pasta Box<\/strong> \u00e8 una soluzione sostenibile, che permette ai ristoratori di ridurre il loro impatto ecologico.<\/li>\n<li><strong>Chiusura sicura<\/strong>: Il suo design permette una buona chiusura, mantenendo gli alimenti al loro posto e prevenendo qualsiasi rovesciamento durante il trasporto.<\/li>\n<\/ul>\n<p>&nbsp;<\/p>\n<p><!--more--><\/p>\n<\/div>\n<\/div>\n<\/div>\n<\/div>\n<\/div>\n<\/div>\n<\/div>\n<\/div>\n<\/div>\n<\/div>\n<\/div>\n<h4>Altre informazioni su questo prodotto:<\/h4>\n<ul style=\"box-sizing: inherit; font-family: Roboto, sans-serif;\">\n<li><strong>Confezione<\/strong>: Pacco da 50<\/li>\n<li><b>Volume<\/b>: 780 ml<\/li>\n<li><strong>Dimensioni<\/strong>: 95 x 93 (diametro x altezza in mm)<\/li>\n<li><strong>Materiale<\/strong>: Cartone<\/li>\n<\/ul>\n<p>&nbsp;<\/p>\n<p><!--more--><\/p>\n<p>Trova qui le diverse dimensioni proposte per questo prodotto: <span style=\"color: #d12727;\"><a style=\"color: #d12727;\" href=\"https:\/\/www.csj-emballages.com\/produit\/50-pot-a-pates-carton-kraft-480-ml\/\">480 ml<\/a><\/span> \/ <span style=\"color: #d12727;\"><a style=\"color: #d12727;\" href=\"https:\/\/www.csj-emballages.com\/produit\/50-pots-a-pates-carton-kraft-960-ml\/\">960 ml<\/a><\/span><\/p>\n<p>&nbsp;<\/p>\n<p><!--more--><\/p>\n<p><a href=\"\/?product_cat=pot-a-pates\">Consulta il resto della nostra gamma di pasta box <\/a><\/p>\n","protected":false},"excerpt":{"rendered":"<p>Pasta Box Descrizione della nostra Pasta box in cartone 780 ml per 50<\/p>\n","protected":false},"featured_media":269587,"template":"","meta":{"_acf_changed":false},"product_brand":[],"product_cat":[10346,10375,10844,11043],"product_tag":[],"class_list":{"0":"post-269584","1":"product","2":"type-product","3":"status-publish","4":"has-post-thumbnail","6":"product_cat-imballaggi-alimentari","7":"product_cat-ristorazione","8":"product_cat-coni-contenitori-per-pasta-corn-bucket","9":"product_cat-contenitori-per-pasta","11":"first","12":"instock","13":"taxable","14":"shipping-taxable","15":"purchasable","16":"product-type-simple"},"acf":[],"yoast_head":"<!-- This site is optimized with the Yoast SEO Premium plugin v26.6 (Yoast SEO v26.6) - https:\/\/yoast.com\/wordpress\/plugins\/seo\/ -->\n<title>Pasta Box in Cartone - 780 ml<\/title>\n<meta name=\"description\" content=\"Scopri la Pasta Box in cartone da 780 ml in confezione da 50, ideale per trasportare i tuoi piatti di pasta in modo ecologico e sicuro.\" \/>\n<meta name=\"robots\" content=\"index, follow, max-snippet:-1, max-image-preview:large, max-video-preview:-1\" \/>\n<link rel=\"canonical\" href=\"https:\/\/www.csj-emballages.com\/it\/produit\/pasta-box-in-cartone-780-ml-per-50\/\" \/>\n<meta property=\"og:locale\" content=\"it_IT\" \/>\n<meta property=\"og:type\" content=\"article\" \/>\n<meta property=\"og:title\" content=\"Pasta Box in Cartone - 780 ml\" \/>\n<meta property=\"og:description\" content=\"Scopri la Pasta Box in cartone da 780 ml in confezione da 50, ideale per trasportare i tuoi piatti di pasta in modo ecologico e sicuro.\" \/>\n<meta property=\"og:url\" content=\"https:\/\/www.csj-emballages.com\/it\/produit\/pasta-box-in-cartone-780-ml-per-50\/\" \/>\n<meta property=\"og:site_name\" content=\"CSJ Emballages\" \/>\n<meta property=\"article:publisher\" content=\"https:\/\/www.facebook.com\/csjemballages\" \/>\n<meta property=\"article:modified_time\" content=\"2026-04-17T00:16:18+00:00\" \/>\n<meta property=\"og:image\" content=\"https:\/\/www.csj-emballages.com\/wp-content\/uploads\/2024\/03\/Capture-decran-2024-11-12-a-11.31.36-Photoroom-png-e1731408178700.webp\" \/>\n\t<meta property=\"og:image:width\" content=\"300\" \/>\n\t<meta property=\"og:image:height\" content=\"300\" \/>\n\t<meta property=\"og:image:type\" content=\"image\/png\" \/>\n<meta name=\"twitter:card\" content=\"summary_large_image\" \/>\n<meta name=\"twitter:title\" content=\"Pasta Box in Cartone - 780 ml\" \/>\n<meta name=\"twitter:description\" content=\"Scopri la Pasta Box in cartone da 780 ml in confezione da 50, ideale per trasportare i tuoi piatti di pasta in modo ecologico e sicuro.\" \/>\n<meta name=\"twitter:label1\" content=\"Dur\u00e9e de lecture estim\u00e9e\" \/>\n\t<meta name=\"twitter:data1\" content=\"3 minuti\" \/>\n<script type=\"application\/ld+json\" class=\"yoast-schema-graph\">{\"@context\":\"https:\/\/schema.org\",\"@graph\":[{\"@type\":\"WebPage\",\"@id\":\"https:\/\/www.csj-emballages.com\/it\/produit\/pasta-box-in-cartone-780-ml-per-50\/\",\"url\":\"https:\/\/www.csj-emballages.com\/it\/produit\/pasta-box-in-cartone-780-ml-per-50\/\",\"name\":\"Pasta Box in Cartone - 780 ml\",\"isPartOf\":{\"@id\":\"https:\/\/www.csj-emballages.com\/it\/#website\"},\"primaryImageOfPage\":{\"@id\":\"https:\/\/www.csj-emballages.com\/it\/produit\/pasta-box-in-cartone-780-ml-per-50\/#primaryimage\"},\"image\":{\"@id\":\"https:\/\/www.csj-emballages.com\/it\/produit\/pasta-box-in-cartone-780-ml-per-50\/#primaryimage\"},\"thumbnailUrl\":\"https:\/\/www.csj-emballages.com\/wp-content\/uploads\/2024\/03\/Capture-decran-2024-11-12-a-11.31.36-Photoroom-png-e1731408178700.webp\",\"datePublished\":\"2024-03-01T15:49:08+00:00\",\"dateModified\":\"2026-04-17T00:16:18+00:00\",\"description\":\"Scopri la Pasta Box in cartone da 780 ml in confezione da 50, ideale per trasportare i tuoi piatti di pasta in modo ecologico e sicuro.\",\"breadcrumb\":{\"@id\":\"https:\/\/www.csj-emballages.com\/it\/produit\/pasta-box-in-cartone-780-ml-per-50\/#breadcrumb\"},\"inLanguage\":\"it-IT\",\"potentialAction\":[{\"@type\":\"ReadAction\",\"target\":[\"https:\/\/www.csj-emballages.com\/it\/produit\/pasta-box-in-cartone-780-ml-per-50\/\"]}]},{\"@type\":\"ImageObject\",\"inLanguage\":\"it-IT\",\"@id\":\"https:\/\/www.csj-emballages.com\/it\/produit\/pasta-box-in-cartone-780-ml-per-50\/#primaryimage\",\"url\":\"https:\/\/www.csj-emballages.com\/wp-content\/uploads\/2024\/03\/Capture-decran-2024-11-12-a-11.31.36-Photoroom-png-e1731408178700.webp\",\"contentUrl\":\"https:\/\/www.csj-emballages.com\/wp-content\/uploads\/2024\/03\/Capture-decran-2024-11-12-a-11.31.36-Photoroom-png-e1731408178700.webp\",\"width\":300,\"height\":300,\"caption\":\"Pasta Box\"},{\"@type\":\"BreadcrumbList\",\"@id\":\"https:\/\/www.csj-emballages.com\/it\/produit\/pasta-box-in-cartone-780-ml-per-50\/#breadcrumb\",\"itemListElement\":[{\"@type\":\"ListItem\",\"position\":1,\"name\":\"Home\",\"item\":\"https:\/\/www.csj-emballages.com\/it\/universo-imballaggi-alimentari\/\"},{\"@type\":\"ListItem\",\"position\":2,\"name\":\"Negozio\",\"item\":\"https:\/\/www.csj-emballages.com\/it\/negozio\/\"},{\"@type\":\"ListItem\",\"position\":3,\"name\":\"Pasta box in cartone 780 ml per 50\"}]},{\"@type\":\"WebSite\",\"@id\":\"https:\/\/www.csj-emballages.com\/it\/#website\",\"url\":\"https:\/\/www.csj-emballages.com\/it\/\",\"name\":\"CSJ Emballages\",\"description\":\"\",\"publisher\":{\"@id\":\"https:\/\/www.csj-emballages.com\/it\/#organization\"},\"potentialAction\":[{\"@type\":\"SearchAction\",\"target\":{\"@type\":\"EntryPoint\",\"urlTemplate\":\"https:\/\/www.csj-emballages.com\/it\/?s={search_term_string}\"},\"query-input\":{\"@type\":\"PropertyValueSpecification\",\"valueRequired\":true,\"valueName\":\"search_term_string\"}}],\"inLanguage\":\"it-IT\"},{\"@type\":\"Organization\",\"@id\":\"https:\/\/www.csj-emballages.com\/it\/#Organization\/\",\"name\":\"CSJ Emballages\",\"url\":\"https:\/\/www.csj-emballages.com\/it\/\",\"logo\":{\"@type\":\"ImageObject\",\"inLanguage\":\"it-IT\",\"@id\":\"https:\/\/www.csj-emballages.com\/it\/#\/schema\/logo\/image\/\",\"url\":\"https:\/\/www.csj-emballages.com\/wp-content\/uploads\/2023\/10\/logo_csj.webp\",\"contentUrl\":\"https:\/\/www.csj-emballages.com\/wp-content\/uploads\/2023\/10\/logo_csj.webp\",\"width\":250,\"height\":95,\"caption\":\"CSJ Emballages\"},\"image\":{\"@id\":\"https:\/\/www.csj-emballages.com\/it\/#\/schema\/logo\/image\/\"},\"sameAs\":[\"https:\/\/www.facebook.com\/csjemballages\"],\"address\":{\"@type\":\"PostalAddress\",\"streetAddress\":\"ZI La Lechere\",\"addressLocality\":\"Patornay\",\"postalCode\":\"39130\",\"addressCountry\":\"FR\"},\"contactPoint\":[{\"@type\":\"ContactPoint\",\"contactType\":\"Service client\",\"telephone\":\"0384254272\",\"email\":\"contact@csj-emballages.com\"}]}]}<\/script>\n<!-- \/ Yoast SEO Premium plugin. -->","yoast_head_json":{"title":"Pasta Box in Cartone - 780 ml","description":"Scopri la Pasta Box in cartone da 780 ml in confezione da 50, ideale per trasportare i tuoi piatti di pasta in modo ecologico e sicuro.","robots":{"index":"index","follow":"follow","max-snippet":"max-snippet:-1","max-image-preview":"max-image-preview:large","max-video-preview":"max-video-preview:-1"},"canonical":"https:\/\/www.csj-emballages.com\/it\/produit\/pasta-box-in-cartone-780-ml-per-50\/","og_locale":"it_IT","og_type":"article","og_title":"Pasta Box in Cartone - 780 ml","og_description":"Scopri la Pasta Box in cartone da 780 ml in confezione da 50, ideale per trasportare i tuoi piatti di pasta in modo ecologico e sicuro.","og_url":"https:\/\/www.csj-emballages.com\/it\/produit\/pasta-box-in-cartone-780-ml-per-50\/","og_site_name":"CSJ Emballages","article_publisher":"https:\/\/www.facebook.com\/csjemballages","article_modified_time":"2026-04-17T00:16:18+00:00","og_image":[{"width":300,"height":300,"url":"https:\/\/www.csj-emballages.com\/wp-content\/uploads\/2024\/03\/Capture-decran-2024-11-12-a-11.31.36-Photoroom-png-e1731408178700.webp","type":"image\/png"}],"twitter_card":"summary_large_image","twitter_title":"Pasta Box in Cartone - 780 ml","twitter_description":"Scopri la Pasta Box in cartone da 780 ml in confezione da 50, ideale per trasportare i tuoi piatti di pasta in modo ecologico e sicuro.","twitter_misc":{"Dur\u00e9e de lecture estim\u00e9e":"3 minuti"},"schema":{"@context":"https:\/\/schema.org","@graph":[{"@type":"WebPage","@id":"https:\/\/www.csj-emballages.com\/it\/produit\/pasta-box-in-cartone-780-ml-per-50\/","url":"https:\/\/www.csj-emballages.com\/it\/produit\/pasta-box-in-cartone-780-ml-per-50\/","name":"Pasta Box in Cartone - 780 ml","isPartOf":{"@id":"https:\/\/www.csj-emballages.com\/it\/#website"},"primaryImageOfPage":{"@id":"https:\/\/www.csj-emballages.com\/it\/produit\/pasta-box-in-cartone-780-ml-per-50\/#primaryimage"},"image":{"@id":"https:\/\/www.csj-emballages.com\/it\/produit\/pasta-box-in-cartone-780-ml-per-50\/#primaryimage"},"thumbnailUrl":"https:\/\/www.csj-emballages.com\/wp-content\/uploads\/2024\/03\/Capture-decran-2024-11-12-a-11.31.36-Photoroom-png-e1731408178700.webp","datePublished":"2024-03-01T15:49:08+00:00","dateModified":"2026-04-17T00:16:18+00:00","description":"Scopri la Pasta Box in cartone da 780 ml in confezione da 50, ideale per trasportare i tuoi piatti di pasta in modo ecologico e sicuro.","breadcrumb":{"@id":"https:\/\/www.csj-emballages.com\/it\/produit\/pasta-box-in-cartone-780-ml-per-50\/#breadcrumb"},"inLanguage":"it-IT","potentialAction":[{"@type":"ReadAction","target":["https:\/\/www.csj-emballages.com\/it\/produit\/pasta-box-in-cartone-780-ml-per-50\/"]}]},{"@type":"ImageObject","inLanguage":"it-IT","@id":"https:\/\/www.csj-emballages.com\/it\/produit\/pasta-box-in-cartone-780-ml-per-50\/#primaryimage","url":"https:\/\/www.csj-emballages.com\/wp-content\/uploads\/2024\/03\/Capture-decran-2024-11-12-a-11.31.36-Photoroom-png-e1731408178700.webp","contentUrl":"https:\/\/www.csj-emballages.com\/wp-content\/uploads\/2024\/03\/Capture-decran-2024-11-12-a-11.31.36-Photoroom-png-e1731408178700.webp","width":300,"height":300,"caption":"Pasta Box"},{"@type":"BreadcrumbList","@id":"https:\/\/www.csj-emballages.com\/it\/produit\/pasta-box-in-cartone-780-ml-per-50\/#breadcrumb","itemListElement":[{"@type":"ListItem","position":1,"name":"Home","item":"https:\/\/www.csj-emballages.com\/it\/universo-imballaggi-alimentari\/"},{"@type":"ListItem","position":2,"name":"Negozio","item":"https:\/\/www.csj-emballages.com\/it\/negozio\/"},{"@type":"ListItem","position":3,"name":"Pasta box in cartone 780 ml per 50"}]},{"@type":"WebSite","@id":"https:\/\/www.csj-emballages.com\/it\/#website","url":"https:\/\/www.csj-emballages.com\/it\/","name":"CSJ Emballages","description":"","publisher":{"@id":"https:\/\/www.csj-emballages.com\/it\/#organization"},"potentialAction":[{"@type":"SearchAction","target":{"@type":"EntryPoint","urlTemplate":"https:\/\/www.csj-emballages.com\/it\/?s={search_term_string}"},"query-input":{"@type":"PropertyValueSpecification","valueRequired":true,"valueName":"search_term_string"}}],"inLanguage":"it-IT"},{"@type":"Organization","@id":"https:\/\/www.csj-emballages.com\/it\/#Organization\/","name":"CSJ Emballages","url":"https:\/\/www.csj-emballages.com\/it\/","logo":{"@type":"ImageObject","inLanguage":"it-IT","@id":"https:\/\/www.csj-emballages.com\/it\/#\/schema\/logo\/image\/","url":"https:\/\/www.csj-emballages.com\/wp-content\/uploads\/2023\/10\/logo_csj.webp","contentUrl":"https:\/\/www.csj-emballages.com\/wp-content\/uploads\/2023\/10\/logo_csj.webp","width":250,"height":95,"caption":"CSJ Emballages"},"image":{"@id":"https:\/\/www.csj-emballages.com\/it\/#\/schema\/logo\/image\/"},"sameAs":["https:\/\/www.facebook.com\/csjemballages"],"address":{"@type":"PostalAddress","streetAddress":"ZI La Lechere","addressLocality":"Patornay","postalCode":"39130","addressCountry":"FR"},"contactPoint":[{"@type":"ContactPoint","contactType":"Service client","telephone":"0384254272","email":"contact@csj-emballages.com"}]}]}},"df_price":7.03,"df_sale_price":"","df_regular_price":7.03,"df_image_link":"https:\/\/www.csj-emballages.com\/wp-content\/uploads\/2024\/03\/Capture-decran-2024-11-12-a-11.31.36-Photoroom-300x300.webp","tiered_pricing_type":"fixed","tiered_pricing_fixed_rules":[],"tiered_pricing_percentage_rules":[],"tiered_pricing_minimum":1,"tiered_pricing_roles_data":[],"_links":{"self":[{"href":"https:\/\/www.csj-emballages.com\/it\/wp-json\/wp\/v2\/product\/269584","targetHints":{"allow":["GET"]}}],"collection":[{"href":"https:\/\/www.csj-emballages.com\/it\/wp-json\/wp\/v2\/product"}],"about":[{"href":"https:\/\/www.csj-emballages.com\/it\/wp-json\/wp\/v2\/types\/product"}],"wp:featuredmedia":[{"embeddable":true,"href":"https:\/\/www.csj-emballages.com\/it\/wp-json\/wp\/v2\/media\/269587"}],"wp:attachment":[{"href":"https:\/\/www.csj-emballages.com\/it\/wp-json\/wp\/v2\/media?parent=269584"}],"wp:term":[{"taxonomy":"product_brand","embeddable":true,"href":"https:\/\/www.csj-emballages.com\/it\/wp-json\/wp\/v2\/product_brand?post=269584"},{"taxonomy":"product_cat","embeddable":true,"href":"https:\/\/www.csj-emballages.com\/it\/wp-json\/wp\/v2\/product_cat?post=269584"},{"taxonomy":"product_tag","embeddable":true,"href":"https:\/\/www.csj-emballages.com\/it\/wp-json\/wp\/v2\/product_tag?post=269584"}],"curies":[{"name":"wp","href":"https:\/\/api.w.org\/{rel}","templated":true}]}}