{"id":269557,"date":"2024-03-01T16:49:08","date_gmt":"2024-03-01T15:49:08","guid":{"rendered":"https:\/\/www.csj-emballages.com\/produit\/sacco-spazzatura-100-litri-nero-35-%c2%b5-da-25\/"},"modified":"2026-04-18T02:16:46","modified_gmt":"2026-04-18T00:16:46","slug":"sacco-spazzatura-100-litri-nero-35-%c2%b5-da-25","status":"publish","type":"product","link":"https:\/\/www.csj-emballages.com\/it\/produit\/sacco-spazzatura-100-litri-nero-35-%c2%b5-da-25\/","title":{"rendered":"Sacco spazzatura 100 litri nero 35 \u00b5 da 25"},"content":{"rendered":"<h2>Sacco immondizia<\/h2>\n<hr>\n<h3>Scopri il nostro sacco spazzatura 100 litri nero 35 \u00b5 da 25<\/h3>\n<p><!--more--><\/p>\n<p data-start=\"207\" data-end=\"563\">Questi <strong data-start=\"211\" data-end=\"245\">sacchi spazzatura 100 litri neri<\/strong> sono pensati per gestire i rifiuti voluminosi senza complicazioni. Grazie al loro <strong data-start=\"332\" data-end=\"359\">spessore di 35 micron<\/strong>, offrono una buona resistenza e sopportano facilmente carichi pi\u00f9 pesanti, senza rischio di strappi durante la raccolta. \u00c8 la soluzione ideale quando serve fare in fretta restando efficaci.  <\/p>\n<p data-start=\"565\" data-end=\"958\">La loro grande capacit\u00e0 di <strong data-start=\"589\" data-end=\"603\">100 litri<\/strong> permette di raccogliere una quantit\u00e0 significativa di rifiuti, limitando i frequenti cambi di sacco. Che sia nella <strong>ristorazione, nelle comunit\u00e0, nelle aziende, nelle officine o durante eventi<\/strong>, si adattano perfettamente agli usi intensivi. Il loro <strong data-start=\"858\" data-end=\"875\">colore nero<\/strong> assicura una discrezione apprezzabile e nasconde il contenuto, per un aspetto pi\u00f9 pulito.  <\/p>\n<p data-start=\"960\" data-end=\"1324\">Questi <strong>sacchi<\/strong> sono semplici da posizionare e si adattano bene alla maggior parte dei bidoni standard di grande formato. Si chiudono facilmente e restano pratici da maneggiare, anche quando sono ben pieni. Inoltre, il loro confezionamento <strong data-start=\"1196\" data-end=\"1213\">in lotti da 25<\/strong> permette di gestire le scorte senza ingombrare lo spazio di stoccaggio, garantendo al contempo una disponibilit\u00e0 costante.  <\/p>\n<p data-start=\"1326\" data-end=\"1565\">In sintesi, questi <strong>sacchi immondizia da 100 litri<\/strong> uniscono capacit\u00e0, solidit\u00e0 e praticit\u00e0. Rispondono alle esigenze quotidiane come alle situazioni pi\u00f9 impegnative, offrendo una soluzione affidabile per mantenere gli spazi puliti e organizzati. <\/p>\n<p data-start=\"1523\" data-end=\"1711\"><!--more--><\/p>\n<h4 data-start=\"1523\" data-end=\"1711\">Vantaggi:<\/h4>\n<ul>\n<li data-start=\"1593\" data-end=\"1625\">Grande capacit\u00e0 di<strong> 100 litri<\/strong>.<\/li>\n<li data-start=\"1628\" data-end=\"1677\"><strong>Spessore 35 micron<\/strong> per una buona resistenza.<\/li>\n<li data-start=\"1680\" data-end=\"1723\">Adatti a rifiuti pesanti o voluminosi.<\/li>\n<li data-start=\"1726\" data-end=\"1766\"><strong>Colore nero<\/strong> per maggiore discrezione.<\/li>\n<li data-start=\"1769\" data-end=\"1800\">Utilizzo semplice e veloce.<\/li>\n<li data-start=\"1803\" data-end=\"1827\">Lotto pratico da <strong>25 sacchi<\/strong>.<\/li>\n<\/ul>\n<p>&nbsp;<\/p>\n<p><!--more--><\/p>\n<h4>Altre informazioni:<\/h4>\n<ul style=\"font-family: Roboto, sans-serif;\">\n<li><strong>Confezionamento<\/strong>: Rotolo da 25<\/li>\n<li><strong>Dimensioni<\/strong>: 820 mm x 850 mm<\/li>\n<li><span style=\"font-weight: bold;\">Volume: <\/span>100 litri<\/li>\n<li><strong>Spessore<\/strong>: 35 \u00b5<\/li>\n<li><strong>Colore<\/strong> : Nero<\/li>\n<li><strong>Materiale<\/strong>: PE HD<\/li>\n<\/ul>\n<p>&nbsp;<\/p>\n<p><!--more--><\/p>\n<p>Questo sacco spazzatura da 100 litri \u00e8 disponibile in diverse misure: <span style=\"color: #d12727;\"><a style=\"color: #d12727;\" href=\"https:\/\/www.csj-emballages.com\/produit\/20-sacs-poubelles-30-litres-noirs-25-%c2%b5\/\">30 litri<\/a><\/span> \/ <span style=\"color: #d12727;\"><a style=\"color: #d12727;\" href=\"https:\/\/www.csj-emballages.com\/it\/produit\/sacco-spazzatura-50-litri-nero-35-%c2%b5-da-25\/\">50 litri<\/a><\/span> \/ <span style=\"color: #d12727;\"><a style=\"color: #d12727;\" href=\"https:\/\/www.csj-emballages.com\/produit\/10-sacs-poubelles-100-litres-noirs-65-%c2%b5\/\">100 litri (65 \u00b5)<\/a><\/span> \/ <span style=\"color: #d12727;\"><a style=\"color: #d12727;\" href=\"https:\/\/www.csj-emballages.com\/produit\/25-sacs-poubelles-110-litres-noirs-35-%c2%b5\/\">110 litri (35 \u00b5)<\/a><\/span> \/ <span style=\"color: #d12727;\"><a style=\"color: #d12727;\" href=\"https:\/\/www.csj-emballages.com\/produit\/20-sacs-poubelles-110-litres-noirs-55-%c2%b5\/\">110 litri (55 \u00b5)<\/a><\/span> \/ <span style=\"color: #d12727;\"><a style=\"color: #d12727;\" href=\"https:\/\/www.csj-emballages.com\/it\/categorie-produit\/igiene-e-manutenzione\/sacchi-immondizia\/\">&#8230;<\/a><\/span><\/p>\n<p>&nbsp;<\/p>\n<p><!--more--><\/p>\n<p><a href=\"https:\/\/www.csj-emballages.com\/it\/categorie-produit\/igiene-e-manutenzione\/sacchi-immondizia\/\">Consulta il resto della nostra gamma di sacchi spazzatura <\/a><\/p>\n","protected":false},"excerpt":{"rendered":"<p>Sacco immondizia Scopri il nostro sacco spazzatura 100 litri nero 35 \u00b5 da 25<\/p>\n","protected":false},"featured_media":266756,"template":"","meta":{"_acf_changed":false},"product_brand":[],"product_cat":[10356,10357],"product_tag":[],"class_list":{"0":"post-269557","1":"product","2":"type-product","3":"status-publish","4":"has-post-thumbnail","6":"product_cat-igiene-e-manutenzione","7":"product_cat-sacchi-immondizia","9":"first","10":"instock","11":"taxable","12":"shipping-taxable","13":"purchasable","14":"product-type-simple"},"acf":[],"yoast_head":"<!-- This site is optimized with the Yoast SEO Premium plugin v26.6 (Yoast SEO v26.6) - https:\/\/yoast.com\/wordpress\/plugins\/seo\/ -->\n<title>Sacco Spazzatura 100 Litri Nero 35 \u00b5 da 25<\/title>\n<meta name=\"description\" content=\"Sacchi spazzatura 100 litri neri 35 micron venduti in confezione da 25. Resistenti e pratici, ideali per uso professionale e rifiuti voluminosi.\" \/>\n<meta name=\"robots\" content=\"index, follow, max-snippet:-1, max-image-preview:large, max-video-preview:-1\" \/>\n<link rel=\"canonical\" href=\"https:\/\/www.csj-emballages.com\/it\/produit\/sacco-spazzatura-100-litri-nero-35-%c2%b5-da-25\/\" \/>\n<meta property=\"og:locale\" content=\"it_IT\" \/>\n<meta property=\"og:type\" content=\"article\" \/>\n<meta property=\"og:title\" content=\"Sacco spazzatura 100 litri nero 35 \u00b5 da 25\" \/>\n<meta property=\"og:description\" content=\"Sacchi spazzatura 100 litri neri 35 micron venduti in confezione da 25. Resistenti e pratici, ideali per uso professionale e rifiuti voluminosi.\" \/>\n<meta property=\"og:url\" content=\"https:\/\/www.csj-emballages.com\/it\/produit\/sacco-spazzatura-100-litri-nero-35-%c2%b5-da-25\/\" \/>\n<meta property=\"og:site_name\" content=\"CSJ Emballages\" \/>\n<meta property=\"article:publisher\" content=\"https:\/\/www.facebook.com\/csjemballages\" \/>\n<meta property=\"article:modified_time\" content=\"2026-04-18T00:16:46+00:00\" \/>\n<meta property=\"og:image\" content=\"https:\/\/www.csj-emballages.com\/wp-content\/uploads\/2024\/03\/Sac-housse.webp\" \/>\n\t<meta property=\"og:image:width\" content=\"800\" \/>\n\t<meta property=\"og:image:height\" content=\"800\" \/>\n\t<meta property=\"og:image:type\" content=\"image\/webp\" \/>\n<meta name=\"twitter:card\" content=\"summary_large_image\" \/>\n<meta name=\"twitter:label1\" content=\"Dur\u00e9e de lecture estim\u00e9e\" \/>\n\t<meta name=\"twitter:data1\" content=\"1 minuto\" \/>\n<script type=\"application\/ld+json\" class=\"yoast-schema-graph\">{\"@context\":\"https:\/\/schema.org\",\"@graph\":[{\"@type\":\"WebPage\",\"@id\":\"https:\/\/www.csj-emballages.com\/it\/produit\/sacco-spazzatura-100-litri-nero-35-%c2%b5-da-25\/\",\"url\":\"https:\/\/www.csj-emballages.com\/it\/produit\/sacco-spazzatura-100-litri-nero-35-%c2%b5-da-25\/\",\"name\":\"Sacco Spazzatura 100 Litri Nero 35 \u00b5 da 25\",\"isPartOf\":{\"@id\":\"https:\/\/www.csj-emballages.com\/it\/#website\"},\"primaryImageOfPage\":{\"@id\":\"https:\/\/www.csj-emballages.com\/it\/produit\/sacco-spazzatura-100-litri-nero-35-%c2%b5-da-25\/#primaryimage\"},\"image\":{\"@id\":\"https:\/\/www.csj-emballages.com\/it\/produit\/sacco-spazzatura-100-litri-nero-35-%c2%b5-da-25\/#primaryimage\"},\"thumbnailUrl\":\"https:\/\/www.csj-emballages.com\/wp-content\/uploads\/2024\/03\/Sac-housse.webp\",\"datePublished\":\"2024-03-01T15:49:08+00:00\",\"dateModified\":\"2026-04-18T00:16:46+00:00\",\"description\":\"Sacchi spazzatura 100 litri neri 35 micron venduti in confezione da 25. Resistenti e pratici, ideali per uso professionale e rifiuti voluminosi.\",\"breadcrumb\":{\"@id\":\"https:\/\/www.csj-emballages.com\/it\/produit\/sacco-spazzatura-100-litri-nero-35-%c2%b5-da-25\/#breadcrumb\"},\"inLanguage\":\"it-IT\",\"potentialAction\":[{\"@type\":\"ReadAction\",\"target\":[\"https:\/\/www.csj-emballages.com\/it\/produit\/sacco-spazzatura-100-litri-nero-35-%c2%b5-da-25\/\"]}]},{\"@type\":\"ImageObject\",\"inLanguage\":\"it-IT\",\"@id\":\"https:\/\/www.csj-emballages.com\/it\/produit\/sacco-spazzatura-100-litri-nero-35-%c2%b5-da-25\/#primaryimage\",\"url\":\"https:\/\/www.csj-emballages.com\/wp-content\/uploads\/2024\/03\/Sac-housse.webp\",\"contentUrl\":\"https:\/\/www.csj-emballages.com\/wp-content\/uploads\/2024\/03\/Sac-housse.webp\",\"width\":800,\"height\":800,\"caption\":\"Sac poubelle\"},{\"@type\":\"BreadcrumbList\",\"@id\":\"https:\/\/www.csj-emballages.com\/it\/produit\/sacco-spazzatura-100-litri-nero-35-%c2%b5-da-25\/#breadcrumb\",\"itemListElement\":[{\"@type\":\"ListItem\",\"position\":1,\"name\":\"Home\",\"item\":\"https:\/\/www.csj-emballages.com\/it\/universo-imballaggi-alimentari\/\"},{\"@type\":\"ListItem\",\"position\":2,\"name\":\"Negozio\",\"item\":\"https:\/\/www.csj-emballages.com\/it\/negozio\/\"},{\"@type\":\"ListItem\",\"position\":3,\"name\":\"Sacco spazzatura 100 litri nero 35 \u00b5 da 25\"}]},{\"@type\":\"WebSite\",\"@id\":\"https:\/\/www.csj-emballages.com\/it\/#website\",\"url\":\"https:\/\/www.csj-emballages.com\/it\/\",\"name\":\"CSJ Emballages\",\"description\":\"\",\"publisher\":{\"@id\":\"https:\/\/www.csj-emballages.com\/it\/#organization\"},\"potentialAction\":[{\"@type\":\"SearchAction\",\"target\":{\"@type\":\"EntryPoint\",\"urlTemplate\":\"https:\/\/www.csj-emballages.com\/it\/?s={search_term_string}\"},\"query-input\":{\"@type\":\"PropertyValueSpecification\",\"valueRequired\":true,\"valueName\":\"search_term_string\"}}],\"inLanguage\":\"it-IT\"},{\"@type\":\"Organization\",\"@id\":\"https:\/\/www.csj-emballages.com\/it\/#Organization\/\",\"name\":\"CSJ Emballages\",\"url\":\"https:\/\/www.csj-emballages.com\/it\/\",\"logo\":{\"@type\":\"ImageObject\",\"inLanguage\":\"it-IT\",\"@id\":\"https:\/\/www.csj-emballages.com\/it\/#\/schema\/logo\/image\/\",\"url\":\"https:\/\/www.csj-emballages.com\/wp-content\/uploads\/2023\/10\/logo_csj.webp\",\"contentUrl\":\"https:\/\/www.csj-emballages.com\/wp-content\/uploads\/2023\/10\/logo_csj.webp\",\"width\":250,\"height\":95,\"caption\":\"CSJ Emballages\"},\"image\":{\"@id\":\"https:\/\/www.csj-emballages.com\/it\/#\/schema\/logo\/image\/\"},\"sameAs\":[\"https:\/\/www.facebook.com\/csjemballages\"],\"address\":{\"@type\":\"PostalAddress\",\"streetAddress\":\"ZI La Lechere\",\"addressLocality\":\"Patornay\",\"postalCode\":\"39130\",\"addressCountry\":\"FR\"},\"contactPoint\":[{\"@type\":\"ContactPoint\",\"contactType\":\"Service client\",\"telephone\":\"0384254272\",\"email\":\"contact@csj-emballages.com\"}]}]}<\/script>\n<!-- \/ Yoast SEO Premium plugin. -->","yoast_head_json":{"title":"Sacco Spazzatura 100 Litri Nero 35 \u00b5 da 25","description":"Sacchi spazzatura 100 litri neri 35 micron venduti in confezione da 25. Resistenti e pratici, ideali per uso professionale e rifiuti voluminosi.","robots":{"index":"index","follow":"follow","max-snippet":"max-snippet:-1","max-image-preview":"max-image-preview:large","max-video-preview":"max-video-preview:-1"},"canonical":"https:\/\/www.csj-emballages.com\/it\/produit\/sacco-spazzatura-100-litri-nero-35-%c2%b5-da-25\/","og_locale":"it_IT","og_type":"article","og_title":"Sacco spazzatura 100 litri nero 35 \u00b5 da 25","og_description":"Sacchi spazzatura 100 litri neri 35 micron venduti in confezione da 25. Resistenti e pratici, ideali per uso professionale e rifiuti voluminosi.","og_url":"https:\/\/www.csj-emballages.com\/it\/produit\/sacco-spazzatura-100-litri-nero-35-%c2%b5-da-25\/","og_site_name":"CSJ Emballages","article_publisher":"https:\/\/www.facebook.com\/csjemballages","article_modified_time":"2026-04-18T00:16:46+00:00","og_image":[{"width":800,"height":800,"url":"https:\/\/www.csj-emballages.com\/wp-content\/uploads\/2024\/03\/Sac-housse.webp","type":"image\/webp"}],"twitter_card":"summary_large_image","twitter_misc":{"Dur\u00e9e de lecture estim\u00e9e":"1 minuto"},"schema":{"@context":"https:\/\/schema.org","@graph":[{"@type":"WebPage","@id":"https:\/\/www.csj-emballages.com\/it\/produit\/sacco-spazzatura-100-litri-nero-35-%c2%b5-da-25\/","url":"https:\/\/www.csj-emballages.com\/it\/produit\/sacco-spazzatura-100-litri-nero-35-%c2%b5-da-25\/","name":"Sacco Spazzatura 100 Litri Nero 35 \u00b5 da 25","isPartOf":{"@id":"https:\/\/www.csj-emballages.com\/it\/#website"},"primaryImageOfPage":{"@id":"https:\/\/www.csj-emballages.com\/it\/produit\/sacco-spazzatura-100-litri-nero-35-%c2%b5-da-25\/#primaryimage"},"image":{"@id":"https:\/\/www.csj-emballages.com\/it\/produit\/sacco-spazzatura-100-litri-nero-35-%c2%b5-da-25\/#primaryimage"},"thumbnailUrl":"https:\/\/www.csj-emballages.com\/wp-content\/uploads\/2024\/03\/Sac-housse.webp","datePublished":"2024-03-01T15:49:08+00:00","dateModified":"2026-04-18T00:16:46+00:00","description":"Sacchi spazzatura 100 litri neri 35 micron venduti in confezione da 25. Resistenti e pratici, ideali per uso professionale e rifiuti voluminosi.","breadcrumb":{"@id":"https:\/\/www.csj-emballages.com\/it\/produit\/sacco-spazzatura-100-litri-nero-35-%c2%b5-da-25\/#breadcrumb"},"inLanguage":"it-IT","potentialAction":[{"@type":"ReadAction","target":["https:\/\/www.csj-emballages.com\/it\/produit\/sacco-spazzatura-100-litri-nero-35-%c2%b5-da-25\/"]}]},{"@type":"ImageObject","inLanguage":"it-IT","@id":"https:\/\/www.csj-emballages.com\/it\/produit\/sacco-spazzatura-100-litri-nero-35-%c2%b5-da-25\/#primaryimage","url":"https:\/\/www.csj-emballages.com\/wp-content\/uploads\/2024\/03\/Sac-housse.webp","contentUrl":"https:\/\/www.csj-emballages.com\/wp-content\/uploads\/2024\/03\/Sac-housse.webp","width":800,"height":800,"caption":"Sac poubelle"},{"@type":"BreadcrumbList","@id":"https:\/\/www.csj-emballages.com\/it\/produit\/sacco-spazzatura-100-litri-nero-35-%c2%b5-da-25\/#breadcrumb","itemListElement":[{"@type":"ListItem","position":1,"name":"Home","item":"https:\/\/www.csj-emballages.com\/it\/universo-imballaggi-alimentari\/"},{"@type":"ListItem","position":2,"name":"Negozio","item":"https:\/\/www.csj-emballages.com\/it\/negozio\/"},{"@type":"ListItem","position":3,"name":"Sacco spazzatura 100 litri nero 35 \u00b5 da 25"}]},{"@type":"WebSite","@id":"https:\/\/www.csj-emballages.com\/it\/#website","url":"https:\/\/www.csj-emballages.com\/it\/","name":"CSJ Emballages","description":"","publisher":{"@id":"https:\/\/www.csj-emballages.com\/it\/#organization"},"potentialAction":[{"@type":"SearchAction","target":{"@type":"EntryPoint","urlTemplate":"https:\/\/www.csj-emballages.com\/it\/?s={search_term_string}"},"query-input":{"@type":"PropertyValueSpecification","valueRequired":true,"valueName":"search_term_string"}}],"inLanguage":"it-IT"},{"@type":"Organization","@id":"https:\/\/www.csj-emballages.com\/it\/#Organization\/","name":"CSJ Emballages","url":"https:\/\/www.csj-emballages.com\/it\/","logo":{"@type":"ImageObject","inLanguage":"it-IT","@id":"https:\/\/www.csj-emballages.com\/it\/#\/schema\/logo\/image\/","url":"https:\/\/www.csj-emballages.com\/wp-content\/uploads\/2023\/10\/logo_csj.webp","contentUrl":"https:\/\/www.csj-emballages.com\/wp-content\/uploads\/2023\/10\/logo_csj.webp","width":250,"height":95,"caption":"CSJ Emballages"},"image":{"@id":"https:\/\/www.csj-emballages.com\/it\/#\/schema\/logo\/image\/"},"sameAs":["https:\/\/www.facebook.com\/csjemballages"],"address":{"@type":"PostalAddress","streetAddress":"ZI La Lechere","addressLocality":"Patornay","postalCode":"39130","addressCountry":"FR"},"contactPoint":[{"@type":"ContactPoint","contactType":"Service client","telephone":"0384254272","email":"contact@csj-emballages.com"}]}]}},"df_price":3.13,"df_sale_price":"","df_regular_price":3.13,"df_image_link":"https:\/\/www.csj-emballages.com\/wp-content\/uploads\/2024\/03\/Sac-housse-300x300.webp","tiered_pricing_type":"fixed","tiered_pricing_fixed_rules":[],"tiered_pricing_percentage_rules":[],"tiered_pricing_minimum":1,"tiered_pricing_roles_data":[],"_links":{"self":[{"href":"https:\/\/www.csj-emballages.com\/it\/wp-json\/wp\/v2\/product\/269557","targetHints":{"allow":["GET"]}}],"collection":[{"href":"https:\/\/www.csj-emballages.com\/it\/wp-json\/wp\/v2\/product"}],"about":[{"href":"https:\/\/www.csj-emballages.com\/it\/wp-json\/wp\/v2\/types\/product"}],"wp:featuredmedia":[{"embeddable":true,"href":"https:\/\/www.csj-emballages.com\/it\/wp-json\/wp\/v2\/media\/266756"}],"wp:attachment":[{"href":"https:\/\/www.csj-emballages.com\/it\/wp-json\/wp\/v2\/media?parent=269557"}],"wp:term":[{"taxonomy":"product_brand","embeddable":true,"href":"https:\/\/www.csj-emballages.com\/it\/wp-json\/wp\/v2\/product_brand?post=269557"},{"taxonomy":"product_cat","embeddable":true,"href":"https:\/\/www.csj-emballages.com\/it\/wp-json\/wp\/v2\/product_cat?post=269557"},{"taxonomy":"product_tag","embeddable":true,"href":"https:\/\/www.csj-emballages.com\/it\/wp-json\/wp\/v2\/product_tag?post=269557"}],"curies":[{"name":"wp","href":"https:\/\/api.w.org\/{rel}","templated":true}]}}