{"id":269537,"date":"2024-03-01T16:49:06","date_gmt":"2024-03-01T15:49:06","guid":{"rendered":"https:\/\/www.csj-emballages.com\/produit\/sacchetto-patatine-a-cono-per-250g-confezione-da-250\/"},"modified":"2026-04-23T02:16:09","modified_gmt":"2026-04-23T00:16:09","slug":"sacchetto-patatine-a-cono-per-250g-confezione-da-250","status":"publish","type":"product","link":"https:\/\/www.csj-emballages.com\/it\/produit\/sacchetto-patatine-a-cono-per-250g-confezione-da-250\/","title":{"rendered":"Sacchetto patatine a cono per 250g confezione da 250"},"content":{"rendered":"<h2>Sacchetto patatine<\/h2>\n<hr>\n<h3>Scopri il nostro sacchetto patatine a cono per 250g confezione da 250<\/h3>\n<p><!--more--><\/p>\n<p data-start=\"254\" data-end=\"603\">Semplice, efficace e sempre apprezzato, questo <strong data-start=\"296\" data-end=\"329\">sacchetto patatine a cono 250 g<\/strong> \u00e8 un grande classico della ristorazione veloce\u2026 e per una buona ragione. Il suo formato conico permette di servire una porzione generosa di patatine rimanendo facile da tenere in mano. Risultato: i tuoi clienti mangiano comodamente, senza sporcare ovunque, anche camminando.  <\/p>\n<p data-start=\"605\" data-end=\"956\">La sua decorazione tipo <strong>carta giornale<\/strong> apporta un tocco originale e di tendenza. Spezza il lato troppo neutro degli imballaggi classici e d\u00e0 immediatamente uno stile street food ai tuoi servizi. Questo <strong>design carta giornale<\/strong> attira l&#8217;occhio, valorizza le tue patatine e rafforza l&#8217;immagine conviviale del tuo locale, che tu sia snack bar, food-truck, friggitoria o stand per eventi.  <\/p>\n<p data-start=\"958\" data-end=\"1249\">Grazie alla sua <strong>carta resistente<\/strong>, il sacchetto assorbe l&#8217;eccesso di grasso senza ammorbidirsi. Le patatine restano cos\u00ec pi\u00f9 piacevoli da gustare, mantenendo una buona tenuta. Il riempimento \u00e8 rapido, il che ti permette di gestire gli ordini senza perdere tempo, soprattutto durante i momenti di punta.  <\/p>\n<p data-start=\"1251\" data-end=\"1529\">Venduto <strong data-start=\"1257\" data-end=\"1275\">in confezione da 250<\/strong>, questo sacchetto \u00e8 perfettamente adatto ai volumi importanti. Metti al sicuro il tuo stock e guadagni tranquillit\u00e0 nel quotidiano. Che sia per una vendita da asporto, una pausa pranzo o un evento festivo, si integra facilmente nella tua organizzazione.  <\/p>\n<p data-start=\"1531\" data-end=\"1699\">In sintesi, questo <strong>sacchetto patatine a cono<\/strong> \u00e8 pratico ed efficace. Valorizza un prodotto semplice, ma imprescindibile, facilitando al contempo il tuo servizio. <\/p>\n<p data-start=\"1531\" data-end=\"1699\">\n<p data-start=\"1531\" data-end=\"1699\"><!--more--><\/p>\n<h4 data-start=\"1531\" data-end=\"1699\">Vantaggi:<\/h4>\n<ul>\n<li data-start=\"1728\" data-end=\"1770\">Formato a cono ideale per <strong>250 g<\/strong> di <strong>patatine.<\/strong><\/li>\n<li data-start=\"1773\" data-end=\"1816\"><strong>Decorazione carta giornale<\/strong> moderna e attraente.<\/li>\n<li data-start=\"1819\" data-end=\"1845\">Buon assorbimento del grasso.<\/li>\n<li data-start=\"1848\" data-end=\"1885\">Presa in mano facile per il cliente.<\/li>\n<li data-start=\"1888\" data-end=\"1918\">Confezione economica da <strong>250 unit\u00e0<\/strong>.<\/li>\n<\/ul>\n<p>&nbsp;<\/p>\n<p><!--more--><\/p>\n<h4><strong>Altre informazioni:<\/strong><\/h4>\n<ul>\n<li><strong>Confezionamento<\/strong>: Confezione da 250<\/li>\n<li><strong>Dimensioni del sacchetto<\/strong>: 29,5 x 21 cm<\/li>\n<li><strong>Materiale<\/strong>: Carta antigrasso<\/li>\n<li><strong>Colore<\/strong>: Carta giornale<\/li>\n<\/ul>\n<p>&nbsp;<\/p>\n<p><!--more--><\/p>\n<p><a href=\"https:\/\/www.csj-emballages.com\/it\/categorie-produit\/imballaggi-alimentari\/ristorazione\/sacchetti-e-carte\/carte-antigrasso\/\">Consulta il resto della nostra gamma di carte antigrasso<\/a><\/p>\n","protected":false},"excerpt":{"rendered":"<p>Sacchetto patatine Scopri il nostro sacchetto patatine a cono per 250g confezione da 250<\/p>\n","protected":false},"featured_media":269545,"template":"","meta":{"_acf_changed":false},"product_brand":[],"product_cat":[10346,10375,10511,10844,10843,10915,11035],"product_tag":[],"class_list":{"0":"post-269537","1":"product","2":"type-product","3":"status-publish","4":"has-post-thumbnail","6":"product_cat-imballaggi-alimentari","7":"product_cat-ristorazione","8":"product_cat-scatole-vaschette-buste-coni","9":"product_cat-coni-contenitori-per-pasta-corn-bucket","10":"product_cat-coni-per-patatine","11":"product_cat-carte-antigrasso","12":"product_cat-sacchetti-patatine","14":"first","15":"instock","16":"taxable","17":"shipping-taxable","18":"purchasable","19":"product-type-simple"},"acf":[],"yoast_head":"<!-- This site is optimized with the Yoast SEO Premium plugin v26.6 (Yoast SEO v26.6) - https:\/\/yoast.com\/wordpress\/plugins\/seo\/ -->\n<title>Sacchetto Patatine a Cono Carta Antigrasso - 250g<\/title>\n<meta name=\"description\" content=\"Scopri il nostro sacchetto patatine a cono in carta antigrasso. Pratico ed ecologico, questo sacchetto a cono \u00e8 ideale per la ristorazione veloce.\" \/>\n<meta name=\"robots\" content=\"index, follow, max-snippet:-1, max-image-preview:large, max-video-preview:-1\" \/>\n<link rel=\"canonical\" href=\"https:\/\/www.csj-emballages.com\/it\/produit\/sacchetto-patatine-a-cono-per-250g-confezione-da-250\/\" \/>\n<meta property=\"og:locale\" content=\"it_IT\" \/>\n<meta property=\"og:type\" content=\"article\" \/>\n<meta property=\"og:title\" content=\"Sacchetto patatine a cono per 250g confezione da 250\" \/>\n<meta property=\"og:description\" content=\"Scopri il nostro sacchetto patatine a cono in carta antigrasso. Pratico ed ecologico, questo sacchetto a cono \u00e8 ideale per la ristorazione veloce.\" \/>\n<meta property=\"og:url\" content=\"https:\/\/www.csj-emballages.com\/it\/produit\/sacchetto-patatine-a-cono-per-250g-confezione-da-250\/\" \/>\n<meta property=\"og:site_name\" content=\"CSJ Emballages\" \/>\n<meta property=\"article:publisher\" content=\"https:\/\/www.facebook.com\/csjemballages\" \/>\n<meta property=\"article:modified_time\" content=\"2026-04-23T00:16:09+00:00\" \/>\n<meta property=\"og:image\" content=\"https:\/\/www.csj-emballages.com\/wp-content\/uploads\/2024\/03\/SP250.webp\" \/>\n\t<meta property=\"og:image:width\" content=\"800\" \/>\n\t<meta property=\"og:image:height\" content=\"800\" \/>\n\t<meta property=\"og:image:type\" content=\"image\/webp\" \/>\n<meta name=\"twitter:card\" content=\"summary_large_image\" \/>\n<meta name=\"twitter:label1\" content=\"Dur\u00e9e de lecture estim\u00e9e\" \/>\n\t<meta name=\"twitter:data1\" content=\"1 minuto\" \/>\n<script type=\"application\/ld+json\" class=\"yoast-schema-graph\">{\"@context\":\"https:\/\/schema.org\",\"@graph\":[{\"@type\":\"WebPage\",\"@id\":\"https:\/\/www.csj-emballages.com\/it\/produit\/sacchetto-patatine-a-cono-per-250g-confezione-da-250\/\",\"url\":\"https:\/\/www.csj-emballages.com\/it\/produit\/sacchetto-patatine-a-cono-per-250g-confezione-da-250\/\",\"name\":\"Sacchetto Patatine a Cono Carta Antigrasso - 250g\",\"isPartOf\":{\"@id\":\"https:\/\/www.csj-emballages.com\/it\/#website\"},\"primaryImageOfPage\":{\"@id\":\"https:\/\/www.csj-emballages.com\/it\/produit\/sacchetto-patatine-a-cono-per-250g-confezione-da-250\/#primaryimage\"},\"image\":{\"@id\":\"https:\/\/www.csj-emballages.com\/it\/produit\/sacchetto-patatine-a-cono-per-250g-confezione-da-250\/#primaryimage\"},\"thumbnailUrl\":\"https:\/\/www.csj-emballages.com\/wp-content\/uploads\/2024\/03\/SP250.webp\",\"datePublished\":\"2024-03-01T15:49:06+00:00\",\"dateModified\":\"2026-04-23T00:16:09+00:00\",\"description\":\"Scopri il nostro sacchetto patatine a cono in carta antigrasso. Pratico ed ecologico, questo sacchetto a cono \u00e8 ideale per la ristorazione veloce.\",\"breadcrumb\":{\"@id\":\"https:\/\/www.csj-emballages.com\/it\/produit\/sacchetto-patatine-a-cono-per-250g-confezione-da-250\/#breadcrumb\"},\"inLanguage\":\"it-IT\",\"potentialAction\":[{\"@type\":\"ReadAction\",\"target\":[\"https:\/\/www.csj-emballages.com\/it\/produit\/sacchetto-patatine-a-cono-per-250g-confezione-da-250\/\"]}]},{\"@type\":\"ImageObject\",\"inLanguage\":\"it-IT\",\"@id\":\"https:\/\/www.csj-emballages.com\/it\/produit\/sacchetto-patatine-a-cono-per-250g-confezione-da-250\/#primaryimage\",\"url\":\"https:\/\/www.csj-emballages.com\/wp-content\/uploads\/2024\/03\/SP250.webp\",\"contentUrl\":\"https:\/\/www.csj-emballages.com\/wp-content\/uploads\/2024\/03\/SP250.webp\",\"width\":800,\"height\":800,\"caption\":\"Sachet frites en pointe\"},{\"@type\":\"BreadcrumbList\",\"@id\":\"https:\/\/www.csj-emballages.com\/it\/produit\/sacchetto-patatine-a-cono-per-250g-confezione-da-250\/#breadcrumb\",\"itemListElement\":[{\"@type\":\"ListItem\",\"position\":1,\"name\":\"Home\",\"item\":\"https:\/\/www.csj-emballages.com\/it\/universo-imballaggi-alimentari\/\"},{\"@type\":\"ListItem\",\"position\":2,\"name\":\"Negozio\",\"item\":\"https:\/\/www.csj-emballages.com\/it\/negozio\/\"},{\"@type\":\"ListItem\",\"position\":3,\"name\":\"Sacchetto patatine a cono per 250g confezione da 250\"}]},{\"@type\":\"WebSite\",\"@id\":\"https:\/\/www.csj-emballages.com\/it\/#website\",\"url\":\"https:\/\/www.csj-emballages.com\/it\/\",\"name\":\"CSJ Emballages\",\"description\":\"\",\"publisher\":{\"@id\":\"https:\/\/www.csj-emballages.com\/it\/#organization\"},\"potentialAction\":[{\"@type\":\"SearchAction\",\"target\":{\"@type\":\"EntryPoint\",\"urlTemplate\":\"https:\/\/www.csj-emballages.com\/it\/?s={search_term_string}\"},\"query-input\":{\"@type\":\"PropertyValueSpecification\",\"valueRequired\":true,\"valueName\":\"search_term_string\"}}],\"inLanguage\":\"it-IT\"},{\"@type\":\"Organization\",\"@id\":\"https:\/\/www.csj-emballages.com\/it\/#Organization\/\",\"name\":\"CSJ Emballages\",\"url\":\"https:\/\/www.csj-emballages.com\/it\/\",\"logo\":{\"@type\":\"ImageObject\",\"inLanguage\":\"it-IT\",\"@id\":\"https:\/\/www.csj-emballages.com\/it\/#\/schema\/logo\/image\/\",\"url\":\"https:\/\/www.csj-emballages.com\/wp-content\/uploads\/2023\/10\/logo_csj.webp\",\"contentUrl\":\"https:\/\/www.csj-emballages.com\/wp-content\/uploads\/2023\/10\/logo_csj.webp\",\"width\":250,\"height\":95,\"caption\":\"CSJ Emballages\"},\"image\":{\"@id\":\"https:\/\/www.csj-emballages.com\/it\/#\/schema\/logo\/image\/\"},\"sameAs\":[\"https:\/\/www.facebook.com\/csjemballages\"],\"address\":{\"@type\":\"PostalAddress\",\"streetAddress\":\"ZI La Lechere\",\"addressLocality\":\"Patornay\",\"postalCode\":\"39130\",\"addressCountry\":\"FR\"},\"contactPoint\":[{\"@type\":\"ContactPoint\",\"contactType\":\"Service client\",\"telephone\":\"0384254272\",\"email\":\"contact@csj-emballages.com\"}]}]}<\/script>\n<!-- \/ Yoast SEO Premium plugin. -->","yoast_head_json":{"title":"Sacchetto Patatine a Cono Carta Antigrasso - 250g","description":"Scopri il nostro sacchetto patatine a cono in carta antigrasso. Pratico ed ecologico, questo sacchetto a cono \u00e8 ideale per la ristorazione veloce.","robots":{"index":"index","follow":"follow","max-snippet":"max-snippet:-1","max-image-preview":"max-image-preview:large","max-video-preview":"max-video-preview:-1"},"canonical":"https:\/\/www.csj-emballages.com\/it\/produit\/sacchetto-patatine-a-cono-per-250g-confezione-da-250\/","og_locale":"it_IT","og_type":"article","og_title":"Sacchetto patatine a cono per 250g confezione da 250","og_description":"Scopri il nostro sacchetto patatine a cono in carta antigrasso. Pratico ed ecologico, questo sacchetto a cono \u00e8 ideale per la ristorazione veloce.","og_url":"https:\/\/www.csj-emballages.com\/it\/produit\/sacchetto-patatine-a-cono-per-250g-confezione-da-250\/","og_site_name":"CSJ Emballages","article_publisher":"https:\/\/www.facebook.com\/csjemballages","article_modified_time":"2026-04-23T00:16:09+00:00","og_image":[{"width":800,"height":800,"url":"https:\/\/www.csj-emballages.com\/wp-content\/uploads\/2024\/03\/SP250.webp","type":"image\/webp"}],"twitter_card":"summary_large_image","twitter_misc":{"Dur\u00e9e de lecture estim\u00e9e":"1 minuto"},"schema":{"@context":"https:\/\/schema.org","@graph":[{"@type":"WebPage","@id":"https:\/\/www.csj-emballages.com\/it\/produit\/sacchetto-patatine-a-cono-per-250g-confezione-da-250\/","url":"https:\/\/www.csj-emballages.com\/it\/produit\/sacchetto-patatine-a-cono-per-250g-confezione-da-250\/","name":"Sacchetto Patatine a Cono Carta Antigrasso - 250g","isPartOf":{"@id":"https:\/\/www.csj-emballages.com\/it\/#website"},"primaryImageOfPage":{"@id":"https:\/\/www.csj-emballages.com\/it\/produit\/sacchetto-patatine-a-cono-per-250g-confezione-da-250\/#primaryimage"},"image":{"@id":"https:\/\/www.csj-emballages.com\/it\/produit\/sacchetto-patatine-a-cono-per-250g-confezione-da-250\/#primaryimage"},"thumbnailUrl":"https:\/\/www.csj-emballages.com\/wp-content\/uploads\/2024\/03\/SP250.webp","datePublished":"2024-03-01T15:49:06+00:00","dateModified":"2026-04-23T00:16:09+00:00","description":"Scopri il nostro sacchetto patatine a cono in carta antigrasso. Pratico ed ecologico, questo sacchetto a cono \u00e8 ideale per la ristorazione veloce.","breadcrumb":{"@id":"https:\/\/www.csj-emballages.com\/it\/produit\/sacchetto-patatine-a-cono-per-250g-confezione-da-250\/#breadcrumb"},"inLanguage":"it-IT","potentialAction":[{"@type":"ReadAction","target":["https:\/\/www.csj-emballages.com\/it\/produit\/sacchetto-patatine-a-cono-per-250g-confezione-da-250\/"]}]},{"@type":"ImageObject","inLanguage":"it-IT","@id":"https:\/\/www.csj-emballages.com\/it\/produit\/sacchetto-patatine-a-cono-per-250g-confezione-da-250\/#primaryimage","url":"https:\/\/www.csj-emballages.com\/wp-content\/uploads\/2024\/03\/SP250.webp","contentUrl":"https:\/\/www.csj-emballages.com\/wp-content\/uploads\/2024\/03\/SP250.webp","width":800,"height":800,"caption":"Sachet frites en pointe"},{"@type":"BreadcrumbList","@id":"https:\/\/www.csj-emballages.com\/it\/produit\/sacchetto-patatine-a-cono-per-250g-confezione-da-250\/#breadcrumb","itemListElement":[{"@type":"ListItem","position":1,"name":"Home","item":"https:\/\/www.csj-emballages.com\/it\/universo-imballaggi-alimentari\/"},{"@type":"ListItem","position":2,"name":"Negozio","item":"https:\/\/www.csj-emballages.com\/it\/negozio\/"},{"@type":"ListItem","position":3,"name":"Sacchetto patatine a cono per 250g confezione da 250"}]},{"@type":"WebSite","@id":"https:\/\/www.csj-emballages.com\/it\/#website","url":"https:\/\/www.csj-emballages.com\/it\/","name":"CSJ Emballages","description":"","publisher":{"@id":"https:\/\/www.csj-emballages.com\/it\/#organization"},"potentialAction":[{"@type":"SearchAction","target":{"@type":"EntryPoint","urlTemplate":"https:\/\/www.csj-emballages.com\/it\/?s={search_term_string}"},"query-input":{"@type":"PropertyValueSpecification","valueRequired":true,"valueName":"search_term_string"}}],"inLanguage":"it-IT"},{"@type":"Organization","@id":"https:\/\/www.csj-emballages.com\/it\/#Organization\/","name":"CSJ Emballages","url":"https:\/\/www.csj-emballages.com\/it\/","logo":{"@type":"ImageObject","inLanguage":"it-IT","@id":"https:\/\/www.csj-emballages.com\/it\/#\/schema\/logo\/image\/","url":"https:\/\/www.csj-emballages.com\/wp-content\/uploads\/2023\/10\/logo_csj.webp","contentUrl":"https:\/\/www.csj-emballages.com\/wp-content\/uploads\/2023\/10\/logo_csj.webp","width":250,"height":95,"caption":"CSJ Emballages"},"image":{"@id":"https:\/\/www.csj-emballages.com\/it\/#\/schema\/logo\/image\/"},"sameAs":["https:\/\/www.facebook.com\/csjemballages"],"address":{"@type":"PostalAddress","streetAddress":"ZI La Lechere","addressLocality":"Patornay","postalCode":"39130","addressCountry":"FR"},"contactPoint":[{"@type":"ContactPoint","contactType":"Service client","telephone":"0384254272","email":"contact@csj-emballages.com"}]}]}},"df_price":10.74,"df_sale_price":"","df_regular_price":10.74,"df_image_link":"https:\/\/www.csj-emballages.com\/wp-content\/uploads\/2024\/03\/SP250-300x300.webp","tiered_pricing_type":"fixed","tiered_pricing_fixed_rules":[],"tiered_pricing_percentage_rules":[],"tiered_pricing_minimum":1,"tiered_pricing_roles_data":[],"_links":{"self":[{"href":"https:\/\/www.csj-emballages.com\/it\/wp-json\/wp\/v2\/product\/269537","targetHints":{"allow":["GET"]}}],"collection":[{"href":"https:\/\/www.csj-emballages.com\/it\/wp-json\/wp\/v2\/product"}],"about":[{"href":"https:\/\/www.csj-emballages.com\/it\/wp-json\/wp\/v2\/types\/product"}],"wp:featuredmedia":[{"embeddable":true,"href":"https:\/\/www.csj-emballages.com\/it\/wp-json\/wp\/v2\/media\/269545"}],"wp:attachment":[{"href":"https:\/\/www.csj-emballages.com\/it\/wp-json\/wp\/v2\/media?parent=269537"}],"wp:term":[{"taxonomy":"product_brand","embeddable":true,"href":"https:\/\/www.csj-emballages.com\/it\/wp-json\/wp\/v2\/product_brand?post=269537"},{"taxonomy":"product_cat","embeddable":true,"href":"https:\/\/www.csj-emballages.com\/it\/wp-json\/wp\/v2\/product_cat?post=269537"},{"taxonomy":"product_tag","embeddable":true,"href":"https:\/\/www.csj-emballages.com\/it\/wp-json\/wp\/v2\/product_tag?post=269537"}],"curies":[{"name":"wp","href":"https:\/\/api.w.org\/{rel}","templated":true}]}}