{"id":269506,"date":"2024-03-01T16:49:04","date_gmt":"2024-03-01T15:49:04","guid":{"rendered":"https:\/\/www.csj-emballages.com\/produit\/sacchetto-a-punta-trasparente-per-dolciumi-180-x-370-mm-confezione-da-250\/"},"modified":"2026-03-12T16:42:30","modified_gmt":"2026-03-12T15:42:30","slug":"sacchetto-a-punta-trasparente-per-dolciumi-180-x-370-mm-confezione-da-250","status":"publish","type":"product","link":"https:\/\/www.csj-emballages.com\/it\/produit\/sacchetto-a-punta-trasparente-per-dolciumi-180-x-370-mm-confezione-da-250\/","title":{"rendered":"Sacchetto a punta trasparente per dolciumi 180 x 370 mm, confezione da 250"},"content":{"rendered":"<div style=\"box-sizing: inherit; font-family: Roboto, sans-serif;\">\n<div style=\"box-sizing: inherit; font-family: Roboto, sans-serif;\">\n<div style=\"box-sizing: inherit; font-family: Roboto, sans-serif;\">\n<div style=\"box-sizing: inherit; font-family: Roboto, sans-serif;\">\n<div style=\"box-sizing: inherit; font-family: Roboto, sans-serif;\">\n<div style=\"box-sizing: inherit; font-family: Roboto, sans-serif;\">\n<div style=\"box-sizing: inherit; font-family: Roboto, sans-serif;\">\n<div style=\"box-sizing: inherit; font-family: Roboto, sans-serif;\">\n<div style=\"box-sizing: inherit; font-family: Roboto, sans-serif;\">\n<div style=\"box-sizing: inherit; font-family: Roboto, sans-serif;\">\n<div style=\"box-sizing: inherit; font-family: Roboto, sans-serif;\">\n<div style=\"box-sizing: inherit; font-family: Roboto, sans-serif;\">\n<div style=\"box-sizing: inherit; font-family: Roboto, sans-serif;\">\n<div class=\"flex flex-grow flex-col max-w-full\">\n<div class=\"min-h-[20px] text-message flex flex-col items-start whitespace-pre-wrap break-words [.text-message+&amp;]:mt-5 juice:w-full juice:items-end overflow-x-auto gap-2\" dir=\"auto\" data-message-author-role=\"assistant\" data-message-id=\"2034782e-88f9-44ef-b4dc-07dd7bf0115f\">\n<div class=\"flex w-full flex-col gap-1 juice:empty:hidden juice:first:pt-[3px]\">\n<div class=\"markdown prose w-full break-words dark:prose-invert light\">\n<div style=\"box-sizing: inherit; font-family: Roboto, sans-serif;\">\n<div style=\"box-sizing: inherit; font-family: Roboto, sans-serif;\">\n<div style=\"box-sizing: inherit; font-family: Roboto, sans-serif;\">\n<div style=\"box-sizing: inherit; font-family: Roboto, sans-serif;\">\n<div style=\"box-sizing: inherit; font-family: Roboto, sans-serif;\">\n<div style=\"box-sizing: inherit; font-family: Roboto, sans-serif;\">\n<h2>Sacchetto a punta<\/h2>\n<div style=\"box-sizing: inherit; font-family: Roboto, sans-serif;\">\n<div style=\"box-sizing: inherit; font-family: Roboto, sans-serif;\">\n<div style=\"box-sizing: inherit; font-family: Roboto, sans-serif;\">\n<div style=\"text-align: center;\">\n<div style=\"box-sizing: inherit; font-family: Roboto, sans-serif;\">\n<div style=\"box-sizing: inherit; font-family: Roboto, sans-serif;\">\n<div style=\"box-sizing: inherit; font-family: Roboto, sans-serif;\">\n<div style=\"box-sizing: inherit; font-family: Roboto, sans-serif;\">\n<div style=\"box-sizing: inherit; font-family: Roboto, sans-serif;\">\n<div style=\"box-sizing: inherit; font-family: Roboto, sans-serif; text-align: left;\">\n<hr>\n<h3 style=\"text-align: left;\">Descrizione del nostro sacchetto a punta trasparente per dolciumi 180 x 370 mm, confezione da 250<\/h3>\n<h3 style=\"text-align: left;\"><!--more--><\/h3>\n<\/div>\n<\/div>\n<\/div>\n<\/div>\n<\/div>\n<\/div>\n<\/div>\n<\/div>\n<\/div>\n<\/div>\n<\/div>\n<\/div>\n<\/div>\n<\/div>\n<\/div>\n<\/div>\n<\/div>\n<\/div>\n<\/div>\n<\/div>\n<\/div>\n<\/div>\n<\/div>\n<\/div>\n<\/div>\n<\/div>\n<\/div>\n<\/div>\n<\/div>\n<\/div>\n<\/div>\n<\/div>\n<\/div>\n<div style=\"box-sizing: inherit; font-family: Roboto, sans-serif;\">\n<div style=\"box-sizing: inherit; font-family: Roboto, sans-serif;\">\n<div style=\"box-sizing: inherit; font-family: Roboto, sans-serif;\">\n<div style=\"box-sizing: inherit; font-family: Roboto, sans-serif;\">\n<div style=\"box-sizing: inherit; font-family: Roboto, sans-serif;\">\n<div style=\"box-sizing: inherit; font-family: Roboto, sans-serif;\">\n<div style=\"box-sizing: inherit; font-family: Roboto, sans-serif;\">\n<div style=\"box-sizing: inherit; font-family: Roboto, sans-serif;\">\n<div style=\"box-sizing: inherit; font-family: Roboto, sans-serif;\">\n<div style=\"box-sizing: inherit; font-family: Roboto, sans-serif;\">\n<div style=\"box-sizing: inherit; font-family: Roboto, sans-serif;\">\n<div style=\"box-sizing: inherit; font-family: Roboto, sans-serif;\">\n<div style=\"box-sizing: inherit; font-family: Roboto, sans-serif;\">\n<div class=\"flex flex-grow flex-col max-w-full\">\n<div class=\"min-h-[20px] text-message flex flex-col items-start whitespace-pre-wrap break-words [.text-message+&amp;]:mt-5 juice:w-full juice:items-end overflow-x-auto gap-2\" dir=\"auto\" data-message-author-role=\"assistant\" data-message-id=\"2034782e-88f9-44ef-b4dc-07dd7bf0115f\">\n<div class=\"flex w-full flex-col gap-1 juice:empty:hidden juice:first:pt-[3px]\">\n<div class=\"markdown prose w-full break-words dark:prose-invert light\">\n<div style=\"box-sizing: inherit; font-family: Roboto, sans-serif;\">\n<div style=\"box-sizing: inherit; font-family: Roboto, sans-serif;\">\n<div style=\"box-sizing: inherit; font-family: Roboto, sans-serif;\">\n<div style=\"box-sizing: inherit; font-family: Roboto, sans-serif;\">\n<div style=\"box-sizing: inherit; font-family: Roboto, sans-serif;\">\n<div style=\"box-sizing: inherit; font-family: Roboto, sans-serif;\">\n<p data-start=\"0\" data-end=\"592\">Dai un tocco di <strong data-start=\"60\" data-end=\"75\">golosit\u00e0<\/strong> ed <strong data-start=\"81\" data-end=\"93\">eleganza<\/strong> alle tue preparazioni dolci con il nostro <strong data-start=\"132\" data-end=\"164\">sacchetto a punta trasparente<\/strong> <strong>180 x 370 mm<\/strong>. Progettato per i <strong data-start=\"194\" data-end=\"209\">dolciumi<\/strong>, valorizza le tue creazioni garantendo al contempo una buona protezione. Grazie alla sua forma <strong data-start=\"301\" data-end=\"312\">conica<\/strong>, questo <strong>sacchetto a punta<\/strong> \u00e8 perfetto per presentare caramelle, popcorn, cioccolatini o confetti in occasione di matrimoni, compleanni o eventi professionali. Il suo design <strong data-start=\"483\" data-end=\"497\">cristallino<\/strong> attira lo sguardo e permette di vedere immediatamente il colore e la consistenza delle tue prelibatezze.   <\/p>\n<p data-start=\"594\" data-end=\"960\">Realizzato in <strong data-start=\"606\" data-end=\"653\">polipropilene rinforzato con fibre (CPP) 45 \u00b5<\/strong>, questo <strong>sacchetto a punta<\/strong> combina <strong data-start=\"673\" data-end=\"687\">resistenza<\/strong> e <strong data-start=\"691\" data-end=\"704\">flessibilit\u00e0<\/strong>. Non si strappa facilmente, anche se riempito di dolciumi dalle forme irregolari. Inoltre, la sua <strong data-start=\"803\" data-end=\"819\">trasparenza<\/strong> mette in risalto i tuoi prodotti proteggendoli dall&#8217;umidit\u00e0 e dagli schizzi. Cos\u00ec, i tuoi dolci rimangono freschi pi\u00f9 a lungo.   <\/p>\n<p data-start=\"962\" data-end=\"1346\">Inoltre, questo <strong data-start=\"975\" data-end=\"990\">sacchetto conico<\/strong> si adatta a tutte le tue idee creative. Che tu sia un <strong data-start=\"1045\" data-end=\"1058\">pasticciere<\/strong>, un organizzatore di eventi o un commerciante, puoi chiuderlo con un bel nastro, un laccetto colorato o un adesivo personalizzato per una finitura curata. La sua dimensione <strong>180 x 370 mm<\/strong> offre un volume ideale per porzioni generose pur rimanendo pratico da maneggiare e trasportare.  <\/p>\n<p data-start=\"1348\" data-end=\"1749\">Scegliendo questo <strong>sacchetto a punta per dolciumi<\/strong>, opti per una soluzione <strong data-start=\"1403\" data-end=\"1415\">pratica<\/strong>, <strong data-start=\"1417\" data-end=\"1431\">estetica<\/strong> e <strong data-start=\"1435\" data-end=\"1454\">professionale<\/strong>. Che sia per uno stand di luna park, una bottega artigianale o un ricevimento privato, offre una presentazione curata che seduce gli occhi ancor prima di deliziare il palato. Grazie a questo sacchetto a punta, i tuoi dolciumi diventano veri e propri regali visivi, pronti per essere gustati.  <\/p>\n<p data-start=\"1348\" data-end=\"1749\">\n<p><!--more--><\/p>\n<h4 style=\"text-align: left;\">Vantaggi:<\/h4>\n<ul style=\"text-align: left;\">\n<li><strong data-start=\"1968\" data-end=\"1996\">Trasparenza cristallina<\/strong> per mettere in risalto i tuoi dolciumi.<\/li>\n<li><strong data-start=\"2039\" data-end=\"2070\">Polipropilene rinforzato 45 \u00b5<\/strong>: solidit\u00e0 e protezione dall&#8217;umidit\u00e0.<\/li>\n<li><strong data-start=\"2119\" data-end=\"2145\">Forma conica pratica<\/strong> per caramelle, popcorn, cioccolatini o confetti.<\/li>\n<li><strong data-start=\"2196\" data-end=\"2225\">Chiusura personalizzabile<\/strong> con nastro o laccetto decorativo.<\/li>\n<li>Ideale per <strong data-start=\"2271\" data-end=\"2298\">feste, matrimoni, stand<\/strong> o botteghe artigianali.<\/li>\n<\/ul>\n<\/div>\n<\/div>\n<\/div>\n<\/div>\n<\/div>\n<\/div>\n<\/div>\n<\/div>\n<\/div>\n<\/div>\n<\/div>\n<\/div>\n<p>&nbsp;<\/p>\n<\/div>\n<\/div>\n<\/div>\n<\/div>\n<\/div>\n<\/div>\n<\/div>\n<\/div>\n<\/div>\n<\/div>\n<\/div>\n<p><!--more--><\/p>\n<h4>Altre informazioni:<\/h4>\n<ul style=\"box-sizing: inherit; font-family: Roboto, sans-serif;\">\n<li><strong>Confezione<\/strong>: Pacchetto da 250<\/li>\n<li><span style=\"font-weight: bold;\">Dimensioni<\/span>: 180 x 370 mm<\/li>\n<li><strong>Materiale<\/strong>: polipropilene rinforzato con fibre (CPP)<\/li>\n<li><strong>Colore<\/strong>: Trasparente<\/li>\n<li><strong>Resistenza<\/strong>: 45 \u00b5<\/li>\n<\/ul>\n<div style=\"box-sizing: inherit; font-family: Roboto, sans-serif;\">\n<div style=\"box-sizing: inherit; font-family: Roboto, sans-serif;\">\n<div style=\"box-sizing: inherit; font-family: Roboto, sans-serif;\">\n<div style=\"box-sizing: inherit; font-family: Roboto, sans-serif;\">\n<div style=\"box-sizing: inherit; font-family: Roboto, sans-serif;\">\n<div style=\"box-sizing: inherit; font-family: Roboto, sans-serif;\">\n<p>&nbsp;<\/p>\n<p><!--more--><\/p>\n<p><a href=\"https:\/\/www.csj-emballages.com\/it\/categorie-produit\/sacchetti-a-punta\/\">Consulta il resto della nostra gamma di sacchetti a punta<\/a><\/p>\n<\/div>\n<\/div>\n<\/div>\n<\/div>\n<\/div>\n<\/div>\n","protected":false},"excerpt":{"rendered":"<p>Sacchetto a punta Descrizione del nostro sacchetto a punta trasparente per dolciumi 180 x 370 mm, confezione da 250<\/p>\n","protected":false},"featured_media":269510,"template":"","meta":{"_acf_changed":false},"product_brand":[],"product_cat":[10346,10344,10985,11024,10345],"product_tag":[],"class_list":{"0":"post-269506","1":"product","2":"type-product","3":"status-publish","4":"has-post-thumbnail","6":"product_cat-imballaggi-alimentari","7":"product_cat-panetteria-pasticceria","8":"product_cat-sacchetti-per-confetteria","9":"product_cat-sacchetti-a-punta","10":"product_cat-boutique-e-negozio","12":"first","13":"instock","14":"taxable","15":"shipping-taxable","16":"purchasable","17":"product-type-simple"},"acf":[],"yoast_head":"<!-- This site is optimized with the Yoast SEO Premium plugin v26.6 (Yoast SEO v26.6) - https:\/\/yoast.com\/wordpress\/plugins\/seo\/ -->\n<title>Sacchetto a Punta Trasparente per Dolciumi 180 x 370 mm<\/title>\n<meta name=\"description\" content=\"Sacchetto a punta trasparente 180 x 370 mm in CPP 45 \u00b5, ideale per dolciumi, caramelle o popcorn. Resistente, estetico e pratico.\" \/>\n<meta name=\"robots\" content=\"index, follow, max-snippet:-1, max-image-preview:large, max-video-preview:-1\" \/>\n<link rel=\"canonical\" href=\"https:\/\/www.csj-emballages.com\/it\/produit\/sacchetto-a-punta-trasparente-per-dolciumi-180-x-370-mm-confezione-da-250\/\" \/>\n<meta property=\"og:locale\" content=\"it_IT\" \/>\n<meta property=\"og:type\" content=\"article\" \/>\n<meta property=\"og:title\" content=\"Sacchetto a punta trasparente per dolciumi 180 x 370 mm, confezione da 250\" \/>\n<meta property=\"og:description\" content=\"Sacchetto a punta trasparente 180 x 370 mm in CPP 45 \u00b5, ideale per dolciumi, caramelle o popcorn. Resistente, estetico e pratico.\" \/>\n<meta property=\"og:url\" content=\"https:\/\/www.csj-emballages.com\/it\/produit\/sacchetto-a-punta-trasparente-per-dolciumi-180-x-370-mm-confezione-da-250\/\" \/>\n<meta property=\"og:site_name\" content=\"CSJ Emballages\" \/>\n<meta property=\"article:publisher\" content=\"https:\/\/www.facebook.com\/csjemballages\" \/>\n<meta property=\"article:modified_time\" content=\"2026-03-12T15:42:30+00:00\" \/>\n<meta property=\"og:image\" content=\"https:\/\/www.csj-emballages.com\/wp-content\/uploads\/2024\/03\/SPC18.webp\" \/>\n\t<meta property=\"og:image:width\" content=\"800\" \/>\n\t<meta property=\"og:image:height\" content=\"800\" \/>\n\t<meta property=\"og:image:type\" content=\"image\/webp\" \/>\n<meta name=\"twitter:card\" content=\"summary_large_image\" \/>\n<meta name=\"twitter:label1\" content=\"Dur\u00e9e de lecture estim\u00e9e\" \/>\n\t<meta name=\"twitter:data1\" content=\"2 minuti\" \/>\n<script type=\"application\/ld+json\" class=\"yoast-schema-graph\">{\"@context\":\"https:\/\/schema.org\",\"@graph\":[{\"@type\":\"WebPage\",\"@id\":\"https:\/\/www.csj-emballages.com\/it\/produit\/sacchetto-a-punta-trasparente-per-dolciumi-180-x-370-mm-confezione-da-250\/\",\"url\":\"https:\/\/www.csj-emballages.com\/it\/produit\/sacchetto-a-punta-trasparente-per-dolciumi-180-x-370-mm-confezione-da-250\/\",\"name\":\"Sacchetto a Punta Trasparente per Dolciumi 180 x 370 mm\",\"isPartOf\":{\"@id\":\"https:\/\/www.csj-emballages.com\/it\/#website\"},\"primaryImageOfPage\":{\"@id\":\"https:\/\/www.csj-emballages.com\/it\/produit\/sacchetto-a-punta-trasparente-per-dolciumi-180-x-370-mm-confezione-da-250\/#primaryimage\"},\"image\":{\"@id\":\"https:\/\/www.csj-emballages.com\/it\/produit\/sacchetto-a-punta-trasparente-per-dolciumi-180-x-370-mm-confezione-da-250\/#primaryimage\"},\"thumbnailUrl\":\"https:\/\/www.csj-emballages.com\/wp-content\/uploads\/2024\/03\/SPC18.webp\",\"datePublished\":\"2024-03-01T15:49:04+00:00\",\"dateModified\":\"2026-03-12T15:42:30+00:00\",\"description\":\"Sacchetto a punta trasparente 180 x 370 mm in CPP 45 \u00b5, ideale per dolciumi, caramelle o popcorn. Resistente, estetico e pratico.\",\"breadcrumb\":{\"@id\":\"https:\/\/www.csj-emballages.com\/it\/produit\/sacchetto-a-punta-trasparente-per-dolciumi-180-x-370-mm-confezione-da-250\/#breadcrumb\"},\"inLanguage\":\"it-IT\",\"potentialAction\":[{\"@type\":\"ReadAction\",\"target\":[\"https:\/\/www.csj-emballages.com\/it\/produit\/sacchetto-a-punta-trasparente-per-dolciumi-180-x-370-mm-confezione-da-250\/\"]}]},{\"@type\":\"ImageObject\",\"inLanguage\":\"it-IT\",\"@id\":\"https:\/\/www.csj-emballages.com\/it\/produit\/sacchetto-a-punta-trasparente-per-dolciumi-180-x-370-mm-confezione-da-250\/#primaryimage\",\"url\":\"https:\/\/www.csj-emballages.com\/wp-content\/uploads\/2024\/03\/SPC18.webp\",\"contentUrl\":\"https:\/\/www.csj-emballages.com\/wp-content\/uploads\/2024\/03\/SPC18.webp\",\"width\":800,\"height\":800,\"caption\":\"Sachet en pointe\"},{\"@type\":\"BreadcrumbList\",\"@id\":\"https:\/\/www.csj-emballages.com\/it\/produit\/sacchetto-a-punta-trasparente-per-dolciumi-180-x-370-mm-confezione-da-250\/#breadcrumb\",\"itemListElement\":[{\"@type\":\"ListItem\",\"position\":1,\"name\":\"Home\",\"item\":\"https:\/\/www.csj-emballages.com\/it\/universo-imballaggi-alimentari\/\"},{\"@type\":\"ListItem\",\"position\":2,\"name\":\"Negozio\",\"item\":\"https:\/\/www.csj-emballages.com\/it\/negozio\/\"},{\"@type\":\"ListItem\",\"position\":3,\"name\":\"Sacchetto a punta trasparente per dolciumi 180 x 370 mm, confezione da 250\"}]},{\"@type\":\"WebSite\",\"@id\":\"https:\/\/www.csj-emballages.com\/it\/#website\",\"url\":\"https:\/\/www.csj-emballages.com\/it\/\",\"name\":\"CSJ Emballages\",\"description\":\"\",\"publisher\":{\"@id\":\"https:\/\/www.csj-emballages.com\/it\/#organization\"},\"potentialAction\":[{\"@type\":\"SearchAction\",\"target\":{\"@type\":\"EntryPoint\",\"urlTemplate\":\"https:\/\/www.csj-emballages.com\/it\/?s={search_term_string}\"},\"query-input\":{\"@type\":\"PropertyValueSpecification\",\"valueRequired\":true,\"valueName\":\"search_term_string\"}}],\"inLanguage\":\"it-IT\"},{\"@type\":\"Organization\",\"@id\":\"https:\/\/www.csj-emballages.com\/it\/#Organization\/\",\"name\":\"CSJ Emballages\",\"url\":\"https:\/\/www.csj-emballages.com\/it\/\",\"logo\":{\"@type\":\"ImageObject\",\"inLanguage\":\"it-IT\",\"@id\":\"https:\/\/www.csj-emballages.com\/it\/#\/schema\/logo\/image\/\",\"url\":\"https:\/\/www.csj-emballages.com\/wp-content\/uploads\/2023\/10\/logo_csj.webp\",\"contentUrl\":\"https:\/\/www.csj-emballages.com\/wp-content\/uploads\/2023\/10\/logo_csj.webp\",\"width\":250,\"height\":95,\"caption\":\"CSJ Emballages\"},\"image\":{\"@id\":\"https:\/\/www.csj-emballages.com\/it\/#\/schema\/logo\/image\/\"},\"sameAs\":[\"https:\/\/www.facebook.com\/csjemballages\"],\"address\":{\"@type\":\"PostalAddress\",\"streetAddress\":\"ZI La Lechere\",\"addressLocality\":\"Patornay\",\"postalCode\":\"39130\",\"addressCountry\":\"FR\"},\"contactPoint\":[{\"@type\":\"ContactPoint\",\"contactType\":\"Service client\",\"telephone\":\"0384254272\",\"email\":\"contact@csj-emballages.com\"}]}]}<\/script>\n<!-- \/ Yoast SEO Premium plugin. -->","yoast_head_json":{"title":"Sacchetto a Punta Trasparente per Dolciumi 180 x 370 mm","description":"Sacchetto a punta trasparente 180 x 370 mm in CPP 45 \u00b5, ideale per dolciumi, caramelle o popcorn. Resistente, estetico e pratico.","robots":{"index":"index","follow":"follow","max-snippet":"max-snippet:-1","max-image-preview":"max-image-preview:large","max-video-preview":"max-video-preview:-1"},"canonical":"https:\/\/www.csj-emballages.com\/it\/produit\/sacchetto-a-punta-trasparente-per-dolciumi-180-x-370-mm-confezione-da-250\/","og_locale":"it_IT","og_type":"article","og_title":"Sacchetto a punta trasparente per dolciumi 180 x 370 mm, confezione da 250","og_description":"Sacchetto a punta trasparente 180 x 370 mm in CPP 45 \u00b5, ideale per dolciumi, caramelle o popcorn. Resistente, estetico e pratico.","og_url":"https:\/\/www.csj-emballages.com\/it\/produit\/sacchetto-a-punta-trasparente-per-dolciumi-180-x-370-mm-confezione-da-250\/","og_site_name":"CSJ Emballages","article_publisher":"https:\/\/www.facebook.com\/csjemballages","article_modified_time":"2026-03-12T15:42:30+00:00","og_image":[{"width":800,"height":800,"url":"https:\/\/www.csj-emballages.com\/wp-content\/uploads\/2024\/03\/SPC18.webp","type":"image\/webp"}],"twitter_card":"summary_large_image","twitter_misc":{"Dur\u00e9e de lecture estim\u00e9e":"2 minuti"},"schema":{"@context":"https:\/\/schema.org","@graph":[{"@type":"WebPage","@id":"https:\/\/www.csj-emballages.com\/it\/produit\/sacchetto-a-punta-trasparente-per-dolciumi-180-x-370-mm-confezione-da-250\/","url":"https:\/\/www.csj-emballages.com\/it\/produit\/sacchetto-a-punta-trasparente-per-dolciumi-180-x-370-mm-confezione-da-250\/","name":"Sacchetto a Punta Trasparente per Dolciumi 180 x 370 mm","isPartOf":{"@id":"https:\/\/www.csj-emballages.com\/it\/#website"},"primaryImageOfPage":{"@id":"https:\/\/www.csj-emballages.com\/it\/produit\/sacchetto-a-punta-trasparente-per-dolciumi-180-x-370-mm-confezione-da-250\/#primaryimage"},"image":{"@id":"https:\/\/www.csj-emballages.com\/it\/produit\/sacchetto-a-punta-trasparente-per-dolciumi-180-x-370-mm-confezione-da-250\/#primaryimage"},"thumbnailUrl":"https:\/\/www.csj-emballages.com\/wp-content\/uploads\/2024\/03\/SPC18.webp","datePublished":"2024-03-01T15:49:04+00:00","dateModified":"2026-03-12T15:42:30+00:00","description":"Sacchetto a punta trasparente 180 x 370 mm in CPP 45 \u00b5, ideale per dolciumi, caramelle o popcorn. Resistente, estetico e pratico.","breadcrumb":{"@id":"https:\/\/www.csj-emballages.com\/it\/produit\/sacchetto-a-punta-trasparente-per-dolciumi-180-x-370-mm-confezione-da-250\/#breadcrumb"},"inLanguage":"it-IT","potentialAction":[{"@type":"ReadAction","target":["https:\/\/www.csj-emballages.com\/it\/produit\/sacchetto-a-punta-trasparente-per-dolciumi-180-x-370-mm-confezione-da-250\/"]}]},{"@type":"ImageObject","inLanguage":"it-IT","@id":"https:\/\/www.csj-emballages.com\/it\/produit\/sacchetto-a-punta-trasparente-per-dolciumi-180-x-370-mm-confezione-da-250\/#primaryimage","url":"https:\/\/www.csj-emballages.com\/wp-content\/uploads\/2024\/03\/SPC18.webp","contentUrl":"https:\/\/www.csj-emballages.com\/wp-content\/uploads\/2024\/03\/SPC18.webp","width":800,"height":800,"caption":"Sachet en pointe"},{"@type":"BreadcrumbList","@id":"https:\/\/www.csj-emballages.com\/it\/produit\/sacchetto-a-punta-trasparente-per-dolciumi-180-x-370-mm-confezione-da-250\/#breadcrumb","itemListElement":[{"@type":"ListItem","position":1,"name":"Home","item":"https:\/\/www.csj-emballages.com\/it\/universo-imballaggi-alimentari\/"},{"@type":"ListItem","position":2,"name":"Negozio","item":"https:\/\/www.csj-emballages.com\/it\/negozio\/"},{"@type":"ListItem","position":3,"name":"Sacchetto a punta trasparente per dolciumi 180 x 370 mm, confezione da 250"}]},{"@type":"WebSite","@id":"https:\/\/www.csj-emballages.com\/it\/#website","url":"https:\/\/www.csj-emballages.com\/it\/","name":"CSJ Emballages","description":"","publisher":{"@id":"https:\/\/www.csj-emballages.com\/it\/#organization"},"potentialAction":[{"@type":"SearchAction","target":{"@type":"EntryPoint","urlTemplate":"https:\/\/www.csj-emballages.com\/it\/?s={search_term_string}"},"query-input":{"@type":"PropertyValueSpecification","valueRequired":true,"valueName":"search_term_string"}}],"inLanguage":"it-IT"},{"@type":"Organization","@id":"https:\/\/www.csj-emballages.com\/it\/#Organization\/","name":"CSJ Emballages","url":"https:\/\/www.csj-emballages.com\/it\/","logo":{"@type":"ImageObject","inLanguage":"it-IT","@id":"https:\/\/www.csj-emballages.com\/it\/#\/schema\/logo\/image\/","url":"https:\/\/www.csj-emballages.com\/wp-content\/uploads\/2023\/10\/logo_csj.webp","contentUrl":"https:\/\/www.csj-emballages.com\/wp-content\/uploads\/2023\/10\/logo_csj.webp","width":250,"height":95,"caption":"CSJ Emballages"},"image":{"@id":"https:\/\/www.csj-emballages.com\/it\/#\/schema\/logo\/image\/"},"sameAs":["https:\/\/www.facebook.com\/csjemballages"],"address":{"@type":"PostalAddress","streetAddress":"ZI La Lechere","addressLocality":"Patornay","postalCode":"39130","addressCountry":"FR"},"contactPoint":[{"@type":"ContactPoint","contactType":"Service client","telephone":"0384254272","email":"contact@csj-emballages.com"}]}]}},"df_price":9.7,"df_sale_price":"","df_regular_price":9.7,"df_image_link":"https:\/\/www.csj-emballages.com\/wp-content\/uploads\/2024\/03\/SPC18-300x300.webp","tiered_pricing_type":"fixed","tiered_pricing_fixed_rules":[],"tiered_pricing_percentage_rules":[],"tiered_pricing_minimum":1,"tiered_pricing_roles_data":[],"_links":{"self":[{"href":"https:\/\/www.csj-emballages.com\/it\/wp-json\/wp\/v2\/product\/269506","targetHints":{"allow":["GET"]}}],"collection":[{"href":"https:\/\/www.csj-emballages.com\/it\/wp-json\/wp\/v2\/product"}],"about":[{"href":"https:\/\/www.csj-emballages.com\/it\/wp-json\/wp\/v2\/types\/product"}],"wp:featuredmedia":[{"embeddable":true,"href":"https:\/\/www.csj-emballages.com\/it\/wp-json\/wp\/v2\/media\/269510"}],"wp:attachment":[{"href":"https:\/\/www.csj-emballages.com\/it\/wp-json\/wp\/v2\/media?parent=269506"}],"wp:term":[{"taxonomy":"product_brand","embeddable":true,"href":"https:\/\/www.csj-emballages.com\/it\/wp-json\/wp\/v2\/product_brand?post=269506"},{"taxonomy":"product_cat","embeddable":true,"href":"https:\/\/www.csj-emballages.com\/it\/wp-json\/wp\/v2\/product_cat?post=269506"},{"taxonomy":"product_tag","embeddable":true,"href":"https:\/\/www.csj-emballages.com\/it\/wp-json\/wp\/v2\/product_tag?post=269506"}],"curies":[{"name":"wp","href":"https:\/\/api.w.org\/{rel}","templated":true}]}}