{"id":269497,"date":"2024-03-01T16:53:02","date_gmt":"2024-03-01T15:53:02","guid":{"rendered":"https:\/\/www.csj-emballages.com\/produit\/guanto-in-vinile-monouso-con-polvere-piccolo-6-5-per-100\/"},"modified":"2026-03-12T16:26:58","modified_gmt":"2026-03-12T15:26:58","slug":"guanto-in-vinile-monouso-con-polvere-piccolo-6-5-per-100","status":"publish","type":"product","link":"https:\/\/www.csj-emballages.com\/it\/produit\/guanto-in-vinile-monouso-con-polvere-piccolo-6-5-per-100\/","title":{"rendered":"Guanto in vinile monouso con polvere \/ piccolo 6.5 per 100"},"content":{"rendered":"<h2 data-start=\"233\" data-end=\"653\">Guanto in vinile<\/h2>\n<hr>\n<h3 data-start=\"233\" data-end=\"653\">Scopri il nostro guanto in vinile monouso con polvere \/ piccolo 6.5 per 100<\/h3>\n<p data-start=\"233\" data-end=\"653\"><!--more--><\/p>\n<p data-start=\"234\" data-end=\"688\">Questi <strong data-start=\"238\" data-end=\"277\">guanti in vinile con polvere monouso<\/strong>, in taglia <strong data-start=\"289\" data-end=\"296\">6.5<\/strong>, sono progettati per offrire una protezione efficace restando semplici e piacevoli da usare ogni giorno. Realizzati in <strong data-start=\"421\" data-end=\"447\">cloruro di polivinile<\/strong>, assicurano una buona aderenza alla mano e sono perfetti sia per gesti precisi che per manipolazioni rapide. La loro <strong data-start=\"574\" data-end=\"591\">tonalit\u00e0 neutra<\/strong> permette un uso discreto, sia in ambito medico che professionale.  <\/p>\n<p data-start=\"690\" data-end=\"1028\">Grazie alla loro <strong data-start=\"703\" data-end=\"739\">polverizzazione a base di amido di mais<\/strong>, si indossano senza sforzo. Anche con le mani leggermente umide, il guanto scivola facilmente, facendo risparmiare tempo prezioso durante i cambi frequenti. Inoltre, il design <strong data-start=\"942\" data-end=\"956\">ambidestro<\/strong> evita perdite di tempo: un unico modello basta per entrambe le mani.  <\/p>\n<p data-start=\"1030\" data-end=\"1421\">Il <strong data-start=\"1033\" data-end=\"1047\">bordo arrotolato<\/strong> offre un vero comfort durante l&#8217;uso. Rinforza la robustezza del guanto e ne facilita la rimozione, limitando i rischi di strappi. Questo dettaglio fa la differenza in caso di uso intensivo. Inoltre, la loro <strong data-start=\"1262\" data-end=\"1282\">qualit\u00e0 medica<\/strong> garantisce un livello di affidabilit\u00e0 adatto alle esigenze dei professionisti della salute, dell&#8217;igiene, della ristorazione o dei laboratori.   <\/p>\n<p data-start=\"1423\" data-end=\"1673\">Venduti <strong data-start=\"1430\" data-end=\"1448\">in lotti da 100<\/strong>, questi <strong>guanti<\/strong> rappresentano una soluzione pratica ed economica per garantire una protezione costante senza sovraccaricare le scorte. Si integrano facilmente nella quotidianit\u00e0, sia per uso professionale che occasionale. <\/p>\n<p data-start=\"1675\" data-end=\"1860\">In sintesi, questi <strong>guanti in vinile con polvere<\/strong> combinano comfort, facilit\u00e0 d&#8217;uso e affidabilit\u00e0, restando semplici ed efficaci per tutte le situazioni in cui l&#8217;igiene \u00e8 essenziale.<\/p>\n<p data-start=\"1675\" data-end=\"1860\">\n<p data-start=\"1405\" data-end=\"1623\"><!--more--><\/p>\n<h4 data-start=\"1405\" data-end=\"1623\">Vantaggi:<\/h4>\n<ul>\n<li data-start=\"1888\" data-end=\"1922\">Guanti in <strong>cloruro di polivinile<\/strong>.<\/li>\n<li data-start=\"1925\" data-end=\"1978\"><strong>Con polvere<\/strong> all&#8217;amido di mais per essere indossati rapidamente.<\/li>\n<li data-start=\"1981\" data-end=\"2017\"><strong>Ambidestri<\/strong> e facili da usare.<\/li>\n<li data-start=\"2020\" data-end=\"2071\">Bordo arrotolato per maggiore comfort e resistenza.<\/li>\n<li data-start=\"2074\" data-end=\"2093\">Qualit\u00e0 medica.<\/li>\n<li data-start=\"2096\" data-end=\"2123\">Pratico lotto da <strong>100 unit\u00e0<\/strong>.<\/li>\n<\/ul>\n<p>&nbsp;<\/p>\n<p><!--more--><\/p>\n<h4>Altre informazioni:<\/h4>\n<ul>\n<li><strong>Confezione<\/strong> : Pacco da 100<\/li>\n<li><strong>Taglia<\/strong>: S<\/li>\n<li><strong>Lunghezza<\/strong>: 240 mm<\/li>\n<li><strong>Larghezza palmo<\/strong>: 85 mm<\/li>\n<li><strong>Peso<\/strong>: 4,5 g<\/li>\n<li><strong>Materiale<\/strong>: Vinile (con polvere)<\/li>\n<\/ul>\n<p>&nbsp;<\/p>\n<p><!--more--><\/p>\n<p>Questi guanti in polietilene taglia S sono disponibili in diverse taglie: <span style=\"color: #d12727;\"><a style=\"color: #d12727;\" href=\"https:\/\/www.csj-emballages.com\/produit\/200-gants-polytene-non-poudres-medium-7-8\/?_gl=1*sfnxtm*_up*MQ..*_ga*NTY4Njc3MjMzLjE3Njk2Nzg1MTY.*_ga_YNVJLRSSZT*czE3Njk2Nzg1MTUkbzEkZzAkdDE3Njk2Nzg1MTUkajYwJGwwJGgxMzI4NzE1NTYz\">Medium<\/a><\/span> \/ <span style=\"color: #d12727;\"><a style=\"color: #d12727;\" href=\"https:\/\/www.csj-emballages.com\/produit\/100-gants-vinyles-a-usage-unique-poudre-large-9\/?_gl=1*1juwgwz*_up*MQ..*_ga*MTY3MTg1NTUzOC4xNzY5NjkwNzg0*_ga_YNVJLRSSZT*czE3Njk2OTA3ODMkbzEkZzAkdDE3Njk2OTA3ODMkajYwJGwwJGgxODAwMDMzMzk1\">Large<\/a><\/span> \/ <span style=\"color: #d12727;\"><a style=\"color: #d12727;\" href=\"https:\/\/www.csj-emballages.com\/produit\/200-gants-polytene-non-poudres-extra-large-9-10\/?_gl=1*2j3y2f*_up*MQ..*_ga*MTA1OTA4NzE4Ny4xNzY5NjczNDM5*_ga_YNVJLRSSZT*czE3Njk2NzY1MjgkbzIkZzAkdDE3Njk2NzY1NDUkajQzJGwwJGgxMTI0MDk1Mjg4\">Extra large<\/a><\/span><\/p>\n<p>&nbsp;<\/p>\n<p><!--more--><\/p>\n<p><a href=\"https:\/\/www.csj-emballages.com\/categorie-produit\/hygiene-et-entretiens\/equipements-individuels\/gants\/gants-vinyle\/?_gl=1*1wjzl6g*_up*MQ..*_ga*Nzk5OTQzODkwLjE3Njk2Nzk2MzQ.*_ga_YNVJLRSSZT*czE3Njk2Nzk2MzMkbzEkZzAkdDE3Njk2Nzk2MzYkajU3JGwwJGg2OTE4MjA1NjQ.\">Consulta il resto della nostra gamma di guanti in vinile<\/a><\/p>\n","protected":false},"excerpt":{"rendered":"<p>Guanto in vinile Scopri il nostro guanto in vinile monouso con polvere \/ piccolo 6.5 per 100<\/p>\n","protected":false},"featured_media":269496,"template":"","meta":{"_acf_changed":false},"product_brand":[],"product_cat":[10356,10362,10363,11023],"product_tag":[],"class_list":{"0":"post-269497","1":"product","2":"type-product","3":"status-publish","4":"has-post-thumbnail","6":"product_cat-igiene-e-manutenzione","7":"product_cat-dispositivi-di-protezione-individuale","8":"product_cat-guanti","9":"product_cat-guanti-in-vinile","11":"first","12":"instock","13":"taxable","14":"shipping-taxable","15":"purchasable","16":"product-type-simple"},"acf":[],"yoast_head":"<!-- This site is optimized with the Yoast SEO Premium plugin v26.6 (Yoast SEO v26.6) - https:\/\/yoast.com\/wordpress\/plugins\/seo\/ -->\n<title>Guanto in Vinile Monouso con Polvere \/ Piccolo 6.5 per 100<\/title>\n<meta name=\"description\" content=\"Guanti in vinile con polvere taglia 6.5 venduti in confezioni da 100. Ambidestri, bordo arrotolato e qualit\u00e0 medica per un uso professionale semplice ed efficace.\" \/>\n<meta name=\"robots\" content=\"index, follow, max-snippet:-1, max-image-preview:large, max-video-preview:-1\" \/>\n<link rel=\"canonical\" href=\"https:\/\/www.csj-emballages.com\/it\/produit\/guanto-in-vinile-monouso-con-polvere-piccolo-6-5-per-100\/\" \/>\n<meta property=\"og:locale\" content=\"it_IT\" \/>\n<meta property=\"og:type\" content=\"article\" \/>\n<meta property=\"og:title\" content=\"Guanto in vinile monouso con polvere \/ piccolo 6.5 per 100\" \/>\n<meta property=\"og:description\" content=\"Guanti in vinile con polvere taglia 6.5 venduti in confezioni da 100. Ambidestri, bordo arrotolato e qualit\u00e0 medica per un uso professionale semplice ed efficace.\" \/>\n<meta property=\"og:url\" content=\"https:\/\/www.csj-emballages.com\/it\/produit\/guanto-in-vinile-monouso-con-polvere-piccolo-6-5-per-100\/\" \/>\n<meta property=\"og:site_name\" content=\"CSJ Emballages\" \/>\n<meta property=\"article:publisher\" content=\"https:\/\/www.facebook.com\/csjemballages\" \/>\n<meta property=\"article:modified_time\" content=\"2026-03-12T15:26:58+00:00\" \/>\n<meta property=\"og:image\" content=\"https:\/\/www.csj-emballages.com\/wp-content\/uploads\/2024\/03\/Gant-vinyle.webp\" \/>\n\t<meta property=\"og:image:width\" content=\"800\" \/>\n\t<meta property=\"og:image:height\" content=\"800\" \/>\n\t<meta property=\"og:image:type\" content=\"image\/webp\" \/>\n<meta name=\"twitter:card\" content=\"summary_large_image\" \/>\n<meta name=\"twitter:label1\" content=\"Dur\u00e9e de lecture estim\u00e9e\" \/>\n\t<meta name=\"twitter:data1\" content=\"2 minuti\" \/>\n<script type=\"application\/ld+json\" class=\"yoast-schema-graph\">{\"@context\":\"https:\/\/schema.org\",\"@graph\":[{\"@type\":\"WebPage\",\"@id\":\"https:\/\/www.csj-emballages.com\/it\/produit\/guanto-in-vinile-monouso-con-polvere-piccolo-6-5-per-100\/\",\"url\":\"https:\/\/www.csj-emballages.com\/it\/produit\/guanto-in-vinile-monouso-con-polvere-piccolo-6-5-per-100\/\",\"name\":\"Guanto in Vinile Monouso con Polvere \/ Piccolo 6.5 per 100\",\"isPartOf\":{\"@id\":\"https:\/\/www.csj-emballages.com\/it\/#website\"},\"primaryImageOfPage\":{\"@id\":\"https:\/\/www.csj-emballages.com\/it\/produit\/guanto-in-vinile-monouso-con-polvere-piccolo-6-5-per-100\/#primaryimage\"},\"image\":{\"@id\":\"https:\/\/www.csj-emballages.com\/it\/produit\/guanto-in-vinile-monouso-con-polvere-piccolo-6-5-per-100\/#primaryimage\"},\"thumbnailUrl\":\"https:\/\/www.csj-emballages.com\/wp-content\/uploads\/2024\/03\/Gant-vinyle.webp\",\"datePublished\":\"2024-03-01T15:53:02+00:00\",\"dateModified\":\"2026-03-12T15:26:58+00:00\",\"description\":\"Guanti in vinile con polvere taglia 6.5 venduti in confezioni da 100. Ambidestri, bordo arrotolato e qualit\u00e0 medica per un uso professionale semplice ed efficace.\",\"breadcrumb\":{\"@id\":\"https:\/\/www.csj-emballages.com\/it\/produit\/guanto-in-vinile-monouso-con-polvere-piccolo-6-5-per-100\/#breadcrumb\"},\"inLanguage\":\"it-IT\",\"potentialAction\":[{\"@type\":\"ReadAction\",\"target\":[\"https:\/\/www.csj-emballages.com\/it\/produit\/guanto-in-vinile-monouso-con-polvere-piccolo-6-5-per-100\/\"]}]},{\"@type\":\"ImageObject\",\"inLanguage\":\"it-IT\",\"@id\":\"https:\/\/www.csj-emballages.com\/it\/produit\/guanto-in-vinile-monouso-con-polvere-piccolo-6-5-per-100\/#primaryimage\",\"url\":\"https:\/\/www.csj-emballages.com\/wp-content\/uploads\/2024\/03\/Gant-vinyle.webp\",\"contentUrl\":\"https:\/\/www.csj-emballages.com\/wp-content\/uploads\/2024\/03\/Gant-vinyle.webp\",\"width\":800,\"height\":800,\"caption\":\"Gant vinyle\"},{\"@type\":\"BreadcrumbList\",\"@id\":\"https:\/\/www.csj-emballages.com\/it\/produit\/guanto-in-vinile-monouso-con-polvere-piccolo-6-5-per-100\/#breadcrumb\",\"itemListElement\":[{\"@type\":\"ListItem\",\"position\":1,\"name\":\"Home\",\"item\":\"https:\/\/www.csj-emballages.com\/it\/universo-imballaggi-alimentari\/\"},{\"@type\":\"ListItem\",\"position\":2,\"name\":\"Negozio\",\"item\":\"https:\/\/www.csj-emballages.com\/it\/negozio\/\"},{\"@type\":\"ListItem\",\"position\":3,\"name\":\"Guanto in vinile monouso con polvere \/ piccolo 6.5 per 100\"}]},{\"@type\":\"WebSite\",\"@id\":\"https:\/\/www.csj-emballages.com\/it\/#website\",\"url\":\"https:\/\/www.csj-emballages.com\/it\/\",\"name\":\"CSJ Emballages\",\"description\":\"\",\"publisher\":{\"@id\":\"https:\/\/www.csj-emballages.com\/it\/#organization\"},\"potentialAction\":[{\"@type\":\"SearchAction\",\"target\":{\"@type\":\"EntryPoint\",\"urlTemplate\":\"https:\/\/www.csj-emballages.com\/it\/?s={search_term_string}\"},\"query-input\":{\"@type\":\"PropertyValueSpecification\",\"valueRequired\":true,\"valueName\":\"search_term_string\"}}],\"inLanguage\":\"it-IT\"},{\"@type\":\"Organization\",\"@id\":\"https:\/\/www.csj-emballages.com\/it\/#Organization\/\",\"name\":\"CSJ Emballages\",\"url\":\"https:\/\/www.csj-emballages.com\/it\/\",\"logo\":{\"@type\":\"ImageObject\",\"inLanguage\":\"it-IT\",\"@id\":\"https:\/\/www.csj-emballages.com\/it\/#\/schema\/logo\/image\/\",\"url\":\"https:\/\/www.csj-emballages.com\/wp-content\/uploads\/2023\/10\/logo_csj.webp\",\"contentUrl\":\"https:\/\/www.csj-emballages.com\/wp-content\/uploads\/2023\/10\/logo_csj.webp\",\"width\":250,\"height\":95,\"caption\":\"CSJ Emballages\"},\"image\":{\"@id\":\"https:\/\/www.csj-emballages.com\/it\/#\/schema\/logo\/image\/\"},\"sameAs\":[\"https:\/\/www.facebook.com\/csjemballages\"],\"address\":{\"@type\":\"PostalAddress\",\"streetAddress\":\"ZI La Lechere\",\"addressLocality\":\"Patornay\",\"postalCode\":\"39130\",\"addressCountry\":\"FR\"},\"contactPoint\":[{\"@type\":\"ContactPoint\",\"contactType\":\"Service client\",\"telephone\":\"0384254272\",\"email\":\"contact@csj-emballages.com\"}]}]}<\/script>\n<!-- \/ Yoast SEO Premium plugin. -->","yoast_head_json":{"title":"Guanto in Vinile Monouso con Polvere \/ Piccolo 6.5 per 100","description":"Guanti in vinile con polvere taglia 6.5 venduti in confezioni da 100. Ambidestri, bordo arrotolato e qualit\u00e0 medica per un uso professionale semplice ed efficace.","robots":{"index":"index","follow":"follow","max-snippet":"max-snippet:-1","max-image-preview":"max-image-preview:large","max-video-preview":"max-video-preview:-1"},"canonical":"https:\/\/www.csj-emballages.com\/it\/produit\/guanto-in-vinile-monouso-con-polvere-piccolo-6-5-per-100\/","og_locale":"it_IT","og_type":"article","og_title":"Guanto in vinile monouso con polvere \/ piccolo 6.5 per 100","og_description":"Guanti in vinile con polvere taglia 6.5 venduti in confezioni da 100. Ambidestri, bordo arrotolato e qualit\u00e0 medica per un uso professionale semplice ed efficace.","og_url":"https:\/\/www.csj-emballages.com\/it\/produit\/guanto-in-vinile-monouso-con-polvere-piccolo-6-5-per-100\/","og_site_name":"CSJ Emballages","article_publisher":"https:\/\/www.facebook.com\/csjemballages","article_modified_time":"2026-03-12T15:26:58+00:00","og_image":[{"width":800,"height":800,"url":"https:\/\/www.csj-emballages.com\/wp-content\/uploads\/2024\/03\/Gant-vinyle.webp","type":"image\/webp"}],"twitter_card":"summary_large_image","twitter_misc":{"Dur\u00e9e de lecture estim\u00e9e":"2 minuti"},"schema":{"@context":"https:\/\/schema.org","@graph":[{"@type":"WebPage","@id":"https:\/\/www.csj-emballages.com\/it\/produit\/guanto-in-vinile-monouso-con-polvere-piccolo-6-5-per-100\/","url":"https:\/\/www.csj-emballages.com\/it\/produit\/guanto-in-vinile-monouso-con-polvere-piccolo-6-5-per-100\/","name":"Guanto in Vinile Monouso con Polvere \/ Piccolo 6.5 per 100","isPartOf":{"@id":"https:\/\/www.csj-emballages.com\/it\/#website"},"primaryImageOfPage":{"@id":"https:\/\/www.csj-emballages.com\/it\/produit\/guanto-in-vinile-monouso-con-polvere-piccolo-6-5-per-100\/#primaryimage"},"image":{"@id":"https:\/\/www.csj-emballages.com\/it\/produit\/guanto-in-vinile-monouso-con-polvere-piccolo-6-5-per-100\/#primaryimage"},"thumbnailUrl":"https:\/\/www.csj-emballages.com\/wp-content\/uploads\/2024\/03\/Gant-vinyle.webp","datePublished":"2024-03-01T15:53:02+00:00","dateModified":"2026-03-12T15:26:58+00:00","description":"Guanti in vinile con polvere taglia 6.5 venduti in confezioni da 100. Ambidestri, bordo arrotolato e qualit\u00e0 medica per un uso professionale semplice ed efficace.","breadcrumb":{"@id":"https:\/\/www.csj-emballages.com\/it\/produit\/guanto-in-vinile-monouso-con-polvere-piccolo-6-5-per-100\/#breadcrumb"},"inLanguage":"it-IT","potentialAction":[{"@type":"ReadAction","target":["https:\/\/www.csj-emballages.com\/it\/produit\/guanto-in-vinile-monouso-con-polvere-piccolo-6-5-per-100\/"]}]},{"@type":"ImageObject","inLanguage":"it-IT","@id":"https:\/\/www.csj-emballages.com\/it\/produit\/guanto-in-vinile-monouso-con-polvere-piccolo-6-5-per-100\/#primaryimage","url":"https:\/\/www.csj-emballages.com\/wp-content\/uploads\/2024\/03\/Gant-vinyle.webp","contentUrl":"https:\/\/www.csj-emballages.com\/wp-content\/uploads\/2024\/03\/Gant-vinyle.webp","width":800,"height":800,"caption":"Gant vinyle"},{"@type":"BreadcrumbList","@id":"https:\/\/www.csj-emballages.com\/it\/produit\/guanto-in-vinile-monouso-con-polvere-piccolo-6-5-per-100\/#breadcrumb","itemListElement":[{"@type":"ListItem","position":1,"name":"Home","item":"https:\/\/www.csj-emballages.com\/it\/universo-imballaggi-alimentari\/"},{"@type":"ListItem","position":2,"name":"Negozio","item":"https:\/\/www.csj-emballages.com\/it\/negozio\/"},{"@type":"ListItem","position":3,"name":"Guanto in vinile monouso con polvere \/ piccolo 6.5 per 100"}]},{"@type":"WebSite","@id":"https:\/\/www.csj-emballages.com\/it\/#website","url":"https:\/\/www.csj-emballages.com\/it\/","name":"CSJ Emballages","description":"","publisher":{"@id":"https:\/\/www.csj-emballages.com\/it\/#organization"},"potentialAction":[{"@type":"SearchAction","target":{"@type":"EntryPoint","urlTemplate":"https:\/\/www.csj-emballages.com\/it\/?s={search_term_string}"},"query-input":{"@type":"PropertyValueSpecification","valueRequired":true,"valueName":"search_term_string"}}],"inLanguage":"it-IT"},{"@type":"Organization","@id":"https:\/\/www.csj-emballages.com\/it\/#Organization\/","name":"CSJ Emballages","url":"https:\/\/www.csj-emballages.com\/it\/","logo":{"@type":"ImageObject","inLanguage":"it-IT","@id":"https:\/\/www.csj-emballages.com\/it\/#\/schema\/logo\/image\/","url":"https:\/\/www.csj-emballages.com\/wp-content\/uploads\/2023\/10\/logo_csj.webp","contentUrl":"https:\/\/www.csj-emballages.com\/wp-content\/uploads\/2023\/10\/logo_csj.webp","width":250,"height":95,"caption":"CSJ Emballages"},"image":{"@id":"https:\/\/www.csj-emballages.com\/it\/#\/schema\/logo\/image\/"},"sameAs":["https:\/\/www.facebook.com\/csjemballages"],"address":{"@type":"PostalAddress","streetAddress":"ZI La Lechere","addressLocality":"Patornay","postalCode":"39130","addressCountry":"FR"},"contactPoint":[{"@type":"ContactPoint","contactType":"Service client","telephone":"0384254272","email":"contact@csj-emballages.com"}]}]}},"df_price":3.66,"df_sale_price":"","df_regular_price":3.66,"df_image_link":"https:\/\/www.csj-emballages.com\/wp-content\/uploads\/2024\/03\/Gant-vinyle-300x300.webp","tiered_pricing_type":"fixed","tiered_pricing_fixed_rules":[],"tiered_pricing_percentage_rules":[],"tiered_pricing_minimum":1,"tiered_pricing_roles_data":[],"_links":{"self":[{"href":"https:\/\/www.csj-emballages.com\/it\/wp-json\/wp\/v2\/product\/269497","targetHints":{"allow":["GET"]}}],"collection":[{"href":"https:\/\/www.csj-emballages.com\/it\/wp-json\/wp\/v2\/product"}],"about":[{"href":"https:\/\/www.csj-emballages.com\/it\/wp-json\/wp\/v2\/types\/product"}],"wp:featuredmedia":[{"embeddable":true,"href":"https:\/\/www.csj-emballages.com\/it\/wp-json\/wp\/v2\/media\/269496"}],"wp:attachment":[{"href":"https:\/\/www.csj-emballages.com\/it\/wp-json\/wp\/v2\/media?parent=269497"}],"wp:term":[{"taxonomy":"product_brand","embeddable":true,"href":"https:\/\/www.csj-emballages.com\/it\/wp-json\/wp\/v2\/product_brand?post=269497"},{"taxonomy":"product_cat","embeddable":true,"href":"https:\/\/www.csj-emballages.com\/it\/wp-json\/wp\/v2\/product_cat?post=269497"},{"taxonomy":"product_tag","embeddable":true,"href":"https:\/\/www.csj-emballages.com\/it\/wp-json\/wp\/v2\/product_tag?post=269497"}],"curies":[{"name":"wp","href":"https:\/\/api.w.org\/{rel}","templated":true}]}}