{"id":269453,"date":"2024-03-01T16:52:07","date_gmt":"2024-03-01T15:52:07","guid":{"rendered":"https:\/\/www.csj-emballages.com\/produit\/scatola-per-tacos-in-cartone-240-x-137-x-70-mm-da-100\/"},"modified":"2026-04-18T02:14:59","modified_gmt":"2026-04-18T00:14:59","slug":"scatola-per-tacos-in-cartone-240-x-137-x-70-mm-da-100","status":"publish","type":"product","link":"https:\/\/www.csj-emballages.com\/it\/produit\/scatola-per-tacos-in-cartone-240-x-137-x-70-mm-da-100\/","title":{"rendered":"Scatola per tacos in cartone 240 x 137 x 70 mm da 100"},"content":{"rendered":"<h2>Scatola per burger<\/h2>\n<div style=\"text-align: center;\">\n<hr>\n<h3 style=\"text-align: left;\">Descrizione della scatola per burger in cartone 240 x 137 x 70 mm da 100<\/h3>\n<p style=\"text-align: left;\"><!--more--><\/p>\n<p style=\"text-align: left;\" data-start=\"297\" data-end=\"679\">Se cerchi un imballaggio pratico, solido e davvero pensato per l&#8217;asporto, la <strong data-start=\"391\" data-end=\"434\">scatola per tacos in cartone da 240 x 137 x 70 mm<\/strong> risponder\u00e0 chiaramente alle tue esigenze. Appena la prendi in mano, noterai la sua rigidit\u00e0 e la sua buona tenuta. Grazie al suo <strong>cartone spesso<\/strong>, sostiene perfettamente i <strong>tacos generosi<\/strong>, ben farciti e spesso molto caldi, senza deformarsi.  <\/p>\n<p style=\"text-align: left;\" data-start=\"681\" data-end=\"1132\">Allo stesso modo, le sue dimensioni sono state pensate per adattarsi alla maggior parte dei formati di <strong>tacos<\/strong>, il che ti permette di lavorare in tutta tranquillit\u00e0. Puoi cos\u00ec riempire, chiudere e consegnare il prodotto al cliente senza alcuna difficolt\u00e0. Inoltre, la sua forma semplice e la chiusura efficace garantiscono una tenuta impeccabile durante il trasporto. Le tue preparazioni rimangono al loro posto, non colano e arrivano al cliente in condizioni impeccabili.   <\/p>\n<p style=\"text-align: left;\" data-start=\"1134\" data-end=\"1451\">Inoltre, questa <strong data-start=\"391\" data-end=\"434\">scatola per tacos<\/strong> in <strong>cartone<\/strong> offre anche un vero comfort d&#8217;uso. Si monta facilmente, facendoti risparmiare tempo durante le ore di punta. Resiste molto bene al calore e all&#8217;umidit\u00e0 rilasciata dai piatti caldi, il che \u00e8 essenziale per preservare la qualit\u00e0 dei tuoi tacos.  <\/p>\n<p style=\"text-align: left;\" data-start=\"1453\" data-end=\"1832\">Il suo design neutro e moderno si adatta a tutti gli stili di ristoranti: <strong>snack, food truck, kebab, fast food<\/strong>, ecc. Puoi anche personalizzarla con un&#8217;<strong>etichetta, un timbro o qualsiasi elemento che rifletta l&#8217;immagine del tuo locale<\/strong>. Questo ti permette non solo di curare la tua presentazione, ma anche di rafforzare la tua identit\u00e0 presso i tuoi clienti.  <\/p>\n<p style=\"text-align: left;\" data-start=\"1834\" data-end=\"2054\">Infine, la <strong data-start=\"391\" data-end=\"434\">scatola per tacos<\/strong> \u00e8 proposta <strong data-start=\"1863\" data-end=\"1881\">in confezione da 100<\/strong>, il che ti assicura una scorta confortevole ed evita rotture. Lavorerai pi\u00f9 serenamente, pi\u00f9 efficacemente e offrirai una migliore esperienza ai tuoi clienti. <\/p>\n<p style=\"text-align: left;\" data-start=\"1834\" data-end=\"2054\">\n<p style=\"text-align: left;\"><!--more--><\/p>\n<p style=\"text-align: left;\"><strong>Vantaggi:<\/strong><\/p>\n<ul>\n<li style=\"text-align: left;\" data-start=\"2083\" data-end=\"2117\"><strong>Cartone<\/strong> rigido, solido e durevole.<\/li>\n<li style=\"text-align: left;\" data-start=\"2120\" data-end=\"2166\">Dimensioni ideali per la maggior parte dei tacos.<\/li>\n<li style=\"text-align: left;\" data-start=\"2169\" data-end=\"2202\">Si monta e si chiude facilmente.<\/li>\n<li style=\"text-align: left;\" data-start=\"2205\" data-end=\"2243\">Resistente al calore e all&#8217;umidit\u00e0.<\/li>\n<li style=\"text-align: left;\" data-start=\"2246\" data-end=\"2277\">Design neutro personalizzabile.<\/li>\n<li style=\"text-align: left;\" data-start=\"2280\" data-end=\"2317\"><strong>Confezione da 100<\/strong>: economica e pratica.<\/li>\n<\/ul>\n<\/div>\n<p>&nbsp;<\/p>\n<p><!--more--><\/p>\n<h4>Altre informazioni:<\/h4>\n<ul>\n<li><strong>Confezionamento<\/strong>: Pacco da 100<\/li>\n<li><strong>Dimensioni<\/strong>: 240 x 137 x 70 mm<\/li>\n<li><strong>Materiale<\/strong>: Cartone<\/li>\n<li><strong>Tipo di coperchio<\/strong>: Coperchio a cerniera<\/li>\n<\/ul>\n<p>&nbsp;<\/p>\n<p><!--more--><\/p>\n<p>Prodotto disponibile in diverse misure: <span style=\"color: #d12727;\"><a style=\"color: #d12727;\" href=\"https:\/\/www.csj-emballages.com\/it\/produit\/scatola-burger-in-cartone-120-x-130-x-70-mm-da-100-pz\/\">HP1K<\/a><\/span> \/ <span style=\"color: #d12727;\"><a style=\"color: #d12727;\" href=\"https:\/\/www.csj-emballages.com\/it\/produit\/scatola-burger-cartone-175-x-120-x-70-mm-confezione-da-100\/\">HP2K<\/a><\/span> \/ <span style=\"color: #d12727;\"><a style=\"color: #d12727;\" href=\"https:\/\/www.csj-emballages.com\/it\/produit\/scatola-per-pasti-in-cartone-225-x-180-x-90-mm-da-50\/\">HP4K<\/a><\/span> \/ <span style=\"color: #d12727;\"><a style=\"color: #d12727;\" href=\"https:\/\/www.csj-emballages.com\/produit\/100-boite-carton-a-panini-208-x-70-x-75-mm-restauration-snack-hot-dog-emporter\/\">HP5K<\/a><\/span> \/ <span style=\"color: #d12727;\"><a style=\"color: #d12727;\" href=\"https:\/\/www.csj-emballages.com\/produit\/boite-carton-burger-jetable-carton-150-x-150-x-70-mm\/\">HP6K<\/a><\/span> \/ <span style=\"color: #d12727;\"><a style=\"color: #d12727;\" href=\"https:\/\/www.csj-emballages.com\/it\/produit\/scatola-burger-in-cartone-165-x-150-x-110-mm-da-100\/\">HP6KH<\/a><\/span> \/ <span style=\"color: #d12727;\"><a style=\"color: #d12727;\" href=\"https:\/\/www.csj-emballages.com\/produit\/50-boite-carton-burgers-jetables-carton-150-x-150-x-70-mm\/\">HP6KGE<\/a><\/span> \/         <span style=\"color: #d12727;\"><a style=\"color: #d12727;\" href=\"https:\/\/www.csj-emballages.com\/produit\/50-boites-doubles-burgers-xl-jetables-carton-170-x-170-x-80-mm\/\">HP6KXL<\/a> <span style=\"color: #000000;\">\/<\/span> <a style=\"color: #d12727;\" href=\"https:\/\/www.csj-emballages.com\/produit\/50-boite-carton-hot-dog-carton-kraft-23-2-x-9-x-6-3-cm-restauration-snack-emporter\/\">HP8K<\/a><\/span><\/p>\n<p>&nbsp;<\/p>\n<p><!--more--><\/p>\n<p><a href=\"https:\/\/www.csj-emballages.com\/it\/categorie-produit\/imballaggi-alimentari\/ristorazione\/scatole-vaschette-buste-coni\/vaschette-scatole-in-cartone\/scatole-cartone-pasto\/\">Consulta il resto della nostra gamma di scatole per burger<\/a><\/p>\n","protected":false},"excerpt":{"rendered":"<p>Scatola per burger Descrizione della scatola per burger in cartone 240 x 137 x 70 mm da 100<\/p>\n","protected":false},"featured_media":269457,"template":"","meta":{"_acf_changed":false},"product_brand":[],"product_cat":[10346,10375,10507],"product_tag":[],"class_list":{"0":"post-269453","1":"product","2":"type-product","3":"status-publish","4":"has-post-thumbnail","6":"product_cat-imballaggi-alimentari","7":"product_cat-ristorazione","8":"product_cat-scatole-cartone-pasto","10":"first","11":"instock","12":"taxable","13":"shipping-taxable","14":"purchasable","15":"product-type-simple"},"acf":[],"yoast_head":"<!-- This site is optimized with the Yoast SEO Premium plugin v26.6 (Yoast SEO v26.6) - https:\/\/yoast.com\/wordpress\/plugins\/seo\/ -->\n<title>Scatola Tacos Cartone 240 x 137 x 70 mm da 100<\/title>\n<meta name=\"description\" content=\"Scegli la nostra scatola per tacos in cartone, pratica ed ecologica, garantisce una buona conservazione e una buona presentazione per i tuoi pasti da asporto.\" \/>\n<meta name=\"robots\" content=\"index, follow, max-snippet:-1, max-image-preview:large, max-video-preview:-1\" \/>\n<link rel=\"canonical\" href=\"https:\/\/www.csj-emballages.com\/it\/produit\/scatola-per-tacos-in-cartone-240-x-137-x-70-mm-da-100\/\" \/>\n<meta property=\"og:locale\" content=\"it_IT\" \/>\n<meta property=\"og:type\" content=\"article\" \/>\n<meta property=\"og:title\" content=\"Scatola per tacos in cartone 240 x 137 x 70 mm da 100\" \/>\n<meta property=\"og:description\" content=\"Scegli la nostra scatola per tacos in cartone, pratica ed ecologica, garantisce una buona conservazione e una buona presentazione per i tuoi pasti da asporto.\" \/>\n<meta property=\"og:url\" content=\"https:\/\/www.csj-emballages.com\/it\/produit\/scatola-per-tacos-in-cartone-240-x-137-x-70-mm-da-100\/\" \/>\n<meta property=\"og:site_name\" content=\"CSJ Emballages\" \/>\n<meta property=\"article:publisher\" content=\"https:\/\/www.facebook.com\/csjemballages\" \/>\n<meta property=\"article:modified_time\" content=\"2026-04-18T00:14:59+00:00\" \/>\n<meta property=\"og:image\" content=\"https:\/\/www.csj-emballages.com\/wp-content\/uploads\/2024\/03\/HP3K.webp\" \/>\n\t<meta property=\"og:image:width\" content=\"800\" \/>\n\t<meta property=\"og:image:height\" content=\"800\" \/>\n\t<meta property=\"og:image:type\" content=\"image\/webp\" \/>\n<meta name=\"twitter:card\" content=\"summary_large_image\" \/>\n<meta name=\"twitter:label1\" content=\"Dur\u00e9e de lecture estim\u00e9e\" \/>\n\t<meta name=\"twitter:data1\" content=\"2 minuti\" \/>\n<script type=\"application\/ld+json\" class=\"yoast-schema-graph\">{\"@context\":\"https:\/\/schema.org\",\"@graph\":[{\"@type\":\"WebPage\",\"@id\":\"https:\/\/www.csj-emballages.com\/it\/produit\/scatola-per-tacos-in-cartone-240-x-137-x-70-mm-da-100\/\",\"url\":\"https:\/\/www.csj-emballages.com\/it\/produit\/scatola-per-tacos-in-cartone-240-x-137-x-70-mm-da-100\/\",\"name\":\"Scatola Tacos Cartone 240 x 137 x 70 mm da 100\",\"isPartOf\":{\"@id\":\"https:\/\/www.csj-emballages.com\/it\/#website\"},\"primaryImageOfPage\":{\"@id\":\"https:\/\/www.csj-emballages.com\/it\/produit\/scatola-per-tacos-in-cartone-240-x-137-x-70-mm-da-100\/#primaryimage\"},\"image\":{\"@id\":\"https:\/\/www.csj-emballages.com\/it\/produit\/scatola-per-tacos-in-cartone-240-x-137-x-70-mm-da-100\/#primaryimage\"},\"thumbnailUrl\":\"https:\/\/www.csj-emballages.com\/wp-content\/uploads\/2024\/03\/HP3K.webp\",\"datePublished\":\"2024-03-01T15:52:07+00:00\",\"dateModified\":\"2026-04-18T00:14:59+00:00\",\"description\":\"Scegli la nostra scatola per tacos in cartone, pratica ed ecologica, garantisce una buona conservazione e una buona presentazione per i tuoi pasti da asporto.\",\"breadcrumb\":{\"@id\":\"https:\/\/www.csj-emballages.com\/it\/produit\/scatola-per-tacos-in-cartone-240-x-137-x-70-mm-da-100\/#breadcrumb\"},\"inLanguage\":\"it-IT\",\"potentialAction\":[{\"@type\":\"ReadAction\",\"target\":[\"https:\/\/www.csj-emballages.com\/it\/produit\/scatola-per-tacos-in-cartone-240-x-137-x-70-mm-da-100\/\"]}]},{\"@type\":\"ImageObject\",\"inLanguage\":\"it-IT\",\"@id\":\"https:\/\/www.csj-emballages.com\/it\/produit\/scatola-per-tacos-in-cartone-240-x-137-x-70-mm-da-100\/#primaryimage\",\"url\":\"https:\/\/www.csj-emballages.com\/wp-content\/uploads\/2024\/03\/HP3K.webp\",\"contentUrl\":\"https:\/\/www.csj-emballages.com\/wp-content\/uploads\/2024\/03\/HP3K.webp\",\"width\":800,\"height\":800,\"caption\":\"Boite tacos\"},{\"@type\":\"BreadcrumbList\",\"@id\":\"https:\/\/www.csj-emballages.com\/it\/produit\/scatola-per-tacos-in-cartone-240-x-137-x-70-mm-da-100\/#breadcrumb\",\"itemListElement\":[{\"@type\":\"ListItem\",\"position\":1,\"name\":\"Home\",\"item\":\"https:\/\/www.csj-emballages.com\/it\/universo-imballaggi-alimentari\/\"},{\"@type\":\"ListItem\",\"position\":2,\"name\":\"Negozio\",\"item\":\"https:\/\/www.csj-emballages.com\/it\/negozio\/\"},{\"@type\":\"ListItem\",\"position\":3,\"name\":\"Scatola per tacos in cartone 240 x 137 x 70 mm da 100\"}]},{\"@type\":\"WebSite\",\"@id\":\"https:\/\/www.csj-emballages.com\/it\/#website\",\"url\":\"https:\/\/www.csj-emballages.com\/it\/\",\"name\":\"CSJ Emballages\",\"description\":\"\",\"publisher\":{\"@id\":\"https:\/\/www.csj-emballages.com\/it\/#organization\"},\"potentialAction\":[{\"@type\":\"SearchAction\",\"target\":{\"@type\":\"EntryPoint\",\"urlTemplate\":\"https:\/\/www.csj-emballages.com\/it\/?s={search_term_string}\"},\"query-input\":{\"@type\":\"PropertyValueSpecification\",\"valueRequired\":true,\"valueName\":\"search_term_string\"}}],\"inLanguage\":\"it-IT\"},{\"@type\":\"Organization\",\"@id\":\"https:\/\/www.csj-emballages.com\/it\/#Organization\/\",\"name\":\"CSJ Emballages\",\"url\":\"https:\/\/www.csj-emballages.com\/it\/\",\"logo\":{\"@type\":\"ImageObject\",\"inLanguage\":\"it-IT\",\"@id\":\"https:\/\/www.csj-emballages.com\/it\/#\/schema\/logo\/image\/\",\"url\":\"https:\/\/www.csj-emballages.com\/wp-content\/uploads\/2023\/10\/logo_csj.webp\",\"contentUrl\":\"https:\/\/www.csj-emballages.com\/wp-content\/uploads\/2023\/10\/logo_csj.webp\",\"width\":250,\"height\":95,\"caption\":\"CSJ Emballages\"},\"image\":{\"@id\":\"https:\/\/www.csj-emballages.com\/it\/#\/schema\/logo\/image\/\"},\"sameAs\":[\"https:\/\/www.facebook.com\/csjemballages\"],\"address\":{\"@type\":\"PostalAddress\",\"streetAddress\":\"ZI La Lechere\",\"addressLocality\":\"Patornay\",\"postalCode\":\"39130\",\"addressCountry\":\"FR\"},\"contactPoint\":[{\"@type\":\"ContactPoint\",\"contactType\":\"Service client\",\"telephone\":\"0384254272\",\"email\":\"contact@csj-emballages.com\"}]}]}<\/script>\n<!-- \/ Yoast SEO Premium plugin. -->","yoast_head_json":{"title":"Scatola Tacos Cartone 240 x 137 x 70 mm da 100","description":"Scegli la nostra scatola per tacos in cartone, pratica ed ecologica, garantisce una buona conservazione e una buona presentazione per i tuoi pasti da asporto.","robots":{"index":"index","follow":"follow","max-snippet":"max-snippet:-1","max-image-preview":"max-image-preview:large","max-video-preview":"max-video-preview:-1"},"canonical":"https:\/\/www.csj-emballages.com\/it\/produit\/scatola-per-tacos-in-cartone-240-x-137-x-70-mm-da-100\/","og_locale":"it_IT","og_type":"article","og_title":"Scatola per tacos in cartone 240 x 137 x 70 mm da 100","og_description":"Scegli la nostra scatola per tacos in cartone, pratica ed ecologica, garantisce una buona conservazione e una buona presentazione per i tuoi pasti da asporto.","og_url":"https:\/\/www.csj-emballages.com\/it\/produit\/scatola-per-tacos-in-cartone-240-x-137-x-70-mm-da-100\/","og_site_name":"CSJ Emballages","article_publisher":"https:\/\/www.facebook.com\/csjemballages","article_modified_time":"2026-04-18T00:14:59+00:00","og_image":[{"width":800,"height":800,"url":"https:\/\/www.csj-emballages.com\/wp-content\/uploads\/2024\/03\/HP3K.webp","type":"image\/webp"}],"twitter_card":"summary_large_image","twitter_misc":{"Dur\u00e9e de lecture estim\u00e9e":"2 minuti"},"schema":{"@context":"https:\/\/schema.org","@graph":[{"@type":"WebPage","@id":"https:\/\/www.csj-emballages.com\/it\/produit\/scatola-per-tacos-in-cartone-240-x-137-x-70-mm-da-100\/","url":"https:\/\/www.csj-emballages.com\/it\/produit\/scatola-per-tacos-in-cartone-240-x-137-x-70-mm-da-100\/","name":"Scatola Tacos Cartone 240 x 137 x 70 mm da 100","isPartOf":{"@id":"https:\/\/www.csj-emballages.com\/it\/#website"},"primaryImageOfPage":{"@id":"https:\/\/www.csj-emballages.com\/it\/produit\/scatola-per-tacos-in-cartone-240-x-137-x-70-mm-da-100\/#primaryimage"},"image":{"@id":"https:\/\/www.csj-emballages.com\/it\/produit\/scatola-per-tacos-in-cartone-240-x-137-x-70-mm-da-100\/#primaryimage"},"thumbnailUrl":"https:\/\/www.csj-emballages.com\/wp-content\/uploads\/2024\/03\/HP3K.webp","datePublished":"2024-03-01T15:52:07+00:00","dateModified":"2026-04-18T00:14:59+00:00","description":"Scegli la nostra scatola per tacos in cartone, pratica ed ecologica, garantisce una buona conservazione e una buona presentazione per i tuoi pasti da asporto.","breadcrumb":{"@id":"https:\/\/www.csj-emballages.com\/it\/produit\/scatola-per-tacos-in-cartone-240-x-137-x-70-mm-da-100\/#breadcrumb"},"inLanguage":"it-IT","potentialAction":[{"@type":"ReadAction","target":["https:\/\/www.csj-emballages.com\/it\/produit\/scatola-per-tacos-in-cartone-240-x-137-x-70-mm-da-100\/"]}]},{"@type":"ImageObject","inLanguage":"it-IT","@id":"https:\/\/www.csj-emballages.com\/it\/produit\/scatola-per-tacos-in-cartone-240-x-137-x-70-mm-da-100\/#primaryimage","url":"https:\/\/www.csj-emballages.com\/wp-content\/uploads\/2024\/03\/HP3K.webp","contentUrl":"https:\/\/www.csj-emballages.com\/wp-content\/uploads\/2024\/03\/HP3K.webp","width":800,"height":800,"caption":"Boite tacos"},{"@type":"BreadcrumbList","@id":"https:\/\/www.csj-emballages.com\/it\/produit\/scatola-per-tacos-in-cartone-240-x-137-x-70-mm-da-100\/#breadcrumb","itemListElement":[{"@type":"ListItem","position":1,"name":"Home","item":"https:\/\/www.csj-emballages.com\/it\/universo-imballaggi-alimentari\/"},{"@type":"ListItem","position":2,"name":"Negozio","item":"https:\/\/www.csj-emballages.com\/it\/negozio\/"},{"@type":"ListItem","position":3,"name":"Scatola per tacos in cartone 240 x 137 x 70 mm da 100"}]},{"@type":"WebSite","@id":"https:\/\/www.csj-emballages.com\/it\/#website","url":"https:\/\/www.csj-emballages.com\/it\/","name":"CSJ Emballages","description":"","publisher":{"@id":"https:\/\/www.csj-emballages.com\/it\/#organization"},"potentialAction":[{"@type":"SearchAction","target":{"@type":"EntryPoint","urlTemplate":"https:\/\/www.csj-emballages.com\/it\/?s={search_term_string}"},"query-input":{"@type":"PropertyValueSpecification","valueRequired":true,"valueName":"search_term_string"}}],"inLanguage":"it-IT"},{"@type":"Organization","@id":"https:\/\/www.csj-emballages.com\/it\/#Organization\/","name":"CSJ Emballages","url":"https:\/\/www.csj-emballages.com\/it\/","logo":{"@type":"ImageObject","inLanguage":"it-IT","@id":"https:\/\/www.csj-emballages.com\/it\/#\/schema\/logo\/image\/","url":"https:\/\/www.csj-emballages.com\/wp-content\/uploads\/2023\/10\/logo_csj.webp","contentUrl":"https:\/\/www.csj-emballages.com\/wp-content\/uploads\/2023\/10\/logo_csj.webp","width":250,"height":95,"caption":"CSJ Emballages"},"image":{"@id":"https:\/\/www.csj-emballages.com\/it\/#\/schema\/logo\/image\/"},"sameAs":["https:\/\/www.facebook.com\/csjemballages"],"address":{"@type":"PostalAddress","streetAddress":"ZI La Lechere","addressLocality":"Patornay","postalCode":"39130","addressCountry":"FR"},"contactPoint":[{"@type":"ContactPoint","contactType":"Service client","telephone":"0384254272","email":"contact@csj-emballages.com"}]}]}},"df_price":22.32,"df_sale_price":"","df_regular_price":22.32,"df_image_link":"https:\/\/www.csj-emballages.com\/wp-content\/uploads\/2024\/03\/HP3K-300x300.webp","tiered_pricing_type":"fixed","tiered_pricing_fixed_rules":[],"tiered_pricing_percentage_rules":[],"tiered_pricing_minimum":1,"tiered_pricing_roles_data":[],"_links":{"self":[{"href":"https:\/\/www.csj-emballages.com\/it\/wp-json\/wp\/v2\/product\/269453","targetHints":{"allow":["GET"]}}],"collection":[{"href":"https:\/\/www.csj-emballages.com\/it\/wp-json\/wp\/v2\/product"}],"about":[{"href":"https:\/\/www.csj-emballages.com\/it\/wp-json\/wp\/v2\/types\/product"}],"wp:featuredmedia":[{"embeddable":true,"href":"https:\/\/www.csj-emballages.com\/it\/wp-json\/wp\/v2\/media\/269457"}],"wp:attachment":[{"href":"https:\/\/www.csj-emballages.com\/it\/wp-json\/wp\/v2\/media?parent=269453"}],"wp:term":[{"taxonomy":"product_brand","embeddable":true,"href":"https:\/\/www.csj-emballages.com\/it\/wp-json\/wp\/v2\/product_brand?post=269453"},{"taxonomy":"product_cat","embeddable":true,"href":"https:\/\/www.csj-emballages.com\/it\/wp-json\/wp\/v2\/product_cat?post=269453"},{"taxonomy":"product_tag","embeddable":true,"href":"https:\/\/www.csj-emballages.com\/it\/wp-json\/wp\/v2\/product_tag?post=269453"}],"curies":[{"name":"wp","href":"https:\/\/api.w.org\/{rel}","templated":true}]}}