{"id":269330,"date":"2024-03-01T16:51:55","date_gmt":"2024-03-01T15:51:55","guid":{"rendered":"https:\/\/www.csj-emballages.com\/produit\/detergente-vetri-5-l\/"},"modified":"2026-04-10T02:14:08","modified_gmt":"2026-04-10T00:14:08","slug":"detergente-vetri-5-l","status":"publish","type":"product","link":"https:\/\/www.csj-emballages.com\/it\/produit\/detergente-vetri-5-l\/","title":{"rendered":"Detergente vetri 5 L"},"content":{"rendered":"<div style=\"color: #000000\">\n<div style=\"color: #000000\">\n<div style=\"color: #000000\">\n<div style=\"color: #000000\">\n<div style=\"color: #000000\">\n<div style=\"color: #000000\">\n<h2 class=\"p1 ai-optimize-26 ai-optimize-introduction\">Detergente vetri<\/h2>\n<hr>\n<h3 class=\"ai-optimize-27\">Descrizione del nostro detergente vetri 5L<\/h3>\n<p><!--more--><\/p>\n<p class=\"ai-optimize-56 ai-optimize-introduction\" data-start=\"282\" data-end=\"719\">Questo <strong data-start=\"285\" data-end=\"329\">detergente vetri in tanica da 5 litri<\/strong> \u00e8 la soluzione ideale per professionisti o privati che cercano un prodotto efficace, economico e affidabile per la pulizia di grandi superfici vetrate. Che tu sia un gestore di ristorante, un responsabile delle pulizie aziendali o semplicemente attento alla cura della tua casa, questo prodotto ti garantisce vetri perfettamente puliti, <strong data-start=\"692\" data-end=\"718\">senza aloni n\u00e9 residui<\/strong>. <\/p>\n<p class=\"ai-optimize-57\" data-start=\"721\" data-end=\"1072\">La sua formula performante permette una <strong data-start=\"754\" data-end=\"774\">pulizia rapida<\/strong> di tutte le superfici non porose: vetri, specchi, vetrine, vetrate, parabrezza, box doccia, ecc. Grazie al suo <strong data-start=\"904\" data-end=\"927\">potere sgrassante<\/strong>, elimina efficacemente polvere, impronte, schizzi di grasso o inquinamento, il tutto <strong data-start=\"1041\" data-end=\"1071\">senza strofinare eccessivamente<\/strong>. <\/p>\n<p class=\"ai-optimize-58\" data-start=\"1074\" data-end=\"1439\">Il formato <strong>5L<\/strong> \u00e8 perfetto per un uso regolare, con la possibilit\u00e0 di ricaricare i tuoi spruzzatori o macchine per la pulizia. \u00c8 anche economico, riducendo i costi d&#8217;acquisto e la frequenza delle ricariche. Compatibile con la maggior parte degli spruzzatori manuali o automatici, questo prodotto si integra facilmente nella tua routine di manutenzione.  <\/p>\n<p class=\"ai-optimize-59\" data-start=\"1441\" data-end=\"1549\">Usato puro, asciuga rapidamente senza lasciare aloni, per un <strong data-start=\"1506\" data-end=\"1548\">risultato impeccabile, professionale e duraturo<\/strong>.<\/p>\n<p data-start=\"1441\" data-end=\"1549\">\n<p><!--more--><\/p>\n<h4 class=\"ai-optimize-33\">I suoi vantaggi:<\/h4>\n<ul>\n<li class=\"ai-optimize-34\"><strong data-start=\"1580\" data-end=\"1605\">Pulizia senza aloni<\/strong> anche su grandi superfici.<\/li>\n<li class=\"ai-optimize-35\"><strong data-start=\"1638\" data-end=\"1661\">Potere sgrassante<\/strong>: elimina efficacemente lo sporco.<\/li>\n<li class=\"ai-optimize-37\">Adatto a tutte le superfici vetrate e non porose.<\/li>\n<li class=\"ai-optimize-31\"><strong data-start=\"1850\" data-end=\"1874\">Formato economico 5L<\/strong>: ideale per ricariche e uso intensivo.<\/li>\n<li class=\"ai-optimize-60\"><strong data-start=\"2073\" data-end=\"2100\">Prodotto pronto all&#8217;uso<\/strong>, non serve diluirlo.<\/li>\n<li class=\"ai-optimize-61\"><strong data-start=\"1702\" data-end=\"1720\">Asciugatura rapida<\/strong>, senza bisogno di risciacquo.<\/li>\n<\/ul>\n<p>&nbsp;<\/p>\n<p><!--more--><\/p>\n<h4 class=\"ai-optimize-40\">Altre informazioni:<\/h4>\n<\/div>\n<ul>\n<li class=\"ai-optimize-41\"><strong>Confezione<\/strong>: Singola<\/li>\n<li class=\"ai-optimize-45\"><strong>Utilizzo<\/strong>: Detergente vetri<\/li>\n<li class=\"ai-optimize-44\"><strong>Volume<\/strong>: 5 litri<\/li>\n<\/ul>\n<p>&nbsp;<\/p>\n<\/div>\n<\/div>\n<\/div>\n<\/div>\n<\/div>\n<p><!--more--><\/p>\n<p class=\"ai-optimize-42\">Scopri anche il nostro detergente vetri da 5 L: <span style=\"color: #d12727\"><a style=\"color: #d12727\" href=\"https:\/\/www.csj-emballages.com\/it\/produit\/detergente-vetri-spray-750-ml\/\">LVITP<\/a><\/span><\/p>\n<p>&nbsp;<\/p>\n<p><!--more--><\/p>\n<p class=\"ai-optimize-43\"><a href=\"https:\/\/www.csj-emballages.com\/it\/categorie-produit\/igiene-e-manutenzione\/prodotti-per-la-pulizia\/pulizia-vetri-pareti\/pulizia-vetri\/\">Consulta il resto della nostra gamma di prodotti per la pulizia dei vetri<\/a><\/p>\n","protected":false},"excerpt":{"rendered":"<p>Detergente vetri Descrizione del nostro detergente vetri 5L<\/p>\n","protected":false},"featured_media":269331,"template":"","meta":{"_acf_changed":false},"product_brand":[],"product_cat":[10356,10360,10711,10988],"product_tag":[],"class_list":{"0":"post-269330","1":"product","2":"type-product","3":"status-publish","4":"has-post-thumbnail","6":"product_cat-igiene-e-manutenzione","7":"product_cat-prodotti-per-la-pulizia","8":"product_cat-pulizia-vetri-pareti","9":"product_cat-pulizia-vetri","10":"product_shipping_class-vietato-in-punto-di-ritiro","12":"first","13":"instock","14":"taxable","15":"shipping-taxable","16":"purchasable","17":"product-type-simple"},"acf":[],"yoast_head":"<!-- This site is optimized with the Yoast SEO Premium plugin v26.6 (Yoast SEO v26.6) - https:\/\/yoast.com\/wordpress\/plugins\/seo\/ -->\n<title>Detergente Vetri 5L<\/title>\n<meta name=\"description\" content=\"Detergente vetri 5L: pulisce il vetro e le superfici non porose senza lasciare aloni. Ideale per uso professionale o domestico.\" \/>\n<meta name=\"robots\" content=\"index, follow, max-snippet:-1, max-image-preview:large, max-video-preview:-1\" \/>\n<link rel=\"canonical\" href=\"https:\/\/www.csj-emballages.com\/it\/produit\/detergente-vetri-5-l\/\" \/>\n<meta property=\"og:locale\" content=\"it_IT\" \/>\n<meta property=\"og:type\" content=\"article\" \/>\n<meta property=\"og:title\" content=\"Detergente vetri 5 L\" \/>\n<meta property=\"og:description\" content=\"Detergente vetri 5L: pulisce il vetro e le superfici non porose senza lasciare aloni. Ideale per uso professionale o domestico.\" \/>\n<meta property=\"og:url\" content=\"https:\/\/www.csj-emballages.com\/it\/produit\/detergente-vetri-5-l\/\" \/>\n<meta property=\"og:site_name\" content=\"CSJ Emballages\" \/>\n<meta property=\"article:publisher\" content=\"https:\/\/www.facebook.com\/csjemballages\" \/>\n<meta property=\"article:modified_time\" content=\"2026-04-10T00:14:08+00:00\" \/>\n<meta property=\"og:image\" content=\"https:\/\/www.csj-emballages.com\/wp-content\/uploads\/2024\/03\/LVIT.webp\" \/>\n\t<meta property=\"og:image:width\" content=\"800\" \/>\n\t<meta property=\"og:image:height\" content=\"800\" \/>\n\t<meta property=\"og:image:type\" content=\"image\/webp\" \/>\n<meta name=\"twitter:card\" content=\"summary_large_image\" \/>\n<meta name=\"twitter:label1\" content=\"Dur\u00e9e de lecture estim\u00e9e\" \/>\n\t<meta name=\"twitter:data1\" content=\"1 minuto\" \/>\n<script type=\"application\/ld+json\" class=\"yoast-schema-graph\">{\"@context\":\"https:\/\/schema.org\",\"@graph\":[{\"@type\":\"WebPage\",\"@id\":\"https:\/\/www.csj-emballages.com\/it\/produit\/detergente-vetri-5-l\/\",\"url\":\"https:\/\/www.csj-emballages.com\/it\/produit\/detergente-vetri-5-l\/\",\"name\":\"Detergente Vetri 5L\",\"isPartOf\":{\"@id\":\"https:\/\/www.csj-emballages.com\/it\/#website\"},\"primaryImageOfPage\":{\"@id\":\"https:\/\/www.csj-emballages.com\/it\/produit\/detergente-vetri-5-l\/#primaryimage\"},\"image\":{\"@id\":\"https:\/\/www.csj-emballages.com\/it\/produit\/detergente-vetri-5-l\/#primaryimage\"},\"thumbnailUrl\":\"https:\/\/www.csj-emballages.com\/wp-content\/uploads\/2024\/03\/LVIT.webp\",\"datePublished\":\"2024-03-01T15:51:55+00:00\",\"dateModified\":\"2026-04-10T00:14:08+00:00\",\"description\":\"Detergente vetri 5L: pulisce il vetro e le superfici non porose senza lasciare aloni. Ideale per uso professionale o domestico.\",\"breadcrumb\":{\"@id\":\"https:\/\/www.csj-emballages.com\/it\/produit\/detergente-vetri-5-l\/#breadcrumb\"},\"inLanguage\":\"it-IT\",\"potentialAction\":[{\"@type\":\"ReadAction\",\"target\":[\"https:\/\/www.csj-emballages.com\/it\/produit\/detergente-vetri-5-l\/\"]}]},{\"@type\":\"ImageObject\",\"inLanguage\":\"it-IT\",\"@id\":\"https:\/\/www.csj-emballages.com\/it\/produit\/detergente-vetri-5-l\/#primaryimage\",\"url\":\"https:\/\/www.csj-emballages.com\/wp-content\/uploads\/2024\/03\/LVIT.webp\",\"contentUrl\":\"https:\/\/www.csj-emballages.com\/wp-content\/uploads\/2024\/03\/LVIT.webp\",\"width\":800,\"height\":800,\"caption\":\"Liquide lave vitres\"},{\"@type\":\"BreadcrumbList\",\"@id\":\"https:\/\/www.csj-emballages.com\/it\/produit\/detergente-vetri-5-l\/#breadcrumb\",\"itemListElement\":[{\"@type\":\"ListItem\",\"position\":1,\"name\":\"Home\",\"item\":\"https:\/\/www.csj-emballages.com\/it\/universo-imballaggi-alimentari\/\"},{\"@type\":\"ListItem\",\"position\":2,\"name\":\"Negozio\",\"item\":\"https:\/\/www.csj-emballages.com\/it\/negozio\/\"},{\"@type\":\"ListItem\",\"position\":3,\"name\":\"Detergente vetri 5 L\"}]},{\"@type\":\"WebSite\",\"@id\":\"https:\/\/www.csj-emballages.com\/it\/#website\",\"url\":\"https:\/\/www.csj-emballages.com\/it\/\",\"name\":\"CSJ Emballages\",\"description\":\"\",\"publisher\":{\"@id\":\"https:\/\/www.csj-emballages.com\/it\/#organization\"},\"potentialAction\":[{\"@type\":\"SearchAction\",\"target\":{\"@type\":\"EntryPoint\",\"urlTemplate\":\"https:\/\/www.csj-emballages.com\/it\/?s={search_term_string}\"},\"query-input\":{\"@type\":\"PropertyValueSpecification\",\"valueRequired\":true,\"valueName\":\"search_term_string\"}}],\"inLanguage\":\"it-IT\"},{\"@type\":\"Organization\",\"@id\":\"https:\/\/www.csj-emballages.com\/it\/#Organization\/\",\"name\":\"CSJ Emballages\",\"url\":\"https:\/\/www.csj-emballages.com\/it\/\",\"logo\":{\"@type\":\"ImageObject\",\"inLanguage\":\"it-IT\",\"@id\":\"https:\/\/www.csj-emballages.com\/it\/#\/schema\/logo\/image\/\",\"url\":\"https:\/\/www.csj-emballages.com\/wp-content\/uploads\/2023\/10\/logo_csj.webp\",\"contentUrl\":\"https:\/\/www.csj-emballages.com\/wp-content\/uploads\/2023\/10\/logo_csj.webp\",\"width\":250,\"height\":95,\"caption\":\"CSJ Emballages\"},\"image\":{\"@id\":\"https:\/\/www.csj-emballages.com\/it\/#\/schema\/logo\/image\/\"},\"sameAs\":[\"https:\/\/www.facebook.com\/csjemballages\"],\"address\":{\"@type\":\"PostalAddress\",\"streetAddress\":\"ZI La Lechere\",\"addressLocality\":\"Patornay\",\"postalCode\":\"39130\",\"addressCountry\":\"FR\"},\"contactPoint\":[{\"@type\":\"ContactPoint\",\"contactType\":\"Service client\",\"telephone\":\"0384254272\",\"email\":\"contact@csj-emballages.com\"}]}]}<\/script>\n<!-- \/ Yoast SEO Premium plugin. -->","yoast_head_json":{"title":"Detergente Vetri 5L","description":"Detergente vetri 5L: pulisce il vetro e le superfici non porose senza lasciare aloni. Ideale per uso professionale o domestico.","robots":{"index":"index","follow":"follow","max-snippet":"max-snippet:-1","max-image-preview":"max-image-preview:large","max-video-preview":"max-video-preview:-1"},"canonical":"https:\/\/www.csj-emballages.com\/it\/produit\/detergente-vetri-5-l\/","og_locale":"it_IT","og_type":"article","og_title":"Detergente vetri 5 L","og_description":"Detergente vetri 5L: pulisce il vetro e le superfici non porose senza lasciare aloni. Ideale per uso professionale o domestico.","og_url":"https:\/\/www.csj-emballages.com\/it\/produit\/detergente-vetri-5-l\/","og_site_name":"CSJ Emballages","article_publisher":"https:\/\/www.facebook.com\/csjemballages","article_modified_time":"2026-04-10T00:14:08+00:00","og_image":[{"width":800,"height":800,"url":"https:\/\/www.csj-emballages.com\/wp-content\/uploads\/2024\/03\/LVIT.webp","type":"image\/webp"}],"twitter_card":"summary_large_image","twitter_misc":{"Dur\u00e9e de lecture estim\u00e9e":"1 minuto"},"schema":{"@context":"https:\/\/schema.org","@graph":[{"@type":"WebPage","@id":"https:\/\/www.csj-emballages.com\/it\/produit\/detergente-vetri-5-l\/","url":"https:\/\/www.csj-emballages.com\/it\/produit\/detergente-vetri-5-l\/","name":"Detergente Vetri 5L","isPartOf":{"@id":"https:\/\/www.csj-emballages.com\/it\/#website"},"primaryImageOfPage":{"@id":"https:\/\/www.csj-emballages.com\/it\/produit\/detergente-vetri-5-l\/#primaryimage"},"image":{"@id":"https:\/\/www.csj-emballages.com\/it\/produit\/detergente-vetri-5-l\/#primaryimage"},"thumbnailUrl":"https:\/\/www.csj-emballages.com\/wp-content\/uploads\/2024\/03\/LVIT.webp","datePublished":"2024-03-01T15:51:55+00:00","dateModified":"2026-04-10T00:14:08+00:00","description":"Detergente vetri 5L: pulisce il vetro e le superfici non porose senza lasciare aloni. Ideale per uso professionale o domestico.","breadcrumb":{"@id":"https:\/\/www.csj-emballages.com\/it\/produit\/detergente-vetri-5-l\/#breadcrumb"},"inLanguage":"it-IT","potentialAction":[{"@type":"ReadAction","target":["https:\/\/www.csj-emballages.com\/it\/produit\/detergente-vetri-5-l\/"]}]},{"@type":"ImageObject","inLanguage":"it-IT","@id":"https:\/\/www.csj-emballages.com\/it\/produit\/detergente-vetri-5-l\/#primaryimage","url":"https:\/\/www.csj-emballages.com\/wp-content\/uploads\/2024\/03\/LVIT.webp","contentUrl":"https:\/\/www.csj-emballages.com\/wp-content\/uploads\/2024\/03\/LVIT.webp","width":800,"height":800,"caption":"Liquide lave vitres"},{"@type":"BreadcrumbList","@id":"https:\/\/www.csj-emballages.com\/it\/produit\/detergente-vetri-5-l\/#breadcrumb","itemListElement":[{"@type":"ListItem","position":1,"name":"Home","item":"https:\/\/www.csj-emballages.com\/it\/universo-imballaggi-alimentari\/"},{"@type":"ListItem","position":2,"name":"Negozio","item":"https:\/\/www.csj-emballages.com\/it\/negozio\/"},{"@type":"ListItem","position":3,"name":"Detergente vetri 5 L"}]},{"@type":"WebSite","@id":"https:\/\/www.csj-emballages.com\/it\/#website","url":"https:\/\/www.csj-emballages.com\/it\/","name":"CSJ Emballages","description":"","publisher":{"@id":"https:\/\/www.csj-emballages.com\/it\/#organization"},"potentialAction":[{"@type":"SearchAction","target":{"@type":"EntryPoint","urlTemplate":"https:\/\/www.csj-emballages.com\/it\/?s={search_term_string}"},"query-input":{"@type":"PropertyValueSpecification","valueRequired":true,"valueName":"search_term_string"}}],"inLanguage":"it-IT"},{"@type":"Organization","@id":"https:\/\/www.csj-emballages.com\/it\/#Organization\/","name":"CSJ Emballages","url":"https:\/\/www.csj-emballages.com\/it\/","logo":{"@type":"ImageObject","inLanguage":"it-IT","@id":"https:\/\/www.csj-emballages.com\/it\/#\/schema\/logo\/image\/","url":"https:\/\/www.csj-emballages.com\/wp-content\/uploads\/2023\/10\/logo_csj.webp","contentUrl":"https:\/\/www.csj-emballages.com\/wp-content\/uploads\/2023\/10\/logo_csj.webp","width":250,"height":95,"caption":"CSJ Emballages"},"image":{"@id":"https:\/\/www.csj-emballages.com\/it\/#\/schema\/logo\/image\/"},"sameAs":["https:\/\/www.facebook.com\/csjemballages"],"address":{"@type":"PostalAddress","streetAddress":"ZI La Lechere","addressLocality":"Patornay","postalCode":"39130","addressCountry":"FR"},"contactPoint":[{"@type":"ContactPoint","contactType":"Service client","telephone":"0384254272","email":"contact@csj-emballages.com"}]}]}},"df_price":7.22,"df_sale_price":"","df_regular_price":7.22,"df_image_link":"https:\/\/www.csj-emballages.com\/wp-content\/uploads\/2024\/03\/LVIT-300x300.webp","tiered_pricing_type":"fixed","tiered_pricing_fixed_rules":[],"tiered_pricing_percentage_rules":[],"tiered_pricing_minimum":1,"tiered_pricing_roles_data":[],"_links":{"self":[{"href":"https:\/\/www.csj-emballages.com\/it\/wp-json\/wp\/v2\/product\/269330","targetHints":{"allow":["GET"]}}],"collection":[{"href":"https:\/\/www.csj-emballages.com\/it\/wp-json\/wp\/v2\/product"}],"about":[{"href":"https:\/\/www.csj-emballages.com\/it\/wp-json\/wp\/v2\/types\/product"}],"wp:featuredmedia":[{"embeddable":true,"href":"https:\/\/www.csj-emballages.com\/it\/wp-json\/wp\/v2\/media\/269331"}],"wp:attachment":[{"href":"https:\/\/www.csj-emballages.com\/it\/wp-json\/wp\/v2\/media?parent=269330"}],"wp:term":[{"taxonomy":"product_brand","embeddable":true,"href":"https:\/\/www.csj-emballages.com\/it\/wp-json\/wp\/v2\/product_brand?post=269330"},{"taxonomy":"product_cat","embeddable":true,"href":"https:\/\/www.csj-emballages.com\/it\/wp-json\/wp\/v2\/product_cat?post=269330"},{"taxonomy":"product_tag","embeddable":true,"href":"https:\/\/www.csj-emballages.com\/it\/wp-json\/wp\/v2\/product_tag?post=269330"}],"curies":[{"name":"wp","href":"https:\/\/api.w.org\/{rel}","templated":true}]}}