{"id":269189,"date":"2024-03-01T16:55:55","date_gmt":"2024-03-01T15:55:55","guid":{"rendered":"https:\/\/www.csj-emballages.com\/produit\/scatola-per-pasticceria-in-cartone-colorato-delicieux-20-x-8-cm-confezione-da-50\/"},"modified":"2026-04-10T02:11:47","modified_gmt":"2026-04-10T00:11:47","slug":"scatola-per-pasticceria-in-cartone-colorato-delicieux-20-x-8-cm-confezione-da-50","status":"publish","type":"product","link":"https:\/\/www.csj-emballages.com\/it\/produit\/scatola-per-pasticceria-in-cartone-colorato-delicieux-20-x-8-cm-confezione-da-50\/","title":{"rendered":"Scatola per pasticceria in cartone colorato D\u00e9licieux 20 x 8 cm, confezione da 50"},"content":{"rendered":"<h2 class=\"p1\">Scatola per pasticceria<\/h2>\n<hr>\n<h3>Descrizione della nostra scatola per pasticceria in cartone colorato D\u00e9licieux 20 x 8 cm, confezione da 50<\/h3>\n<p><!--more--><\/p>\n<p>Scopri le scatole per pasticceria D\u00e9licieux 20&#215;8 cm, una soluzione perfetta per valorizzare le tue creazioni golose. Queste scatole, che misurano 20 x 8 cm, uniscono eleganza e praticit\u00e0 per offrire una presentazione impeccabile dei tuoi dolci. <\/p>\n<p>Realizzate in cartone robusto, proteggono perfettamente le tue delizie aggiungendo un tocco di colore ai tuoi espositori. Disponibili in una variet\u00e0 di tonalit\u00e0 e formati, catturano subito lo sguardo, facendo venire l\u2019acquolina. Inoltre, sono ideali per i pasticceri che vogliono lasciare il segno con una presentazione curata e colorata. Infine, che sia per un\u2019occasione speciale o per un ordine quotidiano, queste scatole aggiungono un tocco di raffinatezza a ogni dolce.   <\/p>\n<p>&nbsp;<\/p>\n<p><!--more--><\/p>\n<p>Offri ai tuoi clienti un&#8217;esperienza unica con queste scatole per pasticceria D\u00e9licieux 20&#215;8 cm, che uniscono stile, praticit\u00e0 e rispetto per il pianeta.<\/p>\n<p>&nbsp;<\/p>\n<p><!--more--><\/p>\n<p><strong>I loro vantaggi:<\/strong><\/p>\n<ul>\n<li><strong>Design<\/strong> : Design accattivante e colorato per valorizzare le tue creazioni di pasticceria.<\/li>\n<li><strong>Pratiche<\/strong> : Facili da montare, per un prezioso risparmio di tempo.<\/li>\n<li><strong>Rispettano l&#8217;ambiente<\/strong> : Completamente riciclabili, rispettose dell&#8217;ambiente.<\/li>\n<li><strong>Versatili<\/strong> : Perfette per ogni occasione: matrimoni, compleanni e altri eventi speciali<\/li>\n<\/ul>\n<p>&nbsp;<\/p>\n<p><!--more--><\/p>\n<p>Trovi qui le diverse misure proposte per questo prodotto: <span style=\"color: #d12727;\"><a style=\"color: #d12727;\" href=\"https:\/\/www.csj-emballages.com\/it\/produit\/scatola-pasticceria-cartone-colorato-delicieux-16-x-8-cm-da-50\/\">16 x 8 cm<\/a><\/span> \/ <span style=\"color: #d12727;\"><a style=\"color: #d12727;\" href=\"https:\/\/www.csj-emballages.com\/it\/produit\/scatola-pasticceria-cartone-colorato-delicieux-18-x-8-cm-confezione-da-50\/\">18 x 8 cm<\/a><\/span> \/ <span style=\"color: #d12727;\"><a style=\"color: #d12727;\" href=\"https:\/\/www.csj-emballages.com\/produit\/50-boites-patissieres-carton-colorees-delicieux-28-x-8-cm\/\">29 x 8 cm <\/a><\/span> \/ <span style=\"color: #d12727;\"><a style=\"color: #d12727;\" href=\"https:\/\/www.csj-emballages.com\/it\/produit\/scatola-per-pasticceria-in-cartone-colorato-delicieux-32-x-8-cm-da-50\/\">32 x 8 cm<\/a><\/span><\/p>\n<p>&nbsp;<\/p>\n<p><!--more--><\/p>\n<p><a href=\"\/?product_cat=boites-patissieres-colorees-delicieuses\">Consulta il resto della nostra gamma di scatole per pasticceria Sensation \/ D\u00e9licieuse<\/a><\/p>\n<p>&nbsp;<\/p>\n<h2><\/h2>\n","protected":false},"excerpt":{"rendered":"<p>Scatola per pasticceria Descrizione della nostra scatola per pasticceria in cartone colorato D\u00e9licieux 20 x 8 cm, confezione da 50<\/p>\n","protected":false},"featured_media":267660,"template":"","meta":{"_acf_changed":false},"product_brand":[],"product_cat":[10346,10344,10513,10509,10557,10900,10358],"product_tag":[],"class_list":{"0":"post-269189","1":"product","2":"type-product","3":"status-publish","4":"has-post-thumbnail","6":"product_cat-imballaggi-alimentari","7":"product_cat-panetteria-pasticceria","8":"product_cat-scatola-e-astuccio","9":"product_cat-scatole-pasticceria","10":"product_cat-scatole-pasticceria-colorate","11":"product_cat-scatole-per-pasticceria-lecon","12":"product_cat-stock","14":"first","15":"instock","16":"sale","17":"taxable","18":"shipping-taxable","19":"purchasable","20":"product-type-simple"},"acf":[],"yoast_head":"<!-- This site is optimized with the Yoast SEO Premium plugin v26.6 (Yoast SEO v26.6) - https:\/\/yoast.com\/wordpress\/plugins\/seo\/ -->\n<title>Scatole per pasticceria D\u00e9licieux 20x8 cm \/ CSJ Imballaggi<\/title>\n<meta name=\"description\" content=\"Scopri subito la nostra gamma D\u00e9licieux con le nostre scatole per pasticceria D\u00e9licieux 20x8 cm, ideali per panifici e pasticcerie!\" \/>\n<meta name=\"robots\" content=\"index, follow, max-snippet:-1, max-image-preview:large, max-video-preview:-1\" \/>\n<link rel=\"canonical\" href=\"https:\/\/www.csj-emballages.com\/it\/produit\/scatola-per-pasticceria-in-cartone-colorato-delicieux-20-x-8-cm-confezione-da-50\/\" \/>\n<meta property=\"og:locale\" content=\"it_IT\" \/>\n<meta property=\"og:type\" content=\"article\" \/>\n<meta property=\"og:title\" content=\"Scatola per pasticceria in cartone colorato D\u00e9licieux 20 x 8 cm, confezione da 50\" \/>\n<meta property=\"og:description\" content=\"Scopri subito la nostra gamma D\u00e9licieux con le nostre scatole per pasticceria D\u00e9licieux 20x8 cm, ideali per panifici e pasticcerie!\" \/>\n<meta property=\"og:url\" content=\"https:\/\/www.csj-emballages.com\/it\/produit\/scatola-per-pasticceria-in-cartone-colorato-delicieux-20-x-8-cm-confezione-da-50\/\" \/>\n<meta property=\"og:site_name\" content=\"CSJ Emballages\" \/>\n<meta property=\"article:publisher\" content=\"https:\/\/www.facebook.com\/csjemballages\" \/>\n<meta property=\"article:modified_time\" content=\"2026-04-10T00:11:47+00:00\" \/>\n<meta property=\"og:image\" content=\"https:\/\/www.csj-emballages.com\/wp-content\/uploads\/2024\/03\/EVAN.webp\" \/>\n\t<meta property=\"og:image:width\" content=\"800\" \/>\n\t<meta property=\"og:image:height\" content=\"800\" \/>\n\t<meta property=\"og:image:type\" content=\"image\/webp\" \/>\n<meta name=\"twitter:card\" content=\"summary_large_image\" \/>\n<meta name=\"twitter:label1\" content=\"Dur\u00e9e de lecture estim\u00e9e\" \/>\n\t<meta name=\"twitter:data1\" content=\"1 minuto\" \/>\n<script type=\"application\/ld+json\" class=\"yoast-schema-graph\">{\"@context\":\"https:\/\/schema.org\",\"@graph\":[{\"@type\":\"WebPage\",\"@id\":\"https:\/\/www.csj-emballages.com\/it\/produit\/scatola-per-pasticceria-in-cartone-colorato-delicieux-20-x-8-cm-confezione-da-50\/\",\"url\":\"https:\/\/www.csj-emballages.com\/it\/produit\/scatola-per-pasticceria-in-cartone-colorato-delicieux-20-x-8-cm-confezione-da-50\/\",\"name\":\"Scatole per pasticceria D\u00e9licieux 20x8 cm \/ CSJ Imballaggi\",\"isPartOf\":{\"@id\":\"https:\/\/www.csj-emballages.com\/it\/#website\"},\"primaryImageOfPage\":{\"@id\":\"https:\/\/www.csj-emballages.com\/it\/produit\/scatola-per-pasticceria-in-cartone-colorato-delicieux-20-x-8-cm-confezione-da-50\/#primaryimage\"},\"image\":{\"@id\":\"https:\/\/www.csj-emballages.com\/it\/produit\/scatola-per-pasticceria-in-cartone-colorato-delicieux-20-x-8-cm-confezione-da-50\/#primaryimage\"},\"thumbnailUrl\":\"https:\/\/www.csj-emballages.com\/wp-content\/uploads\/2024\/03\/EVAN.webp\",\"datePublished\":\"2024-03-01T15:55:55+00:00\",\"dateModified\":\"2026-04-10T00:11:47+00:00\",\"description\":\"Scopri subito la nostra gamma D\u00e9licieux con le nostre scatole per pasticceria D\u00e9licieux 20x8 cm, ideali per panifici e pasticcerie!\",\"breadcrumb\":{\"@id\":\"https:\/\/www.csj-emballages.com\/it\/produit\/scatola-per-pasticceria-in-cartone-colorato-delicieux-20-x-8-cm-confezione-da-50\/#breadcrumb\"},\"inLanguage\":\"it-IT\",\"potentialAction\":[{\"@type\":\"ReadAction\",\"target\":[\"https:\/\/www.csj-emballages.com\/it\/produit\/scatola-per-pasticceria-in-cartone-colorato-delicieux-20-x-8-cm-confezione-da-50\/\"]}]},{\"@type\":\"ImageObject\",\"inLanguage\":\"it-IT\",\"@id\":\"https:\/\/www.csj-emballages.com\/it\/produit\/scatola-per-pasticceria-in-cartone-colorato-delicieux-20-x-8-cm-confezione-da-50\/#primaryimage\",\"url\":\"https:\/\/www.csj-emballages.com\/wp-content\/uploads\/2024\/03\/EVAN.webp\",\"contentUrl\":\"https:\/\/www.csj-emballages.com\/wp-content\/uploads\/2024\/03\/EVAN.webp\",\"width\":800,\"height\":800,\"caption\":\"Boite p\u00e2tissi\u00e8re\"},{\"@type\":\"BreadcrumbList\",\"@id\":\"https:\/\/www.csj-emballages.com\/it\/produit\/scatola-per-pasticceria-in-cartone-colorato-delicieux-20-x-8-cm-confezione-da-50\/#breadcrumb\",\"itemListElement\":[{\"@type\":\"ListItem\",\"position\":1,\"name\":\"Home\",\"item\":\"https:\/\/www.csj-emballages.com\/it\/universo-imballaggi-alimentari\/\"},{\"@type\":\"ListItem\",\"position\":2,\"name\":\"Negozio\",\"item\":\"https:\/\/www.csj-emballages.com\/it\/negozio\/\"},{\"@type\":\"ListItem\",\"position\":3,\"name\":\"Scatola per pasticceria in cartone colorato D\u00e9licieux 20 x 8 cm, confezione da 50\"}]},{\"@type\":\"WebSite\",\"@id\":\"https:\/\/www.csj-emballages.com\/it\/#website\",\"url\":\"https:\/\/www.csj-emballages.com\/it\/\",\"name\":\"CSJ Emballages\",\"description\":\"\",\"publisher\":{\"@id\":\"https:\/\/www.csj-emballages.com\/it\/#organization\"},\"potentialAction\":[{\"@type\":\"SearchAction\",\"target\":{\"@type\":\"EntryPoint\",\"urlTemplate\":\"https:\/\/www.csj-emballages.com\/it\/?s={search_term_string}\"},\"query-input\":{\"@type\":\"PropertyValueSpecification\",\"valueRequired\":true,\"valueName\":\"search_term_string\"}}],\"inLanguage\":\"it-IT\"},{\"@type\":\"Organization\",\"@id\":\"https:\/\/www.csj-emballages.com\/it\/#Organization\/\",\"name\":\"CSJ Emballages\",\"url\":\"https:\/\/www.csj-emballages.com\/it\/\",\"logo\":{\"@type\":\"ImageObject\",\"inLanguage\":\"it-IT\",\"@id\":\"https:\/\/www.csj-emballages.com\/it\/#\/schema\/logo\/image\/\",\"url\":\"https:\/\/www.csj-emballages.com\/wp-content\/uploads\/2023\/10\/logo_csj.webp\",\"contentUrl\":\"https:\/\/www.csj-emballages.com\/wp-content\/uploads\/2023\/10\/logo_csj.webp\",\"width\":250,\"height\":95,\"caption\":\"CSJ Emballages\"},\"image\":{\"@id\":\"https:\/\/www.csj-emballages.com\/it\/#\/schema\/logo\/image\/\"},\"sameAs\":[\"https:\/\/www.facebook.com\/csjemballages\"],\"address\":{\"@type\":\"PostalAddress\",\"streetAddress\":\"ZI La Lechere\",\"addressLocality\":\"Patornay\",\"postalCode\":\"39130\",\"addressCountry\":\"FR\"},\"contactPoint\":[{\"@type\":\"ContactPoint\",\"contactType\":\"Service client\",\"telephone\":\"0384254272\",\"email\":\"contact@csj-emballages.com\"}]}]}<\/script>\n<!-- \/ Yoast SEO Premium plugin. -->","yoast_head_json":{"title":"Scatole per pasticceria D\u00e9licieux 20x8 cm \/ CSJ Imballaggi","description":"Scopri subito la nostra gamma D\u00e9licieux con le nostre scatole per pasticceria D\u00e9licieux 20x8 cm, ideali per panifici e pasticcerie!","robots":{"index":"index","follow":"follow","max-snippet":"max-snippet:-1","max-image-preview":"max-image-preview:large","max-video-preview":"max-video-preview:-1"},"canonical":"https:\/\/www.csj-emballages.com\/it\/produit\/scatola-per-pasticceria-in-cartone-colorato-delicieux-20-x-8-cm-confezione-da-50\/","og_locale":"it_IT","og_type":"article","og_title":"Scatola per pasticceria in cartone colorato D\u00e9licieux 20 x 8 cm, confezione da 50","og_description":"Scopri subito la nostra gamma D\u00e9licieux con le nostre scatole per pasticceria D\u00e9licieux 20x8 cm, ideali per panifici e pasticcerie!","og_url":"https:\/\/www.csj-emballages.com\/it\/produit\/scatola-per-pasticceria-in-cartone-colorato-delicieux-20-x-8-cm-confezione-da-50\/","og_site_name":"CSJ Emballages","article_publisher":"https:\/\/www.facebook.com\/csjemballages","article_modified_time":"2026-04-10T00:11:47+00:00","og_image":[{"width":800,"height":800,"url":"https:\/\/www.csj-emballages.com\/wp-content\/uploads\/2024\/03\/EVAN.webp","type":"image\/webp"}],"twitter_card":"summary_large_image","twitter_misc":{"Dur\u00e9e de lecture estim\u00e9e":"1 minuto"},"schema":{"@context":"https:\/\/schema.org","@graph":[{"@type":"WebPage","@id":"https:\/\/www.csj-emballages.com\/it\/produit\/scatola-per-pasticceria-in-cartone-colorato-delicieux-20-x-8-cm-confezione-da-50\/","url":"https:\/\/www.csj-emballages.com\/it\/produit\/scatola-per-pasticceria-in-cartone-colorato-delicieux-20-x-8-cm-confezione-da-50\/","name":"Scatole per pasticceria D\u00e9licieux 20x8 cm \/ CSJ Imballaggi","isPartOf":{"@id":"https:\/\/www.csj-emballages.com\/it\/#website"},"primaryImageOfPage":{"@id":"https:\/\/www.csj-emballages.com\/it\/produit\/scatola-per-pasticceria-in-cartone-colorato-delicieux-20-x-8-cm-confezione-da-50\/#primaryimage"},"image":{"@id":"https:\/\/www.csj-emballages.com\/it\/produit\/scatola-per-pasticceria-in-cartone-colorato-delicieux-20-x-8-cm-confezione-da-50\/#primaryimage"},"thumbnailUrl":"https:\/\/www.csj-emballages.com\/wp-content\/uploads\/2024\/03\/EVAN.webp","datePublished":"2024-03-01T15:55:55+00:00","dateModified":"2026-04-10T00:11:47+00:00","description":"Scopri subito la nostra gamma D\u00e9licieux con le nostre scatole per pasticceria D\u00e9licieux 20x8 cm, ideali per panifici e pasticcerie!","breadcrumb":{"@id":"https:\/\/www.csj-emballages.com\/it\/produit\/scatola-per-pasticceria-in-cartone-colorato-delicieux-20-x-8-cm-confezione-da-50\/#breadcrumb"},"inLanguage":"it-IT","potentialAction":[{"@type":"ReadAction","target":["https:\/\/www.csj-emballages.com\/it\/produit\/scatola-per-pasticceria-in-cartone-colorato-delicieux-20-x-8-cm-confezione-da-50\/"]}]},{"@type":"ImageObject","inLanguage":"it-IT","@id":"https:\/\/www.csj-emballages.com\/it\/produit\/scatola-per-pasticceria-in-cartone-colorato-delicieux-20-x-8-cm-confezione-da-50\/#primaryimage","url":"https:\/\/www.csj-emballages.com\/wp-content\/uploads\/2024\/03\/EVAN.webp","contentUrl":"https:\/\/www.csj-emballages.com\/wp-content\/uploads\/2024\/03\/EVAN.webp","width":800,"height":800,"caption":"Boite p\u00e2tissi\u00e8re"},{"@type":"BreadcrumbList","@id":"https:\/\/www.csj-emballages.com\/it\/produit\/scatola-per-pasticceria-in-cartone-colorato-delicieux-20-x-8-cm-confezione-da-50\/#breadcrumb","itemListElement":[{"@type":"ListItem","position":1,"name":"Home","item":"https:\/\/www.csj-emballages.com\/it\/universo-imballaggi-alimentari\/"},{"@type":"ListItem","position":2,"name":"Negozio","item":"https:\/\/www.csj-emballages.com\/it\/negozio\/"},{"@type":"ListItem","position":3,"name":"Scatola per pasticceria in cartone colorato D\u00e9licieux 20 x 8 cm, confezione da 50"}]},{"@type":"WebSite","@id":"https:\/\/www.csj-emballages.com\/it\/#website","url":"https:\/\/www.csj-emballages.com\/it\/","name":"CSJ Emballages","description":"","publisher":{"@id":"https:\/\/www.csj-emballages.com\/it\/#organization"},"potentialAction":[{"@type":"SearchAction","target":{"@type":"EntryPoint","urlTemplate":"https:\/\/www.csj-emballages.com\/it\/?s={search_term_string}"},"query-input":{"@type":"PropertyValueSpecification","valueRequired":true,"valueName":"search_term_string"}}],"inLanguage":"it-IT"},{"@type":"Organization","@id":"https:\/\/www.csj-emballages.com\/it\/#Organization\/","name":"CSJ Emballages","url":"https:\/\/www.csj-emballages.com\/it\/","logo":{"@type":"ImageObject","inLanguage":"it-IT","@id":"https:\/\/www.csj-emballages.com\/it\/#\/schema\/logo\/image\/","url":"https:\/\/www.csj-emballages.com\/wp-content\/uploads\/2023\/10\/logo_csj.webp","contentUrl":"https:\/\/www.csj-emballages.com\/wp-content\/uploads\/2023\/10\/logo_csj.webp","width":250,"height":95,"caption":"CSJ Emballages"},"image":{"@id":"https:\/\/www.csj-emballages.com\/it\/#\/schema\/logo\/image\/"},"sameAs":["https:\/\/www.facebook.com\/csjemballages"],"address":{"@type":"PostalAddress","streetAddress":"ZI La Lechere","addressLocality":"Patornay","postalCode":"39130","addressCountry":"FR"},"contactPoint":[{"@type":"ContactPoint","contactType":"Service client","telephone":"0384254272","email":"contact@csj-emballages.com"}]}]}},"df_price":14.23,"df_sale_price":14.23,"df_regular_price":15.82,"df_image_link":"https:\/\/www.csj-emballages.com\/wp-content\/uploads\/2024\/03\/EVAN-300x300.webp","tiered_pricing_type":"fixed","tiered_pricing_fixed_rules":[],"tiered_pricing_percentage_rules":[],"tiered_pricing_minimum":1,"tiered_pricing_roles_data":[],"_links":{"self":[{"href":"https:\/\/www.csj-emballages.com\/it\/wp-json\/wp\/v2\/product\/269189","targetHints":{"allow":["GET"]}}],"collection":[{"href":"https:\/\/www.csj-emballages.com\/it\/wp-json\/wp\/v2\/product"}],"about":[{"href":"https:\/\/www.csj-emballages.com\/it\/wp-json\/wp\/v2\/types\/product"}],"wp:featuredmedia":[{"embeddable":true,"href":"https:\/\/www.csj-emballages.com\/it\/wp-json\/wp\/v2\/media\/267660"}],"wp:attachment":[{"href":"https:\/\/www.csj-emballages.com\/it\/wp-json\/wp\/v2\/media?parent=269189"}],"wp:term":[{"taxonomy":"product_brand","embeddable":true,"href":"https:\/\/www.csj-emballages.com\/it\/wp-json\/wp\/v2\/product_brand?post=269189"},{"taxonomy":"product_cat","embeddable":true,"href":"https:\/\/www.csj-emballages.com\/it\/wp-json\/wp\/v2\/product_cat?post=269189"},{"taxonomy":"product_tag","embeddable":true,"href":"https:\/\/www.csj-emballages.com\/it\/wp-json\/wp\/v2\/product_tag?post=269189"}],"curies":[{"name":"wp","href":"https:\/\/api.w.org\/{rel}","templated":true}]}}