{"id":269092,"date":"2024-03-01T16:51:30","date_gmt":"2024-03-01T15:51:30","guid":{"rendered":"https:\/\/www.csj-emballages.com\/produit\/cesto-in-vimini-prugna-35-x-25-x-9-cm\/"},"modified":"2026-03-19T02:12:57","modified_gmt":"2026-03-19T01:12:57","slug":"cesto-in-vimini-prugna-35-x-25-x-9-cm","status":"publish","type":"product","link":"https:\/\/www.csj-emballages.com\/it\/produit\/cesto-in-vimini-prugna-35-x-25-x-9-cm\/","title":{"rendered":"Cesto in vimini prugna 35 x 25 x 9 cm"},"content":{"rendered":"<h2 class=\"p1\">Cesto in vimini<\/h2>\n<hr>\n<h3>Descrizione del nostro cesto in vimini prugna 35 x 25 x 9 cm<\/h3>\n<p><!--more--><\/p>\n<p data-start=\"177\" data-end=\"509\">Aggiungi un <strong data-start=\"190\" data-end=\"221\">tocco di eleganza naturale<\/strong> alle tue presentazioni con il nostro <strong data-start=\"253\" data-end=\"278\">cesto in vimini prugna<\/strong> di dimensioni <strong data-start=\"293\" data-end=\"311\">35 x 25 x 9 cm<\/strong>. Realizzato con cura, unisce robustezza, estetica e praticit\u00e0 per presentare o regalare le tue confezioni o composizioni gastronomiche. <\/p>\n<p data-start=\"511\" data-end=\"911\">Realizzato in <strong data-start=\"523\" data-end=\"539\">vimini intrecciato<\/strong>, questo <strong>cesto in vimini<\/strong> offre un aspetto autentico e accogliente che conquista al primo sguardo. Inoltre, la sua <strong data-start=\"629\" data-end=\"645\">tonalit\u00e0 prugna<\/strong> dona una nota originale e raffinata, perfetta per distinguersi durante eventi, vendite in negozio o nei mercati. Grazie alla sua <strong data-start=\"785\" data-end=\"808\">forma rettangolare<\/strong>, permette una disposizione armoniosa dei prodotti, garantendo un&#8217;ottima stabilit\u00e0.  <\/p>\n<p data-start=\"913\" data-end=\"1202\">Allo stesso modo, questo <strong>cesto in vimini<\/strong> \u00e8 <strong data-start=\"936\" data-end=\"952\">riutilizzabile<\/strong>, il che lo rende una soluzione <strong data-start=\"982\" data-end=\"1010\">ecologica ed economica<\/strong>. Puoi usarlo per confezionare prodotti gourmet, cioccolatini, biscotti o prodotti artigianali. Diventer\u00e0 rapidamente un <strong data-start=\"1163\" data-end=\"1199\">elemento chiave delle tue presentazioni<\/strong>.  <\/p>\n<p data-start=\"1204\" data-end=\"1558\">In breve, questo <strong data-start=\"1217\" data-end=\"1236\">cesto in vimini<\/strong> unisce fascino rustico e versatilit\u00e0 moderna. Che tu sia un artigiano, un droghiere, un ristoratore o un addetto al catering, ti aiuter\u00e0 a valorizzare le tue creazioni con gusto e autenticit\u00e0. Offri ai tuoi clienti una presentazione curata e professionale, rispettando un approccio naturale e responsabile.  <\/p>\n<p data-start=\"1204\" data-end=\"1558\">\n<p data-start=\"1378\" data-end=\"1605\"><!--more--><\/p>\n<h4 data-start=\"1378\" data-end=\"1605\">Vantaggi:<\/h4>\n<ul>\n<li data-start=\"1601\" data-end=\"1671\"><strong data-start=\"1603\" data-end=\"1635\">Realizzato in vimini naturale<\/strong>: robusto, durevole ed estetico.<\/li>\n<li data-start=\"1674\" data-end=\"1758\"><strong data-start=\"1677\" data-end=\"1703\">Elegante colore prugna<\/strong>: dona un tocco di modernit\u00e0 e raffinatezza.<\/li>\n<li data-start=\"1761\" data-end=\"1839\"><strong data-start=\"1764\" data-end=\"1794\">Riutilizzabile ed ecologico<\/strong>: ideale per un approccio eco-responsabile.<\/li>\n<li data-start=\"1842\" data-end=\"1946\"><strong data-start=\"1845\" data-end=\"1881\">Formato 35 x 25 x 9 cm<\/strong>: perfetto per le tue confezioni gourmet o cesti regalo.<\/li>\n<li data-start=\"1949\" data-end=\"2035\"><strong data-start=\"1952\" data-end=\"1966\">Versatile<\/strong>: adatto alla presentazione di prodotti alimentari o artigianali.<\/li>\n<\/ul>\n<p>&nbsp;<\/p>\n<p><!--more--><\/p>\n<h4>Altre informazioni:<\/h4>\n<ul>\n<li><strong>Confezione<\/strong>: Unit\u00e0<\/li>\n<li><strong>Dimensioni<\/strong>: 35 x 25 x 9 cm<\/li>\n<li><strong>Materiale<\/strong>: Vimini<\/li>\n<li><strong>Colore<\/strong>: Prugna<\/li>\n<\/ul>\n<p>&nbsp;<\/p>\n<p><!--more--><\/p>\n<p><a href=\"https:\/\/www.csj-emballages.com\/it\/categorie-produit\/imballaggi-alimentari\/boutique-e-negozio\/accessori-e-attrezzature\/cesti-cestini\/\">Consulta il resto della nostra gamma di cesti \/ cestini<\/a><\/p>\n","protected":false},"excerpt":{"rendered":"<p>Cesto in vimini Descrizione del nostro cesto in vimini prugna 35 x 25 x 9 cm<\/p>\n","protected":false},"featured_media":269093,"template":"","meta":{"_acf_changed":false},"product_brand":[],"product_cat":[10346,10345,10917],"product_tag":[],"class_list":{"0":"post-269092","1":"product","2":"type-product","3":"status-publish","4":"has-post-thumbnail","6":"product_cat-imballaggi-alimentari","7":"product_cat-boutique-e-negozio","8":"product_cat-cesti-cestini","10":"first","11":"instock","12":"taxable","13":"shipping-taxable","14":"purchasable","15":"product-type-simple"},"acf":[],"yoast_head":"<!-- This site is optimized with the Yoast SEO Premium plugin v26.6 (Yoast SEO v26.6) - https:\/\/yoast.com\/wordpress\/plugins\/seo\/ -->\n<title>Cesto in Vimini Prugna 35 x 25 x 9 cm<\/title>\n<meta name=\"description\" content=\"Cesto in vimini prugna 35 x 25 x 9 cm: elegante, naturale e riutilizzabile per valorizzare le tue presentazioni e confezioni regalo.\" \/>\n<meta name=\"robots\" content=\"index, follow, max-snippet:-1, max-image-preview:large, max-video-preview:-1\" \/>\n<link rel=\"canonical\" href=\"https:\/\/www.csj-emballages.com\/it\/produit\/cesto-in-vimini-prugna-35-x-25-x-9-cm\/\" \/>\n<meta property=\"og:locale\" content=\"it_IT\" \/>\n<meta property=\"og:type\" content=\"article\" \/>\n<meta property=\"og:title\" content=\"Cesto in vimini prugna 35 x 25 x 9 cm\" \/>\n<meta property=\"og:description\" content=\"Cesto in vimini prugna 35 x 25 x 9 cm: elegante, naturale e riutilizzabile per valorizzare le tue presentazioni e confezioni regalo.\" \/>\n<meta property=\"og:url\" content=\"https:\/\/www.csj-emballages.com\/it\/produit\/cesto-in-vimini-prugna-35-x-25-x-9-cm\/\" \/>\n<meta property=\"og:site_name\" content=\"CSJ Emballages\" \/>\n<meta property=\"article:publisher\" content=\"https:\/\/www.facebook.com\/csjemballages\" \/>\n<meta property=\"article:modified_time\" content=\"2026-03-19T01:12:57+00:00\" \/>\n<meta property=\"og:image\" content=\"https:\/\/www.csj-emballages.com\/wp-content\/uploads\/2024\/03\/panier-paniere-osier-prune-cadeau-grossiste-csj-emballages-zoom-jpg.webp\" \/>\n\t<meta property=\"og:image:width\" content=\"600\" \/>\n\t<meta property=\"og:image:height\" content=\"600\" \/>\n\t<meta property=\"og:image:type\" content=\"image\/jpeg\" \/>\n<meta name=\"twitter:card\" content=\"summary_large_image\" \/>\n<meta name=\"twitter:label1\" content=\"Dur\u00e9e de lecture estim\u00e9e\" \/>\n\t<meta name=\"twitter:data1\" content=\"1 minuto\" \/>\n<script type=\"application\/ld+json\" class=\"yoast-schema-graph\">{\"@context\":\"https:\/\/schema.org\",\"@graph\":[{\"@type\":\"WebPage\",\"@id\":\"https:\/\/www.csj-emballages.com\/it\/produit\/cesto-in-vimini-prugna-35-x-25-x-9-cm\/\",\"url\":\"https:\/\/www.csj-emballages.com\/it\/produit\/cesto-in-vimini-prugna-35-x-25-x-9-cm\/\",\"name\":\"Cesto in Vimini Prugna 35 x 25 x 9 cm\",\"isPartOf\":{\"@id\":\"https:\/\/www.csj-emballages.com\/it\/#website\"},\"primaryImageOfPage\":{\"@id\":\"https:\/\/www.csj-emballages.com\/it\/produit\/cesto-in-vimini-prugna-35-x-25-x-9-cm\/#primaryimage\"},\"image\":{\"@id\":\"https:\/\/www.csj-emballages.com\/it\/produit\/cesto-in-vimini-prugna-35-x-25-x-9-cm\/#primaryimage\"},\"thumbnailUrl\":\"https:\/\/www.csj-emballages.com\/wp-content\/uploads\/2024\/03\/panier-paniere-osier-prune-cadeau-grossiste-csj-emballages-zoom-jpg.webp\",\"datePublished\":\"2024-03-01T15:51:30+00:00\",\"dateModified\":\"2026-03-19T01:12:57+00:00\",\"description\":\"Cesto in vimini prugna 35 x 25 x 9 cm: elegante, naturale e riutilizzabile per valorizzare le tue presentazioni e confezioni regalo.\",\"breadcrumb\":{\"@id\":\"https:\/\/www.csj-emballages.com\/it\/produit\/cesto-in-vimini-prugna-35-x-25-x-9-cm\/#breadcrumb\"},\"inLanguage\":\"it-IT\",\"potentialAction\":[{\"@type\":\"ReadAction\",\"target\":[\"https:\/\/www.csj-emballages.com\/it\/produit\/cesto-in-vimini-prugna-35-x-25-x-9-cm\/\"]}]},{\"@type\":\"ImageObject\",\"inLanguage\":\"it-IT\",\"@id\":\"https:\/\/www.csj-emballages.com\/it\/produit\/cesto-in-vimini-prugna-35-x-25-x-9-cm\/#primaryimage\",\"url\":\"https:\/\/www.csj-emballages.com\/wp-content\/uploads\/2024\/03\/panier-paniere-osier-prune-cadeau-grossiste-csj-emballages-zoom-jpg.webp\",\"contentUrl\":\"https:\/\/www.csj-emballages.com\/wp-content\/uploads\/2024\/03\/panier-paniere-osier-prune-cadeau-grossiste-csj-emballages-zoom-jpg.webp\",\"width\":600,\"height\":600},{\"@type\":\"BreadcrumbList\",\"@id\":\"https:\/\/www.csj-emballages.com\/it\/produit\/cesto-in-vimini-prugna-35-x-25-x-9-cm\/#breadcrumb\",\"itemListElement\":[{\"@type\":\"ListItem\",\"position\":1,\"name\":\"Home\",\"item\":\"https:\/\/www.csj-emballages.com\/it\/universo-imballaggi-alimentari\/\"},{\"@type\":\"ListItem\",\"position\":2,\"name\":\"Negozio\",\"item\":\"https:\/\/www.csj-emballages.com\/it\/negozio\/\"},{\"@type\":\"ListItem\",\"position\":3,\"name\":\"Cesto in vimini prugna 35 x 25 x 9 cm\"}]},{\"@type\":\"WebSite\",\"@id\":\"https:\/\/www.csj-emballages.com\/it\/#website\",\"url\":\"https:\/\/www.csj-emballages.com\/it\/\",\"name\":\"CSJ Emballages\",\"description\":\"\",\"publisher\":{\"@id\":\"https:\/\/www.csj-emballages.com\/it\/#organization\"},\"potentialAction\":[{\"@type\":\"SearchAction\",\"target\":{\"@type\":\"EntryPoint\",\"urlTemplate\":\"https:\/\/www.csj-emballages.com\/it\/?s={search_term_string}\"},\"query-input\":{\"@type\":\"PropertyValueSpecification\",\"valueRequired\":true,\"valueName\":\"search_term_string\"}}],\"inLanguage\":\"it-IT\"},{\"@type\":\"Organization\",\"@id\":\"https:\/\/www.csj-emballages.com\/it\/#Organization\/\",\"name\":\"CSJ Emballages\",\"url\":\"https:\/\/www.csj-emballages.com\/it\/\",\"logo\":{\"@type\":\"ImageObject\",\"inLanguage\":\"it-IT\",\"@id\":\"https:\/\/www.csj-emballages.com\/it\/#\/schema\/logo\/image\/\",\"url\":\"https:\/\/www.csj-emballages.com\/wp-content\/uploads\/2023\/10\/logo_csj.webp\",\"contentUrl\":\"https:\/\/www.csj-emballages.com\/wp-content\/uploads\/2023\/10\/logo_csj.webp\",\"width\":250,\"height\":95,\"caption\":\"CSJ Emballages\"},\"image\":{\"@id\":\"https:\/\/www.csj-emballages.com\/it\/#\/schema\/logo\/image\/\"},\"sameAs\":[\"https:\/\/www.facebook.com\/csjemballages\"],\"address\":{\"@type\":\"PostalAddress\",\"streetAddress\":\"ZI La Lechere\",\"addressLocality\":\"Patornay\",\"postalCode\":\"39130\",\"addressCountry\":\"FR\"},\"contactPoint\":[{\"@type\":\"ContactPoint\",\"contactType\":\"Service client\",\"telephone\":\"0384254272\",\"email\":\"contact@csj-emballages.com\"}]}]}<\/script>\n<!-- \/ Yoast SEO Premium plugin. -->","yoast_head_json":{"title":"Cesto in Vimini Prugna 35 x 25 x 9 cm","description":"Cesto in vimini prugna 35 x 25 x 9 cm: elegante, naturale e riutilizzabile per valorizzare le tue presentazioni e confezioni regalo.","robots":{"index":"index","follow":"follow","max-snippet":"max-snippet:-1","max-image-preview":"max-image-preview:large","max-video-preview":"max-video-preview:-1"},"canonical":"https:\/\/www.csj-emballages.com\/it\/produit\/cesto-in-vimini-prugna-35-x-25-x-9-cm\/","og_locale":"it_IT","og_type":"article","og_title":"Cesto in vimini prugna 35 x 25 x 9 cm","og_description":"Cesto in vimini prugna 35 x 25 x 9 cm: elegante, naturale e riutilizzabile per valorizzare le tue presentazioni e confezioni regalo.","og_url":"https:\/\/www.csj-emballages.com\/it\/produit\/cesto-in-vimini-prugna-35-x-25-x-9-cm\/","og_site_name":"CSJ Emballages","article_publisher":"https:\/\/www.facebook.com\/csjemballages","article_modified_time":"2026-03-19T01:12:57+00:00","og_image":[{"width":600,"height":600,"url":"https:\/\/www.csj-emballages.com\/wp-content\/uploads\/2024\/03\/panier-paniere-osier-prune-cadeau-grossiste-csj-emballages-zoom-jpg.webp","type":"image\/jpeg"}],"twitter_card":"summary_large_image","twitter_misc":{"Dur\u00e9e de lecture estim\u00e9e":"1 minuto"},"schema":{"@context":"https:\/\/schema.org","@graph":[{"@type":"WebPage","@id":"https:\/\/www.csj-emballages.com\/it\/produit\/cesto-in-vimini-prugna-35-x-25-x-9-cm\/","url":"https:\/\/www.csj-emballages.com\/it\/produit\/cesto-in-vimini-prugna-35-x-25-x-9-cm\/","name":"Cesto in Vimini Prugna 35 x 25 x 9 cm","isPartOf":{"@id":"https:\/\/www.csj-emballages.com\/it\/#website"},"primaryImageOfPage":{"@id":"https:\/\/www.csj-emballages.com\/it\/produit\/cesto-in-vimini-prugna-35-x-25-x-9-cm\/#primaryimage"},"image":{"@id":"https:\/\/www.csj-emballages.com\/it\/produit\/cesto-in-vimini-prugna-35-x-25-x-9-cm\/#primaryimage"},"thumbnailUrl":"https:\/\/www.csj-emballages.com\/wp-content\/uploads\/2024\/03\/panier-paniere-osier-prune-cadeau-grossiste-csj-emballages-zoom-jpg.webp","datePublished":"2024-03-01T15:51:30+00:00","dateModified":"2026-03-19T01:12:57+00:00","description":"Cesto in vimini prugna 35 x 25 x 9 cm: elegante, naturale e riutilizzabile per valorizzare le tue presentazioni e confezioni regalo.","breadcrumb":{"@id":"https:\/\/www.csj-emballages.com\/it\/produit\/cesto-in-vimini-prugna-35-x-25-x-9-cm\/#breadcrumb"},"inLanguage":"it-IT","potentialAction":[{"@type":"ReadAction","target":["https:\/\/www.csj-emballages.com\/it\/produit\/cesto-in-vimini-prugna-35-x-25-x-9-cm\/"]}]},{"@type":"ImageObject","inLanguage":"it-IT","@id":"https:\/\/www.csj-emballages.com\/it\/produit\/cesto-in-vimini-prugna-35-x-25-x-9-cm\/#primaryimage","url":"https:\/\/www.csj-emballages.com\/wp-content\/uploads\/2024\/03\/panier-paniere-osier-prune-cadeau-grossiste-csj-emballages-zoom-jpg.webp","contentUrl":"https:\/\/www.csj-emballages.com\/wp-content\/uploads\/2024\/03\/panier-paniere-osier-prune-cadeau-grossiste-csj-emballages-zoom-jpg.webp","width":600,"height":600},{"@type":"BreadcrumbList","@id":"https:\/\/www.csj-emballages.com\/it\/produit\/cesto-in-vimini-prugna-35-x-25-x-9-cm\/#breadcrumb","itemListElement":[{"@type":"ListItem","position":1,"name":"Home","item":"https:\/\/www.csj-emballages.com\/it\/universo-imballaggi-alimentari\/"},{"@type":"ListItem","position":2,"name":"Negozio","item":"https:\/\/www.csj-emballages.com\/it\/negozio\/"},{"@type":"ListItem","position":3,"name":"Cesto in vimini prugna 35 x 25 x 9 cm"}]},{"@type":"WebSite","@id":"https:\/\/www.csj-emballages.com\/it\/#website","url":"https:\/\/www.csj-emballages.com\/it\/","name":"CSJ Emballages","description":"","publisher":{"@id":"https:\/\/www.csj-emballages.com\/it\/#organization"},"potentialAction":[{"@type":"SearchAction","target":{"@type":"EntryPoint","urlTemplate":"https:\/\/www.csj-emballages.com\/it\/?s={search_term_string}"},"query-input":{"@type":"PropertyValueSpecification","valueRequired":true,"valueName":"search_term_string"}}],"inLanguage":"it-IT"},{"@type":"Organization","@id":"https:\/\/www.csj-emballages.com\/it\/#Organization\/","name":"CSJ Emballages","url":"https:\/\/www.csj-emballages.com\/it\/","logo":{"@type":"ImageObject","inLanguage":"it-IT","@id":"https:\/\/www.csj-emballages.com\/it\/#\/schema\/logo\/image\/","url":"https:\/\/www.csj-emballages.com\/wp-content\/uploads\/2023\/10\/logo_csj.webp","contentUrl":"https:\/\/www.csj-emballages.com\/wp-content\/uploads\/2023\/10\/logo_csj.webp","width":250,"height":95,"caption":"CSJ Emballages"},"image":{"@id":"https:\/\/www.csj-emballages.com\/it\/#\/schema\/logo\/image\/"},"sameAs":["https:\/\/www.facebook.com\/csjemballages"],"address":{"@type":"PostalAddress","streetAddress":"ZI La Lechere","addressLocality":"Patornay","postalCode":"39130","addressCountry":"FR"},"contactPoint":[{"@type":"ContactPoint","contactType":"Service client","telephone":"0384254272","email":"contact@csj-emballages.com"}]}]}},"df_price":4.8,"df_sale_price":"","df_regular_price":4.8,"df_image_link":"https:\/\/www.csj-emballages.com\/wp-content\/uploads\/2024\/03\/panier-paniere-osier-prune-cadeau-grossiste-csj-emballages-zoom-300x300.webp","tiered_pricing_type":"fixed","tiered_pricing_fixed_rules":[],"tiered_pricing_percentage_rules":[],"tiered_pricing_minimum":1,"tiered_pricing_roles_data":[],"_links":{"self":[{"href":"https:\/\/www.csj-emballages.com\/it\/wp-json\/wp\/v2\/product\/269092","targetHints":{"allow":["GET"]}}],"collection":[{"href":"https:\/\/www.csj-emballages.com\/it\/wp-json\/wp\/v2\/product"}],"about":[{"href":"https:\/\/www.csj-emballages.com\/it\/wp-json\/wp\/v2\/types\/product"}],"wp:featuredmedia":[{"embeddable":true,"href":"https:\/\/www.csj-emballages.com\/it\/wp-json\/wp\/v2\/media\/269093"}],"wp:attachment":[{"href":"https:\/\/www.csj-emballages.com\/it\/wp-json\/wp\/v2\/media?parent=269092"}],"wp:term":[{"taxonomy":"product_brand","embeddable":true,"href":"https:\/\/www.csj-emballages.com\/it\/wp-json\/wp\/v2\/product_brand?post=269092"},{"taxonomy":"product_cat","embeddable":true,"href":"https:\/\/www.csj-emballages.com\/it\/wp-json\/wp\/v2\/product_cat?post=269092"},{"taxonomy":"product_tag","embeddable":true,"href":"https:\/\/www.csj-emballages.com\/it\/wp-json\/wp\/v2\/product_tag?post=269092"}],"curies":[{"name":"wp","href":"https:\/\/api.w.org\/{rel}","templated":true}]}}