{"id":269080,"date":"2024-03-01T16:51:29","date_gmt":"2024-03-01T15:51:29","guid":{"rendered":"https:\/\/www.csj-emballages.com\/produit\/carta-da-riempimento-interkraft-1-m-x-400-ml\/"},"modified":"2026-04-17T10:23:31","modified_gmt":"2026-04-17T08:23:31","slug":"carta-da-riempimento-interkraft-1-m-x-400-ml","status":"publish","type":"product","link":"https:\/\/www.csj-emballages.com\/it\/produit\/carta-da-riempimento-interkraft-1-m-x-400-ml\/","title":{"rendered":"Carta da riempimento Interkraft 1 m x 400 ml"},"content":{"rendered":"<h2>Carta da riempimento<\/h2>\n<hr>\n<h3>Scopri la nostra carta da riempimento Interkraft 1 m x 400 ml<\/h3>\n<p><!--more--><\/p>\n<p data-start=\"190\" data-end=\"531\">Quando si tratta di proteggere un pacco senza complicarsi la vita, la <strong data-start=\"257\" data-end=\"290\">carta da riempimento Interkraft<\/strong> \u00e8 una scelta sicura. Progettata per <strong>bloccare, riempire e mettere in sicurezza i prodotti<\/strong> durante il trasporto, riduce efficacemente urti e movimenti all\u2019interno delle scatole. Risultato: le tue spedizioni arrivano a destinazione in condizioni decisamente migliori.  <\/p>\n<p data-start=\"533\" data-end=\"853\">Con il suo <strong data-start=\"542\" data-end=\"569\">formato largo da 1 metro<\/strong> e la sua <strong data-start=\"576\" data-end=\"612\">lunghezza di 400 metri lineari<\/strong>, questa <strong>carta<\/strong> ti permette di gestire grandi volumi di spedizione senza moltiplicare i rotoli. Si strappa facilmente a mano, velocizzando la preparazione dei pacchi e facendoti risparmiare tempo prezioso, soprattutto quando gli ordini si susseguono. <\/p>\n<p data-start=\"855\" data-end=\"1178\">La <span dir=\"auto\">carta <\/span><strong data-start=\"866\" data-end=\"880\"><span dir=\"auto\">Interkraf<\/span><\/strong>, resistente e al tempo stesso flessibile, si adatta alla forma dei prodotti per un bloccaggio efficace. \u00c8 adatta sia per oggetti fragili sia per articoli pi\u00f9 robusti, offrendo una protezione semplice ma affidabile. Inoltre, il suo aspetto naturale d\u00e0 ai tuoi imballaggi un\u2019immagine curata e professionale.  <\/p>\n<p data-start=\"1180\" data-end=\"1421\">Questa <strong>carta da riempimento<\/strong> \u00e8 perfetta per <strong data-start=\"1230\" data-end=\"1308\">e-commerce, magazzini logistici, artigiani e aziende di spedizione<\/strong> che cercano una soluzione pratica per mettere in sicurezza i pacchi, mantenendo un\u2019organizzazione semplice.<\/p>\n<p data-start=\"1423\" data-end=\"1581\">In sintesi, la <strong>carta da riempimento Interkraft<\/strong> \u00e8 indispensabile per preparare spedizioni pulite, ben bloccate ed efficienti, senza perdere tempo n\u00e9 materiale.<\/p>\n<p data-start=\"1423\" data-end=\"1581\">\n<p data-start=\"1423\" data-end=\"1581\"><!--more--><\/p>\n<h4 data-start=\"1423\" data-end=\"1581\">Vantaggi:<\/h4>\n<ul>\n<li data-start=\"1609\" data-end=\"1659\">Ideale per il bloccaggio e la protezione dei pacchi.<\/li>\n<li data-start=\"1662\" data-end=\"1685\">Formato largo <strong>1 metro<\/strong>.<\/li>\n<li data-start=\"1688\" data-end=\"1730\">Grande lunghezza di <strong>400 metri<\/strong> lineari.<\/li>\n<li data-start=\"1733\" data-end=\"1762\">Strappo facile a mano.<\/li>\n<li data-start=\"1765\" data-end=\"1787\">Resistente e flessibile.<\/li>\n<li data-start=\"1790\" data-end=\"1825\">Adatta all\u2019uso professionale<\/li>\n<\/ul>\n<p>&nbsp;<\/p>\n<p><!--more--><\/p>\n<h4>Altre informazioni:<\/h4>\n<ul>\n<li><strong>Confezionamento<\/strong>: Risma da 10 kg<\/li>\n<li><strong>Dimensioni<\/strong>: 1 m x 400 ml<\/li>\n<li><strong>Colore<\/strong>: Marrone<\/li>\n<li><strong>Materiale<\/strong>: Carta<\/li>\n<\/ul>\n<p>&nbsp;<\/p>\n<p><!--more--><\/p>\n<p>Trova qui la nostra carta bianca da giornale in risma da 10 kg: <span style=\"color: #d12727;\"><a style=\"color: #d12727;\" href=\"https:\/\/www.csj-emballages.com\/pt-pt\/produit\/jornal-branco-40-x-60-cm-em-10-kg\/\">PAPJOUR<\/a><\/span><\/p>\n<p>&nbsp;<\/p>\n<p><!--more--><\/p>\n<p><a href=\"https:\/\/www.csj-emballages.com\/it\/categorie-produit\/imballaggi-industriali\/carta-da-riempimento\/\">Consulta il resto della nostra gamma di carta da riempimento<\/a><\/p>\n","protected":false},"excerpt":{"rendered":"<p>Carta da riempimento Scopri la nostra carta da riempimento Interkraft 1 m x 400 ml<\/p>\n","protected":false},"featured_media":269081,"template":"","meta":{"_acf_changed":false},"product_brand":[],"product_cat":[10346,10370,10914],"product_tag":[],"class_list":{"0":"post-269080","1":"product","2":"type-product","3":"status-publish","4":"has-post-thumbnail","6":"product_cat-imballaggi-alimentari","7":"product_cat-cartoni","8":"product_cat-carta-da-riempimento","10":"first","11":"instock","12":"taxable","13":"shipping-taxable","14":"purchasable","15":"product-type-simple"},"acf":[],"yoast_head":"<!-- This site is optimized with the Yoast SEO Premium plugin v26.6 (Yoast SEO v26.6) - https:\/\/yoast.com\/wordpress\/plugins\/seo\/ -->\n<title>Carta da riempimento Interkraft 1 m x 400 ml \/ csj-emballages<\/title>\n<meta name=\"description\" content=\"Acquista carta da riempimento per proteggere i tuoi prodotti!! dim: 1 metro x 400 ml!! Scegli un prodotto di qualit\u00e0 a prezzo scontato\" \/>\n<meta name=\"robots\" content=\"index, follow, max-snippet:-1, max-image-preview:large, max-video-preview:-1\" \/>\n<link rel=\"canonical\" href=\"https:\/\/www.csj-emballages.com\/it\/produit\/carta-da-riempimento-interkraft-1-m-x-400-ml\/\" \/>\n<meta property=\"og:locale\" content=\"it_IT\" \/>\n<meta property=\"og:type\" content=\"article\" \/>\n<meta property=\"og:title\" content=\"Carta da riempimento Interkraft 1 m x 400 ml\" \/>\n<meta property=\"og:description\" content=\"Acquista carta da riempimento per proteggere i tuoi prodotti!! dim: 1 metro x 400 ml!! Scegli un prodotto di qualit\u00e0 a prezzo scontato\" \/>\n<meta property=\"og:url\" content=\"https:\/\/www.csj-emballages.com\/it\/produit\/carta-da-riempimento-interkraft-1-m-x-400-ml\/\" \/>\n<meta property=\"og:site_name\" content=\"CSJ Emballages\" \/>\n<meta property=\"article:publisher\" content=\"https:\/\/www.facebook.com\/csjemballages\" \/>\n<meta property=\"article:modified_time\" content=\"2026-04-17T08:23:31+00:00\" \/>\n<meta property=\"og:image\" content=\"https:\/\/www.csj-emballages.com\/wp-content\/uploads\/2024\/03\/Papier-de-bourrage-interkraft.webp\" \/>\n\t<meta property=\"og:image:width\" content=\"800\" \/>\n\t<meta property=\"og:image:height\" content=\"800\" \/>\n\t<meta property=\"og:image:type\" content=\"image\/webp\" \/>\n<meta name=\"twitter:card\" content=\"summary_large_image\" \/>\n<meta name=\"twitter:label1\" content=\"Dur\u00e9e de lecture estim\u00e9e\" \/>\n\t<meta name=\"twitter:data1\" content=\"1 minuto\" \/>\n<script type=\"application\/ld+json\" class=\"yoast-schema-graph\">{\"@context\":\"https:\/\/schema.org\",\"@graph\":[{\"@type\":\"WebPage\",\"@id\":\"https:\/\/www.csj-emballages.com\/it\/produit\/carta-da-riempimento-interkraft-1-m-x-400-ml\/\",\"url\":\"https:\/\/www.csj-emballages.com\/it\/produit\/carta-da-riempimento-interkraft-1-m-x-400-ml\/\",\"name\":\"Carta da riempimento Interkraft 1 m x 400 ml \/ csj-emballages\",\"isPartOf\":{\"@id\":\"https:\/\/www.csj-emballages.com\/it\/#website\"},\"primaryImageOfPage\":{\"@id\":\"https:\/\/www.csj-emballages.com\/it\/produit\/carta-da-riempimento-interkraft-1-m-x-400-ml\/#primaryimage\"},\"image\":{\"@id\":\"https:\/\/www.csj-emballages.com\/it\/produit\/carta-da-riempimento-interkraft-1-m-x-400-ml\/#primaryimage\"},\"thumbnailUrl\":\"https:\/\/www.csj-emballages.com\/wp-content\/uploads\/2024\/03\/Papier-de-bourrage-interkraft.webp\",\"datePublished\":\"2024-03-01T15:51:29+00:00\",\"dateModified\":\"2026-04-17T08:23:31+00:00\",\"description\":\"Acquista carta da riempimento per proteggere i tuoi prodotti!! dim: 1 metro x 400 ml!! Scegli un prodotto di qualit\u00e0 a prezzo scontato\",\"breadcrumb\":{\"@id\":\"https:\/\/www.csj-emballages.com\/it\/produit\/carta-da-riempimento-interkraft-1-m-x-400-ml\/#breadcrumb\"},\"inLanguage\":\"it-IT\",\"potentialAction\":[{\"@type\":\"ReadAction\",\"target\":[\"https:\/\/www.csj-emballages.com\/it\/produit\/carta-da-riempimento-interkraft-1-m-x-400-ml\/\"]}]},{\"@type\":\"ImageObject\",\"inLanguage\":\"it-IT\",\"@id\":\"https:\/\/www.csj-emballages.com\/it\/produit\/carta-da-riempimento-interkraft-1-m-x-400-ml\/#primaryimage\",\"url\":\"https:\/\/www.csj-emballages.com\/wp-content\/uploads\/2024\/03\/Papier-de-bourrage-interkraft.webp\",\"contentUrl\":\"https:\/\/www.csj-emballages.com\/wp-content\/uploads\/2024\/03\/Papier-de-bourrage-interkraft.webp\",\"width\":800,\"height\":800,\"caption\":\"Papier de bourrage interkraft\"},{\"@type\":\"BreadcrumbList\",\"@id\":\"https:\/\/www.csj-emballages.com\/it\/produit\/carta-da-riempimento-interkraft-1-m-x-400-ml\/#breadcrumb\",\"itemListElement\":[{\"@type\":\"ListItem\",\"position\":1,\"name\":\"Home\",\"item\":\"https:\/\/www.csj-emballages.com\/it\/universo-imballaggi-alimentari\/\"},{\"@type\":\"ListItem\",\"position\":2,\"name\":\"Negozio\",\"item\":\"https:\/\/www.csj-emballages.com\/it\/negozio\/\"},{\"@type\":\"ListItem\",\"position\":3,\"name\":\"Carta da riempimento Interkraft 1 m x 400 ml\"}]},{\"@type\":\"WebSite\",\"@id\":\"https:\/\/www.csj-emballages.com\/it\/#website\",\"url\":\"https:\/\/www.csj-emballages.com\/it\/\",\"name\":\"CSJ Emballages\",\"description\":\"\",\"publisher\":{\"@id\":\"https:\/\/www.csj-emballages.com\/it\/#organization\"},\"potentialAction\":[{\"@type\":\"SearchAction\",\"target\":{\"@type\":\"EntryPoint\",\"urlTemplate\":\"https:\/\/www.csj-emballages.com\/it\/?s={search_term_string}\"},\"query-input\":{\"@type\":\"PropertyValueSpecification\",\"valueRequired\":true,\"valueName\":\"search_term_string\"}}],\"inLanguage\":\"it-IT\"},{\"@type\":\"Organization\",\"@id\":\"https:\/\/www.csj-emballages.com\/it\/#Organization\/\",\"name\":\"CSJ Emballages\",\"url\":\"https:\/\/www.csj-emballages.com\/it\/\",\"logo\":{\"@type\":\"ImageObject\",\"inLanguage\":\"it-IT\",\"@id\":\"https:\/\/www.csj-emballages.com\/it\/#\/schema\/logo\/image\/\",\"url\":\"https:\/\/www.csj-emballages.com\/wp-content\/uploads\/2023\/10\/logo_csj.webp\",\"contentUrl\":\"https:\/\/www.csj-emballages.com\/wp-content\/uploads\/2023\/10\/logo_csj.webp\",\"width\":250,\"height\":95,\"caption\":\"CSJ Emballages\"},\"image\":{\"@id\":\"https:\/\/www.csj-emballages.com\/it\/#\/schema\/logo\/image\/\"},\"sameAs\":[\"https:\/\/www.facebook.com\/csjemballages\"],\"address\":{\"@type\":\"PostalAddress\",\"streetAddress\":\"ZI La Lechere\",\"addressLocality\":\"Patornay\",\"postalCode\":\"39130\",\"addressCountry\":\"FR\"},\"contactPoint\":[{\"@type\":\"ContactPoint\",\"contactType\":\"Service client\",\"telephone\":\"0384254272\",\"email\":\"contact@csj-emballages.com\"}]}]}<\/script>\n<!-- \/ Yoast SEO Premium plugin. -->","yoast_head_json":{"title":"Carta da riempimento Interkraft 1 m x 400 ml \/ csj-emballages","description":"Acquista carta da riempimento per proteggere i tuoi prodotti!! dim: 1 metro x 400 ml!! Scegli un prodotto di qualit\u00e0 a prezzo scontato","robots":{"index":"index","follow":"follow","max-snippet":"max-snippet:-1","max-image-preview":"max-image-preview:large","max-video-preview":"max-video-preview:-1"},"canonical":"https:\/\/www.csj-emballages.com\/it\/produit\/carta-da-riempimento-interkraft-1-m-x-400-ml\/","og_locale":"it_IT","og_type":"article","og_title":"Carta da riempimento Interkraft 1 m x 400 ml","og_description":"Acquista carta da riempimento per proteggere i tuoi prodotti!! dim: 1 metro x 400 ml!! Scegli un prodotto di qualit\u00e0 a prezzo scontato","og_url":"https:\/\/www.csj-emballages.com\/it\/produit\/carta-da-riempimento-interkraft-1-m-x-400-ml\/","og_site_name":"CSJ Emballages","article_publisher":"https:\/\/www.facebook.com\/csjemballages","article_modified_time":"2026-04-17T08:23:31+00:00","og_image":[{"width":800,"height":800,"url":"https:\/\/www.csj-emballages.com\/wp-content\/uploads\/2024\/03\/Papier-de-bourrage-interkraft.webp","type":"image\/webp"}],"twitter_card":"summary_large_image","twitter_misc":{"Dur\u00e9e de lecture estim\u00e9e":"1 minuto"},"schema":{"@context":"https:\/\/schema.org","@graph":[{"@type":"WebPage","@id":"https:\/\/www.csj-emballages.com\/it\/produit\/carta-da-riempimento-interkraft-1-m-x-400-ml\/","url":"https:\/\/www.csj-emballages.com\/it\/produit\/carta-da-riempimento-interkraft-1-m-x-400-ml\/","name":"Carta da riempimento Interkraft 1 m x 400 ml \/ csj-emballages","isPartOf":{"@id":"https:\/\/www.csj-emballages.com\/it\/#website"},"primaryImageOfPage":{"@id":"https:\/\/www.csj-emballages.com\/it\/produit\/carta-da-riempimento-interkraft-1-m-x-400-ml\/#primaryimage"},"image":{"@id":"https:\/\/www.csj-emballages.com\/it\/produit\/carta-da-riempimento-interkraft-1-m-x-400-ml\/#primaryimage"},"thumbnailUrl":"https:\/\/www.csj-emballages.com\/wp-content\/uploads\/2024\/03\/Papier-de-bourrage-interkraft.webp","datePublished":"2024-03-01T15:51:29+00:00","dateModified":"2026-04-17T08:23:31+00:00","description":"Acquista carta da riempimento per proteggere i tuoi prodotti!! dim: 1 metro x 400 ml!! Scegli un prodotto di qualit\u00e0 a prezzo scontato","breadcrumb":{"@id":"https:\/\/www.csj-emballages.com\/it\/produit\/carta-da-riempimento-interkraft-1-m-x-400-ml\/#breadcrumb"},"inLanguage":"it-IT","potentialAction":[{"@type":"ReadAction","target":["https:\/\/www.csj-emballages.com\/it\/produit\/carta-da-riempimento-interkraft-1-m-x-400-ml\/"]}]},{"@type":"ImageObject","inLanguage":"it-IT","@id":"https:\/\/www.csj-emballages.com\/it\/produit\/carta-da-riempimento-interkraft-1-m-x-400-ml\/#primaryimage","url":"https:\/\/www.csj-emballages.com\/wp-content\/uploads\/2024\/03\/Papier-de-bourrage-interkraft.webp","contentUrl":"https:\/\/www.csj-emballages.com\/wp-content\/uploads\/2024\/03\/Papier-de-bourrage-interkraft.webp","width":800,"height":800,"caption":"Papier de bourrage interkraft"},{"@type":"BreadcrumbList","@id":"https:\/\/www.csj-emballages.com\/it\/produit\/carta-da-riempimento-interkraft-1-m-x-400-ml\/#breadcrumb","itemListElement":[{"@type":"ListItem","position":1,"name":"Home","item":"https:\/\/www.csj-emballages.com\/it\/universo-imballaggi-alimentari\/"},{"@type":"ListItem","position":2,"name":"Negozio","item":"https:\/\/www.csj-emballages.com\/it\/negozio\/"},{"@type":"ListItem","position":3,"name":"Carta da riempimento Interkraft 1 m x 400 ml"}]},{"@type":"WebSite","@id":"https:\/\/www.csj-emballages.com\/it\/#website","url":"https:\/\/www.csj-emballages.com\/it\/","name":"CSJ Emballages","description":"","publisher":{"@id":"https:\/\/www.csj-emballages.com\/it\/#organization"},"potentialAction":[{"@type":"SearchAction","target":{"@type":"EntryPoint","urlTemplate":"https:\/\/www.csj-emballages.com\/it\/?s={search_term_string}"},"query-input":{"@type":"PropertyValueSpecification","valueRequired":true,"valueName":"search_term_string"}}],"inLanguage":"it-IT"},{"@type":"Organization","@id":"https:\/\/www.csj-emballages.com\/it\/#Organization\/","name":"CSJ Emballages","url":"https:\/\/www.csj-emballages.com\/it\/","logo":{"@type":"ImageObject","inLanguage":"it-IT","@id":"https:\/\/www.csj-emballages.com\/it\/#\/schema\/logo\/image\/","url":"https:\/\/www.csj-emballages.com\/wp-content\/uploads\/2023\/10\/logo_csj.webp","contentUrl":"https:\/\/www.csj-emballages.com\/wp-content\/uploads\/2023\/10\/logo_csj.webp","width":250,"height":95,"caption":"CSJ Emballages"},"image":{"@id":"https:\/\/www.csj-emballages.com\/it\/#\/schema\/logo\/image\/"},"sameAs":["https:\/\/www.facebook.com\/csjemballages"],"address":{"@type":"PostalAddress","streetAddress":"ZI La Lechere","addressLocality":"Patornay","postalCode":"39130","addressCountry":"FR"},"contactPoint":[{"@type":"ContactPoint","contactType":"Service client","telephone":"0384254272","email":"contact@csj-emballages.com"}]}]}},"df_price":97.42,"df_sale_price":"","df_regular_price":97.42,"df_image_link":"https:\/\/www.csj-emballages.com\/wp-content\/uploads\/2024\/03\/Papier-de-bourrage-interkraft-300x300.webp","tiered_pricing_type":"fixed","tiered_pricing_fixed_rules":[],"tiered_pricing_percentage_rules":[],"tiered_pricing_minimum":1,"tiered_pricing_roles_data":[],"_links":{"self":[{"href":"https:\/\/www.csj-emballages.com\/it\/wp-json\/wp\/v2\/product\/269080","targetHints":{"allow":["GET"]}}],"collection":[{"href":"https:\/\/www.csj-emballages.com\/it\/wp-json\/wp\/v2\/product"}],"about":[{"href":"https:\/\/www.csj-emballages.com\/it\/wp-json\/wp\/v2\/types\/product"}],"wp:featuredmedia":[{"embeddable":true,"href":"https:\/\/www.csj-emballages.com\/it\/wp-json\/wp\/v2\/media\/269081"}],"wp:attachment":[{"href":"https:\/\/www.csj-emballages.com\/it\/wp-json\/wp\/v2\/media?parent=269080"}],"wp:term":[{"taxonomy":"product_brand","embeddable":true,"href":"https:\/\/www.csj-emballages.com\/it\/wp-json\/wp\/v2\/product_brand?post=269080"},{"taxonomy":"product_cat","embeddable":true,"href":"https:\/\/www.csj-emballages.com\/it\/wp-json\/wp\/v2\/product_cat?post=269080"},{"taxonomy":"product_tag","embeddable":true,"href":"https:\/\/www.csj-emballages.com\/it\/wp-json\/wp\/v2\/product_tag?post=269080"}],"curies":[{"name":"wp","href":"https:\/\/api.w.org\/{rel}","templated":true}]}}