{"id":269021,"date":"2024-03-01T16:55:51","date_gmt":"2024-03-01T15:55:51","guid":{"rendered":"https:\/\/www.csj-emballages.com\/produit\/scatola-per-pasticceria-sensation-in-cartone-colorato-40-x-5-cm-da-25\/"},"modified":"2026-04-03T08:32:47","modified_gmt":"2026-04-03T06:32:47","slug":"scatola-per-pasticceria-sensation-in-cartone-colorato-40-x-5-cm-da-25","status":"publish","type":"product","link":"https:\/\/www.csj-emballages.com\/it\/produit\/scatola-per-pasticceria-sensation-in-cartone-colorato-40-x-5-cm-da-25\/","title":{"rendered":"Scatola per pasticceria &#8220;Sensation&#8221; in cartone colorato 40 x 5 cm da 25"},"content":{"rendered":"<h2 data-start=\"251\" data-end=\"581\">Scatola per pasticceria &#8220;Sensation&#8221; in cartone colorato 40 x 5 cm da 25<\/h2>\n<hr>\n<h3 data-start=\"251\" data-end=\"581\">Scopri la nostra scatola per pasticceria &#8220;Sensation&#8221; in cartone colorato 40 x 5 cm da 25<\/h3>\n<p><!--more--><\/p>\n<p data-start=\"251\" data-end=\"581\">La <strong>scatola per pasticceria \u00ab Sensation \u00bb in cartone colorato 40 x 5 cm<\/strong> \u00e8 ideale per valorizzare e proteggere le tue creazioni di pasticceria allungate. Con il suo design luminoso e goloso, che mette in risalto immagini di dessert raffinati, valorizza subito i tuoi prodotti in negozio e rafforza l\u2019immagine di qualit\u00e0 del tuo locale. <\/p>\n<p data-start=\"583\" data-end=\"967\">Il suo grande formato <strong>quadrato 40 x 40 cm<\/strong> \u00e8 perfetto per torte per la famiglia, grandi entremets, torte, teglie da pasticceria o assortimenti da condividere. La sua <strong>altezza di 5 cm<\/strong> \u00e8 particolarmente adatta ai dolci poco alti, garantendo al contempo una tenuta ottimale. <\/p>\n<p data-start=\"969\" data-end=\"1260\">La gamma \u00ab <strong>Sensation<\/strong> \u00bb conquista con il suo stile moderno e invitante, ideale per pasticceri, panettieri e catering che vogliono un imballaggio funzionale e attraente. \u00c8 perfetta sia per le vendite quotidiane sia per i periodi festivi o gli ordini speciali. <\/p>\n<p data-start=\"1262\" data-end=\"1529\">Facile da montare e pratica da maneggiare, questa scatola ottimizza i tempi di preparazione in laboratorio. Confezionata in lotto da <strong>25 unit\u00e0<\/strong>, \u00e8 adatta ai professionisti che cercano una soluzione estetica e performante per le loro creazioni allungate. <\/p>\n<p data-start=\"1262\" data-end=\"1529\">\n<p style=\"text-align: right;\" data-start=\"1262\" data-end=\"1529\"><!--more--><\/p>\n<h4 data-start=\"1262\" data-end=\"1529\">Vantaggi:<\/h4>\n<ul>\n<li data-start=\"1490\" data-end=\"1557\">Grande formato <strong>40 x 40 x 5 cm<\/strong> ideale per grandi dolci bassi.<\/li>\n<li data-start=\"1560\" data-end=\"1602\">Design moderno e goloso \u00ab <strong>Sensation<\/strong> \u00bb.<\/li>\n<li data-start=\"1605\" data-end=\"1648\">Cartone rigido idoneo al contatto alimentare.<\/li>\n<li data-start=\"1690\" data-end=\"1742\">Adatta a torte, teglie ed entremets per la famiglia.<\/li>\n<li data-start=\"1745\" data-end=\"1776\">Facile da montare e da usare.<\/li>\n<li data-start=\"1823\" data-end=\"1863\">Confezione pratica da <strong>25 scatole<\/strong>.<\/li>\n<\/ul>\n<p>&nbsp;<\/p>\n<p><!--more--><\/p>\n<h4 data-start=\"1262\" data-end=\"1529\">Altre informazioni:<\/h4>\n<ul>\n<li><strong>Confezionamento<\/strong>: Pacco da 25<\/li>\n<li><strong>Dimensioni<\/strong> : 40 x 40 x 5 cm<\/li>\n<li><strong>Modello<\/strong> : Sensation<\/li>\n<li><strong>Colore<\/strong> : Verde \/ Bianco<\/li>\n<li><strong>Materiale<\/strong>: Cartone<\/li>\n<\/ul>\n<p>&nbsp;<\/p>\n<p><!--more--><\/p>\n<p><a href=\"\/?product_cat=boites-patissieres-delicieuses\">Consulta il resto della nostra gamma di scatole per pasticceria Sensation<\/a><\/p>\n","protected":false},"excerpt":{"rendered":"<p>Scatola per pasticceria &#8220;Sensation&#8221; in cartone colorato 40 x 5 cm da 25 Scopri la nostra scatola per pasticceria &#8220;Sensation&#8221; in cartone colorato 40 x 5 cm da 25<\/p>\n","protected":false},"featured_media":267672,"template":"","meta":{"_acf_changed":false},"product_brand":[],"product_cat":[10346,10344,10513,10509,10557,10900,10358],"product_tag":[],"class_list":{"0":"post-269021","1":"product","2":"type-product","3":"status-publish","4":"has-post-thumbnail","6":"product_cat-imballaggi-alimentari","7":"product_cat-panetteria-pasticceria","8":"product_cat-scatola-e-astuccio","9":"product_cat-scatole-pasticceria","10":"product_cat-scatole-pasticceria-colorate","11":"product_cat-scatole-per-pasticceria-lecon","12":"product_cat-stock","14":"first","15":"instock","16":"sale","17":"taxable","18":"shipping-taxable","19":"purchasable","20":"product-type-simple"},"acf":[],"yoast_head":"<!-- This site is optimized with the Yoast SEO Premium plugin v26.6 (Yoast SEO v26.6) - https:\/\/yoast.com\/wordpress\/plugins\/seo\/ -->\n<title>Scatola per pasticceria &quot;Sensation&quot; in cartone colorato 40 x 5 cm da 25<\/title>\n<meta name=\"description\" content=\"Scatola per pasticceria \u00ab Sensation \u00bb in cartone colorato 40 x 40 x 5 cm da 25. Ideale per torte grandi e dolci per la famiglia.\" \/>\n<meta name=\"robots\" content=\"index, follow, max-snippet:-1, max-image-preview:large, max-video-preview:-1\" \/>\n<link rel=\"canonical\" href=\"https:\/\/www.csj-emballages.com\/it\/produit\/scatola-per-pasticceria-sensation-in-cartone-colorato-40-x-5-cm-da-25\/\" \/>\n<meta property=\"og:locale\" content=\"it_IT\" \/>\n<meta property=\"og:type\" content=\"article\" \/>\n<meta property=\"og:title\" content=\"Scatola per pasticceria &quot;Sensation&quot; in cartone colorato 40 x 5 cm da 25\" \/>\n<meta property=\"og:description\" content=\"Scatola per pasticceria \u00ab Sensation \u00bb in cartone colorato 40 x 40 x 5 cm da 25. Ideale per torte grandi e dolci per la famiglia.\" \/>\n<meta property=\"og:url\" content=\"https:\/\/www.csj-emballages.com\/it\/produit\/scatola-per-pasticceria-sensation-in-cartone-colorato-40-x-5-cm-da-25\/\" \/>\n<meta property=\"og:site_name\" content=\"CSJ Emballages\" \/>\n<meta property=\"article:publisher\" content=\"https:\/\/www.facebook.com\/csjemballages\" \/>\n<meta property=\"article:modified_time\" content=\"2026-04-03T06:32:47+00:00\" \/>\n<meta property=\"og:image\" content=\"https:\/\/www.csj-emballages.com\/wp-content\/uploads\/2024\/03\/Capture_d_ecran_2024-06-28_a_15.40.07-removebg-preview-1-e1724336254920.png\" \/>\n\t<meta property=\"og:image:width\" content=\"300\" \/>\n\t<meta property=\"og:image:height\" content=\"301\" \/>\n\t<meta property=\"og:image:type\" content=\"image\/png\" \/>\n<meta name=\"twitter:card\" content=\"summary_large_image\" \/>\n<meta name=\"twitter:label1\" content=\"Dur\u00e9e de lecture estim\u00e9e\" \/>\n\t<meta name=\"twitter:data1\" content=\"1 minuto\" \/>\n<script type=\"application\/ld+json\" class=\"yoast-schema-graph\">{\"@context\":\"https:\/\/schema.org\",\"@graph\":[{\"@type\":\"WebPage\",\"@id\":\"https:\/\/www.csj-emballages.com\/it\/produit\/scatola-per-pasticceria-sensation-in-cartone-colorato-40-x-5-cm-da-25\/\",\"url\":\"https:\/\/www.csj-emballages.com\/it\/produit\/scatola-per-pasticceria-sensation-in-cartone-colorato-40-x-5-cm-da-25\/\",\"name\":\"Scatola per pasticceria \\\"Sensation\\\" in cartone colorato 40 x 5 cm da 25\",\"isPartOf\":{\"@id\":\"https:\/\/www.csj-emballages.com\/it\/#website\"},\"primaryImageOfPage\":{\"@id\":\"https:\/\/www.csj-emballages.com\/it\/produit\/scatola-per-pasticceria-sensation-in-cartone-colorato-40-x-5-cm-da-25\/#primaryimage\"},\"image\":{\"@id\":\"https:\/\/www.csj-emballages.com\/it\/produit\/scatola-per-pasticceria-sensation-in-cartone-colorato-40-x-5-cm-da-25\/#primaryimage\"},\"thumbnailUrl\":\"https:\/\/www.csj-emballages.com\/wp-content\/uploads\/2024\/03\/Capture_d_ecran_2024-06-28_a_15.40.07-removebg-preview-1-e1724336254920.png\",\"datePublished\":\"2024-03-01T15:55:51+00:00\",\"dateModified\":\"2026-04-03T06:32:47+00:00\",\"description\":\"Scatola per pasticceria \u00ab Sensation \u00bb in cartone colorato 40 x 40 x 5 cm da 25. Ideale per torte grandi e dolci per la famiglia.\",\"breadcrumb\":{\"@id\":\"https:\/\/www.csj-emballages.com\/it\/produit\/scatola-per-pasticceria-sensation-in-cartone-colorato-40-x-5-cm-da-25\/#breadcrumb\"},\"inLanguage\":\"it-IT\",\"potentialAction\":[{\"@type\":\"ReadAction\",\"target\":[\"https:\/\/www.csj-emballages.com\/it\/produit\/scatola-per-pasticceria-sensation-in-cartone-colorato-40-x-5-cm-da-25\/\"]}]},{\"@type\":\"ImageObject\",\"inLanguage\":\"it-IT\",\"@id\":\"https:\/\/www.csj-emballages.com\/it\/produit\/scatola-per-pasticceria-sensation-in-cartone-colorato-40-x-5-cm-da-25\/#primaryimage\",\"url\":\"https:\/\/www.csj-emballages.com\/wp-content\/uploads\/2024\/03\/Capture_d_ecran_2024-06-28_a_15.40.07-removebg-preview-1-e1724336254920.png\",\"contentUrl\":\"https:\/\/www.csj-emballages.com\/wp-content\/uploads\/2024\/03\/Capture_d_ecran_2024-06-28_a_15.40.07-removebg-preview-1-e1724336254920.png\",\"width\":300,\"height\":301,\"caption\":\"Bo\u00eetes p\u00e2tissi\u00e8res\"},{\"@type\":\"BreadcrumbList\",\"@id\":\"https:\/\/www.csj-emballages.com\/it\/produit\/scatola-per-pasticceria-sensation-in-cartone-colorato-40-x-5-cm-da-25\/#breadcrumb\",\"itemListElement\":[{\"@type\":\"ListItem\",\"position\":1,\"name\":\"Home\",\"item\":\"https:\/\/www.csj-emballages.com\/it\/universo-imballaggi-alimentari\/\"},{\"@type\":\"ListItem\",\"position\":2,\"name\":\"Negozio\",\"item\":\"https:\/\/www.csj-emballages.com\/it\/negozio\/\"},{\"@type\":\"ListItem\",\"position\":3,\"name\":\"Scatola per pasticceria \u00ab\u00a0Sensation\u00a0\u00bb in cartone colorato 40 x 5 cm da 25\"}]},{\"@type\":\"WebSite\",\"@id\":\"https:\/\/www.csj-emballages.com\/it\/#website\",\"url\":\"https:\/\/www.csj-emballages.com\/it\/\",\"name\":\"CSJ Emballages\",\"description\":\"\",\"publisher\":{\"@id\":\"https:\/\/www.csj-emballages.com\/it\/#organization\"},\"potentialAction\":[{\"@type\":\"SearchAction\",\"target\":{\"@type\":\"EntryPoint\",\"urlTemplate\":\"https:\/\/www.csj-emballages.com\/it\/?s={search_term_string}\"},\"query-input\":{\"@type\":\"PropertyValueSpecification\",\"valueRequired\":true,\"valueName\":\"search_term_string\"}}],\"inLanguage\":\"it-IT\"},{\"@type\":\"Organization\",\"@id\":\"https:\/\/www.csj-emballages.com\/it\/#Organization\/\",\"name\":\"CSJ Emballages\",\"url\":\"https:\/\/www.csj-emballages.com\/it\/\",\"logo\":{\"@type\":\"ImageObject\",\"inLanguage\":\"it-IT\",\"@id\":\"https:\/\/www.csj-emballages.com\/it\/#\/schema\/logo\/image\/\",\"url\":\"https:\/\/www.csj-emballages.com\/wp-content\/uploads\/2023\/10\/logo_csj.webp\",\"contentUrl\":\"https:\/\/www.csj-emballages.com\/wp-content\/uploads\/2023\/10\/logo_csj.webp\",\"width\":250,\"height\":95,\"caption\":\"CSJ Emballages\"},\"image\":{\"@id\":\"https:\/\/www.csj-emballages.com\/it\/#\/schema\/logo\/image\/\"},\"sameAs\":[\"https:\/\/www.facebook.com\/csjemballages\"],\"address\":{\"@type\":\"PostalAddress\",\"streetAddress\":\"ZI La Lechere\",\"addressLocality\":\"Patornay\",\"postalCode\":\"39130\",\"addressCountry\":\"FR\"},\"contactPoint\":[{\"@type\":\"ContactPoint\",\"contactType\":\"Service client\",\"telephone\":\"0384254272\",\"email\":\"contact@csj-emballages.com\"}]}]}<\/script>\n<!-- \/ Yoast SEO Premium plugin. -->","yoast_head_json":{"title":"Scatola per pasticceria \"Sensation\" in cartone colorato 40 x 5 cm da 25","description":"Scatola per pasticceria \u00ab Sensation \u00bb in cartone colorato 40 x 40 x 5 cm da 25. Ideale per torte grandi e dolci per la famiglia.","robots":{"index":"index","follow":"follow","max-snippet":"max-snippet:-1","max-image-preview":"max-image-preview:large","max-video-preview":"max-video-preview:-1"},"canonical":"https:\/\/www.csj-emballages.com\/it\/produit\/scatola-per-pasticceria-sensation-in-cartone-colorato-40-x-5-cm-da-25\/","og_locale":"it_IT","og_type":"article","og_title":"Scatola per pasticceria \"Sensation\" in cartone colorato 40 x 5 cm da 25","og_description":"Scatola per pasticceria \u00ab Sensation \u00bb in cartone colorato 40 x 40 x 5 cm da 25. Ideale per torte grandi e dolci per la famiglia.","og_url":"https:\/\/www.csj-emballages.com\/it\/produit\/scatola-per-pasticceria-sensation-in-cartone-colorato-40-x-5-cm-da-25\/","og_site_name":"CSJ Emballages","article_publisher":"https:\/\/www.facebook.com\/csjemballages","article_modified_time":"2026-04-03T06:32:47+00:00","og_image":[{"width":300,"height":301,"url":"https:\/\/www.csj-emballages.com\/wp-content\/uploads\/2024\/03\/Capture_d_ecran_2024-06-28_a_15.40.07-removebg-preview-1-e1724336254920.png","type":"image\/png"}],"twitter_card":"summary_large_image","twitter_misc":{"Dur\u00e9e de lecture estim\u00e9e":"1 minuto"},"schema":{"@context":"https:\/\/schema.org","@graph":[{"@type":"WebPage","@id":"https:\/\/www.csj-emballages.com\/it\/produit\/scatola-per-pasticceria-sensation-in-cartone-colorato-40-x-5-cm-da-25\/","url":"https:\/\/www.csj-emballages.com\/it\/produit\/scatola-per-pasticceria-sensation-in-cartone-colorato-40-x-5-cm-da-25\/","name":"Scatola per pasticceria \"Sensation\" in cartone colorato 40 x 5 cm da 25","isPartOf":{"@id":"https:\/\/www.csj-emballages.com\/it\/#website"},"primaryImageOfPage":{"@id":"https:\/\/www.csj-emballages.com\/it\/produit\/scatola-per-pasticceria-sensation-in-cartone-colorato-40-x-5-cm-da-25\/#primaryimage"},"image":{"@id":"https:\/\/www.csj-emballages.com\/it\/produit\/scatola-per-pasticceria-sensation-in-cartone-colorato-40-x-5-cm-da-25\/#primaryimage"},"thumbnailUrl":"https:\/\/www.csj-emballages.com\/wp-content\/uploads\/2024\/03\/Capture_d_ecran_2024-06-28_a_15.40.07-removebg-preview-1-e1724336254920.png","datePublished":"2024-03-01T15:55:51+00:00","dateModified":"2026-04-03T06:32:47+00:00","description":"Scatola per pasticceria \u00ab Sensation \u00bb in cartone colorato 40 x 40 x 5 cm da 25. Ideale per torte grandi e dolci per la famiglia.","breadcrumb":{"@id":"https:\/\/www.csj-emballages.com\/it\/produit\/scatola-per-pasticceria-sensation-in-cartone-colorato-40-x-5-cm-da-25\/#breadcrumb"},"inLanguage":"it-IT","potentialAction":[{"@type":"ReadAction","target":["https:\/\/www.csj-emballages.com\/it\/produit\/scatola-per-pasticceria-sensation-in-cartone-colorato-40-x-5-cm-da-25\/"]}]},{"@type":"ImageObject","inLanguage":"it-IT","@id":"https:\/\/www.csj-emballages.com\/it\/produit\/scatola-per-pasticceria-sensation-in-cartone-colorato-40-x-5-cm-da-25\/#primaryimage","url":"https:\/\/www.csj-emballages.com\/wp-content\/uploads\/2024\/03\/Capture_d_ecran_2024-06-28_a_15.40.07-removebg-preview-1-e1724336254920.png","contentUrl":"https:\/\/www.csj-emballages.com\/wp-content\/uploads\/2024\/03\/Capture_d_ecran_2024-06-28_a_15.40.07-removebg-preview-1-e1724336254920.png","width":300,"height":301,"caption":"Bo\u00eetes p\u00e2tissi\u00e8res"},{"@type":"BreadcrumbList","@id":"https:\/\/www.csj-emballages.com\/it\/produit\/scatola-per-pasticceria-sensation-in-cartone-colorato-40-x-5-cm-da-25\/#breadcrumb","itemListElement":[{"@type":"ListItem","position":1,"name":"Home","item":"https:\/\/www.csj-emballages.com\/it\/universo-imballaggi-alimentari\/"},{"@type":"ListItem","position":2,"name":"Negozio","item":"https:\/\/www.csj-emballages.com\/it\/negozio\/"},{"@type":"ListItem","position":3,"name":"Scatola per pasticceria \u00ab\u00a0Sensation\u00a0\u00bb in cartone colorato 40 x 5 cm da 25"}]},{"@type":"WebSite","@id":"https:\/\/www.csj-emballages.com\/it\/#website","url":"https:\/\/www.csj-emballages.com\/it\/","name":"CSJ Emballages","description":"","publisher":{"@id":"https:\/\/www.csj-emballages.com\/it\/#organization"},"potentialAction":[{"@type":"SearchAction","target":{"@type":"EntryPoint","urlTemplate":"https:\/\/www.csj-emballages.com\/it\/?s={search_term_string}"},"query-input":{"@type":"PropertyValueSpecification","valueRequired":true,"valueName":"search_term_string"}}],"inLanguage":"it-IT"},{"@type":"Organization","@id":"https:\/\/www.csj-emballages.com\/it\/#Organization\/","name":"CSJ Emballages","url":"https:\/\/www.csj-emballages.com\/it\/","logo":{"@type":"ImageObject","inLanguage":"it-IT","@id":"https:\/\/www.csj-emballages.com\/it\/#\/schema\/logo\/image\/","url":"https:\/\/www.csj-emballages.com\/wp-content\/uploads\/2023\/10\/logo_csj.webp","contentUrl":"https:\/\/www.csj-emballages.com\/wp-content\/uploads\/2023\/10\/logo_csj.webp","width":250,"height":95,"caption":"CSJ Emballages"},"image":{"@id":"https:\/\/www.csj-emballages.com\/it\/#\/schema\/logo\/image\/"},"sameAs":["https:\/\/www.facebook.com\/csjemballages"],"address":{"@type":"PostalAddress","streetAddress":"ZI La Lechere","addressLocality":"Patornay","postalCode":"39130","addressCountry":"FR"},"contactPoint":[{"@type":"ContactPoint","contactType":"Service client","telephone":"0384254272","email":"contact@csj-emballages.com"}]}]}},"df_price":14.46,"df_sale_price":14.46,"df_regular_price":18.07,"df_image_link":"https:\/\/www.csj-emballages.com\/wp-content\/uploads\/2024\/03\/Capture_d_ecran_2024-06-28_a_15.40.07-removebg-preview-1-300x300.png","tiered_pricing_type":"fixed","tiered_pricing_fixed_rules":[],"tiered_pricing_percentage_rules":[],"tiered_pricing_minimum":1,"tiered_pricing_roles_data":[],"_links":{"self":[{"href":"https:\/\/www.csj-emballages.com\/it\/wp-json\/wp\/v2\/product\/269021","targetHints":{"allow":["GET"]}}],"collection":[{"href":"https:\/\/www.csj-emballages.com\/it\/wp-json\/wp\/v2\/product"}],"about":[{"href":"https:\/\/www.csj-emballages.com\/it\/wp-json\/wp\/v2\/types\/product"}],"wp:featuredmedia":[{"embeddable":true,"href":"https:\/\/www.csj-emballages.com\/it\/wp-json\/wp\/v2\/media\/267672"}],"wp:attachment":[{"href":"https:\/\/www.csj-emballages.com\/it\/wp-json\/wp\/v2\/media?parent=269021"}],"wp:term":[{"taxonomy":"product_brand","embeddable":true,"href":"https:\/\/www.csj-emballages.com\/it\/wp-json\/wp\/v2\/product_brand?post=269021"},{"taxonomy":"product_cat","embeddable":true,"href":"https:\/\/www.csj-emballages.com\/it\/wp-json\/wp\/v2\/product_cat?post=269021"},{"taxonomy":"product_tag","embeddable":true,"href":"https:\/\/www.csj-emballages.com\/it\/wp-json\/wp\/v2\/product_tag?post=269021"}],"curies":[{"name":"wp","href":"https:\/\/api.w.org\/{rel}","templated":true}]}}