{"id":268985,"date":"2024-03-01T16:55:48","date_gmt":"2024-03-01T15:55:48","guid":{"rendered":"https:\/\/www.csj-emballages.com\/produit\/supporto-per-torta-quadrato-anice-fucsia-16-x-16-cm-confezione-da-100\/"},"modified":"2026-04-15T02:12:09","modified_gmt":"2026-04-15T00:12:09","slug":"supporto-per-torta-quadrato-anice-fucsia-16-x-16-cm-confezione-da-100","status":"publish","type":"product","link":"https:\/\/www.csj-emballages.com\/it\/produit\/supporto-per-torta-quadrato-anice-fucsia-16-x-16-cm-confezione-da-100\/","title":{"rendered":"Supporto per torta quadrato anice \/ fucsia 16 x 16 cm confezione da 100"},"content":{"rendered":"<h2>Supporto per torta<\/h2>\n<hr>\n<h3>Scopri il nostro supporto per torta quadrato anice \/ fucsia 16 x 16 cm confezione da 100<\/h3>\n<p><!--more--><\/p>\n<p data-start=\"233\" data-end=\"607\">Fai brillare i tuoi dessert con questo <strong data-start=\"299\" data-end=\"352\">supporto per torta quadrato anice \/ fucsia 16 x 16 cm<\/strong>! Perfetto per <strong data-start=\"372\" data-end=\"386\">pasticceri<\/strong>, <strong data-start=\"388\" data-end=\"401\">catering<\/strong> o <strong data-start=\"405\" data-end=\"419\">panettieri<\/strong>, questo supporto dona un vero <strong data-start=\"450\" data-end=\"469\">tocco di vivacit\u00e0<\/strong> alle tue presentazioni. Con i suoi colori <strong data-start=\"509\" data-end=\"528\">anice e fucsia<\/strong> brillanti, attira l&#8217;attenzione e valorizza immediatamente le tue torte. Realizzato in <strong data-start=\"626\" data-end=\"656\">cartone rigido e resistente<\/strong>, garantisce un&#8217;<strong data-start=\"674\" data-end=\"698\">eccellente stabilit\u00e0<\/strong>. Puoi appoggiarvi facilmente entremet, fette di torta o anche mini dessert. Grazie al suo <strong data-start=\"805\" data-end=\"832\">formato quadrato 16 x 16 cm<\/strong>, resta pratico e versatile: n\u00e9 troppo grande, n\u00e9 troppo piccolo. \u00c8 anche <strong data-start=\"911\" data-end=\"920\">leggero<\/strong>, <strong data-start=\"922\" data-end=\"933\">monouso<\/strong> e soprattutto <strong data-start=\"946\" data-end=\"960\">igienico<\/strong> \u2014 perfetto per un uso professionale quotidiano.     <\/p>\n<p data-start=\"1016\" data-end=\"1380\">Ma oltre all&#8217;aspetto pratico, questo <strong data-start=\"1054\" data-end=\"1074\">supporto per torta<\/strong> dona <strong data-start=\"1084\" data-end=\"1093\">stile<\/strong> alle tue creazioni. Aggiunge una <strong data-start=\"1125\" data-end=\"1152\">nota colorata e festosa<\/strong> ai tuoi buffet, vetrine o tavoli per eventi. In un attimo, i tuoi dessert appaiono ancora pi\u00f9 invitanti. E poich\u00e9 \u00e8 venduto <strong data-start=\"1294\" data-end=\"1305\">in confezioni da 100<\/strong>, risparmi tempo mantenendo sempre una scorta pronta all&#8217;uso.   <\/p>\n<p data-start=\"1382\" data-end=\"1608\">Che sia per un <strong data-start=\"1402\" data-end=\"1418\">compleanno<\/strong>, un <strong data-start=\"1423\" data-end=\"1434\">matrimonio<\/strong> o un <strong data-start=\"1442\" data-end=\"1455\">ricevimento<\/strong>, questo supporto \u00e8 il piccolo dettaglio che fa tutta la differenza. Facile da usare, ti aiuta a presentare le tue dolcezze con gusto e professionalit\u00e0. <\/p>\n<p data-start=\"1610\" data-end=\"1809\">In sintesi, questo <strong data-start=\"1624\" data-end=\"1677\">supporto per torta quadrato anice \/ fucsia 16 x 16 cm<\/strong> \u00e8 l&#8217;alleanza perfetta tra <strong data-start=\"1708\" data-end=\"1721\">praticit\u00e0<\/strong>, <strong data-start=\"1723\" data-end=\"1735\">solidit\u00e0<\/strong> ed <strong data-start=\"1739\" data-end=\"1753\">estetica<\/strong>. Perch\u00e9 un bel dessert merita un bel supporto! <\/p>\n<p data-start=\"1610\" data-end=\"1809\"><!--more--><\/p>\n<h4 data-start=\"1610\" data-end=\"1809\">Vantaggi:<\/h4>\n<ul>\n<li data-start=\"1849\" data-end=\"1902\">Colori <strong data-start=\"1858\" data-end=\"1877\">anice e fucsia<\/strong> brillanti e moderni.<\/li>\n<li data-start=\"1905\" data-end=\"1958\"><strong data-start=\"1905\" data-end=\"1922\">Cartone rigido<\/strong> e resistente per una buona tenuta.<\/li>\n<li data-start=\"1961\" data-end=\"2023\"><strong data-start=\"1961\" data-end=\"1982\">Formato 16 x 16 cm<\/strong> pratico per i dessert individuali.<\/li>\n<li data-start=\"2026\" data-end=\"2069\">Venduto <strong data-start=\"2032\" data-end=\"2043\">in confezioni da 100<\/strong>, pratico ed economico.<\/li>\n<\/ul>\n<p>&nbsp;<\/p>\n<p><!--more--><\/p>\n<h4>Altre informazioni:<\/h4>\n<ul>\n<li><strong>Confezione<\/strong>: Pacco da 100<\/li>\n<li><strong>Dimensioni<\/strong>: 16 x 16 cm<\/li>\n<li><strong>Materiale<\/strong>: Cartone<\/li>\n<li><strong>Colore<\/strong>: Anice \/ Fucsia<\/li>\n<\/ul>\n<p>&nbsp;<\/p>\n<p><!--more--><\/p>\n<p>Questo supporto per torta colorato \u00e8 disponibile in diverse misure: <span style=\"color: #d12727;\"><a style=\"color: #d12727;\" href=\"https:\/\/www.csj-emballages.com\/it\/produit\/supporto-per-torta-quadrato-anice-fucsia-18-x-18-cm-da-100\/\">18 cm<\/a><\/span> \/ <span style=\"color: #d12727;\"><a style=\"color: #d12727;\" href=\"https:\/\/www.csj-emballages.com\/it\/produit\/supporto-per-torta-quadrato-anice-fucsia-20-x-20-cm-in-confezione-da-100\/\">20 cm<\/a><\/span> \/ <span style=\"color: #d12727;\"><a style=\"color: #d12727;\" href=\"https:\/\/www.csj-emballages.com\/it\/produit\/supporto-per-torta-quadrato-anice-fucsia-22-x-22-cm-da-100\/\">22 cm<\/a><\/span> \/ <span style=\"color: #d12727;\"><a style=\"color: #d12727;\" href=\"https:\/\/www.csj-emballages.com\/produit\/100-supports-a-gateaux-carres-colores-anis-fuchsia-24-x-24-cm\/\">24 cm<\/a><\/span> \/ <span style=\"color: #d12727;\"><a style=\"color: #d12727;\" href=\"https:\/\/www.csj-emballages.com\/it\/produit\/supporto-per-torta-quadrato-anice-fucsia-26-x-26-cm-da-100\/\">26 cm<\/a><\/span><\/p>\n<p>&nbsp;<\/p>\n<p><!--more--><\/p>\n<p><a href=\"https:\/\/www.csj-emballages.com\/it\/categorie-produit\/imballaggi-alimentari\/panetteria-pasticceria\/supporti-basi-per-torte\/supporti-per-torte-anice-fucsia-quadrati\/\">Consulta il resto della nostra gamma di supporti per torte quadrati anice \/ fucsia<\/a><\/p>\n","protected":false},"excerpt":{"rendered":"<p>Supporto per torta Scopri il nostro supporto per torta quadrato anice \/ fucsia 16 x 16 cm confezione da 100<\/p>\n","protected":false},"featured_media":268977,"template":"","meta":{"_acf_changed":false},"product_brand":[],"product_cat":[10346,10344,10397,10885,10358],"product_tag":[],"class_list":{"0":"post-268985","1":"product","2":"type-product","3":"status-publish","4":"has-post-thumbnail","6":"product_cat-imballaggi-alimentari","7":"product_cat-panetteria-pasticceria","8":"product_cat-supporti-basi-per-torte","9":"product_cat-supporti-per-torte-anice-fucsia-quadrati","10":"product_cat-stock","12":"first","13":"instock","14":"sale","15":"taxable","16":"shipping-taxable","17":"purchasable","18":"product-type-simple"},"acf":[],"yoast_head":"<!-- This site is optimized with the Yoast SEO Premium plugin v26.6 (Yoast SEO v26.6) - https:\/\/yoast.com\/wordpress\/plugins\/seo\/ -->\n<title>Supporto per Torta Quadrato Anice \/ Fucsia 16 x 16 cm confezione da 100<\/title>\n<meta name=\"description\" content=\"Aggiungi un tocco colorato ai tuoi dessert con il supporto per torta anice \/ fucsia 16 x 16 cm. Solido, pratico e perfetto per i professionisti della pasticceria.\" \/>\n<meta name=\"robots\" content=\"index, follow, max-snippet:-1, max-image-preview:large, max-video-preview:-1\" \/>\n<link rel=\"canonical\" href=\"https:\/\/www.csj-emballages.com\/it\/produit\/supporto-per-torta-quadrato-anice-fucsia-16-x-16-cm-confezione-da-100\/\" \/>\n<meta property=\"og:locale\" content=\"it_IT\" \/>\n<meta property=\"og:type\" content=\"article\" \/>\n<meta property=\"og:title\" content=\"Supporto per torta quadrato anice \/ fucsia 16 x 16 cm confezione da 100\" \/>\n<meta property=\"og:description\" content=\"Aggiungi un tocco colorato ai tuoi dessert con il supporto per torta anice \/ fucsia 16 x 16 cm. Solido, pratico e perfetto per i professionisti della pasticceria.\" \/>\n<meta property=\"og:url\" content=\"https:\/\/www.csj-emballages.com\/it\/produit\/supporto-per-torta-quadrato-anice-fucsia-16-x-16-cm-confezione-da-100\/\" \/>\n<meta property=\"og:site_name\" content=\"CSJ Emballages\" \/>\n<meta property=\"article:publisher\" content=\"https:\/\/www.facebook.com\/csjemballages\" \/>\n<meta property=\"article:modified_time\" content=\"2026-04-15T00:12:09+00:00\" \/>\n<meta property=\"og:image\" content=\"https:\/\/www.csj-emballages.com\/wp-content\/uploads\/2024\/03\/Supports-carres-colores.webp\" \/>\n\t<meta property=\"og:image:width\" content=\"800\" \/>\n\t<meta property=\"og:image:height\" content=\"800\" \/>\n\t<meta property=\"og:image:type\" content=\"image\/webp\" \/>\n<meta name=\"twitter:card\" content=\"summary_large_image\" \/>\n<meta name=\"twitter:label1\" content=\"Dur\u00e9e de lecture estim\u00e9e\" \/>\n\t<meta name=\"twitter:data1\" content=\"1 minuto\" \/>\n<script type=\"application\/ld+json\" class=\"yoast-schema-graph\">{\"@context\":\"https:\/\/schema.org\",\"@graph\":[{\"@type\":\"WebPage\",\"@id\":\"https:\/\/www.csj-emballages.com\/it\/produit\/supporto-per-torta-quadrato-anice-fucsia-16-x-16-cm-confezione-da-100\/\",\"url\":\"https:\/\/www.csj-emballages.com\/it\/produit\/supporto-per-torta-quadrato-anice-fucsia-16-x-16-cm-confezione-da-100\/\",\"name\":\"Supporto per Torta Quadrato Anice \/ Fucsia 16 x 16 cm confezione da 100\",\"isPartOf\":{\"@id\":\"https:\/\/www.csj-emballages.com\/it\/#website\"},\"primaryImageOfPage\":{\"@id\":\"https:\/\/www.csj-emballages.com\/it\/produit\/supporto-per-torta-quadrato-anice-fucsia-16-x-16-cm-confezione-da-100\/#primaryimage\"},\"image\":{\"@id\":\"https:\/\/www.csj-emballages.com\/it\/produit\/supporto-per-torta-quadrato-anice-fucsia-16-x-16-cm-confezione-da-100\/#primaryimage\"},\"thumbnailUrl\":\"https:\/\/www.csj-emballages.com\/wp-content\/uploads\/2024\/03\/Supports-carres-colores.webp\",\"datePublished\":\"2024-03-01T15:55:48+00:00\",\"dateModified\":\"2026-04-15T00:12:09+00:00\",\"description\":\"Aggiungi un tocco colorato ai tuoi dessert con il supporto per torta anice \/ fucsia 16 x 16 cm. Solido, pratico e perfetto per i professionisti della pasticceria.\",\"breadcrumb\":{\"@id\":\"https:\/\/www.csj-emballages.com\/it\/produit\/supporto-per-torta-quadrato-anice-fucsia-16-x-16-cm-confezione-da-100\/#breadcrumb\"},\"inLanguage\":\"it-IT\",\"potentialAction\":[{\"@type\":\"ReadAction\",\"target\":[\"https:\/\/www.csj-emballages.com\/it\/produit\/supporto-per-torta-quadrato-anice-fucsia-16-x-16-cm-confezione-da-100\/\"]}]},{\"@type\":\"ImageObject\",\"inLanguage\":\"it-IT\",\"@id\":\"https:\/\/www.csj-emballages.com\/it\/produit\/supporto-per-torta-quadrato-anice-fucsia-16-x-16-cm-confezione-da-100\/#primaryimage\",\"url\":\"https:\/\/www.csj-emballages.com\/wp-content\/uploads\/2024\/03\/Supports-carres-colores.webp\",\"contentUrl\":\"https:\/\/www.csj-emballages.com\/wp-content\/uploads\/2024\/03\/Supports-carres-colores.webp\",\"width\":800,\"height\":800,\"caption\":\"Support \u00e0 g\u00e2teau\"},{\"@type\":\"BreadcrumbList\",\"@id\":\"https:\/\/www.csj-emballages.com\/it\/produit\/supporto-per-torta-quadrato-anice-fucsia-16-x-16-cm-confezione-da-100\/#breadcrumb\",\"itemListElement\":[{\"@type\":\"ListItem\",\"position\":1,\"name\":\"Home\",\"item\":\"https:\/\/www.csj-emballages.com\/it\/universo-imballaggi-alimentari\/\"},{\"@type\":\"ListItem\",\"position\":2,\"name\":\"Negozio\",\"item\":\"https:\/\/www.csj-emballages.com\/it\/negozio\/\"},{\"@type\":\"ListItem\",\"position\":3,\"name\":\"Supporto per torta quadrato anice \/ fucsia 16 x 16 cm confezione da 100\"}]},{\"@type\":\"WebSite\",\"@id\":\"https:\/\/www.csj-emballages.com\/it\/#website\",\"url\":\"https:\/\/www.csj-emballages.com\/it\/\",\"name\":\"CSJ Emballages\",\"description\":\"\",\"publisher\":{\"@id\":\"https:\/\/www.csj-emballages.com\/it\/#organization\"},\"potentialAction\":[{\"@type\":\"SearchAction\",\"target\":{\"@type\":\"EntryPoint\",\"urlTemplate\":\"https:\/\/www.csj-emballages.com\/it\/?s={search_term_string}\"},\"query-input\":{\"@type\":\"PropertyValueSpecification\",\"valueRequired\":true,\"valueName\":\"search_term_string\"}}],\"inLanguage\":\"it-IT\"},{\"@type\":\"Organization\",\"@id\":\"https:\/\/www.csj-emballages.com\/it\/#Organization\/\",\"name\":\"CSJ Emballages\",\"url\":\"https:\/\/www.csj-emballages.com\/it\/\",\"logo\":{\"@type\":\"ImageObject\",\"inLanguage\":\"it-IT\",\"@id\":\"https:\/\/www.csj-emballages.com\/it\/#\/schema\/logo\/image\/\",\"url\":\"https:\/\/www.csj-emballages.com\/wp-content\/uploads\/2023\/10\/logo_csj.webp\",\"contentUrl\":\"https:\/\/www.csj-emballages.com\/wp-content\/uploads\/2023\/10\/logo_csj.webp\",\"width\":250,\"height\":95,\"caption\":\"CSJ Emballages\"},\"image\":{\"@id\":\"https:\/\/www.csj-emballages.com\/it\/#\/schema\/logo\/image\/\"},\"sameAs\":[\"https:\/\/www.facebook.com\/csjemballages\"],\"address\":{\"@type\":\"PostalAddress\",\"streetAddress\":\"ZI La Lechere\",\"addressLocality\":\"Patornay\",\"postalCode\":\"39130\",\"addressCountry\":\"FR\"},\"contactPoint\":[{\"@type\":\"ContactPoint\",\"contactType\":\"Service client\",\"telephone\":\"0384254272\",\"email\":\"contact@csj-emballages.com\"}]}]}<\/script>\n<!-- \/ Yoast SEO Premium plugin. -->","yoast_head_json":{"title":"Supporto per Torta Quadrato Anice \/ Fucsia 16 x 16 cm confezione da 100","description":"Aggiungi un tocco colorato ai tuoi dessert con il supporto per torta anice \/ fucsia 16 x 16 cm. Solido, pratico e perfetto per i professionisti della pasticceria.","robots":{"index":"index","follow":"follow","max-snippet":"max-snippet:-1","max-image-preview":"max-image-preview:large","max-video-preview":"max-video-preview:-1"},"canonical":"https:\/\/www.csj-emballages.com\/it\/produit\/supporto-per-torta-quadrato-anice-fucsia-16-x-16-cm-confezione-da-100\/","og_locale":"it_IT","og_type":"article","og_title":"Supporto per torta quadrato anice \/ fucsia 16 x 16 cm confezione da 100","og_description":"Aggiungi un tocco colorato ai tuoi dessert con il supporto per torta anice \/ fucsia 16 x 16 cm. Solido, pratico e perfetto per i professionisti della pasticceria.","og_url":"https:\/\/www.csj-emballages.com\/it\/produit\/supporto-per-torta-quadrato-anice-fucsia-16-x-16-cm-confezione-da-100\/","og_site_name":"CSJ Emballages","article_publisher":"https:\/\/www.facebook.com\/csjemballages","article_modified_time":"2026-04-15T00:12:09+00:00","og_image":[{"width":800,"height":800,"url":"https:\/\/www.csj-emballages.com\/wp-content\/uploads\/2024\/03\/Supports-carres-colores.webp","type":"image\/webp"}],"twitter_card":"summary_large_image","twitter_misc":{"Dur\u00e9e de lecture estim\u00e9e":"1 minuto"},"schema":{"@context":"https:\/\/schema.org","@graph":[{"@type":"WebPage","@id":"https:\/\/www.csj-emballages.com\/it\/produit\/supporto-per-torta-quadrato-anice-fucsia-16-x-16-cm-confezione-da-100\/","url":"https:\/\/www.csj-emballages.com\/it\/produit\/supporto-per-torta-quadrato-anice-fucsia-16-x-16-cm-confezione-da-100\/","name":"Supporto per Torta Quadrato Anice \/ Fucsia 16 x 16 cm confezione da 100","isPartOf":{"@id":"https:\/\/www.csj-emballages.com\/it\/#website"},"primaryImageOfPage":{"@id":"https:\/\/www.csj-emballages.com\/it\/produit\/supporto-per-torta-quadrato-anice-fucsia-16-x-16-cm-confezione-da-100\/#primaryimage"},"image":{"@id":"https:\/\/www.csj-emballages.com\/it\/produit\/supporto-per-torta-quadrato-anice-fucsia-16-x-16-cm-confezione-da-100\/#primaryimage"},"thumbnailUrl":"https:\/\/www.csj-emballages.com\/wp-content\/uploads\/2024\/03\/Supports-carres-colores.webp","datePublished":"2024-03-01T15:55:48+00:00","dateModified":"2026-04-15T00:12:09+00:00","description":"Aggiungi un tocco colorato ai tuoi dessert con il supporto per torta anice \/ fucsia 16 x 16 cm. Solido, pratico e perfetto per i professionisti della pasticceria.","breadcrumb":{"@id":"https:\/\/www.csj-emballages.com\/it\/produit\/supporto-per-torta-quadrato-anice-fucsia-16-x-16-cm-confezione-da-100\/#breadcrumb"},"inLanguage":"it-IT","potentialAction":[{"@type":"ReadAction","target":["https:\/\/www.csj-emballages.com\/it\/produit\/supporto-per-torta-quadrato-anice-fucsia-16-x-16-cm-confezione-da-100\/"]}]},{"@type":"ImageObject","inLanguage":"it-IT","@id":"https:\/\/www.csj-emballages.com\/it\/produit\/supporto-per-torta-quadrato-anice-fucsia-16-x-16-cm-confezione-da-100\/#primaryimage","url":"https:\/\/www.csj-emballages.com\/wp-content\/uploads\/2024\/03\/Supports-carres-colores.webp","contentUrl":"https:\/\/www.csj-emballages.com\/wp-content\/uploads\/2024\/03\/Supports-carres-colores.webp","width":800,"height":800,"caption":"Support \u00e0 g\u00e2teau"},{"@type":"BreadcrumbList","@id":"https:\/\/www.csj-emballages.com\/it\/produit\/supporto-per-torta-quadrato-anice-fucsia-16-x-16-cm-confezione-da-100\/#breadcrumb","itemListElement":[{"@type":"ListItem","position":1,"name":"Home","item":"https:\/\/www.csj-emballages.com\/it\/universo-imballaggi-alimentari\/"},{"@type":"ListItem","position":2,"name":"Negozio","item":"https:\/\/www.csj-emballages.com\/it\/negozio\/"},{"@type":"ListItem","position":3,"name":"Supporto per torta quadrato anice \/ fucsia 16 x 16 cm confezione da 100"}]},{"@type":"WebSite","@id":"https:\/\/www.csj-emballages.com\/it\/#website","url":"https:\/\/www.csj-emballages.com\/it\/","name":"CSJ Emballages","description":"","publisher":{"@id":"https:\/\/www.csj-emballages.com\/it\/#organization"},"potentialAction":[{"@type":"SearchAction","target":{"@type":"EntryPoint","urlTemplate":"https:\/\/www.csj-emballages.com\/it\/?s={search_term_string}"},"query-input":{"@type":"PropertyValueSpecification","valueRequired":true,"valueName":"search_term_string"}}],"inLanguage":"it-IT"},{"@type":"Organization","@id":"https:\/\/www.csj-emballages.com\/it\/#Organization\/","name":"CSJ Emballages","url":"https:\/\/www.csj-emballages.com\/it\/","logo":{"@type":"ImageObject","inLanguage":"it-IT","@id":"https:\/\/www.csj-emballages.com\/it\/#\/schema\/logo\/image\/","url":"https:\/\/www.csj-emballages.com\/wp-content\/uploads\/2023\/10\/logo_csj.webp","contentUrl":"https:\/\/www.csj-emballages.com\/wp-content\/uploads\/2023\/10\/logo_csj.webp","width":250,"height":95,"caption":"CSJ Emballages"},"image":{"@id":"https:\/\/www.csj-emballages.com\/it\/#\/schema\/logo\/image\/"},"sameAs":["https:\/\/www.facebook.com\/csjemballages"],"address":{"@type":"PostalAddress","streetAddress":"ZI La Lechere","addressLocality":"Patornay","postalCode":"39130","addressCountry":"FR"},"contactPoint":[{"@type":"ContactPoint","contactType":"Service client","telephone":"0384254272","email":"contact@csj-emballages.com"}]}]}},"df_price":4.62,"df_sale_price":4.62,"df_regular_price":15.42,"df_image_link":"https:\/\/www.csj-emballages.com\/wp-content\/uploads\/2024\/03\/Supports-carres-colores-300x300.webp","tiered_pricing_type":"fixed","tiered_pricing_fixed_rules":[],"tiered_pricing_percentage_rules":[],"tiered_pricing_minimum":1,"tiered_pricing_roles_data":[],"_links":{"self":[{"href":"https:\/\/www.csj-emballages.com\/it\/wp-json\/wp\/v2\/product\/268985","targetHints":{"allow":["GET"]}}],"collection":[{"href":"https:\/\/www.csj-emballages.com\/it\/wp-json\/wp\/v2\/product"}],"about":[{"href":"https:\/\/www.csj-emballages.com\/it\/wp-json\/wp\/v2\/types\/product"}],"wp:featuredmedia":[{"embeddable":true,"href":"https:\/\/www.csj-emballages.com\/it\/wp-json\/wp\/v2\/media\/268977"}],"wp:attachment":[{"href":"https:\/\/www.csj-emballages.com\/it\/wp-json\/wp\/v2\/media?parent=268985"}],"wp:term":[{"taxonomy":"product_brand","embeddable":true,"href":"https:\/\/www.csj-emballages.com\/it\/wp-json\/wp\/v2\/product_brand?post=268985"},{"taxonomy":"product_cat","embeddable":true,"href":"https:\/\/www.csj-emballages.com\/it\/wp-json\/wp\/v2\/product_cat?post=268985"},{"taxonomy":"product_tag","embeddable":true,"href":"https:\/\/www.csj-emballages.com\/it\/wp-json\/wp\/v2\/product_tag?post=268985"}],"curies":[{"name":"wp","href":"https:\/\/api.w.org\/{rel}","templated":true}]}}