{"id":268795,"date":"2024-03-01T16:54:45","date_gmt":"2024-03-01T15:54:45","guid":{"rendered":"https:\/\/www.csj-emballages.com\/produit\/coperchio-per-vassoio-pasto-pl5cluxen-da-25\/"},"modified":"2026-03-17T02:13:21","modified_gmt":"2026-03-17T01:13:21","slug":"coperchio-per-vassoio-pasto-pl5cluxen-da-25","status":"publish","type":"product","link":"https:\/\/www.csj-emballages.com\/it\/produit\/coperchio-per-vassoio-pasto-pl5cluxen-da-25\/","title":{"rendered":"Coperchio per vassoio pasto &#8220;PL5CLUXEN&#8221; da 25"},"content":{"rendered":"<h2>Coperchio per vassoio pasto<\/h2>\n<hr>\n<h3>Descrizione del nostro coperchio per vassoio pasto &#8220;PL5CLUXEN&#8221; da 25<\/h3>\n<p><!--more--><\/p>\n<p data-start=\"273\" data-end=\"606\">Il <strong data-start=\"276\" data-end=\"320\">coperchio per vassoio pasto &#8220;PL5CLUXEN&#8221;<\/strong> \u00e8 appositamente progettato per rispondere alle esigenze dei professionisti della ristorazione, dell&#8217;asporto e dei servizi catering. Questo <strong>coperchio in plastica (OPS)<\/strong> trasparente si adatta perfettamente al vassoio pasto <span style=\"color: #d12727;\"><a style=\"color: #d12727;\" href=\"https:\/\/www.csj-emballages.com\/produit\/25-plateaux-repas-a-emporter-5-compartiments-luxe\/\"><strong data-start=\"537\" data-end=\"550\">PL5CLUXEN<\/strong><\/a><\/span>, offrendo una chiusura ermetica e sicura. <\/p>\n<p data-start=\"608\" data-end=\"1005\">Grazie alla sua <strong data-start=\"619\" data-end=\"631\">solidit\u00e0<\/strong> e al suo adattamento preciso, garantisce un&#8217;eccellente <strong data-start=\"687\" data-end=\"701\">tenuta<\/strong> durante il trasporto, permettendo di preservare i tuoi piatti, sia caldi che freddi. Oltre a proteggere efficacemente gli alimenti, il <strong>coperchio<\/strong> offre una <strong data-start=\"861\" data-end=\"888\">presentazione impeccabile<\/strong>: la sua trasparenza valorizza le tue preparazioni e rassicura i tuoi clienti sulla freschezza e la qualit\u00e0 del contenuto. <\/p>\n<p data-start=\"1007\" data-end=\"1313\">Questo lotto di <strong data-start=\"1017\" data-end=\"1034\">25 coperchi<\/strong> \u00e8 pensato per facilitare l&#8217;organizzazione dei professionisti, rimanendo pratico anche per i privati che desiderano preparare in anticipo pasti fatti in casa. La sua concezione resistente evita le deformazioni e assicura un utilizzo affidabile, anche in condizioni di trasporto intensivo. <\/p>\n<p data-start=\"1315\" data-end=\"1611\">Che tu sia un catering, un ristoratore o un organizzatore di eventi, questo coperchio \u00e8 un indispensabile per mantenere l&#8217;igiene, la freschezza e la qualit\u00e0 dei tuoi piatti fino alla degustazione. Abbinato al vassoio pasto adatto, ti permette di proporre un servizio pratico, pulito ed estetico. <\/p>\n<p data-start=\"1613\" data-end=\"1832\">In sintesi, questo <strong data-start=\"1627\" data-end=\"1671\">coperchio per &#8220;PL5CLUXEN&#8221;<\/strong> non \u00e8 solo un accessorio, ma un vero punto di forza per la tua attivit\u00e0, combinando praticit\u00e0, sicurezza alimentare e valorizzazione delle tue preparazioni.<\/p>\n<p data-start=\"1613\" data-end=\"1832\">\n<p data-start=\"1613\" data-end=\"1832\">\n<p data-start=\"1704\" data-end=\"1889\"><!--more--><\/p>\n<p data-start=\"1704\" data-end=\"1889\"><strong><span style=\"color: #ff0000;\">*Questo coperchio \u00e8 venduto separatamente dal suo vassoio (vedi link qui sotto)<\/span><\/strong><\/p>\n<p data-start=\"1704\" data-end=\"1889\">\n<p data-start=\"1704\" data-end=\"1889\"><!--more--><\/p>\n<h4>Vantaggi:<\/h4>\n<ul>\n<li>Chiusura ermetica per evitare perdite e proteggere gli alimenti.<\/li>\n<li>Trasparenza che valorizza le tue preparazioni.<\/li>\n<li>Resistente e solido, adatto al trasporto.<\/li>\n<li>Lotto pratico da 25 pezzi per uso professionale o privato.<\/li>\n<li>Compatibile con il vassoio pasto PL5CLUXEN.<\/li>\n<\/ul>\n<p>&nbsp;<\/p>\n<p><!--more--><\/p>\n<h4>Altre informazioni:<\/h4>\n<ul>\n<li><strong>Confezione<\/strong>: Pacchetto da 25<\/li>\n<li><strong>Dimensioni<\/strong>: 329 x 265 x 50 mm<\/li>\n<li><strong>Colore<\/strong>: Cristallo<\/li>\n<li><strong>Materiale<\/strong>: OPS (Plastica)<\/li>\n<li><strong>Temperatura d&#8217;utilizzo<\/strong>: -5\u00b0C \/ +80\u00b0C<\/li>\n<\/ul>\n<p>&nbsp;<\/p>\n<p><!--more--><\/p>\n<p>Trova qui il vassoio compatibile con questo coperchio: <span style=\"color: #d12727;\"><a style=\"color: #d12727;\" href=\"https:\/\/www.csj-emballages.com\/produit\/25-plateaux-repas-a-emporter-5-compartiments-luxe\/\">PL5CLUXEN<\/a><\/span><\/p>\n<p>&nbsp;<\/p>\n<p><!--more--><\/p>\n<p><a href=\"https:\/\/www.csj-emballages.com\/it\/categorie-produit\/imballaggi-alimentari\/macelleria-gastronomia-ortofrutta\/vassoi\/vassoi-pasto\/vassoi-pasto-in-plastica\/vassoio-luxe\/\">Consulta il resto della nostra gamma di vassoi &#8216;Luxe&#8217;<\/a><\/p>\n<p>&nbsp;<\/p>\n<h2><span style=\"text-decoration-line: underline; font-size: 16px;\">Caratteristiche dei coperchi per vassoi pasto monouso<\/span><\/h2>\n<p>&nbsp;<\/p>\n<ul>\n<li>Venduto a privati \/ professionisti<\/li>\n<li>Dimensione: 329 x 266 x 50 (L x l x H in mm)<\/li>\n<li>Confezione: pacchetti da 25 coperchi vassoi-pasto.<\/li>\n<li>Confezionati sotto film protettivo per una migliore conservazione e protezione.<\/li>\n<li>Materiale: plastica<\/li>\n<\/ul>\n<p>&nbsp;<\/p>\n<h2>Scegli i coperchi vassoi pasto<\/h2>\n","protected":false},"excerpt":{"rendered":"<p>Coperchio per vassoio pasto Descrizione del nostro coperchio per vassoio pasto &#8220;PL5CLUXEN&#8221; da 25<\/p>\n","protected":false},"featured_media":268811,"template":"","meta":{"_acf_changed":false},"product_brand":[],"product_cat":[10346,10381,10482,10483,10484,10855,10375,10491,10492,10485],"product_tag":[],"class_list":{"0":"post-268795","1":"product","2":"type-product","3":"status-publish","4":"has-post-thumbnail","6":"product_cat-imballaggi-alimentari","7":"product_cat-macelleria-gastronomia-ortofrutta","8":"product_cat-vassoi","9":"product_cat-vassoi-pasto","10":"product_cat-vassoi-pasto-in-plastica","11":"product_cat-vassoio-luxe","12":"product_cat-ristorazione","15":"product_cat-vassoio-pasto-in-plastica","17":"first","18":"instock","19":"taxable","20":"shipping-taxable","21":"purchasable","22":"product-type-simple"},"acf":[],"yoast_head":"<!-- This site is optimized with the Yoast SEO Premium plugin v26.6 (Yoast SEO v26.6) - https:\/\/yoast.com\/wordpress\/plugins\/seo\/ -->\n<title>Coperchio per Vassoio Pasto &quot;PL5CLUXEN&quot; da 25<\/title>\n<meta name=\"description\" content=\"Coperchio per vassoio pasto PL5CLUXEN da 25: pratico, resistente e trasparente per proteggere i tuoi piatti e garantire un trasporto sicuro.\" \/>\n<meta name=\"robots\" content=\"index, follow, max-snippet:-1, max-image-preview:large, max-video-preview:-1\" \/>\n<link rel=\"canonical\" href=\"https:\/\/www.csj-emballages.com\/it\/produit\/coperchio-per-vassoio-pasto-pl5cluxen-da-25\/\" \/>\n<meta property=\"og:locale\" content=\"it_IT\" \/>\n<meta property=\"og:type\" content=\"article\" \/>\n<meta property=\"og:title\" content=\"Coperchio per vassoio pasto &quot;PL5CLUXEN&quot; da 25\" \/>\n<meta property=\"og:description\" content=\"Coperchio per vassoio pasto PL5CLUXEN da 25: pratico, resistente e trasparente per proteggere i tuoi piatti e garantire un trasporto sicuro.\" \/>\n<meta property=\"og:url\" content=\"https:\/\/www.csj-emballages.com\/it\/produit\/coperchio-per-vassoio-pasto-pl5cluxen-da-25\/\" \/>\n<meta property=\"og:site_name\" content=\"CSJ Emballages\" \/>\n<meta property=\"article:publisher\" content=\"https:\/\/www.facebook.com\/csjemballages\" \/>\n<meta property=\"article:modified_time\" content=\"2026-03-17T01:13:21+00:00\" \/>\n<meta property=\"og:image\" content=\"https:\/\/www.csj-emballages.com\/wp-content\/uploads\/2024\/03\/COPL5CLUXEN.webp\" \/>\n\t<meta property=\"og:image:width\" content=\"800\" \/>\n\t<meta property=\"og:image:height\" content=\"800\" \/>\n\t<meta property=\"og:image:type\" content=\"image\/webp\" \/>\n<meta name=\"twitter:card\" content=\"summary_large_image\" \/>\n<meta name=\"twitter:label1\" content=\"Dur\u00e9e de lecture estim\u00e9e\" \/>\n\t<meta name=\"twitter:data1\" content=\"2 minuti\" \/>\n<script type=\"application\/ld+json\" class=\"yoast-schema-graph\">{\"@context\":\"https:\/\/schema.org\",\"@graph\":[{\"@type\":\"WebPage\",\"@id\":\"https:\/\/www.csj-emballages.com\/it\/produit\/coperchio-per-vassoio-pasto-pl5cluxen-da-25\/\",\"url\":\"https:\/\/www.csj-emballages.com\/it\/produit\/coperchio-per-vassoio-pasto-pl5cluxen-da-25\/\",\"name\":\"Coperchio per Vassoio Pasto \\\"PL5CLUXEN\\\" da 25\",\"isPartOf\":{\"@id\":\"https:\/\/www.csj-emballages.com\/it\/#website\"},\"primaryImageOfPage\":{\"@id\":\"https:\/\/www.csj-emballages.com\/it\/produit\/coperchio-per-vassoio-pasto-pl5cluxen-da-25\/#primaryimage\"},\"image\":{\"@id\":\"https:\/\/www.csj-emballages.com\/it\/produit\/coperchio-per-vassoio-pasto-pl5cluxen-da-25\/#primaryimage\"},\"thumbnailUrl\":\"https:\/\/www.csj-emballages.com\/wp-content\/uploads\/2024\/03\/COPL5CLUXEN.webp\",\"datePublished\":\"2024-03-01T15:54:45+00:00\",\"dateModified\":\"2026-03-17T01:13:21+00:00\",\"description\":\"Coperchio per vassoio pasto PL5CLUXEN da 25: pratico, resistente e trasparente per proteggere i tuoi piatti e garantire un trasporto sicuro.\",\"breadcrumb\":{\"@id\":\"https:\/\/www.csj-emballages.com\/it\/produit\/coperchio-per-vassoio-pasto-pl5cluxen-da-25\/#breadcrumb\"},\"inLanguage\":\"it-IT\",\"potentialAction\":[{\"@type\":\"ReadAction\",\"target\":[\"https:\/\/www.csj-emballages.com\/it\/produit\/coperchio-per-vassoio-pasto-pl5cluxen-da-25\/\"]}]},{\"@type\":\"ImageObject\",\"inLanguage\":\"it-IT\",\"@id\":\"https:\/\/www.csj-emballages.com\/it\/produit\/coperchio-per-vassoio-pasto-pl5cluxen-da-25\/#primaryimage\",\"url\":\"https:\/\/www.csj-emballages.com\/wp-content\/uploads\/2024\/03\/COPL5CLUXEN.webp\",\"contentUrl\":\"https:\/\/www.csj-emballages.com\/wp-content\/uploads\/2024\/03\/COPL5CLUXEN.webp\",\"width\":800,\"height\":800,\"caption\":\"couvercle pour plateau repas\"},{\"@type\":\"BreadcrumbList\",\"@id\":\"https:\/\/www.csj-emballages.com\/it\/produit\/coperchio-per-vassoio-pasto-pl5cluxen-da-25\/#breadcrumb\",\"itemListElement\":[{\"@type\":\"ListItem\",\"position\":1,\"name\":\"Home\",\"item\":\"https:\/\/www.csj-emballages.com\/it\/universo-imballaggi-alimentari\/\"},{\"@type\":\"ListItem\",\"position\":2,\"name\":\"Negozio\",\"item\":\"https:\/\/www.csj-emballages.com\/it\/negozio\/\"},{\"@type\":\"ListItem\",\"position\":3,\"name\":\"Coperchio per vassoio pasto \u00ab\u00a0PL5CLUXEN\u00a0\u00bb da 25\"}]},{\"@type\":\"WebSite\",\"@id\":\"https:\/\/www.csj-emballages.com\/it\/#website\",\"url\":\"https:\/\/www.csj-emballages.com\/it\/\",\"name\":\"CSJ Emballages\",\"description\":\"\",\"publisher\":{\"@id\":\"https:\/\/www.csj-emballages.com\/it\/#organization\"},\"potentialAction\":[{\"@type\":\"SearchAction\",\"target\":{\"@type\":\"EntryPoint\",\"urlTemplate\":\"https:\/\/www.csj-emballages.com\/it\/?s={search_term_string}\"},\"query-input\":{\"@type\":\"PropertyValueSpecification\",\"valueRequired\":true,\"valueName\":\"search_term_string\"}}],\"inLanguage\":\"it-IT\"},{\"@type\":\"Organization\",\"@id\":\"https:\/\/www.csj-emballages.com\/it\/#Organization\/\",\"name\":\"CSJ Emballages\",\"url\":\"https:\/\/www.csj-emballages.com\/it\/\",\"logo\":{\"@type\":\"ImageObject\",\"inLanguage\":\"it-IT\",\"@id\":\"https:\/\/www.csj-emballages.com\/it\/#\/schema\/logo\/image\/\",\"url\":\"https:\/\/www.csj-emballages.com\/wp-content\/uploads\/2023\/10\/logo_csj.webp\",\"contentUrl\":\"https:\/\/www.csj-emballages.com\/wp-content\/uploads\/2023\/10\/logo_csj.webp\",\"width\":250,\"height\":95,\"caption\":\"CSJ Emballages\"},\"image\":{\"@id\":\"https:\/\/www.csj-emballages.com\/it\/#\/schema\/logo\/image\/\"},\"sameAs\":[\"https:\/\/www.facebook.com\/csjemballages\"],\"address\":{\"@type\":\"PostalAddress\",\"streetAddress\":\"ZI La Lechere\",\"addressLocality\":\"Patornay\",\"postalCode\":\"39130\",\"addressCountry\":\"FR\"},\"contactPoint\":[{\"@type\":\"ContactPoint\",\"contactType\":\"Service client\",\"telephone\":\"0384254272\",\"email\":\"contact@csj-emballages.com\"}]}]}<\/script>\n<!-- \/ Yoast SEO Premium plugin. -->","yoast_head_json":{"title":"Coperchio per Vassoio Pasto \"PL5CLUXEN\" da 25","description":"Coperchio per vassoio pasto PL5CLUXEN da 25: pratico, resistente e trasparente per proteggere i tuoi piatti e garantire un trasporto sicuro.","robots":{"index":"index","follow":"follow","max-snippet":"max-snippet:-1","max-image-preview":"max-image-preview:large","max-video-preview":"max-video-preview:-1"},"canonical":"https:\/\/www.csj-emballages.com\/it\/produit\/coperchio-per-vassoio-pasto-pl5cluxen-da-25\/","og_locale":"it_IT","og_type":"article","og_title":"Coperchio per vassoio pasto \"PL5CLUXEN\" da 25","og_description":"Coperchio per vassoio pasto PL5CLUXEN da 25: pratico, resistente e trasparente per proteggere i tuoi piatti e garantire un trasporto sicuro.","og_url":"https:\/\/www.csj-emballages.com\/it\/produit\/coperchio-per-vassoio-pasto-pl5cluxen-da-25\/","og_site_name":"CSJ Emballages","article_publisher":"https:\/\/www.facebook.com\/csjemballages","article_modified_time":"2026-03-17T01:13:21+00:00","og_image":[{"width":800,"height":800,"url":"https:\/\/www.csj-emballages.com\/wp-content\/uploads\/2024\/03\/COPL5CLUXEN.webp","type":"image\/webp"}],"twitter_card":"summary_large_image","twitter_misc":{"Dur\u00e9e de lecture estim\u00e9e":"2 minuti"},"schema":{"@context":"https:\/\/schema.org","@graph":[{"@type":"WebPage","@id":"https:\/\/www.csj-emballages.com\/it\/produit\/coperchio-per-vassoio-pasto-pl5cluxen-da-25\/","url":"https:\/\/www.csj-emballages.com\/it\/produit\/coperchio-per-vassoio-pasto-pl5cluxen-da-25\/","name":"Coperchio per Vassoio Pasto \"PL5CLUXEN\" da 25","isPartOf":{"@id":"https:\/\/www.csj-emballages.com\/it\/#website"},"primaryImageOfPage":{"@id":"https:\/\/www.csj-emballages.com\/it\/produit\/coperchio-per-vassoio-pasto-pl5cluxen-da-25\/#primaryimage"},"image":{"@id":"https:\/\/www.csj-emballages.com\/it\/produit\/coperchio-per-vassoio-pasto-pl5cluxen-da-25\/#primaryimage"},"thumbnailUrl":"https:\/\/www.csj-emballages.com\/wp-content\/uploads\/2024\/03\/COPL5CLUXEN.webp","datePublished":"2024-03-01T15:54:45+00:00","dateModified":"2026-03-17T01:13:21+00:00","description":"Coperchio per vassoio pasto PL5CLUXEN da 25: pratico, resistente e trasparente per proteggere i tuoi piatti e garantire un trasporto sicuro.","breadcrumb":{"@id":"https:\/\/www.csj-emballages.com\/it\/produit\/coperchio-per-vassoio-pasto-pl5cluxen-da-25\/#breadcrumb"},"inLanguage":"it-IT","potentialAction":[{"@type":"ReadAction","target":["https:\/\/www.csj-emballages.com\/it\/produit\/coperchio-per-vassoio-pasto-pl5cluxen-da-25\/"]}]},{"@type":"ImageObject","inLanguage":"it-IT","@id":"https:\/\/www.csj-emballages.com\/it\/produit\/coperchio-per-vassoio-pasto-pl5cluxen-da-25\/#primaryimage","url":"https:\/\/www.csj-emballages.com\/wp-content\/uploads\/2024\/03\/COPL5CLUXEN.webp","contentUrl":"https:\/\/www.csj-emballages.com\/wp-content\/uploads\/2024\/03\/COPL5CLUXEN.webp","width":800,"height":800,"caption":"couvercle pour plateau repas"},{"@type":"BreadcrumbList","@id":"https:\/\/www.csj-emballages.com\/it\/produit\/coperchio-per-vassoio-pasto-pl5cluxen-da-25\/#breadcrumb","itemListElement":[{"@type":"ListItem","position":1,"name":"Home","item":"https:\/\/www.csj-emballages.com\/it\/universo-imballaggi-alimentari\/"},{"@type":"ListItem","position":2,"name":"Negozio","item":"https:\/\/www.csj-emballages.com\/it\/negozio\/"},{"@type":"ListItem","position":3,"name":"Coperchio per vassoio pasto \u00ab\u00a0PL5CLUXEN\u00a0\u00bb da 25"}]},{"@type":"WebSite","@id":"https:\/\/www.csj-emballages.com\/it\/#website","url":"https:\/\/www.csj-emballages.com\/it\/","name":"CSJ Emballages","description":"","publisher":{"@id":"https:\/\/www.csj-emballages.com\/it\/#organization"},"potentialAction":[{"@type":"SearchAction","target":{"@type":"EntryPoint","urlTemplate":"https:\/\/www.csj-emballages.com\/it\/?s={search_term_string}"},"query-input":{"@type":"PropertyValueSpecification","valueRequired":true,"valueName":"search_term_string"}}],"inLanguage":"it-IT"},{"@type":"Organization","@id":"https:\/\/www.csj-emballages.com\/it\/#Organization\/","name":"CSJ Emballages","url":"https:\/\/www.csj-emballages.com\/it\/","logo":{"@type":"ImageObject","inLanguage":"it-IT","@id":"https:\/\/www.csj-emballages.com\/it\/#\/schema\/logo\/image\/","url":"https:\/\/www.csj-emballages.com\/wp-content\/uploads\/2023\/10\/logo_csj.webp","contentUrl":"https:\/\/www.csj-emballages.com\/wp-content\/uploads\/2023\/10\/logo_csj.webp","width":250,"height":95,"caption":"CSJ Emballages"},"image":{"@id":"https:\/\/www.csj-emballages.com\/it\/#\/schema\/logo\/image\/"},"sameAs":["https:\/\/www.facebook.com\/csjemballages"],"address":{"@type":"PostalAddress","streetAddress":"ZI La Lechere","addressLocality":"Patornay","postalCode":"39130","addressCountry":"FR"},"contactPoint":[{"@type":"ContactPoint","contactType":"Service client","telephone":"0384254272","email":"contact@csj-emballages.com"}]}]}},"df_price":18.42,"df_sale_price":"","df_regular_price":18.42,"df_image_link":"https:\/\/www.csj-emballages.com\/wp-content\/uploads\/2024\/03\/COPL5CLUXEN-300x300.webp","tiered_pricing_type":"fixed","tiered_pricing_fixed_rules":[],"tiered_pricing_percentage_rules":[],"tiered_pricing_minimum":1,"tiered_pricing_roles_data":[],"_links":{"self":[{"href":"https:\/\/www.csj-emballages.com\/it\/wp-json\/wp\/v2\/product\/268795","targetHints":{"allow":["GET"]}}],"collection":[{"href":"https:\/\/www.csj-emballages.com\/it\/wp-json\/wp\/v2\/product"}],"about":[{"href":"https:\/\/www.csj-emballages.com\/it\/wp-json\/wp\/v2\/types\/product"}],"wp:featuredmedia":[{"embeddable":true,"href":"https:\/\/www.csj-emballages.com\/it\/wp-json\/wp\/v2\/media\/268811"}],"wp:attachment":[{"href":"https:\/\/www.csj-emballages.com\/it\/wp-json\/wp\/v2\/media?parent=268795"}],"wp:term":[{"taxonomy":"product_brand","embeddable":true,"href":"https:\/\/www.csj-emballages.com\/it\/wp-json\/wp\/v2\/product_brand?post=268795"},{"taxonomy":"product_cat","embeddable":true,"href":"https:\/\/www.csj-emballages.com\/it\/wp-json\/wp\/v2\/product_cat?post=268795"},{"taxonomy":"product_tag","embeddable":true,"href":"https:\/\/www.csj-emballages.com\/it\/wp-json\/wp\/v2\/product_tag?post=268795"}],"curies":[{"name":"wp","href":"https:\/\/api.w.org\/{rel}","templated":true}]}}