{"id":268780,"date":"2024-03-01T16:54:46","date_gmt":"2024-03-01T15:54:46","guid":{"rendered":"https:\/\/www.csj-emballages.com\/produit\/cono-patatine-in-cartone-con-scomparto-salsa-165-x-195-mm-da-50\/"},"modified":"2026-04-03T02:14:53","modified_gmt":"2026-04-03T00:14:53","slug":"cono-patatine-in-cartone-con-scomparto-salsa-165-x-195-mm-da-50","status":"publish","type":"product","link":"https:\/\/www.csj-emballages.com\/it\/produit\/cono-patatine-in-cartone-con-scomparto-salsa-165-x-195-mm-da-50\/","title":{"rendered":"Cono patatine in cartone con scomparto salsa 165 x 195 mm da 50"},"content":{"rendered":"<h2>Cono Patatine<\/h2>\n<div style=\"box-sizing: inherit; font-family: Roboto, sans-serif;\">\n<div style=\"box-sizing: inherit; font-family: Roboto, sans-serif;\">\n<div style=\"box-sizing: inherit; font-family: Roboto, sans-serif;\">\n<div style=\"box-sizing: inherit; font-family: Roboto, sans-serif;\">\n<div style=\"box-sizing: inherit; font-family: Roboto, sans-serif;\">\n<div style=\"box-sizing: inherit; font-family: Roboto, sans-serif;\">\n<hr>\n<h3>Descrizione del nostro cono patatine in cartone con scomparto salsa 165 x 195 mm da 50<\/h3>\n<p><!--more--><\/p>\n<p data-start=\"232\" data-end=\"689\">Questo <strong>cono per patatine<\/strong> in <strong>cartone<\/strong> ha tutto ci\u00f2 che serve: semplice, ingegnoso e pensato per rendere il servizio ancora pi\u00f9 piacevole. Con il suo formato <strong>165 x 195 mm<\/strong>, offre spazio a sufficienza per una bella <strong>porzione di patatine<\/strong>, senza che trabocchi o si ammorbidisca troppo in fretta. Ma ci\u00f2 che fa davvero la differenza \u00e8 il suo <strong data-start=\"556\" data-end=\"594\">scomparto integrato per la salsa<\/strong>. Niente pi\u00f9 vaschette separate o equilibri precari: tutto \u00e8 a portata di mano.   <\/p>\n<p data-start=\"691\" data-end=\"1093\">Grazie al suo <strong>cartone rigide<\/strong> di <strong>colore kraft<\/strong>, il <strong>cono<\/strong> mantiene un&#8217;ottima stabilit\u00e0, anche quando \u00e8 ben pieno. Non scotta tra le dita, \u00e8 comodo da impugnare e aggiunge un tocco naturale e moderno al tuo servizio. Che tu offra patatine in un food truck, al mercato, in uno snack bar o durante eventi, questo contenitore dona un vero tocco professionale restando molto pratico.  <\/p>\n<p data-start=\"1095\" data-end=\"1440\">Inoltre, il fatto che sia usa e getta ma resistente permette di servire in modo rapido e pulito. I clienti amano poter gustare le patatine con una sola mano, con la salsa gi\u00e0 integrata. Questo evita macchie, salse rovesciate e passaggi inutili. \u00c8 un piccolo dettaglio, ma cambia davvero l&#8217;esperienza.   <\/p>\n<p data-start=\"1442\" data-end=\"1658\">Venduto <strong data-start=\"1448\" data-end=\"1465\">in lotti da 50<\/strong>, ti permette di gestire un servizio fluido senza sovraccaricare il magazzino. Ideale per venditori ambulanti, ristoratori stagionali o per testare un nuovo formato senza vincoli. <\/p>\n<p data-start=\"1660\" data-end=\"1790\">In breve, questo <strong>cono patatine<\/strong> non \u00e8 solo un imballaggio: \u00e8 una soluzione intelligente, pulita e pratica per servire patatine con stile.<\/p>\n<p data-start=\"1660\" data-end=\"1790\">\n<\/div>\n<\/div>\n<p data-start=\"1660\" data-end=\"1790\"><!--more--><\/p>\n<div style=\"box-sizing: inherit; font-family: Roboto, sans-serif;\">\n<div style=\"box-sizing: inherit; font-family: Roboto, sans-serif;\">\n<p><strong>Vantaggi:<\/strong><\/p>\n<ul>\n<li data-start=\"1818\" data-end=\"1861\"><strong>Scomparto salsa<\/strong> integrato molto pratico.<\/li>\n<li data-start=\"1864\" data-end=\"1909\"><strong>Cartone kraft<\/strong> rigido e comodo da impugnare.<\/li>\n<li data-start=\"1912\" data-end=\"1954\">Formato ideale per una porzione generosa.<\/li>\n<li data-start=\"1957\" data-end=\"1985\">Design naturale e moderno.<\/li>\n<li data-start=\"1988\" data-end=\"2031\"><strong>Lotto da 50<\/strong> perfetto per un servizio regolare.<\/li>\n<\/ul>\n<p>&nbsp;<\/p>\n<p><!--more--><\/p>\n<\/div>\n<h4>Altre informazioni:<\/h4>\n<ul>\n<li><strong>Confezionamento<\/strong>: Pacchetto da 50<\/li>\n<li><strong>Dimensioni<\/strong>: 165 x 195 mm<\/li>\n<li><strong>Materiale<\/strong> : Cartone<\/li>\n<\/ul>\n<div style=\"box-sizing: inherit; font-family: Roboto, sans-serif;\">\n<p>&nbsp;<\/p>\n<\/div>\n<\/div>\n<\/div>\n<\/div>\n<\/div>\n<\/div>\n<p><!--more--><\/p>\n<p>Disponibile anche in una taglia superiore: <span style=\"color: #d12727;\"><a style=\"color: #d12727;\" href=\"https:\/\/www.csj-emballages.com\/produit\/50-cornets-en-carton-avec-emplacement-sauce-205-x-265-mm\/\">CORN2<\/a><\/span><\/p>\n<p>&nbsp;<\/p>\n<p><!--more--><\/p>\n<p><a href=\"https:\/\/www.csj-emballages.com\/it\/categorie-produit\/imballaggi-alimentari\/ristorazione\/scatole-vaschette-buste-coni\/coni-contenitori-per-pasta-corn-bucket\/\">Scopri il resto della nostra gamma di coni e contenitori per pasta \/ wrap \/ corn<\/a><\/p>\n","protected":false},"excerpt":{"rendered":"<p>Cono Patatine Descrizione del nostro cono patatine in cartone con scomparto salsa 165 x 195 mm da 50<\/p>\n","protected":false},"featured_media":268792,"template":"","meta":{"_acf_changed":false},"product_brand":[],"product_cat":[10346,10375,10511,10844,10843],"product_tag":[],"class_list":{"0":"post-268780","1":"product","2":"type-product","3":"status-publish","4":"has-post-thumbnail","6":"product_cat-imballaggi-alimentari","7":"product_cat-ristorazione","8":"product_cat-scatole-vaschette-buste-coni","9":"product_cat-coni-contenitori-per-pasta-corn-bucket","10":"product_cat-coni-per-patatine","12":"first","13":"instock","14":"taxable","15":"shipping-taxable","16":"purchasable","17":"product-type-simple"},"acf":[],"yoast_head":"<!-- This site is optimized with the Yoast SEO Premium plugin v26.6 (Yoast SEO v26.6) - https:\/\/yoast.com\/wordpress\/plugins\/seo\/ -->\n<title>Cono Patatine in Cartone con Scomparto Salsa 165 x 195 mm<\/title>\n<meta name=\"description\" content=\"Cono patatine in cartone con scomparto salsa! Dimensioni: 165 x 195 mm! Ti proponiamo una confezione da 50 coni per patatine, churros, ecc...\" \/>\n<meta name=\"robots\" content=\"index, follow, max-snippet:-1, max-image-preview:large, max-video-preview:-1\" \/>\n<link rel=\"canonical\" href=\"https:\/\/www.csj-emballages.com\/it\/produit\/cono-patatine-in-cartone-con-scomparto-salsa-165-x-195-mm-da-50\/\" \/>\n<meta property=\"og:locale\" content=\"it_IT\" \/>\n<meta property=\"og:type\" content=\"article\" \/>\n<meta property=\"og:title\" content=\"Cono patatine in cartone con scomparto salsa 165 x 195 mm da 50\" \/>\n<meta property=\"og:description\" content=\"Cono patatine in cartone con scomparto salsa! Dimensioni: 165 x 195 mm! Ti proponiamo una confezione da 50 coni per patatine, churros, ecc...\" \/>\n<meta property=\"og:url\" content=\"https:\/\/www.csj-emballages.com\/it\/produit\/cono-patatine-in-cartone-con-scomparto-salsa-165-x-195-mm-da-50\/\" \/>\n<meta property=\"og:site_name\" content=\"CSJ Emballages\" \/>\n<meta property=\"article:publisher\" content=\"https:\/\/www.facebook.com\/csjemballages\" \/>\n<meta property=\"article:modified_time\" content=\"2026-04-03T00:14:53+00:00\" \/>\n<meta property=\"og:image\" content=\"https:\/\/www.csj-emballages.com\/wp-content\/uploads\/2024\/03\/CORN1.webp\" \/>\n\t<meta property=\"og:image:width\" content=\"800\" \/>\n\t<meta property=\"og:image:height\" content=\"800\" \/>\n\t<meta property=\"og:image:type\" content=\"image\/webp\" \/>\n<meta name=\"twitter:card\" content=\"summary_large_image\" \/>\n<meta name=\"twitter:label1\" content=\"Dur\u00e9e de lecture estim\u00e9e\" \/>\n\t<meta name=\"twitter:data1\" content=\"2 minuti\" \/>\n<script type=\"application\/ld+json\" class=\"yoast-schema-graph\">{\"@context\":\"https:\/\/schema.org\",\"@graph\":[{\"@type\":\"WebPage\",\"@id\":\"https:\/\/www.csj-emballages.com\/it\/produit\/cono-patatine-in-cartone-con-scomparto-salsa-165-x-195-mm-da-50\/\",\"url\":\"https:\/\/www.csj-emballages.com\/it\/produit\/cono-patatine-in-cartone-con-scomparto-salsa-165-x-195-mm-da-50\/\",\"name\":\"Cono Patatine in Cartone con Scomparto Salsa 165 x 195 mm\",\"isPartOf\":{\"@id\":\"https:\/\/www.csj-emballages.com\/it\/#website\"},\"primaryImageOfPage\":{\"@id\":\"https:\/\/www.csj-emballages.com\/it\/produit\/cono-patatine-in-cartone-con-scomparto-salsa-165-x-195-mm-da-50\/#primaryimage\"},\"image\":{\"@id\":\"https:\/\/www.csj-emballages.com\/it\/produit\/cono-patatine-in-cartone-con-scomparto-salsa-165-x-195-mm-da-50\/#primaryimage\"},\"thumbnailUrl\":\"https:\/\/www.csj-emballages.com\/wp-content\/uploads\/2024\/03\/CORN1.webp\",\"datePublished\":\"2024-03-01T15:54:46+00:00\",\"dateModified\":\"2026-04-03T00:14:53+00:00\",\"description\":\"Cono patatine in cartone con scomparto salsa! Dimensioni: 165 x 195 mm! Ti proponiamo una confezione da 50 coni per patatine, churros, ecc...\",\"breadcrumb\":{\"@id\":\"https:\/\/www.csj-emballages.com\/it\/produit\/cono-patatine-in-cartone-con-scomparto-salsa-165-x-195-mm-da-50\/#breadcrumb\"},\"inLanguage\":\"it-IT\",\"potentialAction\":[{\"@type\":\"ReadAction\",\"target\":[\"https:\/\/www.csj-emballages.com\/it\/produit\/cono-patatine-in-cartone-con-scomparto-salsa-165-x-195-mm-da-50\/\"]}]},{\"@type\":\"ImageObject\",\"inLanguage\":\"it-IT\",\"@id\":\"https:\/\/www.csj-emballages.com\/it\/produit\/cono-patatine-in-cartone-con-scomparto-salsa-165-x-195-mm-da-50\/#primaryimage\",\"url\":\"https:\/\/www.csj-emballages.com\/wp-content\/uploads\/2024\/03\/CORN1.webp\",\"contentUrl\":\"https:\/\/www.csj-emballages.com\/wp-content\/uploads\/2024\/03\/CORN1.webp\",\"width\":800,\"height\":800,\"caption\":\"Cornet Frite\"},{\"@type\":\"BreadcrumbList\",\"@id\":\"https:\/\/www.csj-emballages.com\/it\/produit\/cono-patatine-in-cartone-con-scomparto-salsa-165-x-195-mm-da-50\/#breadcrumb\",\"itemListElement\":[{\"@type\":\"ListItem\",\"position\":1,\"name\":\"Home\",\"item\":\"https:\/\/www.csj-emballages.com\/it\/universo-imballaggi-alimentari\/\"},{\"@type\":\"ListItem\",\"position\":2,\"name\":\"Negozio\",\"item\":\"https:\/\/www.csj-emballages.com\/it\/negozio\/\"},{\"@type\":\"ListItem\",\"position\":3,\"name\":\"Cono patatine in cartone con scomparto salsa 165 x 195 mm da 50\"}]},{\"@type\":\"WebSite\",\"@id\":\"https:\/\/www.csj-emballages.com\/it\/#website\",\"url\":\"https:\/\/www.csj-emballages.com\/it\/\",\"name\":\"CSJ Emballages\",\"description\":\"\",\"publisher\":{\"@id\":\"https:\/\/www.csj-emballages.com\/it\/#organization\"},\"potentialAction\":[{\"@type\":\"SearchAction\",\"target\":{\"@type\":\"EntryPoint\",\"urlTemplate\":\"https:\/\/www.csj-emballages.com\/it\/?s={search_term_string}\"},\"query-input\":{\"@type\":\"PropertyValueSpecification\",\"valueRequired\":true,\"valueName\":\"search_term_string\"}}],\"inLanguage\":\"it-IT\"},{\"@type\":\"Organization\",\"@id\":\"https:\/\/www.csj-emballages.com\/it\/#Organization\/\",\"name\":\"CSJ Emballages\",\"url\":\"https:\/\/www.csj-emballages.com\/it\/\",\"logo\":{\"@type\":\"ImageObject\",\"inLanguage\":\"it-IT\",\"@id\":\"https:\/\/www.csj-emballages.com\/it\/#\/schema\/logo\/image\/\",\"url\":\"https:\/\/www.csj-emballages.com\/wp-content\/uploads\/2023\/10\/logo_csj.webp\",\"contentUrl\":\"https:\/\/www.csj-emballages.com\/wp-content\/uploads\/2023\/10\/logo_csj.webp\",\"width\":250,\"height\":95,\"caption\":\"CSJ Emballages\"},\"image\":{\"@id\":\"https:\/\/www.csj-emballages.com\/it\/#\/schema\/logo\/image\/\"},\"sameAs\":[\"https:\/\/www.facebook.com\/csjemballages\"],\"address\":{\"@type\":\"PostalAddress\",\"streetAddress\":\"ZI La Lechere\",\"addressLocality\":\"Patornay\",\"postalCode\":\"39130\",\"addressCountry\":\"FR\"},\"contactPoint\":[{\"@type\":\"ContactPoint\",\"contactType\":\"Service client\",\"telephone\":\"0384254272\",\"email\":\"contact@csj-emballages.com\"}]}]}<\/script>\n<!-- \/ Yoast SEO Premium plugin. -->","yoast_head_json":{"title":"Cono Patatine in Cartone con Scomparto Salsa 165 x 195 mm","description":"Cono patatine in cartone con scomparto salsa! Dimensioni: 165 x 195 mm! Ti proponiamo una confezione da 50 coni per patatine, churros, ecc...","robots":{"index":"index","follow":"follow","max-snippet":"max-snippet:-1","max-image-preview":"max-image-preview:large","max-video-preview":"max-video-preview:-1"},"canonical":"https:\/\/www.csj-emballages.com\/it\/produit\/cono-patatine-in-cartone-con-scomparto-salsa-165-x-195-mm-da-50\/","og_locale":"it_IT","og_type":"article","og_title":"Cono patatine in cartone con scomparto salsa 165 x 195 mm da 50","og_description":"Cono patatine in cartone con scomparto salsa! Dimensioni: 165 x 195 mm! Ti proponiamo una confezione da 50 coni per patatine, churros, ecc...","og_url":"https:\/\/www.csj-emballages.com\/it\/produit\/cono-patatine-in-cartone-con-scomparto-salsa-165-x-195-mm-da-50\/","og_site_name":"CSJ Emballages","article_publisher":"https:\/\/www.facebook.com\/csjemballages","article_modified_time":"2026-04-03T00:14:53+00:00","og_image":[{"width":800,"height":800,"url":"https:\/\/www.csj-emballages.com\/wp-content\/uploads\/2024\/03\/CORN1.webp","type":"image\/webp"}],"twitter_card":"summary_large_image","twitter_misc":{"Dur\u00e9e de lecture estim\u00e9e":"2 minuti"},"schema":{"@context":"https:\/\/schema.org","@graph":[{"@type":"WebPage","@id":"https:\/\/www.csj-emballages.com\/it\/produit\/cono-patatine-in-cartone-con-scomparto-salsa-165-x-195-mm-da-50\/","url":"https:\/\/www.csj-emballages.com\/it\/produit\/cono-patatine-in-cartone-con-scomparto-salsa-165-x-195-mm-da-50\/","name":"Cono Patatine in Cartone con Scomparto Salsa 165 x 195 mm","isPartOf":{"@id":"https:\/\/www.csj-emballages.com\/it\/#website"},"primaryImageOfPage":{"@id":"https:\/\/www.csj-emballages.com\/it\/produit\/cono-patatine-in-cartone-con-scomparto-salsa-165-x-195-mm-da-50\/#primaryimage"},"image":{"@id":"https:\/\/www.csj-emballages.com\/it\/produit\/cono-patatine-in-cartone-con-scomparto-salsa-165-x-195-mm-da-50\/#primaryimage"},"thumbnailUrl":"https:\/\/www.csj-emballages.com\/wp-content\/uploads\/2024\/03\/CORN1.webp","datePublished":"2024-03-01T15:54:46+00:00","dateModified":"2026-04-03T00:14:53+00:00","description":"Cono patatine in cartone con scomparto salsa! Dimensioni: 165 x 195 mm! Ti proponiamo una confezione da 50 coni per patatine, churros, ecc...","breadcrumb":{"@id":"https:\/\/www.csj-emballages.com\/it\/produit\/cono-patatine-in-cartone-con-scomparto-salsa-165-x-195-mm-da-50\/#breadcrumb"},"inLanguage":"it-IT","potentialAction":[{"@type":"ReadAction","target":["https:\/\/www.csj-emballages.com\/it\/produit\/cono-patatine-in-cartone-con-scomparto-salsa-165-x-195-mm-da-50\/"]}]},{"@type":"ImageObject","inLanguage":"it-IT","@id":"https:\/\/www.csj-emballages.com\/it\/produit\/cono-patatine-in-cartone-con-scomparto-salsa-165-x-195-mm-da-50\/#primaryimage","url":"https:\/\/www.csj-emballages.com\/wp-content\/uploads\/2024\/03\/CORN1.webp","contentUrl":"https:\/\/www.csj-emballages.com\/wp-content\/uploads\/2024\/03\/CORN1.webp","width":800,"height":800,"caption":"Cornet Frite"},{"@type":"BreadcrumbList","@id":"https:\/\/www.csj-emballages.com\/it\/produit\/cono-patatine-in-cartone-con-scomparto-salsa-165-x-195-mm-da-50\/#breadcrumb","itemListElement":[{"@type":"ListItem","position":1,"name":"Home","item":"https:\/\/www.csj-emballages.com\/it\/universo-imballaggi-alimentari\/"},{"@type":"ListItem","position":2,"name":"Negozio","item":"https:\/\/www.csj-emballages.com\/it\/negozio\/"},{"@type":"ListItem","position":3,"name":"Cono patatine in cartone con scomparto salsa 165 x 195 mm da 50"}]},{"@type":"WebSite","@id":"https:\/\/www.csj-emballages.com\/it\/#website","url":"https:\/\/www.csj-emballages.com\/it\/","name":"CSJ Emballages","description":"","publisher":{"@id":"https:\/\/www.csj-emballages.com\/it\/#organization"},"potentialAction":[{"@type":"SearchAction","target":{"@type":"EntryPoint","urlTemplate":"https:\/\/www.csj-emballages.com\/it\/?s={search_term_string}"},"query-input":{"@type":"PropertyValueSpecification","valueRequired":true,"valueName":"search_term_string"}}],"inLanguage":"it-IT"},{"@type":"Organization","@id":"https:\/\/www.csj-emballages.com\/it\/#Organization\/","name":"CSJ Emballages","url":"https:\/\/www.csj-emballages.com\/it\/","logo":{"@type":"ImageObject","inLanguage":"it-IT","@id":"https:\/\/www.csj-emballages.com\/it\/#\/schema\/logo\/image\/","url":"https:\/\/www.csj-emballages.com\/wp-content\/uploads\/2023\/10\/logo_csj.webp","contentUrl":"https:\/\/www.csj-emballages.com\/wp-content\/uploads\/2023\/10\/logo_csj.webp","width":250,"height":95,"caption":"CSJ Emballages"},"image":{"@id":"https:\/\/www.csj-emballages.com\/it\/#\/schema\/logo\/image\/"},"sameAs":["https:\/\/www.facebook.com\/csjemballages"],"address":{"@type":"PostalAddress","streetAddress":"ZI La Lechere","addressLocality":"Patornay","postalCode":"39130","addressCountry":"FR"},"contactPoint":[{"@type":"ContactPoint","contactType":"Service client","telephone":"0384254272","email":"contact@csj-emballages.com"}]}]}},"df_price":3.16,"df_sale_price":"","df_regular_price":3.16,"df_image_link":"https:\/\/www.csj-emballages.com\/wp-content\/uploads\/2024\/03\/CORN1-300x300.webp","tiered_pricing_type":"fixed","tiered_pricing_fixed_rules":[],"tiered_pricing_percentage_rules":[],"tiered_pricing_minimum":1,"tiered_pricing_roles_data":[],"_links":{"self":[{"href":"https:\/\/www.csj-emballages.com\/it\/wp-json\/wp\/v2\/product\/268780","targetHints":{"allow":["GET"]}}],"collection":[{"href":"https:\/\/www.csj-emballages.com\/it\/wp-json\/wp\/v2\/product"}],"about":[{"href":"https:\/\/www.csj-emballages.com\/it\/wp-json\/wp\/v2\/types\/product"}],"wp:featuredmedia":[{"embeddable":true,"href":"https:\/\/www.csj-emballages.com\/it\/wp-json\/wp\/v2\/media\/268792"}],"wp:attachment":[{"href":"https:\/\/www.csj-emballages.com\/it\/wp-json\/wp\/v2\/media?parent=268780"}],"wp:term":[{"taxonomy":"product_brand","embeddable":true,"href":"https:\/\/www.csj-emballages.com\/it\/wp-json\/wp\/v2\/product_brand?post=268780"},{"taxonomy":"product_cat","embeddable":true,"href":"https:\/\/www.csj-emballages.com\/it\/wp-json\/wp\/v2\/product_cat?post=268780"},{"taxonomy":"product_tag","embeddable":true,"href":"https:\/\/www.csj-emballages.com\/it\/wp-json\/wp\/v2\/product_tag?post=268780"}],"curies":[{"name":"wp","href":"https:\/\/api.w.org\/{rel}","templated":true}]}}