{"id":268751,"date":"2024-03-01T16:54:41","date_gmt":"2024-03-01T15:54:41","guid":{"rendered":"https:\/\/www.csj-emballages.com\/produit\/coppetta-da-dessert-plastica-pp-155-ml-confezione-da-25\/"},"modified":"2026-04-29T11:01:03","modified_gmt":"2026-04-29T09:01:03","slug":"coppetta-da-dessert-plastica-pp-155-ml-confezione-da-25","status":"publish","type":"product","link":"https:\/\/www.csj-emballages.com\/it\/produit\/coppetta-da-dessert-plastica-pp-155-ml-confezione-da-25\/","title":{"rendered":"Coppetta da dessert plastica PP 155 ml confezione da 25"},"content":{"rendered":"<h2>Coppetta da dessert<\/h2>\n<hr>\n<h3>Descrizione della nostra coppetta da dessert plastica PP 155 ml confezione da 25<\/h3>\n<p><!--more--><\/p>\n<p data-start=\"306\" data-end=\"686\">Aggiungi un tocco elegante ai tuoi dessert con la nostra <strong data-start=\"361\" data-end=\"400\">coppetta da dessert plastica PP 155 ml<\/strong>! Allo stesso tempo <strong data-start=\"413\" data-end=\"449\">pratica, resistente e trasparente<\/strong>, \u00e8 perfetta per valorizzare tutte le tue creazioni dolci. Che tu prepari una <strong data-start=\"544\" data-end=\"561\">mousse leggera<\/strong>, un <strong data-start=\"566\" data-end=\"587\">tiramis\u00f9 goloso<\/strong> o una <strong data-start=\"595\" data-end=\"623\">macedonia fresca<\/strong>, questa coppetta sapr\u00e0 esaltare ogni strato e ogni colore. <\/p>\n<p data-start=\"688\" data-end=\"1041\">Realizzata in <strong data-start=\"701\" data-end=\"723\">polipropilene (PP)<\/strong>, si distingue per la sua <strong data-start=\"750\" data-end=\"782\">resistenza e flessibilit\u00e0<\/strong>. A differenza di altre plastiche, il PP sopporta meglio il calore e non si rompe facilmente. Questo la rende una <strong data-start=\"900\" data-end=\"939\">scelta ideale per i professionisti<\/strong> della ristorazione, della pasticceria o del catering che cercano un prodotto affidabile per l&#8217;uso quotidiano.  <\/p>\n<p data-start=\"1043\" data-end=\"1354\">Grazie alla sua <strong data-start=\"1054\" data-end=\"1078\">trasparenza cristallina<\/strong>, i tuoi dessert vengono messi in risalto al primo sguardo. E con il suo <strong data-start=\"1146\" data-end=\"1166\">formato da 155 ml<\/strong>, puoi servire porzioni perfette: n\u00e9 troppo piccole, n\u00e9 troppo grandi. \u00c8 la dimensione ideale per degustazioni, buffet, eventi o anche dessert da asporto.  <\/p>\n<p data-start=\"1356\" data-end=\"1688\">Venduta <strong data-start=\"1363\" data-end=\"1380\">in confezione da 25<\/strong>, questa coppetta da dessert combina <strong data-start=\"1412\" data-end=\"1437\">praticit\u00e0 ed economia<\/strong>. La sua <strong data-start=\"1442\" data-end=\"1468\">presa comoda<\/strong>, il suo <strong data-start=\"1474\" data-end=\"1501\">design sobrio e moderno<\/strong> e la sua <strong data-start=\"1508\" data-end=\"1534\">facilit\u00e0 d&#8217;uso<\/strong> la rendono indispensabile per ogni occasione. Inoltre, il PP \u00e8 <strong data-start=\"1607\" data-end=\"1621\">riciclabile<\/strong>, il che la rende un&#8217;opzione pi\u00f9 rispettosa dell&#8217;ambiente.  <\/p>\n<p data-start=\"1690\" data-end=\"1914\">In sintesi, la <strong data-start=\"1704\" data-end=\"1743\">coppetta da dessert plastica PP 155 ml<\/strong> \u00e8 il perfetto equilibrio tra <strong data-start=\"1775\" data-end=\"1826\">estetica, durata e comfort d&#8217;uso<\/strong>. Una scelta sicura per le tue presentazioni dolci, sia semplici che raffinate! <\/p>\n<p data-start=\"1690\" data-end=\"1914\">\n<p data-start=\"1546\" data-end=\"1762\"><!--more--><\/p>\n<h4 data-start=\"1546\" data-end=\"1762\">Vantaggi:<\/h4>\n<ul>\n<li data-start=\"1975\" data-end=\"2034\"><strong data-start=\"1975\" data-end=\"2003\">Trasparente ed elegante<\/strong>: valorizza i tuoi dessert.<\/li>\n<li data-start=\"2037\" data-end=\"2087\"><strong data-start=\"2037\" data-end=\"2063\">Leggera ma resistente<\/strong>: facile da maneggiare.<\/li>\n<li data-start=\"2090\" data-end=\"2162\"><strong data-start=\"2090\" data-end=\"2119\">Formato pratico da 155 ml<\/strong>: ideale per porzioni individuali.<\/li>\n<li data-start=\"2165\" data-end=\"2215\"><strong data-start=\"2165\" data-end=\"2185\">Confezione da 25 coppette<\/strong>: economica per i professionisti.<\/li>\n<li data-start=\"2218\" data-end=\"2301\"><strong data-start=\"2218\" data-end=\"2252\">Adatta a tutti gli eventi<\/strong>: buffet, ricevimenti, catering, pasticcerie.<\/li>\n<\/ul>\n<p>&nbsp;<\/p>\n<p><!--more--><\/p>\n<h4>Altre informazioni:<\/h4>\n<ul>\n<li><strong>Dimensioni<\/strong>: 95 x 57 (\u00d8 x H in mm).<\/li>\n<li><strong>Confezione<\/strong>: Pacchi da 25<\/li>\n<li><strong>Volume<\/strong>: 155 ml<\/li>\n<li><strong>Materiale<\/strong>: PP<\/li>\n<\/ul>\n<p>&nbsp;<\/p>\n<p><!--more--><\/p>\n<p>Trova qui i coperchi venduti separatamente, compatibili con questa coppetta da dessert: <span style=\"color: #d12727;\"><a style=\"color: #d12727;\" href=\"https:\/\/www.csj-emballages.com\/produit\/50-couvercles-domes-jetables-pour-coupe-dessert-cp125\/\">DOMECP<\/a> <span style=\"color: #000000;\">\/<\/span> <a style=\"color: #d12727;\" href=\"https:\/\/www.csj-emballages.com\/it\/produit\/coperchio-plastica-coppa-da-dessert-cp125-da-50-pezzi\/\">COUVCP<\/a><\/span><\/p>\n<p>&nbsp;<\/p>\n<p><!--more--><\/p>\n<p><a href=\"https:\/\/www.csj-emballages.com\/it\/categorie-produit\/imballaggi-alimentari\/macelleria-gastronomia-ortofrutta\/coppe-vasetti-verrine\/coppe-dessert\/\">Scopri il resto della nostra gamma di coppette da dessert<\/a><\/p>\n","protected":false},"excerpt":{"rendered":"<p>Coppetta da dessert Descrizione della nostra coppetta da dessert plastica PP 155 ml confezione da 25<\/p>\n","protected":false},"featured_media":268756,"template":"","meta":{"_acf_changed":false},"product_brand":[],"product_cat":[10381,10436,10437],"product_tag":[],"class_list":{"0":"post-268751","1":"product","2":"type-product","3":"status-publish","4":"has-post-thumbnail","6":"product_cat-macelleria-gastronomia-ortofrutta","7":"product_cat-coppe-vasetti-verrine","8":"product_cat-coppe-dessert","10":"first","11":"instock","12":"taxable","13":"shipping-taxable","14":"purchasable","15":"product-type-simple"},"acf":[],"yoast_head":"<!-- This site is optimized with the Yoast SEO Premium plugin v26.6 (Yoast SEO v26.6) - https:\/\/yoast.com\/wordpress\/plugins\/seo\/ -->\n<title>Coppetta da Dessert Plastica - 155 ml<\/title>\n<meta name=\"description\" content=\"Coppetta da dessert 155 ml con coperchio in plastica, ideale per presentare e trasportare i tuoi dessert in tutta sicurezza. Pratica, elegante e ermetica.\" \/>\n<meta name=\"robots\" content=\"index, follow, max-snippet:-1, max-image-preview:large, max-video-preview:-1\" \/>\n<link rel=\"canonical\" href=\"https:\/\/www.csj-emballages.com\/it\/produit\/coppetta-da-dessert-plastica-pp-155-ml-confezione-da-25\/\" \/>\n<meta property=\"og:locale\" content=\"it_IT\" \/>\n<meta property=\"og:type\" content=\"article\" \/>\n<meta property=\"og:title\" content=\"Coppetta da dessert plastica PP 155 ml confezione da 25\" \/>\n<meta property=\"og:description\" content=\"Coppetta da dessert 155 ml con coperchio in plastica, ideale per presentare e trasportare i tuoi dessert in tutta sicurezza. Pratica, elegante e ermetica.\" \/>\n<meta property=\"og:url\" content=\"https:\/\/www.csj-emballages.com\/it\/produit\/coppetta-da-dessert-plastica-pp-155-ml-confezione-da-25\/\" \/>\n<meta property=\"og:site_name\" content=\"CSJ Emballages\" \/>\n<meta property=\"article:publisher\" content=\"https:\/\/www.facebook.com\/csjemballages\" \/>\n<meta property=\"article:modified_time\" content=\"2026-04-29T09:01:03+00:00\" \/>\n<meta property=\"og:image\" content=\"https:\/\/www.csj-emballages.com\/wp-content\/uploads\/2024\/03\/CP-125-PP.webp\" \/>\n\t<meta property=\"og:image:width\" content=\"800\" \/>\n\t<meta property=\"og:image:height\" content=\"800\" \/>\n\t<meta property=\"og:image:type\" content=\"image\/webp\" \/>\n<meta name=\"twitter:card\" content=\"summary_large_image\" \/>\n<meta name=\"twitter:label1\" content=\"Dur\u00e9e de lecture estim\u00e9e\" \/>\n\t<meta name=\"twitter:data1\" content=\"2 minuti\" \/>\n<script type=\"application\/ld+json\" class=\"yoast-schema-graph\">{\"@context\":\"https:\/\/schema.org\",\"@graph\":[{\"@type\":\"WebPage\",\"@id\":\"https:\/\/www.csj-emballages.com\/it\/produit\/coppetta-da-dessert-plastica-pp-155-ml-confezione-da-25\/\",\"url\":\"https:\/\/www.csj-emballages.com\/it\/produit\/coppetta-da-dessert-plastica-pp-155-ml-confezione-da-25\/\",\"name\":\"Coppetta da Dessert Plastica - 155 ml\",\"isPartOf\":{\"@id\":\"https:\/\/www.csj-emballages.com\/it\/#website\"},\"primaryImageOfPage\":{\"@id\":\"https:\/\/www.csj-emballages.com\/it\/produit\/coppetta-da-dessert-plastica-pp-155-ml-confezione-da-25\/#primaryimage\"},\"image\":{\"@id\":\"https:\/\/www.csj-emballages.com\/it\/produit\/coppetta-da-dessert-plastica-pp-155-ml-confezione-da-25\/#primaryimage\"},\"thumbnailUrl\":\"https:\/\/www.csj-emballages.com\/wp-content\/uploads\/2024\/03\/CP-125-PP.webp\",\"datePublished\":\"2024-03-01T15:54:41+00:00\",\"dateModified\":\"2026-04-29T09:01:03+00:00\",\"description\":\"Coppetta da dessert 155 ml con coperchio in plastica, ideale per presentare e trasportare i tuoi dessert in tutta sicurezza. Pratica, elegante e ermetica.\",\"breadcrumb\":{\"@id\":\"https:\/\/www.csj-emballages.com\/it\/produit\/coppetta-da-dessert-plastica-pp-155-ml-confezione-da-25\/#breadcrumb\"},\"inLanguage\":\"it-IT\",\"potentialAction\":[{\"@type\":\"ReadAction\",\"target\":[\"https:\/\/www.csj-emballages.com\/it\/produit\/coppetta-da-dessert-plastica-pp-155-ml-confezione-da-25\/\"]}]},{\"@type\":\"ImageObject\",\"inLanguage\":\"it-IT\",\"@id\":\"https:\/\/www.csj-emballages.com\/it\/produit\/coppetta-da-dessert-plastica-pp-155-ml-confezione-da-25\/#primaryimage\",\"url\":\"https:\/\/www.csj-emballages.com\/wp-content\/uploads\/2024\/03\/CP-125-PP.webp\",\"contentUrl\":\"https:\/\/www.csj-emballages.com\/wp-content\/uploads\/2024\/03\/CP-125-PP.webp\",\"width\":800,\"height\":800,\"caption\":\"Coupe \u00e0 dessert\"},{\"@type\":\"BreadcrumbList\",\"@id\":\"https:\/\/www.csj-emballages.com\/it\/produit\/coppetta-da-dessert-plastica-pp-155-ml-confezione-da-25\/#breadcrumb\",\"itemListElement\":[{\"@type\":\"ListItem\",\"position\":1,\"name\":\"Home\",\"item\":\"https:\/\/www.csj-emballages.com\/it\/universo-imballaggi-alimentari\/\"},{\"@type\":\"ListItem\",\"position\":2,\"name\":\"Negozio\",\"item\":\"https:\/\/www.csj-emballages.com\/it\/negozio\/\"},{\"@type\":\"ListItem\",\"position\":3,\"name\":\"Coppetta da dessert plastica PP 155 ml confezione da 25\"}]},{\"@type\":\"WebSite\",\"@id\":\"https:\/\/www.csj-emballages.com\/it\/#website\",\"url\":\"https:\/\/www.csj-emballages.com\/it\/\",\"name\":\"CSJ Emballages\",\"description\":\"\",\"publisher\":{\"@id\":\"https:\/\/www.csj-emballages.com\/it\/#organization\"},\"potentialAction\":[{\"@type\":\"SearchAction\",\"target\":{\"@type\":\"EntryPoint\",\"urlTemplate\":\"https:\/\/www.csj-emballages.com\/it\/?s={search_term_string}\"},\"query-input\":{\"@type\":\"PropertyValueSpecification\",\"valueRequired\":true,\"valueName\":\"search_term_string\"}}],\"inLanguage\":\"it-IT\"},{\"@type\":\"Organization\",\"@id\":\"https:\/\/www.csj-emballages.com\/it\/#Organization\/\",\"name\":\"CSJ Emballages\",\"url\":\"https:\/\/www.csj-emballages.com\/it\/\",\"logo\":{\"@type\":\"ImageObject\",\"inLanguage\":\"it-IT\",\"@id\":\"https:\/\/www.csj-emballages.com\/it\/#\/schema\/logo\/image\/\",\"url\":\"https:\/\/www.csj-emballages.com\/wp-content\/uploads\/2023\/10\/logo_csj.webp\",\"contentUrl\":\"https:\/\/www.csj-emballages.com\/wp-content\/uploads\/2023\/10\/logo_csj.webp\",\"width\":250,\"height\":95,\"caption\":\"CSJ Emballages\"},\"image\":{\"@id\":\"https:\/\/www.csj-emballages.com\/it\/#\/schema\/logo\/image\/\"},\"sameAs\":[\"https:\/\/www.facebook.com\/csjemballages\"],\"address\":{\"@type\":\"PostalAddress\",\"streetAddress\":\"ZI La Lechere\",\"addressLocality\":\"Patornay\",\"postalCode\":\"39130\",\"addressCountry\":\"FR\"},\"contactPoint\":[{\"@type\":\"ContactPoint\",\"contactType\":\"Service client\",\"telephone\":\"0384254272\",\"email\":\"contact@csj-emballages.com\"}]}]}<\/script>\n<!-- \/ Yoast SEO Premium plugin. -->","yoast_head_json":{"title":"Coppetta da Dessert Plastica - 155 ml","description":"Coppetta da dessert 155 ml con coperchio in plastica, ideale per presentare e trasportare i tuoi dessert in tutta sicurezza. Pratica, elegante e ermetica.","robots":{"index":"index","follow":"follow","max-snippet":"max-snippet:-1","max-image-preview":"max-image-preview:large","max-video-preview":"max-video-preview:-1"},"canonical":"https:\/\/www.csj-emballages.com\/it\/produit\/coppetta-da-dessert-plastica-pp-155-ml-confezione-da-25\/","og_locale":"it_IT","og_type":"article","og_title":"Coppetta da dessert plastica PP 155 ml confezione da 25","og_description":"Coppetta da dessert 155 ml con coperchio in plastica, ideale per presentare e trasportare i tuoi dessert in tutta sicurezza. Pratica, elegante e ermetica.","og_url":"https:\/\/www.csj-emballages.com\/it\/produit\/coppetta-da-dessert-plastica-pp-155-ml-confezione-da-25\/","og_site_name":"CSJ Emballages","article_publisher":"https:\/\/www.facebook.com\/csjemballages","article_modified_time":"2026-04-29T09:01:03+00:00","og_image":[{"width":800,"height":800,"url":"https:\/\/www.csj-emballages.com\/wp-content\/uploads\/2024\/03\/CP-125-PP.webp","type":"image\/webp"}],"twitter_card":"summary_large_image","twitter_misc":{"Dur\u00e9e de lecture estim\u00e9e":"2 minuti"},"schema":{"@context":"https:\/\/schema.org","@graph":[{"@type":"WebPage","@id":"https:\/\/www.csj-emballages.com\/it\/produit\/coppetta-da-dessert-plastica-pp-155-ml-confezione-da-25\/","url":"https:\/\/www.csj-emballages.com\/it\/produit\/coppetta-da-dessert-plastica-pp-155-ml-confezione-da-25\/","name":"Coppetta da Dessert Plastica - 155 ml","isPartOf":{"@id":"https:\/\/www.csj-emballages.com\/it\/#website"},"primaryImageOfPage":{"@id":"https:\/\/www.csj-emballages.com\/it\/produit\/coppetta-da-dessert-plastica-pp-155-ml-confezione-da-25\/#primaryimage"},"image":{"@id":"https:\/\/www.csj-emballages.com\/it\/produit\/coppetta-da-dessert-plastica-pp-155-ml-confezione-da-25\/#primaryimage"},"thumbnailUrl":"https:\/\/www.csj-emballages.com\/wp-content\/uploads\/2024\/03\/CP-125-PP.webp","datePublished":"2024-03-01T15:54:41+00:00","dateModified":"2026-04-29T09:01:03+00:00","description":"Coppetta da dessert 155 ml con coperchio in plastica, ideale per presentare e trasportare i tuoi dessert in tutta sicurezza. Pratica, elegante e ermetica.","breadcrumb":{"@id":"https:\/\/www.csj-emballages.com\/it\/produit\/coppetta-da-dessert-plastica-pp-155-ml-confezione-da-25\/#breadcrumb"},"inLanguage":"it-IT","potentialAction":[{"@type":"ReadAction","target":["https:\/\/www.csj-emballages.com\/it\/produit\/coppetta-da-dessert-plastica-pp-155-ml-confezione-da-25\/"]}]},{"@type":"ImageObject","inLanguage":"it-IT","@id":"https:\/\/www.csj-emballages.com\/it\/produit\/coppetta-da-dessert-plastica-pp-155-ml-confezione-da-25\/#primaryimage","url":"https:\/\/www.csj-emballages.com\/wp-content\/uploads\/2024\/03\/CP-125-PP.webp","contentUrl":"https:\/\/www.csj-emballages.com\/wp-content\/uploads\/2024\/03\/CP-125-PP.webp","width":800,"height":800,"caption":"Coupe \u00e0 dessert"},{"@type":"BreadcrumbList","@id":"https:\/\/www.csj-emballages.com\/it\/produit\/coppetta-da-dessert-plastica-pp-155-ml-confezione-da-25\/#breadcrumb","itemListElement":[{"@type":"ListItem","position":1,"name":"Home","item":"https:\/\/www.csj-emballages.com\/it\/universo-imballaggi-alimentari\/"},{"@type":"ListItem","position":2,"name":"Negozio","item":"https:\/\/www.csj-emballages.com\/it\/negozio\/"},{"@type":"ListItem","position":3,"name":"Coppetta da dessert plastica PP 155 ml confezione da 25"}]},{"@type":"WebSite","@id":"https:\/\/www.csj-emballages.com\/it\/#website","url":"https:\/\/www.csj-emballages.com\/it\/","name":"CSJ Emballages","description":"","publisher":{"@id":"https:\/\/www.csj-emballages.com\/it\/#organization"},"potentialAction":[{"@type":"SearchAction","target":{"@type":"EntryPoint","urlTemplate":"https:\/\/www.csj-emballages.com\/it\/?s={search_term_string}"},"query-input":{"@type":"PropertyValueSpecification","valueRequired":true,"valueName":"search_term_string"}}],"inLanguage":"it-IT"},{"@type":"Organization","@id":"https:\/\/www.csj-emballages.com\/it\/#Organization\/","name":"CSJ Emballages","url":"https:\/\/www.csj-emballages.com\/it\/","logo":{"@type":"ImageObject","inLanguage":"it-IT","@id":"https:\/\/www.csj-emballages.com\/it\/#\/schema\/logo\/image\/","url":"https:\/\/www.csj-emballages.com\/wp-content\/uploads\/2023\/10\/logo_csj.webp","contentUrl":"https:\/\/www.csj-emballages.com\/wp-content\/uploads\/2023\/10\/logo_csj.webp","width":250,"height":95,"caption":"CSJ Emballages"},"image":{"@id":"https:\/\/www.csj-emballages.com\/it\/#\/schema\/logo\/image\/"},"sameAs":["https:\/\/www.facebook.com\/csjemballages"],"address":{"@type":"PostalAddress","streetAddress":"ZI La Lechere","addressLocality":"Patornay","postalCode":"39130","addressCountry":"FR"},"contactPoint":[{"@type":"ContactPoint","contactType":"Service client","telephone":"0384254272","email":"contact@csj-emballages.com"}]}]}},"df_price":2.7,"df_sale_price":"","df_regular_price":2.7,"df_image_link":"https:\/\/www.csj-emballages.com\/wp-content\/uploads\/2024\/03\/CP-125-PP-300x300.webp","tiered_pricing_type":"fixed","tiered_pricing_fixed_rules":[],"tiered_pricing_percentage_rules":[],"tiered_pricing_minimum":1,"tiered_pricing_roles_data":[],"_links":{"self":[{"href":"https:\/\/www.csj-emballages.com\/it\/wp-json\/wp\/v2\/product\/268751","targetHints":{"allow":["GET"]}}],"collection":[{"href":"https:\/\/www.csj-emballages.com\/it\/wp-json\/wp\/v2\/product"}],"about":[{"href":"https:\/\/www.csj-emballages.com\/it\/wp-json\/wp\/v2\/types\/product"}],"wp:featuredmedia":[{"embeddable":true,"href":"https:\/\/www.csj-emballages.com\/it\/wp-json\/wp\/v2\/media\/268756"}],"wp:attachment":[{"href":"https:\/\/www.csj-emballages.com\/it\/wp-json\/wp\/v2\/media?parent=268751"}],"wp:term":[{"taxonomy":"product_brand","embeddable":true,"href":"https:\/\/www.csj-emballages.com\/it\/wp-json\/wp\/v2\/product_brand?post=268751"},{"taxonomy":"product_cat","embeddable":true,"href":"https:\/\/www.csj-emballages.com\/it\/wp-json\/wp\/v2\/product_cat?post=268751"},{"taxonomy":"product_tag","embeddable":true,"href":"https:\/\/www.csj-emballages.com\/it\/wp-json\/wp\/v2\/product_tag?post=268751"}],"curies":[{"name":"wp","href":"https:\/\/api.w.org\/{rel}","templated":true}]}}