{"id":268715,"date":"2024-03-01T16:54:39","date_gmt":"2024-03-01T15:54:39","guid":{"rendered":"https:\/\/www.csj-emballages.com\/produit\/50-scatole-per-pasticceria-con-manico-a-croquer-10-x-18-x-7-cm\/"},"modified":"2026-04-15T02:13:02","modified_gmt":"2026-04-15T00:13:02","slug":"50-scatole-per-pasticceria-con-manico-a-croquer-10-x-18-x-7-cm","status":"publish","type":"product","link":"https:\/\/www.csj-emballages.com\/it\/produit\/50-scatole-per-pasticceria-con-manico-a-croquer-10-x-18-x-7-cm\/","title":{"rendered":"50 scatole per pasticceria con manico &#8220;A Croquer&#8221; 10 x 18 x 7 cm"},"content":{"rendered":"<h2>Scatole per pasticceria &#8220;A Croquer&#8221; 10x18x7cm &#8211; da 50 pezzi<\/h2>\n<div style=\"font-family: Roboto, sans-serif;\">\n<div style=\"font-family: Roboto, sans-serif;\">\n<div style=\"font-family: Roboto, sans-serif;\">\n<div style=\"font-family: Roboto, sans-serif;\">\n<div style=\"font-family: Roboto, sans-serif;\">\n<div style=\"font-family: Roboto, sans-serif;\">\n<hr>\n<h3>Descrizione del prodotto<\/h3>\n<p><!--more--><\/p>\n<p>Le scatole per pasticceria &#8220;A Croquer&#8221; 10x18x7cm sono imballaggi festivi e pratici. Permettono di trasportare i dolci con facilit\u00e0 grazie al loro manico ergonomico. Queste scatole sono ideali per panetterie e pasticcerie che desiderano offrire una bella presentazione. Realizzate in cartone resistente, proteggono i prodotti pur essendo rispettose dell&#8217;ambiente.   <\/p>\n<p>Inoltre, il loro design accattivante valorizza i dessert, incentivando l&#8217;acquisto. Con dimensioni compatte, sono perfette per porzioni individuali o piccole. Che si tratti di torte, viennoiserie o altre creazioni golose, rispondono alle esigenze di trasporto sicuro ed estetico.  <\/p>\n<p>Inoltre, sono facili da montare, offrendo un risparmio di tempo per i professionisti. Grazie al loro manico, queste scatole permettono una presa comoda. Il loro colore si adatta a ogni tipo di decorazione pasticcera, valorizzando il contenuto. \u00c8 quindi una soluzione versatile per trasportare e offrire dessert con stile.   <\/p>\n<p>&nbsp;<\/p>\n<\/div>\n<\/div>\n<\/div>\n<\/div>\n<\/div>\n<\/div>\n<p><!--more--><\/p>\n<div style=\"font-family: Roboto, sans-serif;\">\n<div style=\"font-family: Roboto, sans-serif;\">\n<div style=\"font-family: Roboto, sans-serif;\">\n<div style=\"font-family: Roboto, sans-serif;\">\n<div style=\"font-family: Roboto, sans-serif;\">\n<div style=\"font-family: Roboto, sans-serif;\">\n<p><strong>I loro vantaggi:<\/strong><\/p>\n<ul>\n<li><strong>Praticit\u00e0<\/strong>: Grazie al loro manico ergonomico, permettono un trasporto facile e sicuro dei dolci.<\/li>\n<li><strong>Montaggio semplice<\/strong>: Facili e veloci da assemblare, fanno risparmiare tempo ai pasticceri.<\/li>\n<li><strong>Versatilit\u00e0<\/strong>: Adatte a un&#8217;ampia gamma di prodotti, dalle torte alle viennoiserie.<\/li>\n<li><strong>Ecologiche<\/strong>: Realizzate in cartone riciclabile, rispettano l&#8217;ambiente.<\/li>\n<\/ul>\n<p>&nbsp;<\/p>\n<\/div>\n<\/div>\n<\/div>\n<\/div>\n<\/div>\n<\/div>\n<p><!--more--><\/p>\n<p>Disponibile in diverse misure: <span style=\"color: #d12727;\"><a style=\"color: #d12727;\" href=\"https:\/\/www.csj-emballages.com\/it\/produit\/50-scatoline-per-pasticceria-con-manico-colorate-10-x-12-x-7-cm-a-croquer\/\">10 x 12 x 7 cm<\/a><\/span> \/ <span style=\"color: #d12727;\"><a style=\"color: #d12727;\" href=\"https:\/\/www.csj-emballages.com\/produit\/50-caissettes-patissieres-a-poignee-colorees-20-x-18-x-7-cm-a-croquer\/\">20 x 18 x 7 cm<\/a><\/span><\/p>\n<p>&nbsp;<\/p>\n<p><!--more--><\/p>\n<p><a href=\"\/?product_cat=boites-patissieres-colorees-a-croquer\">Trova qui il resto della nostra gamma di scatole per pasticceria &#8220;\u00c0 Croquer&#8221;<\/a><\/p>\n<p>&nbsp;<\/p>\n<p><!--more--><\/p>\n<p><a href=\"https:\/\/www.csj-emballages.com\/it\/categorie-produit\/scatole-per-pasticceria-con-manici\/scatole-per-pasticceria-colorate\/\">Consulta qui le nostre scatole per pasticceria &#8220;\u00c0 Croquer&#8221;<\/a><\/p>\n","protected":false},"excerpt":{"rendered":"<p>Scatole per pasticceria &#8220;A Croquer&#8221; 10x18x7cm &#8211; da 50 pezzi Descrizione del prodotto<\/p>\n","protected":false},"featured_media":268719,"template":"","meta":{"_acf_changed":false},"product_brand":[],"product_cat":[10346,10344,10812,10813,10358],"product_tag":[],"class_list":{"0":"post-268715","1":"product","2":"type-product","3":"status-publish","4":"has-post-thumbnail","6":"product_cat-imballaggi-alimentari","7":"product_cat-panetteria-pasticceria","8":"product_cat-scatole-per-pasticceria-con-manici","9":"product_cat-scatole-per-pasticceria-colorate","10":"product_cat-stock","12":"first","13":"instock","14":"sale","15":"taxable","16":"shipping-taxable","17":"purchasable","18":"product-type-simple"},"acf":[],"yoast_head":"<!-- This site is optimized with the Yoast SEO Premium plugin v26.6 (Yoast SEO v26.6) - https:\/\/yoast.com\/wordpress\/plugins\/seo\/ -->\n<title>Scatole per pasticceria &quot;A Croquer&quot; 10x18x7cm \/ CSJ Emballages<\/title>\n<meta name=\"description\" content=\"Scopri le scatole per pasticceria &quot;A Croquer&quot; 10x18x7cm. Ecologiche e facili da montare, offrono una soluzione pratica per i panettieri.\" \/>\n<meta name=\"robots\" content=\"index, follow, max-snippet:-1, max-image-preview:large, max-video-preview:-1\" \/>\n<link rel=\"canonical\" href=\"https:\/\/www.csj-emballages.com\/it\/produit\/50-scatole-per-pasticceria-con-manico-a-croquer-10-x-18-x-7-cm\/\" \/>\n<meta property=\"og:locale\" content=\"it_IT\" \/>\n<meta property=\"og:type\" content=\"article\" \/>\n<meta property=\"og:title\" content=\"50 scatole per pasticceria con manico &quot;A Croquer&quot; 10 x 18 x 7 cm\" \/>\n<meta property=\"og:description\" content=\"Scopri le scatole per pasticceria &quot;A Croquer&quot; 10x18x7cm. Ecologiche e facili da montare, offrono una soluzione pratica per i panettieri.\" \/>\n<meta property=\"og:url\" content=\"https:\/\/www.csj-emballages.com\/it\/produit\/50-scatole-per-pasticceria-con-manico-a-croquer-10-x-18-x-7-cm\/\" \/>\n<meta property=\"og:site_name\" content=\"CSJ Emballages\" \/>\n<meta property=\"article:publisher\" content=\"https:\/\/www.facebook.com\/csjemballages\" \/>\n<meta property=\"article:modified_time\" content=\"2026-04-15T00:13:02+00:00\" \/>\n<meta property=\"og:image\" content=\"https:\/\/www.csj-emballages.com\/wp-content\/uploads\/2024\/03\/Capture_d_ecran_2024-04-03_a_10.56.35_2-removebg-preview-2-e1712134767934.png\" \/>\n\t<meta property=\"og:image:width\" content=\"300\" \/>\n\t<meta property=\"og:image:height\" content=\"300\" \/>\n\t<meta property=\"og:image:type\" content=\"image\/png\" \/>\n<meta name=\"twitter:card\" content=\"summary_large_image\" \/>\n<meta name=\"twitter:label1\" content=\"Dur\u00e9e de lecture estim\u00e9e\" \/>\n\t<meta name=\"twitter:data1\" content=\"1 minuto\" \/>\n<script type=\"application\/ld+json\" class=\"yoast-schema-graph\">{\"@context\":\"https:\/\/schema.org\",\"@graph\":[{\"@type\":\"WebPage\",\"@id\":\"https:\/\/www.csj-emballages.com\/it\/produit\/50-scatole-per-pasticceria-con-manico-a-croquer-10-x-18-x-7-cm\/\",\"url\":\"https:\/\/www.csj-emballages.com\/it\/produit\/50-scatole-per-pasticceria-con-manico-a-croquer-10-x-18-x-7-cm\/\",\"name\":\"Scatole per pasticceria \\\"A Croquer\\\" 10x18x7cm \/ CSJ Emballages\",\"isPartOf\":{\"@id\":\"https:\/\/www.csj-emballages.com\/it\/#website\"},\"primaryImageOfPage\":{\"@id\":\"https:\/\/www.csj-emballages.com\/it\/produit\/50-scatole-per-pasticceria-con-manico-a-croquer-10-x-18-x-7-cm\/#primaryimage\"},\"image\":{\"@id\":\"https:\/\/www.csj-emballages.com\/it\/produit\/50-scatole-per-pasticceria-con-manico-a-croquer-10-x-18-x-7-cm\/#primaryimage\"},\"thumbnailUrl\":\"https:\/\/www.csj-emballages.com\/wp-content\/uploads\/2024\/03\/Capture_d_ecran_2024-04-03_a_10.56.35_2-removebg-preview-2-e1712134767934.png\",\"datePublished\":\"2024-03-01T15:54:39+00:00\",\"dateModified\":\"2026-04-15T00:13:02+00:00\",\"description\":\"Scopri le scatole per pasticceria \\\"A Croquer\\\" 10x18x7cm. Ecologiche e facili da montare, offrono una soluzione pratica per i panettieri.\",\"breadcrumb\":{\"@id\":\"https:\/\/www.csj-emballages.com\/it\/produit\/50-scatole-per-pasticceria-con-manico-a-croquer-10-x-18-x-7-cm\/#breadcrumb\"},\"inLanguage\":\"it-IT\",\"potentialAction\":[{\"@type\":\"ReadAction\",\"target\":[\"https:\/\/www.csj-emballages.com\/it\/produit\/50-scatole-per-pasticceria-con-manico-a-croquer-10-x-18-x-7-cm\/\"]}]},{\"@type\":\"ImageObject\",\"inLanguage\":\"it-IT\",\"@id\":\"https:\/\/www.csj-emballages.com\/it\/produit\/50-scatole-per-pasticceria-con-manico-a-croquer-10-x-18-x-7-cm\/#primaryimage\",\"url\":\"https:\/\/www.csj-emballages.com\/wp-content\/uploads\/2024\/03\/Capture_d_ecran_2024-04-03_a_10.56.35_2-removebg-preview-2-e1712134767934.png\",\"contentUrl\":\"https:\/\/www.csj-emballages.com\/wp-content\/uploads\/2024\/03\/Capture_d_ecran_2024-04-03_a_10.56.35_2-removebg-preview-2-e1712134767934.png\",\"width\":300,\"height\":300,\"caption\":\"caissettes p\u00e2tissi\u00e8res poign\u00e9e color\u00e9es\"},{\"@type\":\"BreadcrumbList\",\"@id\":\"https:\/\/www.csj-emballages.com\/it\/produit\/50-scatole-per-pasticceria-con-manico-a-croquer-10-x-18-x-7-cm\/#breadcrumb\",\"itemListElement\":[{\"@type\":\"ListItem\",\"position\":1,\"name\":\"Home\",\"item\":\"https:\/\/www.csj-emballages.com\/it\/universo-imballaggi-alimentari\/\"},{\"@type\":\"ListItem\",\"position\":2,\"name\":\"Negozio\",\"item\":\"https:\/\/www.csj-emballages.com\/it\/negozio\/\"},{\"@type\":\"ListItem\",\"position\":3,\"name\":\"50 scatole per pasticceria con manico \u00ab\u00a0A Croquer\u00a0\u00bb 10 x 18 x 7 cm\"}]},{\"@type\":\"WebSite\",\"@id\":\"https:\/\/www.csj-emballages.com\/it\/#website\",\"url\":\"https:\/\/www.csj-emballages.com\/it\/\",\"name\":\"CSJ Emballages\",\"description\":\"\",\"publisher\":{\"@id\":\"https:\/\/www.csj-emballages.com\/it\/#organization\"},\"potentialAction\":[{\"@type\":\"SearchAction\",\"target\":{\"@type\":\"EntryPoint\",\"urlTemplate\":\"https:\/\/www.csj-emballages.com\/it\/?s={search_term_string}\"},\"query-input\":{\"@type\":\"PropertyValueSpecification\",\"valueRequired\":true,\"valueName\":\"search_term_string\"}}],\"inLanguage\":\"it-IT\"},{\"@type\":\"Organization\",\"@id\":\"https:\/\/www.csj-emballages.com\/it\/#Organization\/\",\"name\":\"CSJ Emballages\",\"url\":\"https:\/\/www.csj-emballages.com\/it\/\",\"logo\":{\"@type\":\"ImageObject\",\"inLanguage\":\"it-IT\",\"@id\":\"https:\/\/www.csj-emballages.com\/it\/#\/schema\/logo\/image\/\",\"url\":\"https:\/\/www.csj-emballages.com\/wp-content\/uploads\/2023\/10\/logo_csj.webp\",\"contentUrl\":\"https:\/\/www.csj-emballages.com\/wp-content\/uploads\/2023\/10\/logo_csj.webp\",\"width\":250,\"height\":95,\"caption\":\"CSJ Emballages\"},\"image\":{\"@id\":\"https:\/\/www.csj-emballages.com\/it\/#\/schema\/logo\/image\/\"},\"sameAs\":[\"https:\/\/www.facebook.com\/csjemballages\"],\"address\":{\"@type\":\"PostalAddress\",\"streetAddress\":\"ZI La Lechere\",\"addressLocality\":\"Patornay\",\"postalCode\":\"39130\",\"addressCountry\":\"FR\"},\"contactPoint\":[{\"@type\":\"ContactPoint\",\"contactType\":\"Service client\",\"telephone\":\"0384254272\",\"email\":\"contact@csj-emballages.com\"}]}]}<\/script>\n<!-- \/ Yoast SEO Premium plugin. -->","yoast_head_json":{"title":"Scatole per pasticceria \"A Croquer\" 10x18x7cm \/ CSJ Emballages","description":"Scopri le scatole per pasticceria \"A Croquer\" 10x18x7cm. Ecologiche e facili da montare, offrono una soluzione pratica per i panettieri.","robots":{"index":"index","follow":"follow","max-snippet":"max-snippet:-1","max-image-preview":"max-image-preview:large","max-video-preview":"max-video-preview:-1"},"canonical":"https:\/\/www.csj-emballages.com\/it\/produit\/50-scatole-per-pasticceria-con-manico-a-croquer-10-x-18-x-7-cm\/","og_locale":"it_IT","og_type":"article","og_title":"50 scatole per pasticceria con manico \"A Croquer\" 10 x 18 x 7 cm","og_description":"Scopri le scatole per pasticceria \"A Croquer\" 10x18x7cm. Ecologiche e facili da montare, offrono una soluzione pratica per i panettieri.","og_url":"https:\/\/www.csj-emballages.com\/it\/produit\/50-scatole-per-pasticceria-con-manico-a-croquer-10-x-18-x-7-cm\/","og_site_name":"CSJ Emballages","article_publisher":"https:\/\/www.facebook.com\/csjemballages","article_modified_time":"2026-04-15T00:13:02+00:00","og_image":[{"width":300,"height":300,"url":"https:\/\/www.csj-emballages.com\/wp-content\/uploads\/2024\/03\/Capture_d_ecran_2024-04-03_a_10.56.35_2-removebg-preview-2-e1712134767934.png","type":"image\/png"}],"twitter_card":"summary_large_image","twitter_misc":{"Dur\u00e9e de lecture estim\u00e9e":"1 minuto"},"schema":{"@context":"https:\/\/schema.org","@graph":[{"@type":"WebPage","@id":"https:\/\/www.csj-emballages.com\/it\/produit\/50-scatole-per-pasticceria-con-manico-a-croquer-10-x-18-x-7-cm\/","url":"https:\/\/www.csj-emballages.com\/it\/produit\/50-scatole-per-pasticceria-con-manico-a-croquer-10-x-18-x-7-cm\/","name":"Scatole per pasticceria \"A Croquer\" 10x18x7cm \/ CSJ Emballages","isPartOf":{"@id":"https:\/\/www.csj-emballages.com\/it\/#website"},"primaryImageOfPage":{"@id":"https:\/\/www.csj-emballages.com\/it\/produit\/50-scatole-per-pasticceria-con-manico-a-croquer-10-x-18-x-7-cm\/#primaryimage"},"image":{"@id":"https:\/\/www.csj-emballages.com\/it\/produit\/50-scatole-per-pasticceria-con-manico-a-croquer-10-x-18-x-7-cm\/#primaryimage"},"thumbnailUrl":"https:\/\/www.csj-emballages.com\/wp-content\/uploads\/2024\/03\/Capture_d_ecran_2024-04-03_a_10.56.35_2-removebg-preview-2-e1712134767934.png","datePublished":"2024-03-01T15:54:39+00:00","dateModified":"2026-04-15T00:13:02+00:00","description":"Scopri le scatole per pasticceria \"A Croquer\" 10x18x7cm. Ecologiche e facili da montare, offrono una soluzione pratica per i panettieri.","breadcrumb":{"@id":"https:\/\/www.csj-emballages.com\/it\/produit\/50-scatole-per-pasticceria-con-manico-a-croquer-10-x-18-x-7-cm\/#breadcrumb"},"inLanguage":"it-IT","potentialAction":[{"@type":"ReadAction","target":["https:\/\/www.csj-emballages.com\/it\/produit\/50-scatole-per-pasticceria-con-manico-a-croquer-10-x-18-x-7-cm\/"]}]},{"@type":"ImageObject","inLanguage":"it-IT","@id":"https:\/\/www.csj-emballages.com\/it\/produit\/50-scatole-per-pasticceria-con-manico-a-croquer-10-x-18-x-7-cm\/#primaryimage","url":"https:\/\/www.csj-emballages.com\/wp-content\/uploads\/2024\/03\/Capture_d_ecran_2024-04-03_a_10.56.35_2-removebg-preview-2-e1712134767934.png","contentUrl":"https:\/\/www.csj-emballages.com\/wp-content\/uploads\/2024\/03\/Capture_d_ecran_2024-04-03_a_10.56.35_2-removebg-preview-2-e1712134767934.png","width":300,"height":300,"caption":"caissettes p\u00e2tissi\u00e8res poign\u00e9e color\u00e9es"},{"@type":"BreadcrumbList","@id":"https:\/\/www.csj-emballages.com\/it\/produit\/50-scatole-per-pasticceria-con-manico-a-croquer-10-x-18-x-7-cm\/#breadcrumb","itemListElement":[{"@type":"ListItem","position":1,"name":"Home","item":"https:\/\/www.csj-emballages.com\/it\/universo-imballaggi-alimentari\/"},{"@type":"ListItem","position":2,"name":"Negozio","item":"https:\/\/www.csj-emballages.com\/it\/negozio\/"},{"@type":"ListItem","position":3,"name":"50 scatole per pasticceria con manico \u00ab\u00a0A Croquer\u00a0\u00bb 10 x 18 x 7 cm"}]},{"@type":"WebSite","@id":"https:\/\/www.csj-emballages.com\/it\/#website","url":"https:\/\/www.csj-emballages.com\/it\/","name":"CSJ Emballages","description":"","publisher":{"@id":"https:\/\/www.csj-emballages.com\/it\/#organization"},"potentialAction":[{"@type":"SearchAction","target":{"@type":"EntryPoint","urlTemplate":"https:\/\/www.csj-emballages.com\/it\/?s={search_term_string}"},"query-input":{"@type":"PropertyValueSpecification","valueRequired":true,"valueName":"search_term_string"}}],"inLanguage":"it-IT"},{"@type":"Organization","@id":"https:\/\/www.csj-emballages.com\/it\/#Organization\/","name":"CSJ Emballages","url":"https:\/\/www.csj-emballages.com\/it\/","logo":{"@type":"ImageObject","inLanguage":"it-IT","@id":"https:\/\/www.csj-emballages.com\/it\/#\/schema\/logo\/image\/","url":"https:\/\/www.csj-emballages.com\/wp-content\/uploads\/2023\/10\/logo_csj.webp","contentUrl":"https:\/\/www.csj-emballages.com\/wp-content\/uploads\/2023\/10\/logo_csj.webp","width":250,"height":95,"caption":"CSJ Emballages"},"image":{"@id":"https:\/\/www.csj-emballages.com\/it\/#\/schema\/logo\/image\/"},"sameAs":["https:\/\/www.facebook.com\/csjemballages"],"address":{"@type":"PostalAddress","streetAddress":"ZI La Lechere","addressLocality":"Patornay","postalCode":"39130","addressCountry":"FR"},"contactPoint":[{"@type":"ContactPoint","contactType":"Service client","telephone":"0384254272","email":"contact@csj-emballages.com"}]}]}},"df_price":10.34,"df_sale_price":10.34,"df_regular_price":17.24,"df_image_link":"https:\/\/www.csj-emballages.com\/wp-content\/uploads\/2024\/03\/Capture_d_ecran_2024-04-03_a_10.56.35_2-removebg-preview-2-300x300.png","tiered_pricing_type":"fixed","tiered_pricing_fixed_rules":[],"tiered_pricing_percentage_rules":[],"tiered_pricing_minimum":1,"tiered_pricing_roles_data":[],"_links":{"self":[{"href":"https:\/\/www.csj-emballages.com\/it\/wp-json\/wp\/v2\/product\/268715","targetHints":{"allow":["GET"]}}],"collection":[{"href":"https:\/\/www.csj-emballages.com\/it\/wp-json\/wp\/v2\/product"}],"about":[{"href":"https:\/\/www.csj-emballages.com\/it\/wp-json\/wp\/v2\/types\/product"}],"wp:featuredmedia":[{"embeddable":true,"href":"https:\/\/www.csj-emballages.com\/it\/wp-json\/wp\/v2\/media\/268719"}],"wp:attachment":[{"href":"https:\/\/www.csj-emballages.com\/it\/wp-json\/wp\/v2\/media?parent=268715"}],"wp:term":[{"taxonomy":"product_brand","embeddable":true,"href":"https:\/\/www.csj-emballages.com\/it\/wp-json\/wp\/v2\/product_brand?post=268715"},{"taxonomy":"product_cat","embeddable":true,"href":"https:\/\/www.csj-emballages.com\/it\/wp-json\/wp\/v2\/product_cat?post=268715"},{"taxonomy":"product_tag","embeddable":true,"href":"https:\/\/www.csj-emballages.com\/it\/wp-json\/wp\/v2\/product_tag?post=268715"}],"curies":[{"name":"wp","href":"https:\/\/api.w.org\/{rel}","templated":true}]}}