{"id":268646,"date":"2024-03-01T16:59:32","date_gmt":"2024-03-01T15:59:32","guid":{"rendered":"https:\/\/www.csj-emballages.com\/produit\/marinata-indiana-5-kg\/"},"modified":"2026-04-17T02:10:34","modified_gmt":"2026-04-17T00:10:34","slug":"marinata-indiana-5-kg","status":"publish","type":"product","link":"https:\/\/www.csj-emballages.com\/it\/produit\/marinata-indiana-5-kg\/","title":{"rendered":"Marinata indiana 5 kg"},"content":{"rendered":"<h2>Marinata indiana<\/h2>\n<div style=\"font-family: Roboto, sans-serif;\">\n<div style=\"font-family: Roboto, sans-serif;\">\n<div style=\"font-family: Roboto, sans-serif;\">\n<div style=\"text-align: center;\">\n<div style=\"font-family: Roboto, sans-serif;\">\n<div style=\"font-family: Roboto, sans-serif;\">\n<div style=\"font-family: Roboto, sans-serif;\">\n<div style=\"font-family: Roboto, sans-serif;\">\n<div style=\"font-family: Roboto, sans-serif;\">\n<div style=\"font-family: Roboto, sans-serif; text-align: left;\">\n<hr>\n<h3 style=\"text-align: left;\">Descrizione della marinata indiana 5 kg<!--more--><\/h3>\n<p data-start=\"39\" data-end=\"643\">La <strong data-start=\"61\" data-end=\"87\">marinata indiana 5 kg<\/strong> \u00e8 una preparazione gustosa che dona un tocco di autenticit\u00e0 e spezie a carne, pesce e verdure. Composta da un mix di spezie tradizionali indiane, \u00e8 perfetta per marinare gli ingredienti prima della cottura, offrendo un\u2019esplosione di sapori. Questa <strong>marinata<\/strong> \u00e8 ideale per <strong data-start=\"394\" data-end=\"407\">catering<\/strong>, <strong data-start=\"409\" data-end=\"426\">ristoratori<\/strong>, e anche per i <strong data-start=\"442\" data-end=\"458\">privati<\/strong> che vogliono dare un tocco esotico ai loro piatti. La sua grande capacit\u00e0 di<strong> 5 kg<\/strong> consente l\u2019uso su pi\u00f9 porzioni, garantendo una <strong data-start=\"613\" data-end=\"639\">nota ricca e speziata<\/strong> ai tuoi pasti.   <\/p>\n<p data-start=\"39\" data-end=\"643\">\n<\/div>\n<p style=\"text-align: left;\" data-start=\"39\" data-end=\"643\"><!--more--><\/p>\n<div style=\"font-family: Roboto, sans-serif; text-align: left;\">\n<p data-start=\"567\" data-end=\"584\"><strong><span style=\"color: #ff0000;\">Data superata (TMC) 07\/2025<\/span><\/strong><\/p>\n<p data-start=\"567\" data-end=\"584\">\n<\/div>\n<\/div>\n<\/div>\n<\/div>\n<\/div>\n<\/div>\n<\/div>\n<\/div>\n<\/div>\n<\/div>\n<p><!--more--><\/p>\n<h4 style=\"text-align: left;\"><strong>Vantaggi:<\/strong><\/h4>\n<ul>\n<li data-start=\"878\" data-end=\"975\"><strong data-start=\"880\" data-end=\"902\">Sapore autentico<\/strong> : Un mix di spezie indiane per una marinata piena di carattere.<\/li>\n<li data-start=\"976\" data-end=\"1040\"><strong data-start=\"978\" data-end=\"993\">Versatile<\/strong> : Ideale per carne, pesce e verdure.<\/li>\n<li data-start=\"1041\" data-end=\"1134\"><strong data-start=\"1043\" data-end=\"1055\">Pratica<\/strong> : Grande quantit\u00e0 da 5 kg per un uso prolungato o in grandi volumi.<\/li>\n<li data-start=\"1135\" data-end=\"1205\"><strong data-start=\"1137\" data-end=\"1154\">Risparmio di tempo<\/strong> : Pronta all\u2019uso, senza preparazioni complicate.<\/li>\n<li data-start=\"1206\" data-end=\"1289\" data-is-last-node=\"\" data-is-only-node=\"\"><strong data-start=\"1208\" data-end=\"1235\">Qualit\u00e0 professionale<\/strong> : Adatta alle esigenze di catering e ristoratori.<\/li>\n<\/ul>\n<p>&nbsp;<\/p>\n<p><!--more--><\/p>\n<h4>Altre informazioni:<\/h4>\n<ul>\n<li><strong>Confezione<\/strong>: Secchio da 5kg<\/li>\n<\/ul>\n<div class=\"elementor elementor-2384 elementor-location-archive product\" data-elementor-type=\"product-archive\" data-elementor-id=\"2384\" data-elementor-post-type=\"elementor_library\">\n<div class=\"elementor-element elementor-element-c44cccd nt-archive-products e-flex e-con-boxed e-con e-parent e-lazyloaded\" data-id=\"c44cccd\" data-element_type=\"container\">\n<div class=\"e-con-inner\">\n<div class=\"elementor-element elementor-element-f35cc29 e-con-full e-flex e-con e-child\" data-id=\"f35cc29\" data-element_type=\"container\">\n<div class=\"elementor-element elementor-element-8781411 elementor-widget elementor-widget-woocommerce-archive-description\" data-id=\"8781411\" data-element_type=\"widget\" data-widget_type=\"woocommerce-archive-description.default\"><\/div>\n<\/div>\n<\/div>\n<\/div>\n<\/div>\n<p style=\"text-align: left;\"><!--more--><\/p>\n<p><a href=\"https:\/\/www.csj-emballages.com\/it\/categorie-produit\/alimentari\/marinature\/\">Consulta il resto della nostra gamma di marinate<\/a><\/p>\n","protected":false},"excerpt":{"rendered":"<p>Data superata 07\/2025<\/p>\n","protected":false},"featured_media":268654,"template":"","meta":{"_acf_changed":false},"product_brand":[],"product_cat":[10346,10452,10445,10784,10453],"product_tag":[],"class_list":{"0":"post-268646","1":"product","2":"type-product","3":"status-publish","4":"has-post-thumbnail","6":"product_cat-imballaggi-alimentari","7":"product_cat-anti-spreco","8":"product_cat-alimentari","9":"product_cat-marinature","10":"product_cat-svuota-magazzino","12":"first","13":"instock","14":"sale","15":"taxable","16":"shipping-taxable","17":"purchasable","18":"product-type-simple"},"acf":[],"yoast_head":"<!-- This site is optimized with the Yoast SEO Premium plugin v26.6 (Yoast SEO v26.6) - https:\/\/yoast.com\/wordpress\/plugins\/seo\/ -->\n<title>Marinata indiana 5 kg<\/title>\n<meta name=\"description\" content=\"Scopri la nostra marinata indiana 5 kg, una preparazione speziata e gustosa ideale per marinare carne, pesce e verdure.\" \/>\n<meta name=\"robots\" content=\"index, follow, max-snippet:-1, max-image-preview:large, max-video-preview:-1\" \/>\n<link rel=\"canonical\" href=\"https:\/\/www.csj-emballages.com\/it\/produit\/marinata-indiana-5-kg\/\" \/>\n<meta property=\"og:locale\" content=\"it_IT\" \/>\n<meta property=\"og:type\" content=\"article\" \/>\n<meta property=\"og:title\" content=\"Marinata indiana 5 kg\" \/>\n<meta property=\"og:description\" content=\"Scopri la nostra marinata indiana 5 kg, una preparazione speziata e gustosa ideale per marinare carne, pesce e verdure.\" \/>\n<meta property=\"og:url\" content=\"https:\/\/www.csj-emballages.com\/it\/produit\/marinata-indiana-5-kg\/\" \/>\n<meta property=\"og:site_name\" content=\"CSJ Emballages\" \/>\n<meta property=\"article:publisher\" content=\"https:\/\/www.facebook.com\/csjemballages\" \/>\n<meta property=\"article:modified_time\" content=\"2026-04-17T00:10:34+00:00\" \/>\n<meta property=\"og:image\" content=\"https:\/\/www.csj-emballages.com\/wp-content\/uploads\/2024\/03\/marinade-indienne.webp\" \/>\n\t<meta property=\"og:image:width\" content=\"800\" \/>\n\t<meta property=\"og:image:height\" content=\"800\" \/>\n\t<meta property=\"og:image:type\" content=\"image\/webp\" \/>\n<meta name=\"twitter:card\" content=\"summary_large_image\" \/>\n<meta name=\"twitter:label1\" content=\"Dur\u00e9e de lecture estim\u00e9e\" \/>\n\t<meta name=\"twitter:data1\" content=\"1 minuto\" \/>\n<script type=\"application\/ld+json\" class=\"yoast-schema-graph\">{\"@context\":\"https:\/\/schema.org\",\"@graph\":[{\"@type\":\"WebPage\",\"@id\":\"https:\/\/www.csj-emballages.com\/it\/produit\/marinata-indiana-5-kg\/\",\"url\":\"https:\/\/www.csj-emballages.com\/it\/produit\/marinata-indiana-5-kg\/\",\"name\":\"Marinata indiana 5 kg\",\"isPartOf\":{\"@id\":\"https:\/\/www.csj-emballages.com\/it\/#website\"},\"primaryImageOfPage\":{\"@id\":\"https:\/\/www.csj-emballages.com\/it\/produit\/marinata-indiana-5-kg\/#primaryimage\"},\"image\":{\"@id\":\"https:\/\/www.csj-emballages.com\/it\/produit\/marinata-indiana-5-kg\/#primaryimage\"},\"thumbnailUrl\":\"https:\/\/www.csj-emballages.com\/wp-content\/uploads\/2024\/03\/marinade-indienne.webp\",\"datePublished\":\"2024-03-01T15:59:32+00:00\",\"dateModified\":\"2026-04-17T00:10:34+00:00\",\"description\":\"Scopri la nostra marinata indiana 5 kg, una preparazione speziata e gustosa ideale per marinare carne, pesce e verdure.\",\"breadcrumb\":{\"@id\":\"https:\/\/www.csj-emballages.com\/it\/produit\/marinata-indiana-5-kg\/#breadcrumb\"},\"inLanguage\":\"it-IT\",\"potentialAction\":[{\"@type\":\"ReadAction\",\"target\":[\"https:\/\/www.csj-emballages.com\/it\/produit\/marinata-indiana-5-kg\/\"]}]},{\"@type\":\"ImageObject\",\"inLanguage\":\"it-IT\",\"@id\":\"https:\/\/www.csj-emballages.com\/it\/produit\/marinata-indiana-5-kg\/#primaryimage\",\"url\":\"https:\/\/www.csj-emballages.com\/wp-content\/uploads\/2024\/03\/marinade-indienne.webp\",\"contentUrl\":\"https:\/\/www.csj-emballages.com\/wp-content\/uploads\/2024\/03\/marinade-indienne.webp\",\"width\":800,\"height\":800,\"caption\":\"Marinade indienne\"},{\"@type\":\"BreadcrumbList\",\"@id\":\"https:\/\/www.csj-emballages.com\/it\/produit\/marinata-indiana-5-kg\/#breadcrumb\",\"itemListElement\":[{\"@type\":\"ListItem\",\"position\":1,\"name\":\"Home\",\"item\":\"https:\/\/www.csj-emballages.com\/it\/universo-imballaggi-alimentari\/\"},{\"@type\":\"ListItem\",\"position\":2,\"name\":\"Negozio\",\"item\":\"https:\/\/www.csj-emballages.com\/it\/negozio\/\"},{\"@type\":\"ListItem\",\"position\":3,\"name\":\"Marinata indiana 5 kg\"}]},{\"@type\":\"WebSite\",\"@id\":\"https:\/\/www.csj-emballages.com\/it\/#website\",\"url\":\"https:\/\/www.csj-emballages.com\/it\/\",\"name\":\"CSJ Emballages\",\"description\":\"\",\"publisher\":{\"@id\":\"https:\/\/www.csj-emballages.com\/it\/#organization\"},\"potentialAction\":[{\"@type\":\"SearchAction\",\"target\":{\"@type\":\"EntryPoint\",\"urlTemplate\":\"https:\/\/www.csj-emballages.com\/it\/?s={search_term_string}\"},\"query-input\":{\"@type\":\"PropertyValueSpecification\",\"valueRequired\":true,\"valueName\":\"search_term_string\"}}],\"inLanguage\":\"it-IT\"},{\"@type\":\"Organization\",\"@id\":\"https:\/\/www.csj-emballages.com\/it\/#Organization\/\",\"name\":\"CSJ Emballages\",\"url\":\"https:\/\/www.csj-emballages.com\/it\/\",\"logo\":{\"@type\":\"ImageObject\",\"inLanguage\":\"it-IT\",\"@id\":\"https:\/\/www.csj-emballages.com\/it\/#\/schema\/logo\/image\/\",\"url\":\"https:\/\/www.csj-emballages.com\/wp-content\/uploads\/2023\/10\/logo_csj.webp\",\"contentUrl\":\"https:\/\/www.csj-emballages.com\/wp-content\/uploads\/2023\/10\/logo_csj.webp\",\"width\":250,\"height\":95,\"caption\":\"CSJ Emballages\"},\"image\":{\"@id\":\"https:\/\/www.csj-emballages.com\/it\/#\/schema\/logo\/image\/\"},\"sameAs\":[\"https:\/\/www.facebook.com\/csjemballages\"],\"address\":{\"@type\":\"PostalAddress\",\"streetAddress\":\"ZI La Lechere\",\"addressLocality\":\"Patornay\",\"postalCode\":\"39130\",\"addressCountry\":\"FR\"},\"contactPoint\":[{\"@type\":\"ContactPoint\",\"contactType\":\"Service client\",\"telephone\":\"0384254272\",\"email\":\"contact@csj-emballages.com\"}]}]}<\/script>\n<!-- \/ Yoast SEO Premium plugin. -->","yoast_head_json":{"title":"Marinata indiana 5 kg","description":"Scopri la nostra marinata indiana 5 kg, una preparazione speziata e gustosa ideale per marinare carne, pesce e verdure.","robots":{"index":"index","follow":"follow","max-snippet":"max-snippet:-1","max-image-preview":"max-image-preview:large","max-video-preview":"max-video-preview:-1"},"canonical":"https:\/\/www.csj-emballages.com\/it\/produit\/marinata-indiana-5-kg\/","og_locale":"it_IT","og_type":"article","og_title":"Marinata indiana 5 kg","og_description":"Scopri la nostra marinata indiana 5 kg, una preparazione speziata e gustosa ideale per marinare carne, pesce e verdure.","og_url":"https:\/\/www.csj-emballages.com\/it\/produit\/marinata-indiana-5-kg\/","og_site_name":"CSJ Emballages","article_publisher":"https:\/\/www.facebook.com\/csjemballages","article_modified_time":"2026-04-17T00:10:34+00:00","og_image":[{"width":800,"height":800,"url":"https:\/\/www.csj-emballages.com\/wp-content\/uploads\/2024\/03\/marinade-indienne.webp","type":"image\/webp"}],"twitter_card":"summary_large_image","twitter_misc":{"Dur\u00e9e de lecture estim\u00e9e":"1 minuto"},"schema":{"@context":"https:\/\/schema.org","@graph":[{"@type":"WebPage","@id":"https:\/\/www.csj-emballages.com\/it\/produit\/marinata-indiana-5-kg\/","url":"https:\/\/www.csj-emballages.com\/it\/produit\/marinata-indiana-5-kg\/","name":"Marinata indiana 5 kg","isPartOf":{"@id":"https:\/\/www.csj-emballages.com\/it\/#website"},"primaryImageOfPage":{"@id":"https:\/\/www.csj-emballages.com\/it\/produit\/marinata-indiana-5-kg\/#primaryimage"},"image":{"@id":"https:\/\/www.csj-emballages.com\/it\/produit\/marinata-indiana-5-kg\/#primaryimage"},"thumbnailUrl":"https:\/\/www.csj-emballages.com\/wp-content\/uploads\/2024\/03\/marinade-indienne.webp","datePublished":"2024-03-01T15:59:32+00:00","dateModified":"2026-04-17T00:10:34+00:00","description":"Scopri la nostra marinata indiana 5 kg, una preparazione speziata e gustosa ideale per marinare carne, pesce e verdure.","breadcrumb":{"@id":"https:\/\/www.csj-emballages.com\/it\/produit\/marinata-indiana-5-kg\/#breadcrumb"},"inLanguage":"it-IT","potentialAction":[{"@type":"ReadAction","target":["https:\/\/www.csj-emballages.com\/it\/produit\/marinata-indiana-5-kg\/"]}]},{"@type":"ImageObject","inLanguage":"it-IT","@id":"https:\/\/www.csj-emballages.com\/it\/produit\/marinata-indiana-5-kg\/#primaryimage","url":"https:\/\/www.csj-emballages.com\/wp-content\/uploads\/2024\/03\/marinade-indienne.webp","contentUrl":"https:\/\/www.csj-emballages.com\/wp-content\/uploads\/2024\/03\/marinade-indienne.webp","width":800,"height":800,"caption":"Marinade indienne"},{"@type":"BreadcrumbList","@id":"https:\/\/www.csj-emballages.com\/it\/produit\/marinata-indiana-5-kg\/#breadcrumb","itemListElement":[{"@type":"ListItem","position":1,"name":"Home","item":"https:\/\/www.csj-emballages.com\/it\/universo-imballaggi-alimentari\/"},{"@type":"ListItem","position":2,"name":"Negozio","item":"https:\/\/www.csj-emballages.com\/it\/negozio\/"},{"@type":"ListItem","position":3,"name":"Marinata indiana 5 kg"}]},{"@type":"WebSite","@id":"https:\/\/www.csj-emballages.com\/it\/#website","url":"https:\/\/www.csj-emballages.com\/it\/","name":"CSJ Emballages","description":"","publisher":{"@id":"https:\/\/www.csj-emballages.com\/it\/#organization"},"potentialAction":[{"@type":"SearchAction","target":{"@type":"EntryPoint","urlTemplate":"https:\/\/www.csj-emballages.com\/it\/?s={search_term_string}"},"query-input":{"@type":"PropertyValueSpecification","valueRequired":true,"valueName":"search_term_string"}}],"inLanguage":"it-IT"},{"@type":"Organization","@id":"https:\/\/www.csj-emballages.com\/it\/#Organization\/","name":"CSJ Emballages","url":"https:\/\/www.csj-emballages.com\/it\/","logo":{"@type":"ImageObject","inLanguage":"it-IT","@id":"https:\/\/www.csj-emballages.com\/it\/#\/schema\/logo\/image\/","url":"https:\/\/www.csj-emballages.com\/wp-content\/uploads\/2023\/10\/logo_csj.webp","contentUrl":"https:\/\/www.csj-emballages.com\/wp-content\/uploads\/2023\/10\/logo_csj.webp","width":250,"height":95,"caption":"CSJ Emballages"},"image":{"@id":"https:\/\/www.csj-emballages.com\/it\/#\/schema\/logo\/image\/"},"sameAs":["https:\/\/www.facebook.com\/csjemballages"],"address":{"@type":"PostalAddress","streetAddress":"ZI La Lechere","addressLocality":"Patornay","postalCode":"39130","addressCountry":"FR"},"contactPoint":[{"@type":"ContactPoint","contactType":"Service client","telephone":"0384254272","email":"contact@csj-emballages.com"}]}]}},"df_price":40.64,"df_sale_price":40.64,"df_regular_price":54.55,"df_image_link":"https:\/\/www.csj-emballages.com\/wp-content\/uploads\/2024\/03\/marinade-indienne-300x300.webp","tiered_pricing_type":"fixed","tiered_pricing_fixed_rules":[],"tiered_pricing_percentage_rules":[],"tiered_pricing_minimum":1,"tiered_pricing_roles_data":[],"_links":{"self":[{"href":"https:\/\/www.csj-emballages.com\/it\/wp-json\/wp\/v2\/product\/268646","targetHints":{"allow":["GET"]}}],"collection":[{"href":"https:\/\/www.csj-emballages.com\/it\/wp-json\/wp\/v2\/product"}],"about":[{"href":"https:\/\/www.csj-emballages.com\/it\/wp-json\/wp\/v2\/types\/product"}],"wp:featuredmedia":[{"embeddable":true,"href":"https:\/\/www.csj-emballages.com\/it\/wp-json\/wp\/v2\/media\/268654"}],"wp:attachment":[{"href":"https:\/\/www.csj-emballages.com\/it\/wp-json\/wp\/v2\/media?parent=268646"}],"wp:term":[{"taxonomy":"product_brand","embeddable":true,"href":"https:\/\/www.csj-emballages.com\/it\/wp-json\/wp\/v2\/product_brand?post=268646"},{"taxonomy":"product_cat","embeddable":true,"href":"https:\/\/www.csj-emballages.com\/it\/wp-json\/wp\/v2\/product_cat?post=268646"},{"taxonomy":"product_tag","embeddable":true,"href":"https:\/\/www.csj-emballages.com\/it\/wp-json\/wp\/v2\/product_tag?post=268646"}],"curies":[{"name":"wp","href":"https:\/\/api.w.org\/{rel}","templated":true}]}}