{"id":268534,"date":"2024-03-01T16:54:24","date_gmt":"2024-03-01T15:54:24","guid":{"rendered":"https:\/\/www.csj-emballages.com\/produit\/asciugamani-interfogliati-a-v-2-veli-21-x-21-cm-da-180\/"},"modified":"2026-04-14T02:16:02","modified_gmt":"2026-04-14T00:16:02","slug":"asciugamani-interfogliati-a-v-2-veli-21-x-21-cm-da-180","status":"publish","type":"product","link":"https:\/\/www.csj-emballages.com\/it\/produit\/asciugamani-interfogliati-a-v-2-veli-21-x-21-cm-da-180\/","title":{"rendered":"Asciugamani interfogliati a V 2 veli 21 x 21 cm da 180"},"content":{"rendered":"<h2>Asciugamani interfogliati<\/h2>\n<hr>\n<h3>Scopri i nostri asciugamani interfogliati a V 2 veli 21 x 21 cm da 180<\/h3>\n<p><!--more--><\/p>\n<p data-start=\"210\" data-end=\"575\">Questi <strong data-start=\"214\" data-end=\"247\">asciugamani interfogliati a V<\/strong> sono pensati per rendere l&#8217;asciugatura delle mani semplice, rapida e soprattutto pi\u00f9 igienica. Grazie al loro sistema di <strong>distribuzione foglio a foglio<\/strong>, prendi solo ci\u00f2 di cui hai bisogno, senza toccare il resto. Il risultato: meno sprechi e una migliore pulizia, sia per gli utenti che per l&#8217;ambiente bagno.  <\/p>\n<p data-start=\"577\" data-end=\"959\">Con la loro <strong data-start=\"587\" data-end=\"607\">doppia velatura<\/strong>, questi <strong>asciugamani<\/strong> offrono una buona assorbenza fin dal primo utilizzo. Spesso basta un solo foglio per asciugarsi bene le mani, il che permette di limitare il consumo pur mantenendo l&#8217;efficacia. Il loro formato <strong>21 x 21 cm<\/strong> \u00e8 perfettamente equilibrato: n\u00e9 troppo grande, n\u00e9 troppo piccolo, giusto quello che serve per un uso confortevole.  <\/p>\n<p data-start=\"961\" data-end=\"1307\">La <strong>piegatura a V<\/strong> facilita la presa e assicura una distribuzione fluida nei dispenser compatibili. \u00c8 una soluzione ideale per luoghi ad alto traffico come <strong>ristoranti, uffici, comunit\u00e0, strutture sanitarie o spazi commerciali<\/strong>. Si ricarica facilmente, si usa senza problemi e tutto rimane ben organizzato.  <\/p>\n<p data-start=\"1309\" data-end=\"1519\">Venduti <strong data-start=\"1316\" data-end=\"1334\">in confezione da 180<\/strong>, questi asciugamani rispondono perfettamente alle esigenze quotidiane senza dover fare frequenti ricariche. Si integrano naturalmente in un approccio pratico e funzionale, senza superfluo. <\/p>\n<p data-start=\"1521\" data-end=\"1690\">In sintesi, questi <strong>asciugamani interfogliati<\/strong> sono una scelta intelligente per combinare igiene, comfort ed efficacia, mantenendo una gestione semplice e controllata dei materiali di consumo.<\/p>\n<p data-start=\"1521\" data-end=\"1690\"><!--more--><\/p>\n<h4 data-start=\"1521\" data-end=\"1690\">Vantaggi:<\/h4>\n<ul>\n<li data-start=\"1718\" data-end=\"1767\">Distribuzione foglio a foglio pi\u00f9 igienica.<\/li>\n<li data-start=\"1770\" data-end=\"1809\"><strong>2 veli<\/strong> per una migliore assorbenza.<\/li>\n<li data-start=\"1812\" data-end=\"1845\">Formato pratico <strong>21<\/strong><strong> x 21 cm<\/strong>.<\/li>\n<li data-start=\"1888\" data-end=\"1911\">Limita gli sprechi.<\/li>\n<li data-start=\"1914\" data-end=\"1938\">Confezione da <strong>180 asciugamani<\/strong>.<\/li>\n<\/ul>\n<p>&nbsp;<\/p>\n<p><!--more--><\/p>\n<h4>Altre informazioni:<\/h4>\n<ul>\n<li><strong>Confezionamento<\/strong>: Pacco da 180<\/li>\n<li><strong>Dimensioni<\/strong>: 21 x 21 cm<\/li>\n<li><strong>Numero di veli<\/strong>: 2<\/li>\n<li><strong>Piegatura<\/strong>: V<\/li>\n<li><strong>Colore<\/strong>: Bianco<\/li>\n<li><strong>Aspetto<\/strong>: Goffrato<\/li>\n<li><strong>Materiale<\/strong>: Cellulosa<\/li>\n<\/ul>\n<p>&nbsp;<\/p>\n<p><!--more--><\/p>\n<p>Questo asciugamani piegato a V \u00e8 disponibile anche con piegatura a Z: <span style=\"color: #d12727;\"><a style=\"color: #d12727;\" href=\"https:\/\/www.csj-emballages.com\/produit\/150-essuie-mains-enchevetres-en-z-2-plis-20-6-x-24-cm\/?_gl=1*q72npl*_up*MQ..*_ga*MTgxMTk0MjI1NC4xNzcwMDIyOTkx*_ga_YNVJLRSSZT*czE3NzAwMjI5OTAkbzEkZzAkdDE3NzAwMjMzNzEkajQ3JGwwJGgxNDU1NTg1MzE5\">EPLZ<\/a><\/span><\/p>\n<p>&nbsp;<\/p>\n<p><!--more--><\/p>\n<p><a href=\"https:\/\/www.csj-emballages.com\/categorie-produit\/hygiene-et-entretiens\/essuyages\/essuie-mains\/essuies-mains-plies\/?_gl=1*xx8o1q*_up*MQ..*_ga*MTgxMTk0MjI1NC4xNzcwMDIyOTkx*_ga_YNVJLRSSZT*czE3NzAwMjI5OTAkbzEkZzAkdDE3NzAwMjMzNjgkajUwJGwwJGgxNDU1NTg1MzE5\">Consulta il resto della nostra gamma di asciugamani piegati  <\/a><\/p>\n","protected":false},"excerpt":{"rendered":"<p>Asciugamani interfogliati Scopri i nostri asciugamani interfogliati a V 2 veli 21 x 21 cm da 180<\/p>\n","protected":false},"featured_media":266971,"template":"","meta":{"_acf_changed":false},"product_brand":[],"product_cat":[10356,10385,10386,10432],"product_tag":[],"class_list":{"0":"post-268534","1":"product","2":"type-product","3":"status-publish","4":"has-post-thumbnail","6":"product_cat-igiene-e-manutenzione","7":"product_cat-asciugatura","8":"product_cat-asciugamani","9":"product_cat-asciugamani-piegati","11":"first","12":"instock","13":"taxable","14":"shipping-taxable","15":"purchasable","16":"product-type-simple"},"acf":[],"yoast_head":"<!-- This site is optimized with the Yoast SEO Premium plugin v26.6 (Yoast SEO v26.6) - https:\/\/yoast.com\/wordpress\/plugins\/seo\/ -->\n<title>Asciugamani Interfogliati a V 2 veli 21 x 21 cm da 180<\/title>\n<meta name=\"description\" content=\"Asciugamani interfogliati a V 2 veli 22,3 x 22,2 cm, confezione da 180. Assorbenti, igienici e ideali per bagni professionali.\" \/>\n<meta name=\"robots\" content=\"index, follow, max-snippet:-1, max-image-preview:large, max-video-preview:-1\" \/>\n<link rel=\"canonical\" href=\"https:\/\/www.csj-emballages.com\/it\/produit\/asciugamani-interfogliati-a-v-2-veli-21-x-21-cm-da-180\/\" \/>\n<meta property=\"og:locale\" content=\"it_IT\" \/>\n<meta property=\"og:type\" content=\"article\" \/>\n<meta property=\"og:title\" content=\"Asciugamani interfogliati a V 2 veli 21 x 21 cm da 180\" \/>\n<meta property=\"og:description\" content=\"Asciugamani interfogliati a V 2 veli 22,3 x 22,2 cm, confezione da 180. Assorbenti, igienici e ideali per bagni professionali.\" \/>\n<meta property=\"og:url\" content=\"https:\/\/www.csj-emballages.com\/it\/produit\/asciugamani-interfogliati-a-v-2-veli-21-x-21-cm-da-180\/\" \/>\n<meta property=\"og:site_name\" content=\"CSJ Emballages\" \/>\n<meta property=\"article:publisher\" content=\"https:\/\/www.facebook.com\/csjemballages\" \/>\n<meta property=\"article:modified_time\" content=\"2026-04-14T00:16:02+00:00\" \/>\n<meta property=\"og:image\" content=\"https:\/\/www.csj-emballages.com\/wp-content\/uploads\/2024\/03\/Essuies-mains-plies-.webp\" \/>\n\t<meta property=\"og:image:width\" content=\"800\" \/>\n\t<meta property=\"og:image:height\" content=\"800\" \/>\n\t<meta property=\"og:image:type\" content=\"image\/webp\" \/>\n<meta name=\"twitter:card\" content=\"summary_large_image\" \/>\n<meta name=\"twitter:label1\" content=\"Dur\u00e9e de lecture estim\u00e9e\" \/>\n\t<meta name=\"twitter:data1\" content=\"1 minuto\" \/>\n<script type=\"application\/ld+json\" class=\"yoast-schema-graph\">{\"@context\":\"https:\/\/schema.org\",\"@graph\":[{\"@type\":\"WebPage\",\"@id\":\"https:\/\/www.csj-emballages.com\/it\/produit\/asciugamani-interfogliati-a-v-2-veli-21-x-21-cm-da-180\/\",\"url\":\"https:\/\/www.csj-emballages.com\/it\/produit\/asciugamani-interfogliati-a-v-2-veli-21-x-21-cm-da-180\/\",\"name\":\"Asciugamani Interfogliati a V 2 veli 21 x 21 cm da 180\",\"isPartOf\":{\"@id\":\"https:\/\/www.csj-emballages.com\/it\/#website\"},\"primaryImageOfPage\":{\"@id\":\"https:\/\/www.csj-emballages.com\/it\/produit\/asciugamani-interfogliati-a-v-2-veli-21-x-21-cm-da-180\/#primaryimage\"},\"image\":{\"@id\":\"https:\/\/www.csj-emballages.com\/it\/produit\/asciugamani-interfogliati-a-v-2-veli-21-x-21-cm-da-180\/#primaryimage\"},\"thumbnailUrl\":\"https:\/\/www.csj-emballages.com\/wp-content\/uploads\/2024\/03\/Essuies-mains-plies-.webp\",\"datePublished\":\"2024-03-01T15:54:24+00:00\",\"dateModified\":\"2026-04-14T00:16:02+00:00\",\"description\":\"Asciugamani interfogliati a V 2 veli 22,3 x 22,2 cm, confezione da 180. Assorbenti, igienici e ideali per bagni professionali.\",\"breadcrumb\":{\"@id\":\"https:\/\/www.csj-emballages.com\/it\/produit\/asciugamani-interfogliati-a-v-2-veli-21-x-21-cm-da-180\/#breadcrumb\"},\"inLanguage\":\"it-IT\",\"potentialAction\":[{\"@type\":\"ReadAction\",\"target\":[\"https:\/\/www.csj-emballages.com\/it\/produit\/asciugamani-interfogliati-a-v-2-veli-21-x-21-cm-da-180\/\"]}]},{\"@type\":\"ImageObject\",\"inLanguage\":\"it-IT\",\"@id\":\"https:\/\/www.csj-emballages.com\/it\/produit\/asciugamani-interfogliati-a-v-2-veli-21-x-21-cm-da-180\/#primaryimage\",\"url\":\"https:\/\/www.csj-emballages.com\/wp-content\/uploads\/2024\/03\/Essuies-mains-plies-.webp\",\"contentUrl\":\"https:\/\/www.csj-emballages.com\/wp-content\/uploads\/2024\/03\/Essuies-mains-plies-.webp\",\"width\":800,\"height\":800,\"caption\":\"Essuie-mains enchev\u00eatr\u00e9\"},{\"@type\":\"BreadcrumbList\",\"@id\":\"https:\/\/www.csj-emballages.com\/it\/produit\/asciugamani-interfogliati-a-v-2-veli-21-x-21-cm-da-180\/#breadcrumb\",\"itemListElement\":[{\"@type\":\"ListItem\",\"position\":1,\"name\":\"Home\",\"item\":\"https:\/\/www.csj-emballages.com\/it\/universo-imballaggi-alimentari\/\"},{\"@type\":\"ListItem\",\"position\":2,\"name\":\"Negozio\",\"item\":\"https:\/\/www.csj-emballages.com\/it\/negozio\/\"},{\"@type\":\"ListItem\",\"position\":3,\"name\":\"Asciugamani interfogliati a V 2 veli 21 x 21 cm da 180\"}]},{\"@type\":\"WebSite\",\"@id\":\"https:\/\/www.csj-emballages.com\/it\/#website\",\"url\":\"https:\/\/www.csj-emballages.com\/it\/\",\"name\":\"CSJ Emballages\",\"description\":\"\",\"publisher\":{\"@id\":\"https:\/\/www.csj-emballages.com\/it\/#organization\"},\"potentialAction\":[{\"@type\":\"SearchAction\",\"target\":{\"@type\":\"EntryPoint\",\"urlTemplate\":\"https:\/\/www.csj-emballages.com\/it\/?s={search_term_string}\"},\"query-input\":{\"@type\":\"PropertyValueSpecification\",\"valueRequired\":true,\"valueName\":\"search_term_string\"}}],\"inLanguage\":\"it-IT\"},{\"@type\":\"Organization\",\"@id\":\"https:\/\/www.csj-emballages.com\/it\/#Organization\/\",\"name\":\"CSJ Emballages\",\"url\":\"https:\/\/www.csj-emballages.com\/it\/\",\"logo\":{\"@type\":\"ImageObject\",\"inLanguage\":\"it-IT\",\"@id\":\"https:\/\/www.csj-emballages.com\/it\/#\/schema\/logo\/image\/\",\"url\":\"https:\/\/www.csj-emballages.com\/wp-content\/uploads\/2023\/10\/logo_csj.webp\",\"contentUrl\":\"https:\/\/www.csj-emballages.com\/wp-content\/uploads\/2023\/10\/logo_csj.webp\",\"width\":250,\"height\":95,\"caption\":\"CSJ Emballages\"},\"image\":{\"@id\":\"https:\/\/www.csj-emballages.com\/it\/#\/schema\/logo\/image\/\"},\"sameAs\":[\"https:\/\/www.facebook.com\/csjemballages\"],\"address\":{\"@type\":\"PostalAddress\",\"streetAddress\":\"ZI La Lechere\",\"addressLocality\":\"Patornay\",\"postalCode\":\"39130\",\"addressCountry\":\"FR\"},\"contactPoint\":[{\"@type\":\"ContactPoint\",\"contactType\":\"Service client\",\"telephone\":\"0384254272\",\"email\":\"contact@csj-emballages.com\"}]}]}<\/script>\n<!-- \/ Yoast SEO Premium plugin. -->","yoast_head_json":{"title":"Asciugamani Interfogliati a V 2 veli 21 x 21 cm da 180","description":"Asciugamani interfogliati a V 2 veli 22,3 x 22,2 cm, confezione da 180. Assorbenti, igienici e ideali per bagni professionali.","robots":{"index":"index","follow":"follow","max-snippet":"max-snippet:-1","max-image-preview":"max-image-preview:large","max-video-preview":"max-video-preview:-1"},"canonical":"https:\/\/www.csj-emballages.com\/it\/produit\/asciugamani-interfogliati-a-v-2-veli-21-x-21-cm-da-180\/","og_locale":"it_IT","og_type":"article","og_title":"Asciugamani interfogliati a V 2 veli 21 x 21 cm da 180","og_description":"Asciugamani interfogliati a V 2 veli 22,3 x 22,2 cm, confezione da 180. Assorbenti, igienici e ideali per bagni professionali.","og_url":"https:\/\/www.csj-emballages.com\/it\/produit\/asciugamani-interfogliati-a-v-2-veli-21-x-21-cm-da-180\/","og_site_name":"CSJ Emballages","article_publisher":"https:\/\/www.facebook.com\/csjemballages","article_modified_time":"2026-04-14T00:16:02+00:00","og_image":[{"width":800,"height":800,"url":"https:\/\/www.csj-emballages.com\/wp-content\/uploads\/2024\/03\/Essuies-mains-plies-.webp","type":"image\/webp"}],"twitter_card":"summary_large_image","twitter_misc":{"Dur\u00e9e de lecture estim\u00e9e":"1 minuto"},"schema":{"@context":"https:\/\/schema.org","@graph":[{"@type":"WebPage","@id":"https:\/\/www.csj-emballages.com\/it\/produit\/asciugamani-interfogliati-a-v-2-veli-21-x-21-cm-da-180\/","url":"https:\/\/www.csj-emballages.com\/it\/produit\/asciugamani-interfogliati-a-v-2-veli-21-x-21-cm-da-180\/","name":"Asciugamani Interfogliati a V 2 veli 21 x 21 cm da 180","isPartOf":{"@id":"https:\/\/www.csj-emballages.com\/it\/#website"},"primaryImageOfPage":{"@id":"https:\/\/www.csj-emballages.com\/it\/produit\/asciugamani-interfogliati-a-v-2-veli-21-x-21-cm-da-180\/#primaryimage"},"image":{"@id":"https:\/\/www.csj-emballages.com\/it\/produit\/asciugamani-interfogliati-a-v-2-veli-21-x-21-cm-da-180\/#primaryimage"},"thumbnailUrl":"https:\/\/www.csj-emballages.com\/wp-content\/uploads\/2024\/03\/Essuies-mains-plies-.webp","datePublished":"2024-03-01T15:54:24+00:00","dateModified":"2026-04-14T00:16:02+00:00","description":"Asciugamani interfogliati a V 2 veli 22,3 x 22,2 cm, confezione da 180. Assorbenti, igienici e ideali per bagni professionali.","breadcrumb":{"@id":"https:\/\/www.csj-emballages.com\/it\/produit\/asciugamani-interfogliati-a-v-2-veli-21-x-21-cm-da-180\/#breadcrumb"},"inLanguage":"it-IT","potentialAction":[{"@type":"ReadAction","target":["https:\/\/www.csj-emballages.com\/it\/produit\/asciugamani-interfogliati-a-v-2-veli-21-x-21-cm-da-180\/"]}]},{"@type":"ImageObject","inLanguage":"it-IT","@id":"https:\/\/www.csj-emballages.com\/it\/produit\/asciugamani-interfogliati-a-v-2-veli-21-x-21-cm-da-180\/#primaryimage","url":"https:\/\/www.csj-emballages.com\/wp-content\/uploads\/2024\/03\/Essuies-mains-plies-.webp","contentUrl":"https:\/\/www.csj-emballages.com\/wp-content\/uploads\/2024\/03\/Essuies-mains-plies-.webp","width":800,"height":800,"caption":"Essuie-mains enchev\u00eatr\u00e9"},{"@type":"BreadcrumbList","@id":"https:\/\/www.csj-emballages.com\/it\/produit\/asciugamani-interfogliati-a-v-2-veli-21-x-21-cm-da-180\/#breadcrumb","itemListElement":[{"@type":"ListItem","position":1,"name":"Home","item":"https:\/\/www.csj-emballages.com\/it\/universo-imballaggi-alimentari\/"},{"@type":"ListItem","position":2,"name":"Negozio","item":"https:\/\/www.csj-emballages.com\/it\/negozio\/"},{"@type":"ListItem","position":3,"name":"Asciugamani interfogliati a V 2 veli 21 x 21 cm da 180"}]},{"@type":"WebSite","@id":"https:\/\/www.csj-emballages.com\/it\/#website","url":"https:\/\/www.csj-emballages.com\/it\/","name":"CSJ Emballages","description":"","publisher":{"@id":"https:\/\/www.csj-emballages.com\/it\/#organization"},"potentialAction":[{"@type":"SearchAction","target":{"@type":"EntryPoint","urlTemplate":"https:\/\/www.csj-emballages.com\/it\/?s={search_term_string}"},"query-input":{"@type":"PropertyValueSpecification","valueRequired":true,"valueName":"search_term_string"}}],"inLanguage":"it-IT"},{"@type":"Organization","@id":"https:\/\/www.csj-emballages.com\/it\/#Organization\/","name":"CSJ Emballages","url":"https:\/\/www.csj-emballages.com\/it\/","logo":{"@type":"ImageObject","inLanguage":"it-IT","@id":"https:\/\/www.csj-emballages.com\/it\/#\/schema\/logo\/image\/","url":"https:\/\/www.csj-emballages.com\/wp-content\/uploads\/2023\/10\/logo_csj.webp","contentUrl":"https:\/\/www.csj-emballages.com\/wp-content\/uploads\/2023\/10\/logo_csj.webp","width":250,"height":95,"caption":"CSJ Emballages"},"image":{"@id":"https:\/\/www.csj-emballages.com\/it\/#\/schema\/logo\/image\/"},"sameAs":["https:\/\/www.facebook.com\/csjemballages"],"address":{"@type":"PostalAddress","streetAddress":"ZI La Lechere","addressLocality":"Patornay","postalCode":"39130","addressCountry":"FR"},"contactPoint":[{"@type":"ContactPoint","contactType":"Service client","telephone":"0384254272","email":"contact@csj-emballages.com"}]}]}},"df_price":1.62,"df_sale_price":"","df_regular_price":1.62,"df_image_link":"https:\/\/www.csj-emballages.com\/wp-content\/uploads\/2024\/03\/Essuies-mains-plies--300x300.webp","tiered_pricing_type":"fixed","tiered_pricing_fixed_rules":[],"tiered_pricing_percentage_rules":[],"tiered_pricing_minimum":1,"tiered_pricing_roles_data":[],"_links":{"self":[{"href":"https:\/\/www.csj-emballages.com\/it\/wp-json\/wp\/v2\/product\/268534","targetHints":{"allow":["GET"]}}],"collection":[{"href":"https:\/\/www.csj-emballages.com\/it\/wp-json\/wp\/v2\/product"}],"about":[{"href":"https:\/\/www.csj-emballages.com\/it\/wp-json\/wp\/v2\/types\/product"}],"wp:featuredmedia":[{"embeddable":true,"href":"https:\/\/www.csj-emballages.com\/it\/wp-json\/wp\/v2\/media\/266971"}],"wp:attachment":[{"href":"https:\/\/www.csj-emballages.com\/it\/wp-json\/wp\/v2\/media?parent=268534"}],"wp:term":[{"taxonomy":"product_brand","embeddable":true,"href":"https:\/\/www.csj-emballages.com\/it\/wp-json\/wp\/v2\/product_brand?post=268534"},{"taxonomy":"product_cat","embeddable":true,"href":"https:\/\/www.csj-emballages.com\/it\/wp-json\/wp\/v2\/product_cat?post=268534"},{"taxonomy":"product_tag","embeddable":true,"href":"https:\/\/www.csj-emballages.com\/it\/wp-json\/wp\/v2\/product_tag?post=268534"}],"curies":[{"name":"wp","href":"https:\/\/api.w.org\/{rel}","templated":true}]}}