{"id":268531,"date":"2024-03-01T16:54:23","date_gmt":"2024-03-01T15:54:23","guid":{"rendered":"https:\/\/www.csj-emballages.com\/produit\/spugna-magica-in-melamina-110-x-70-x-30-mm-confezione-da-5\/"},"modified":"2026-04-10T02:13:24","modified_gmt":"2026-04-10T00:13:24","slug":"spugna-magica-in-melamina-110-x-70-x-30-mm-confezione-da-5","status":"publish","type":"product","link":"https:\/\/www.csj-emballages.com\/it\/produit\/spugna-magica-in-melamina-110-x-70-x-30-mm-confezione-da-5\/","title":{"rendered":"Spugna magica in melamina 110 x 70 x 30 mm, confezione da 5"},"content":{"rendered":"<h2>Spugna<\/h2>\n<hr>\n<h3>Descrizione della nostra spugna magica in melamina 110 x 70 x 30 mm, confezione da 5<\/h3>\n<p><!--more--><\/p>\n<div class=\"flex max-w-full flex-col flex-grow\">\n<div class=\"min-h-8 text-message flex w-full flex-col items-end gap-2 whitespace-normal break-words text-start [.text-message+&amp;]:mt-5\" dir=\"auto\" data-message-author-role=\"assistant\" data-message-id=\"266ca6f3-5e07-4948-bd20-80ac5e6da4a5\" data-message-model-slug=\"gpt-4o\">\n<div class=\"flex w-full flex-col gap-1 empty:hidden first:pt-[3px]\">\n<div class=\"markdown prose w-full break-words dark:prose-invert dark\">\n<p data-start=\"266\" data-end=\"715\">Semplice all&#8217;apparenza, ma incredibilmente efficace, questa <strong>spugna magica in melamina<\/strong> \u00e8 il tipo di prodotto che sorprende fin dal primo utilizzo. Non servono detergenti chimici complessi: basta un po&#8217; d&#8217;acqua per eliminare le tracce ostinate di ogni giorno. Segni sui muri, strisciate di scarpe, residui sugli interruttori, sporco sulle superfici in plastica&#8230; agisce dove le spugne classiche mostrano subito i loro limiti.  <\/p>\n<p data-start=\"717\" data-end=\"1095\">Grazie alla sua struttura in <strong>melamina<\/strong>, la spugna funziona come una gomma ultra-fine. Cattura lo sporco, lo solleva e lo fa sparire delicatamente. Cos\u00ec pulisci pi\u00f9 velocemente e pi\u00f9 semplicemente, senza sforzi inutili. Il suo formato <strong data-start=\"953\" data-end=\"973\">110 x 70 x 30 mm<\/strong> offre una buona impugnatura, permettendoti di pulire con precisione anche negli angoli o sulle piccole superfici.   <\/p>\n<p data-start=\"1097\" data-end=\"1493\">Inoltre, il <strong data-start=\"1109\" data-end=\"1121\">set da 5<\/strong> \u00e8 ideale per un uso regolare, sia a casa che in ambito professionale. Puoi tenerne una in cucina, un&#8217;altra in bagno e riservarne alcune per usi pi\u00f9 tecnici come <strong>uffici, officine o locali commerciali<\/strong>. E poich\u00e9 si consuma gradualmente, vedrai chiaramente quando \u00e8 il momento di sostituirla.  <\/p>\n<p data-start=\"1495\" data-end=\"1734\">In sintesi, questa <strong>spugna magica<\/strong> semplifica la pulizia quotidiana. Fa risparmiare tempo, limita l&#8217;uso di detergenti e offre un risultato impeccabile senza complicazioni. Un indispensabile discreto, ma terribilmente efficace.  <\/p>\n<p data-start=\"1495\" data-end=\"1734\">\n<\/div>\n<\/div>\n<\/div>\n<\/div>\n<p><!--more--><\/p>\n<h4>Vantaggi:<\/h4>\n<ul>\n<li>Elimina le macchie difficili senza detersivo.<\/li>\n<li>Adatta a varie superfici (muri, plastica, acciaio inox, ecc.).<\/li>\n<li>Funziona solo con acqua.<\/li>\n<li>Inumidisci, strofina e la magia \u00e8 fatta!<\/li>\n<li>Dimensioni ideali (110 x 70 x 30 mm) per una buona impugnatura<\/li>\n<\/ul>\n<p>&nbsp;<\/p>\n<p><!--more--><\/p>\n<h4>Altre informazioni:<\/h4>\n<ul>\n<li><strong>Confezione<\/strong>: Pacco da 5<\/li>\n<li><strong>Dimensioni<\/strong>: 110 x 70 x 30 mm<\/li>\n<li><strong>Materiale<\/strong>: Melamina<\/li>\n<li><strong>Colore<\/strong>: Bianco<\/li>\n<\/ul>\n<p>&nbsp;<\/p>\n<p><!--more--><\/p>\n<p>Trovi qui gli altri nostri 5 tipi di spugna: <span style=\"color: #d12727;\"><a style=\"color: #d12727;\" href=\"https:\/\/www.csj-emballages.com\/it\/produit\/spugna-blu-per-sanitari-110-x-70-x-22-mm-confezione-da-10\/\">Spugna blu sanitaria<\/a><\/span> \/ <span style=\"color: #d12727;\"><a style=\"color: #d12727;\" href=\"https:\/\/www.csj-emballages.com\/it\/produit\/spugna-110-x-70-x-22-mm-confezione-da-10\/\">Spugna verde<\/a><\/span> \/ <span style=\"color: #d12727;\"><a style=\"color: #d12727;\" href=\"https:\/\/www.csj-emballages.com\/it\/produit\/spugna-inox-40-grs-da-10\/\">Spugna inox 40 g<\/a><\/span> \/ <span style=\"color: #d12727;\"><a style=\"color: #d12727;\" href=\"https:\/\/www.csj-emballages.com\/it\/produit\/spugna-inox-60-grs-da-10\/\">Spugna inox 60 g<\/a> <span style=\"color: #000000;\">\/<\/span> <a style=\"color: #d12727;\" href=\"https:\/\/www.csj-emballages.com\/produit\/10-eponge-non-bordees-n4\/\">Spugna vegetale<\/a><\/span><\/p>\n<p>&nbsp;<\/p>\n<p><!--more--><\/p>\n<p><a href=\"https:\/\/www.csj-emballages.com\/it\/categorie-produit\/igiene-e-manutenzione\/spugne-panni-strofinacci\/spugne-abrasivi\/\">Consulta il resto della nostra gamma di spugne \/ abrasivi<\/a><\/p>\n","protected":false},"excerpt":{"rendered":"<p>Spugna Descrizione della nostra spugna magica in melamina 110 x 70 x 30 mm, confezione da 5<\/p>\n","protected":false},"featured_media":268533,"template":"","meta":{"_acf_changed":false},"product_brand":[],"product_cat":[10356,10382,10383],"product_tag":[],"class_list":{"0":"post-268531","1":"product","2":"type-product","3":"status-publish","4":"has-post-thumbnail","6":"product_cat-igiene-e-manutenzione","7":"product_cat-spugne-panni-strofinacci","8":"product_cat-spugne-abrasivi","10":"first","11":"instock","12":"taxable","13":"shipping-taxable","14":"purchasable","15":"product-type-simple"},"acf":[],"yoast_head":"<!-- This site is optimized with the Yoast SEO Premium plugin v26.6 (Yoast SEO v26.6) - https:\/\/yoast.com\/wordpress\/plugins\/seo\/ -->\n<title>Spugna Magica in Melamina 110 x 70 x 30 mm, Confezione da 5<\/title>\n<meta name=\"description\" content=\"Scopri la spugna magica in melamina (110 x 70 x 30 mm) per una pulizia efficace senza prodotti chimici. Ideale per rimuovere le macchie ostinate!\" \/>\n<meta name=\"robots\" content=\"index, follow, max-snippet:-1, max-image-preview:large, max-video-preview:-1\" \/>\n<link rel=\"canonical\" href=\"https:\/\/www.csj-emballages.com\/it\/produit\/spugna-magica-in-melamina-110-x-70-x-30-mm-confezione-da-5\/\" \/>\n<meta property=\"og:locale\" content=\"it_IT\" \/>\n<meta property=\"og:type\" content=\"article\" \/>\n<meta property=\"og:title\" content=\"Spugna magica in melamina 110 x 70 x 30 mm, confezione da 5\" \/>\n<meta property=\"og:description\" content=\"Scopri la spugna magica in melamina (110 x 70 x 30 mm) per una pulizia efficace senza prodotti chimici. Ideale per rimuovere le macchie ostinate!\" \/>\n<meta property=\"og:url\" content=\"https:\/\/www.csj-emballages.com\/it\/produit\/spugna-magica-in-melamina-110-x-70-x-30-mm-confezione-da-5\/\" \/>\n<meta property=\"og:site_name\" content=\"CSJ Emballages\" \/>\n<meta property=\"article:publisher\" content=\"https:\/\/www.facebook.com\/csjemballages\" \/>\n<meta property=\"article:modified_time\" content=\"2026-04-10T00:13:24+00:00\" \/>\n<meta property=\"og:image\" content=\"https:\/\/www.csj-emballages.com\/wp-content\/uploads\/2024\/03\/eponge-magique.webp\" \/>\n\t<meta property=\"og:image:width\" content=\"800\" \/>\n\t<meta property=\"og:image:height\" content=\"800\" \/>\n\t<meta property=\"og:image:type\" content=\"image\/webp\" \/>\n<meta name=\"twitter:card\" content=\"summary_large_image\" \/>\n<meta name=\"twitter:label1\" content=\"Dur\u00e9e de lecture estim\u00e9e\" \/>\n\t<meta name=\"twitter:data1\" content=\"1 minuto\" \/>\n<script type=\"application\/ld+json\" class=\"yoast-schema-graph\">{\"@context\":\"https:\/\/schema.org\",\"@graph\":[{\"@type\":\"WebPage\",\"@id\":\"https:\/\/www.csj-emballages.com\/it\/produit\/spugna-magica-in-melamina-110-x-70-x-30-mm-confezione-da-5\/\",\"url\":\"https:\/\/www.csj-emballages.com\/it\/produit\/spugna-magica-in-melamina-110-x-70-x-30-mm-confezione-da-5\/\",\"name\":\"Spugna Magica in Melamina 110 x 70 x 30 mm, Confezione da 5\",\"isPartOf\":{\"@id\":\"https:\/\/www.csj-emballages.com\/it\/#website\"},\"primaryImageOfPage\":{\"@id\":\"https:\/\/www.csj-emballages.com\/it\/produit\/spugna-magica-in-melamina-110-x-70-x-30-mm-confezione-da-5\/#primaryimage\"},\"image\":{\"@id\":\"https:\/\/www.csj-emballages.com\/it\/produit\/spugna-magica-in-melamina-110-x-70-x-30-mm-confezione-da-5\/#primaryimage\"},\"thumbnailUrl\":\"https:\/\/www.csj-emballages.com\/wp-content\/uploads\/2024\/03\/eponge-magique.webp\",\"datePublished\":\"2024-03-01T15:54:23+00:00\",\"dateModified\":\"2026-04-10T00:13:24+00:00\",\"description\":\"Scopri la spugna magica in melamina (110 x 70 x 30 mm) per una pulizia efficace senza prodotti chimici. Ideale per rimuovere le macchie ostinate!\",\"breadcrumb\":{\"@id\":\"https:\/\/www.csj-emballages.com\/it\/produit\/spugna-magica-in-melamina-110-x-70-x-30-mm-confezione-da-5\/#breadcrumb\"},\"inLanguage\":\"it-IT\",\"potentialAction\":[{\"@type\":\"ReadAction\",\"target\":[\"https:\/\/www.csj-emballages.com\/it\/produit\/spugna-magica-in-melamina-110-x-70-x-30-mm-confezione-da-5\/\"]}]},{\"@type\":\"ImageObject\",\"inLanguage\":\"it-IT\",\"@id\":\"https:\/\/www.csj-emballages.com\/it\/produit\/spugna-magica-in-melamina-110-x-70-x-30-mm-confezione-da-5\/#primaryimage\",\"url\":\"https:\/\/www.csj-emballages.com\/wp-content\/uploads\/2024\/03\/eponge-magique.webp\",\"contentUrl\":\"https:\/\/www.csj-emballages.com\/wp-content\/uploads\/2024\/03\/eponge-magique.webp\",\"width\":800,\"height\":800,\"caption\":\"\u00c9ponge magique\"},{\"@type\":\"BreadcrumbList\",\"@id\":\"https:\/\/www.csj-emballages.com\/it\/produit\/spugna-magica-in-melamina-110-x-70-x-30-mm-confezione-da-5\/#breadcrumb\",\"itemListElement\":[{\"@type\":\"ListItem\",\"position\":1,\"name\":\"Home\",\"item\":\"https:\/\/www.csj-emballages.com\/it\/universo-imballaggi-alimentari\/\"},{\"@type\":\"ListItem\",\"position\":2,\"name\":\"Negozio\",\"item\":\"https:\/\/www.csj-emballages.com\/it\/negozio\/\"},{\"@type\":\"ListItem\",\"position\":3,\"name\":\"Spugna magica in melamina 110 x 70 x 30 mm, confezione da 5\"}]},{\"@type\":\"WebSite\",\"@id\":\"https:\/\/www.csj-emballages.com\/it\/#website\",\"url\":\"https:\/\/www.csj-emballages.com\/it\/\",\"name\":\"CSJ Emballages\",\"description\":\"\",\"publisher\":{\"@id\":\"https:\/\/www.csj-emballages.com\/it\/#organization\"},\"potentialAction\":[{\"@type\":\"SearchAction\",\"target\":{\"@type\":\"EntryPoint\",\"urlTemplate\":\"https:\/\/www.csj-emballages.com\/it\/?s={search_term_string}\"},\"query-input\":{\"@type\":\"PropertyValueSpecification\",\"valueRequired\":true,\"valueName\":\"search_term_string\"}}],\"inLanguage\":\"it-IT\"},{\"@type\":\"Organization\",\"@id\":\"https:\/\/www.csj-emballages.com\/it\/#Organization\/\",\"name\":\"CSJ Emballages\",\"url\":\"https:\/\/www.csj-emballages.com\/it\/\",\"logo\":{\"@type\":\"ImageObject\",\"inLanguage\":\"it-IT\",\"@id\":\"https:\/\/www.csj-emballages.com\/it\/#\/schema\/logo\/image\/\",\"url\":\"https:\/\/www.csj-emballages.com\/wp-content\/uploads\/2023\/10\/logo_csj.webp\",\"contentUrl\":\"https:\/\/www.csj-emballages.com\/wp-content\/uploads\/2023\/10\/logo_csj.webp\",\"width\":250,\"height\":95,\"caption\":\"CSJ Emballages\"},\"image\":{\"@id\":\"https:\/\/www.csj-emballages.com\/it\/#\/schema\/logo\/image\/\"},\"sameAs\":[\"https:\/\/www.facebook.com\/csjemballages\"],\"address\":{\"@type\":\"PostalAddress\",\"streetAddress\":\"ZI La Lechere\",\"addressLocality\":\"Patornay\",\"postalCode\":\"39130\",\"addressCountry\":\"FR\"},\"contactPoint\":[{\"@type\":\"ContactPoint\",\"contactType\":\"Service client\",\"telephone\":\"0384254272\",\"email\":\"contact@csj-emballages.com\"}]}]}<\/script>\n<!-- \/ Yoast SEO Premium plugin. -->","yoast_head_json":{"title":"Spugna Magica in Melamina 110 x 70 x 30 mm, Confezione da 5","description":"Scopri la spugna magica in melamina (110 x 70 x 30 mm) per una pulizia efficace senza prodotti chimici. Ideale per rimuovere le macchie ostinate!","robots":{"index":"index","follow":"follow","max-snippet":"max-snippet:-1","max-image-preview":"max-image-preview:large","max-video-preview":"max-video-preview:-1"},"canonical":"https:\/\/www.csj-emballages.com\/it\/produit\/spugna-magica-in-melamina-110-x-70-x-30-mm-confezione-da-5\/","og_locale":"it_IT","og_type":"article","og_title":"Spugna magica in melamina 110 x 70 x 30 mm, confezione da 5","og_description":"Scopri la spugna magica in melamina (110 x 70 x 30 mm) per una pulizia efficace senza prodotti chimici. Ideale per rimuovere le macchie ostinate!","og_url":"https:\/\/www.csj-emballages.com\/it\/produit\/spugna-magica-in-melamina-110-x-70-x-30-mm-confezione-da-5\/","og_site_name":"CSJ Emballages","article_publisher":"https:\/\/www.facebook.com\/csjemballages","article_modified_time":"2026-04-10T00:13:24+00:00","og_image":[{"width":800,"height":800,"url":"https:\/\/www.csj-emballages.com\/wp-content\/uploads\/2024\/03\/eponge-magique.webp","type":"image\/webp"}],"twitter_card":"summary_large_image","twitter_misc":{"Dur\u00e9e de lecture estim\u00e9e":"1 minuto"},"schema":{"@context":"https:\/\/schema.org","@graph":[{"@type":"WebPage","@id":"https:\/\/www.csj-emballages.com\/it\/produit\/spugna-magica-in-melamina-110-x-70-x-30-mm-confezione-da-5\/","url":"https:\/\/www.csj-emballages.com\/it\/produit\/spugna-magica-in-melamina-110-x-70-x-30-mm-confezione-da-5\/","name":"Spugna Magica in Melamina 110 x 70 x 30 mm, Confezione da 5","isPartOf":{"@id":"https:\/\/www.csj-emballages.com\/it\/#website"},"primaryImageOfPage":{"@id":"https:\/\/www.csj-emballages.com\/it\/produit\/spugna-magica-in-melamina-110-x-70-x-30-mm-confezione-da-5\/#primaryimage"},"image":{"@id":"https:\/\/www.csj-emballages.com\/it\/produit\/spugna-magica-in-melamina-110-x-70-x-30-mm-confezione-da-5\/#primaryimage"},"thumbnailUrl":"https:\/\/www.csj-emballages.com\/wp-content\/uploads\/2024\/03\/eponge-magique.webp","datePublished":"2024-03-01T15:54:23+00:00","dateModified":"2026-04-10T00:13:24+00:00","description":"Scopri la spugna magica in melamina (110 x 70 x 30 mm) per una pulizia efficace senza prodotti chimici. Ideale per rimuovere le macchie ostinate!","breadcrumb":{"@id":"https:\/\/www.csj-emballages.com\/it\/produit\/spugna-magica-in-melamina-110-x-70-x-30-mm-confezione-da-5\/#breadcrumb"},"inLanguage":"it-IT","potentialAction":[{"@type":"ReadAction","target":["https:\/\/www.csj-emballages.com\/it\/produit\/spugna-magica-in-melamina-110-x-70-x-30-mm-confezione-da-5\/"]}]},{"@type":"ImageObject","inLanguage":"it-IT","@id":"https:\/\/www.csj-emballages.com\/it\/produit\/spugna-magica-in-melamina-110-x-70-x-30-mm-confezione-da-5\/#primaryimage","url":"https:\/\/www.csj-emballages.com\/wp-content\/uploads\/2024\/03\/eponge-magique.webp","contentUrl":"https:\/\/www.csj-emballages.com\/wp-content\/uploads\/2024\/03\/eponge-magique.webp","width":800,"height":800,"caption":"\u00c9ponge magique"},{"@type":"BreadcrumbList","@id":"https:\/\/www.csj-emballages.com\/it\/produit\/spugna-magica-in-melamina-110-x-70-x-30-mm-confezione-da-5\/#breadcrumb","itemListElement":[{"@type":"ListItem","position":1,"name":"Home","item":"https:\/\/www.csj-emballages.com\/it\/universo-imballaggi-alimentari\/"},{"@type":"ListItem","position":2,"name":"Negozio","item":"https:\/\/www.csj-emballages.com\/it\/negozio\/"},{"@type":"ListItem","position":3,"name":"Spugna magica in melamina 110 x 70 x 30 mm, confezione da 5"}]},{"@type":"WebSite","@id":"https:\/\/www.csj-emballages.com\/it\/#website","url":"https:\/\/www.csj-emballages.com\/it\/","name":"CSJ Emballages","description":"","publisher":{"@id":"https:\/\/www.csj-emballages.com\/it\/#organization"},"potentialAction":[{"@type":"SearchAction","target":{"@type":"EntryPoint","urlTemplate":"https:\/\/www.csj-emballages.com\/it\/?s={search_term_string}"},"query-input":{"@type":"PropertyValueSpecification","valueRequired":true,"valueName":"search_term_string"}}],"inLanguage":"it-IT"},{"@type":"Organization","@id":"https:\/\/www.csj-emballages.com\/it\/#Organization\/","name":"CSJ Emballages","url":"https:\/\/www.csj-emballages.com\/it\/","logo":{"@type":"ImageObject","inLanguage":"it-IT","@id":"https:\/\/www.csj-emballages.com\/it\/#\/schema\/logo\/image\/","url":"https:\/\/www.csj-emballages.com\/wp-content\/uploads\/2023\/10\/logo_csj.webp","contentUrl":"https:\/\/www.csj-emballages.com\/wp-content\/uploads\/2023\/10\/logo_csj.webp","width":250,"height":95,"caption":"CSJ Emballages"},"image":{"@id":"https:\/\/www.csj-emballages.com\/it\/#\/schema\/logo\/image\/"},"sameAs":["https:\/\/www.facebook.com\/csjemballages"],"address":{"@type":"PostalAddress","streetAddress":"ZI La Lechere","addressLocality":"Patornay","postalCode":"39130","addressCountry":"FR"},"contactPoint":[{"@type":"ContactPoint","contactType":"Service client","telephone":"0384254272","email":"contact@csj-emballages.com"}]}]}},"df_price":3.2,"df_sale_price":"","df_regular_price":3.2,"df_image_link":"https:\/\/www.csj-emballages.com\/wp-content\/uploads\/2024\/03\/eponge-magique-300x300.webp","tiered_pricing_type":"fixed","tiered_pricing_fixed_rules":[],"tiered_pricing_percentage_rules":[],"tiered_pricing_minimum":1,"tiered_pricing_roles_data":[],"_links":{"self":[{"href":"https:\/\/www.csj-emballages.com\/it\/wp-json\/wp\/v2\/product\/268531","targetHints":{"allow":["GET"]}}],"collection":[{"href":"https:\/\/www.csj-emballages.com\/it\/wp-json\/wp\/v2\/product"}],"about":[{"href":"https:\/\/www.csj-emballages.com\/it\/wp-json\/wp\/v2\/types\/product"}],"wp:featuredmedia":[{"embeddable":true,"href":"https:\/\/www.csj-emballages.com\/it\/wp-json\/wp\/v2\/media\/268533"}],"wp:attachment":[{"href":"https:\/\/www.csj-emballages.com\/it\/wp-json\/wp\/v2\/media?parent=268531"}],"wp:term":[{"taxonomy":"product_brand","embeddable":true,"href":"https:\/\/www.csj-emballages.com\/it\/wp-json\/wp\/v2\/product_brand?post=268531"},{"taxonomy":"product_cat","embeddable":true,"href":"https:\/\/www.csj-emballages.com\/it\/wp-json\/wp\/v2\/product_cat?post=268531"},{"taxonomy":"product_tag","embeddable":true,"href":"https:\/\/www.csj-emballages.com\/it\/wp-json\/wp\/v2\/product_tag?post=268531"}],"curies":[{"name":"wp","href":"https:\/\/api.w.org\/{rel}","templated":true}]}}