{"id":268527,"date":"2024-03-01T16:54:23","date_gmt":"2024-03-01T15:54:23","guid":{"rendered":"https:\/\/www.csj-emballages.com\/produit\/spugna-110-x-70-x-22-mm-confezione-da-10\/"},"modified":"2026-04-18T02:14:27","modified_gmt":"2026-04-18T00:14:27","slug":"spugna-110-x-70-x-22-mm-confezione-da-10","status":"publish","type":"product","link":"https:\/\/www.csj-emballages.com\/it\/produit\/spugna-110-x-70-x-22-mm-confezione-da-10\/","title":{"rendered":"Spugna 110 x 70 x 22 mm, confezione da 10"},"content":{"rendered":"<h2>Spugna<\/h2>\n<hr>\n<h3>Descrizione della nostra spugna 110 x 70 x 22 mm, confezione da 10<\/h3>\n<p><!--more--><\/p>\n<div class=\"flex max-w-full flex-col flex-grow\">\n<div class=\"min-h-8 text-message flex w-full flex-col items-end gap-2 whitespace-normal break-words text-start [.text-message+&amp;]:mt-5\" dir=\"auto\" data-message-author-role=\"assistant\" data-message-id=\"266ca6f3-5e07-4948-bd20-80ac5e6da4a5\" data-message-model-slug=\"gpt-4o\">\n<div class=\"flex w-full flex-col gap-1 empty:hidden first:pt-[3px]\">\n<div class=\"markdown prose w-full break-words dark:prose-invert dark\">\n<p data-start=\"232\" data-end=\"618\">Abbiamo tutti bisogno di una <strong>spugna<\/strong> su cui poter contare, e questa fa decisamente il suo dovere. Con il suo formato <strong data-start=\"353\" data-end=\"373\">110 x 70 x 22 mm<\/strong>, si tiene bene in mano e permette di pulire efficacemente senza sforzi inutili. N\u00e9 troppo grande, n\u00e9 troppo sottile, offre un buon equilibrio tra comfort ed efficacia, sia per i piatti, i piani di lavoro o la pulizia generale.  <\/p>\n<p data-start=\"620\" data-end=\"916\">Da un lato, la sua <strong>superficie abrasiva verde<\/strong> aiuta a rimuovere i residui ostinati, anche quando sono un po&#8217; attaccati. Dall&#8217;altro, la <strong>parte gialla assorbe<\/strong> rapidamente acqua e sporco, permettendo di pulire pi\u00f9 velocemente e in modo pi\u00f9 pulito. Cos\u00ec, risparmi tempo mantenendo le superfici impeccabili.  <\/p>\n<p data-start=\"918\" data-end=\"1204\">Inoltre, questa <strong>spugna<\/strong> \u00e8 progettata per durare. Resiste bene all&#8217;uso ripetuto e mantiene la sua forma lavaggio dopo lavaggio. \u00c8 quindi una scelta pratica per le cucine professionali, le comunit\u00e0, i ristoranti o semplicemente per l&#8217;uso quotidiano a casa.  <\/p>\n<p data-start=\"1206\" data-end=\"1475\">La <strong data-start=\"1209\" data-end=\"1222\">confezione da 10<\/strong> \u00e8 particolarmente intelligente: ne hai sempre una a portata di mano, senza doverne ricomprare troppo spesso. Questo facilita l&#8217;organizzazione e permette di gestire l&#8217;igiene pi\u00f9 facilmente. <\/p>\n<p data-start=\"1477\" data-end=\"1618\">In sintesi, questa <strong>spugna<\/strong> \u00e8 semplice, efficace e affidabile. Non promette pi\u00f9 di quello che fa, ma lo fa bene, giorno dopo giorno. <\/p>\n<\/div>\n<\/div>\n<\/div>\n<\/div>\n<p><!--more--><\/p>\n<h4>Vantaggi:<\/h4>\n<ul>\n<li>Dimensioni adatte per una buona presa.<\/li>\n<li>Adatta per cucina, bagno e superfici varie.<\/li>\n<li>Ideale per una pulizia rapida ed efficace.<\/li>\n<li>Progettata per un uso prolungato.<\/li>\n<\/ul>\n<p>&nbsp;<\/p>\n<p><!--more--><\/p>\n<h4>Altre informazioni:<\/h4>\n<ul>\n<li><strong>Confezionamento<\/strong>: Pacchetto da 10<\/li>\n<li><strong>Dimensioni<\/strong>: 110 x 70 x 22 mm (L x l x h in cm)<\/li>\n<li><strong>Colore<\/strong>: Giallo \/ Verde<\/li>\n<\/ul>\n<p>&nbsp;<\/p>\n<p><!--more--><\/p>\n<p>Trova qui i nostri altri 5 tipi di spugna: <span style=\"color: #d12727;\"><a style=\"color: #d12727;\" href=\"https:\/\/www.csj-emballages.com\/it\/produit\/spugna-blu-per-sanitari-110-x-70-x-22-mm-confezione-da-10\/\">Spugna blu sanitaria<\/a><\/span> \/ <span style=\"color: #d12727;\"><a style=\"color: #d12727;\" href=\"https:\/\/www.csj-emballages.com\/it\/produit\/spugna-magica-in-melamina-110-x-70-x-30-mm-confezione-da-5\/\">Spugna magica<\/a><\/span> \/ <span style=\"color: #d12727;\"><a style=\"color: #d12727;\" href=\"https:\/\/www.csj-emballages.com\/it\/produit\/spugna-inox-40-grs-da-10\/\">Spugna inox 40 gr<\/a><\/span> \/ <span style=\"color: #d12727;\"><a style=\"color: #d12727;\" href=\"https:\/\/www.csj-emballages.com\/it\/produit\/spugna-inox-60-grs-da-10\/\">Spugna inox 60 gr<\/a> <span style=\"color: #000000;\">\/<\/span> <a style=\"color: #d12727;\" href=\"https:\/\/www.csj-emballages.com\/produit\/10-eponge-non-bordees-n4\/\">Spugna vegetale<\/a><\/span><\/p>\n<p>&nbsp;<\/p>\n<p><!--more--><\/p>\n<p><a href=\"https:\/\/www.csj-emballages.com\/it\/categorie-produit\/igiene-e-manutenzione\/spugne-panni-strofinacci\/spugne-abrasivi\/\">Consulta il resto della nostra gamma di spugne \/ abrasivi<\/a><\/p>\n","protected":false},"excerpt":{"rendered":"<p>Spugna Descrizione della nostra spugna 110 x 70 x 22 mm, confezione da 10<\/p>\n","protected":false},"featured_media":268530,"template":"","meta":{"_acf_changed":false},"product_brand":[],"product_cat":[10356,10382,10383],"product_tag":[],"class_list":{"0":"post-268527","1":"product","2":"type-product","3":"status-publish","4":"has-post-thumbnail","6":"product_cat-igiene-e-manutenzione","7":"product_cat-spugne-panni-strofinacci","8":"product_cat-spugne-abrasivi","10":"first","11":"instock","12":"taxable","13":"shipping-taxable","14":"purchasable","15":"product-type-simple"},"acf":[],"yoast_head":"<!-- This site is optimized with the Yoast SEO Premium plugin v26.6 (Yoast SEO v26.6) - https:\/\/yoast.com\/wordpress\/plugins\/seo\/ -->\n<title>Spugna 110 x 70 x 22 mm, confezione da 10<\/title>\n<meta name=\"description\" content=\"Spugne 110 x 70 x 22 mm, ideali per una pulizia efficace e duratura. Assorbenti e resistenti, sono adatte a professionisti e privati.\" \/>\n<meta name=\"robots\" content=\"index, follow, max-snippet:-1, max-image-preview:large, max-video-preview:-1\" \/>\n<link rel=\"canonical\" href=\"https:\/\/www.csj-emballages.com\/it\/produit\/spugna-110-x-70-x-22-mm-confezione-da-10\/\" \/>\n<meta property=\"og:locale\" content=\"it_IT\" \/>\n<meta property=\"og:type\" content=\"article\" \/>\n<meta property=\"og:title\" content=\"Spugna 110 x 70 x 22 mm, confezione da 10\" \/>\n<meta property=\"og:description\" content=\"Spugne 110 x 70 x 22 mm, ideali per una pulizia efficace e duratura. Assorbenti e resistenti, sono adatte a professionisti e privati.\" \/>\n<meta property=\"og:url\" content=\"https:\/\/www.csj-emballages.com\/it\/produit\/spugna-110-x-70-x-22-mm-confezione-da-10\/\" \/>\n<meta property=\"og:site_name\" content=\"CSJ Emballages\" \/>\n<meta property=\"article:publisher\" content=\"https:\/\/www.facebook.com\/csjemballages\" \/>\n<meta property=\"article:modified_time\" content=\"2026-04-18T00:14:27+00:00\" \/>\n<meta property=\"og:image\" content=\"https:\/\/www.csj-emballages.com\/wp-content\/uploads\/2024\/03\/eponge.webp\" \/>\n\t<meta property=\"og:image:width\" content=\"800\" \/>\n\t<meta property=\"og:image:height\" content=\"800\" \/>\n\t<meta property=\"og:image:type\" content=\"image\/webp\" \/>\n<meta name=\"twitter:card\" content=\"summary_large_image\" \/>\n<meta name=\"twitter:label1\" content=\"Dur\u00e9e de lecture estim\u00e9e\" \/>\n\t<meta name=\"twitter:data1\" content=\"1 minuto\" \/>\n<script type=\"application\/ld+json\" class=\"yoast-schema-graph\">{\"@context\":\"https:\/\/schema.org\",\"@graph\":[{\"@type\":\"WebPage\",\"@id\":\"https:\/\/www.csj-emballages.com\/it\/produit\/spugna-110-x-70-x-22-mm-confezione-da-10\/\",\"url\":\"https:\/\/www.csj-emballages.com\/it\/produit\/spugna-110-x-70-x-22-mm-confezione-da-10\/\",\"name\":\"Spugna 110 x 70 x 22 mm, confezione da 10\",\"isPartOf\":{\"@id\":\"https:\/\/www.csj-emballages.com\/it\/#website\"},\"primaryImageOfPage\":{\"@id\":\"https:\/\/www.csj-emballages.com\/it\/produit\/spugna-110-x-70-x-22-mm-confezione-da-10\/#primaryimage\"},\"image\":{\"@id\":\"https:\/\/www.csj-emballages.com\/it\/produit\/spugna-110-x-70-x-22-mm-confezione-da-10\/#primaryimage\"},\"thumbnailUrl\":\"https:\/\/www.csj-emballages.com\/wp-content\/uploads\/2024\/03\/eponge.webp\",\"datePublished\":\"2024-03-01T15:54:23+00:00\",\"dateModified\":\"2026-04-18T00:14:27+00:00\",\"description\":\"Spugne 110 x 70 x 22 mm, ideali per una pulizia efficace e duratura. Assorbenti e resistenti, sono adatte a professionisti e privati.\",\"breadcrumb\":{\"@id\":\"https:\/\/www.csj-emballages.com\/it\/produit\/spugna-110-x-70-x-22-mm-confezione-da-10\/#breadcrumb\"},\"inLanguage\":\"it-IT\",\"potentialAction\":[{\"@type\":\"ReadAction\",\"target\":[\"https:\/\/www.csj-emballages.com\/it\/produit\/spugna-110-x-70-x-22-mm-confezione-da-10\/\"]}]},{\"@type\":\"ImageObject\",\"inLanguage\":\"it-IT\",\"@id\":\"https:\/\/www.csj-emballages.com\/it\/produit\/spugna-110-x-70-x-22-mm-confezione-da-10\/#primaryimage\",\"url\":\"https:\/\/www.csj-emballages.com\/wp-content\/uploads\/2024\/03\/eponge.webp\",\"contentUrl\":\"https:\/\/www.csj-emballages.com\/wp-content\/uploads\/2024\/03\/eponge.webp\",\"width\":800,\"height\":800,\"caption\":\"\u00c9ponge\"},{\"@type\":\"BreadcrumbList\",\"@id\":\"https:\/\/www.csj-emballages.com\/it\/produit\/spugna-110-x-70-x-22-mm-confezione-da-10\/#breadcrumb\",\"itemListElement\":[{\"@type\":\"ListItem\",\"position\":1,\"name\":\"Home\",\"item\":\"https:\/\/www.csj-emballages.com\/it\/universo-imballaggi-alimentari\/\"},{\"@type\":\"ListItem\",\"position\":2,\"name\":\"Negozio\",\"item\":\"https:\/\/www.csj-emballages.com\/it\/negozio\/\"},{\"@type\":\"ListItem\",\"position\":3,\"name\":\"Spugna 110 x 70 x 22 mm, confezione da 10\"}]},{\"@type\":\"WebSite\",\"@id\":\"https:\/\/www.csj-emballages.com\/it\/#website\",\"url\":\"https:\/\/www.csj-emballages.com\/it\/\",\"name\":\"CSJ Emballages\",\"description\":\"\",\"publisher\":{\"@id\":\"https:\/\/www.csj-emballages.com\/it\/#organization\"},\"potentialAction\":[{\"@type\":\"SearchAction\",\"target\":{\"@type\":\"EntryPoint\",\"urlTemplate\":\"https:\/\/www.csj-emballages.com\/it\/?s={search_term_string}\"},\"query-input\":{\"@type\":\"PropertyValueSpecification\",\"valueRequired\":true,\"valueName\":\"search_term_string\"}}],\"inLanguage\":\"it-IT\"},{\"@type\":\"Organization\",\"@id\":\"https:\/\/www.csj-emballages.com\/it\/#Organization\/\",\"name\":\"CSJ Emballages\",\"url\":\"https:\/\/www.csj-emballages.com\/it\/\",\"logo\":{\"@type\":\"ImageObject\",\"inLanguage\":\"it-IT\",\"@id\":\"https:\/\/www.csj-emballages.com\/it\/#\/schema\/logo\/image\/\",\"url\":\"https:\/\/www.csj-emballages.com\/wp-content\/uploads\/2023\/10\/logo_csj.webp\",\"contentUrl\":\"https:\/\/www.csj-emballages.com\/wp-content\/uploads\/2023\/10\/logo_csj.webp\",\"width\":250,\"height\":95,\"caption\":\"CSJ Emballages\"},\"image\":{\"@id\":\"https:\/\/www.csj-emballages.com\/it\/#\/schema\/logo\/image\/\"},\"sameAs\":[\"https:\/\/www.facebook.com\/csjemballages\"],\"address\":{\"@type\":\"PostalAddress\",\"streetAddress\":\"ZI La Lechere\",\"addressLocality\":\"Patornay\",\"postalCode\":\"39130\",\"addressCountry\":\"FR\"},\"contactPoint\":[{\"@type\":\"ContactPoint\",\"contactType\":\"Service client\",\"telephone\":\"0384254272\",\"email\":\"contact@csj-emballages.com\"}]}]}<\/script>\n<!-- \/ Yoast SEO Premium plugin. -->","yoast_head_json":{"title":"Spugna 110 x 70 x 22 mm, confezione da 10","description":"Spugne 110 x 70 x 22 mm, ideali per una pulizia efficace e duratura. Assorbenti e resistenti, sono adatte a professionisti e privati.","robots":{"index":"index","follow":"follow","max-snippet":"max-snippet:-1","max-image-preview":"max-image-preview:large","max-video-preview":"max-video-preview:-1"},"canonical":"https:\/\/www.csj-emballages.com\/it\/produit\/spugna-110-x-70-x-22-mm-confezione-da-10\/","og_locale":"it_IT","og_type":"article","og_title":"Spugna 110 x 70 x 22 mm, confezione da 10","og_description":"Spugne 110 x 70 x 22 mm, ideali per una pulizia efficace e duratura. Assorbenti e resistenti, sono adatte a professionisti e privati.","og_url":"https:\/\/www.csj-emballages.com\/it\/produit\/spugna-110-x-70-x-22-mm-confezione-da-10\/","og_site_name":"CSJ Emballages","article_publisher":"https:\/\/www.facebook.com\/csjemballages","article_modified_time":"2026-04-18T00:14:27+00:00","og_image":[{"width":800,"height":800,"url":"https:\/\/www.csj-emballages.com\/wp-content\/uploads\/2024\/03\/eponge.webp","type":"image\/webp"}],"twitter_card":"summary_large_image","twitter_misc":{"Dur\u00e9e de lecture estim\u00e9e":"1 minuto"},"schema":{"@context":"https:\/\/schema.org","@graph":[{"@type":"WebPage","@id":"https:\/\/www.csj-emballages.com\/it\/produit\/spugna-110-x-70-x-22-mm-confezione-da-10\/","url":"https:\/\/www.csj-emballages.com\/it\/produit\/spugna-110-x-70-x-22-mm-confezione-da-10\/","name":"Spugna 110 x 70 x 22 mm, confezione da 10","isPartOf":{"@id":"https:\/\/www.csj-emballages.com\/it\/#website"},"primaryImageOfPage":{"@id":"https:\/\/www.csj-emballages.com\/it\/produit\/spugna-110-x-70-x-22-mm-confezione-da-10\/#primaryimage"},"image":{"@id":"https:\/\/www.csj-emballages.com\/it\/produit\/spugna-110-x-70-x-22-mm-confezione-da-10\/#primaryimage"},"thumbnailUrl":"https:\/\/www.csj-emballages.com\/wp-content\/uploads\/2024\/03\/eponge.webp","datePublished":"2024-03-01T15:54:23+00:00","dateModified":"2026-04-18T00:14:27+00:00","description":"Spugne 110 x 70 x 22 mm, ideali per una pulizia efficace e duratura. Assorbenti e resistenti, sono adatte a professionisti e privati.","breadcrumb":{"@id":"https:\/\/www.csj-emballages.com\/it\/produit\/spugna-110-x-70-x-22-mm-confezione-da-10\/#breadcrumb"},"inLanguage":"it-IT","potentialAction":[{"@type":"ReadAction","target":["https:\/\/www.csj-emballages.com\/it\/produit\/spugna-110-x-70-x-22-mm-confezione-da-10\/"]}]},{"@type":"ImageObject","inLanguage":"it-IT","@id":"https:\/\/www.csj-emballages.com\/it\/produit\/spugna-110-x-70-x-22-mm-confezione-da-10\/#primaryimage","url":"https:\/\/www.csj-emballages.com\/wp-content\/uploads\/2024\/03\/eponge.webp","contentUrl":"https:\/\/www.csj-emballages.com\/wp-content\/uploads\/2024\/03\/eponge.webp","width":800,"height":800,"caption":"\u00c9ponge"},{"@type":"BreadcrumbList","@id":"https:\/\/www.csj-emballages.com\/it\/produit\/spugna-110-x-70-x-22-mm-confezione-da-10\/#breadcrumb","itemListElement":[{"@type":"ListItem","position":1,"name":"Home","item":"https:\/\/www.csj-emballages.com\/it\/universo-imballaggi-alimentari\/"},{"@type":"ListItem","position":2,"name":"Negozio","item":"https:\/\/www.csj-emballages.com\/it\/negozio\/"},{"@type":"ListItem","position":3,"name":"Spugna 110 x 70 x 22 mm, confezione da 10"}]},{"@type":"WebSite","@id":"https:\/\/www.csj-emballages.com\/it\/#website","url":"https:\/\/www.csj-emballages.com\/it\/","name":"CSJ Emballages","description":"","publisher":{"@id":"https:\/\/www.csj-emballages.com\/it\/#organization"},"potentialAction":[{"@type":"SearchAction","target":{"@type":"EntryPoint","urlTemplate":"https:\/\/www.csj-emballages.com\/it\/?s={search_term_string}"},"query-input":{"@type":"PropertyValueSpecification","valueRequired":true,"valueName":"search_term_string"}}],"inLanguage":"it-IT"},{"@type":"Organization","@id":"https:\/\/www.csj-emballages.com\/it\/#Organization\/","name":"CSJ Emballages","url":"https:\/\/www.csj-emballages.com\/it\/","logo":{"@type":"ImageObject","inLanguage":"it-IT","@id":"https:\/\/www.csj-emballages.com\/it\/#\/schema\/logo\/image\/","url":"https:\/\/www.csj-emballages.com\/wp-content\/uploads\/2023\/10\/logo_csj.webp","contentUrl":"https:\/\/www.csj-emballages.com\/wp-content\/uploads\/2023\/10\/logo_csj.webp","width":250,"height":95,"caption":"CSJ Emballages"},"image":{"@id":"https:\/\/www.csj-emballages.com\/it\/#\/schema\/logo\/image\/"},"sameAs":["https:\/\/www.facebook.com\/csjemballages"],"address":{"@type":"PostalAddress","streetAddress":"ZI La Lechere","addressLocality":"Patornay","postalCode":"39130","addressCountry":"FR"},"contactPoint":[{"@type":"ContactPoint","contactType":"Service client","telephone":"0384254272","email":"contact@csj-emballages.com"}]}]}},"df_price":5.99,"df_sale_price":"","df_regular_price":5.99,"df_image_link":"https:\/\/www.csj-emballages.com\/wp-content\/uploads\/2024\/03\/eponge-300x300.webp","tiered_pricing_type":"fixed","tiered_pricing_fixed_rules":[],"tiered_pricing_percentage_rules":[],"tiered_pricing_minimum":1,"tiered_pricing_roles_data":[],"_links":{"self":[{"href":"https:\/\/www.csj-emballages.com\/it\/wp-json\/wp\/v2\/product\/268527","targetHints":{"allow":["GET"]}}],"collection":[{"href":"https:\/\/www.csj-emballages.com\/it\/wp-json\/wp\/v2\/product"}],"about":[{"href":"https:\/\/www.csj-emballages.com\/it\/wp-json\/wp\/v2\/types\/product"}],"wp:featuredmedia":[{"embeddable":true,"href":"https:\/\/www.csj-emballages.com\/it\/wp-json\/wp\/v2\/media\/268530"}],"wp:attachment":[{"href":"https:\/\/www.csj-emballages.com\/it\/wp-json\/wp\/v2\/media?parent=268527"}],"wp:term":[{"taxonomy":"product_brand","embeddable":true,"href":"https:\/\/www.csj-emballages.com\/it\/wp-json\/wp\/v2\/product_brand?post=268527"},{"taxonomy":"product_cat","embeddable":true,"href":"https:\/\/www.csj-emballages.com\/it\/wp-json\/wp\/v2\/product_cat?post=268527"},{"taxonomy":"product_tag","embeddable":true,"href":"https:\/\/www.csj-emballages.com\/it\/wp-json\/wp\/v2\/product_tag?post=268527"}],"curies":[{"name":"wp","href":"https:\/\/api.w.org\/{rel}","templated":true}]}}