{"id":268522,"date":"2024-03-01T16:54:23","date_gmt":"2024-03-01T15:54:23","guid":{"rendered":"https:\/\/www.csj-emballages.com\/produit\/contenitore-catering-freschezza-con-coperchio-a-cerniera-1000-ml-in-confezione-da-50\/"},"modified":"2026-04-15T02:13:33","modified_gmt":"2026-04-15T00:13:33","slug":"contenitore-catering-freschezza-con-coperchio-a-cerniera-1000-ml-in-confezione-da-50","status":"publish","type":"product","link":"https:\/\/www.csj-emballages.com\/it\/produit\/contenitore-catering-freschezza-con-coperchio-a-cerniera-1000-ml-in-confezione-da-50\/","title":{"rendered":"Contenitore catering freschezza con coperchio a cerniera 1000 ml in confezione da 50"},"content":{"rendered":"<h2>Contenitore catering<\/h2>\n<hr>\n<h3>Descrizione del nostro contenitore catering freschezza con coperchio a cerniera 1000 ml in confezione da 50<\/h3>\n<p><!--more--><\/p>\n<div class=\"flex max-w-full flex-col flex-grow\">\n<div class=\"min-h-8 text-message flex w-full flex-col items-end gap-2 whitespace-normal break-words text-start [.text-message+&amp;]:mt-5\" dir=\"auto\" data-message-author-role=\"assistant\" data-message-id=\"266ca6f3-5e07-4948-bd20-80ac5e6da4a5\" data-message-model-slug=\"gpt-4o\">\n<div class=\"flex w-full flex-col gap-1 empty:hidden first:pt-[3px]\">\n<div class=\"markdown prose w-full break-words dark:prose-invert dark\">\n<p data-start=\"256\" data-end=\"604\">Il <strong>contenitore catering freschezza con coperchio a cerniera da 1000 ml<\/strong> \u00e8 appositamente progettato per il confezionamento e la presentazione di preparazioni fredde. Infatti, ideale per <strong>insalate miste, piatti catering, dessert, pasticcini o assortimenti vari<\/strong>, risponde perfettamente alle esigenze dei professionisti della ristorazione e del take-away. <\/p>\n<p data-start=\"606\" data-end=\"909\">Grazie alla sua <strong>generosa capacit\u00e0 di 1000 ml<\/strong>, questo <strong>contenitore<\/strong> permette di offrire porzioni complete ed equilibrate mantenendo una presentazione curata. Il suo coperchio integrato a cerniera assicura una chiusura semplice, rapida e sicura, evitando qualsiasi perdita o apertura accidentale durante il trasporto. <\/p>\n<p data-start=\"911\" data-end=\"1255\">Inoltre, realizzato in <strong>plastica trasparente<\/strong> per uso alimentare, valorizza il contenuto proteggendo efficacemente gli alimenti. La sua trasparenza \u00e8 ideale per le vetrine refrigerate e permette al cliente di visualizzare immediatamente il prodotto. Robusto e leggero, questo contenitore garantisce una buona resistenza alle manipolazioni quotidiane.  <\/p>\n<p data-start=\"1257\" data-end=\"1523\">Pratico e funzionale, il <strong>contenitore catering freschezza<\/strong> \u00e8 adatto per negozi alimentari, catering, panetterie, snack bar e collettivit\u00e0. In sintesi, confezionato in lotti da <strong>50 unit\u00e0<\/strong>, rappresenta una soluzione economica e affidabile per un uso professionale regolare. <\/p>\n<p data-start=\"1257\" data-end=\"1523\">\n<\/div>\n<\/div>\n<\/div>\n<\/div>\n<p><!--more--><\/p>\n<h4>Vantaggi:<\/h4>\n<ul>\n<li>Mantiene la freschezza, il sapore e la qualit\u00e0 degli alimenti.<\/li>\n<li>Protegge le tue preparazioni da contaminazioni esterne e previene le perdite.<\/li>\n<li>Ideale per insalate, dessert, frutta o altre preparazioni fredde, preservandone la freschezza.<\/li>\n<li>Dona un tocco professionale grazie a un design semplice ma elegante<\/li>\n<li>Queste vaschette in PET sono completamente riciclabili.<\/li>\n<\/ul>\n<p>&nbsp;<\/p>\n<p><!--more--><\/p>\n<h4>Altre informazioni:<\/h4>\n<ul>\n<li><strong>Confezionamento<\/strong>: Pacchetto da 50<\/li>\n<li><strong>Dimensioni<\/strong>: 182 x 142 x 70 mm<\/li>\n<li><strong>Volume<\/strong>: 1000 ml<\/li>\n<li><strong>Materiale<\/strong>: Polietilene Tereftalato (PET)<\/li>\n<li><strong>Utilizzo<\/strong>: Freddo<\/li>\n<li><strong>Temperatura d&#8217;uso<\/strong>: -40\u00b0C\/+70\u00b0C<\/li>\n<\/ul>\n<p>&nbsp;<\/p>\n<p><!--more--><\/p>\n<p>Prodotto disponibile in diverse misure: <span style=\"color: #d12727;\"><a style=\"color: #d12727;\" href=\"https:\/\/www.csj-emballages.com\/it\/produit\/contenitore-catering-freschezza-con-coperchio-a-cerniera-250-ml-in-confezione-da-50\/\">ERGO250<\/a><\/span> \/ <span style=\"color: #d12727;\"><a style=\"color: #d12727;\" href=\"https:\/\/www.csj-emballages.com\/produit\/50-boites-ergonomiques-traiteurs-fraicheurs-plastiques-375-ml\/\">ERGO375<\/a><\/span> \/ <span style=\"color: #d12727;\"><a style=\"color: #d12727;\" href=\"https:\/\/www.csj-emballages.com\/it\/produit\/contenitore-catering-freschezza-con-coperchio-a-cerniera-500-ml-confezione-da-50\/\">ERGO500<\/a><\/span> \/ <span style=\"color: #d12727;\"><a style=\"color: #d12727;\" href=\"https:\/\/www.csj-emballages.com\/it\/produit\/vaschetta-gastronomia-freschezza-con-coperchio-a-cerniera-750-ml-confezione-da-50\/\">ERGO750<\/a><\/span> \/ <span style=\"color: #d12727;\"><a style=\"color: #d12727;\" href=\"https:\/\/www.csj-emballages.com\/it\/produit\/scatola-catering-freschezza-con-coperchio-a-cerniera-1500-ml-da-60\/\">ERGO1500<\/a><\/span> \/ <span style=\"color: #d12727;\"><a style=\"color: #d12727;\" href=\"https:\/\/www.csj-emballages.com\/it\/produit\/contenitore-catering-salvafreschezza-con-coperchio-a-cerniera-2000-ml-x-60\/\">ERGO2000<\/a><\/span><\/p>\n<p>&nbsp;<\/p>\n<p><!--more--><\/p>\n<p><a href=\"https:\/\/www.csj-emballages.com\/it\/categorie-produit\/imballaggi-alimentari\/macelleria-gastronomia-ortofrutta\/vaschette-scatole-e-vasetti\/vaschette-scatole-barattoli-alimentari\/vaschette-salvafreschezza-con-coperchio-a-cerniera\/\">Consulta il resto della nostra gamma di vaschette freschezza<\/a><\/p>\n","protected":false},"excerpt":{"rendered":"<p>Contenitore catering Descrizione del nostro contenitore catering freschezza con coperchio a cerniera 1000 ml in confezione da 50<\/p>\n","protected":false},"featured_media":266953,"template":"","meta":{"_acf_changed":false},"product_brand":[],"product_cat":[10381,10428,10429],"product_tag":[],"class_list":{"0":"post-268522","1":"product","2":"type-product","3":"status-publish","4":"has-post-thumbnail","6":"product_cat-macelleria-gastronomia-ortofrutta","7":"product_cat-vaschette-scatole-barattoli-alimentari","8":"product_cat-vaschette-salvafreschezza-con-coperchio-a-cerniera","10":"first","11":"instock","12":"taxable","13":"shipping-taxable","14":"purchasable","15":"product-type-simple"},"acf":[],"yoast_head":"<!-- This site is optimized with the Yoast SEO Premium plugin v26.6 (Yoast SEO v26.6) - https:\/\/yoast.com\/wordpress\/plugins\/seo\/ -->\n<title>Contenitore Catering Freschezza con Coperchio a Cerniera - 1000 ml<\/title>\n<meta name=\"description\" content=\"Contenitore catering freschezza 1000 ml con coperchio a cerniera: ideale per conservare, trasportare e presentare i tuoi piatti freddi. Confezione da 50.\" \/>\n<meta name=\"robots\" content=\"index, follow, max-snippet:-1, max-image-preview:large, max-video-preview:-1\" \/>\n<link rel=\"canonical\" href=\"https:\/\/www.csj-emballages.com\/it\/produit\/contenitore-catering-freschezza-con-coperchio-a-cerniera-1000-ml-in-confezione-da-50\/\" \/>\n<meta property=\"og:locale\" content=\"it_IT\" \/>\n<meta property=\"og:type\" content=\"article\" \/>\n<meta property=\"og:title\" content=\"Contenitore catering freschezza con coperchio a cerniera 1000 ml in confezione da 50\" \/>\n<meta property=\"og:description\" content=\"Contenitore catering freschezza 1000 ml con coperchio a cerniera: ideale per conservare, trasportare e presentare i tuoi piatti freddi. Confezione da 50.\" \/>\n<meta property=\"og:url\" content=\"https:\/\/www.csj-emballages.com\/it\/produit\/contenitore-catering-freschezza-con-coperchio-a-cerniera-1000-ml-in-confezione-da-50\/\" \/>\n<meta property=\"og:site_name\" content=\"CSJ Emballages\" \/>\n<meta property=\"article:publisher\" content=\"https:\/\/www.facebook.com\/csjemballages\" \/>\n<meta property=\"article:modified_time\" content=\"2026-04-15T00:13:33+00:00\" \/>\n<meta property=\"og:image\" content=\"https:\/\/www.csj-emballages.com\/wp-content\/uploads\/2024\/03\/ERGO750.webp\" \/>\n\t<meta property=\"og:image:width\" content=\"800\" \/>\n\t<meta property=\"og:image:height\" content=\"800\" \/>\n\t<meta property=\"og:image:type\" content=\"image\/webp\" \/>\n<meta name=\"twitter:card\" content=\"summary_large_image\" \/>\n<meta name=\"twitter:label1\" content=\"Dur\u00e9e de lecture estim\u00e9e\" \/>\n\t<meta name=\"twitter:data1\" content=\"1 minuto\" \/>\n<script type=\"application\/ld+json\" class=\"yoast-schema-graph\">{\"@context\":\"https:\/\/schema.org\",\"@graph\":[{\"@type\":\"WebPage\",\"@id\":\"https:\/\/www.csj-emballages.com\/it\/produit\/contenitore-catering-freschezza-con-coperchio-a-cerniera-1000-ml-in-confezione-da-50\/\",\"url\":\"https:\/\/www.csj-emballages.com\/it\/produit\/contenitore-catering-freschezza-con-coperchio-a-cerniera-1000-ml-in-confezione-da-50\/\",\"name\":\"Contenitore Catering Freschezza con Coperchio a Cerniera - 1000 ml\",\"isPartOf\":{\"@id\":\"https:\/\/www.csj-emballages.com\/it\/#website\"},\"primaryImageOfPage\":{\"@id\":\"https:\/\/www.csj-emballages.com\/it\/produit\/contenitore-catering-freschezza-con-coperchio-a-cerniera-1000-ml-in-confezione-da-50\/#primaryimage\"},\"image\":{\"@id\":\"https:\/\/www.csj-emballages.com\/it\/produit\/contenitore-catering-freschezza-con-coperchio-a-cerniera-1000-ml-in-confezione-da-50\/#primaryimage\"},\"thumbnailUrl\":\"https:\/\/www.csj-emballages.com\/wp-content\/uploads\/2024\/03\/ERGO750.webp\",\"datePublished\":\"2024-03-01T15:54:23+00:00\",\"dateModified\":\"2026-04-15T00:13:33+00:00\",\"description\":\"Contenitore catering freschezza 1000 ml con coperchio a cerniera: ideale per conservare, trasportare e presentare i tuoi piatti freddi. Confezione da 50.\",\"breadcrumb\":{\"@id\":\"https:\/\/www.csj-emballages.com\/it\/produit\/contenitore-catering-freschezza-con-coperchio-a-cerniera-1000-ml-in-confezione-da-50\/#breadcrumb\"},\"inLanguage\":\"it-IT\",\"potentialAction\":[{\"@type\":\"ReadAction\",\"target\":[\"https:\/\/www.csj-emballages.com\/it\/produit\/contenitore-catering-freschezza-con-coperchio-a-cerniera-1000-ml-in-confezione-da-50\/\"]}]},{\"@type\":\"ImageObject\",\"inLanguage\":\"it-IT\",\"@id\":\"https:\/\/www.csj-emballages.com\/it\/produit\/contenitore-catering-freschezza-con-coperchio-a-cerniera-1000-ml-in-confezione-da-50\/#primaryimage\",\"url\":\"https:\/\/www.csj-emballages.com\/wp-content\/uploads\/2024\/03\/ERGO750.webp\",\"contentUrl\":\"https:\/\/www.csj-emballages.com\/wp-content\/uploads\/2024\/03\/ERGO750.webp\",\"width\":800,\"height\":800,\"caption\":\"Boite traiteur\"},{\"@type\":\"BreadcrumbList\",\"@id\":\"https:\/\/www.csj-emballages.com\/it\/produit\/contenitore-catering-freschezza-con-coperchio-a-cerniera-1000-ml-in-confezione-da-50\/#breadcrumb\",\"itemListElement\":[{\"@type\":\"ListItem\",\"position\":1,\"name\":\"Home\",\"item\":\"https:\/\/www.csj-emballages.com\/it\/universo-imballaggi-alimentari\/\"},{\"@type\":\"ListItem\",\"position\":2,\"name\":\"Negozio\",\"item\":\"https:\/\/www.csj-emballages.com\/it\/negozio\/\"},{\"@type\":\"ListItem\",\"position\":3,\"name\":\"Contenitore catering freschezza con coperchio a cerniera 1000 ml in confezione da 50\"}]},{\"@type\":\"WebSite\",\"@id\":\"https:\/\/www.csj-emballages.com\/it\/#website\",\"url\":\"https:\/\/www.csj-emballages.com\/it\/\",\"name\":\"CSJ Emballages\",\"description\":\"\",\"publisher\":{\"@id\":\"https:\/\/www.csj-emballages.com\/it\/#organization\"},\"potentialAction\":[{\"@type\":\"SearchAction\",\"target\":{\"@type\":\"EntryPoint\",\"urlTemplate\":\"https:\/\/www.csj-emballages.com\/it\/?s={search_term_string}\"},\"query-input\":{\"@type\":\"PropertyValueSpecification\",\"valueRequired\":true,\"valueName\":\"search_term_string\"}}],\"inLanguage\":\"it-IT\"},{\"@type\":\"Organization\",\"@id\":\"https:\/\/www.csj-emballages.com\/it\/#Organization\/\",\"name\":\"CSJ Emballages\",\"url\":\"https:\/\/www.csj-emballages.com\/it\/\",\"logo\":{\"@type\":\"ImageObject\",\"inLanguage\":\"it-IT\",\"@id\":\"https:\/\/www.csj-emballages.com\/it\/#\/schema\/logo\/image\/\",\"url\":\"https:\/\/www.csj-emballages.com\/wp-content\/uploads\/2023\/10\/logo_csj.webp\",\"contentUrl\":\"https:\/\/www.csj-emballages.com\/wp-content\/uploads\/2023\/10\/logo_csj.webp\",\"width\":250,\"height\":95,\"caption\":\"CSJ Emballages\"},\"image\":{\"@id\":\"https:\/\/www.csj-emballages.com\/it\/#\/schema\/logo\/image\/\"},\"sameAs\":[\"https:\/\/www.facebook.com\/csjemballages\"],\"address\":{\"@type\":\"PostalAddress\",\"streetAddress\":\"ZI La Lechere\",\"addressLocality\":\"Patornay\",\"postalCode\":\"39130\",\"addressCountry\":\"FR\"},\"contactPoint\":[{\"@type\":\"ContactPoint\",\"contactType\":\"Service client\",\"telephone\":\"0384254272\",\"email\":\"contact@csj-emballages.com\"}]}]}<\/script>\n<!-- \/ Yoast SEO Premium plugin. -->","yoast_head_json":{"title":"Contenitore Catering Freschezza con Coperchio a Cerniera - 1000 ml","description":"Contenitore catering freschezza 1000 ml con coperchio a cerniera: ideale per conservare, trasportare e presentare i tuoi piatti freddi. Confezione da 50.","robots":{"index":"index","follow":"follow","max-snippet":"max-snippet:-1","max-image-preview":"max-image-preview:large","max-video-preview":"max-video-preview:-1"},"canonical":"https:\/\/www.csj-emballages.com\/it\/produit\/contenitore-catering-freschezza-con-coperchio-a-cerniera-1000-ml-in-confezione-da-50\/","og_locale":"it_IT","og_type":"article","og_title":"Contenitore catering freschezza con coperchio a cerniera 1000 ml in confezione da 50","og_description":"Contenitore catering freschezza 1000 ml con coperchio a cerniera: ideale per conservare, trasportare e presentare i tuoi piatti freddi. Confezione da 50.","og_url":"https:\/\/www.csj-emballages.com\/it\/produit\/contenitore-catering-freschezza-con-coperchio-a-cerniera-1000-ml-in-confezione-da-50\/","og_site_name":"CSJ Emballages","article_publisher":"https:\/\/www.facebook.com\/csjemballages","article_modified_time":"2026-04-15T00:13:33+00:00","og_image":[{"width":800,"height":800,"url":"https:\/\/www.csj-emballages.com\/wp-content\/uploads\/2024\/03\/ERGO750.webp","type":"image\/webp"}],"twitter_card":"summary_large_image","twitter_misc":{"Dur\u00e9e de lecture estim\u00e9e":"1 minuto"},"schema":{"@context":"https:\/\/schema.org","@graph":[{"@type":"WebPage","@id":"https:\/\/www.csj-emballages.com\/it\/produit\/contenitore-catering-freschezza-con-coperchio-a-cerniera-1000-ml-in-confezione-da-50\/","url":"https:\/\/www.csj-emballages.com\/it\/produit\/contenitore-catering-freschezza-con-coperchio-a-cerniera-1000-ml-in-confezione-da-50\/","name":"Contenitore Catering Freschezza con Coperchio a Cerniera - 1000 ml","isPartOf":{"@id":"https:\/\/www.csj-emballages.com\/it\/#website"},"primaryImageOfPage":{"@id":"https:\/\/www.csj-emballages.com\/it\/produit\/contenitore-catering-freschezza-con-coperchio-a-cerniera-1000-ml-in-confezione-da-50\/#primaryimage"},"image":{"@id":"https:\/\/www.csj-emballages.com\/it\/produit\/contenitore-catering-freschezza-con-coperchio-a-cerniera-1000-ml-in-confezione-da-50\/#primaryimage"},"thumbnailUrl":"https:\/\/www.csj-emballages.com\/wp-content\/uploads\/2024\/03\/ERGO750.webp","datePublished":"2024-03-01T15:54:23+00:00","dateModified":"2026-04-15T00:13:33+00:00","description":"Contenitore catering freschezza 1000 ml con coperchio a cerniera: ideale per conservare, trasportare e presentare i tuoi piatti freddi. Confezione da 50.","breadcrumb":{"@id":"https:\/\/www.csj-emballages.com\/it\/produit\/contenitore-catering-freschezza-con-coperchio-a-cerniera-1000-ml-in-confezione-da-50\/#breadcrumb"},"inLanguage":"it-IT","potentialAction":[{"@type":"ReadAction","target":["https:\/\/www.csj-emballages.com\/it\/produit\/contenitore-catering-freschezza-con-coperchio-a-cerniera-1000-ml-in-confezione-da-50\/"]}]},{"@type":"ImageObject","inLanguage":"it-IT","@id":"https:\/\/www.csj-emballages.com\/it\/produit\/contenitore-catering-freschezza-con-coperchio-a-cerniera-1000-ml-in-confezione-da-50\/#primaryimage","url":"https:\/\/www.csj-emballages.com\/wp-content\/uploads\/2024\/03\/ERGO750.webp","contentUrl":"https:\/\/www.csj-emballages.com\/wp-content\/uploads\/2024\/03\/ERGO750.webp","width":800,"height":800,"caption":"Boite traiteur"},{"@type":"BreadcrumbList","@id":"https:\/\/www.csj-emballages.com\/it\/produit\/contenitore-catering-freschezza-con-coperchio-a-cerniera-1000-ml-in-confezione-da-50\/#breadcrumb","itemListElement":[{"@type":"ListItem","position":1,"name":"Home","item":"https:\/\/www.csj-emballages.com\/it\/universo-imballaggi-alimentari\/"},{"@type":"ListItem","position":2,"name":"Negozio","item":"https:\/\/www.csj-emballages.com\/it\/negozio\/"},{"@type":"ListItem","position":3,"name":"Contenitore catering freschezza con coperchio a cerniera 1000 ml in confezione da 50"}]},{"@type":"WebSite","@id":"https:\/\/www.csj-emballages.com\/it\/#website","url":"https:\/\/www.csj-emballages.com\/it\/","name":"CSJ Emballages","description":"","publisher":{"@id":"https:\/\/www.csj-emballages.com\/it\/#organization"},"potentialAction":[{"@type":"SearchAction","target":{"@type":"EntryPoint","urlTemplate":"https:\/\/www.csj-emballages.com\/it\/?s={search_term_string}"},"query-input":{"@type":"PropertyValueSpecification","valueRequired":true,"valueName":"search_term_string"}}],"inLanguage":"it-IT"},{"@type":"Organization","@id":"https:\/\/www.csj-emballages.com\/it\/#Organization\/","name":"CSJ Emballages","url":"https:\/\/www.csj-emballages.com\/it\/","logo":{"@type":"ImageObject","inLanguage":"it-IT","@id":"https:\/\/www.csj-emballages.com\/it\/#\/schema\/logo\/image\/","url":"https:\/\/www.csj-emballages.com\/wp-content\/uploads\/2023\/10\/logo_csj.webp","contentUrl":"https:\/\/www.csj-emballages.com\/wp-content\/uploads\/2023\/10\/logo_csj.webp","width":250,"height":95,"caption":"CSJ Emballages"},"image":{"@id":"https:\/\/www.csj-emballages.com\/it\/#\/schema\/logo\/image\/"},"sameAs":["https:\/\/www.facebook.com\/csjemballages"],"address":{"@type":"PostalAddress","streetAddress":"ZI La Lechere","addressLocality":"Patornay","postalCode":"39130","addressCountry":"FR"},"contactPoint":[{"@type":"ContactPoint","contactType":"Service client","telephone":"0384254272","email":"contact@csj-emballages.com"}]}]}},"df_price":8.51,"df_sale_price":"","df_regular_price":8.51,"df_image_link":"https:\/\/www.csj-emballages.com\/wp-content\/uploads\/2024\/03\/ERGO750-300x300.webp","tiered_pricing_type":"fixed","tiered_pricing_fixed_rules":[],"tiered_pricing_percentage_rules":[],"tiered_pricing_minimum":1,"tiered_pricing_roles_data":[],"_links":{"self":[{"href":"https:\/\/www.csj-emballages.com\/it\/wp-json\/wp\/v2\/product\/268522","targetHints":{"allow":["GET"]}}],"collection":[{"href":"https:\/\/www.csj-emballages.com\/it\/wp-json\/wp\/v2\/product"}],"about":[{"href":"https:\/\/www.csj-emballages.com\/it\/wp-json\/wp\/v2\/types\/product"}],"wp:featuredmedia":[{"embeddable":true,"href":"https:\/\/www.csj-emballages.com\/it\/wp-json\/wp\/v2\/media\/266953"}],"wp:attachment":[{"href":"https:\/\/www.csj-emballages.com\/it\/wp-json\/wp\/v2\/media?parent=268522"}],"wp:term":[{"taxonomy":"product_brand","embeddable":true,"href":"https:\/\/www.csj-emballages.com\/it\/wp-json\/wp\/v2\/product_brand?post=268522"},{"taxonomy":"product_cat","embeddable":true,"href":"https:\/\/www.csj-emballages.com\/it\/wp-json\/wp\/v2\/product_cat?post=268522"},{"taxonomy":"product_tag","embeddable":true,"href":"https:\/\/www.csj-emballages.com\/it\/wp-json\/wp\/v2\/product_tag?post=268522"}],"curies":[{"name":"wp","href":"https:\/\/api.w.org\/{rel}","templated":true}]}}