{"id":268510,"date":"2024-03-01T16:54:21","date_gmt":"2024-03-01T15:54:21","guid":{"rendered":"https:\/\/www.csj-emballages.com\/produit\/pirottino-carta-bianca-da-forno-plissettato-30-ml-per-250\/"},"modified":"2026-04-09T02:14:40","modified_gmt":"2026-04-09T00:14:40","slug":"pirottino-carta-bianca-da-forno-plissettato-30-ml-per-250","status":"publish","type":"product","link":"https:\/\/www.csj-emballages.com\/it\/produit\/pirottino-carta-bianca-da-forno-plissettato-30-ml-per-250\/","title":{"rendered":"Pirottino carta bianca da forno plissettato 30 ml per 250"},"content":{"rendered":"<h2>Pirottino carta bianca<\/h2>\n<hr>\n<h3>Descrizione del nostro pirottino carta bianca da forno plissettato 30 ml per 250<\/h3>\n<p><!--more--><\/p>\n<p data-start=\"235\" data-end=\"706\">Il <strong>pirottino carta bianca da forno plissettato 30 ml<\/strong> \u00e8 un piccolo indispensabile che adoriamo in cucina! Pratico, pulito e bello, trova facilmente posto nei laboratori di pasticceri, catering o ristoratori. Grazie alla sua <strong>carta da forno<\/strong> resistente, va in forno senza problemi senza deformarsi, senza ungere e senza attaccare. In altre parole, puoi cuocere le tue <strong>mignardise<\/strong>, <strong>pasticcini<\/strong> o <strong>stuzzichini<\/strong> in tutta tranquillit\u00e0.   <\/p>\n<p data-start=\"708\" data-end=\"1087\">Con la sua capacit\u00e0 di <strong>30 ml<\/strong>, \u00e8 perfetto per le <strong>porzioni individuali<\/strong>: un po&#8217; di salsa, una mini crema dessert, un boccone dolce o salato\u2026 tutto ci trova posto! La sua <strong>carta plissettata bianca<\/strong> offre un risultato pulito e professionale, ideale per valorizzare le tue creazioni, sia in vetrina, su un buffet o in una scatola da asporto. <\/p>\n<p data-start=\"1089\" data-end=\"1405\">Altro vantaggio non trascurabile: questo <strong>pirottino carta<\/strong> \u00e8 <strong>riciclabile<\/strong>. Puoi quindi utilizzarlo mantenendo un approccio <strong>eco-responsabile<\/strong>. E siccome \u00e8 <strong>monouso<\/strong>, niente pi\u00f9 piatti interminabili a fine servizio. \u00c8 risparmio di tempo, semplicit\u00e0 e soprattutto vera efficienza quotidiana.   <\/p>\n<p data-start=\"1407\" data-end=\"1666\">La confezione da <strong>250 pirottini<\/strong> \u00e8 anche molto pratica: ne hai sempre a portata di mano, sia per una grande produzione che per le tue preparazioni del giorno. Insomma, \u00e8 il piccolo accessorio intelligente che facilita la vita mantenendo una bella presentazione. <\/p>\n<p><!--more--><\/p>\n<p><strong>Vantaggi:<\/strong><\/p>\n<ul>\n<li data-start=\"1709\" data-end=\"1761\">Resiste alla <strong data-start=\"1722\" data-end=\"1741\">cottura in forno<\/strong> senza deformarsi.<\/li>\n<li data-start=\"1764\" data-end=\"1821\">Formato <strong data-start=\"1771\" data-end=\"1780\">30 ml<\/strong> ideale per porzioni individuali.<\/li>\n<li data-start=\"1824\" data-end=\"1881\"><strong data-start=\"1824\" data-end=\"1838\">Riciclabile<\/strong> e pratico per uso professionale.<\/li>\n<li data-start=\"1884\" data-end=\"1936\">Carta <strong data-start=\"1891\" data-end=\"1907\">bianca plissettata<\/strong> dal risultato curato e pulito.<\/li>\n<li data-start=\"1939\" data-end=\"1992\"><strong data-start=\"1939\" data-end=\"1965\">Confezione da 250<\/strong> per un vero risparmio.<\/li>\n<\/ul>\n<p>&nbsp;<\/p>\n<p><!--more--><\/p>\n<h4>Altre informazioni:<\/h4>\n<ul>\n<li><strong>Confezione<\/strong>: Pacco da 250<\/li>\n<li><strong>Dimensioni<\/strong>: 42 x 30 (\u00d8 x H in mm)<\/li>\n<li><strong>Volume<\/strong>: 30 ml<\/li>\n<li><strong>Materiale<\/strong>: Carta antigrasso<\/li>\n<\/ul>\n<p>&nbsp;<\/p>\n<p><!--more--><\/p>\n<p>Questo pirottino carta bianca \u00e8 disponibile in diverse misure: <span style=\"color: #d12727;\"><a style=\"color: #d12727;\" href=\"https:\/\/www.csj-emballages.com\/produit\/250-godets-blancs-papier-cuissons-plissees-37-ml\/\">37 ml<\/a><\/span> \/ <span style=\"color: #d12727;\"><a style=\"color: #d12727;\" href=\"https:\/\/www.csj-emballages.com\/produit\/250-godets-blancs-papier-cuissons-plissees-60-ml\/\">60 ml<\/a><\/span> \/ <span style=\"color: #d12727;\"><a style=\"color: #d12727;\" href=\"https:\/\/www.csj-emballages.com\/produit\/250-godets-blancs-papier-cuissons-plissees-100-ml\/\">100 ml<\/a><\/span> \/ <span style=\"color: #d12727;\"><a style=\"color: #d12727;\" href=\"https:\/\/www.csj-emballages.com\/produit\/250-godets-blancs-papier-cuissons-plissees-120-ml\/\">120 ml<\/a><\/span> \/ <span style=\"color: #d12727;\"><a style=\"color: #d12727;\" href=\"https:\/\/www.csj-emballages.com\/produit\/250-godets-blancs-papier-cuissons-plissees-165-ml\/\">165 ml<\/a><\/span><\/p>\n<p>&nbsp;<\/p>\n<p><!--more--><\/p>\n<p><a href=\"https:\/\/www.csj-emballages.com\/it\/categorie-produit\/pirottini-carta\/\">Consulta il resto della nostra gamma di pirottini carta<\/a><\/p>\n","protected":false},"excerpt":{"rendered":"<p>Pirottino carta bianca Descrizione del nostro pirottino carta bianca da forno plissettato 30 ml per 250<\/p>\n","protected":false},"featured_media":268513,"template":"","meta":{"_acf_changed":false},"product_brand":[],"product_cat":[10344,10373],"product_tag":[],"class_list":{"0":"post-268510","1":"product","2":"type-product","3":"status-publish","4":"has-post-thumbnail","6":"product_cat-panetteria-pasticceria","7":"product_cat-pirottini-carta","9":"first","10":"instock","11":"taxable","12":"shipping-taxable","13":"purchasable","14":"product-type-simple"},"acf":[],"yoast_head":"<!-- This site is optimized with the Yoast SEO Premium plugin v26.6 (Yoast SEO v26.6) - https:\/\/yoast.com\/wordpress\/plugins\/seo\/ -->\n<title>Pirottino Carta Bianca da Forno Plissettato 30 ml per 250<\/title>\n<meta name=\"description\" content=\"Scopri il pirottino carta bianca da forno plissettato 30 ml! Resistente al forno, pulito e pratico, valorizza le tue mignardise e salse monoporzione.\" \/>\n<meta name=\"robots\" content=\"index, follow, max-snippet:-1, max-image-preview:large, max-video-preview:-1\" \/>\n<link rel=\"canonical\" href=\"https:\/\/www.csj-emballages.com\/it\/produit\/pirottino-carta-bianca-da-forno-plissettato-30-ml-per-250\/\" \/>\n<meta property=\"og:locale\" content=\"it_IT\" \/>\n<meta property=\"og:type\" content=\"article\" \/>\n<meta property=\"og:title\" content=\"Pirottino carta bianca da forno plissettato 30 ml per 250\" \/>\n<meta property=\"og:description\" content=\"Scopri il pirottino carta bianca da forno plissettato 30 ml! Resistente al forno, pulito e pratico, valorizza le tue mignardise e salse monoporzione.\" \/>\n<meta property=\"og:url\" content=\"https:\/\/www.csj-emballages.com\/it\/produit\/pirottino-carta-bianca-da-forno-plissettato-30-ml-per-250\/\" \/>\n<meta property=\"og:site_name\" content=\"CSJ Emballages\" \/>\n<meta property=\"article:publisher\" content=\"https:\/\/www.facebook.com\/csjemballages\" \/>\n<meta property=\"article:modified_time\" content=\"2026-04-09T00:14:40+00:00\" \/>\n<meta property=\"og:image\" content=\"https:\/\/www.csj-emballages.com\/wp-content\/uploads\/2024\/03\/F100.webp\" \/>\n\t<meta property=\"og:image:width\" content=\"800\" \/>\n\t<meta property=\"og:image:height\" content=\"800\" \/>\n\t<meta property=\"og:image:type\" content=\"image\/webp\" \/>\n<meta name=\"twitter:card\" content=\"summary_large_image\" \/>\n<meta name=\"twitter:label1\" content=\"Dur\u00e9e de lecture estim\u00e9e\" \/>\n\t<meta name=\"twitter:data1\" content=\"1 minuto\" \/>\n<script type=\"application\/ld+json\" class=\"yoast-schema-graph\">{\"@context\":\"https:\/\/schema.org\",\"@graph\":[{\"@type\":\"WebPage\",\"@id\":\"https:\/\/www.csj-emballages.com\/it\/produit\/pirottino-carta-bianca-da-forno-plissettato-30-ml-per-250\/\",\"url\":\"https:\/\/www.csj-emballages.com\/it\/produit\/pirottino-carta-bianca-da-forno-plissettato-30-ml-per-250\/\",\"name\":\"Pirottino Carta Bianca da Forno Plissettato 30 ml per 250\",\"isPartOf\":{\"@id\":\"https:\/\/www.csj-emballages.com\/it\/#website\"},\"primaryImageOfPage\":{\"@id\":\"https:\/\/www.csj-emballages.com\/it\/produit\/pirottino-carta-bianca-da-forno-plissettato-30-ml-per-250\/#primaryimage\"},\"image\":{\"@id\":\"https:\/\/www.csj-emballages.com\/it\/produit\/pirottino-carta-bianca-da-forno-plissettato-30-ml-per-250\/#primaryimage\"},\"thumbnailUrl\":\"https:\/\/www.csj-emballages.com\/wp-content\/uploads\/2024\/03\/F100.webp\",\"datePublished\":\"2024-03-01T15:54:21+00:00\",\"dateModified\":\"2026-04-09T00:14:40+00:00\",\"description\":\"Scopri il pirottino carta bianca da forno plissettato 30 ml! Resistente al forno, pulito e pratico, valorizza le tue mignardise e salse monoporzione.\",\"breadcrumb\":{\"@id\":\"https:\/\/www.csj-emballages.com\/it\/produit\/pirottino-carta-bianca-da-forno-plissettato-30-ml-per-250\/#breadcrumb\"},\"inLanguage\":\"it-IT\",\"potentialAction\":[{\"@type\":\"ReadAction\",\"target\":[\"https:\/\/www.csj-emballages.com\/it\/produit\/pirottino-carta-bianca-da-forno-plissettato-30-ml-per-250\/\"]}]},{\"@type\":\"ImageObject\",\"inLanguage\":\"it-IT\",\"@id\":\"https:\/\/www.csj-emballages.com\/it\/produit\/pirottino-carta-bianca-da-forno-plissettato-30-ml-per-250\/#primaryimage\",\"url\":\"https:\/\/www.csj-emballages.com\/wp-content\/uploads\/2024\/03\/F100.webp\",\"contentUrl\":\"https:\/\/www.csj-emballages.com\/wp-content\/uploads\/2024\/03\/F100.webp\",\"width\":800,\"height\":800,\"caption\":\"Godet papier\"},{\"@type\":\"BreadcrumbList\",\"@id\":\"https:\/\/www.csj-emballages.com\/it\/produit\/pirottino-carta-bianca-da-forno-plissettato-30-ml-per-250\/#breadcrumb\",\"itemListElement\":[{\"@type\":\"ListItem\",\"position\":1,\"name\":\"Home\",\"item\":\"https:\/\/www.csj-emballages.com\/it\/universo-imballaggi-alimentari\/\"},{\"@type\":\"ListItem\",\"position\":2,\"name\":\"Negozio\",\"item\":\"https:\/\/www.csj-emballages.com\/it\/negozio\/\"},{\"@type\":\"ListItem\",\"position\":3,\"name\":\"Pirottino carta bianca da forno plissettato 30 ml per 250\"}]},{\"@type\":\"WebSite\",\"@id\":\"https:\/\/www.csj-emballages.com\/it\/#website\",\"url\":\"https:\/\/www.csj-emballages.com\/it\/\",\"name\":\"CSJ Emballages\",\"description\":\"\",\"publisher\":{\"@id\":\"https:\/\/www.csj-emballages.com\/it\/#organization\"},\"potentialAction\":[{\"@type\":\"SearchAction\",\"target\":{\"@type\":\"EntryPoint\",\"urlTemplate\":\"https:\/\/www.csj-emballages.com\/it\/?s={search_term_string}\"},\"query-input\":{\"@type\":\"PropertyValueSpecification\",\"valueRequired\":true,\"valueName\":\"search_term_string\"}}],\"inLanguage\":\"it-IT\"},{\"@type\":\"Organization\",\"@id\":\"https:\/\/www.csj-emballages.com\/it\/#Organization\/\",\"name\":\"CSJ Emballages\",\"url\":\"https:\/\/www.csj-emballages.com\/it\/\",\"logo\":{\"@type\":\"ImageObject\",\"inLanguage\":\"it-IT\",\"@id\":\"https:\/\/www.csj-emballages.com\/it\/#\/schema\/logo\/image\/\",\"url\":\"https:\/\/www.csj-emballages.com\/wp-content\/uploads\/2023\/10\/logo_csj.webp\",\"contentUrl\":\"https:\/\/www.csj-emballages.com\/wp-content\/uploads\/2023\/10\/logo_csj.webp\",\"width\":250,\"height\":95,\"caption\":\"CSJ Emballages\"},\"image\":{\"@id\":\"https:\/\/www.csj-emballages.com\/it\/#\/schema\/logo\/image\/\"},\"sameAs\":[\"https:\/\/www.facebook.com\/csjemballages\"],\"address\":{\"@type\":\"PostalAddress\",\"streetAddress\":\"ZI La Lechere\",\"addressLocality\":\"Patornay\",\"postalCode\":\"39130\",\"addressCountry\":\"FR\"},\"contactPoint\":[{\"@type\":\"ContactPoint\",\"contactType\":\"Service client\",\"telephone\":\"0384254272\",\"email\":\"contact@csj-emballages.com\"}]}]}<\/script>\n<!-- \/ Yoast SEO Premium plugin. -->","yoast_head_json":{"title":"Pirottino Carta Bianca da Forno Plissettato 30 ml per 250","description":"Scopri il pirottino carta bianca da forno plissettato 30 ml! Resistente al forno, pulito e pratico, valorizza le tue mignardise e salse monoporzione.","robots":{"index":"index","follow":"follow","max-snippet":"max-snippet:-1","max-image-preview":"max-image-preview:large","max-video-preview":"max-video-preview:-1"},"canonical":"https:\/\/www.csj-emballages.com\/it\/produit\/pirottino-carta-bianca-da-forno-plissettato-30-ml-per-250\/","og_locale":"it_IT","og_type":"article","og_title":"Pirottino carta bianca da forno plissettato 30 ml per 250","og_description":"Scopri il pirottino carta bianca da forno plissettato 30 ml! Resistente al forno, pulito e pratico, valorizza le tue mignardise e salse monoporzione.","og_url":"https:\/\/www.csj-emballages.com\/it\/produit\/pirottino-carta-bianca-da-forno-plissettato-30-ml-per-250\/","og_site_name":"CSJ Emballages","article_publisher":"https:\/\/www.facebook.com\/csjemballages","article_modified_time":"2026-04-09T00:14:40+00:00","og_image":[{"width":800,"height":800,"url":"https:\/\/www.csj-emballages.com\/wp-content\/uploads\/2024\/03\/F100.webp","type":"image\/webp"}],"twitter_card":"summary_large_image","twitter_misc":{"Dur\u00e9e de lecture estim\u00e9e":"1 minuto"},"schema":{"@context":"https:\/\/schema.org","@graph":[{"@type":"WebPage","@id":"https:\/\/www.csj-emballages.com\/it\/produit\/pirottino-carta-bianca-da-forno-plissettato-30-ml-per-250\/","url":"https:\/\/www.csj-emballages.com\/it\/produit\/pirottino-carta-bianca-da-forno-plissettato-30-ml-per-250\/","name":"Pirottino Carta Bianca da Forno Plissettato 30 ml per 250","isPartOf":{"@id":"https:\/\/www.csj-emballages.com\/it\/#website"},"primaryImageOfPage":{"@id":"https:\/\/www.csj-emballages.com\/it\/produit\/pirottino-carta-bianca-da-forno-plissettato-30-ml-per-250\/#primaryimage"},"image":{"@id":"https:\/\/www.csj-emballages.com\/it\/produit\/pirottino-carta-bianca-da-forno-plissettato-30-ml-per-250\/#primaryimage"},"thumbnailUrl":"https:\/\/www.csj-emballages.com\/wp-content\/uploads\/2024\/03\/F100.webp","datePublished":"2024-03-01T15:54:21+00:00","dateModified":"2026-04-09T00:14:40+00:00","description":"Scopri il pirottino carta bianca da forno plissettato 30 ml! Resistente al forno, pulito e pratico, valorizza le tue mignardise e salse monoporzione.","breadcrumb":{"@id":"https:\/\/www.csj-emballages.com\/it\/produit\/pirottino-carta-bianca-da-forno-plissettato-30-ml-per-250\/#breadcrumb"},"inLanguage":"it-IT","potentialAction":[{"@type":"ReadAction","target":["https:\/\/www.csj-emballages.com\/it\/produit\/pirottino-carta-bianca-da-forno-plissettato-30-ml-per-250\/"]}]},{"@type":"ImageObject","inLanguage":"it-IT","@id":"https:\/\/www.csj-emballages.com\/it\/produit\/pirottino-carta-bianca-da-forno-plissettato-30-ml-per-250\/#primaryimage","url":"https:\/\/www.csj-emballages.com\/wp-content\/uploads\/2024\/03\/F100.webp","contentUrl":"https:\/\/www.csj-emballages.com\/wp-content\/uploads\/2024\/03\/F100.webp","width":800,"height":800,"caption":"Godet papier"},{"@type":"BreadcrumbList","@id":"https:\/\/www.csj-emballages.com\/it\/produit\/pirottino-carta-bianca-da-forno-plissettato-30-ml-per-250\/#breadcrumb","itemListElement":[{"@type":"ListItem","position":1,"name":"Home","item":"https:\/\/www.csj-emballages.com\/it\/universo-imballaggi-alimentari\/"},{"@type":"ListItem","position":2,"name":"Negozio","item":"https:\/\/www.csj-emballages.com\/it\/negozio\/"},{"@type":"ListItem","position":3,"name":"Pirottino carta bianca da forno plissettato 30 ml per 250"}]},{"@type":"WebSite","@id":"https:\/\/www.csj-emballages.com\/it\/#website","url":"https:\/\/www.csj-emballages.com\/it\/","name":"CSJ Emballages","description":"","publisher":{"@id":"https:\/\/www.csj-emballages.com\/it\/#organization"},"potentialAction":[{"@type":"SearchAction","target":{"@type":"EntryPoint","urlTemplate":"https:\/\/www.csj-emballages.com\/it\/?s={search_term_string}"},"query-input":{"@type":"PropertyValueSpecification","valueRequired":true,"valueName":"search_term_string"}}],"inLanguage":"it-IT"},{"@type":"Organization","@id":"https:\/\/www.csj-emballages.com\/it\/#Organization\/","name":"CSJ Emballages","url":"https:\/\/www.csj-emballages.com\/it\/","logo":{"@type":"ImageObject","inLanguage":"it-IT","@id":"https:\/\/www.csj-emballages.com\/it\/#\/schema\/logo\/image\/","url":"https:\/\/www.csj-emballages.com\/wp-content\/uploads\/2023\/10\/logo_csj.webp","contentUrl":"https:\/\/www.csj-emballages.com\/wp-content\/uploads\/2023\/10\/logo_csj.webp","width":250,"height":95,"caption":"CSJ Emballages"},"image":{"@id":"https:\/\/www.csj-emballages.com\/it\/#\/schema\/logo\/image\/"},"sameAs":["https:\/\/www.facebook.com\/csjemballages"],"address":{"@type":"PostalAddress","streetAddress":"ZI La Lechere","addressLocality":"Patornay","postalCode":"39130","addressCountry":"FR"},"contactPoint":[{"@type":"ContactPoint","contactType":"Service client","telephone":"0384254272","email":"contact@csj-emballages.com"}]}]}},"df_price":3.58,"df_sale_price":"","df_regular_price":3.58,"df_image_link":"https:\/\/www.csj-emballages.com\/wp-content\/uploads\/2024\/03\/F100-300x300.webp","tiered_pricing_type":"fixed","tiered_pricing_fixed_rules":[],"tiered_pricing_percentage_rules":[],"tiered_pricing_minimum":1,"tiered_pricing_roles_data":[],"_links":{"self":[{"href":"https:\/\/www.csj-emballages.com\/it\/wp-json\/wp\/v2\/product\/268510","targetHints":{"allow":["GET"]}}],"collection":[{"href":"https:\/\/www.csj-emballages.com\/it\/wp-json\/wp\/v2\/product"}],"about":[{"href":"https:\/\/www.csj-emballages.com\/it\/wp-json\/wp\/v2\/types\/product"}],"wp:featuredmedia":[{"embeddable":true,"href":"https:\/\/www.csj-emballages.com\/it\/wp-json\/wp\/v2\/media\/268513"}],"wp:attachment":[{"href":"https:\/\/www.csj-emballages.com\/it\/wp-json\/wp\/v2\/media?parent=268510"}],"wp:term":[{"taxonomy":"product_brand","embeddable":true,"href":"https:\/\/www.csj-emballages.com\/it\/wp-json\/wp\/v2\/product_brand?post=268510"},{"taxonomy":"product_cat","embeddable":true,"href":"https:\/\/www.csj-emballages.com\/it\/wp-json\/wp\/v2\/product_cat?post=268510"},{"taxonomy":"product_tag","embeddable":true,"href":"https:\/\/www.csj-emballages.com\/it\/wp-json\/wp\/v2\/product_tag?post=268510"}],"curies":[{"name":"wp","href":"https:\/\/api.w.org\/{rel}","templated":true}]}}