{"id":268426,"date":"2024-03-01T16:53:35","date_gmt":"2024-03-01T15:53:35","guid":{"rendered":"https:\/\/www.csj-emballages.com\/produit\/rotolo-di-pellicola-alimentare-estensibile-in-ricarica-300-x-0-45-m\/"},"modified":"2026-04-20T12:00:42","modified_gmt":"2026-04-20T10:00:42","slug":"rotolo-di-pellicola-alimentare-estensibile-in-ricarica-300-x-0-45-m","status":"publish","type":"product","link":"https:\/\/www.csj-emballages.com\/it\/produit\/rotolo-di-pellicola-alimentare-estensibile-in-ricarica-300-x-0-45-m\/","title":{"rendered":"Rotolo di pellicola alimentare estensibile in ricarica 300 x 0.45 m"},"content":{"rendered":"<h2 class=\"p1\">Rotolo di pellicola estensibile<\/h2>\n<hr>\n<h3>Descrizione del nostro rotolo di pellicola alimentare estensibile in ricarica 300 x 0.45 m<\/h3>\n<p><!--more--><\/p>\n<p data-start=\"108\" data-end=\"526\">Il <strong>rotolo di pellicola alimentare estensibile<\/strong> \u00e8 indispensabile per i professionisti della ristorazione, i catering e i privati. Conserva gli alimenti nelle migliori condizioni. Questa <strong>pellicola alimentare<\/strong> di alta qualit\u00e0 garantisce una protezione ottimale contro aria e umidit\u00e0, permettendo di preservare pi\u00f9 a lungo freschezza, consistenza e sapori degli alimenti.  <\/p>\n<p data-start=\"528\" data-end=\"891\">Grazie alla sua elasticit\u00e0 e resistenza, aderisce perfettamente a tutte le forme di contenitori, che si tratti di piatti, vaschette, teglie o ciotole, assicurando una chiusura ermetica e igienica. La versione in <strong>ricarica da 300 metri con larghezza 45 cm<\/strong> lo rende una scelta economica e pratica per un uso regolare in cucina. <\/p>\n<p data-start=\"893\" data-end=\"1140\">Che tu lo usi per proteggere ingredienti freschi, conservare piatti o mettere in sicurezza gli alimenti prima del trasporto, questo <strong>rotolo di pellicola estensibile<\/strong> \u00e8 la soluzione ideale per unire efficacia e semplicit\u00e0 d\u2019uso.<\/p>\n<p data-start=\"893\" data-end=\"1140\">\n<p><!--more--><\/p>\n<h4>I loro vantaggi:<\/h4>\n<ul>\n<li data-start=\"959\" data-end=\"1054\"><strong data-start=\"1183\" data-end=\"1208\">Ottima elasticit\u00e0<\/strong> : Si adatta perfettamente a tutte le forme di contenitori.<\/li>\n<li data-start=\"959\" data-end=\"1054\"><strong data-start=\"1272\" data-end=\"1297\">Conservazione ottimale<\/strong> : Questo rotolo di pellicola estensibile protegge gli alimenti da aria e umidit\u00e0 per prolungarne la freschezza.<\/li>\n<li data-start=\"959\" data-end=\"1054\"><strong data-start=\"1382\" data-end=\"1402\">Uso versatile<\/strong> : Ideale per ristoranti, catering, panetterie e privati.<\/li>\n<li data-start=\"959\" data-end=\"1054\"><strong data-start=\"1478\" data-end=\"1497\">Grande lunghezza<\/strong> : Formato economico da 300 metri per un utilizzo prolungato.<\/li>\n<li data-start=\"959\" data-end=\"1054\"><strong data-start=\"1572\" data-end=\"1595\">Igiene alimentare<\/strong> : Mantiene una protezione efficace contro le contaminazioni esterne.<\/li>\n<li data-start=\"959\" data-end=\"1054\"><strong data-start=\"1675\" data-end=\"1696\">Facile da usare<\/strong> : Srotolamento fluido e taglio facile per un uso rapido.<\/li>\n<\/ul>\n<p>&nbsp;<\/p>\n<p><!--more--><\/p>\n<h4>Altre informazioni:<\/h4>\n<ul>\n<li><strong>Confezionamento<\/strong> : Al pezzo<\/li>\n<li><strong>Dimensioni<\/strong> : 300 x 0.45 m<\/li>\n<\/ul>\n<p>&nbsp;<\/p>\n<p><!--more--><\/p>\n<p>Questo prodotto esiste anche in ricarica da 30 cm: <span style=\"color: #d12727;\"><a style=\"color: #d12727;\" href=\"https:\/\/www.csj-emballages.com\/it\/produit\/rotolo-pellicola-alimentare-in-ricarica-300-x-030-m\/\">FL30R<\/a><\/span><\/p>\n<p>&nbsp;<\/p>\n<p><!--more--><\/p>\n<p><a href=\"https:\/\/www.csj-emballages.com\/it\/categorie-produit\/imballaggi-alimentari\/macelleria-gastronomia-ortofrutta\/pellicole-alimentari\/pellicole-estensibili-alimentari-in-scatola-taglia-pellicola-zip\/\">Consulta il resto della nostra gamma di pellicole alimentari<\/a><\/p>\n","protected":false},"excerpt":{"rendered":"<p>Rotolo di pellicola estensibile Descrizione del nostro rotolo di pellicola alimentare estensibile in ricarica 300 x 0.45 m<\/p>\n","protected":false},"featured_media":268430,"template":"","meta":{"_acf_changed":false},"product_brand":[],"product_cat":[10346,10381,10426,10772],"product_tag":[],"class_list":{"0":"post-268426","1":"product","2":"type-product","3":"status-publish","4":"has-post-thumbnail","6":"product_cat-imballaggi-alimentari","7":"product_cat-macelleria-gastronomia-ortofrutta","8":"product_cat-pellicole-alimentari","9":"product_cat-pellicole-alimentari-estensibili-in-ricarica","11":"first","12":"instock","13":"taxable","14":"shipping-taxable","15":"purchasable","16":"product-type-simple"},"acf":[],"yoast_head":"<!-- This site is optimized with the Yoast SEO Premium plugin v26.6 (Yoast SEO v26.6) - https:\/\/yoast.com\/wordpress\/plugins\/seo\/ -->\n<title>Rotolo di Pellicola Alimentare Estensibile in Ricarica 300 x 0.45 m<\/title>\n<meta name=\"description\" content=\"Proteggi e conserva i tuoi alimenti con il nostro rotolo di pellicola alimentare estensibile in ricarica 300 x 0.45 m! Elastico, resistente ed economico.\" \/>\n<meta name=\"robots\" content=\"index, follow, max-snippet:-1, max-image-preview:large, max-video-preview:-1\" \/>\n<link rel=\"canonical\" href=\"https:\/\/www.csj-emballages.com\/it\/produit\/rotolo-di-pellicola-alimentare-estensibile-in-ricarica-300-x-0-45-m\/\" \/>\n<meta property=\"og:locale\" content=\"it_IT\" \/>\n<meta property=\"og:type\" content=\"article\" \/>\n<meta property=\"og:title\" content=\"Rotolo di pellicola alimentare estensibile in ricarica 300 x 0.45 m\" \/>\n<meta property=\"og:description\" content=\"Proteggi e conserva i tuoi alimenti con il nostro rotolo di pellicola alimentare estensibile in ricarica 300 x 0.45 m! Elastico, resistente ed economico.\" \/>\n<meta property=\"og:url\" content=\"https:\/\/www.csj-emballages.com\/it\/produit\/rotolo-di-pellicola-alimentare-estensibile-in-ricarica-300-x-0-45-m\/\" \/>\n<meta property=\"og:site_name\" content=\"CSJ Emballages\" \/>\n<meta property=\"article:publisher\" content=\"https:\/\/www.facebook.com\/csjemballages\" \/>\n<meta property=\"article:modified_time\" content=\"2026-04-20T10:00:42+00:00\" \/>\n<meta property=\"og:image\" content=\"https:\/\/www.csj-emballages.com\/wp-content\/uploads\/2024\/03\/FL45R.webp\" \/>\n\t<meta property=\"og:image:width\" content=\"800\" \/>\n\t<meta property=\"og:image:height\" content=\"800\" \/>\n\t<meta property=\"og:image:type\" content=\"image\/webp\" \/>\n<meta name=\"twitter:card\" content=\"summary_large_image\" \/>\n<meta name=\"twitter:label1\" content=\"Dur\u00e9e de lecture estim\u00e9e\" \/>\n\t<meta name=\"twitter:data1\" content=\"1 minuto\" \/>\n<script type=\"application\/ld+json\" class=\"yoast-schema-graph\">{\"@context\":\"https:\/\/schema.org\",\"@graph\":[{\"@type\":\"WebPage\",\"@id\":\"https:\/\/www.csj-emballages.com\/it\/produit\/rotolo-di-pellicola-alimentare-estensibile-in-ricarica-300-x-0-45-m\/\",\"url\":\"https:\/\/www.csj-emballages.com\/it\/produit\/rotolo-di-pellicola-alimentare-estensibile-in-ricarica-300-x-0-45-m\/\",\"name\":\"Rotolo di Pellicola Alimentare Estensibile in Ricarica 300 x 0.45 m\",\"isPartOf\":{\"@id\":\"https:\/\/www.csj-emballages.com\/it\/#website\"},\"primaryImageOfPage\":{\"@id\":\"https:\/\/www.csj-emballages.com\/it\/produit\/rotolo-di-pellicola-alimentare-estensibile-in-ricarica-300-x-0-45-m\/#primaryimage\"},\"image\":{\"@id\":\"https:\/\/www.csj-emballages.com\/it\/produit\/rotolo-di-pellicola-alimentare-estensibile-in-ricarica-300-x-0-45-m\/#primaryimage\"},\"thumbnailUrl\":\"https:\/\/www.csj-emballages.com\/wp-content\/uploads\/2024\/03\/FL45R.webp\",\"datePublished\":\"2024-03-01T15:53:35+00:00\",\"dateModified\":\"2026-04-20T10:00:42+00:00\",\"description\":\"Proteggi e conserva i tuoi alimenti con il nostro rotolo di pellicola alimentare estensibile in ricarica 300 x 0.45 m! Elastico, resistente ed economico.\",\"breadcrumb\":{\"@id\":\"https:\/\/www.csj-emballages.com\/it\/produit\/rotolo-di-pellicola-alimentare-estensibile-in-ricarica-300-x-0-45-m\/#breadcrumb\"},\"inLanguage\":\"it-IT\",\"potentialAction\":[{\"@type\":\"ReadAction\",\"target\":[\"https:\/\/www.csj-emballages.com\/it\/produit\/rotolo-di-pellicola-alimentare-estensibile-in-ricarica-300-x-0-45-m\/\"]}]},{\"@type\":\"ImageObject\",\"inLanguage\":\"it-IT\",\"@id\":\"https:\/\/www.csj-emballages.com\/it\/produit\/rotolo-di-pellicola-alimentare-estensibile-in-ricarica-300-x-0-45-m\/#primaryimage\",\"url\":\"https:\/\/www.csj-emballages.com\/wp-content\/uploads\/2024\/03\/FL45R.webp\",\"contentUrl\":\"https:\/\/www.csj-emballages.com\/wp-content\/uploads\/2024\/03\/FL45R.webp\",\"width\":800,\"height\":800,\"caption\":\"Rouleau film \u00e9tirable\"},{\"@type\":\"BreadcrumbList\",\"@id\":\"https:\/\/www.csj-emballages.com\/it\/produit\/rotolo-di-pellicola-alimentare-estensibile-in-ricarica-300-x-0-45-m\/#breadcrumb\",\"itemListElement\":[{\"@type\":\"ListItem\",\"position\":1,\"name\":\"Home\",\"item\":\"https:\/\/www.csj-emballages.com\/it\/universo-imballaggi-alimentari\/\"},{\"@type\":\"ListItem\",\"position\":2,\"name\":\"Negozio\",\"item\":\"https:\/\/www.csj-emballages.com\/it\/negozio\/\"},{\"@type\":\"ListItem\",\"position\":3,\"name\":\"Rotolo di pellicola alimentare estensibile in ricarica 300 x 0.45 m\"}]},{\"@type\":\"WebSite\",\"@id\":\"https:\/\/www.csj-emballages.com\/it\/#website\",\"url\":\"https:\/\/www.csj-emballages.com\/it\/\",\"name\":\"CSJ Emballages\",\"description\":\"\",\"publisher\":{\"@id\":\"https:\/\/www.csj-emballages.com\/it\/#organization\"},\"potentialAction\":[{\"@type\":\"SearchAction\",\"target\":{\"@type\":\"EntryPoint\",\"urlTemplate\":\"https:\/\/www.csj-emballages.com\/it\/?s={search_term_string}\"},\"query-input\":{\"@type\":\"PropertyValueSpecification\",\"valueRequired\":true,\"valueName\":\"search_term_string\"}}],\"inLanguage\":\"it-IT\"},{\"@type\":\"Organization\",\"@id\":\"https:\/\/www.csj-emballages.com\/it\/#Organization\/\",\"name\":\"CSJ Emballages\",\"url\":\"https:\/\/www.csj-emballages.com\/it\/\",\"logo\":{\"@type\":\"ImageObject\",\"inLanguage\":\"it-IT\",\"@id\":\"https:\/\/www.csj-emballages.com\/it\/#\/schema\/logo\/image\/\",\"url\":\"https:\/\/www.csj-emballages.com\/wp-content\/uploads\/2023\/10\/logo_csj.webp\",\"contentUrl\":\"https:\/\/www.csj-emballages.com\/wp-content\/uploads\/2023\/10\/logo_csj.webp\",\"width\":250,\"height\":95,\"caption\":\"CSJ Emballages\"},\"image\":{\"@id\":\"https:\/\/www.csj-emballages.com\/it\/#\/schema\/logo\/image\/\"},\"sameAs\":[\"https:\/\/www.facebook.com\/csjemballages\"],\"address\":{\"@type\":\"PostalAddress\",\"streetAddress\":\"ZI La Lechere\",\"addressLocality\":\"Patornay\",\"postalCode\":\"39130\",\"addressCountry\":\"FR\"},\"contactPoint\":[{\"@type\":\"ContactPoint\",\"contactType\":\"Service client\",\"telephone\":\"0384254272\",\"email\":\"contact@csj-emballages.com\"}]}]}<\/script>\n<!-- \/ Yoast SEO Premium plugin. -->","yoast_head_json":{"title":"Rotolo di Pellicola Alimentare Estensibile in Ricarica 300 x 0.45 m","description":"Proteggi e conserva i tuoi alimenti con il nostro rotolo di pellicola alimentare estensibile in ricarica 300 x 0.45 m! Elastico, resistente ed economico.","robots":{"index":"index","follow":"follow","max-snippet":"max-snippet:-1","max-image-preview":"max-image-preview:large","max-video-preview":"max-video-preview:-1"},"canonical":"https:\/\/www.csj-emballages.com\/it\/produit\/rotolo-di-pellicola-alimentare-estensibile-in-ricarica-300-x-0-45-m\/","og_locale":"it_IT","og_type":"article","og_title":"Rotolo di pellicola alimentare estensibile in ricarica 300 x 0.45 m","og_description":"Proteggi e conserva i tuoi alimenti con il nostro rotolo di pellicola alimentare estensibile in ricarica 300 x 0.45 m! Elastico, resistente ed economico.","og_url":"https:\/\/www.csj-emballages.com\/it\/produit\/rotolo-di-pellicola-alimentare-estensibile-in-ricarica-300-x-0-45-m\/","og_site_name":"CSJ Emballages","article_publisher":"https:\/\/www.facebook.com\/csjemballages","article_modified_time":"2026-04-20T10:00:42+00:00","og_image":[{"width":800,"height":800,"url":"https:\/\/www.csj-emballages.com\/wp-content\/uploads\/2024\/03\/FL45R.webp","type":"image\/webp"}],"twitter_card":"summary_large_image","twitter_misc":{"Dur\u00e9e de lecture estim\u00e9e":"1 minuto"},"schema":{"@context":"https:\/\/schema.org","@graph":[{"@type":"WebPage","@id":"https:\/\/www.csj-emballages.com\/it\/produit\/rotolo-di-pellicola-alimentare-estensibile-in-ricarica-300-x-0-45-m\/","url":"https:\/\/www.csj-emballages.com\/it\/produit\/rotolo-di-pellicola-alimentare-estensibile-in-ricarica-300-x-0-45-m\/","name":"Rotolo di Pellicola Alimentare Estensibile in Ricarica 300 x 0.45 m","isPartOf":{"@id":"https:\/\/www.csj-emballages.com\/it\/#website"},"primaryImageOfPage":{"@id":"https:\/\/www.csj-emballages.com\/it\/produit\/rotolo-di-pellicola-alimentare-estensibile-in-ricarica-300-x-0-45-m\/#primaryimage"},"image":{"@id":"https:\/\/www.csj-emballages.com\/it\/produit\/rotolo-di-pellicola-alimentare-estensibile-in-ricarica-300-x-0-45-m\/#primaryimage"},"thumbnailUrl":"https:\/\/www.csj-emballages.com\/wp-content\/uploads\/2024\/03\/FL45R.webp","datePublished":"2024-03-01T15:53:35+00:00","dateModified":"2026-04-20T10:00:42+00:00","description":"Proteggi e conserva i tuoi alimenti con il nostro rotolo di pellicola alimentare estensibile in ricarica 300 x 0.45 m! Elastico, resistente ed economico.","breadcrumb":{"@id":"https:\/\/www.csj-emballages.com\/it\/produit\/rotolo-di-pellicola-alimentare-estensibile-in-ricarica-300-x-0-45-m\/#breadcrumb"},"inLanguage":"it-IT","potentialAction":[{"@type":"ReadAction","target":["https:\/\/www.csj-emballages.com\/it\/produit\/rotolo-di-pellicola-alimentare-estensibile-in-ricarica-300-x-0-45-m\/"]}]},{"@type":"ImageObject","inLanguage":"it-IT","@id":"https:\/\/www.csj-emballages.com\/it\/produit\/rotolo-di-pellicola-alimentare-estensibile-in-ricarica-300-x-0-45-m\/#primaryimage","url":"https:\/\/www.csj-emballages.com\/wp-content\/uploads\/2024\/03\/FL45R.webp","contentUrl":"https:\/\/www.csj-emballages.com\/wp-content\/uploads\/2024\/03\/FL45R.webp","width":800,"height":800,"caption":"Rouleau film \u00e9tirable"},{"@type":"BreadcrumbList","@id":"https:\/\/www.csj-emballages.com\/it\/produit\/rotolo-di-pellicola-alimentare-estensibile-in-ricarica-300-x-0-45-m\/#breadcrumb","itemListElement":[{"@type":"ListItem","position":1,"name":"Home","item":"https:\/\/www.csj-emballages.com\/it\/universo-imballaggi-alimentari\/"},{"@type":"ListItem","position":2,"name":"Negozio","item":"https:\/\/www.csj-emballages.com\/it\/negozio\/"},{"@type":"ListItem","position":3,"name":"Rotolo di pellicola alimentare estensibile in ricarica 300 x 0.45 m"}]},{"@type":"WebSite","@id":"https:\/\/www.csj-emballages.com\/it\/#website","url":"https:\/\/www.csj-emballages.com\/it\/","name":"CSJ Emballages","description":"","publisher":{"@id":"https:\/\/www.csj-emballages.com\/it\/#organization"},"potentialAction":[{"@type":"SearchAction","target":{"@type":"EntryPoint","urlTemplate":"https:\/\/www.csj-emballages.com\/it\/?s={search_term_string}"},"query-input":{"@type":"PropertyValueSpecification","valueRequired":true,"valueName":"search_term_string"}}],"inLanguage":"it-IT"},{"@type":"Organization","@id":"https:\/\/www.csj-emballages.com\/it\/#Organization\/","name":"CSJ Emballages","url":"https:\/\/www.csj-emballages.com\/it\/","logo":{"@type":"ImageObject","inLanguage":"it-IT","@id":"https:\/\/www.csj-emballages.com\/it\/#\/schema\/logo\/image\/","url":"https:\/\/www.csj-emballages.com\/wp-content\/uploads\/2023\/10\/logo_csj.webp","contentUrl":"https:\/\/www.csj-emballages.com\/wp-content\/uploads\/2023\/10\/logo_csj.webp","width":250,"height":95,"caption":"CSJ Emballages"},"image":{"@id":"https:\/\/www.csj-emballages.com\/it\/#\/schema\/logo\/image\/"},"sameAs":["https:\/\/www.facebook.com\/csjemballages"],"address":{"@type":"PostalAddress","streetAddress":"ZI La Lechere","addressLocality":"Patornay","postalCode":"39130","addressCountry":"FR"},"contactPoint":[{"@type":"ContactPoint","contactType":"Service client","telephone":"0384254272","email":"contact@csj-emballages.com"}]}]}},"df_price":7.81,"df_sale_price":"","df_regular_price":7.81,"df_image_link":"https:\/\/www.csj-emballages.com\/wp-content\/uploads\/2024\/03\/FL45R-300x300.webp","tiered_pricing_type":"fixed","tiered_pricing_fixed_rules":[],"tiered_pricing_percentage_rules":[],"tiered_pricing_minimum":1,"tiered_pricing_roles_data":[],"_links":{"self":[{"href":"https:\/\/www.csj-emballages.com\/it\/wp-json\/wp\/v2\/product\/268426","targetHints":{"allow":["GET"]}}],"collection":[{"href":"https:\/\/www.csj-emballages.com\/it\/wp-json\/wp\/v2\/product"}],"about":[{"href":"https:\/\/www.csj-emballages.com\/it\/wp-json\/wp\/v2\/types\/product"}],"wp:featuredmedia":[{"embeddable":true,"href":"https:\/\/www.csj-emballages.com\/it\/wp-json\/wp\/v2\/media\/268430"}],"wp:attachment":[{"href":"https:\/\/www.csj-emballages.com\/it\/wp-json\/wp\/v2\/media?parent=268426"}],"wp:term":[{"taxonomy":"product_brand","embeddable":true,"href":"https:\/\/www.csj-emballages.com\/it\/wp-json\/wp\/v2\/product_brand?post=268426"},{"taxonomy":"product_cat","embeddable":true,"href":"https:\/\/www.csj-emballages.com\/it\/wp-json\/wp\/v2\/product_cat?post=268426"},{"taxonomy":"product_tag","embeddable":true,"href":"https:\/\/www.csj-emballages.com\/it\/wp-json\/wp\/v2\/product_tag?post=268426"}],"curies":[{"name":"wp","href":"https:\/\/api.w.org\/{rel}","templated":true}]}}