{"id":268405,"date":"2024-03-01T16:59:26","date_gmt":"2024-03-01T15:59:26","guid":{"rendered":"https:\/\/www.csj-emballages.com\/produit\/flute-da-champagne-riutilizzabile-bianca-infrangibile-15-cl\/"},"modified":"2024-03-01T16:59:26","modified_gmt":"2024-03-01T15:59:26","slug":"flute-da-champagne-riutilizzabile-bianca-infrangibile-15-cl","status":"publish","type":"product","link":"https:\/\/www.csj-emballages.com\/it\/produit\/flute-da-champagne-riutilizzabile-bianca-infrangibile-15-cl\/","title":{"rendered":"Fl\u00fbte da champagne riutilizzabile bianca infrangibile 15 cl"},"content":{"rendered":"<h2>Fl\u00fbte da champagne<\/h2>\n<hr>\n<h3>Descrizione della nostra fl\u00fbte da champagne riutilizzabile bianca infrangibile 15 cl<\/h3>\n<p><!--more--><\/p>\n<p>La nostra<strong> fl\u00fbte da champagne riutilizzabile bianca infrangibile <\/strong>da<strong> 15cl<\/strong> \u00e8 perfetta per eventi sofisticati. Realizzata con materiali resistenti, unisce eleganza e praticit\u00e0. Il suo colore <strong>bianco<\/strong> aggiunge un tocco chic e raffinato ai tuoi ricevimenti. Grazie al design infrangibile, garantisce sicurezza e durabilit\u00e0, anche con usi ripetuti. \u00c8 ideale per celebrazioni all&#8217;aperto o serate raffinate. Oltre all&#8217;aspetto estetico, \u00e8 ecologica, riducendo i rifiuti plastici monouso. Questa <strong>fl\u00fbte<\/strong> pu\u00f2 essere lavata e riutilizzata pi\u00f9 volte, rendendola un&#8217;opzione economica a lungo termine. Facile da pulire, non trattiene odori n\u00e9 macchie. Il suo design ergonomico assicura una presa comoda, pur rimanendo leggera. Che sia per un matrimonio, un compleanno o un cocktail, questa <strong>fl\u00fbte<\/strong> aggiunge un tocco di raffinatezza.         <!--more--><\/p>\n<p>In sintesi, questa <strong>fl\u00fbte da champagne riutilizzabile bianca da<\/strong> <strong>15cl<\/strong> incarna il lusso pratico, combinando stile, durabilit\u00e0 e rispetto per l&#8217;ambiente.<\/p>\n<p>&nbsp;<\/p>\n<p><!--more--><\/p>\n<p><strong>I loro vantaggi:<\/strong><\/p>\n<ul>\n<li><strong>Infrangibili<\/strong>: Realizzate in materiale robusto, resistono agli urti ed evitano rotture.<\/li>\n<li><strong>Riutilizzabili<\/strong>: Lavabili e durevoli, riducono i rifiuti plastici monouso.<\/li>\n<li><strong>Eleganti<\/strong>: La loro finitura <strong>bianca<\/strong> aggiunge un tocco di sofisticazione e modernit\u00e0.<\/li>\n<li><strong>Adatte a tutti i tipi di eventi<\/strong>: Che sia per matrimoni, compleanni o feste, si integrano in ogni atmosfera.<\/li>\n<\/ul>\n<p>&nbsp;<\/p>\n<p><!--more--><\/p>\n<p>Trova questo prodotto in diversi colori: <span style=\"color: #d12727;\"><a style=\"color: #d12727;\" href=\"https:\/\/www.csj-emballages.com\/produit\/flutes-reutilisables-noires-luxe-incassables-15-cl\/\"><span style=\"color: #d12727;\">Nero<\/span><\/a><\/span> \/ <span style=\"color: #d12727;\"><a style=\"color: #d12727;\" href=\"https:\/\/www.csj-emballages.com\/produit\/flute-reutilisables-cristal-luxe-incassable-15-cl\/\">Cristallo<\/a><\/span><\/p>\n<p>&nbsp;<\/p>\n<p><!--more--><\/p>\n<p><a href=\"\/?product_cat=vaisselles-reutilisables\">Consulta il resto della nostra gamma di stoviglie riutilizzabili<\/a><\/p>\n","protected":false},"excerpt":{"rendered":"<p>Fl\u00fbte da champagne Descrizione della nostra fl\u00fbte da champagne riutilizzabile bianca infrangibile 15 cl<\/p>\n","protected":false},"featured_media":268408,"template":"","meta":{"_acf_changed":false},"product_brand":[],"product_cat":[10346,10409,10685,10761],"product_tag":[],"class_list":{"0":"post-268405","1":"product","2":"type-product","3":"status-publish","4":"has-post-thumbnail","6":"product_cat-imballaggi-alimentari","7":"product_cat-bicchieri-calici-bottiglie","8":"product_cat-bicchieri-riutilizzabili-infrangibili","9":"product_cat-stoviglie-riutilizzabili","11":"first","12":"outofstock","13":"taxable","14":"shipping-taxable","15":"purchasable","16":"product-type-simple"},"acf":[],"yoast_head":"<!-- This site is optimized with the Yoast SEO Premium plugin v26.6 (Yoast SEO v26.6) - https:\/\/yoast.com\/wordpress\/plugins\/seo\/ -->\n<title>Fl\u00fbte da Champagne Riutilizzabile Bianca - 15cl<\/title>\n<meta name=\"description\" content=\"Scopri la fl\u00fbte da champagne bianca da 15cl: elegante, ecologica e durevole. Perfetta per ogni evento, unisce stile e praticit\u00e0.\" \/>\n<meta name=\"robots\" content=\"index, follow, max-snippet:-1, max-image-preview:large, max-video-preview:-1\" \/>\n<link rel=\"canonical\" href=\"https:\/\/www.csj-emballages.com\/it\/produit\/flute-da-champagne-riutilizzabile-bianca-infrangibile-15-cl\/\" \/>\n<meta property=\"og:locale\" content=\"it_IT\" \/>\n<meta property=\"og:type\" content=\"article\" \/>\n<meta property=\"og:title\" content=\"Fl\u00fbte da champagne riutilizzabile bianca infrangibile 15 cl\" \/>\n<meta property=\"og:description\" content=\"Scopri la fl\u00fbte da champagne bianca da 15cl: elegante, ecologica e durevole. Perfetta per ogni evento, unisce stile e praticit\u00e0.\" \/>\n<meta property=\"og:url\" content=\"https:\/\/www.csj-emballages.com\/it\/produit\/flute-da-champagne-riutilizzabile-bianca-infrangibile-15-cl\/\" \/>\n<meta property=\"og:site_name\" content=\"CSJ Emballages\" \/>\n<meta property=\"article:publisher\" content=\"https:\/\/www.facebook.com\/csjemballages\" \/>\n<meta property=\"og:image\" content=\"https:\/\/www.csj-emballages.com\/wp-content\/uploads\/2024\/03\/Flute-champagne-blanche.webp\" \/>\n\t<meta property=\"og:image:width\" content=\"800\" \/>\n\t<meta property=\"og:image:height\" content=\"800\" \/>\n\t<meta property=\"og:image:type\" content=\"image\/webp\" \/>\n<meta name=\"twitter:card\" content=\"summary_large_image\" \/>\n<meta name=\"twitter:label1\" content=\"Dur\u00e9e de lecture estim\u00e9e\" \/>\n\t<meta name=\"twitter:data1\" content=\"1 minuto\" \/>\n<script type=\"application\/ld+json\" class=\"yoast-schema-graph\">{\"@context\":\"https:\/\/schema.org\",\"@graph\":[{\"@type\":\"WebPage\",\"@id\":\"https:\/\/www.csj-emballages.com\/it\/produit\/flute-da-champagne-riutilizzabile-bianca-infrangibile-15-cl\/\",\"url\":\"https:\/\/www.csj-emballages.com\/it\/produit\/flute-da-champagne-riutilizzabile-bianca-infrangibile-15-cl\/\",\"name\":\"Fl\u00fbte da Champagne Riutilizzabile Bianca - 15cl\",\"isPartOf\":{\"@id\":\"https:\/\/www.csj-emballages.com\/it\/#website\"},\"primaryImageOfPage\":{\"@id\":\"https:\/\/www.csj-emballages.com\/it\/produit\/flute-da-champagne-riutilizzabile-bianca-infrangibile-15-cl\/#primaryimage\"},\"image\":{\"@id\":\"https:\/\/www.csj-emballages.com\/it\/produit\/flute-da-champagne-riutilizzabile-bianca-infrangibile-15-cl\/#primaryimage\"},\"thumbnailUrl\":\"https:\/\/www.csj-emballages.com\/wp-content\/uploads\/2024\/03\/Flute-champagne-blanche.webp\",\"datePublished\":\"2024-03-01T15:59:26+00:00\",\"description\":\"Scopri la fl\u00fbte da champagne bianca da 15cl: elegante, ecologica e durevole. Perfetta per ogni evento, unisce stile e praticit\u00e0.\",\"breadcrumb\":{\"@id\":\"https:\/\/www.csj-emballages.com\/it\/produit\/flute-da-champagne-riutilizzabile-bianca-infrangibile-15-cl\/#breadcrumb\"},\"inLanguage\":\"it-IT\",\"potentialAction\":[{\"@type\":\"ReadAction\",\"target\":[\"https:\/\/www.csj-emballages.com\/it\/produit\/flute-da-champagne-riutilizzabile-bianca-infrangibile-15-cl\/\"]}]},{\"@type\":\"ImageObject\",\"inLanguage\":\"it-IT\",\"@id\":\"https:\/\/www.csj-emballages.com\/it\/produit\/flute-da-champagne-riutilizzabile-bianca-infrangibile-15-cl\/#primaryimage\",\"url\":\"https:\/\/www.csj-emballages.com\/wp-content\/uploads\/2024\/03\/Flute-champagne-blanche.webp\",\"contentUrl\":\"https:\/\/www.csj-emballages.com\/wp-content\/uploads\/2024\/03\/Flute-champagne-blanche.webp\",\"width\":800,\"height\":800,\"caption\":\"fl\u00fbte champagne\"},{\"@type\":\"BreadcrumbList\",\"@id\":\"https:\/\/www.csj-emballages.com\/it\/produit\/flute-da-champagne-riutilizzabile-bianca-infrangibile-15-cl\/#breadcrumb\",\"itemListElement\":[{\"@type\":\"ListItem\",\"position\":1,\"name\":\"Home\",\"item\":\"https:\/\/www.csj-emballages.com\/it\/universo-imballaggi-alimentari\/\"},{\"@type\":\"ListItem\",\"position\":2,\"name\":\"Negozio\",\"item\":\"https:\/\/www.csj-emballages.com\/it\/negozio\/\"},{\"@type\":\"ListItem\",\"position\":3,\"name\":\"Fl\u00fbte da champagne riutilizzabile bianca infrangibile 15 cl\"}]},{\"@type\":\"WebSite\",\"@id\":\"https:\/\/www.csj-emballages.com\/it\/#website\",\"url\":\"https:\/\/www.csj-emballages.com\/it\/\",\"name\":\"CSJ Emballages\",\"description\":\"\",\"publisher\":{\"@id\":\"https:\/\/www.csj-emballages.com\/it\/#organization\"},\"potentialAction\":[{\"@type\":\"SearchAction\",\"target\":{\"@type\":\"EntryPoint\",\"urlTemplate\":\"https:\/\/www.csj-emballages.com\/it\/?s={search_term_string}\"},\"query-input\":{\"@type\":\"PropertyValueSpecification\",\"valueRequired\":true,\"valueName\":\"search_term_string\"}}],\"inLanguage\":\"it-IT\"},{\"@type\":\"Organization\",\"@id\":\"https:\/\/www.csj-emballages.com\/it\/#Organization\/\",\"name\":\"CSJ Emballages\",\"url\":\"https:\/\/www.csj-emballages.com\/it\/\",\"logo\":{\"@type\":\"ImageObject\",\"inLanguage\":\"it-IT\",\"@id\":\"https:\/\/www.csj-emballages.com\/it\/#\/schema\/logo\/image\/\",\"url\":\"https:\/\/www.csj-emballages.com\/wp-content\/uploads\/2023\/10\/logo_csj.webp\",\"contentUrl\":\"https:\/\/www.csj-emballages.com\/wp-content\/uploads\/2023\/10\/logo_csj.webp\",\"width\":250,\"height\":95,\"caption\":\"CSJ Emballages\"},\"image\":{\"@id\":\"https:\/\/www.csj-emballages.com\/it\/#\/schema\/logo\/image\/\"},\"sameAs\":[\"https:\/\/www.facebook.com\/csjemballages\"],\"address\":{\"@type\":\"PostalAddress\",\"streetAddress\":\"ZI La Lechere\",\"addressLocality\":\"Patornay\",\"postalCode\":\"39130\",\"addressCountry\":\"FR\"},\"contactPoint\":[{\"@type\":\"ContactPoint\",\"contactType\":\"Service client\",\"telephone\":\"0384254272\",\"email\":\"contact@csj-emballages.com\"}]}]}<\/script>\n<!-- \/ Yoast SEO Premium plugin. -->","yoast_head_json":{"title":"Fl\u00fbte da Champagne Riutilizzabile Bianca - 15cl","description":"Scopri la fl\u00fbte da champagne bianca da 15cl: elegante, ecologica e durevole. Perfetta per ogni evento, unisce stile e praticit\u00e0.","robots":{"index":"index","follow":"follow","max-snippet":"max-snippet:-1","max-image-preview":"max-image-preview:large","max-video-preview":"max-video-preview:-1"},"canonical":"https:\/\/www.csj-emballages.com\/it\/produit\/flute-da-champagne-riutilizzabile-bianca-infrangibile-15-cl\/","og_locale":"it_IT","og_type":"article","og_title":"Fl\u00fbte da champagne riutilizzabile bianca infrangibile 15 cl","og_description":"Scopri la fl\u00fbte da champagne bianca da 15cl: elegante, ecologica e durevole. Perfetta per ogni evento, unisce stile e praticit\u00e0.","og_url":"https:\/\/www.csj-emballages.com\/it\/produit\/flute-da-champagne-riutilizzabile-bianca-infrangibile-15-cl\/","og_site_name":"CSJ Emballages","article_publisher":"https:\/\/www.facebook.com\/csjemballages","og_image":[{"width":800,"height":800,"url":"https:\/\/www.csj-emballages.com\/wp-content\/uploads\/2024\/03\/Flute-champagne-blanche.webp","type":"image\/webp"}],"twitter_card":"summary_large_image","twitter_misc":{"Dur\u00e9e de lecture estim\u00e9e":"1 minuto"},"schema":{"@context":"https:\/\/schema.org","@graph":[{"@type":"WebPage","@id":"https:\/\/www.csj-emballages.com\/it\/produit\/flute-da-champagne-riutilizzabile-bianca-infrangibile-15-cl\/","url":"https:\/\/www.csj-emballages.com\/it\/produit\/flute-da-champagne-riutilizzabile-bianca-infrangibile-15-cl\/","name":"Fl\u00fbte da Champagne Riutilizzabile Bianca - 15cl","isPartOf":{"@id":"https:\/\/www.csj-emballages.com\/it\/#website"},"primaryImageOfPage":{"@id":"https:\/\/www.csj-emballages.com\/it\/produit\/flute-da-champagne-riutilizzabile-bianca-infrangibile-15-cl\/#primaryimage"},"image":{"@id":"https:\/\/www.csj-emballages.com\/it\/produit\/flute-da-champagne-riutilizzabile-bianca-infrangibile-15-cl\/#primaryimage"},"thumbnailUrl":"https:\/\/www.csj-emballages.com\/wp-content\/uploads\/2024\/03\/Flute-champagne-blanche.webp","datePublished":"2024-03-01T15:59:26+00:00","description":"Scopri la fl\u00fbte da champagne bianca da 15cl: elegante, ecologica e durevole. Perfetta per ogni evento, unisce stile e praticit\u00e0.","breadcrumb":{"@id":"https:\/\/www.csj-emballages.com\/it\/produit\/flute-da-champagne-riutilizzabile-bianca-infrangibile-15-cl\/#breadcrumb"},"inLanguage":"it-IT","potentialAction":[{"@type":"ReadAction","target":["https:\/\/www.csj-emballages.com\/it\/produit\/flute-da-champagne-riutilizzabile-bianca-infrangibile-15-cl\/"]}]},{"@type":"ImageObject","inLanguage":"it-IT","@id":"https:\/\/www.csj-emballages.com\/it\/produit\/flute-da-champagne-riutilizzabile-bianca-infrangibile-15-cl\/#primaryimage","url":"https:\/\/www.csj-emballages.com\/wp-content\/uploads\/2024\/03\/Flute-champagne-blanche.webp","contentUrl":"https:\/\/www.csj-emballages.com\/wp-content\/uploads\/2024\/03\/Flute-champagne-blanche.webp","width":800,"height":800,"caption":"fl\u00fbte champagne"},{"@type":"BreadcrumbList","@id":"https:\/\/www.csj-emballages.com\/it\/produit\/flute-da-champagne-riutilizzabile-bianca-infrangibile-15-cl\/#breadcrumb","itemListElement":[{"@type":"ListItem","position":1,"name":"Home","item":"https:\/\/www.csj-emballages.com\/it\/universo-imballaggi-alimentari\/"},{"@type":"ListItem","position":2,"name":"Negozio","item":"https:\/\/www.csj-emballages.com\/it\/negozio\/"},{"@type":"ListItem","position":3,"name":"Fl\u00fbte da champagne riutilizzabile bianca infrangibile 15 cl"}]},{"@type":"WebSite","@id":"https:\/\/www.csj-emballages.com\/it\/#website","url":"https:\/\/www.csj-emballages.com\/it\/","name":"CSJ Emballages","description":"","publisher":{"@id":"https:\/\/www.csj-emballages.com\/it\/#organization"},"potentialAction":[{"@type":"SearchAction","target":{"@type":"EntryPoint","urlTemplate":"https:\/\/www.csj-emballages.com\/it\/?s={search_term_string}"},"query-input":{"@type":"PropertyValueSpecification","valueRequired":true,"valueName":"search_term_string"}}],"inLanguage":"it-IT"},{"@type":"Organization","@id":"https:\/\/www.csj-emballages.com\/it\/#Organization\/","name":"CSJ Emballages","url":"https:\/\/www.csj-emballages.com\/it\/","logo":{"@type":"ImageObject","inLanguage":"it-IT","@id":"https:\/\/www.csj-emballages.com\/it\/#\/schema\/logo\/image\/","url":"https:\/\/www.csj-emballages.com\/wp-content\/uploads\/2023\/10\/logo_csj.webp","contentUrl":"https:\/\/www.csj-emballages.com\/wp-content\/uploads\/2023\/10\/logo_csj.webp","width":250,"height":95,"caption":"CSJ Emballages"},"image":{"@id":"https:\/\/www.csj-emballages.com\/it\/#\/schema\/logo\/image\/"},"sameAs":["https:\/\/www.facebook.com\/csjemballages"],"address":{"@type":"PostalAddress","streetAddress":"ZI La Lechere","addressLocality":"Patornay","postalCode":"39130","addressCountry":"FR"},"contactPoint":[{"@type":"ContactPoint","contactType":"Service client","telephone":"0384254272","email":"contact@csj-emballages.com"}]}]}},"df_price":2.22,"df_sale_price":"","df_regular_price":2.22,"df_image_link":"https:\/\/www.csj-emballages.com\/wp-content\/uploads\/2024\/03\/Flute-champagne-blanche-300x300.webp","tiered_pricing_type":"fixed","tiered_pricing_fixed_rules":[],"tiered_pricing_percentage_rules":[],"tiered_pricing_minimum":1,"tiered_pricing_roles_data":[],"_links":{"self":[{"href":"https:\/\/www.csj-emballages.com\/it\/wp-json\/wp\/v2\/product\/268405","targetHints":{"allow":["GET"]}}],"collection":[{"href":"https:\/\/www.csj-emballages.com\/it\/wp-json\/wp\/v2\/product"}],"about":[{"href":"https:\/\/www.csj-emballages.com\/it\/wp-json\/wp\/v2\/types\/product"}],"wp:featuredmedia":[{"embeddable":true,"href":"https:\/\/www.csj-emballages.com\/it\/wp-json\/wp\/v2\/media\/268408"}],"wp:attachment":[{"href":"https:\/\/www.csj-emballages.com\/it\/wp-json\/wp\/v2\/media?parent=268405"}],"wp:term":[{"taxonomy":"product_brand","embeddable":true,"href":"https:\/\/www.csj-emballages.com\/it\/wp-json\/wp\/v2\/product_brand?post=268405"},{"taxonomy":"product_cat","embeddable":true,"href":"https:\/\/www.csj-emballages.com\/it\/wp-json\/wp\/v2\/product_cat?post=268405"},{"taxonomy":"product_tag","embeddable":true,"href":"https:\/\/www.csj-emballages.com\/it\/wp-json\/wp\/v2\/product_tag?post=268405"}],"curies":[{"name":"wp","href":"https:\/\/api.w.org\/{rel}","templated":true}]}}