{"id":268381,"date":"2024-03-01T16:59:23","date_gmt":"2024-03-01T15:59:23","guid":{"rendered":"https:\/\/www.csj-emballages.com\/produit\/tergipavimento-alimentare-in-schiuma-bianca-45-cm\/"},"modified":"2026-04-18T02:11:16","modified_gmt":"2026-04-18T00:11:16","slug":"tergipavimento-alimentare-in-schiuma-bianca-45-cm","status":"publish","type":"product","link":"https:\/\/www.csj-emballages.com\/it\/produit\/tergipavimento-alimentare-in-schiuma-bianca-45-cm\/","title":{"rendered":"Tergipavimento alimentare in schiuma bianca 45 cm"},"content":{"rendered":"<h2>Tergipavimento alimentare<\/h2>\n<hr>\n<h3>Descrizione del nostro tergipavimento alimentare in schiuma bianca da 45 cm<!--more--><\/h3>\n<div class=\"flex max-w-full flex-col flex-grow\">\n<div class=\"min-h-8 text-message flex w-full flex-col items-end gap-2 whitespace-normal break-words text-start [.text-message+&amp;]:mt-5\" dir=\"auto\" data-message-author-role=\"assistant\" data-message-id=\"266ca6f3-5e07-4948-bd20-80ac5e6da4a5\" data-message-model-slug=\"gpt-4o\">\n<div class=\"flex w-full flex-col gap-1 empty:hidden first:pt-[3px]\">\n<div class=\"markdown prose w-full break-words dark:prose-invert dark\">\n<p data-start=\"245\" data-end=\"652\">Questo <strong>tergipavimento alimentare<\/strong> da <strong data-start=\"272\" data-end=\"281\">45 cm<\/strong> \u00e8 chiaramente il tipo di strumento che si adotta rapidamente\u2026 e non si lascia pi\u00f9. \u00c8 stato progettato per rendere la pulizia dei pavimenti pi\u00f9 semplice, pi\u00f9 veloce e soprattutto pi\u00f9 efficace negli ambienti professionali. Grazie alla sua <strong>lama in schiuma bianca<\/strong>, scivola facilmente sul pavimento e raccoglie acqua, liquidi o residui senza lasciare tracce.  <\/p>\n<p data-start=\"654\" data-end=\"1014\">Ci\u00f2 che fa la differenza \u00e8 proprio questa <strong>schiuma morbida ma resistente<\/strong>. Si adatta alle irregolarit\u00e0 del pavimento, consentendo di pulire in un solo passaggio, anche nelle zone pi\u00f9 difficili. Che sia in cucine professionali, laboratori, nell&#8217;industria alimentare o in aree di preparazione, garantisce un risultato impeccabile, senza sforzi inutili.  <\/p>\n<p data-start=\"1016\" data-end=\"1414\">Il suo formato da <strong data-start=\"1027\" data-end=\"1036\">45 cm<\/strong> offre un buon compromesso: abbastanza largo per coprire rapidamente una grande superficie, ma sufficientemente maneggevole per rimanere preciso negli spazi pi\u00f9 stretti. Inoltre, il suo supporto solido garantisce una buona tenuta nel tempo, anche in caso di uso intensivo. Si fissa facilmente su un <strong>manico compatibile<\/strong>, consentendo una presa comoda e un gesto naturale.  <\/p>\n<p data-start=\"1416\" data-end=\"1677\">Ogni giorno, questo <strong>tergipavimento<\/strong> ti fa risparmiare tempo, riduce la fatica e migliora chiaramente l&#8217;igiene dei pavimenti. \u00c8 uno strumento semplice, efficace e affidabile, perfettamente adatto alle esigenze dei professionisti che cercano attrezzature pratiche e durevoli. <\/p>\n<h3><\/h3>\n<\/div>\n<\/div>\n<\/div>\n<\/div>\n<p><!--more--><\/p>\n<h4>Vantaggi:<\/h4>\n<ul>\n<li data-start=\"1705\" data-end=\"1748\"><strong>Lama in schiuma<\/strong> <strong>bianca<\/strong> flessibile ed efficace.<\/li>\n<li data-start=\"1751\" data-end=\"1798\"><strong>Larghezza 45 cm<\/strong> ideale per una pulizia rapida.<\/li>\n<li data-start=\"1801\" data-end=\"1834\">Adatto agli standard alimentari.<\/li>\n<li data-start=\"1837\" data-end=\"1875\">Eccellente recupero dei liquidi.<\/li>\n<li data-start=\"1878\" data-end=\"1914\">Uso confortevole e preciso.<\/li>\n<li data-start=\"1917\" data-end=\"1961\">Adatto ad ambienti professionali.<\/li>\n<\/ul>\n<p>&nbsp;<\/p>\n<p><!--more--><\/p>\n<h4>Altre informazioni:<\/h4>\n<ul>\n<li><strong>Confezionamento<\/strong>: Venduto singolarmente<\/li>\n<li><strong>Lunghezza<\/strong>: 45 cm<\/li>\n<li><b>Colore: <\/b>Bianco<\/li>\n<li><strong>Utilizzo<\/strong>: Alimentare<\/li>\n<\/ul>\n<p>&nbsp;<\/p>\n<p><!--more--><\/p>\n<p><a href=\"\/?product_cat=raclette\">Consulta il resto della nostra gamma di tergipavimenti<\/a><\/p>\n","protected":false},"excerpt":{"rendered":"<p>Tergipavimento alimentare Descrizione del nostro tergipavimento alimentare in schiuma bianca da 45 cm<\/p>\n","protected":false},"featured_media":268382,"template":"","meta":{"_acf_changed":false},"product_brand":[],"product_cat":[10356,10366,10367],"product_tag":[],"class_list":{"0":"post-268381","1":"product","2":"type-product","3":"status-publish","4":"has-post-thumbnail","6":"product_cat-igiene-e-manutenzione","7":"product_cat-spazzole-e-scope","8":"product_cat-racchette-tergivetro","10":"first","11":"instock","12":"taxable","13":"shipping-taxable","14":"purchasable","15":"product-type-simple"},"acf":[],"yoast_head":"<!-- This site is optimized with the Yoast SEO Premium plugin v26.6 (Yoast SEO v26.6) - https:\/\/yoast.com\/wordpress\/plugins\/seo\/ -->\n<title>Tergipavimento Alimentare in Schiuma Bianca 45 cm<\/title>\n<meta name=\"description\" content=\"Il tergipavimento alimentare in schiuma bianca da 45 cm assicura una pulizia igienica ed efficace dei pavimenti negli ambienti alimentari.\" \/>\n<meta name=\"robots\" content=\"index, follow, max-snippet:-1, max-image-preview:large, max-video-preview:-1\" \/>\n<link rel=\"canonical\" href=\"https:\/\/www.csj-emballages.com\/it\/produit\/tergipavimento-alimentare-in-schiuma-bianca-45-cm\/\" \/>\n<meta property=\"og:locale\" content=\"it_IT\" \/>\n<meta property=\"og:type\" content=\"article\" \/>\n<meta property=\"og:title\" content=\"Tergipavimento alimentare in schiuma bianca 45 cm\" \/>\n<meta property=\"og:description\" content=\"Il tergipavimento alimentare in schiuma bianca da 45 cm assicura una pulizia igienica ed efficace dei pavimenti negli ambienti alimentari.\" \/>\n<meta property=\"og:url\" content=\"https:\/\/www.csj-emballages.com\/it\/produit\/tergipavimento-alimentare-in-schiuma-bianca-45-cm\/\" \/>\n<meta property=\"og:site_name\" content=\"CSJ Emballages\" \/>\n<meta property=\"article:publisher\" content=\"https:\/\/www.facebook.com\/csjemballages\" \/>\n<meta property=\"article:modified_time\" content=\"2026-04-18T00:11:16+00:00\" \/>\n<meta property=\"og:image\" content=\"https:\/\/www.csj-emballages.com\/wp-content\/uploads\/2024\/03\/127C.webp\" \/>\n\t<meta property=\"og:image:width\" content=\"800\" \/>\n\t<meta property=\"og:image:height\" content=\"800\" \/>\n\t<meta property=\"og:image:type\" content=\"image\/webp\" \/>\n<meta name=\"twitter:card\" content=\"summary_large_image\" \/>\n<meta name=\"twitter:label1\" content=\"Dur\u00e9e de lecture estim\u00e9e\" \/>\n\t<meta name=\"twitter:data1\" content=\"1 minuto\" \/>\n<script type=\"application\/ld+json\" class=\"yoast-schema-graph\">{\"@context\":\"https:\/\/schema.org\",\"@graph\":[{\"@type\":\"WebPage\",\"@id\":\"https:\/\/www.csj-emballages.com\/it\/produit\/tergipavimento-alimentare-in-schiuma-bianca-45-cm\/\",\"url\":\"https:\/\/www.csj-emballages.com\/it\/produit\/tergipavimento-alimentare-in-schiuma-bianca-45-cm\/\",\"name\":\"Tergipavimento Alimentare in Schiuma Bianca 45 cm\",\"isPartOf\":{\"@id\":\"https:\/\/www.csj-emballages.com\/it\/#website\"},\"primaryImageOfPage\":{\"@id\":\"https:\/\/www.csj-emballages.com\/it\/produit\/tergipavimento-alimentare-in-schiuma-bianca-45-cm\/#primaryimage\"},\"image\":{\"@id\":\"https:\/\/www.csj-emballages.com\/it\/produit\/tergipavimento-alimentare-in-schiuma-bianca-45-cm\/#primaryimage\"},\"thumbnailUrl\":\"https:\/\/www.csj-emballages.com\/wp-content\/uploads\/2024\/03\/127C.webp\",\"datePublished\":\"2024-03-01T15:59:23+00:00\",\"dateModified\":\"2026-04-18T00:11:16+00:00\",\"description\":\"Il tergipavimento alimentare in schiuma bianca da 45 cm assicura una pulizia igienica ed efficace dei pavimenti negli ambienti alimentari.\",\"breadcrumb\":{\"@id\":\"https:\/\/www.csj-emballages.com\/it\/produit\/tergipavimento-alimentare-in-schiuma-bianca-45-cm\/#breadcrumb\"},\"inLanguage\":\"it-IT\",\"potentialAction\":[{\"@type\":\"ReadAction\",\"target\":[\"https:\/\/www.csj-emballages.com\/it\/produit\/tergipavimento-alimentare-in-schiuma-bianca-45-cm\/\"]}]},{\"@type\":\"ImageObject\",\"inLanguage\":\"it-IT\",\"@id\":\"https:\/\/www.csj-emballages.com\/it\/produit\/tergipavimento-alimentare-in-schiuma-bianca-45-cm\/#primaryimage\",\"url\":\"https:\/\/www.csj-emballages.com\/wp-content\/uploads\/2024\/03\/127C.webp\",\"contentUrl\":\"https:\/\/www.csj-emballages.com\/wp-content\/uploads\/2024\/03\/127C.webp\",\"width\":800,\"height\":800,\"caption\":\"Raclette alimentaire\"},{\"@type\":\"BreadcrumbList\",\"@id\":\"https:\/\/www.csj-emballages.com\/it\/produit\/tergipavimento-alimentare-in-schiuma-bianca-45-cm\/#breadcrumb\",\"itemListElement\":[{\"@type\":\"ListItem\",\"position\":1,\"name\":\"Home\",\"item\":\"https:\/\/www.csj-emballages.com\/it\/universo-imballaggi-alimentari\/\"},{\"@type\":\"ListItem\",\"position\":2,\"name\":\"Negozio\",\"item\":\"https:\/\/www.csj-emballages.com\/it\/negozio\/\"},{\"@type\":\"ListItem\",\"position\":3,\"name\":\"Tergipavimento alimentare in schiuma bianca 45 cm\"}]},{\"@type\":\"WebSite\",\"@id\":\"https:\/\/www.csj-emballages.com\/it\/#website\",\"url\":\"https:\/\/www.csj-emballages.com\/it\/\",\"name\":\"CSJ Emballages\",\"description\":\"\",\"publisher\":{\"@id\":\"https:\/\/www.csj-emballages.com\/it\/#organization\"},\"potentialAction\":[{\"@type\":\"SearchAction\",\"target\":{\"@type\":\"EntryPoint\",\"urlTemplate\":\"https:\/\/www.csj-emballages.com\/it\/?s={search_term_string}\"},\"query-input\":{\"@type\":\"PropertyValueSpecification\",\"valueRequired\":true,\"valueName\":\"search_term_string\"}}],\"inLanguage\":\"it-IT\"},{\"@type\":\"Organization\",\"@id\":\"https:\/\/www.csj-emballages.com\/it\/#Organization\/\",\"name\":\"CSJ Emballages\",\"url\":\"https:\/\/www.csj-emballages.com\/it\/\",\"logo\":{\"@type\":\"ImageObject\",\"inLanguage\":\"it-IT\",\"@id\":\"https:\/\/www.csj-emballages.com\/it\/#\/schema\/logo\/image\/\",\"url\":\"https:\/\/www.csj-emballages.com\/wp-content\/uploads\/2023\/10\/logo_csj.webp\",\"contentUrl\":\"https:\/\/www.csj-emballages.com\/wp-content\/uploads\/2023\/10\/logo_csj.webp\",\"width\":250,\"height\":95,\"caption\":\"CSJ Emballages\"},\"image\":{\"@id\":\"https:\/\/www.csj-emballages.com\/it\/#\/schema\/logo\/image\/\"},\"sameAs\":[\"https:\/\/www.facebook.com\/csjemballages\"],\"address\":{\"@type\":\"PostalAddress\",\"streetAddress\":\"ZI La Lechere\",\"addressLocality\":\"Patornay\",\"postalCode\":\"39130\",\"addressCountry\":\"FR\"},\"contactPoint\":[{\"@type\":\"ContactPoint\",\"contactType\":\"Service client\",\"telephone\":\"0384254272\",\"email\":\"contact@csj-emballages.com\"}]}]}<\/script>\n<!-- \/ Yoast SEO Premium plugin. -->","yoast_head_json":{"title":"Tergipavimento Alimentare in Schiuma Bianca 45 cm","description":"Il tergipavimento alimentare in schiuma bianca da 45 cm assicura una pulizia igienica ed efficace dei pavimenti negli ambienti alimentari.","robots":{"index":"index","follow":"follow","max-snippet":"max-snippet:-1","max-image-preview":"max-image-preview:large","max-video-preview":"max-video-preview:-1"},"canonical":"https:\/\/www.csj-emballages.com\/it\/produit\/tergipavimento-alimentare-in-schiuma-bianca-45-cm\/","og_locale":"it_IT","og_type":"article","og_title":"Tergipavimento alimentare in schiuma bianca 45 cm","og_description":"Il tergipavimento alimentare in schiuma bianca da 45 cm assicura una pulizia igienica ed efficace dei pavimenti negli ambienti alimentari.","og_url":"https:\/\/www.csj-emballages.com\/it\/produit\/tergipavimento-alimentare-in-schiuma-bianca-45-cm\/","og_site_name":"CSJ Emballages","article_publisher":"https:\/\/www.facebook.com\/csjemballages","article_modified_time":"2026-04-18T00:11:16+00:00","og_image":[{"width":800,"height":800,"url":"https:\/\/www.csj-emballages.com\/wp-content\/uploads\/2024\/03\/127C.webp","type":"image\/webp"}],"twitter_card":"summary_large_image","twitter_misc":{"Dur\u00e9e de lecture estim\u00e9e":"1 minuto"},"schema":{"@context":"https:\/\/schema.org","@graph":[{"@type":"WebPage","@id":"https:\/\/www.csj-emballages.com\/it\/produit\/tergipavimento-alimentare-in-schiuma-bianca-45-cm\/","url":"https:\/\/www.csj-emballages.com\/it\/produit\/tergipavimento-alimentare-in-schiuma-bianca-45-cm\/","name":"Tergipavimento Alimentare in Schiuma Bianca 45 cm","isPartOf":{"@id":"https:\/\/www.csj-emballages.com\/it\/#website"},"primaryImageOfPage":{"@id":"https:\/\/www.csj-emballages.com\/it\/produit\/tergipavimento-alimentare-in-schiuma-bianca-45-cm\/#primaryimage"},"image":{"@id":"https:\/\/www.csj-emballages.com\/it\/produit\/tergipavimento-alimentare-in-schiuma-bianca-45-cm\/#primaryimage"},"thumbnailUrl":"https:\/\/www.csj-emballages.com\/wp-content\/uploads\/2024\/03\/127C.webp","datePublished":"2024-03-01T15:59:23+00:00","dateModified":"2026-04-18T00:11:16+00:00","description":"Il tergipavimento alimentare in schiuma bianca da 45 cm assicura una pulizia igienica ed efficace dei pavimenti negli ambienti alimentari.","breadcrumb":{"@id":"https:\/\/www.csj-emballages.com\/it\/produit\/tergipavimento-alimentare-in-schiuma-bianca-45-cm\/#breadcrumb"},"inLanguage":"it-IT","potentialAction":[{"@type":"ReadAction","target":["https:\/\/www.csj-emballages.com\/it\/produit\/tergipavimento-alimentare-in-schiuma-bianca-45-cm\/"]}]},{"@type":"ImageObject","inLanguage":"it-IT","@id":"https:\/\/www.csj-emballages.com\/it\/produit\/tergipavimento-alimentare-in-schiuma-bianca-45-cm\/#primaryimage","url":"https:\/\/www.csj-emballages.com\/wp-content\/uploads\/2024\/03\/127C.webp","contentUrl":"https:\/\/www.csj-emballages.com\/wp-content\/uploads\/2024\/03\/127C.webp","width":800,"height":800,"caption":"Raclette alimentaire"},{"@type":"BreadcrumbList","@id":"https:\/\/www.csj-emballages.com\/it\/produit\/tergipavimento-alimentare-in-schiuma-bianca-45-cm\/#breadcrumb","itemListElement":[{"@type":"ListItem","position":1,"name":"Home","item":"https:\/\/www.csj-emballages.com\/it\/universo-imballaggi-alimentari\/"},{"@type":"ListItem","position":2,"name":"Negozio","item":"https:\/\/www.csj-emballages.com\/it\/negozio\/"},{"@type":"ListItem","position":3,"name":"Tergipavimento alimentare in schiuma bianca 45 cm"}]},{"@type":"WebSite","@id":"https:\/\/www.csj-emballages.com\/it\/#website","url":"https:\/\/www.csj-emballages.com\/it\/","name":"CSJ Emballages","description":"","publisher":{"@id":"https:\/\/www.csj-emballages.com\/it\/#organization"},"potentialAction":[{"@type":"SearchAction","target":{"@type":"EntryPoint","urlTemplate":"https:\/\/www.csj-emballages.com\/it\/?s={search_term_string}"},"query-input":{"@type":"PropertyValueSpecification","valueRequired":true,"valueName":"search_term_string"}}],"inLanguage":"it-IT"},{"@type":"Organization","@id":"https:\/\/www.csj-emballages.com\/it\/#Organization\/","name":"CSJ Emballages","url":"https:\/\/www.csj-emballages.com\/it\/","logo":{"@type":"ImageObject","inLanguage":"it-IT","@id":"https:\/\/www.csj-emballages.com\/it\/#\/schema\/logo\/image\/","url":"https:\/\/www.csj-emballages.com\/wp-content\/uploads\/2023\/10\/logo_csj.webp","contentUrl":"https:\/\/www.csj-emballages.com\/wp-content\/uploads\/2023\/10\/logo_csj.webp","width":250,"height":95,"caption":"CSJ Emballages"},"image":{"@id":"https:\/\/www.csj-emballages.com\/it\/#\/schema\/logo\/image\/"},"sameAs":["https:\/\/www.facebook.com\/csjemballages"],"address":{"@type":"PostalAddress","streetAddress":"ZI La Lechere","addressLocality":"Patornay","postalCode":"39130","addressCountry":"FR"},"contactPoint":[{"@type":"ContactPoint","contactType":"Service client","telephone":"0384254272","email":"contact@csj-emballages.com"}]}]}},"df_price":7.24,"df_sale_price":"","df_regular_price":7.24,"df_image_link":"https:\/\/www.csj-emballages.com\/wp-content\/uploads\/2024\/03\/127C-300x300.webp","tiered_pricing_type":"fixed","tiered_pricing_fixed_rules":[],"tiered_pricing_percentage_rules":[],"tiered_pricing_minimum":1,"tiered_pricing_roles_data":[],"_links":{"self":[{"href":"https:\/\/www.csj-emballages.com\/it\/wp-json\/wp\/v2\/product\/268381","targetHints":{"allow":["GET"]}}],"collection":[{"href":"https:\/\/www.csj-emballages.com\/it\/wp-json\/wp\/v2\/product"}],"about":[{"href":"https:\/\/www.csj-emballages.com\/it\/wp-json\/wp\/v2\/types\/product"}],"wp:featuredmedia":[{"embeddable":true,"href":"https:\/\/www.csj-emballages.com\/it\/wp-json\/wp\/v2\/media\/268382"}],"wp:attachment":[{"href":"https:\/\/www.csj-emballages.com\/it\/wp-json\/wp\/v2\/media?parent=268381"}],"wp:term":[{"taxonomy":"product_brand","embeddable":true,"href":"https:\/\/www.csj-emballages.com\/it\/wp-json\/wp\/v2\/product_brand?post=268381"},{"taxonomy":"product_cat","embeddable":true,"href":"https:\/\/www.csj-emballages.com\/it\/wp-json\/wp\/v2\/product_cat?post=268381"},{"taxonomy":"product_tag","embeddable":true,"href":"https:\/\/www.csj-emballages.com\/it\/wp-json\/wp\/v2\/product_tag?post=268381"}],"curies":[{"name":"wp","href":"https:\/\/api.w.org\/{rel}","templated":true}]}}