{"id":268374,"date":"2024-03-01T16:59:23","date_gmt":"2024-03-01T15:59:23","guid":{"rendered":"https:\/\/www.csj-emballages.com\/produit\/stecchino-cottura-carne-al-sangue-da-100\/"},"modified":"2026-04-09T02:10:59","modified_gmt":"2026-04-09T00:10:59","slug":"stecchino-cottura-carne-al-sangue-da-100","status":"publish","type":"product","link":"https:\/\/www.csj-emballages.com\/it\/produit\/stecchino-cottura-carne-al-sangue-da-100\/","title":{"rendered":"Stecchino cottura carne &#8216;al sangue&#8217; da 100"},"content":{"rendered":"<h2 class=\"p1\">Stecchino cottura carne<\/h2>\n<hr>\n<h3>Descrizione del nostro stecchino cottura carne &#8216;al sangue&#8217; da 100<\/h3>\n<p><!--more--><\/p>\n<p data-start=\"224\" data-end=\"657\">Lo <strong>stecchino cottura carne &#8220;Al sangue&#8221;<\/strong> \u00e8 un accessorio indispensabile per i professionisti della <strong>ristorazione, delle arti culinarie e del catering<\/strong> che desiderano garantire una cottura precisa e facilmente <strong>identificabile delle carni<\/strong>. Infatti, progettato per essere inserito direttamente nel <strong>pezzo di carne dopo la cottura<\/strong>, questo stecchino permette di indicare chiaramente il livello di cottura &#8220;<strong>al sangue<\/strong>&#8220;, evitando qualsiasi confusione durante il servizio. <\/p>\n<p data-start=\"659\" data-end=\"1114\">Semplice, pratico ed efficace, questo sistema di <strong>identificazione visiva<\/strong> \u00e8 particolarmente utile in <strong>cucina professionale<\/strong> dove vengono realizzate pi\u00f9 cotture simultaneamente. Allo stesso modo, permette un notevole risparmio di tempo limitando gli <strong>errori e i ritorni in cucina<\/strong>, garantendo al contempo una migliore organizzazione della postazione di cottura. Grazie alla sua marcatura leggibile, il livello di cottura \u00e8 identificabile a colpo d&#8217;occhio.  <\/p>\n<p data-start=\"1116\" data-end=\"1485\">Realizzato in materiale resistente al calore, lo <strong>stecchino cottura<\/strong> \u00e8 adatto al calore della carne dopo la cottura. Inoltre, conserva la sua forma e leggibilit\u00e0 per tutto il servizio. Grazie al suo formato ridotto si inserisce facilmente senza alterare l&#8217;aspetto n\u00e9 la qualit\u00e0 della carne.  <\/p>\n<p data-start=\"1487\" data-end=\"1795\">Confezionato in <strong>confezioni da 100 unit\u00e0<\/strong>, questo prodotto \u00e8 perfettamente adatto a un uso intensivo in ristorante. In sintesi, si inserisce in un approccio di efficienza e professionalit\u00e0, garantendo un&#8217;esperienza cliente ottimale grazie al rispetto preciso delle preferenze di cottura. <\/p>\n<p data-start=\"1487\" data-end=\"1795\">\n<p data-start=\"1487\" data-end=\"1795\"><!--more--><\/p>\n<p data-start=\"1487\" data-end=\"1795\"><strong><span style=\"color: #ff0000;\">*Attenzione questo stecchino non si utilizza durante la cottura della carne<\/span><\/strong><\/p>\n<p>&nbsp;<\/p>\n<p><!--more--><\/p>\n<p><strong>Vantaggi:<\/strong><\/p>\n<ul>\n<li data-start=\"585\" data-end=\"672\">Grazie alla sua marcatura, permette di identificare immediatamente la cottura delle carni.<\/li>\n<li data-start=\"673\" data-end=\"766\">In legno adatto al contatto alimentare e al calore.<\/li>\n<li data-start=\"767\" data-end=\"870\">Ideale per cucine, grill e servizi di ristorazione.<\/li>\n<li data-start=\"871\" data-end=\"948\" data-is-last-node=\"\"><strong>Confezione da 100<\/strong> per un utilizzo in volume.<\/li>\n<\/ul>\n<p>&nbsp;<\/p>\n<p><!--more--><\/p>\n<h4>Altre informazioni:<\/h4>\n<ul>\n<li><strong>Confezione<\/strong>: pacco da 100<\/li>\n<li><strong>Dimensioni<\/strong>: 80 mm<\/li>\n<li><strong>Materiale<\/strong>: Legno<\/li>\n<li><strong>Colore<\/strong>: Rosso<\/li>\n<\/ul>\n<p>&nbsp;<\/p>\n<p><!--more--><\/p>\n<p>Questo prodotto esiste anche in: <span style=\"color: #d12727;\"><a style=\"color: #d12727;\" href=\"https:\/\/www.csj-emballages.com\/produit\/100-piques-cuisson-viande-bien-cuit\/\">Ben cotto<\/a><\/span> \/ <span style=\"color: #d12727;\"><a style=\"color: #d12727;\" href=\"https:\/\/www.csj-emballages.com\/produit\/100-piques-cuisson-viande-a-point\/\">A punto<\/a><\/span> \/ <span style=\"color: #d12727;\"><a style=\"color: #d12727;\" href=\"https:\/\/www.csj-emballages.com\/it\/produit\/spiedini-per-cottura-carne-bleu-da-100\/\">Blu<\/a><\/span><\/p>\n<p>&nbsp;<\/p>\n<p><!--more--><\/p>\n<p><a href=\"https:\/\/www.csj-emballages.com\/it\/categorie-produit\/stecchini-per-aperitivo\/spiedini-da-aperitivo-in-legno\/\">Consulta il resto della nostra gamma di stecchini in legno<\/a><\/p>\n","protected":false},"excerpt":{"rendered":"<p>Stecchino cottura carne Descrizione del nostro stecchino cottura carne &#8216;al sangue&#8217; da 100<\/p>\n","protected":false},"featured_media":268378,"template":"","meta":{"_acf_changed":false},"product_brand":[],"product_cat":[10381,10436,10514,10515],"product_tag":[],"class_list":{"0":"post-268374","1":"product","2":"type-product","3":"status-publish","4":"has-post-thumbnail","6":"product_cat-macelleria-gastronomia-ortofrutta","7":"product_cat-coppe-vasetti-verrine","8":"product_cat-stecchini-per-aperitivo","9":"product_cat-spiedini-da-aperitivo-in-legno","11":"first","12":"instock","13":"taxable","14":"shipping-taxable","15":"purchasable","16":"product-type-simple"},"acf":[],"yoast_head":"<!-- This site is optimized with the Yoast SEO Premium plugin v26.6 (Yoast SEO v26.6) - https:\/\/yoast.com\/wordpress\/plugins\/seo\/ -->\n<title>Stecchino Cottura Carne &#039;Al Sangue&#039; da 100<\/title>\n<meta name=\"description\" content=\"Facilita il servizio con gli stecchini cottura carne &#039;al sangue&#039; (confezione da 100). Contrassegna le tue carni per un&#039;identificazione rapida e un servizio preciso.\" \/>\n<meta name=\"robots\" content=\"index, follow, max-snippet:-1, max-image-preview:large, max-video-preview:-1\" \/>\n<link rel=\"canonical\" href=\"https:\/\/www.csj-emballages.com\/it\/produit\/stecchino-cottura-carne-al-sangue-da-100\/\" \/>\n<meta property=\"og:locale\" content=\"it_IT\" \/>\n<meta property=\"og:type\" content=\"article\" \/>\n<meta property=\"og:title\" content=\"Stecchino cottura carne &#039;al sangue&#039; da 100\" \/>\n<meta property=\"og:description\" content=\"Facilita il servizio con gli stecchini cottura carne &#039;al sangue&#039; (confezione da 100). Contrassegna le tue carni per un&#039;identificazione rapida e un servizio preciso.\" \/>\n<meta property=\"og:url\" content=\"https:\/\/www.csj-emballages.com\/it\/produit\/stecchino-cottura-carne-al-sangue-da-100\/\" \/>\n<meta property=\"og:site_name\" content=\"CSJ Emballages\" \/>\n<meta property=\"article:publisher\" content=\"https:\/\/www.facebook.com\/csjemballages\" \/>\n<meta property=\"article:modified_time\" content=\"2026-04-09T00:10:59+00:00\" \/>\n<meta property=\"og:image\" content=\"https:\/\/www.csj-emballages.com\/wp-content\/uploads\/2024\/03\/Piques-cuisson-viande-saignant-png.webp\" \/>\n\t<meta property=\"og:image:width\" content=\"800\" \/>\n\t<meta property=\"og:image:height\" content=\"800\" \/>\n\t<meta property=\"og:image:type\" content=\"image\/png\" \/>\n<meta name=\"twitter:card\" content=\"summary_large_image\" \/>\n<meta name=\"twitter:label1\" content=\"Dur\u00e9e de lecture estim\u00e9e\" \/>\n\t<meta name=\"twitter:data1\" content=\"1 minuto\" \/>\n<script type=\"application\/ld+json\" class=\"yoast-schema-graph\">{\"@context\":\"https:\/\/schema.org\",\"@graph\":[{\"@type\":\"WebPage\",\"@id\":\"https:\/\/www.csj-emballages.com\/it\/produit\/stecchino-cottura-carne-al-sangue-da-100\/\",\"url\":\"https:\/\/www.csj-emballages.com\/it\/produit\/stecchino-cottura-carne-al-sangue-da-100\/\",\"name\":\"Stecchino Cottura Carne 'Al Sangue' da 100\",\"isPartOf\":{\"@id\":\"https:\/\/www.csj-emballages.com\/it\/#website\"},\"primaryImageOfPage\":{\"@id\":\"https:\/\/www.csj-emballages.com\/it\/produit\/stecchino-cottura-carne-al-sangue-da-100\/#primaryimage\"},\"image\":{\"@id\":\"https:\/\/www.csj-emballages.com\/it\/produit\/stecchino-cottura-carne-al-sangue-da-100\/#primaryimage\"},\"thumbnailUrl\":\"https:\/\/www.csj-emballages.com\/wp-content\/uploads\/2024\/03\/Piques-cuisson-viande-saignant-png.webp\",\"datePublished\":\"2024-03-01T15:59:23+00:00\",\"dateModified\":\"2026-04-09T00:10:59+00:00\",\"description\":\"Facilita il servizio con gli stecchini cottura carne 'al sangue' (confezione da 100). Contrassegna le tue carni per un'identificazione rapida e un servizio preciso.\",\"breadcrumb\":{\"@id\":\"https:\/\/www.csj-emballages.com\/it\/produit\/stecchino-cottura-carne-al-sangue-da-100\/#breadcrumb\"},\"inLanguage\":\"it-IT\",\"potentialAction\":[{\"@type\":\"ReadAction\",\"target\":[\"https:\/\/www.csj-emballages.com\/it\/produit\/stecchino-cottura-carne-al-sangue-da-100\/\"]}]},{\"@type\":\"ImageObject\",\"inLanguage\":\"it-IT\",\"@id\":\"https:\/\/www.csj-emballages.com\/it\/produit\/stecchino-cottura-carne-al-sangue-da-100\/#primaryimage\",\"url\":\"https:\/\/www.csj-emballages.com\/wp-content\/uploads\/2024\/03\/Piques-cuisson-viande-saignant-png.webp\",\"contentUrl\":\"https:\/\/www.csj-emballages.com\/wp-content\/uploads\/2024\/03\/Piques-cuisson-viande-saignant-png.webp\",\"width\":800,\"height\":800,\"caption\":\"piques cuisson viande\"},{\"@type\":\"BreadcrumbList\",\"@id\":\"https:\/\/www.csj-emballages.com\/it\/produit\/stecchino-cottura-carne-al-sangue-da-100\/#breadcrumb\",\"itemListElement\":[{\"@type\":\"ListItem\",\"position\":1,\"name\":\"Home\",\"item\":\"https:\/\/www.csj-emballages.com\/it\/universo-imballaggi-alimentari\/\"},{\"@type\":\"ListItem\",\"position\":2,\"name\":\"Negozio\",\"item\":\"https:\/\/www.csj-emballages.com\/it\/negozio\/\"},{\"@type\":\"ListItem\",\"position\":3,\"name\":\"Stecchino cottura carne &lsquo;al sangue&rsquo; da 100\"}]},{\"@type\":\"WebSite\",\"@id\":\"https:\/\/www.csj-emballages.com\/it\/#website\",\"url\":\"https:\/\/www.csj-emballages.com\/it\/\",\"name\":\"CSJ Emballages\",\"description\":\"\",\"publisher\":{\"@id\":\"https:\/\/www.csj-emballages.com\/it\/#organization\"},\"potentialAction\":[{\"@type\":\"SearchAction\",\"target\":{\"@type\":\"EntryPoint\",\"urlTemplate\":\"https:\/\/www.csj-emballages.com\/it\/?s={search_term_string}\"},\"query-input\":{\"@type\":\"PropertyValueSpecification\",\"valueRequired\":true,\"valueName\":\"search_term_string\"}}],\"inLanguage\":\"it-IT\"},{\"@type\":\"Organization\",\"@id\":\"https:\/\/www.csj-emballages.com\/it\/#Organization\/\",\"name\":\"CSJ Emballages\",\"url\":\"https:\/\/www.csj-emballages.com\/it\/\",\"logo\":{\"@type\":\"ImageObject\",\"inLanguage\":\"it-IT\",\"@id\":\"https:\/\/www.csj-emballages.com\/it\/#\/schema\/logo\/image\/\",\"url\":\"https:\/\/www.csj-emballages.com\/wp-content\/uploads\/2023\/10\/logo_csj.webp\",\"contentUrl\":\"https:\/\/www.csj-emballages.com\/wp-content\/uploads\/2023\/10\/logo_csj.webp\",\"width\":250,\"height\":95,\"caption\":\"CSJ Emballages\"},\"image\":{\"@id\":\"https:\/\/www.csj-emballages.com\/it\/#\/schema\/logo\/image\/\"},\"sameAs\":[\"https:\/\/www.facebook.com\/csjemballages\"],\"address\":{\"@type\":\"PostalAddress\",\"streetAddress\":\"ZI La Lechere\",\"addressLocality\":\"Patornay\",\"postalCode\":\"39130\",\"addressCountry\":\"FR\"},\"contactPoint\":[{\"@type\":\"ContactPoint\",\"contactType\":\"Service client\",\"telephone\":\"0384254272\",\"email\":\"contact@csj-emballages.com\"}]}]}<\/script>\n<!-- \/ Yoast SEO Premium plugin. -->","yoast_head_json":{"title":"Stecchino Cottura Carne 'Al Sangue' da 100","description":"Facilita il servizio con gli stecchini cottura carne 'al sangue' (confezione da 100). Contrassegna le tue carni per un'identificazione rapida e un servizio preciso.","robots":{"index":"index","follow":"follow","max-snippet":"max-snippet:-1","max-image-preview":"max-image-preview:large","max-video-preview":"max-video-preview:-1"},"canonical":"https:\/\/www.csj-emballages.com\/it\/produit\/stecchino-cottura-carne-al-sangue-da-100\/","og_locale":"it_IT","og_type":"article","og_title":"Stecchino cottura carne 'al sangue' da 100","og_description":"Facilita il servizio con gli stecchini cottura carne 'al sangue' (confezione da 100). Contrassegna le tue carni per un'identificazione rapida e un servizio preciso.","og_url":"https:\/\/www.csj-emballages.com\/it\/produit\/stecchino-cottura-carne-al-sangue-da-100\/","og_site_name":"CSJ Emballages","article_publisher":"https:\/\/www.facebook.com\/csjemballages","article_modified_time":"2026-04-09T00:10:59+00:00","og_image":[{"width":800,"height":800,"url":"https:\/\/www.csj-emballages.com\/wp-content\/uploads\/2024\/03\/Piques-cuisson-viande-saignant-png.webp","type":"image\/png"}],"twitter_card":"summary_large_image","twitter_misc":{"Dur\u00e9e de lecture estim\u00e9e":"1 minuto"},"schema":{"@context":"https:\/\/schema.org","@graph":[{"@type":"WebPage","@id":"https:\/\/www.csj-emballages.com\/it\/produit\/stecchino-cottura-carne-al-sangue-da-100\/","url":"https:\/\/www.csj-emballages.com\/it\/produit\/stecchino-cottura-carne-al-sangue-da-100\/","name":"Stecchino Cottura Carne 'Al Sangue' da 100","isPartOf":{"@id":"https:\/\/www.csj-emballages.com\/it\/#website"},"primaryImageOfPage":{"@id":"https:\/\/www.csj-emballages.com\/it\/produit\/stecchino-cottura-carne-al-sangue-da-100\/#primaryimage"},"image":{"@id":"https:\/\/www.csj-emballages.com\/it\/produit\/stecchino-cottura-carne-al-sangue-da-100\/#primaryimage"},"thumbnailUrl":"https:\/\/www.csj-emballages.com\/wp-content\/uploads\/2024\/03\/Piques-cuisson-viande-saignant-png.webp","datePublished":"2024-03-01T15:59:23+00:00","dateModified":"2026-04-09T00:10:59+00:00","description":"Facilita il servizio con gli stecchini cottura carne 'al sangue' (confezione da 100). Contrassegna le tue carni per un'identificazione rapida e un servizio preciso.","breadcrumb":{"@id":"https:\/\/www.csj-emballages.com\/it\/produit\/stecchino-cottura-carne-al-sangue-da-100\/#breadcrumb"},"inLanguage":"it-IT","potentialAction":[{"@type":"ReadAction","target":["https:\/\/www.csj-emballages.com\/it\/produit\/stecchino-cottura-carne-al-sangue-da-100\/"]}]},{"@type":"ImageObject","inLanguage":"it-IT","@id":"https:\/\/www.csj-emballages.com\/it\/produit\/stecchino-cottura-carne-al-sangue-da-100\/#primaryimage","url":"https:\/\/www.csj-emballages.com\/wp-content\/uploads\/2024\/03\/Piques-cuisson-viande-saignant-png.webp","contentUrl":"https:\/\/www.csj-emballages.com\/wp-content\/uploads\/2024\/03\/Piques-cuisson-viande-saignant-png.webp","width":800,"height":800,"caption":"piques cuisson viande"},{"@type":"BreadcrumbList","@id":"https:\/\/www.csj-emballages.com\/it\/produit\/stecchino-cottura-carne-al-sangue-da-100\/#breadcrumb","itemListElement":[{"@type":"ListItem","position":1,"name":"Home","item":"https:\/\/www.csj-emballages.com\/it\/universo-imballaggi-alimentari\/"},{"@type":"ListItem","position":2,"name":"Negozio","item":"https:\/\/www.csj-emballages.com\/it\/negozio\/"},{"@type":"ListItem","position":3,"name":"Stecchino cottura carne &lsquo;al sangue&rsquo; da 100"}]},{"@type":"WebSite","@id":"https:\/\/www.csj-emballages.com\/it\/#website","url":"https:\/\/www.csj-emballages.com\/it\/","name":"CSJ Emballages","description":"","publisher":{"@id":"https:\/\/www.csj-emballages.com\/it\/#organization"},"potentialAction":[{"@type":"SearchAction","target":{"@type":"EntryPoint","urlTemplate":"https:\/\/www.csj-emballages.com\/it\/?s={search_term_string}"},"query-input":{"@type":"PropertyValueSpecification","valueRequired":true,"valueName":"search_term_string"}}],"inLanguage":"it-IT"},{"@type":"Organization","@id":"https:\/\/www.csj-emballages.com\/it\/#Organization\/","name":"CSJ Emballages","url":"https:\/\/www.csj-emballages.com\/it\/","logo":{"@type":"ImageObject","inLanguage":"it-IT","@id":"https:\/\/www.csj-emballages.com\/it\/#\/schema\/logo\/image\/","url":"https:\/\/www.csj-emballages.com\/wp-content\/uploads\/2023\/10\/logo_csj.webp","contentUrl":"https:\/\/www.csj-emballages.com\/wp-content\/uploads\/2023\/10\/logo_csj.webp","width":250,"height":95,"caption":"CSJ Emballages"},"image":{"@id":"https:\/\/www.csj-emballages.com\/it\/#\/schema\/logo\/image\/"},"sameAs":["https:\/\/www.facebook.com\/csjemballages"],"address":{"@type":"PostalAddress","streetAddress":"ZI La Lechere","addressLocality":"Patornay","postalCode":"39130","addressCountry":"FR"},"contactPoint":[{"@type":"ContactPoint","contactType":"Service client","telephone":"0384254272","email":"contact@csj-emballages.com"}]}]}},"df_price":1.68,"df_sale_price":"","df_regular_price":1.68,"df_image_link":"https:\/\/www.csj-emballages.com\/wp-content\/uploads\/2024\/03\/Piques-cuisson-viande-saignant-300x300.webp","tiered_pricing_type":"fixed","tiered_pricing_fixed_rules":[],"tiered_pricing_percentage_rules":[],"tiered_pricing_minimum":1,"tiered_pricing_roles_data":[],"_links":{"self":[{"href":"https:\/\/www.csj-emballages.com\/it\/wp-json\/wp\/v2\/product\/268374","targetHints":{"allow":["GET"]}}],"collection":[{"href":"https:\/\/www.csj-emballages.com\/it\/wp-json\/wp\/v2\/product"}],"about":[{"href":"https:\/\/www.csj-emballages.com\/it\/wp-json\/wp\/v2\/types\/product"}],"wp:featuredmedia":[{"embeddable":true,"href":"https:\/\/www.csj-emballages.com\/it\/wp-json\/wp\/v2\/media\/268378"}],"wp:attachment":[{"href":"https:\/\/www.csj-emballages.com\/it\/wp-json\/wp\/v2\/media?parent=268374"}],"wp:term":[{"taxonomy":"product_brand","embeddable":true,"href":"https:\/\/www.csj-emballages.com\/it\/wp-json\/wp\/v2\/product_brand?post=268374"},{"taxonomy":"product_cat","embeddable":true,"href":"https:\/\/www.csj-emballages.com\/it\/wp-json\/wp\/v2\/product_cat?post=268374"},{"taxonomy":"product_tag","embeddable":true,"href":"https:\/\/www.csj-emballages.com\/it\/wp-json\/wp\/v2\/product_tag?post=268374"}],"curies":[{"name":"wp","href":"https:\/\/api.w.org\/{rel}","templated":true}]}}