{"id":268354,"date":"2024-03-01T16:59:20","date_gmt":"2024-03-01T15:59:20","guid":{"rendered":"https:\/\/www.csj-emballages.com\/produit\/registro-acquisti-40-dupli-per-auto-imprenditore-senza-iva-297-x-210-mm-elve\/"},"modified":"2026-05-04T07:00:25","modified_gmt":"2026-05-04T05:00:25","slug":"registro-acquisti-40-dupli-per-auto-imprenditore-senza-iva-297-x-210-mm-elve","status":"publish","type":"product","link":"https:\/\/www.csj-emballages.com\/it\/produit\/registro-acquisti-40-dupli-per-auto-imprenditore-senza-iva-297-x-210-mm-elve\/","title":{"rendered":"Registro acquisti 40 dupli per auto-imprenditore senza IVA 297 x 210 mm ELVE"},"content":{"rendered":"<h2>Registro acquisti<\/h2>\n<hr>\n<h3>Descrizione del nostro registro acquisti 40 dupli per auto-imprenditore senza IVA 297 x 210 mm ELVE<\/h3>\n<p><!--more--><\/p>\n<div class=\"flex-shrink-0 flex flex-col relative items-end\">\n<div class=\"pt-0.5 juice:pt-0\">\n<div class=\"gizmo-bot-avatar flex h-6 w-6 items-center justify-center overflow-hidden rounded-full juice:h-8 juice:w-8\">\n<div class=\"relative p-1 rounded-sm flex items-center justify-center bg-token-main-surface-primary text-token-text-primary h-8 w-8\">\n<p class=\"\" data-start=\"209\" data-end=\"493\">Quando sei un <strong>auto-imprenditore<\/strong> o un <strong>micro-imprenditore<\/strong>, avere un <strong>registro acquisti<\/strong> chiaro, ben tenuto e conforme agli obblighi di legge \u00e8 fondamentale. Questo <strong data-start=\"364\" data-end=\"390\">registro acquisti ELVE<\/strong> \u00e8 stato pensato per semplificarti la gestione amministrativa quotidiana, senza sommergerti di burocrazia inutile. <\/p>\n<p class=\"\" data-start=\"495\" data-end=\"800\">Questo <strong>blocco autocopiante<\/strong> contiene <strong data-start=\"526\" data-end=\"552\">40 fogli numerati<\/strong> in duplicato, perfetti per tenere traccia delle tue spese professionali. Ogni acquisto \u00e8 facilmente tracciabile grazie alla <strong data-start=\"665\" data-end=\"686\">doppia copia<\/strong>: un originale per te, una copia per i tuoi archivi o per eventuali controlli futuri. I fogli sono realizzati con cura:  <\/p>\n<ul data-start=\"801\" data-end=\"1031\">\n<li class=\"\" data-start=\"801\" data-end=\"911\">\n<p class=\"\" data-start=\"803\" data-end=\"911\">Il <strong data-start=\"806\" data-end=\"827\">1\u00b0 foglio (CB)<\/strong> \u00e8 in carta da 56 g\/m\u00b2, stampato in blu per una scrittura nitida e professionale.<\/p>\n<\/li>\n<li class=\"\" data-start=\"912\" data-end=\"1031\">\n<p class=\"\" data-start=\"914\" data-end=\"1031\">Il <strong data-start=\"917\" data-end=\"937\">2\u00b0 foglio (CF)<\/strong>, in carta da 57 g\/m\u00b2, \u00e8 stampato in rosso, per distinguere chiaramente la copia dall\u2019originale.<\/p>\n<\/li>\n<\/ul>\n<p class=\"\" data-start=\"1033\" data-end=\"1201\">Questo formato <strong data-start=\"1043\" data-end=\"1064\">A4 (297 x 210 mm)<\/strong> \u00e8 ideale per scrivere comodamente, e la rilegatura \u00e8 robusta, cos\u00ec il blocco dura nel tempo anche con un uso regolare.<\/p>\n<p class=\"\" data-start=\"1203\" data-end=\"1504\">Senza IVA, questo <strong>registro acquisti<\/strong> \u00e8 conforme ai regimi degli auto-imprenditori e delle micro-imprese, permettendoti di restare in regola con la contabilit\u00e0 semplificata. \u00c8 uno strumento indispensabile per <strong data-start=\"1404\" data-end=\"1443\">giustificare i tuoi acquisti professionali<\/strong>, mantenere una traccia pulita e organizzata ed evitare dimenticanze. <\/p>\n<p data-start=\"1203\" data-end=\"1504\">\n<\/div>\n<\/div>\n<\/div>\n<\/div>\n<p><!--more--><\/p>\n<p><strong>I loro vantaggi:<\/strong><\/p>\n<ul>\n<li>40 fogli numerati in duplicato.<\/li>\n<li>Fogli autocopianti con inchiostri distinti (blu\/rosso).<\/li>\n<li>Carta leggera ma resistente (56 g e 57 g).<\/li>\n<li>Formato A4 pratico per prendere appunti.<\/li>\n<li>Conforme agli obblighi di legge per gli auto-imprenditori.<\/li>\n<li>Ideale per tenere traccia delle tue spese senza IVA.<\/li>\n<\/ul>\n<p>&nbsp;<\/p>\n<p><!--more--><\/p>\n<h4>Altre informazioni:<\/h4>\n<ul>\n<li><strong>Confezionamento<\/strong>: Venduto singolarmente<\/li>\n<li><strong>Dimensioni<\/strong>: 297 x 210 (L x l in mm).<\/li>\n<li><strong>Numero di pagine<\/strong>: 40 dupli<\/li>\n<li><strong>Materiale<\/strong>: Carta<\/li>\n<\/ul>\n<p>&nbsp;<\/p>\n<p><!--more--><\/p>\n<p>Trova qui il nostro blocco entrate\/uscite: <span style=\"color: #d12727\"><a style=\"color: #d12727\" href=\"https:\/\/www.csj-emballages.com\/it\/produit\/quaderno-entrate-uscite-220-x-170-mm-elve\/\">1329<\/a><\/span><\/p>\n<p>&nbsp;<\/p>\n<p><!--more--><\/p>\n<p><a href=\"https:\/\/www.csj-emballages.com\/it\/categorie-produit\/imballaggi-alimentari\/boutique-e-negozio\/cartoleria-e-piccole-forniture\/blocchetti\/\">Consulta il resto della nostra gamma di blocchi<\/a><\/p>\n","protected":false},"excerpt":{"rendered":"<p>Registro acquisti Descrizione del nostro registro acquisti 40 dupli per auto-imprenditore senza IVA 297 x 210 mm ELVE<\/p>\n","protected":false},"featured_media":268358,"template":"","meta":{"_acf_changed":false},"product_brand":[],"product_cat":[10345,10352,10353],"product_tag":[],"class_list":{"0":"post-268354","1":"product","2":"type-product","3":"status-publish","4":"has-post-thumbnail","6":"product_cat-boutique-e-negozio","7":"product_cat-cartoleria-e-piccole-forniture","8":"product_cat-blocchi-fatture-fatturieri","10":"first","11":"instock","12":"taxable","13":"shipping-taxable","14":"purchasable","15":"product-type-simple"},"acf":[],"yoast_head":"<!-- This site is optimized with the Yoast SEO Premium plugin v26.6 (Yoast SEO v26.6) - https:\/\/yoast.com\/wordpress\/plugins\/seo\/ -->\n<title>Registro acquisti 40 dupli per auto-imprenditore senza IVA<\/title>\n<meta name=\"description\" content=\"Registro acquisti ELVE per auto-imprenditori senza IVA \u2013 40 duplicati formato A4 \u2013 blocco autocopiante ideale per una contabilit\u00e0 chiara e semplice.\" \/>\n<meta name=\"robots\" content=\"index, follow, max-snippet:-1, max-image-preview:large, max-video-preview:-1\" \/>\n<link rel=\"canonical\" href=\"https:\/\/www.csj-emballages.com\/it\/produit\/registro-acquisti-40-dupli-per-auto-imprenditore-senza-iva-297-x-210-mm-elve\/\" \/>\n<meta property=\"og:locale\" content=\"it_IT\" \/>\n<meta property=\"og:type\" content=\"article\" \/>\n<meta property=\"og:title\" content=\"Registro acquisti 40 dupli per auto-imprenditore senza IVA 297 x 210 mm ELVE\" \/>\n<meta property=\"og:description\" content=\"Registro acquisti ELVE per auto-imprenditori senza IVA \u2013 40 duplicati formato A4 \u2013 blocco autocopiante ideale per una contabilit\u00e0 chiara e semplice.\" \/>\n<meta property=\"og:url\" content=\"https:\/\/www.csj-emballages.com\/it\/produit\/registro-acquisti-40-dupli-per-auto-imprenditore-senza-iva-297-x-210-mm-elve\/\" \/>\n<meta property=\"og:site_name\" content=\"CSJ Emballages\" \/>\n<meta property=\"article:publisher\" content=\"https:\/\/www.facebook.com\/csjemballages\" \/>\n<meta property=\"article:modified_time\" content=\"2026-05-04T05:00:25+00:00\" \/>\n<meta property=\"og:image\" content=\"https:\/\/www.csj-emballages.com\/wp-content\/uploads\/2024\/03\/19546.webp\" \/>\n\t<meta property=\"og:image:width\" content=\"800\" \/>\n\t<meta property=\"og:image:height\" content=\"800\" \/>\n\t<meta property=\"og:image:type\" content=\"image\/webp\" \/>\n<meta name=\"twitter:card\" content=\"summary_large_image\" \/>\n<meta name=\"twitter:label1\" content=\"Dur\u00e9e de lecture estim\u00e9e\" \/>\n\t<meta name=\"twitter:data1\" content=\"1 minuto\" \/>\n<script type=\"application\/ld+json\" class=\"yoast-schema-graph\">{\"@context\":\"https:\/\/schema.org\",\"@graph\":[{\"@type\":\"WebPage\",\"@id\":\"https:\/\/www.csj-emballages.com\/it\/produit\/registro-acquisti-40-dupli-per-auto-imprenditore-senza-iva-297-x-210-mm-elve\/\",\"url\":\"https:\/\/www.csj-emballages.com\/it\/produit\/registro-acquisti-40-dupli-per-auto-imprenditore-senza-iva-297-x-210-mm-elve\/\",\"name\":\"Registro acquisti 40 dupli per auto-imprenditore senza IVA\",\"isPartOf\":{\"@id\":\"https:\/\/www.csj-emballages.com\/it\/#website\"},\"primaryImageOfPage\":{\"@id\":\"https:\/\/www.csj-emballages.com\/it\/produit\/registro-acquisti-40-dupli-per-auto-imprenditore-senza-iva-297-x-210-mm-elve\/#primaryimage\"},\"image\":{\"@id\":\"https:\/\/www.csj-emballages.com\/it\/produit\/registro-acquisti-40-dupli-per-auto-imprenditore-senza-iva-297-x-210-mm-elve\/#primaryimage\"},\"thumbnailUrl\":\"https:\/\/www.csj-emballages.com\/wp-content\/uploads\/2024\/03\/19546.webp\",\"datePublished\":\"2024-03-01T15:59:20+00:00\",\"dateModified\":\"2026-05-04T05:00:25+00:00\",\"description\":\"Registro acquisti ELVE per auto-imprenditori senza IVA \u2013 40 duplicati formato A4 \u2013 blocco autocopiante ideale per una contabilit\u00e0 chiara e semplice.\",\"breadcrumb\":{\"@id\":\"https:\/\/www.csj-emballages.com\/it\/produit\/registro-acquisti-40-dupli-per-auto-imprenditore-senza-iva-297-x-210-mm-elve\/#breadcrumb\"},\"inLanguage\":\"it-IT\",\"potentialAction\":[{\"@type\":\"ReadAction\",\"target\":[\"https:\/\/www.csj-emballages.com\/it\/produit\/registro-acquisti-40-dupli-per-auto-imprenditore-senza-iva-297-x-210-mm-elve\/\"]}]},{\"@type\":\"ImageObject\",\"inLanguage\":\"it-IT\",\"@id\":\"https:\/\/www.csj-emballages.com\/it\/produit\/registro-acquisti-40-dupli-per-auto-imprenditore-senza-iva-297-x-210-mm-elve\/#primaryimage\",\"url\":\"https:\/\/www.csj-emballages.com\/wp-content\/uploads\/2024\/03\/19546.webp\",\"contentUrl\":\"https:\/\/www.csj-emballages.com\/wp-content\/uploads\/2024\/03\/19546.webp\",\"width\":800,\"height\":800,\"caption\":\"registre d'achats\"},{\"@type\":\"BreadcrumbList\",\"@id\":\"https:\/\/www.csj-emballages.com\/it\/produit\/registro-acquisti-40-dupli-per-auto-imprenditore-senza-iva-297-x-210-mm-elve\/#breadcrumb\",\"itemListElement\":[{\"@type\":\"ListItem\",\"position\":1,\"name\":\"Home\",\"item\":\"https:\/\/www.csj-emballages.com\/it\/universo-imballaggi-alimentari\/\"},{\"@type\":\"ListItem\",\"position\":2,\"name\":\"Negozio\",\"item\":\"https:\/\/www.csj-emballages.com\/it\/negozio\/\"},{\"@type\":\"ListItem\",\"position\":3,\"name\":\"Registro acquisti 40 dupli per auto-imprenditore senza IVA 297 x 210 mm ELVE\"}]},{\"@type\":\"WebSite\",\"@id\":\"https:\/\/www.csj-emballages.com\/it\/#website\",\"url\":\"https:\/\/www.csj-emballages.com\/it\/\",\"name\":\"CSJ Emballages\",\"description\":\"\",\"publisher\":{\"@id\":\"https:\/\/www.csj-emballages.com\/it\/#organization\"},\"potentialAction\":[{\"@type\":\"SearchAction\",\"target\":{\"@type\":\"EntryPoint\",\"urlTemplate\":\"https:\/\/www.csj-emballages.com\/it\/?s={search_term_string}\"},\"query-input\":{\"@type\":\"PropertyValueSpecification\",\"valueRequired\":true,\"valueName\":\"search_term_string\"}}],\"inLanguage\":\"it-IT\"},{\"@type\":\"Organization\",\"@id\":\"https:\/\/www.csj-emballages.com\/it\/#Organization\/\",\"name\":\"CSJ Emballages\",\"url\":\"https:\/\/www.csj-emballages.com\/it\/\",\"logo\":{\"@type\":\"ImageObject\",\"inLanguage\":\"it-IT\",\"@id\":\"https:\/\/www.csj-emballages.com\/it\/#\/schema\/logo\/image\/\",\"url\":\"https:\/\/www.csj-emballages.com\/wp-content\/uploads\/2023\/10\/logo_csj.webp\",\"contentUrl\":\"https:\/\/www.csj-emballages.com\/wp-content\/uploads\/2023\/10\/logo_csj.webp\",\"width\":250,\"height\":95,\"caption\":\"CSJ Emballages\"},\"image\":{\"@id\":\"https:\/\/www.csj-emballages.com\/it\/#\/schema\/logo\/image\/\"},\"sameAs\":[\"https:\/\/www.facebook.com\/csjemballages\"],\"address\":{\"@type\":\"PostalAddress\",\"streetAddress\":\"ZI La Lechere\",\"addressLocality\":\"Patornay\",\"postalCode\":\"39130\",\"addressCountry\":\"FR\"},\"contactPoint\":[{\"@type\":\"ContactPoint\",\"contactType\":\"Service client\",\"telephone\":\"0384254272\",\"email\":\"contact@csj-emballages.com\"}]}]}<\/script>\n<!-- \/ Yoast SEO Premium plugin. -->","yoast_head_json":{"title":"Registro acquisti 40 dupli per auto-imprenditore senza IVA","description":"Registro acquisti ELVE per auto-imprenditori senza IVA \u2013 40 duplicati formato A4 \u2013 blocco autocopiante ideale per una contabilit\u00e0 chiara e semplice.","robots":{"index":"index","follow":"follow","max-snippet":"max-snippet:-1","max-image-preview":"max-image-preview:large","max-video-preview":"max-video-preview:-1"},"canonical":"https:\/\/www.csj-emballages.com\/it\/produit\/registro-acquisti-40-dupli-per-auto-imprenditore-senza-iva-297-x-210-mm-elve\/","og_locale":"it_IT","og_type":"article","og_title":"Registro acquisti 40 dupli per auto-imprenditore senza IVA 297 x 210 mm ELVE","og_description":"Registro acquisti ELVE per auto-imprenditori senza IVA \u2013 40 duplicati formato A4 \u2013 blocco autocopiante ideale per una contabilit\u00e0 chiara e semplice.","og_url":"https:\/\/www.csj-emballages.com\/it\/produit\/registro-acquisti-40-dupli-per-auto-imprenditore-senza-iva-297-x-210-mm-elve\/","og_site_name":"CSJ Emballages","article_publisher":"https:\/\/www.facebook.com\/csjemballages","article_modified_time":"2026-05-04T05:00:25+00:00","og_image":[{"width":800,"height":800,"url":"https:\/\/www.csj-emballages.com\/wp-content\/uploads\/2024\/03\/19546.webp","type":"image\/webp"}],"twitter_card":"summary_large_image","twitter_misc":{"Dur\u00e9e de lecture estim\u00e9e":"1 minuto"},"schema":{"@context":"https:\/\/schema.org","@graph":[{"@type":"WebPage","@id":"https:\/\/www.csj-emballages.com\/it\/produit\/registro-acquisti-40-dupli-per-auto-imprenditore-senza-iva-297-x-210-mm-elve\/","url":"https:\/\/www.csj-emballages.com\/it\/produit\/registro-acquisti-40-dupli-per-auto-imprenditore-senza-iva-297-x-210-mm-elve\/","name":"Registro acquisti 40 dupli per auto-imprenditore senza IVA","isPartOf":{"@id":"https:\/\/www.csj-emballages.com\/it\/#website"},"primaryImageOfPage":{"@id":"https:\/\/www.csj-emballages.com\/it\/produit\/registro-acquisti-40-dupli-per-auto-imprenditore-senza-iva-297-x-210-mm-elve\/#primaryimage"},"image":{"@id":"https:\/\/www.csj-emballages.com\/it\/produit\/registro-acquisti-40-dupli-per-auto-imprenditore-senza-iva-297-x-210-mm-elve\/#primaryimage"},"thumbnailUrl":"https:\/\/www.csj-emballages.com\/wp-content\/uploads\/2024\/03\/19546.webp","datePublished":"2024-03-01T15:59:20+00:00","dateModified":"2026-05-04T05:00:25+00:00","description":"Registro acquisti ELVE per auto-imprenditori senza IVA \u2013 40 duplicati formato A4 \u2013 blocco autocopiante ideale per una contabilit\u00e0 chiara e semplice.","breadcrumb":{"@id":"https:\/\/www.csj-emballages.com\/it\/produit\/registro-acquisti-40-dupli-per-auto-imprenditore-senza-iva-297-x-210-mm-elve\/#breadcrumb"},"inLanguage":"it-IT","potentialAction":[{"@type":"ReadAction","target":["https:\/\/www.csj-emballages.com\/it\/produit\/registro-acquisti-40-dupli-per-auto-imprenditore-senza-iva-297-x-210-mm-elve\/"]}]},{"@type":"ImageObject","inLanguage":"it-IT","@id":"https:\/\/www.csj-emballages.com\/it\/produit\/registro-acquisti-40-dupli-per-auto-imprenditore-senza-iva-297-x-210-mm-elve\/#primaryimage","url":"https:\/\/www.csj-emballages.com\/wp-content\/uploads\/2024\/03\/19546.webp","contentUrl":"https:\/\/www.csj-emballages.com\/wp-content\/uploads\/2024\/03\/19546.webp","width":800,"height":800,"caption":"registre d'achats"},{"@type":"BreadcrumbList","@id":"https:\/\/www.csj-emballages.com\/it\/produit\/registro-acquisti-40-dupli-per-auto-imprenditore-senza-iva-297-x-210-mm-elve\/#breadcrumb","itemListElement":[{"@type":"ListItem","position":1,"name":"Home","item":"https:\/\/www.csj-emballages.com\/it\/universo-imballaggi-alimentari\/"},{"@type":"ListItem","position":2,"name":"Negozio","item":"https:\/\/www.csj-emballages.com\/it\/negozio\/"},{"@type":"ListItem","position":3,"name":"Registro acquisti 40 dupli per auto-imprenditore senza IVA 297 x 210 mm ELVE"}]},{"@type":"WebSite","@id":"https:\/\/www.csj-emballages.com\/it\/#website","url":"https:\/\/www.csj-emballages.com\/it\/","name":"CSJ Emballages","description":"","publisher":{"@id":"https:\/\/www.csj-emballages.com\/it\/#organization"},"potentialAction":[{"@type":"SearchAction","target":{"@type":"EntryPoint","urlTemplate":"https:\/\/www.csj-emballages.com\/it\/?s={search_term_string}"},"query-input":{"@type":"PropertyValueSpecification","valueRequired":true,"valueName":"search_term_string"}}],"inLanguage":"it-IT"},{"@type":"Organization","@id":"https:\/\/www.csj-emballages.com\/it\/#Organization\/","name":"CSJ Emballages","url":"https:\/\/www.csj-emballages.com\/it\/","logo":{"@type":"ImageObject","inLanguage":"it-IT","@id":"https:\/\/www.csj-emballages.com\/it\/#\/schema\/logo\/image\/","url":"https:\/\/www.csj-emballages.com\/wp-content\/uploads\/2023\/10\/logo_csj.webp","contentUrl":"https:\/\/www.csj-emballages.com\/wp-content\/uploads\/2023\/10\/logo_csj.webp","width":250,"height":95,"caption":"CSJ Emballages"},"image":{"@id":"https:\/\/www.csj-emballages.com\/it\/#\/schema\/logo\/image\/"},"sameAs":["https:\/\/www.facebook.com\/csjemballages"],"address":{"@type":"PostalAddress","streetAddress":"ZI La Lechere","addressLocality":"Patornay","postalCode":"39130","addressCountry":"FR"},"contactPoint":[{"@type":"ContactPoint","contactType":"Service client","telephone":"0384254272","email":"contact@csj-emballages.com"}]}]}},"df_price":7.62,"df_sale_price":"","df_regular_price":7.62,"df_image_link":"https:\/\/www.csj-emballages.com\/wp-content\/uploads\/2024\/03\/19546-300x300.webp","tiered_pricing_type":"fixed","tiered_pricing_fixed_rules":[],"tiered_pricing_percentage_rules":[],"tiered_pricing_minimum":1,"tiered_pricing_roles_data":[],"_links":{"self":[{"href":"https:\/\/www.csj-emballages.com\/it\/wp-json\/wp\/v2\/product\/268354","targetHints":{"allow":["GET"]}}],"collection":[{"href":"https:\/\/www.csj-emballages.com\/it\/wp-json\/wp\/v2\/product"}],"about":[{"href":"https:\/\/www.csj-emballages.com\/it\/wp-json\/wp\/v2\/types\/product"}],"wp:featuredmedia":[{"embeddable":true,"href":"https:\/\/www.csj-emballages.com\/it\/wp-json\/wp\/v2\/media\/268358"}],"wp:attachment":[{"href":"https:\/\/www.csj-emballages.com\/it\/wp-json\/wp\/v2\/media?parent=268354"}],"wp:term":[{"taxonomy":"product_brand","embeddable":true,"href":"https:\/\/www.csj-emballages.com\/it\/wp-json\/wp\/v2\/product_brand?post=268354"},{"taxonomy":"product_cat","embeddable":true,"href":"https:\/\/www.csj-emballages.com\/it\/wp-json\/wp\/v2\/product_cat?post=268354"},{"taxonomy":"product_tag","embeddable":true,"href":"https:\/\/www.csj-emballages.com\/it\/wp-json\/wp\/v2\/product_tag?post=268354"}],"curies":[{"name":"wp","href":"https:\/\/api.w.org\/{rel}","templated":true}]}}