{"id":268327,"date":"2024-03-01T16:59:17","date_gmt":"2024-03-01T15:59:17","guid":{"rendered":"https:\/\/www.csj-emballages.com\/produit\/commissionario-50-dupli-210-x-210-mm\/"},"modified":"2026-03-12T16:07:21","modified_gmt":"2026-03-12T15:07:21","slug":"commissionario-50-dupli-210-x-210-mm","status":"publish","type":"product","link":"https:\/\/www.csj-emballages.com\/it\/produit\/commissionario-50-dupli-210-x-210-mm\/","title":{"rendered":"Commissionario 50 dupli 210 x 210 mm"},"content":{"rendered":"<h2 class=\"p1\">Commissionario<\/h2>\n<hr>\n<h3>Descrizione del nostro commissionario 50 dupli 210 x 210 mm<\/h3>\n<p><!--more--><\/p>\n<div class=\"flex-shrink-0 flex flex-col relative items-end\">\n<div class=\"pt-0.5 juice:pt-0\">\n<div class=\"gizmo-bot-avatar flex h-6 w-6 items-center justify-center overflow-hidden rounded-full juice:h-8 juice:w-8\">\n<div class=\"relative p-1 rounded-sm flex items-center justify-center bg-token-main-surface-primary text-token-text-primary h-8 w-8\">\n<p class=\"\" data-start=\"241\" data-end=\"605\">Indispensabile per i professionisti della ristorazione, dell&#8217;eventistica o del commercio di prossimit\u00e0, questo <strong data-start=\"349\" data-end=\"383\">commissionario autoricalcante<\/strong> \u00e8 progettato per facilitare la presa d&#8217;ordine rapida e organizzata. Grazie ai suoi <strong data-start=\"463\" data-end=\"502\">50 fogli numerati in duplicato<\/strong>, conservi una traccia chiara e affidabile di ogni ordine, senza bisogno di carta carbone. Ogni pagina \u00e8 composta da un <strong data-start=\"635\" data-end=\"658\">primo foglio CB<\/strong> (carta 56 g\/m\u00b2) con stampa in <strong data-start=\"699\" data-end=\"714\">inchiostro blu<\/strong>, ideale per l&#8217;originale da consegnare al cliente o al servizio di produzione. Il <strong data-start=\"786\" data-end=\"810\">secondo foglio CF<\/strong> (carta 57 g\/m\u00b2) \u00e8 stampato in <strong data-start=\"843\" data-end=\"858\">inchiostro rosso<\/strong>, il che permette una distinzione visiva immediata tra l&#8217;originale e la copia \u2013 pratico per evitare confusioni durante i momenti di punta.   <\/p>\n<p class=\"\" data-start=\"1007\" data-end=\"1353\">Allo stesso modo, il suo <strong data-start=\"1011\" data-end=\"1046\">formato pratico di 210 x 210 mm<\/strong> permette una facile impugnatura e un utilizzo fluido, anche in mobilit\u00e0. Compatto ma sufficiente per annotare l&#8217;essenziale: dettagli dei piatti, quantit\u00e0, commenti del cliente, ecc. \u00c8 uno strumento semplice, ma estremamente efficace per mantenere un flusso di lavoro fluido e professionale.  <\/p>\n<p class=\"\" data-start=\"1355\" data-end=\"1517\">Perfetto per camerieri, catering, food truck, organizzatori di eventi o anche artigiani e commercianti che necessitano di buoni d&#8217;ordine manuali.<\/p>\n<p data-start=\"1355\" data-end=\"1517\">\n<\/div>\n<\/div>\n<\/div>\n<\/div>\n<p><!--more--><\/p>\n<p><strong>I loro vantaggi:<\/strong><\/p>\n<ul>\n<li>50 fogli numerati in duplicato per un facile monitoraggio.<\/li>\n<li>Distinzione visiva grazie alla stampa blu\/rossa.<\/li>\n<li>Formato maneggevole: ideale per il servizio in movimento.<\/li>\n<li>Compatibile con tutti gli ambienti professionali.<\/li>\n<\/ul>\n<p>&nbsp;<\/p>\n<p><!--more--><\/p>\n<h4>Altre informazioni:<\/h4>\n<ul>\n<li><strong>Confezionamento<\/strong>: Venduto singolarmente<\/li>\n<li><strong>Dimensioni<\/strong>: 210 x 210 (L x l in mm).<\/li>\n<li><strong>Numero di pagine<\/strong>: 50 duplicati<\/li>\n<li><strong>Materiale<\/strong>: Carta<\/li>\n<\/ul>\n<p>&nbsp;<\/p>\n<p><!--more--><\/p>\n<p>Trovi qui il nostro commissionario nel formato 210 x 140 mm: <span style=\"color: #d12727\"><a style=\"color: #d12727\" href=\"https:\/\/www.csj-emballages.com\/it\/produit\/blocco-comande-50-copie-autocalcanti-210-x-140-mm\/\">2115<\/a><\/span><\/p>\n<p>&nbsp;<\/p>\n<p><!--more--><\/p>\n<p><a href=\"https:\/\/www.csj-emballages.com\/it\/categorie-produit\/imballaggi-alimentari\/boutique-e-negozio\/cartoleria-e-piccole-forniture\/blocchetti\/\">Consulta il resto della nostra gamma di blocchi<\/a><\/p>\n","protected":false},"excerpt":{"rendered":"<p>Commissionario Descrizione del nostro commissionario 50 dupli 210 x 210 mm<\/p>\n","protected":false},"featured_media":268328,"template":"","meta":{"_acf_changed":false},"product_brand":[],"product_cat":[10345,10352,10739],"product_tag":[],"class_list":{"0":"post-268327","1":"product","2":"type-product","3":"status-publish","4":"has-post-thumbnail","6":"product_cat-boutique-e-negozio","7":"product_cat-cartoleria-e-piccole-forniture","8":"product_cat-commissionari","10":"first","11":"instock","12":"taxable","13":"shipping-taxable","14":"purchasable","15":"product-type-simple"},"acf":[],"yoast_head":"<!-- This site is optimized with the Yoast SEO Premium plugin v26.6 (Yoast SEO v26.6) - https:\/\/yoast.com\/wordpress\/plugins\/seo\/ -->\n<title>Commissionario 50 Dupli 210 x 210 mm<\/title>\n<meta name=\"description\" content=\"Commissionario autoricalcante 50 dupli 210 x 210 mm. Pratico, numerato, con stampa blu e rossa per un uso professionale fluido e organizzato.\" \/>\n<meta name=\"robots\" content=\"index, follow, max-snippet:-1, max-image-preview:large, max-video-preview:-1\" \/>\n<link rel=\"canonical\" href=\"https:\/\/www.csj-emballages.com\/it\/produit\/commissionario-50-dupli-210-x-210-mm\/\" \/>\n<meta property=\"og:locale\" content=\"it_IT\" \/>\n<meta property=\"og:type\" content=\"article\" \/>\n<meta property=\"og:title\" content=\"Commissionario 50 dupli 210 x 210 mm\" \/>\n<meta property=\"og:description\" content=\"Commissionario autoricalcante 50 dupli 210 x 210 mm. Pratico, numerato, con stampa blu e rossa per un uso professionale fluido e organizzato.\" \/>\n<meta property=\"og:url\" content=\"https:\/\/www.csj-emballages.com\/it\/produit\/commissionario-50-dupli-210-x-210-mm\/\" \/>\n<meta property=\"og:site_name\" content=\"CSJ Emballages\" \/>\n<meta property=\"article:publisher\" content=\"https:\/\/www.facebook.com\/csjemballages\" \/>\n<meta property=\"article:modified_time\" content=\"2026-03-12T15:07:21+00:00\" \/>\n<meta property=\"og:image\" content=\"https:\/\/www.csj-emballages.com\/wp-content\/uploads\/2024\/03\/2109.webp\" \/>\n\t<meta property=\"og:image:width\" content=\"800\" \/>\n\t<meta property=\"og:image:height\" content=\"800\" \/>\n\t<meta property=\"og:image:type\" content=\"image\/webp\" \/>\n<meta name=\"twitter:card\" content=\"summary_large_image\" \/>\n<meta name=\"twitter:label1\" content=\"Dur\u00e9e de lecture estim\u00e9e\" \/>\n\t<meta name=\"twitter:data1\" content=\"1 minuto\" \/>\n<script type=\"application\/ld+json\" class=\"yoast-schema-graph\">{\"@context\":\"https:\/\/schema.org\",\"@graph\":[{\"@type\":\"WebPage\",\"@id\":\"https:\/\/www.csj-emballages.com\/it\/produit\/commissionario-50-dupli-210-x-210-mm\/\",\"url\":\"https:\/\/www.csj-emballages.com\/it\/produit\/commissionario-50-dupli-210-x-210-mm\/\",\"name\":\"Commissionario 50 Dupli 210 x 210 mm\",\"isPartOf\":{\"@id\":\"https:\/\/www.csj-emballages.com\/it\/#website\"},\"primaryImageOfPage\":{\"@id\":\"https:\/\/www.csj-emballages.com\/it\/produit\/commissionario-50-dupli-210-x-210-mm\/#primaryimage\"},\"image\":{\"@id\":\"https:\/\/www.csj-emballages.com\/it\/produit\/commissionario-50-dupli-210-x-210-mm\/#primaryimage\"},\"thumbnailUrl\":\"https:\/\/www.csj-emballages.com\/wp-content\/uploads\/2024\/03\/2109.webp\",\"datePublished\":\"2024-03-01T15:59:17+00:00\",\"dateModified\":\"2026-03-12T15:07:21+00:00\",\"description\":\"Commissionario autoricalcante 50 dupli 210 x 210 mm. Pratico, numerato, con stampa blu e rossa per un uso professionale fluido e organizzato.\",\"breadcrumb\":{\"@id\":\"https:\/\/www.csj-emballages.com\/it\/produit\/commissionario-50-dupli-210-x-210-mm\/#breadcrumb\"},\"inLanguage\":\"it-IT\",\"potentialAction\":[{\"@type\":\"ReadAction\",\"target\":[\"https:\/\/www.csj-emballages.com\/it\/produit\/commissionario-50-dupli-210-x-210-mm\/\"]}]},{\"@type\":\"ImageObject\",\"inLanguage\":\"it-IT\",\"@id\":\"https:\/\/www.csj-emballages.com\/it\/produit\/commissionario-50-dupli-210-x-210-mm\/#primaryimage\",\"url\":\"https:\/\/www.csj-emballages.com\/wp-content\/uploads\/2024\/03\/2109.webp\",\"contentUrl\":\"https:\/\/www.csj-emballages.com\/wp-content\/uploads\/2024\/03\/2109.webp\",\"width\":800,\"height\":800,\"caption\":\"Carnet de commande\"},{\"@type\":\"BreadcrumbList\",\"@id\":\"https:\/\/www.csj-emballages.com\/it\/produit\/commissionario-50-dupli-210-x-210-mm\/#breadcrumb\",\"itemListElement\":[{\"@type\":\"ListItem\",\"position\":1,\"name\":\"Home\",\"item\":\"https:\/\/www.csj-emballages.com\/it\/universo-imballaggi-alimentari\/\"},{\"@type\":\"ListItem\",\"position\":2,\"name\":\"Negozio\",\"item\":\"https:\/\/www.csj-emballages.com\/it\/negozio\/\"},{\"@type\":\"ListItem\",\"position\":3,\"name\":\"Commissionario 50 dupli 210 x 210 mm\"}]},{\"@type\":\"WebSite\",\"@id\":\"https:\/\/www.csj-emballages.com\/it\/#website\",\"url\":\"https:\/\/www.csj-emballages.com\/it\/\",\"name\":\"CSJ Emballages\",\"description\":\"\",\"publisher\":{\"@id\":\"https:\/\/www.csj-emballages.com\/it\/#organization\"},\"potentialAction\":[{\"@type\":\"SearchAction\",\"target\":{\"@type\":\"EntryPoint\",\"urlTemplate\":\"https:\/\/www.csj-emballages.com\/it\/?s={search_term_string}\"},\"query-input\":{\"@type\":\"PropertyValueSpecification\",\"valueRequired\":true,\"valueName\":\"search_term_string\"}}],\"inLanguage\":\"it-IT\"},{\"@type\":\"Organization\",\"@id\":\"https:\/\/www.csj-emballages.com\/it\/#Organization\/\",\"name\":\"CSJ Emballages\",\"url\":\"https:\/\/www.csj-emballages.com\/it\/\",\"logo\":{\"@type\":\"ImageObject\",\"inLanguage\":\"it-IT\",\"@id\":\"https:\/\/www.csj-emballages.com\/it\/#\/schema\/logo\/image\/\",\"url\":\"https:\/\/www.csj-emballages.com\/wp-content\/uploads\/2023\/10\/logo_csj.webp\",\"contentUrl\":\"https:\/\/www.csj-emballages.com\/wp-content\/uploads\/2023\/10\/logo_csj.webp\",\"width\":250,\"height\":95,\"caption\":\"CSJ Emballages\"},\"image\":{\"@id\":\"https:\/\/www.csj-emballages.com\/it\/#\/schema\/logo\/image\/\"},\"sameAs\":[\"https:\/\/www.facebook.com\/csjemballages\"],\"address\":{\"@type\":\"PostalAddress\",\"streetAddress\":\"ZI La Lechere\",\"addressLocality\":\"Patornay\",\"postalCode\":\"39130\",\"addressCountry\":\"FR\"},\"contactPoint\":[{\"@type\":\"ContactPoint\",\"contactType\":\"Service client\",\"telephone\":\"0384254272\",\"email\":\"contact@csj-emballages.com\"}]}]}<\/script>\n<!-- \/ Yoast SEO Premium plugin. -->","yoast_head_json":{"title":"Commissionario 50 Dupli 210 x 210 mm","description":"Commissionario autoricalcante 50 dupli 210 x 210 mm. Pratico, numerato, con stampa blu e rossa per un uso professionale fluido e organizzato.","robots":{"index":"index","follow":"follow","max-snippet":"max-snippet:-1","max-image-preview":"max-image-preview:large","max-video-preview":"max-video-preview:-1"},"canonical":"https:\/\/www.csj-emballages.com\/it\/produit\/commissionario-50-dupli-210-x-210-mm\/","og_locale":"it_IT","og_type":"article","og_title":"Commissionario 50 dupli 210 x 210 mm","og_description":"Commissionario autoricalcante 50 dupli 210 x 210 mm. Pratico, numerato, con stampa blu e rossa per un uso professionale fluido e organizzato.","og_url":"https:\/\/www.csj-emballages.com\/it\/produit\/commissionario-50-dupli-210-x-210-mm\/","og_site_name":"CSJ Emballages","article_publisher":"https:\/\/www.facebook.com\/csjemballages","article_modified_time":"2026-03-12T15:07:21+00:00","og_image":[{"width":800,"height":800,"url":"https:\/\/www.csj-emballages.com\/wp-content\/uploads\/2024\/03\/2109.webp","type":"image\/webp"}],"twitter_card":"summary_large_image","twitter_misc":{"Dur\u00e9e de lecture estim\u00e9e":"1 minuto"},"schema":{"@context":"https:\/\/schema.org","@graph":[{"@type":"WebPage","@id":"https:\/\/www.csj-emballages.com\/it\/produit\/commissionario-50-dupli-210-x-210-mm\/","url":"https:\/\/www.csj-emballages.com\/it\/produit\/commissionario-50-dupli-210-x-210-mm\/","name":"Commissionario 50 Dupli 210 x 210 mm","isPartOf":{"@id":"https:\/\/www.csj-emballages.com\/it\/#website"},"primaryImageOfPage":{"@id":"https:\/\/www.csj-emballages.com\/it\/produit\/commissionario-50-dupli-210-x-210-mm\/#primaryimage"},"image":{"@id":"https:\/\/www.csj-emballages.com\/it\/produit\/commissionario-50-dupli-210-x-210-mm\/#primaryimage"},"thumbnailUrl":"https:\/\/www.csj-emballages.com\/wp-content\/uploads\/2024\/03\/2109.webp","datePublished":"2024-03-01T15:59:17+00:00","dateModified":"2026-03-12T15:07:21+00:00","description":"Commissionario autoricalcante 50 dupli 210 x 210 mm. Pratico, numerato, con stampa blu e rossa per un uso professionale fluido e organizzato.","breadcrumb":{"@id":"https:\/\/www.csj-emballages.com\/it\/produit\/commissionario-50-dupli-210-x-210-mm\/#breadcrumb"},"inLanguage":"it-IT","potentialAction":[{"@type":"ReadAction","target":["https:\/\/www.csj-emballages.com\/it\/produit\/commissionario-50-dupli-210-x-210-mm\/"]}]},{"@type":"ImageObject","inLanguage":"it-IT","@id":"https:\/\/www.csj-emballages.com\/it\/produit\/commissionario-50-dupli-210-x-210-mm\/#primaryimage","url":"https:\/\/www.csj-emballages.com\/wp-content\/uploads\/2024\/03\/2109.webp","contentUrl":"https:\/\/www.csj-emballages.com\/wp-content\/uploads\/2024\/03\/2109.webp","width":800,"height":800,"caption":"Carnet de commande"},{"@type":"BreadcrumbList","@id":"https:\/\/www.csj-emballages.com\/it\/produit\/commissionario-50-dupli-210-x-210-mm\/#breadcrumb","itemListElement":[{"@type":"ListItem","position":1,"name":"Home","item":"https:\/\/www.csj-emballages.com\/it\/universo-imballaggi-alimentari\/"},{"@type":"ListItem","position":2,"name":"Negozio","item":"https:\/\/www.csj-emballages.com\/it\/negozio\/"},{"@type":"ListItem","position":3,"name":"Commissionario 50 dupli 210 x 210 mm"}]},{"@type":"WebSite","@id":"https:\/\/www.csj-emballages.com\/it\/#website","url":"https:\/\/www.csj-emballages.com\/it\/","name":"CSJ Emballages","description":"","publisher":{"@id":"https:\/\/www.csj-emballages.com\/it\/#organization"},"potentialAction":[{"@type":"SearchAction","target":{"@type":"EntryPoint","urlTemplate":"https:\/\/www.csj-emballages.com\/it\/?s={search_term_string}"},"query-input":{"@type":"PropertyValueSpecification","valueRequired":true,"valueName":"search_term_string"}}],"inLanguage":"it-IT"},{"@type":"Organization","@id":"https:\/\/www.csj-emballages.com\/it\/#Organization\/","name":"CSJ Emballages","url":"https:\/\/www.csj-emballages.com\/it\/","logo":{"@type":"ImageObject","inLanguage":"it-IT","@id":"https:\/\/www.csj-emballages.com\/it\/#\/schema\/logo\/image\/","url":"https:\/\/www.csj-emballages.com\/wp-content\/uploads\/2023\/10\/logo_csj.webp","contentUrl":"https:\/\/www.csj-emballages.com\/wp-content\/uploads\/2023\/10\/logo_csj.webp","width":250,"height":95,"caption":"CSJ Emballages"},"image":{"@id":"https:\/\/www.csj-emballages.com\/it\/#\/schema\/logo\/image\/"},"sameAs":["https:\/\/www.facebook.com\/csjemballages"],"address":{"@type":"PostalAddress","streetAddress":"ZI La Lechere","addressLocality":"Patornay","postalCode":"39130","addressCountry":"FR"},"contactPoint":[{"@type":"ContactPoint","contactType":"Service client","telephone":"0384254272","email":"contact@csj-emballages.com"}]}]}},"df_price":6.4,"df_sale_price":"","df_regular_price":6.4,"df_image_link":"https:\/\/www.csj-emballages.com\/wp-content\/uploads\/2024\/03\/2109-300x300.webp","tiered_pricing_type":"fixed","tiered_pricing_fixed_rules":[],"tiered_pricing_percentage_rules":[],"tiered_pricing_minimum":1,"tiered_pricing_roles_data":[],"_links":{"self":[{"href":"https:\/\/www.csj-emballages.com\/it\/wp-json\/wp\/v2\/product\/268327","targetHints":{"allow":["GET"]}}],"collection":[{"href":"https:\/\/www.csj-emballages.com\/it\/wp-json\/wp\/v2\/product"}],"about":[{"href":"https:\/\/www.csj-emballages.com\/it\/wp-json\/wp\/v2\/types\/product"}],"wp:featuredmedia":[{"embeddable":true,"href":"https:\/\/www.csj-emballages.com\/it\/wp-json\/wp\/v2\/media\/268328"}],"wp:attachment":[{"href":"https:\/\/www.csj-emballages.com\/it\/wp-json\/wp\/v2\/media?parent=268327"}],"wp:term":[{"taxonomy":"product_brand","embeddable":true,"href":"https:\/\/www.csj-emballages.com\/it\/wp-json\/wp\/v2\/product_brand?post=268327"},{"taxonomy":"product_cat","embeddable":true,"href":"https:\/\/www.csj-emballages.com\/it\/wp-json\/wp\/v2\/product_cat?post=268327"},{"taxonomy":"product_tag","embeddable":true,"href":"https:\/\/www.csj-emballages.com\/it\/wp-json\/wp\/v2\/product_tag?post=268327"}],"curies":[{"name":"wp","href":"https:\/\/api.w.org\/{rel}","templated":true}]}}