{"id":268325,"date":"2024-03-01T16:59:16","date_gmt":"2024-03-01T15:59:16","guid":{"rendered":"https:\/\/www.csj-emballages.com\/produit\/blocco-fatture-50-dupli-210-x-140-mm-elve\/"},"modified":"2026-04-14T02:11:24","modified_gmt":"2026-04-14T00:11:24","slug":"blocco-fatture-50-dupli-210-x-140-mm-elve","status":"publish","type":"product","link":"https:\/\/www.csj-emballages.com\/it\/produit\/blocco-fatture-50-dupli-210-x-140-mm-elve\/","title":{"rendered":"Blocco fatture 50 dupli 210 x 140 mm ELVE"},"content":{"rendered":"<h2 class=\"p1\">Blocco fatture<\/h2>\n<hr>\n<h3>Descrizione del nostro blocco fatture 50 dupli 210 x 140 mm<\/h3>\n<p><!--more--><\/p>\n<div class=\"flex-shrink-0 flex flex-col relative items-end\">\n<div class=\"pt-0.5 juice:pt-0\">\n<div class=\"gizmo-bot-avatar flex h-6 w-6 items-center justify-center overflow-hidden rounded-full juice:h-8 juice:w-8\">\n<div class=\"relative p-1 rounded-sm flex items-center justify-center bg-token-main-surface-primary text-token-text-primary h-8 w-8\">\n<p class=\"\" data-start=\"144\" data-end=\"459\">Progettato per i professionisti che desiderano tenere una traccia chiara e conforme delle loro transazioni, questo <strong>blocco fatture<\/strong> <strong>autocopiante<\/strong> \u00e8 un indispensabile per la quotidianit\u00e0. Compatto (<strong>210 x 140 mm<\/strong>), si infila facilmente in un cassetto, una valigetta o anche una tasca della giacca, per rimanere accessibile in qualsiasi momento. <\/p>\n<p class=\"\" data-start=\"461\" data-end=\"895\">Questo <strong>blocco contiene 50 set autoricalcanti<\/strong> (<strong>dupli<\/strong>), con numerazione sequenziale per un migliore tracciamento. Il primo <strong>foglio<\/strong>, in carta CB 56 g\/m\u00b2, \u00e8 stampato in inchiostro blu, ideale per l\u2019originale da consegnare al cliente. Il secondo <strong>foglio<\/strong>, in carta CF 57 g\/m\u00b2, \u00e8 invece stampato in rosso, cos\u00ec \u00e8 pi\u00f9 facile distinguere tra originale e copia \u2013 pratico per l\u2019archiviazione o la contabilit\u00e0.  <\/p>\n<p class=\"\" data-start=\"897\" data-end=\"1233\">Perfettamente conforme alla legislazione vigente, questo <strong>blocco fatture<\/strong> \u00e8 progettato per soddisfare i requisiti amministrativi e fiscali. Che tu sia artigiano, commerciante, libero professionista o ristoratore, questo blocco ti permette di emettere rapidamente fatture o preventivi sul campo, anche senza accesso a un sistema informatico. <\/p>\n<p class=\"\" data-start=\"1235\" data-end=\"1408\">\u00c8 uno strumento di gestione semplice, affidabile ed efficace, che ti garantisce un&#8217;organizzazione rigorosa e ispira fiducia nei tuoi clienti grazie al suo aspetto professionale.<\/p>\n<p data-start=\"1235\" data-end=\"1408\">\n<\/div>\n<\/div>\n<\/div>\n<\/div>\n<p><!--more--><\/p>\n<p><strong>I loro vantaggi:<\/strong><\/p>\n<ul>\n<li>Formato pratico e facile da trasportare (210 x 140 mm).<\/li>\n<li>50 fogli autocopianti numerati per un monitoraggio chiaro.<\/li>\n<li>Stampa blu e rossa per una migliore leggibilit\u00e0.<\/li>\n<li>Conforme alla normativa francese.<\/li>\n<li>Ideale per attivit\u00e0 itineranti o piccoli esercizi commerciali.<\/li>\n<\/ul>\n<p>&nbsp;<\/p>\n<p><!--more--><\/p>\n<h4>Altre informazioni:<\/h4>\n<ul>\n<li><strong>Confezionamento<\/strong>: Venduto singolarmente<\/li>\n<li><strong>Dimensioni<\/strong>: 210 x 140 (L x l in mm).<\/li>\n<li><strong>Numero di fogli<\/strong>: 50 dupli<\/li>\n<li><strong>Materiale<\/strong>: Carta<\/li>\n<\/ul>\n<p>&nbsp;<\/p>\n<p><!--more--><\/p>\n<p>Questo blocco \u00e8 disponibile in diversi formati: <span style=\"color: #d12727;\"><a style=\"color: #d12727;\" href=\"https:\/\/www.csj-emballages.com\/it\/produit\/blocco-fatture-50-copie-140-x-105-mm\/\">50 dupli 140 x 105 mm<\/a><\/span> \/ <span style=\"color: #d12727;\"><a style=\"color: #d12727;\" href=\"https:\/\/www.csj-emballages.com\/it\/produit\/blocco-fatture-50-triplice-210-x-140-mm\/\">50 tripli 210 x 140 mm<\/a><\/span><\/p>\n<p>&nbsp;<\/p>\n<p><!--more--><\/p>\n<p><a href=\"https:\/\/www.csj-emballages.com\/it\/categorie-produit\/imballaggi-alimentari\/boutique-e-negozio\/cartoleria-e-piccole-forniture\/blocchetti\/\">Scopri il resto della nostra gamma di blocchi<\/a><\/p>\n","protected":false},"excerpt":{"rendered":"<p>Blocco fatture Descrizione del nostro blocco fatture 50 dupli 210 x 140 mm<\/p>\n","protected":false},"featured_media":268326,"template":"","meta":{"_acf_changed":false},"product_brand":[],"product_cat":[10345,10352,10353],"product_tag":[],"class_list":{"0":"post-268325","1":"product","2":"type-product","3":"status-publish","4":"has-post-thumbnail","6":"product_cat-boutique-e-negozio","7":"product_cat-cartoleria-e-piccole-forniture","8":"product_cat-blocchi-fatture-fatturieri","10":"first","11":"instock","12":"taxable","13":"shipping-taxable","14":"purchasable","15":"product-type-simple"},"acf":[],"yoast_head":"<!-- This site is optimized with the Yoast SEO Premium plugin v26.6 (Yoast SEO v26.6) - https:\/\/yoast.com\/wordpress\/plugins\/seo\/ -->\n<title>Blocco fatture 50 dupli 210 x 140 mm<\/title>\n<meta name=\"description\" content=\"Blocco fatture autoricalcante 50 dupli 210 x 140 mm. Conforme alla normativa, \u00e8 ideale per artigiani e lavoratori autonomi.\" \/>\n<meta name=\"robots\" content=\"index, follow, max-snippet:-1, max-image-preview:large, max-video-preview:-1\" \/>\n<link rel=\"canonical\" href=\"https:\/\/www.csj-emballages.com\/it\/produit\/blocco-fatture-50-dupli-210-x-140-mm-elve\/\" \/>\n<meta property=\"og:locale\" content=\"it_IT\" \/>\n<meta property=\"og:type\" content=\"article\" \/>\n<meta property=\"og:title\" content=\"Blocco fatture 50 dupli 210 x 140 mm ELVE\" \/>\n<meta property=\"og:description\" content=\"Blocco fatture autoricalcante 50 dupli 210 x 140 mm. Conforme alla normativa, \u00e8 ideale per artigiani e lavoratori autonomi.\" \/>\n<meta property=\"og:url\" content=\"https:\/\/www.csj-emballages.com\/it\/produit\/blocco-fatture-50-dupli-210-x-140-mm-elve\/\" \/>\n<meta property=\"og:site_name\" content=\"CSJ Emballages\" \/>\n<meta property=\"article:publisher\" content=\"https:\/\/www.facebook.com\/csjemballages\" \/>\n<meta property=\"article:modified_time\" content=\"2026-04-14T00:11:24+00:00\" \/>\n<meta property=\"og:image\" content=\"https:\/\/www.csj-emballages.com\/wp-content\/uploads\/2024\/03\/2121.webp\" \/>\n\t<meta property=\"og:image:width\" content=\"800\" \/>\n\t<meta property=\"og:image:height\" content=\"800\" \/>\n\t<meta property=\"og:image:type\" content=\"image\/webp\" \/>\n<meta name=\"twitter:card\" content=\"summary_large_image\" \/>\n<meta name=\"twitter:label1\" content=\"Dur\u00e9e de lecture estim\u00e9e\" \/>\n\t<meta name=\"twitter:data1\" content=\"1 minuto\" \/>\n<script type=\"application\/ld+json\" class=\"yoast-schema-graph\">{\"@context\":\"https:\/\/schema.org\",\"@graph\":[{\"@type\":\"WebPage\",\"@id\":\"https:\/\/www.csj-emballages.com\/it\/produit\/blocco-fatture-50-dupli-210-x-140-mm-elve\/\",\"url\":\"https:\/\/www.csj-emballages.com\/it\/produit\/blocco-fatture-50-dupli-210-x-140-mm-elve\/\",\"name\":\"Blocco fatture 50 dupli 210 x 140 mm\",\"isPartOf\":{\"@id\":\"https:\/\/www.csj-emballages.com\/it\/#website\"},\"primaryImageOfPage\":{\"@id\":\"https:\/\/www.csj-emballages.com\/it\/produit\/blocco-fatture-50-dupli-210-x-140-mm-elve\/#primaryimage\"},\"image\":{\"@id\":\"https:\/\/www.csj-emballages.com\/it\/produit\/blocco-fatture-50-dupli-210-x-140-mm-elve\/#primaryimage\"},\"thumbnailUrl\":\"https:\/\/www.csj-emballages.com\/wp-content\/uploads\/2024\/03\/2121.webp\",\"datePublished\":\"2024-03-01T15:59:16+00:00\",\"dateModified\":\"2026-04-14T00:11:24+00:00\",\"description\":\"Blocco fatture autoricalcante 50 dupli 210 x 140 mm. Conforme alla normativa, \u00e8 ideale per artigiani e lavoratori autonomi.\",\"breadcrumb\":{\"@id\":\"https:\/\/www.csj-emballages.com\/it\/produit\/blocco-fatture-50-dupli-210-x-140-mm-elve\/#breadcrumb\"},\"inLanguage\":\"it-IT\",\"potentialAction\":[{\"@type\":\"ReadAction\",\"target\":[\"https:\/\/www.csj-emballages.com\/it\/produit\/blocco-fatture-50-dupli-210-x-140-mm-elve\/\"]}]},{\"@type\":\"ImageObject\",\"inLanguage\":\"it-IT\",\"@id\":\"https:\/\/www.csj-emballages.com\/it\/produit\/blocco-fatture-50-dupli-210-x-140-mm-elve\/#primaryimage\",\"url\":\"https:\/\/www.csj-emballages.com\/wp-content\/uploads\/2024\/03\/2121.webp\",\"contentUrl\":\"https:\/\/www.csj-emballages.com\/wp-content\/uploads\/2024\/03\/2121.webp\",\"width\":800,\"height\":800,\"caption\":\"Carnet facturier\"},{\"@type\":\"BreadcrumbList\",\"@id\":\"https:\/\/www.csj-emballages.com\/it\/produit\/blocco-fatture-50-dupli-210-x-140-mm-elve\/#breadcrumb\",\"itemListElement\":[{\"@type\":\"ListItem\",\"position\":1,\"name\":\"Home\",\"item\":\"https:\/\/www.csj-emballages.com\/it\/universo-imballaggi-alimentari\/\"},{\"@type\":\"ListItem\",\"position\":2,\"name\":\"Negozio\",\"item\":\"https:\/\/www.csj-emballages.com\/it\/negozio\/\"},{\"@type\":\"ListItem\",\"position\":3,\"name\":\"Blocco fatture 50 dupli 210 x 140 mm ELVE\"}]},{\"@type\":\"WebSite\",\"@id\":\"https:\/\/www.csj-emballages.com\/it\/#website\",\"url\":\"https:\/\/www.csj-emballages.com\/it\/\",\"name\":\"CSJ Emballages\",\"description\":\"\",\"publisher\":{\"@id\":\"https:\/\/www.csj-emballages.com\/it\/#organization\"},\"potentialAction\":[{\"@type\":\"SearchAction\",\"target\":{\"@type\":\"EntryPoint\",\"urlTemplate\":\"https:\/\/www.csj-emballages.com\/it\/?s={search_term_string}\"},\"query-input\":{\"@type\":\"PropertyValueSpecification\",\"valueRequired\":true,\"valueName\":\"search_term_string\"}}],\"inLanguage\":\"it-IT\"},{\"@type\":\"Organization\",\"@id\":\"https:\/\/www.csj-emballages.com\/it\/#Organization\/\",\"name\":\"CSJ Emballages\",\"url\":\"https:\/\/www.csj-emballages.com\/it\/\",\"logo\":{\"@type\":\"ImageObject\",\"inLanguage\":\"it-IT\",\"@id\":\"https:\/\/www.csj-emballages.com\/it\/#\/schema\/logo\/image\/\",\"url\":\"https:\/\/www.csj-emballages.com\/wp-content\/uploads\/2023\/10\/logo_csj.webp\",\"contentUrl\":\"https:\/\/www.csj-emballages.com\/wp-content\/uploads\/2023\/10\/logo_csj.webp\",\"width\":250,\"height\":95,\"caption\":\"CSJ Emballages\"},\"image\":{\"@id\":\"https:\/\/www.csj-emballages.com\/it\/#\/schema\/logo\/image\/\"},\"sameAs\":[\"https:\/\/www.facebook.com\/csjemballages\"],\"address\":{\"@type\":\"PostalAddress\",\"streetAddress\":\"ZI La Lechere\",\"addressLocality\":\"Patornay\",\"postalCode\":\"39130\",\"addressCountry\":\"FR\"},\"contactPoint\":[{\"@type\":\"ContactPoint\",\"contactType\":\"Service client\",\"telephone\":\"0384254272\",\"email\":\"contact@csj-emballages.com\"}]}]}<\/script>\n<!-- \/ Yoast SEO Premium plugin. -->","yoast_head_json":{"title":"Blocco fatture 50 dupli 210 x 140 mm","description":"Blocco fatture autoricalcante 50 dupli 210 x 140 mm. Conforme alla normativa, \u00e8 ideale per artigiani e lavoratori autonomi.","robots":{"index":"index","follow":"follow","max-snippet":"max-snippet:-1","max-image-preview":"max-image-preview:large","max-video-preview":"max-video-preview:-1"},"canonical":"https:\/\/www.csj-emballages.com\/it\/produit\/blocco-fatture-50-dupli-210-x-140-mm-elve\/","og_locale":"it_IT","og_type":"article","og_title":"Blocco fatture 50 dupli 210 x 140 mm ELVE","og_description":"Blocco fatture autoricalcante 50 dupli 210 x 140 mm. Conforme alla normativa, \u00e8 ideale per artigiani e lavoratori autonomi.","og_url":"https:\/\/www.csj-emballages.com\/it\/produit\/blocco-fatture-50-dupli-210-x-140-mm-elve\/","og_site_name":"CSJ Emballages","article_publisher":"https:\/\/www.facebook.com\/csjemballages","article_modified_time":"2026-04-14T00:11:24+00:00","og_image":[{"width":800,"height":800,"url":"https:\/\/www.csj-emballages.com\/wp-content\/uploads\/2024\/03\/2121.webp","type":"image\/webp"}],"twitter_card":"summary_large_image","twitter_misc":{"Dur\u00e9e de lecture estim\u00e9e":"1 minuto"},"schema":{"@context":"https:\/\/schema.org","@graph":[{"@type":"WebPage","@id":"https:\/\/www.csj-emballages.com\/it\/produit\/blocco-fatture-50-dupli-210-x-140-mm-elve\/","url":"https:\/\/www.csj-emballages.com\/it\/produit\/blocco-fatture-50-dupli-210-x-140-mm-elve\/","name":"Blocco fatture 50 dupli 210 x 140 mm","isPartOf":{"@id":"https:\/\/www.csj-emballages.com\/it\/#website"},"primaryImageOfPage":{"@id":"https:\/\/www.csj-emballages.com\/it\/produit\/blocco-fatture-50-dupli-210-x-140-mm-elve\/#primaryimage"},"image":{"@id":"https:\/\/www.csj-emballages.com\/it\/produit\/blocco-fatture-50-dupli-210-x-140-mm-elve\/#primaryimage"},"thumbnailUrl":"https:\/\/www.csj-emballages.com\/wp-content\/uploads\/2024\/03\/2121.webp","datePublished":"2024-03-01T15:59:16+00:00","dateModified":"2026-04-14T00:11:24+00:00","description":"Blocco fatture autoricalcante 50 dupli 210 x 140 mm. Conforme alla normativa, \u00e8 ideale per artigiani e lavoratori autonomi.","breadcrumb":{"@id":"https:\/\/www.csj-emballages.com\/it\/produit\/blocco-fatture-50-dupli-210-x-140-mm-elve\/#breadcrumb"},"inLanguage":"it-IT","potentialAction":[{"@type":"ReadAction","target":["https:\/\/www.csj-emballages.com\/it\/produit\/blocco-fatture-50-dupli-210-x-140-mm-elve\/"]}]},{"@type":"ImageObject","inLanguage":"it-IT","@id":"https:\/\/www.csj-emballages.com\/it\/produit\/blocco-fatture-50-dupli-210-x-140-mm-elve\/#primaryimage","url":"https:\/\/www.csj-emballages.com\/wp-content\/uploads\/2024\/03\/2121.webp","contentUrl":"https:\/\/www.csj-emballages.com\/wp-content\/uploads\/2024\/03\/2121.webp","width":800,"height":800,"caption":"Carnet facturier"},{"@type":"BreadcrumbList","@id":"https:\/\/www.csj-emballages.com\/it\/produit\/blocco-fatture-50-dupli-210-x-140-mm-elve\/#breadcrumb","itemListElement":[{"@type":"ListItem","position":1,"name":"Home","item":"https:\/\/www.csj-emballages.com\/it\/universo-imballaggi-alimentari\/"},{"@type":"ListItem","position":2,"name":"Negozio","item":"https:\/\/www.csj-emballages.com\/it\/negozio\/"},{"@type":"ListItem","position":3,"name":"Blocco fatture 50 dupli 210 x 140 mm ELVE"}]},{"@type":"WebSite","@id":"https:\/\/www.csj-emballages.com\/it\/#website","url":"https:\/\/www.csj-emballages.com\/it\/","name":"CSJ Emballages","description":"","publisher":{"@id":"https:\/\/www.csj-emballages.com\/it\/#organization"},"potentialAction":[{"@type":"SearchAction","target":{"@type":"EntryPoint","urlTemplate":"https:\/\/www.csj-emballages.com\/it\/?s={search_term_string}"},"query-input":{"@type":"PropertyValueSpecification","valueRequired":true,"valueName":"search_term_string"}}],"inLanguage":"it-IT"},{"@type":"Organization","@id":"https:\/\/www.csj-emballages.com\/it\/#Organization\/","name":"CSJ Emballages","url":"https:\/\/www.csj-emballages.com\/it\/","logo":{"@type":"ImageObject","inLanguage":"it-IT","@id":"https:\/\/www.csj-emballages.com\/it\/#\/schema\/logo\/image\/","url":"https:\/\/www.csj-emballages.com\/wp-content\/uploads\/2023\/10\/logo_csj.webp","contentUrl":"https:\/\/www.csj-emballages.com\/wp-content\/uploads\/2023\/10\/logo_csj.webp","width":250,"height":95,"caption":"CSJ Emballages"},"image":{"@id":"https:\/\/www.csj-emballages.com\/it\/#\/schema\/logo\/image\/"},"sameAs":["https:\/\/www.facebook.com\/csjemballages"],"address":{"@type":"PostalAddress","streetAddress":"ZI La Lechere","addressLocality":"Patornay","postalCode":"39130","addressCountry":"FR"},"contactPoint":[{"@type":"ContactPoint","contactType":"Service client","telephone":"0384254272","email":"contact@csj-emballages.com"}]}]}},"df_price":4.39,"df_sale_price":"","df_regular_price":4.39,"df_image_link":"https:\/\/www.csj-emballages.com\/wp-content\/uploads\/2024\/03\/2121-300x300.webp","tiered_pricing_type":"fixed","tiered_pricing_fixed_rules":[],"tiered_pricing_percentage_rules":[],"tiered_pricing_minimum":1,"tiered_pricing_roles_data":[],"_links":{"self":[{"href":"https:\/\/www.csj-emballages.com\/it\/wp-json\/wp\/v2\/product\/268325","targetHints":{"allow":["GET"]}}],"collection":[{"href":"https:\/\/www.csj-emballages.com\/it\/wp-json\/wp\/v2\/product"}],"about":[{"href":"https:\/\/www.csj-emballages.com\/it\/wp-json\/wp\/v2\/types\/product"}],"wp:featuredmedia":[{"embeddable":true,"href":"https:\/\/www.csj-emballages.com\/it\/wp-json\/wp\/v2\/media\/268326"}],"wp:attachment":[{"href":"https:\/\/www.csj-emballages.com\/it\/wp-json\/wp\/v2\/media?parent=268325"}],"wp:term":[{"taxonomy":"product_brand","embeddable":true,"href":"https:\/\/www.csj-emballages.com\/it\/wp-json\/wp\/v2\/product_brand?post=268325"},{"taxonomy":"product_cat","embeddable":true,"href":"https:\/\/www.csj-emballages.com\/it\/wp-json\/wp\/v2\/product_cat?post=268325"},{"taxonomy":"product_tag","embeddable":true,"href":"https:\/\/www.csj-emballages.com\/it\/wp-json\/wp\/v2\/product_tag?post=268325"}],"curies":[{"name":"wp","href":"https:\/\/api.w.org\/{rel}","templated":true}]}}