{"id":268286,"date":"2024-03-01T16:59:12","date_gmt":"2024-03-01T15:59:12","guid":{"rendered":"https:\/\/www.csj-emballages.com\/produit\/blocco-maitre-dhotel-50-copie-150-x-75-mm\/"},"modified":"2026-04-24T02:11:11","modified_gmt":"2026-04-24T00:11:11","slug":"blocco-maitre-dhotel-50-copie-150-x-75-mm","status":"publish","type":"product","link":"https:\/\/www.csj-emballages.com\/it\/produit\/blocco-maitre-dhotel-50-copie-150-x-75-mm\/","title":{"rendered":"Blocco ma\u00eetre d&#8217;h\u00f4tel 50 copie 150 x 75 mm"},"content":{"rendered":"<h2>Blocco ma\u00eetre d&#8217;h\u00f4tel<\/h2>\n<hr>\n<h3>Scopri il nostro blocco ma\u00eetre d&#8217;h\u00f4tel 50 copie 150 x 75 mm<\/h3>\n<p><!--more--><\/p>\n<p data-start=\"219\" data-end=\"570\">In un ristorante, un caff\u00e8 o un bar, tutto va veloce. Le comande si susseguono, i tavoli si riempiono e ogni dettaglio conta. \u00c8 qui che il <strong data-start=\"367\" data-end=\"411\">blocco ma\u00eetre d&#8217;h\u00f4tel 50 copie 150 x 75 mm<\/strong> diventa un vero alleato quotidiano. Compatto, pratico e facile da maneggiare, permette di annotare le comande in modo chiaro, senza perdere tempo n\u00e9 informazioni.   <\/p>\n<p data-start=\"572\" data-end=\"992\">Grazie al suo <strong data-start=\"584\" data-end=\"606\">formato 150 x 75 mm<\/strong>, sta perfettamente in mano o nella tasca del grembiule. Si scrive naturalmente, senza essere ostacolati dalle dimensioni del blocco. Il sistema <strong data-start=\"741\" data-end=\"750\">copia<\/strong> \u00e8 particolarmente utile: ogni <strong>presa di comanda<\/strong> viene fatta in <strong>doppia copia<\/strong>, il che permette di conservare una traccia trasmettendo al contempo una copia in cucina o al bar. Risultato: meno errori, migliore organizzazione e servizio pi\u00f9 fluido.   <\/p>\n<p data-start=\"994\" data-end=\"1259\">La <strong>carta<\/strong> offre una buona leggibilit\u00e0 e assorbe correttamente l&#8217;inchiostro, evitando sbavature. Anche durante il rush, le note restano chiare e utilizzabili. Con i suoi <strong data-start=\"1161\" data-end=\"1177\">50 fogli<\/strong>, questo <strong>blocco<\/strong> si adatta sia ai piccoli locali che ai servizi intensivi.  <\/p>\n<p data-start=\"1261\" data-end=\"1548\">Che tu sia cameriere, <strong>ma\u00eetre d&#8217;h\u00f4tel<\/strong> o <strong>gestore<\/strong>, questo <strong>blocco ma\u00eetre d&#8217;h\u00f4tel<\/strong> semplifica il lavoro quotidiano. Si integra naturalmente nella tua routine senza mai complicarla. Semplice, efficace e affidabile, risponde alle esigenze del campo, dove rapidit\u00e0 e precisione fanno tutta la differenza.  <\/p>\n<p data-start=\"1554\" data-end=\"1652\"><!--more--><\/p>\n<h4 data-start=\"1554\" data-end=\"1652\">Vantaggi:<\/h4>\n<ul>\n<li data-start=\"1576\" data-end=\"1614\">Formato compatto e facile da maneggiare.<\/li>\n<li data-start=\"1617\" data-end=\"1664\"><strong>Sistema copia<\/strong> per una migliore organizzazione.<\/li>\n<li data-start=\"1667\" data-end=\"1695\">Scrittura fluida e leggibile.<\/li>\n<li data-start=\"1698\" data-end=\"1742\">Ideale per ristoranti, bar e brasserie.<\/li>\n<li data-start=\"1745\" data-end=\"1792\"><strong>50 fogli<\/strong> pratici per un uso regolare.<\/li>\n<\/ul>\n<p>&nbsp;<\/p>\n<p><!--more--><\/p>\n<h4>Altre informazioni:<\/h4>\n<ul>\n<li><strong>Confezione<\/strong>: All&#8217;unit\u00e0<\/li>\n<li><strong>Dimensioni<\/strong>: 150 x 75 mm<\/li>\n<li><strong>Modello<\/strong>: Ma\u00eetre d&#8217;h\u00f4tel<\/li>\n<li><strong>Colore<\/strong>: Bianco &#8211; Rosso<\/li>\n<li><strong>Grammatura<\/strong>: 56-57 g\/m\u00b2<\/li>\n<li><strong>Numero di pagine-pieghe-fogli<\/strong>: 50 Copie<\/li>\n<\/ul>\n<p>&nbsp;<\/p>\n<p><!--more--><\/p>\n<p>Questo blocco ma\u00eetre d&#8217;h\u00f4tel disponibile anche in 165 x 85 mm: <span style=\"color: #d12727;\"><a style=\"color: #d12727;\" href=\"https:\/\/www.csj-emballages.com\/it\/produit\/blocco-comande-50-duplice-copia-165-x-85-mm\/\">2202<\/a><\/span><\/p>\n<p>&nbsp;<\/p>\n<p><!--more--><\/p>\n<p><a href=\"https:\/\/www.csj-emballages.com\/it\/categorie-produit\/imballaggi-alimentari\/boutique-e-negozio\/cartoleria-e-piccole-forniture\/blocchi\/\">Consulta il resto della nostra gamma di blocchi<\/a><\/p>\n","protected":false},"excerpt":{"rendered":"<p>Blocco ma\u00eetre d&#8217;h\u00f4tel Scopri il nostro blocco ma\u00eetre d&#8217;h\u00f4tel 50 copie 150 x 75 mm<\/p>\n","protected":false},"featured_media":268290,"template":"","meta":{"_acf_changed":false},"product_brand":[],"product_cat":[10346,10345,10352,10359],"product_tag":[],"class_list":{"0":"post-268286","1":"product","2":"type-product","3":"status-publish","4":"has-post-thumbnail","6":"product_cat-imballaggi-alimentari","7":"product_cat-boutique-e-negozio","8":"product_cat-cartoleria-e-piccole-forniture","9":"product_cat-blocchi","11":"first","12":"instock","13":"taxable","14":"shipping-taxable","15":"purchasable","16":"product-type-simple"},"acf":[],"yoast_head":"<!-- This site is optimized with the Yoast SEO Premium plugin v26.6 (Yoast SEO v26.6) - https:\/\/yoast.com\/wordpress\/plugins\/seo\/ -->\n<title>Blocco Ma\u00eetre d&#039;H\u00f4tel 50 Copie 150 x 75 mm<\/title>\n<meta name=\"description\" content=\"Blocco ma\u00eetre d&#039;h\u00f4tel 50 copie 150x75 mm, pratico e compatto. Ideale per annotare le comande rapidamente e conservare una copia chiara in cucina o al bar.\" \/>\n<meta name=\"robots\" content=\"index, follow, max-snippet:-1, max-image-preview:large, max-video-preview:-1\" \/>\n<link rel=\"canonical\" href=\"https:\/\/www.csj-emballages.com\/it\/produit\/blocco-maitre-dhotel-50-copie-150-x-75-mm\/\" \/>\n<meta property=\"og:locale\" content=\"it_IT\" \/>\n<meta property=\"og:type\" content=\"article\" \/>\n<meta property=\"og:title\" content=\"Blocco ma\u00eetre d&#039;h\u00f4tel 50 copie 150 x 75 mm\" \/>\n<meta property=\"og:description\" content=\"Blocco ma\u00eetre d&#039;h\u00f4tel 50 copie 150x75 mm, pratico e compatto. Ideale per annotare le comande rapidamente e conservare una copia chiara in cucina o al bar.\" \/>\n<meta property=\"og:url\" content=\"https:\/\/www.csj-emballages.com\/it\/produit\/blocco-maitre-dhotel-50-copie-150-x-75-mm\/\" \/>\n<meta property=\"og:site_name\" content=\"CSJ Emballages\" \/>\n<meta property=\"article:publisher\" content=\"https:\/\/www.facebook.com\/csjemballages\" \/>\n<meta property=\"article:modified_time\" content=\"2026-04-24T00:11:11+00:00\" \/>\n<meta property=\"og:image\" content=\"https:\/\/www.csj-emballages.com\/wp-content\/uploads\/2024\/03\/2222.webp\" \/>\n\t<meta property=\"og:image:width\" content=\"800\" \/>\n\t<meta property=\"og:image:height\" content=\"800\" \/>\n\t<meta property=\"og:image:type\" content=\"image\/webp\" \/>\n<meta name=\"twitter:card\" content=\"summary_large_image\" \/>\n<meta name=\"twitter:label1\" content=\"Dur\u00e9e de lecture estim\u00e9e\" \/>\n\t<meta name=\"twitter:data1\" content=\"1 minuto\" \/>\n<script type=\"application\/ld+json\" class=\"yoast-schema-graph\">{\"@context\":\"https:\/\/schema.org\",\"@graph\":[{\"@type\":\"WebPage\",\"@id\":\"https:\/\/www.csj-emballages.com\/it\/produit\/blocco-maitre-dhotel-50-copie-150-x-75-mm\/\",\"url\":\"https:\/\/www.csj-emballages.com\/it\/produit\/blocco-maitre-dhotel-50-copie-150-x-75-mm\/\",\"name\":\"Blocco Ma\u00eetre d'H\u00f4tel 50 Copie 150 x 75 mm\",\"isPartOf\":{\"@id\":\"https:\/\/www.csj-emballages.com\/it\/#website\"},\"primaryImageOfPage\":{\"@id\":\"https:\/\/www.csj-emballages.com\/it\/produit\/blocco-maitre-dhotel-50-copie-150-x-75-mm\/#primaryimage\"},\"image\":{\"@id\":\"https:\/\/www.csj-emballages.com\/it\/produit\/blocco-maitre-dhotel-50-copie-150-x-75-mm\/#primaryimage\"},\"thumbnailUrl\":\"https:\/\/www.csj-emballages.com\/wp-content\/uploads\/2024\/03\/2222.webp\",\"datePublished\":\"2024-03-01T15:59:12+00:00\",\"dateModified\":\"2026-04-24T00:11:11+00:00\",\"description\":\"Blocco ma\u00eetre d'h\u00f4tel 50 copie 150x75 mm, pratico e compatto. Ideale per annotare le comande rapidamente e conservare una copia chiara in cucina o al bar.\",\"breadcrumb\":{\"@id\":\"https:\/\/www.csj-emballages.com\/it\/produit\/blocco-maitre-dhotel-50-copie-150-x-75-mm\/#breadcrumb\"},\"inLanguage\":\"it-IT\",\"potentialAction\":[{\"@type\":\"ReadAction\",\"target\":[\"https:\/\/www.csj-emballages.com\/it\/produit\/blocco-maitre-dhotel-50-copie-150-x-75-mm\/\"]}]},{\"@type\":\"ImageObject\",\"inLanguage\":\"it-IT\",\"@id\":\"https:\/\/www.csj-emballages.com\/it\/produit\/blocco-maitre-dhotel-50-copie-150-x-75-mm\/#primaryimage\",\"url\":\"https:\/\/www.csj-emballages.com\/wp-content\/uploads\/2024\/03\/2222.webp\",\"contentUrl\":\"https:\/\/www.csj-emballages.com\/wp-content\/uploads\/2024\/03\/2222.webp\",\"width\":800,\"height\":800,\"caption\":\"Bloc ma\u00eetre d'h\u00f4tel\"},{\"@type\":\"BreadcrumbList\",\"@id\":\"https:\/\/www.csj-emballages.com\/it\/produit\/blocco-maitre-dhotel-50-copie-150-x-75-mm\/#breadcrumb\",\"itemListElement\":[{\"@type\":\"ListItem\",\"position\":1,\"name\":\"Home\",\"item\":\"https:\/\/www.csj-emballages.com\/it\/universo-imballaggi-alimentari\/\"},{\"@type\":\"ListItem\",\"position\":2,\"name\":\"Negozio\",\"item\":\"https:\/\/www.csj-emballages.com\/it\/negozio\/\"},{\"@type\":\"ListItem\",\"position\":3,\"name\":\"Blocco ma\u00eetre d&rsquo;h\u00f4tel 50 copie 150 x 75 mm\"}]},{\"@type\":\"WebSite\",\"@id\":\"https:\/\/www.csj-emballages.com\/it\/#website\",\"url\":\"https:\/\/www.csj-emballages.com\/it\/\",\"name\":\"CSJ Emballages\",\"description\":\"\",\"publisher\":{\"@id\":\"https:\/\/www.csj-emballages.com\/it\/#organization\"},\"potentialAction\":[{\"@type\":\"SearchAction\",\"target\":{\"@type\":\"EntryPoint\",\"urlTemplate\":\"https:\/\/www.csj-emballages.com\/it\/?s={search_term_string}\"},\"query-input\":{\"@type\":\"PropertyValueSpecification\",\"valueRequired\":true,\"valueName\":\"search_term_string\"}}],\"inLanguage\":\"it-IT\"},{\"@type\":\"Organization\",\"@id\":\"https:\/\/www.csj-emballages.com\/it\/#Organization\/\",\"name\":\"CSJ Emballages\",\"url\":\"https:\/\/www.csj-emballages.com\/it\/\",\"logo\":{\"@type\":\"ImageObject\",\"inLanguage\":\"it-IT\",\"@id\":\"https:\/\/www.csj-emballages.com\/it\/#\/schema\/logo\/image\/\",\"url\":\"https:\/\/www.csj-emballages.com\/wp-content\/uploads\/2023\/10\/logo_csj.webp\",\"contentUrl\":\"https:\/\/www.csj-emballages.com\/wp-content\/uploads\/2023\/10\/logo_csj.webp\",\"width\":250,\"height\":95,\"caption\":\"CSJ Emballages\"},\"image\":{\"@id\":\"https:\/\/www.csj-emballages.com\/it\/#\/schema\/logo\/image\/\"},\"sameAs\":[\"https:\/\/www.facebook.com\/csjemballages\"],\"address\":{\"@type\":\"PostalAddress\",\"streetAddress\":\"ZI La Lechere\",\"addressLocality\":\"Patornay\",\"postalCode\":\"39130\",\"addressCountry\":\"FR\"},\"contactPoint\":[{\"@type\":\"ContactPoint\",\"contactType\":\"Service client\",\"telephone\":\"0384254272\",\"email\":\"contact@csj-emballages.com\"}]}]}<\/script>\n<!-- \/ Yoast SEO Premium plugin. -->","yoast_head_json":{"title":"Blocco Ma\u00eetre d'H\u00f4tel 50 Copie 150 x 75 mm","description":"Blocco ma\u00eetre d'h\u00f4tel 50 copie 150x75 mm, pratico e compatto. Ideale per annotare le comande rapidamente e conservare una copia chiara in cucina o al bar.","robots":{"index":"index","follow":"follow","max-snippet":"max-snippet:-1","max-image-preview":"max-image-preview:large","max-video-preview":"max-video-preview:-1"},"canonical":"https:\/\/www.csj-emballages.com\/it\/produit\/blocco-maitre-dhotel-50-copie-150-x-75-mm\/","og_locale":"it_IT","og_type":"article","og_title":"Blocco ma\u00eetre d'h\u00f4tel 50 copie 150 x 75 mm","og_description":"Blocco ma\u00eetre d'h\u00f4tel 50 copie 150x75 mm, pratico e compatto. Ideale per annotare le comande rapidamente e conservare una copia chiara in cucina o al bar.","og_url":"https:\/\/www.csj-emballages.com\/it\/produit\/blocco-maitre-dhotel-50-copie-150-x-75-mm\/","og_site_name":"CSJ Emballages","article_publisher":"https:\/\/www.facebook.com\/csjemballages","article_modified_time":"2026-04-24T00:11:11+00:00","og_image":[{"width":800,"height":800,"url":"https:\/\/www.csj-emballages.com\/wp-content\/uploads\/2024\/03\/2222.webp","type":"image\/webp"}],"twitter_card":"summary_large_image","twitter_misc":{"Dur\u00e9e de lecture estim\u00e9e":"1 minuto"},"schema":{"@context":"https:\/\/schema.org","@graph":[{"@type":"WebPage","@id":"https:\/\/www.csj-emballages.com\/it\/produit\/blocco-maitre-dhotel-50-copie-150-x-75-mm\/","url":"https:\/\/www.csj-emballages.com\/it\/produit\/blocco-maitre-dhotel-50-copie-150-x-75-mm\/","name":"Blocco Ma\u00eetre d'H\u00f4tel 50 Copie 150 x 75 mm","isPartOf":{"@id":"https:\/\/www.csj-emballages.com\/it\/#website"},"primaryImageOfPage":{"@id":"https:\/\/www.csj-emballages.com\/it\/produit\/blocco-maitre-dhotel-50-copie-150-x-75-mm\/#primaryimage"},"image":{"@id":"https:\/\/www.csj-emballages.com\/it\/produit\/blocco-maitre-dhotel-50-copie-150-x-75-mm\/#primaryimage"},"thumbnailUrl":"https:\/\/www.csj-emballages.com\/wp-content\/uploads\/2024\/03\/2222.webp","datePublished":"2024-03-01T15:59:12+00:00","dateModified":"2026-04-24T00:11:11+00:00","description":"Blocco ma\u00eetre d'h\u00f4tel 50 copie 150x75 mm, pratico e compatto. Ideale per annotare le comande rapidamente e conservare una copia chiara in cucina o al bar.","breadcrumb":{"@id":"https:\/\/www.csj-emballages.com\/it\/produit\/blocco-maitre-dhotel-50-copie-150-x-75-mm\/#breadcrumb"},"inLanguage":"it-IT","potentialAction":[{"@type":"ReadAction","target":["https:\/\/www.csj-emballages.com\/it\/produit\/blocco-maitre-dhotel-50-copie-150-x-75-mm\/"]}]},{"@type":"ImageObject","inLanguage":"it-IT","@id":"https:\/\/www.csj-emballages.com\/it\/produit\/blocco-maitre-dhotel-50-copie-150-x-75-mm\/#primaryimage","url":"https:\/\/www.csj-emballages.com\/wp-content\/uploads\/2024\/03\/2222.webp","contentUrl":"https:\/\/www.csj-emballages.com\/wp-content\/uploads\/2024\/03\/2222.webp","width":800,"height":800,"caption":"Bloc ma\u00eetre d'h\u00f4tel"},{"@type":"BreadcrumbList","@id":"https:\/\/www.csj-emballages.com\/it\/produit\/blocco-maitre-dhotel-50-copie-150-x-75-mm\/#breadcrumb","itemListElement":[{"@type":"ListItem","position":1,"name":"Home","item":"https:\/\/www.csj-emballages.com\/it\/universo-imballaggi-alimentari\/"},{"@type":"ListItem","position":2,"name":"Negozio","item":"https:\/\/www.csj-emballages.com\/it\/negozio\/"},{"@type":"ListItem","position":3,"name":"Blocco ma\u00eetre d&rsquo;h\u00f4tel 50 copie 150 x 75 mm"}]},{"@type":"WebSite","@id":"https:\/\/www.csj-emballages.com\/it\/#website","url":"https:\/\/www.csj-emballages.com\/it\/","name":"CSJ Emballages","description":"","publisher":{"@id":"https:\/\/www.csj-emballages.com\/it\/#organization"},"potentialAction":[{"@type":"SearchAction","target":{"@type":"EntryPoint","urlTemplate":"https:\/\/www.csj-emballages.com\/it\/?s={search_term_string}"},"query-input":{"@type":"PropertyValueSpecification","valueRequired":true,"valueName":"search_term_string"}}],"inLanguage":"it-IT"},{"@type":"Organization","@id":"https:\/\/www.csj-emballages.com\/it\/#Organization\/","name":"CSJ Emballages","url":"https:\/\/www.csj-emballages.com\/it\/","logo":{"@type":"ImageObject","inLanguage":"it-IT","@id":"https:\/\/www.csj-emballages.com\/it\/#\/schema\/logo\/image\/","url":"https:\/\/www.csj-emballages.com\/wp-content\/uploads\/2023\/10\/logo_csj.webp","contentUrl":"https:\/\/www.csj-emballages.com\/wp-content\/uploads\/2023\/10\/logo_csj.webp","width":250,"height":95,"caption":"CSJ Emballages"},"image":{"@id":"https:\/\/www.csj-emballages.com\/it\/#\/schema\/logo\/image\/"},"sameAs":["https:\/\/www.facebook.com\/csjemballages"],"address":{"@type":"PostalAddress","streetAddress":"ZI La Lechere","addressLocality":"Patornay","postalCode":"39130","addressCountry":"FR"},"contactPoint":[{"@type":"ContactPoint","contactType":"Service client","telephone":"0384254272","email":"contact@csj-emballages.com"}]}]}},"df_price":1.24,"df_sale_price":"","df_regular_price":1.24,"df_image_link":"https:\/\/www.csj-emballages.com\/wp-content\/uploads\/2024\/03\/2222-300x300.webp","tiered_pricing_type":"fixed","tiered_pricing_fixed_rules":[],"tiered_pricing_percentage_rules":[],"tiered_pricing_minimum":1,"tiered_pricing_roles_data":[],"_links":{"self":[{"href":"https:\/\/www.csj-emballages.com\/it\/wp-json\/wp\/v2\/product\/268286","targetHints":{"allow":["GET"]}}],"collection":[{"href":"https:\/\/www.csj-emballages.com\/it\/wp-json\/wp\/v2\/product"}],"about":[{"href":"https:\/\/www.csj-emballages.com\/it\/wp-json\/wp\/v2\/types\/product"}],"wp:featuredmedia":[{"embeddable":true,"href":"https:\/\/www.csj-emballages.com\/it\/wp-json\/wp\/v2\/media\/268290"}],"wp:attachment":[{"href":"https:\/\/www.csj-emballages.com\/it\/wp-json\/wp\/v2\/media?parent=268286"}],"wp:term":[{"taxonomy":"product_brand","embeddable":true,"href":"https:\/\/www.csj-emballages.com\/it\/wp-json\/wp\/v2\/product_brand?post=268286"},{"taxonomy":"product_cat","embeddable":true,"href":"https:\/\/www.csj-emballages.com\/it\/wp-json\/wp\/v2\/product_cat?post=268286"},{"taxonomy":"product_tag","embeddable":true,"href":"https:\/\/www.csj-emballages.com\/it\/wp-json\/wp\/v2\/product_tag?post=268286"}],"curies":[{"name":"wp","href":"https:\/\/api.w.org\/{rel}","templated":true}]}}