{"id":268258,"date":"2024-03-01T16:59:09","date_gmt":"2024-03-01T15:59:09","guid":{"rendered":"https:\/\/www.csj-emballages.com\/produit\/gel-idroalcolico-5l\/"},"modified":"2026-03-12T16:08:26","modified_gmt":"2026-03-12T15:08:26","slug":"gel-idroalcolico-5l","status":"publish","type":"product","link":"https:\/\/www.csj-emballages.com\/it\/produit\/gel-idroalcolico-5l\/","title":{"rendered":"Gel idroalcolico 5L"},"content":{"rendered":"<h2 class=\"p1 ai-optimize-35 ai-optimize-introduction\">Gel idroalcolico<\/h2>\n<hr>\n<h3 class=\"ai-optimize-34\">Descrizione del nostro gel idroalcolico 5L<\/h3>\n<p><!--more--><\/p>\n<p class=\"ai-optimize-32 ai-optimize-introduction\" data-start=\"221\" data-end=\"672\">Questa <strong>tanica di gel idroalcolico da 5 litri<\/strong> \u00e8 la soluzione ideale per una <strong data-start=\"294\" data-end=\"339\">disinfezione rapida ed efficace delle mani<\/strong>, senza acqua n\u00e9 sapone. Progettata per soddisfare le esigenze dei settori professionali pi\u00f9 rigorosi, \u00e8 <strong data-start=\"446\" data-end=\"483\">raccomandata per un uso intensivo<\/strong>, in particolare in <strong data-start=\"504\" data-end=\"565\">ambiti medici, ospedalieri o nella ristorazione<\/strong>, ma anche in luoghi aperti al pubblico come uffici, negozi o scuole. <\/p>\n<p class=\"ai-optimize-33\" data-start=\"674\" data-end=\"1057\">Grazie alla sua <strong data-start=\"685\" data-end=\"720\">formula senza profumo n\u00e9 coloranti<\/strong>, questo <strong>gel<\/strong> limita i rischi di allergie o irritazioni, anche in caso di uso frequente. \u00c8 <strong data-start=\"820\" data-end=\"848\">dermatologicamente testato<\/strong> e rispetta l&#8217;equilibrio cutaneo, garantendo al contempo una rapida <strong data-start=\"902\" data-end=\"947\">azione battericida, fungicida e virucida<\/strong>. La sua texture fluida permette un&#8217;applicazione piacevole e un&#8217;asciugatura rapida, senza appiccicare o lasciare residui.  <\/p>\n<p class=\"ai-optimize-34\" data-start=\"1059\" data-end=\"1380\">Inoltre, questo formato da <strong>5L<\/strong> \u00e8 <strong data-start=\"1076\" data-end=\"1150\">perfetto per ricaricare dispenser automatici o manuali<\/strong> e offre un eccellente rapporto volume\/prezzo per le strutture che desiderano unire igiene e controllo dei costi. Rispetta le norme vigenti per la disinfezione delle mani, anche <strong data-start=\"1345\" data-end=\"1379\">in ambito preoperatorio<\/strong>. <\/p>\n<p class=\"ai-optimize-35\" data-start=\"1382\" data-end=\"1519\">In breve, un prodotto affidabile, pensato per i professionisti ma accessibile a chiunque voglia proteggere efficacemente chi lo circonda.<\/p>\n<p data-start=\"1382\" data-end=\"1519\">\n<p><!--more--><\/p>\n<h4 class=\"ai-optimize-37\"><strong>I suoi vantaggi:<\/strong><\/h4>\n<ul>\n<li class=\"ai-optimize-38\">Formula senza risciacquo, rapida da usare.<\/li>\n<li class=\"ai-optimize-39\">Senza profumo n\u00e9 coloranti, limita le reazioni allergiche.<\/li>\n<li class=\"ai-optimize-40\">Potente potere disinfettante (battericida, fungicida, virucida).<\/li>\n<li class=\"ai-optimize-42\">Grazie al formato economico, \u00e8 pratico per le ricariche.<\/li>\n<\/ul>\n<p>&nbsp;<\/p>\n<p><!--more--><\/p>\n<h4 class=\"ai-optimize-44\">Altre informazioni:<\/h4>\n<ul>\n<li class=\"ai-optimize-45\"><strong>Confezione<\/strong>: Singola<\/li>\n<li class=\"ai-optimize-47\"><strong>Utilizzo<\/strong>: Gel idroalcolico<\/li>\n<li class=\"ai-optimize-32\"><strong>Colore<\/strong>: Incolore<\/li>\n<li class=\"ai-optimize-35\"><strong>Volume<\/strong>: 5 litri<\/li>\n<\/ul>\n<p>&nbsp;<\/p>\n<p><!--more--><\/p>\n<p class=\"ai-optimize-34\">Trovi qui il nostro gel idroalcolico con dosatore da 500 ml: <span style=\"color: #d12727;\"><a style=\"color: #d12727;\" href=\"https:\/\/www.csj-emballages.com\/it\/produit\/gel-idroalcolico-con-dosatore-500-ml\/\">GH500<\/a><\/span><\/p>\n<p>&nbsp;<\/p>\n<p><!--more--><\/p>\n<p class=\"ai-optimize-41\"><a href=\"https:\/\/www.csj-emballages.com\/it\/categorie-produit\/igiene-e-manutenzione\/prodotti-per-la-pulizia\/igiene-personale\/gel-idroalcolici\/\">Consulta il resto della nostra gamma di gel idroalcolici<\/a><\/p>\n","protected":false},"excerpt":{"rendered":"<p>Gel idroalcolico Descrizione del nostro gel idroalcolico 5L<\/p>\n","protected":false},"featured_media":268259,"template":"","meta":{"_acf_changed":false},"product_brand":[],"product_cat":[10356,10360,10368,10369],"product_tag":[],"class_list":{"0":"post-268258","1":"product","2":"type-product","3":"status-publish","4":"has-post-thumbnail","6":"product_cat-igiene-e-manutenzione","7":"product_cat-prodotti-per-la-pulizia","8":"product_cat-igiene-personale","9":"product_cat-gel-idroalcolici","10":"product_shipping_class-vietato-in-punto-di-ritiro","12":"first","13":"instock","14":"taxable","15":"shipping-taxable","16":"purchasable","17":"product-type-simple"},"acf":[],"yoast_head":"<!-- This site is optimized with the Yoast SEO Premium plugin v26.6 (Yoast SEO v26.6) - https:\/\/yoast.com\/wordpress\/plugins\/seo\/ -->\n<title>Gel Idroalcolico 5L<\/title>\n<meta name=\"description\" content=\"Gel idroalcolico 5L senza profumo n\u00e9 coloranti, ideale per uso medico o professionale. Efficace, economico e dermatologicamente testato.\" \/>\n<meta name=\"robots\" content=\"index, follow, max-snippet:-1, max-image-preview:large, max-video-preview:-1\" \/>\n<link rel=\"canonical\" href=\"https:\/\/www.csj-emballages.com\/it\/produit\/gel-idroalcolico-5l\/\" \/>\n<meta property=\"og:locale\" content=\"it_IT\" \/>\n<meta property=\"og:type\" content=\"article\" \/>\n<meta property=\"og:title\" content=\"Gel idroalcolico 5L\" \/>\n<meta property=\"og:description\" content=\"Gel idroalcolico 5L senza profumo n\u00e9 coloranti, ideale per uso medico o professionale. Efficace, economico e dermatologicamente testato.\" \/>\n<meta property=\"og:url\" content=\"https:\/\/www.csj-emballages.com\/it\/produit\/gel-idroalcolico-5l\/\" \/>\n<meta property=\"og:site_name\" content=\"CSJ Emballages\" \/>\n<meta property=\"article:publisher\" content=\"https:\/\/www.facebook.com\/csjemballages\" \/>\n<meta property=\"article:modified_time\" content=\"2026-03-12T15:08:26+00:00\" \/>\n<meta property=\"og:image\" content=\"https:\/\/www.csj-emballages.com\/wp-content\/uploads\/2024\/03\/31315.webp\" \/>\n\t<meta property=\"og:image:width\" content=\"800\" \/>\n\t<meta property=\"og:image:height\" content=\"800\" \/>\n\t<meta property=\"og:image:type\" content=\"image\/webp\" \/>\n<meta name=\"twitter:card\" content=\"summary_large_image\" \/>\n<meta name=\"twitter:label1\" content=\"Dur\u00e9e de lecture estim\u00e9e\" \/>\n\t<meta name=\"twitter:data1\" content=\"1 minuto\" \/>\n<script type=\"application\/ld+json\" class=\"yoast-schema-graph\">{\"@context\":\"https:\/\/schema.org\",\"@graph\":[{\"@type\":\"WebPage\",\"@id\":\"https:\/\/www.csj-emballages.com\/it\/produit\/gel-idroalcolico-5l\/\",\"url\":\"https:\/\/www.csj-emballages.com\/it\/produit\/gel-idroalcolico-5l\/\",\"name\":\"Gel Idroalcolico 5L\",\"isPartOf\":{\"@id\":\"https:\/\/www.csj-emballages.com\/it\/#website\"},\"primaryImageOfPage\":{\"@id\":\"https:\/\/www.csj-emballages.com\/it\/produit\/gel-idroalcolico-5l\/#primaryimage\"},\"image\":{\"@id\":\"https:\/\/www.csj-emballages.com\/it\/produit\/gel-idroalcolico-5l\/#primaryimage\"},\"thumbnailUrl\":\"https:\/\/www.csj-emballages.com\/wp-content\/uploads\/2024\/03\/31315.webp\",\"datePublished\":\"2024-03-01T15:59:09+00:00\",\"dateModified\":\"2026-03-12T15:08:26+00:00\",\"description\":\"Gel idroalcolico 5L senza profumo n\u00e9 coloranti, ideale per uso medico o professionale. Efficace, economico e dermatologicamente testato.\",\"breadcrumb\":{\"@id\":\"https:\/\/www.csj-emballages.com\/it\/produit\/gel-idroalcolico-5l\/#breadcrumb\"},\"inLanguage\":\"it-IT\",\"potentialAction\":[{\"@type\":\"ReadAction\",\"target\":[\"https:\/\/www.csj-emballages.com\/it\/produit\/gel-idroalcolico-5l\/\"]}]},{\"@type\":\"ImageObject\",\"inLanguage\":\"it-IT\",\"@id\":\"https:\/\/www.csj-emballages.com\/it\/produit\/gel-idroalcolico-5l\/#primaryimage\",\"url\":\"https:\/\/www.csj-emballages.com\/wp-content\/uploads\/2024\/03\/31315.webp\",\"contentUrl\":\"https:\/\/www.csj-emballages.com\/wp-content\/uploads\/2024\/03\/31315.webp\",\"width\":800,\"height\":800,\"caption\":\"Gel hydroalcoolique\"},{\"@type\":\"BreadcrumbList\",\"@id\":\"https:\/\/www.csj-emballages.com\/it\/produit\/gel-idroalcolico-5l\/#breadcrumb\",\"itemListElement\":[{\"@type\":\"ListItem\",\"position\":1,\"name\":\"Home\",\"item\":\"https:\/\/www.csj-emballages.com\/it\/universo-imballaggi-alimentari\/\"},{\"@type\":\"ListItem\",\"position\":2,\"name\":\"Negozio\",\"item\":\"https:\/\/www.csj-emballages.com\/it\/negozio\/\"},{\"@type\":\"ListItem\",\"position\":3,\"name\":\"Gel idroalcolico 5L\"}]},{\"@type\":\"WebSite\",\"@id\":\"https:\/\/www.csj-emballages.com\/it\/#website\",\"url\":\"https:\/\/www.csj-emballages.com\/it\/\",\"name\":\"CSJ Emballages\",\"description\":\"\",\"publisher\":{\"@id\":\"https:\/\/www.csj-emballages.com\/it\/#organization\"},\"potentialAction\":[{\"@type\":\"SearchAction\",\"target\":{\"@type\":\"EntryPoint\",\"urlTemplate\":\"https:\/\/www.csj-emballages.com\/it\/?s={search_term_string}\"},\"query-input\":{\"@type\":\"PropertyValueSpecification\",\"valueRequired\":true,\"valueName\":\"search_term_string\"}}],\"inLanguage\":\"it-IT\"},{\"@type\":\"Organization\",\"@id\":\"https:\/\/www.csj-emballages.com\/it\/#Organization\/\",\"name\":\"CSJ Emballages\",\"url\":\"https:\/\/www.csj-emballages.com\/it\/\",\"logo\":{\"@type\":\"ImageObject\",\"inLanguage\":\"it-IT\",\"@id\":\"https:\/\/www.csj-emballages.com\/it\/#\/schema\/logo\/image\/\",\"url\":\"https:\/\/www.csj-emballages.com\/wp-content\/uploads\/2023\/10\/logo_csj.webp\",\"contentUrl\":\"https:\/\/www.csj-emballages.com\/wp-content\/uploads\/2023\/10\/logo_csj.webp\",\"width\":250,\"height\":95,\"caption\":\"CSJ Emballages\"},\"image\":{\"@id\":\"https:\/\/www.csj-emballages.com\/it\/#\/schema\/logo\/image\/\"},\"sameAs\":[\"https:\/\/www.facebook.com\/csjemballages\"],\"address\":{\"@type\":\"PostalAddress\",\"streetAddress\":\"ZI La Lechere\",\"addressLocality\":\"Patornay\",\"postalCode\":\"39130\",\"addressCountry\":\"FR\"},\"contactPoint\":[{\"@type\":\"ContactPoint\",\"contactType\":\"Service client\",\"telephone\":\"0384254272\",\"email\":\"contact@csj-emballages.com\"}]}]}<\/script>\n<!-- \/ Yoast SEO Premium plugin. -->","yoast_head_json":{"title":"Gel Idroalcolico 5L","description":"Gel idroalcolico 5L senza profumo n\u00e9 coloranti, ideale per uso medico o professionale. Efficace, economico e dermatologicamente testato.","robots":{"index":"index","follow":"follow","max-snippet":"max-snippet:-1","max-image-preview":"max-image-preview:large","max-video-preview":"max-video-preview:-1"},"canonical":"https:\/\/www.csj-emballages.com\/it\/produit\/gel-idroalcolico-5l\/","og_locale":"it_IT","og_type":"article","og_title":"Gel idroalcolico 5L","og_description":"Gel idroalcolico 5L senza profumo n\u00e9 coloranti, ideale per uso medico o professionale. Efficace, economico e dermatologicamente testato.","og_url":"https:\/\/www.csj-emballages.com\/it\/produit\/gel-idroalcolico-5l\/","og_site_name":"CSJ Emballages","article_publisher":"https:\/\/www.facebook.com\/csjemballages","article_modified_time":"2026-03-12T15:08:26+00:00","og_image":[{"width":800,"height":800,"url":"https:\/\/www.csj-emballages.com\/wp-content\/uploads\/2024\/03\/31315.webp","type":"image\/webp"}],"twitter_card":"summary_large_image","twitter_misc":{"Dur\u00e9e de lecture estim\u00e9e":"1 minuto"},"schema":{"@context":"https:\/\/schema.org","@graph":[{"@type":"WebPage","@id":"https:\/\/www.csj-emballages.com\/it\/produit\/gel-idroalcolico-5l\/","url":"https:\/\/www.csj-emballages.com\/it\/produit\/gel-idroalcolico-5l\/","name":"Gel Idroalcolico 5L","isPartOf":{"@id":"https:\/\/www.csj-emballages.com\/it\/#website"},"primaryImageOfPage":{"@id":"https:\/\/www.csj-emballages.com\/it\/produit\/gel-idroalcolico-5l\/#primaryimage"},"image":{"@id":"https:\/\/www.csj-emballages.com\/it\/produit\/gel-idroalcolico-5l\/#primaryimage"},"thumbnailUrl":"https:\/\/www.csj-emballages.com\/wp-content\/uploads\/2024\/03\/31315.webp","datePublished":"2024-03-01T15:59:09+00:00","dateModified":"2026-03-12T15:08:26+00:00","description":"Gel idroalcolico 5L senza profumo n\u00e9 coloranti, ideale per uso medico o professionale. Efficace, economico e dermatologicamente testato.","breadcrumb":{"@id":"https:\/\/www.csj-emballages.com\/it\/produit\/gel-idroalcolico-5l\/#breadcrumb"},"inLanguage":"it-IT","potentialAction":[{"@type":"ReadAction","target":["https:\/\/www.csj-emballages.com\/it\/produit\/gel-idroalcolico-5l\/"]}]},{"@type":"ImageObject","inLanguage":"it-IT","@id":"https:\/\/www.csj-emballages.com\/it\/produit\/gel-idroalcolico-5l\/#primaryimage","url":"https:\/\/www.csj-emballages.com\/wp-content\/uploads\/2024\/03\/31315.webp","contentUrl":"https:\/\/www.csj-emballages.com\/wp-content\/uploads\/2024\/03\/31315.webp","width":800,"height":800,"caption":"Gel hydroalcoolique"},{"@type":"BreadcrumbList","@id":"https:\/\/www.csj-emballages.com\/it\/produit\/gel-idroalcolico-5l\/#breadcrumb","itemListElement":[{"@type":"ListItem","position":1,"name":"Home","item":"https:\/\/www.csj-emballages.com\/it\/universo-imballaggi-alimentari\/"},{"@type":"ListItem","position":2,"name":"Negozio","item":"https:\/\/www.csj-emballages.com\/it\/negozio\/"},{"@type":"ListItem","position":3,"name":"Gel idroalcolico 5L"}]},{"@type":"WebSite","@id":"https:\/\/www.csj-emballages.com\/it\/#website","url":"https:\/\/www.csj-emballages.com\/it\/","name":"CSJ Emballages","description":"","publisher":{"@id":"https:\/\/www.csj-emballages.com\/it\/#organization"},"potentialAction":[{"@type":"SearchAction","target":{"@type":"EntryPoint","urlTemplate":"https:\/\/www.csj-emballages.com\/it\/?s={search_term_string}"},"query-input":{"@type":"PropertyValueSpecification","valueRequired":true,"valueName":"search_term_string"}}],"inLanguage":"it-IT"},{"@type":"Organization","@id":"https:\/\/www.csj-emballages.com\/it\/#Organization\/","name":"CSJ Emballages","url":"https:\/\/www.csj-emballages.com\/it\/","logo":{"@type":"ImageObject","inLanguage":"it-IT","@id":"https:\/\/www.csj-emballages.com\/it\/#\/schema\/logo\/image\/","url":"https:\/\/www.csj-emballages.com\/wp-content\/uploads\/2023\/10\/logo_csj.webp","contentUrl":"https:\/\/www.csj-emballages.com\/wp-content\/uploads\/2023\/10\/logo_csj.webp","width":250,"height":95,"caption":"CSJ Emballages"},"image":{"@id":"https:\/\/www.csj-emballages.com\/it\/#\/schema\/logo\/image\/"},"sameAs":["https:\/\/www.facebook.com\/csjemballages"],"address":{"@type":"PostalAddress","streetAddress":"ZI La Lechere","addressLocality":"Patornay","postalCode":"39130","addressCountry":"FR"},"contactPoint":[{"@type":"ContactPoint","contactType":"Service client","telephone":"0384254272","email":"contact@csj-emballages.com"}]}]}},"df_price":24.56,"df_sale_price":"","df_regular_price":24.56,"df_image_link":"https:\/\/www.csj-emballages.com\/wp-content\/uploads\/2024\/03\/31315-300x300.webp","tiered_pricing_type":"fixed","tiered_pricing_fixed_rules":[],"tiered_pricing_percentage_rules":[],"tiered_pricing_minimum":1,"tiered_pricing_roles_data":[],"_links":{"self":[{"href":"https:\/\/www.csj-emballages.com\/it\/wp-json\/wp\/v2\/product\/268258","targetHints":{"allow":["GET"]}}],"collection":[{"href":"https:\/\/www.csj-emballages.com\/it\/wp-json\/wp\/v2\/product"}],"about":[{"href":"https:\/\/www.csj-emballages.com\/it\/wp-json\/wp\/v2\/types\/product"}],"wp:featuredmedia":[{"embeddable":true,"href":"https:\/\/www.csj-emballages.com\/it\/wp-json\/wp\/v2\/media\/268259"}],"wp:attachment":[{"href":"https:\/\/www.csj-emballages.com\/it\/wp-json\/wp\/v2\/media?parent=268258"}],"wp:term":[{"taxonomy":"product_brand","embeddable":true,"href":"https:\/\/www.csj-emballages.com\/it\/wp-json\/wp\/v2\/product_brand?post=268258"},{"taxonomy":"product_cat","embeddable":true,"href":"https:\/\/www.csj-emballages.com\/it\/wp-json\/wp\/v2\/product_cat?post=268258"},{"taxonomy":"product_tag","embeddable":true,"href":"https:\/\/www.csj-emballages.com\/it\/wp-json\/wp\/v2\/product_tag?post=268258"}],"curies":[{"name":"wp","href":"https:\/\/api.w.org\/{rel}","templated":true}]}}