{"id":268245,"date":"2024-03-01T16:57:46","date_gmt":"2024-03-01T15:57:46","guid":{"rendered":"https:\/\/www.csj-emballages.com\/produit\/bicchiere-in-cartoncino-per-acqua-175-cl-confezione-da-50\/"},"modified":"2026-03-26T02:11:02","modified_gmt":"2026-03-26T01:11:02","slug":"bicchiere-in-cartoncino-per-acqua-175-cl-confezione-da-50","status":"publish","type":"product","link":"https:\/\/www.csj-emballages.com\/it\/produit\/bicchiere-in-cartoncino-per-acqua-175-cl-confezione-da-50\/","title":{"rendered":"Bicchiere in cartoncino per acqua 17,5 cl, confezione da 50"},"content":{"rendered":"<h2>Bicchiere per acqua<\/h2>\n<hr>\n<h3>Scopri il nostro bicchiere in cartoncino per acqua 17,5 cl, confezione da 50<\/h3>\n<p><!--more--><\/p>\n<p data-start=\"252\" data-end=\"645\">Questo <strong data-start=\"255\" data-end=\"290\">bicchiere in cartoncino per acqua da 17,5 cl<\/strong> \u00e8 il compagno ideale per ogni piccola pausa, in ufficio, in sala d&#8217;attesa, durante un evento o vicino a un distributore d&#8217;acqua. Il suo <strong>design essenziale,<\/strong> decorato con un&#8217;<strong>onda azzurra<\/strong>, trasmette un&#8217;immediata sensazione di freschezza. Gi\u00e0 solo a guardarlo viene voglia di bere un bicchiere d&#8217;acqua e proseguire la giornata con pi\u00f9 serenit\u00e0.  <\/p>\n<p data-start=\"647\" data-end=\"942\">Leggero ma affidabile, ha un&#8217;ottima impugnatura e non si deforma quando viene riempito. Puoi usarlo sia per l&#8217;acqua fresca che per succhi di frutta, senza temere perdite. \u00c8 un <strong>bicchiere semplice<\/strong>, ma pensato per essere piacevole da usare, dal primo all&#8217;ultimo.  <\/p>\n<p data-start=\"944\" data-end=\"1319\">Venduto in <strong data-start=\"963\" data-end=\"973\">confezioni da 50<\/strong>, si adatta facilmente a uffici o aree di passaggio senza ingombrare. Avrai sempre una scorta a portata di mano, evitando stock voluminosi. Questo formato \u00e8 ideale per aziende, enti, studi medici o organizzatori di eventi.  <\/p>\n<p data-start=\"1321\" data-end=\"1622\">Questo <strong>bicchiere per acqua<\/strong> punta tutto sull&#8217;efficienza: pulito, igienico, veloce da distribuire e subito riciclabile secondo le disposizioni locali. Ti permette di offrire un servizio impeccabile e senza complicazioni, con un aspetto pi\u00f9 curato rispetto ai classici bicchieri bianchi. <\/p>\n<p data-start=\"1321\" data-end=\"1622\">\n<p data-start=\"1321\" data-end=\"1622\"><!--more--><\/p>\n<h4 data-start=\"1321\" data-end=\"1622\">Vantaggi:<\/h4>\n<ul>\n<li data-start=\"1650\" data-end=\"1691\">Design rinfrescante con onda blu.<\/li>\n<li data-start=\"1694\" data-end=\"1745\">Capacit\u00e0 <strong>17,5 cl<\/strong>, perfetta per distributori d&#8217;acqua.<\/li>\n<li data-start=\"1748\" data-end=\"1782\">Cartoncino robusto, non si deforma.<\/li>\n<li data-start=\"1785\" data-end=\"1813\">Confezione pratica da <strong>50 pezzi<\/strong>.<\/li>\n<li data-start=\"1816\" data-end=\"1876\">Ideale per uffici, studi, eventi e aree accoglienza.<\/li>\n<\/ul>\n<p>&nbsp;<\/p>\n<p><!--more--><\/p>\n<h4>Altre informazioni:<\/h4>\n<ul>\n<li><strong>Confezionamento<\/strong>: Pacchetto da 50<\/li>\n<li><strong>Volume<\/strong>: 175 ml (200 ml a raso)<\/li>\n<li><strong>Diametro base<\/strong>: 45 mm<\/li>\n<li><strong>Diametro superiore<\/strong>: 70 mm<\/li>\n<li><strong>Altezza<\/strong>: 82 mm<\/li>\n<li><strong>Colore<\/strong>: Bianco \/ blu<\/li>\n<li><strong>Materiale<\/strong>: Cartoncino + film PE<\/li>\n<\/ul>\n<p>&nbsp;<\/p>\n<p><!--more--><\/p>\n<p><a href=\"https:\/\/www.csj-emballages.com\/it\/categorie-produit\/imballaggi-alimentari\/ristorazione\/bicchieri-calici-bottiglie\/bicchieri-in-cartone\/bicchieri-in-cartone\/\">Consulta il resto della nostra gamma di bicchieri in cartone<\/a><\/p>\n","protected":false},"excerpt":{"rendered":"<p>Bicchiere per acqua Scopri il nostro bicchiere in cartoncino per acqua 17,5 cl, confezione da 50<\/p>\n","protected":false},"featured_media":268247,"template":"","meta":{"_acf_changed":false},"product_brand":[],"product_cat":[10346,10375,10409,10713,10718],"product_tag":[],"class_list":{"0":"post-268245","1":"product","2":"type-product","3":"status-publish","4":"has-post-thumbnail","6":"product_cat-imballaggi-alimentari","7":"product_cat-ristorazione","8":"product_cat-bicchieri-calici-bottiglie","9":"product_cat-bicchieri-in-cartone","12":"first","13":"instock","14":"taxable","15":"shipping-taxable","16":"purchasable","17":"product-type-simple"},"acf":[],"yoast_head":"<!-- This site is optimized with the Yoast SEO Premium plugin v26.6 (Yoast SEO v26.6) - https:\/\/yoast.com\/wordpress\/plugins\/seo\/ -->\n<title>Bicchiere in Cartoncino per Acqua 17,5 cl, confezione da 50<\/title>\n<meta name=\"description\" content=\"Bicchiere in cartoncino per acqua 17,5 cl, decoro onda blu, confezione da 50. Pratico, resistente e perfetto per uffici e distributori d&#039;acqua.\" \/>\n<meta name=\"robots\" content=\"index, follow, max-snippet:-1, max-image-preview:large, max-video-preview:-1\" \/>\n<link rel=\"canonical\" href=\"https:\/\/www.csj-emballages.com\/it\/produit\/bicchiere-in-cartoncino-per-acqua-175-cl-confezione-da-50\/\" \/>\n<meta property=\"og:locale\" content=\"it_IT\" \/>\n<meta property=\"og:type\" content=\"article\" \/>\n<meta property=\"og:title\" content=\"Bicchiere in cartoncino per acqua 17,5 cl, confezione da 50\" \/>\n<meta property=\"og:description\" content=\"Bicchiere in cartoncino per acqua 17,5 cl, decoro onda blu, confezione da 50. Pratico, resistente e perfetto per uffici e distributori d&#039;acqua.\" \/>\n<meta property=\"og:url\" content=\"https:\/\/www.csj-emballages.com\/it\/produit\/bicchiere-in-cartoncino-per-acqua-175-cl-confezione-da-50\/\" \/>\n<meta property=\"og:site_name\" content=\"CSJ Emballages\" \/>\n<meta property=\"article:publisher\" content=\"https:\/\/www.facebook.com\/csjemballages\" \/>\n<meta property=\"article:modified_time\" content=\"2026-03-26T01:11:02+00:00\" \/>\n<meta property=\"og:image\" content=\"https:\/\/www.csj-emballages.com\/wp-content\/uploads\/2024\/03\/Gobeleteau.webp\" \/>\n\t<meta property=\"og:image:width\" content=\"806\" \/>\n\t<meta property=\"og:image:height\" content=\"806\" \/>\n\t<meta property=\"og:image:type\" content=\"image\/webp\" \/>\n<meta name=\"twitter:card\" content=\"summary_large_image\" \/>\n<meta name=\"twitter:label1\" content=\"Dur\u00e9e de lecture estim\u00e9e\" \/>\n\t<meta name=\"twitter:data1\" content=\"1 minuto\" \/>\n<script type=\"application\/ld+json\" class=\"yoast-schema-graph\">{\"@context\":\"https:\/\/schema.org\",\"@graph\":[{\"@type\":\"WebPage\",\"@id\":\"https:\/\/www.csj-emballages.com\/it\/produit\/bicchiere-in-cartoncino-per-acqua-175-cl-confezione-da-50\/\",\"url\":\"https:\/\/www.csj-emballages.com\/it\/produit\/bicchiere-in-cartoncino-per-acqua-175-cl-confezione-da-50\/\",\"name\":\"Bicchiere in Cartoncino per Acqua 17,5 cl, confezione da 50\",\"isPartOf\":{\"@id\":\"https:\/\/www.csj-emballages.com\/it\/#website\"},\"primaryImageOfPage\":{\"@id\":\"https:\/\/www.csj-emballages.com\/it\/produit\/bicchiere-in-cartoncino-per-acqua-175-cl-confezione-da-50\/#primaryimage\"},\"image\":{\"@id\":\"https:\/\/www.csj-emballages.com\/it\/produit\/bicchiere-in-cartoncino-per-acqua-175-cl-confezione-da-50\/#primaryimage\"},\"thumbnailUrl\":\"https:\/\/www.csj-emballages.com\/wp-content\/uploads\/2024\/03\/Gobeleteau.webp\",\"datePublished\":\"2024-03-01T15:57:46+00:00\",\"dateModified\":\"2026-03-26T01:11:02+00:00\",\"description\":\"Bicchiere in cartoncino per acqua 17,5 cl, decoro onda blu, confezione da 50. Pratico, resistente e perfetto per uffici e distributori d'acqua.\",\"breadcrumb\":{\"@id\":\"https:\/\/www.csj-emballages.com\/it\/produit\/bicchiere-in-cartoncino-per-acqua-175-cl-confezione-da-50\/#breadcrumb\"},\"inLanguage\":\"it-IT\",\"potentialAction\":[{\"@type\":\"ReadAction\",\"target\":[\"https:\/\/www.csj-emballages.com\/it\/produit\/bicchiere-in-cartoncino-per-acqua-175-cl-confezione-da-50\/\"]}]},{\"@type\":\"ImageObject\",\"inLanguage\":\"it-IT\",\"@id\":\"https:\/\/www.csj-emballages.com\/it\/produit\/bicchiere-in-cartoncino-per-acqua-175-cl-confezione-da-50\/#primaryimage\",\"url\":\"https:\/\/www.csj-emballages.com\/wp-content\/uploads\/2024\/03\/Gobeleteau.webp\",\"contentUrl\":\"https:\/\/www.csj-emballages.com\/wp-content\/uploads\/2024\/03\/Gobeleteau.webp\",\"width\":806,\"height\":806,\"caption\":\"Gobelet carton\"},{\"@type\":\"BreadcrumbList\",\"@id\":\"https:\/\/www.csj-emballages.com\/it\/produit\/bicchiere-in-cartoncino-per-acqua-175-cl-confezione-da-50\/#breadcrumb\",\"itemListElement\":[{\"@type\":\"ListItem\",\"position\":1,\"name\":\"Home\",\"item\":\"https:\/\/www.csj-emballages.com\/it\/universo-imballaggi-alimentari\/\"},{\"@type\":\"ListItem\",\"position\":2,\"name\":\"Negozio\",\"item\":\"https:\/\/www.csj-emballages.com\/it\/negozio\/\"},{\"@type\":\"ListItem\",\"position\":3,\"name\":\"Bicchiere in cartoncino per acqua 17,5 cl, confezione da 50\"}]},{\"@type\":\"WebSite\",\"@id\":\"https:\/\/www.csj-emballages.com\/it\/#website\",\"url\":\"https:\/\/www.csj-emballages.com\/it\/\",\"name\":\"CSJ Emballages\",\"description\":\"\",\"publisher\":{\"@id\":\"https:\/\/www.csj-emballages.com\/it\/#organization\"},\"potentialAction\":[{\"@type\":\"SearchAction\",\"target\":{\"@type\":\"EntryPoint\",\"urlTemplate\":\"https:\/\/www.csj-emballages.com\/it\/?s={search_term_string}\"},\"query-input\":{\"@type\":\"PropertyValueSpecification\",\"valueRequired\":true,\"valueName\":\"search_term_string\"}}],\"inLanguage\":\"it-IT\"},{\"@type\":\"Organization\",\"@id\":\"https:\/\/www.csj-emballages.com\/it\/#Organization\/\",\"name\":\"CSJ Emballages\",\"url\":\"https:\/\/www.csj-emballages.com\/it\/\",\"logo\":{\"@type\":\"ImageObject\",\"inLanguage\":\"it-IT\",\"@id\":\"https:\/\/www.csj-emballages.com\/it\/#\/schema\/logo\/image\/\",\"url\":\"https:\/\/www.csj-emballages.com\/wp-content\/uploads\/2023\/10\/logo_csj.webp\",\"contentUrl\":\"https:\/\/www.csj-emballages.com\/wp-content\/uploads\/2023\/10\/logo_csj.webp\",\"width\":250,\"height\":95,\"caption\":\"CSJ Emballages\"},\"image\":{\"@id\":\"https:\/\/www.csj-emballages.com\/it\/#\/schema\/logo\/image\/\"},\"sameAs\":[\"https:\/\/www.facebook.com\/csjemballages\"],\"address\":{\"@type\":\"PostalAddress\",\"streetAddress\":\"ZI La Lechere\",\"addressLocality\":\"Patornay\",\"postalCode\":\"39130\",\"addressCountry\":\"FR\"},\"contactPoint\":[{\"@type\":\"ContactPoint\",\"contactType\":\"Service client\",\"telephone\":\"0384254272\",\"email\":\"contact@csj-emballages.com\"}]}]}<\/script>\n<!-- \/ Yoast SEO Premium plugin. -->","yoast_head_json":{"title":"Bicchiere in Cartoncino per Acqua 17,5 cl, confezione da 50","description":"Bicchiere in cartoncino per acqua 17,5 cl, decoro onda blu, confezione da 50. Pratico, resistente e perfetto per uffici e distributori d'acqua.","robots":{"index":"index","follow":"follow","max-snippet":"max-snippet:-1","max-image-preview":"max-image-preview:large","max-video-preview":"max-video-preview:-1"},"canonical":"https:\/\/www.csj-emballages.com\/it\/produit\/bicchiere-in-cartoncino-per-acqua-175-cl-confezione-da-50\/","og_locale":"it_IT","og_type":"article","og_title":"Bicchiere in cartoncino per acqua 17,5 cl, confezione da 50","og_description":"Bicchiere in cartoncino per acqua 17,5 cl, decoro onda blu, confezione da 50. Pratico, resistente e perfetto per uffici e distributori d'acqua.","og_url":"https:\/\/www.csj-emballages.com\/it\/produit\/bicchiere-in-cartoncino-per-acqua-175-cl-confezione-da-50\/","og_site_name":"CSJ Emballages","article_publisher":"https:\/\/www.facebook.com\/csjemballages","article_modified_time":"2026-03-26T01:11:02+00:00","og_image":[{"width":806,"height":806,"url":"https:\/\/www.csj-emballages.com\/wp-content\/uploads\/2024\/03\/Gobeleteau.webp","type":"image\/webp"}],"twitter_card":"summary_large_image","twitter_misc":{"Dur\u00e9e de lecture estim\u00e9e":"1 minuto"},"schema":{"@context":"https:\/\/schema.org","@graph":[{"@type":"WebPage","@id":"https:\/\/www.csj-emballages.com\/it\/produit\/bicchiere-in-cartoncino-per-acqua-175-cl-confezione-da-50\/","url":"https:\/\/www.csj-emballages.com\/it\/produit\/bicchiere-in-cartoncino-per-acqua-175-cl-confezione-da-50\/","name":"Bicchiere in Cartoncino per Acqua 17,5 cl, confezione da 50","isPartOf":{"@id":"https:\/\/www.csj-emballages.com\/it\/#website"},"primaryImageOfPage":{"@id":"https:\/\/www.csj-emballages.com\/it\/produit\/bicchiere-in-cartoncino-per-acqua-175-cl-confezione-da-50\/#primaryimage"},"image":{"@id":"https:\/\/www.csj-emballages.com\/it\/produit\/bicchiere-in-cartoncino-per-acqua-175-cl-confezione-da-50\/#primaryimage"},"thumbnailUrl":"https:\/\/www.csj-emballages.com\/wp-content\/uploads\/2024\/03\/Gobeleteau.webp","datePublished":"2024-03-01T15:57:46+00:00","dateModified":"2026-03-26T01:11:02+00:00","description":"Bicchiere in cartoncino per acqua 17,5 cl, decoro onda blu, confezione da 50. Pratico, resistente e perfetto per uffici e distributori d'acqua.","breadcrumb":{"@id":"https:\/\/www.csj-emballages.com\/it\/produit\/bicchiere-in-cartoncino-per-acqua-175-cl-confezione-da-50\/#breadcrumb"},"inLanguage":"it-IT","potentialAction":[{"@type":"ReadAction","target":["https:\/\/www.csj-emballages.com\/it\/produit\/bicchiere-in-cartoncino-per-acqua-175-cl-confezione-da-50\/"]}]},{"@type":"ImageObject","inLanguage":"it-IT","@id":"https:\/\/www.csj-emballages.com\/it\/produit\/bicchiere-in-cartoncino-per-acqua-175-cl-confezione-da-50\/#primaryimage","url":"https:\/\/www.csj-emballages.com\/wp-content\/uploads\/2024\/03\/Gobeleteau.webp","contentUrl":"https:\/\/www.csj-emballages.com\/wp-content\/uploads\/2024\/03\/Gobeleteau.webp","width":806,"height":806,"caption":"Gobelet carton"},{"@type":"BreadcrumbList","@id":"https:\/\/www.csj-emballages.com\/it\/produit\/bicchiere-in-cartoncino-per-acqua-175-cl-confezione-da-50\/#breadcrumb","itemListElement":[{"@type":"ListItem","position":1,"name":"Home","item":"https:\/\/www.csj-emballages.com\/it\/universo-imballaggi-alimentari\/"},{"@type":"ListItem","position":2,"name":"Negozio","item":"https:\/\/www.csj-emballages.com\/it\/negozio\/"},{"@type":"ListItem","position":3,"name":"Bicchiere in cartoncino per acqua 17,5 cl, confezione da 50"}]},{"@type":"WebSite","@id":"https:\/\/www.csj-emballages.com\/it\/#website","url":"https:\/\/www.csj-emballages.com\/it\/","name":"CSJ Emballages","description":"","publisher":{"@id":"https:\/\/www.csj-emballages.com\/it\/#organization"},"potentialAction":[{"@type":"SearchAction","target":{"@type":"EntryPoint","urlTemplate":"https:\/\/www.csj-emballages.com\/it\/?s={search_term_string}"},"query-input":{"@type":"PropertyValueSpecification","valueRequired":true,"valueName":"search_term_string"}}],"inLanguage":"it-IT"},{"@type":"Organization","@id":"https:\/\/www.csj-emballages.com\/it\/#Organization\/","name":"CSJ Emballages","url":"https:\/\/www.csj-emballages.com\/it\/","logo":{"@type":"ImageObject","inLanguage":"it-IT","@id":"https:\/\/www.csj-emballages.com\/it\/#\/schema\/logo\/image\/","url":"https:\/\/www.csj-emballages.com\/wp-content\/uploads\/2023\/10\/logo_csj.webp","contentUrl":"https:\/\/www.csj-emballages.com\/wp-content\/uploads\/2023\/10\/logo_csj.webp","width":250,"height":95,"caption":"CSJ Emballages"},"image":{"@id":"https:\/\/www.csj-emballages.com\/it\/#\/schema\/logo\/image\/"},"sameAs":["https:\/\/www.facebook.com\/csjemballages"],"address":{"@type":"PostalAddress","streetAddress":"ZI La Lechere","addressLocality":"Patornay","postalCode":"39130","addressCountry":"FR"},"contactPoint":[{"@type":"ContactPoint","contactType":"Service client","telephone":"0384254272","email":"contact@csj-emballages.com"}]}]}},"df_price":1.88,"df_sale_price":"","df_regular_price":1.88,"df_image_link":"https:\/\/www.csj-emballages.com\/wp-content\/uploads\/2024\/03\/Gobeleteau-300x300.webp","tiered_pricing_type":"fixed","tiered_pricing_fixed_rules":[],"tiered_pricing_percentage_rules":[],"tiered_pricing_minimum":1,"tiered_pricing_roles_data":[],"_links":{"self":[{"href":"https:\/\/www.csj-emballages.com\/it\/wp-json\/wp\/v2\/product\/268245","targetHints":{"allow":["GET"]}}],"collection":[{"href":"https:\/\/www.csj-emballages.com\/it\/wp-json\/wp\/v2\/product"}],"about":[{"href":"https:\/\/www.csj-emballages.com\/it\/wp-json\/wp\/v2\/types\/product"}],"wp:featuredmedia":[{"embeddable":true,"href":"https:\/\/www.csj-emballages.com\/it\/wp-json\/wp\/v2\/media\/268247"}],"wp:attachment":[{"href":"https:\/\/www.csj-emballages.com\/it\/wp-json\/wp\/v2\/media?parent=268245"}],"wp:term":[{"taxonomy":"product_brand","embeddable":true,"href":"https:\/\/www.csj-emballages.com\/it\/wp-json\/wp\/v2\/product_brand?post=268245"},{"taxonomy":"product_cat","embeddable":true,"href":"https:\/\/www.csj-emballages.com\/it\/wp-json\/wp\/v2\/product_cat?post=268245"},{"taxonomy":"product_tag","embeddable":true,"href":"https:\/\/www.csj-emballages.com\/it\/wp-json\/wp\/v2\/product_tag?post=268245"}],"curies":[{"name":"wp","href":"https:\/\/api.w.org\/{rel}","templated":true}]}}