{"id":268228,"date":"2024-03-01T16:57:44","date_gmt":"2024-03-01T15:57:44","guid":{"rendered":"https:\/\/www.csj-emballages.com\/produit\/bicchiere-in-cartoncino-bianco-24-cl-confezione-da-50\/"},"modified":"2026-04-18T18:00:26","modified_gmt":"2026-04-18T16:00:26","slug":"bicchiere-in-cartoncino-bianco-24-cl-confezione-da-50","status":"publish","type":"product","link":"https:\/\/www.csj-emballages.com\/it\/produit\/bicchiere-in-cartoncino-bianco-24-cl-confezione-da-50\/","title":{"rendered":"Bicchiere in cartoncino bianco 24 cl confezione da 50"},"content":{"rendered":"<h2>Bicchiere in cartoncino<\/h2>\n<hr>\n<h3>Descrizione del nostro bicchiere in cartoncino bianco 24 cl confezione da 50<\/h3>\n<p><!--more--><\/p>\n<p data-start=\"209\" data-end=\"628\">Semplice, pulito ed efficace: questo <strong data-start=\"241\" data-end=\"271\">bicchiere in cartoncino bianco 24 cl<\/strong> ha tutto per piacere quando vuoi servire una bevanda senza complicarti la vita. La sua capacit\u00e0 intermedia \u00e8 perfetta per caff\u00e8 lunghi, cioccolate calde, t\u00e8, ma anche per bevande fredde durante un evento o una pausa tra due riunioni. \u00c8 un prodotto pratico che si adatta a ogni situazione quotidiana.  <\/p>\n<p data-start=\"630\" data-end=\"999\">Ci\u00f2 che lo rende affascinante \u00e8 proprio la sua sobriet\u00e0. Il suo <strong>bianco nitido<\/strong> d\u00e0 un&#8217;immediata impressione di pulizia e si integra ovunque: uffici, sale corsi, fiere, buffet, food truck&#8230; Non importa il luogo, resta discreto ma sempre utile. Inoltre, l&#8217;<strong>elemento grafico stampato<\/strong> sul fondo del bicchiere aggiunge un tocco informativo senza appesantire il design.  <\/p>\n<p data-start=\"1001\" data-end=\"1373\">Realizzato in <strong>cartoncino rigido<\/strong>, mantiene un&#8217;ottima tenuta anche con bevande molto calde. Niente pareti che si ammorbidiscono, nessuna sensazione di disagio in mano: puoi portarlo, appoggiarlo e riempirlo di nuovo senza preoccupazioni. Questa robustezza facilita anche il servizio per i professionisti, che possono preparare le bevande in serie in tutta tranquillit\u00e0.  <\/p>\n<p data-start=\"1375\" data-end=\"1629\">Il lotto da <strong data-start=\"1385\" data-end=\"1398\">50 unit\u00e0<\/strong> permette di gestire facilmente l&#8217;affluenza senza occupare troppo spazio. \u00c8 la quantit\u00e0 ideale per piccoli team, riunioni frequenti, eventi occasionali o attivit\u00e0 che desiderano una gestione semplice. <\/p>\n<p data-start=\"1631\" data-end=\"1760\">In breve, questo <strong>bicchiere bianco<\/strong> \u00e8 un piccolo essenziale: discreto, affidabile e sempre pronto all&#8217;uso, in ogni occasione.<\/p>\n<p>&nbsp;<\/p>\n<p><!--more--><\/p>\n<h4><strong>Vantaggi:<\/strong><\/h4>\n<ul>\n<li data-start=\"1788\" data-end=\"1822\">Capacit\u00e0 versatile di 24 <strong>cl<\/strong>.<\/li>\n<li data-start=\"1825\" data-end=\"1861\">Design bianco essenziale, adatto a tutto.<\/li>\n<li data-start=\"1864\" data-end=\"1915\">Cartoncino rigido, ottima tenuta con bevande calde.<\/li>\n<li data-start=\"1918\" data-end=\"1939\">Pratico lotto da <strong>50<\/strong>.<\/li>\n<li data-start=\"1942\" data-end=\"1996\">Ideale per uffici, eventi e ristorazione veloce.<\/li>\n<\/ul>\n<p>&nbsp;<\/p>\n<p><!--more--><\/p>\n<h4>Altre informazioni:<\/h4>\n<ul>\n<li><strong>Confezionamento<\/strong>: Pacchetto da 50<\/li>\n<li><b>Volume<\/b>: 24 cl<\/li>\n<li><strong>Colore<\/strong>: Bianco<\/li>\n<li><strong>Materiale<\/strong>: Cartone<\/li>\n<li><strong>Temperatura di utilizzo<\/strong>: -20 \u00b0C \/ +100 \u00b0C<\/li>\n<li>Contiene una pellicola in PE all&#8217;interno<\/li>\n<\/ul>\n<p>&nbsp;<\/p>\n<p><!--more--><\/p>\n<p>Trovi qui i coperchi progettati per questi bicchieri: <span style=\"color: #d12727;\"><a style=\"color: #d12727;\" href=\"https:\/\/www.csj-emballages.com\/produit\/50-couvercles-papier-pour-gobelets-24-cl-378bla-378geb-378ge-378bio-378k\/\">C378P<\/a><\/span><\/p>\n<p>&nbsp;<\/p>\n<p><!--more--><\/p>\n<p>Disponibile in diverse dimensioni: <span style=\"color: #d12727;\"><a style=\"color: #d12727;\" href=\"https:\/\/www.csj-emballages.com\/produit\/100-gobelets-carton-blancs-jetables-12cl\/\">12 cl<\/a><\/span> \/ <span style=\"color: #d12727;\"><a style=\"color: #d12727;\" href=\"https:\/\/www.csj-emballages.com\/produit\/100-gobelets-carton-blancs-jetables-17-5-cl\/\">17,5 cl<\/a><\/span> \/ <span style=\"color: #d12727;\"><a style=\"color: #d12727;\" href=\"https:\/\/www.csj-emballages.com\/produit\/100-gobelets-cartons-blancs-jetables-20cl\/\">20 cl<\/a><\/span><\/p>\n<p>&nbsp;<\/p>\n<p><!--more--><\/p>\n<p><a href=\"\/?product_cat=gobelets-gobelets-boissons-chaudes\">Consulta qui il resto della nostra gamma di bicchieri in cartoncino<\/a><\/p>\n","protected":false},"excerpt":{"rendered":"<p>Bicchiere in cartoncino Descrizione del nostro bicchiere in cartoncino bianco 24 cl confezione da 50<\/p>\n","protected":false},"featured_media":268232,"template":"","meta":{"_acf_changed":false},"product_brand":[],"product_cat":[10346,10375,10409,10713,10718,10350],"product_tag":[],"class_list":{"0":"post-268228","1":"product","2":"type-product","3":"status-publish","4":"has-post-thumbnail","6":"product_cat-imballaggi-alimentari","7":"product_cat-ristorazione","8":"product_cat-bicchieri-calici-bottiglie","9":"product_cat-bicchieri-in-cartone","11":"product_cat-gamma-bio","13":"first","14":"instock","15":"taxable","16":"shipping-taxable","17":"purchasable","18":"product-type-simple"},"acf":[],"yoast_head":"<!-- This site is optimized with the Yoast SEO Premium plugin v26.6 (Yoast SEO v26.6) - https:\/\/yoast.com\/wordpress\/plugins\/seo\/ -->\n<title>Bicchiere in cartoncino bianco - 27 cl<\/title>\n<meta name=\"description\" content=\"Scopri il nostro bicchiere in cartoncino bianco da 27 cl: ecologico, resistente ed estetico. Perfetto per bevande calde e fredde, eventi e uffici.\" \/>\n<meta name=\"robots\" content=\"index, follow, max-snippet:-1, max-image-preview:large, max-video-preview:-1\" \/>\n<link rel=\"canonical\" href=\"https:\/\/www.csj-emballages.com\/it\/produit\/bicchiere-in-cartoncino-bianco-24-cl-confezione-da-50\/\" \/>\n<meta property=\"og:locale\" content=\"it_IT\" \/>\n<meta property=\"og:type\" content=\"article\" \/>\n<meta property=\"og:title\" content=\"Bicchiere in cartoncino bianco 24 cl confezione da 50\" \/>\n<meta property=\"og:description\" content=\"Scopri il nostro bicchiere in cartoncino bianco da 27 cl: ecologico, resistente ed estetico. Perfetto per bevande calde e fredde, eventi e uffici.\" \/>\n<meta property=\"og:url\" content=\"https:\/\/www.csj-emballages.com\/it\/produit\/bicchiere-in-cartoncino-bianco-24-cl-confezione-da-50\/\" \/>\n<meta property=\"og:site_name\" content=\"CSJ Emballages\" \/>\n<meta property=\"article:publisher\" content=\"https:\/\/www.facebook.com\/csjemballages\" \/>\n<meta property=\"article:modified_time\" content=\"2026-04-18T16:00:26+00:00\" \/>\n<meta property=\"og:image\" content=\"https:\/\/www.csj-emballages.com\/wp-content\/uploads\/2024\/03\/378BLA.webp\" \/>\n\t<meta property=\"og:image:width\" content=\"804\" \/>\n\t<meta property=\"og:image:height\" content=\"805\" \/>\n\t<meta property=\"og:image:type\" content=\"image\/webp\" \/>\n<meta name=\"twitter:card\" content=\"summary_large_image\" \/>\n<meta name=\"twitter:label1\" content=\"Dur\u00e9e de lecture estim\u00e9e\" \/>\n\t<meta name=\"twitter:data1\" content=\"2 minuti\" \/>\n<script type=\"application\/ld+json\" class=\"yoast-schema-graph\">{\"@context\":\"https:\/\/schema.org\",\"@graph\":[{\"@type\":\"WebPage\",\"@id\":\"https:\/\/www.csj-emballages.com\/it\/produit\/bicchiere-in-cartoncino-bianco-24-cl-confezione-da-50\/\",\"url\":\"https:\/\/www.csj-emballages.com\/it\/produit\/bicchiere-in-cartoncino-bianco-24-cl-confezione-da-50\/\",\"name\":\"Bicchiere in cartoncino bianco - 27 cl\",\"isPartOf\":{\"@id\":\"https:\/\/www.csj-emballages.com\/it\/#website\"},\"primaryImageOfPage\":{\"@id\":\"https:\/\/www.csj-emballages.com\/it\/produit\/bicchiere-in-cartoncino-bianco-24-cl-confezione-da-50\/#primaryimage\"},\"image\":{\"@id\":\"https:\/\/www.csj-emballages.com\/it\/produit\/bicchiere-in-cartoncino-bianco-24-cl-confezione-da-50\/#primaryimage\"},\"thumbnailUrl\":\"https:\/\/www.csj-emballages.com\/wp-content\/uploads\/2024\/03\/378BLA.webp\",\"datePublished\":\"2024-03-01T15:57:44+00:00\",\"dateModified\":\"2026-04-18T16:00:26+00:00\",\"description\":\"Scopri il nostro bicchiere in cartoncino bianco da 27 cl: ecologico, resistente ed estetico. Perfetto per bevande calde e fredde, eventi e uffici.\",\"breadcrumb\":{\"@id\":\"https:\/\/www.csj-emballages.com\/it\/produit\/bicchiere-in-cartoncino-bianco-24-cl-confezione-da-50\/#breadcrumb\"},\"inLanguage\":\"it-IT\",\"potentialAction\":[{\"@type\":\"ReadAction\",\"target\":[\"https:\/\/www.csj-emballages.com\/it\/produit\/bicchiere-in-cartoncino-bianco-24-cl-confezione-da-50\/\"]}]},{\"@type\":\"ImageObject\",\"inLanguage\":\"it-IT\",\"@id\":\"https:\/\/www.csj-emballages.com\/it\/produit\/bicchiere-in-cartoncino-bianco-24-cl-confezione-da-50\/#primaryimage\",\"url\":\"https:\/\/www.csj-emballages.com\/wp-content\/uploads\/2024\/03\/378BLA.webp\",\"contentUrl\":\"https:\/\/www.csj-emballages.com\/wp-content\/uploads\/2024\/03\/378BLA.webp\",\"width\":804,\"height\":805,\"caption\":\"Gobelet carton\"},{\"@type\":\"BreadcrumbList\",\"@id\":\"https:\/\/www.csj-emballages.com\/it\/produit\/bicchiere-in-cartoncino-bianco-24-cl-confezione-da-50\/#breadcrumb\",\"itemListElement\":[{\"@type\":\"ListItem\",\"position\":1,\"name\":\"Home\",\"item\":\"https:\/\/www.csj-emballages.com\/it\/universo-imballaggi-alimentari\/\"},{\"@type\":\"ListItem\",\"position\":2,\"name\":\"Negozio\",\"item\":\"https:\/\/www.csj-emballages.com\/it\/negozio\/\"},{\"@type\":\"ListItem\",\"position\":3,\"name\":\"Bicchiere in cartoncino bianco 24 cl confezione da 50\"}]},{\"@type\":\"WebSite\",\"@id\":\"https:\/\/www.csj-emballages.com\/it\/#website\",\"url\":\"https:\/\/www.csj-emballages.com\/it\/\",\"name\":\"CSJ Emballages\",\"description\":\"\",\"publisher\":{\"@id\":\"https:\/\/www.csj-emballages.com\/it\/#organization\"},\"potentialAction\":[{\"@type\":\"SearchAction\",\"target\":{\"@type\":\"EntryPoint\",\"urlTemplate\":\"https:\/\/www.csj-emballages.com\/it\/?s={search_term_string}\"},\"query-input\":{\"@type\":\"PropertyValueSpecification\",\"valueRequired\":true,\"valueName\":\"search_term_string\"}}],\"inLanguage\":\"it-IT\"},{\"@type\":\"Organization\",\"@id\":\"https:\/\/www.csj-emballages.com\/it\/#Organization\/\",\"name\":\"CSJ Emballages\",\"url\":\"https:\/\/www.csj-emballages.com\/it\/\",\"logo\":{\"@type\":\"ImageObject\",\"inLanguage\":\"it-IT\",\"@id\":\"https:\/\/www.csj-emballages.com\/it\/#\/schema\/logo\/image\/\",\"url\":\"https:\/\/www.csj-emballages.com\/wp-content\/uploads\/2023\/10\/logo_csj.webp\",\"contentUrl\":\"https:\/\/www.csj-emballages.com\/wp-content\/uploads\/2023\/10\/logo_csj.webp\",\"width\":250,\"height\":95,\"caption\":\"CSJ Emballages\"},\"image\":{\"@id\":\"https:\/\/www.csj-emballages.com\/it\/#\/schema\/logo\/image\/\"},\"sameAs\":[\"https:\/\/www.facebook.com\/csjemballages\"],\"address\":{\"@type\":\"PostalAddress\",\"streetAddress\":\"ZI La Lechere\",\"addressLocality\":\"Patornay\",\"postalCode\":\"39130\",\"addressCountry\":\"FR\"},\"contactPoint\":[{\"@type\":\"ContactPoint\",\"contactType\":\"Service client\",\"telephone\":\"0384254272\",\"email\":\"contact@csj-emballages.com\"}]}]}<\/script>\n<!-- \/ Yoast SEO Premium plugin. -->","yoast_head_json":{"title":"Bicchiere in cartoncino bianco - 27 cl","description":"Scopri il nostro bicchiere in cartoncino bianco da 27 cl: ecologico, resistente ed estetico. Perfetto per bevande calde e fredde, eventi e uffici.","robots":{"index":"index","follow":"follow","max-snippet":"max-snippet:-1","max-image-preview":"max-image-preview:large","max-video-preview":"max-video-preview:-1"},"canonical":"https:\/\/www.csj-emballages.com\/it\/produit\/bicchiere-in-cartoncino-bianco-24-cl-confezione-da-50\/","og_locale":"it_IT","og_type":"article","og_title":"Bicchiere in cartoncino bianco 24 cl confezione da 50","og_description":"Scopri il nostro bicchiere in cartoncino bianco da 27 cl: ecologico, resistente ed estetico. Perfetto per bevande calde e fredde, eventi e uffici.","og_url":"https:\/\/www.csj-emballages.com\/it\/produit\/bicchiere-in-cartoncino-bianco-24-cl-confezione-da-50\/","og_site_name":"CSJ Emballages","article_publisher":"https:\/\/www.facebook.com\/csjemballages","article_modified_time":"2026-04-18T16:00:26+00:00","og_image":[{"width":804,"height":805,"url":"https:\/\/www.csj-emballages.com\/wp-content\/uploads\/2024\/03\/378BLA.webp","type":"image\/webp"}],"twitter_card":"summary_large_image","twitter_misc":{"Dur\u00e9e de lecture estim\u00e9e":"2 minuti"},"schema":{"@context":"https:\/\/schema.org","@graph":[{"@type":"WebPage","@id":"https:\/\/www.csj-emballages.com\/it\/produit\/bicchiere-in-cartoncino-bianco-24-cl-confezione-da-50\/","url":"https:\/\/www.csj-emballages.com\/it\/produit\/bicchiere-in-cartoncino-bianco-24-cl-confezione-da-50\/","name":"Bicchiere in cartoncino bianco - 27 cl","isPartOf":{"@id":"https:\/\/www.csj-emballages.com\/it\/#website"},"primaryImageOfPage":{"@id":"https:\/\/www.csj-emballages.com\/it\/produit\/bicchiere-in-cartoncino-bianco-24-cl-confezione-da-50\/#primaryimage"},"image":{"@id":"https:\/\/www.csj-emballages.com\/it\/produit\/bicchiere-in-cartoncino-bianco-24-cl-confezione-da-50\/#primaryimage"},"thumbnailUrl":"https:\/\/www.csj-emballages.com\/wp-content\/uploads\/2024\/03\/378BLA.webp","datePublished":"2024-03-01T15:57:44+00:00","dateModified":"2026-04-18T16:00:26+00:00","description":"Scopri il nostro bicchiere in cartoncino bianco da 27 cl: ecologico, resistente ed estetico. Perfetto per bevande calde e fredde, eventi e uffici.","breadcrumb":{"@id":"https:\/\/www.csj-emballages.com\/it\/produit\/bicchiere-in-cartoncino-bianco-24-cl-confezione-da-50\/#breadcrumb"},"inLanguage":"it-IT","potentialAction":[{"@type":"ReadAction","target":["https:\/\/www.csj-emballages.com\/it\/produit\/bicchiere-in-cartoncino-bianco-24-cl-confezione-da-50\/"]}]},{"@type":"ImageObject","inLanguage":"it-IT","@id":"https:\/\/www.csj-emballages.com\/it\/produit\/bicchiere-in-cartoncino-bianco-24-cl-confezione-da-50\/#primaryimage","url":"https:\/\/www.csj-emballages.com\/wp-content\/uploads\/2024\/03\/378BLA.webp","contentUrl":"https:\/\/www.csj-emballages.com\/wp-content\/uploads\/2024\/03\/378BLA.webp","width":804,"height":805,"caption":"Gobelet carton"},{"@type":"BreadcrumbList","@id":"https:\/\/www.csj-emballages.com\/it\/produit\/bicchiere-in-cartoncino-bianco-24-cl-confezione-da-50\/#breadcrumb","itemListElement":[{"@type":"ListItem","position":1,"name":"Home","item":"https:\/\/www.csj-emballages.com\/it\/universo-imballaggi-alimentari\/"},{"@type":"ListItem","position":2,"name":"Negozio","item":"https:\/\/www.csj-emballages.com\/it\/negozio\/"},{"@type":"ListItem","position":3,"name":"Bicchiere in cartoncino bianco 24 cl confezione da 50"}]},{"@type":"WebSite","@id":"https:\/\/www.csj-emballages.com\/it\/#website","url":"https:\/\/www.csj-emballages.com\/it\/","name":"CSJ Emballages","description":"","publisher":{"@id":"https:\/\/www.csj-emballages.com\/it\/#organization"},"potentialAction":[{"@type":"SearchAction","target":{"@type":"EntryPoint","urlTemplate":"https:\/\/www.csj-emballages.com\/it\/?s={search_term_string}"},"query-input":{"@type":"PropertyValueSpecification","valueRequired":true,"valueName":"search_term_string"}}],"inLanguage":"it-IT"},{"@type":"Organization","@id":"https:\/\/www.csj-emballages.com\/it\/#Organization\/","name":"CSJ Emballages","url":"https:\/\/www.csj-emballages.com\/it\/","logo":{"@type":"ImageObject","inLanguage":"it-IT","@id":"https:\/\/www.csj-emballages.com\/it\/#\/schema\/logo\/image\/","url":"https:\/\/www.csj-emballages.com\/wp-content\/uploads\/2023\/10\/logo_csj.webp","contentUrl":"https:\/\/www.csj-emballages.com\/wp-content\/uploads\/2023\/10\/logo_csj.webp","width":250,"height":95,"caption":"CSJ Emballages"},"image":{"@id":"https:\/\/www.csj-emballages.com\/it\/#\/schema\/logo\/image\/"},"sameAs":["https:\/\/www.facebook.com\/csjemballages"],"address":{"@type":"PostalAddress","streetAddress":"ZI La Lechere","addressLocality":"Patornay","postalCode":"39130","addressCountry":"FR"},"contactPoint":[{"@type":"ContactPoint","contactType":"Service client","telephone":"0384254272","email":"contact@csj-emballages.com"}]}]}},"df_price":1.81,"df_sale_price":"","df_regular_price":1.81,"df_image_link":"https:\/\/www.csj-emballages.com\/wp-content\/uploads\/2024\/03\/378BLA-300x300.webp","tiered_pricing_type":"fixed","tiered_pricing_fixed_rules":[],"tiered_pricing_percentage_rules":[],"tiered_pricing_minimum":1,"tiered_pricing_roles_data":[],"_links":{"self":[{"href":"https:\/\/www.csj-emballages.com\/it\/wp-json\/wp\/v2\/product\/268228","targetHints":{"allow":["GET"]}}],"collection":[{"href":"https:\/\/www.csj-emballages.com\/it\/wp-json\/wp\/v2\/product"}],"about":[{"href":"https:\/\/www.csj-emballages.com\/it\/wp-json\/wp\/v2\/types\/product"}],"wp:featuredmedia":[{"embeddable":true,"href":"https:\/\/www.csj-emballages.com\/it\/wp-json\/wp\/v2\/media\/268232"}],"wp:attachment":[{"href":"https:\/\/www.csj-emballages.com\/it\/wp-json\/wp\/v2\/media?parent=268228"}],"wp:term":[{"taxonomy":"product_brand","embeddable":true,"href":"https:\/\/www.csj-emballages.com\/it\/wp-json\/wp\/v2\/product_brand?post=268228"},{"taxonomy":"product_cat","embeddable":true,"href":"https:\/\/www.csj-emballages.com\/it\/wp-json\/wp\/v2\/product_cat?post=268228"},{"taxonomy":"product_tag","embeddable":true,"href":"https:\/\/www.csj-emballages.com\/it\/wp-json\/wp\/v2\/product_tag?post=268228"}],"curies":[{"name":"wp","href":"https:\/\/api.w.org\/{rel}","templated":true}]}}