{"id":268217,"date":"2024-03-01T16:57:40","date_gmt":"2024-03-01T15:57:40","guid":{"rendered":"https:\/\/www.csj-emballages.com\/produit\/disincrostante-per-macchine-5l\/"},"modified":"2026-04-03T02:12:35","modified_gmt":"2026-04-03T00:12:35","slug":"disincrostante-per-macchine-5l","status":"publish","type":"product","link":"https:\/\/www.csj-emballages.com\/it\/produit\/disincrostante-per-macchine-5l\/","title":{"rendered":"Disincrostante per macchine 5L"},"content":{"rendered":"<h2>Disincrostante per macchine 5L<\/h2>\n<hr>\n<h3>Descrizione del nostro disincrostante per macchine 5L<\/h3>\n<p><!--more--><\/p>\n<p class=\"\" data-start=\"130\" data-end=\"676\">Il calcare \u00e8 uno dei nemici pi\u00f9 temibili delle macchine professionali: ostruisce i circuiti, altera le prestazioni, aumenta il consumo energetico e pu\u00f2 persino ridurre la durata delle tue attrezzature. Infatti, questo <strong data-start=\"406\" data-end=\"431\">disincrostante per macchine 5L<\/strong>, potente e progettato per uso professionale, \u00e8 la soluzione ideale per eliminare efficacemente i depositi di calcare in tutti i tuoi apparecchi: macchine del caff\u00e8, lavastoviglie, bollitori industriali, bagnomaria, macchine per il ghiaccio, ecc. <\/p>\n<p class=\"\" data-start=\"678\" data-end=\"1073\">La sua formula concentrata agisce rapidamente sciogliendo i residui di calcare nel rispetto dei componenti dei tuoi apparecchi. Facile da usare, basta diluire il prodotto in base al livello di incrostazione, lasciarlo agire e poi risciacquare bene. In pochi minuti, le tue macchine ritrovano le prestazioni originali, l&#8217;efficienza energetica viene ripristinata e la loro durata prolungata.  <\/p>\n<p class=\"\" data-start=\"1075\" data-end=\"1403\">Ideale per <strong data-start=\"1090\" data-end=\"1105\">ristoranti<\/strong>, <strong data-start=\"1107\" data-end=\"1117\">hotel<\/strong>, <strong data-start=\"1119\" data-end=\"1136\">comunit\u00e0<\/strong>, ma anche per <strong data-start=\"1158\" data-end=\"1170\">artigiani<\/strong> e <strong data-start=\"1178\" data-end=\"1204\">privati esigenti<\/strong>, questo <strong>tanica da 5L<\/strong> offre un&#8217;ottima resa: ne basta una piccola quantit\u00e0 per la manutenzione regolare. Fai un gesto economico, ma anche ecologico prolungando la vita delle tue attrezzature. <\/p>\n<p class=\"\" data-start=\"1405\" data-end=\"1545\">Allo stesso modo, non lasciare pi\u00f9 che il calcare si accumuli: con questo <strong>disincrostante professionale<\/strong>, ti prendi cura delle tue macchine come un esperto, in tutta semplicit\u00e0.<\/p>\n<p data-start=\"1405\" data-end=\"1545\">\n<p><!--more--><\/p>\n<h4>I suoi vantaggi:<\/h4>\n<ul>\n<li>Elimina rapidamente i depositi di calcare.<\/li>\n<li>Formula concentrata ad alta resa.<\/li>\n<li>Compatibile con numerose macchine (caff\u00e8, stoviglie, ecc.).<\/li>\n<li>Prolunga la durata degli apparecchi.<\/li>\n<li>Riduce il consumo di energia.<\/li>\n<li>Utilizzo semplice ed efficace.<\/li>\n<\/ul>\n<p>&nbsp;<\/p>\n<p><!--more--><\/p>\n<h4>Istruzioni per l&#8217;uso:<\/h4>\n<p>Non utilizzare la pompa dosatrice automatica di lavaggio, se necessario disattivarla. Utilizzare il disincrostante acido diluito dal 5 al 10% del volume d&#8217;acqua a seconda dell&#8217;incrostazione delle macchine. Svuotare la vasca, quindi risciacquare con acqua pulita pi\u00f9 volte. Ripetere l&#8217;operazione se necessario. Impiegare il disincrostante puro in nebulizzazione per le attrezzature difficilmente accessibili. Lasciare agire il prodotto* fino alla completa scomparsa del calcare e risciacquare abbondantemente. *A seconda del supporto, non lasciare agire per pi\u00f9 di 30 minuti. Ripetere l&#8217;operazione se necessario. (Per proteggerti adeguatamente, assicurati di indossare i DPI indicati nella SDS al paragrafo 8).        <\/p>\n<p>&nbsp;<\/p>\n<p><!--more--><\/p>\n<h4>Altre informazioni:<\/h4>\n<ul>\n<li><strong>Confezione<\/strong>: Singola<\/li>\n<li><strong>Colore<\/strong>: Incolore<\/li>\n<li><strong>Volume<\/strong>: 5 litri<\/li>\n<li><strong>Utilizzo<\/strong>: Disincrostante per macchine<\/li>\n<li><strong>pH <\/strong>: &lt;2<\/li>\n<\/ul>\n<p>&nbsp;<\/p>\n<p><!--more--><\/p>\n<p>Trovi qui il nostro disincrostante per lavastoviglie automatiche 5 litri: <span style=\"color: #d12727;\"><a style=\"color: #d12727;\" href=\"https:\/\/www.csj-emballages.com\/it\/produit\/disincrostante-anticalcare-per-lavastoviglie-automatica-5-litri\/\">62355<\/a><\/span><\/p>\n<p>&nbsp;<\/p>\n<p><!--more--><\/p>\n<p><a href=\"https:\/\/www.csj-emballages.com\/it\/categorie-produit\/igiene-e-manutenzione\/prodotti-per-la-pulizia\/cucina\/\">Consulta il resto della nostra gamma di prodotti per la pulizia delle cucine<\/a><\/p>\n","protected":false},"excerpt":{"rendered":"<p>Disincrostante per macchine 5L Descrizione del nostro disincrostante per macchine 5L<\/p>\n","protected":false},"featured_media":268218,"template":"","meta":{"_acf_changed":false},"product_brand":[],"product_cat":[10356,10360,10361],"product_tag":[],"class_list":{"0":"post-268217","1":"product","2":"type-product","3":"status-publish","4":"has-post-thumbnail","6":"product_cat-igiene-e-manutenzione","7":"product_cat-prodotti-per-la-pulizia","8":"product_cat-cucina","9":"product_shipping_class-vietato-in-punto-di-ritiro","11":"first","12":"instock","13":"taxable","14":"shipping-taxable","15":"purchasable","16":"product-type-simple"},"acf":[],"yoast_head":"<!-- This site is optimized with the Yoast SEO Premium plugin v26.6 (Yoast SEO v26.6) - https:\/\/yoast.com\/wordpress\/plugins\/seo\/ -->\n<title>Disincrostante per Macchine 5L<\/title>\n<meta name=\"description\" content=\"Disincrostante per macchine 5L \u2013 Elimina efficacemente il calcare e prolunga la durata delle tue attrezzature. Ideale per lavastoviglie, macchine del caff\u00e8 e altro\" \/>\n<meta name=\"robots\" content=\"index, follow, max-snippet:-1, max-image-preview:large, max-video-preview:-1\" \/>\n<link rel=\"canonical\" href=\"https:\/\/www.csj-emballages.com\/it\/produit\/disincrostante-per-macchine-5l\/\" \/>\n<meta property=\"og:locale\" content=\"it_IT\" \/>\n<meta property=\"og:type\" content=\"article\" \/>\n<meta property=\"og:title\" content=\"Disincrostante per macchine 5L\" \/>\n<meta property=\"og:description\" content=\"Disincrostante per macchine 5L \u2013 Elimina efficacemente il calcare e prolunga la durata delle tue attrezzature. Ideale per lavastoviglie, macchine del caff\u00e8 e altro\" \/>\n<meta property=\"og:url\" content=\"https:\/\/www.csj-emballages.com\/it\/produit\/disincrostante-per-macchine-5l\/\" \/>\n<meta property=\"og:site_name\" content=\"CSJ Emballages\" \/>\n<meta property=\"article:publisher\" content=\"https:\/\/www.facebook.com\/csjemballages\" \/>\n<meta property=\"article:modified_time\" content=\"2026-04-03T00:12:35+00:00\" \/>\n<meta property=\"og:image\" content=\"https:\/\/www.csj-emballages.com\/wp-content\/uploads\/2024\/03\/62345.webp\" \/>\n\t<meta property=\"og:image:width\" content=\"800\" \/>\n\t<meta property=\"og:image:height\" content=\"800\" \/>\n\t<meta property=\"og:image:type\" content=\"image\/webp\" \/>\n<meta name=\"twitter:card\" content=\"summary_large_image\" \/>\n<meta name=\"twitter:label1\" content=\"Dur\u00e9e de lecture estim\u00e9e\" \/>\n\t<meta name=\"twitter:data1\" content=\"2 minuti\" \/>\n<script type=\"application\/ld+json\" class=\"yoast-schema-graph\">{\"@context\":\"https:\/\/schema.org\",\"@graph\":[{\"@type\":\"WebPage\",\"@id\":\"https:\/\/www.csj-emballages.com\/it\/produit\/disincrostante-per-macchine-5l\/\",\"url\":\"https:\/\/www.csj-emballages.com\/it\/produit\/disincrostante-per-macchine-5l\/\",\"name\":\"Disincrostante per Macchine 5L\",\"isPartOf\":{\"@id\":\"https:\/\/www.csj-emballages.com\/it\/#website\"},\"primaryImageOfPage\":{\"@id\":\"https:\/\/www.csj-emballages.com\/it\/produit\/disincrostante-per-macchine-5l\/#primaryimage\"},\"image\":{\"@id\":\"https:\/\/www.csj-emballages.com\/it\/produit\/disincrostante-per-macchine-5l\/#primaryimage\"},\"thumbnailUrl\":\"https:\/\/www.csj-emballages.com\/wp-content\/uploads\/2024\/03\/62345.webp\",\"datePublished\":\"2024-03-01T15:57:40+00:00\",\"dateModified\":\"2026-04-03T00:12:35+00:00\",\"description\":\"Disincrostante per macchine 5L \u2013 Elimina efficacemente il calcare e prolunga la durata delle tue attrezzature. Ideale per lavastoviglie, macchine del caff\u00e8 e altro\",\"breadcrumb\":{\"@id\":\"https:\/\/www.csj-emballages.com\/it\/produit\/disincrostante-per-macchine-5l\/#breadcrumb\"},\"inLanguage\":\"it-IT\",\"potentialAction\":[{\"@type\":\"ReadAction\",\"target\":[\"https:\/\/www.csj-emballages.com\/it\/produit\/disincrostante-per-macchine-5l\/\"]}]},{\"@type\":\"ImageObject\",\"inLanguage\":\"it-IT\",\"@id\":\"https:\/\/www.csj-emballages.com\/it\/produit\/disincrostante-per-macchine-5l\/#primaryimage\",\"url\":\"https:\/\/www.csj-emballages.com\/wp-content\/uploads\/2024\/03\/62345.webp\",\"contentUrl\":\"https:\/\/www.csj-emballages.com\/wp-content\/uploads\/2024\/03\/62345.webp\",\"width\":800,\"height\":800,\"caption\":\"D\u00e9tartrant machine 5L\"},{\"@type\":\"BreadcrumbList\",\"@id\":\"https:\/\/www.csj-emballages.com\/it\/produit\/disincrostante-per-macchine-5l\/#breadcrumb\",\"itemListElement\":[{\"@type\":\"ListItem\",\"position\":1,\"name\":\"Home\",\"item\":\"https:\/\/www.csj-emballages.com\/it\/universo-imballaggi-alimentari\/\"},{\"@type\":\"ListItem\",\"position\":2,\"name\":\"Negozio\",\"item\":\"https:\/\/www.csj-emballages.com\/it\/negozio\/\"},{\"@type\":\"ListItem\",\"position\":3,\"name\":\"Disincrostante per macchine 5L\"}]},{\"@type\":\"WebSite\",\"@id\":\"https:\/\/www.csj-emballages.com\/it\/#website\",\"url\":\"https:\/\/www.csj-emballages.com\/it\/\",\"name\":\"CSJ Emballages\",\"description\":\"\",\"publisher\":{\"@id\":\"https:\/\/www.csj-emballages.com\/it\/#organization\"},\"potentialAction\":[{\"@type\":\"SearchAction\",\"target\":{\"@type\":\"EntryPoint\",\"urlTemplate\":\"https:\/\/www.csj-emballages.com\/it\/?s={search_term_string}\"},\"query-input\":{\"@type\":\"PropertyValueSpecification\",\"valueRequired\":true,\"valueName\":\"search_term_string\"}}],\"inLanguage\":\"it-IT\"},{\"@type\":\"Organization\",\"@id\":\"https:\/\/www.csj-emballages.com\/it\/#Organization\/\",\"name\":\"CSJ Emballages\",\"url\":\"https:\/\/www.csj-emballages.com\/it\/\",\"logo\":{\"@type\":\"ImageObject\",\"inLanguage\":\"it-IT\",\"@id\":\"https:\/\/www.csj-emballages.com\/it\/#\/schema\/logo\/image\/\",\"url\":\"https:\/\/www.csj-emballages.com\/wp-content\/uploads\/2023\/10\/logo_csj.webp\",\"contentUrl\":\"https:\/\/www.csj-emballages.com\/wp-content\/uploads\/2023\/10\/logo_csj.webp\",\"width\":250,\"height\":95,\"caption\":\"CSJ Emballages\"},\"image\":{\"@id\":\"https:\/\/www.csj-emballages.com\/it\/#\/schema\/logo\/image\/\"},\"sameAs\":[\"https:\/\/www.facebook.com\/csjemballages\"],\"address\":{\"@type\":\"PostalAddress\",\"streetAddress\":\"ZI La Lechere\",\"addressLocality\":\"Patornay\",\"postalCode\":\"39130\",\"addressCountry\":\"FR\"},\"contactPoint\":[{\"@type\":\"ContactPoint\",\"contactType\":\"Service client\",\"telephone\":\"0384254272\",\"email\":\"contact@csj-emballages.com\"}]}]}<\/script>\n<!-- \/ Yoast SEO Premium plugin. -->","yoast_head_json":{"title":"Disincrostante per Macchine 5L","description":"Disincrostante per macchine 5L \u2013 Elimina efficacemente il calcare e prolunga la durata delle tue attrezzature. Ideale per lavastoviglie, macchine del caff\u00e8 e altro","robots":{"index":"index","follow":"follow","max-snippet":"max-snippet:-1","max-image-preview":"max-image-preview:large","max-video-preview":"max-video-preview:-1"},"canonical":"https:\/\/www.csj-emballages.com\/it\/produit\/disincrostante-per-macchine-5l\/","og_locale":"it_IT","og_type":"article","og_title":"Disincrostante per macchine 5L","og_description":"Disincrostante per macchine 5L \u2013 Elimina efficacemente il calcare e prolunga la durata delle tue attrezzature. Ideale per lavastoviglie, macchine del caff\u00e8 e altro","og_url":"https:\/\/www.csj-emballages.com\/it\/produit\/disincrostante-per-macchine-5l\/","og_site_name":"CSJ Emballages","article_publisher":"https:\/\/www.facebook.com\/csjemballages","article_modified_time":"2026-04-03T00:12:35+00:00","og_image":[{"width":800,"height":800,"url":"https:\/\/www.csj-emballages.com\/wp-content\/uploads\/2024\/03\/62345.webp","type":"image\/webp"}],"twitter_card":"summary_large_image","twitter_misc":{"Dur\u00e9e de lecture estim\u00e9e":"2 minuti"},"schema":{"@context":"https:\/\/schema.org","@graph":[{"@type":"WebPage","@id":"https:\/\/www.csj-emballages.com\/it\/produit\/disincrostante-per-macchine-5l\/","url":"https:\/\/www.csj-emballages.com\/it\/produit\/disincrostante-per-macchine-5l\/","name":"Disincrostante per Macchine 5L","isPartOf":{"@id":"https:\/\/www.csj-emballages.com\/it\/#website"},"primaryImageOfPage":{"@id":"https:\/\/www.csj-emballages.com\/it\/produit\/disincrostante-per-macchine-5l\/#primaryimage"},"image":{"@id":"https:\/\/www.csj-emballages.com\/it\/produit\/disincrostante-per-macchine-5l\/#primaryimage"},"thumbnailUrl":"https:\/\/www.csj-emballages.com\/wp-content\/uploads\/2024\/03\/62345.webp","datePublished":"2024-03-01T15:57:40+00:00","dateModified":"2026-04-03T00:12:35+00:00","description":"Disincrostante per macchine 5L \u2013 Elimina efficacemente il calcare e prolunga la durata delle tue attrezzature. Ideale per lavastoviglie, macchine del caff\u00e8 e altro","breadcrumb":{"@id":"https:\/\/www.csj-emballages.com\/it\/produit\/disincrostante-per-macchine-5l\/#breadcrumb"},"inLanguage":"it-IT","potentialAction":[{"@type":"ReadAction","target":["https:\/\/www.csj-emballages.com\/it\/produit\/disincrostante-per-macchine-5l\/"]}]},{"@type":"ImageObject","inLanguage":"it-IT","@id":"https:\/\/www.csj-emballages.com\/it\/produit\/disincrostante-per-macchine-5l\/#primaryimage","url":"https:\/\/www.csj-emballages.com\/wp-content\/uploads\/2024\/03\/62345.webp","contentUrl":"https:\/\/www.csj-emballages.com\/wp-content\/uploads\/2024\/03\/62345.webp","width":800,"height":800,"caption":"D\u00e9tartrant machine 5L"},{"@type":"BreadcrumbList","@id":"https:\/\/www.csj-emballages.com\/it\/produit\/disincrostante-per-macchine-5l\/#breadcrumb","itemListElement":[{"@type":"ListItem","position":1,"name":"Home","item":"https:\/\/www.csj-emballages.com\/it\/universo-imballaggi-alimentari\/"},{"@type":"ListItem","position":2,"name":"Negozio","item":"https:\/\/www.csj-emballages.com\/it\/negozio\/"},{"@type":"ListItem","position":3,"name":"Disincrostante per macchine 5L"}]},{"@type":"WebSite","@id":"https:\/\/www.csj-emballages.com\/it\/#website","url":"https:\/\/www.csj-emballages.com\/it\/","name":"CSJ Emballages","description":"","publisher":{"@id":"https:\/\/www.csj-emballages.com\/it\/#organization"},"potentialAction":[{"@type":"SearchAction","target":{"@type":"EntryPoint","urlTemplate":"https:\/\/www.csj-emballages.com\/it\/?s={search_term_string}"},"query-input":{"@type":"PropertyValueSpecification","valueRequired":true,"valueName":"search_term_string"}}],"inLanguage":"it-IT"},{"@type":"Organization","@id":"https:\/\/www.csj-emballages.com\/it\/#Organization\/","name":"CSJ Emballages","url":"https:\/\/www.csj-emballages.com\/it\/","logo":{"@type":"ImageObject","inLanguage":"it-IT","@id":"https:\/\/www.csj-emballages.com\/it\/#\/schema\/logo\/image\/","url":"https:\/\/www.csj-emballages.com\/wp-content\/uploads\/2023\/10\/logo_csj.webp","contentUrl":"https:\/\/www.csj-emballages.com\/wp-content\/uploads\/2023\/10\/logo_csj.webp","width":250,"height":95,"caption":"CSJ Emballages"},"image":{"@id":"https:\/\/www.csj-emballages.com\/it\/#\/schema\/logo\/image\/"},"sameAs":["https:\/\/www.facebook.com\/csjemballages"],"address":{"@type":"PostalAddress","streetAddress":"ZI La Lechere","addressLocality":"Patornay","postalCode":"39130","addressCountry":"FR"},"contactPoint":[{"@type":"ContactPoint","contactType":"Service client","telephone":"0384254272","email":"contact@csj-emballages.com"}]}]}},"df_price":14.84,"df_sale_price":"","df_regular_price":14.84,"df_image_link":"https:\/\/www.csj-emballages.com\/wp-content\/uploads\/2024\/03\/62345-300x300.webp","tiered_pricing_type":"fixed","tiered_pricing_fixed_rules":[],"tiered_pricing_percentage_rules":[],"tiered_pricing_minimum":1,"tiered_pricing_roles_data":[],"_links":{"self":[{"href":"https:\/\/www.csj-emballages.com\/it\/wp-json\/wp\/v2\/product\/268217","targetHints":{"allow":["GET"]}}],"collection":[{"href":"https:\/\/www.csj-emballages.com\/it\/wp-json\/wp\/v2\/product"}],"about":[{"href":"https:\/\/www.csj-emballages.com\/it\/wp-json\/wp\/v2\/types\/product"}],"wp:featuredmedia":[{"embeddable":true,"href":"https:\/\/www.csj-emballages.com\/it\/wp-json\/wp\/v2\/media\/268218"}],"wp:attachment":[{"href":"https:\/\/www.csj-emballages.com\/it\/wp-json\/wp\/v2\/media?parent=268217"}],"wp:term":[{"taxonomy":"product_brand","embeddable":true,"href":"https:\/\/www.csj-emballages.com\/it\/wp-json\/wp\/v2\/product_brand?post=268217"},{"taxonomy":"product_cat","embeddable":true,"href":"https:\/\/www.csj-emballages.com\/it\/wp-json\/wp\/v2\/product_cat?post=268217"},{"taxonomy":"product_tag","embeddable":true,"href":"https:\/\/www.csj-emballages.com\/it\/wp-json\/wp\/v2\/product_tag?post=268217"}],"curies":[{"name":"wp","href":"https:\/\/api.w.org\/{rel}","templated":true}]}}