{"id":268089,"date":"2024-03-01T16:53:34","date_gmt":"2024-03-01T15:53:34","guid":{"rendered":"https:\/\/www.csj-emballages.com\/produit\/frangia-in-microfibra-per-scopa-velcro-trapezoidale-60-cm\/"},"modified":"2026-03-31T02:14:26","modified_gmt":"2026-03-31T00:14:26","slug":"frangia-in-microfibra-per-scopa-velcro-trapezoidale-60-cm","status":"publish","type":"product","link":"https:\/\/www.csj-emballages.com\/it\/produit\/frangia-in-microfibra-per-scopa-velcro-trapezoidale-60-cm\/","title":{"rendered":"Frangia in microfibra per scopa velcro trapezoidale 60 cm"},"content":{"rendered":"<h2>Frangia in microfibra<\/h2>\n<hr>\n<h3>Descrizione della nostra frangia in microfibra per scopa velcro trapezoidale 60 cm<!--more--><\/h3>\n<div class=\"flex max-w-full flex-col flex-grow\">\n<div class=\"min-h-8 text-message flex w-full flex-col items-end gap-2 whitespace-normal break-words text-start [.text-message+&amp;]:mt-5\" dir=\"auto\" data-message-author-role=\"assistant\" data-message-id=\"266ca6f3-5e07-4948-bd20-80ac5e6da4a5\" data-message-model-slug=\"gpt-4o\">\n<div class=\"flex w-full flex-col gap-1 empty:hidden first:pt-[3px]\">\n<div class=\"markdown prose w-full break-words dark:prose-invert dark\">\n<p data-start=\"292\" data-end=\"694\">Quando si tratta di pulizia, vogliamo soprattutto che sia efficace\u2026 e veloce. Questa <strong data-start=\"377\" data-end=\"423\">frangia in microfibra per scopa trapezoidale 60 cm<\/strong> \u00e8 stata pensata proprio per questo. Grazie alla sua ampia superficie, copre pi\u00f9 pavimento in un solo passaggio, permettendo di risparmiare tempo senza fare sforzi aggiuntivi. Ideale per <strong>grandi superfici, corridoi, uffici o spazi professionali<\/strong> molto frequentati.   <\/p>\n<p data-start=\"696\" data-end=\"1092\">La <strong>microfibra<\/strong> cattura facilmente <strong>polvere, sporco fine e persino le macchie pi\u00f9 ostinate<\/strong>. A differenza delle frange classiche, non si limita a spostare lo sporco: lo cattura e lo trattiene. Risultato: il pavimento \u00e8 pi\u00f9 pulito, pi\u00f9 rapidamente e con meno passaggi. Che tu la usi asciutta per spolverare o leggermente umida per lavare, si adatta senza problemi.   <\/p>\n<p data-start=\"1094\" data-end=\"1469\">Il suo sistema <strong data-start=\"1106\" data-end=\"1116\">velcro<\/strong> rende l&#8217;installazione semplicissima. La fissi in pochi secondi su una scopa trapezoidale compatibile e, quando \u00e8 il momento di cambiarla o lavarla, si rimuove altrettanto facilmente. Le <strong>bande colorate integrate<\/strong> permettono anche di organizzare meglio la pulizia, in particolare per differenziare le zone ed evitare contaminazioni incrociate.  <\/p>\n<p data-start=\"1471\" data-end=\"1709\">Solida e resistente, questa <strong>frangia<\/strong> sopporta lavaggi ripetuti mantenendo il suo potere assorbente. \u00c8 perfetta per i professionisti della pulizia, ma anche per chi vuole un materiale affidabile per un uso regolare. <\/p>\n<p data-start=\"1711\" data-end=\"1862\">In sintesi, \u00e8 una frangia pratica, durevole e davvero efficace, pensata per semplificare la pulizia garantendo un risultato pulito e impeccabile.<\/p>\n<h3><\/h3>\n<\/div>\n<\/div>\n<\/div>\n<\/div>\n<p><!--more--><\/p>\n<h4>Vantaggi:<\/h4>\n<ul>\n<li data-start=\"1890\" data-end=\"1935\"><strong>Formato largo 60 cm<\/strong> per una pulizia rapida.<\/li>\n<li data-start=\"1938\" data-end=\"1981\">Microfibra molto assorbente e performante.<\/li>\n<li data-start=\"1984\" data-end=\"2018\">Fissaggio <strong>velcro<\/strong> semplice e rapido.<\/li>\n<li data-start=\"2021\" data-end=\"2049\">Utilizzabile asciutta o umida.<\/li>\n<li data-start=\"2052\" data-end=\"2084\">Resistente ai lavaggi ripetuti.<\/li>\n<li data-start=\"2087\" data-end=\"2135\">Bande colorate per una migliore organizzazione.<\/li>\n<\/ul>\n<p>&nbsp;<\/p>\n<p><!--more--><\/p>\n<h4>Altre informazioni:<\/h4>\n<ul>\n<li><strong>Confezionamento<\/strong>: Venduto singolarmente<\/li>\n<li><strong>Lunghezza<\/strong>: 60 cm<\/li>\n<li><b>Colore:<\/b> Blu<\/li>\n<\/ul>\n<p>&nbsp;<\/p>\n<p><!--more--><\/p>\n<p><a href=\"https:\/\/www.csj-emballages.com\/it\/categorie-produit\/igiene-e-manutenzione\/spazzole-e-scope\/scope-spazzole-piumini\/gamma-velcro\/\">Consulta il resto della nostra gamma Velcro<\/a><\/p>\n","protected":false},"excerpt":{"rendered":"<p>Frangia in microfibra Descrizione della nostra frangia in microfibra per scopa velcro trapezoidale 60 cm<\/p>\n","protected":false},"featured_media":268092,"template":"","meta":{"_acf_changed":false},"product_brand":[],"product_cat":[10356,10366,10690,10691],"product_tag":[],"class_list":{"0":"post-268089","1":"product","2":"type-product","3":"status-publish","4":"has-post-thumbnail","6":"product_cat-igiene-e-manutenzione","7":"product_cat-spazzole-e-scope","8":"product_cat-scope-spazzole-piumini","9":"product_cat-gamma-velcro","11":"first","12":"instock","13":"taxable","14":"shipping-taxable","15":"purchasable","16":"product-type-simple"},"acf":[],"yoast_head":"<!-- This site is optimized with the Yoast SEO Premium plugin v26.6 (Yoast SEO v26.6) - https:\/\/yoast.com\/wordpress\/plugins\/seo\/ -->\n<title>Frangia in Microfibra per Scopa Velcro Trapezoidale 60 cm<\/title>\n<meta name=\"description\" content=\"Frangia in microfibra per scopa velcro trapezoidale 60 cm. Perfetta per una pulizia efficace dei pavimenti, riutilizzabile e compatibile con diverse superfici.\" \/>\n<meta name=\"robots\" content=\"index, follow, max-snippet:-1, max-image-preview:large, max-video-preview:-1\" \/>\n<link rel=\"canonical\" href=\"https:\/\/www.csj-emballages.com\/it\/produit\/frangia-in-microfibra-per-scopa-velcro-trapezoidale-60-cm\/\" \/>\n<meta property=\"og:locale\" content=\"it_IT\" \/>\n<meta property=\"og:type\" content=\"article\" \/>\n<meta property=\"og:title\" content=\"Frangia in microfibra per scopa velcro trapezoidale 60 cm\" \/>\n<meta property=\"og:description\" content=\"Frangia in microfibra per scopa velcro trapezoidale 60 cm. Perfetta per una pulizia efficace dei pavimenti, riutilizzabile e compatibile con diverse superfici.\" \/>\n<meta property=\"og:url\" content=\"https:\/\/www.csj-emballages.com\/it\/produit\/frangia-in-microfibra-per-scopa-velcro-trapezoidale-60-cm\/\" \/>\n<meta property=\"og:site_name\" content=\"CSJ Emballages\" \/>\n<meta property=\"article:publisher\" content=\"https:\/\/www.facebook.com\/csjemballages\" \/>\n<meta property=\"article:modified_time\" content=\"2026-03-31T00:14:26+00:00\" \/>\n<meta property=\"og:image\" content=\"https:\/\/www.csj-emballages.com\/wp-content\/uploads\/2024\/03\/Franvelcro.webp\" \/>\n\t<meta property=\"og:image:width\" content=\"800\" \/>\n\t<meta property=\"og:image:height\" content=\"800\" \/>\n\t<meta property=\"og:image:type\" content=\"image\/webp\" \/>\n<meta name=\"twitter:card\" content=\"summary_large_image\" \/>\n<meta name=\"twitter:label1\" content=\"Dur\u00e9e de lecture estim\u00e9e\" \/>\n\t<meta name=\"twitter:data1\" content=\"1 minuto\" \/>\n<script type=\"application\/ld+json\" class=\"yoast-schema-graph\">{\"@context\":\"https:\/\/schema.org\",\"@graph\":[{\"@type\":\"WebPage\",\"@id\":\"https:\/\/www.csj-emballages.com\/it\/produit\/frangia-in-microfibra-per-scopa-velcro-trapezoidale-60-cm\/\",\"url\":\"https:\/\/www.csj-emballages.com\/it\/produit\/frangia-in-microfibra-per-scopa-velcro-trapezoidale-60-cm\/\",\"name\":\"Frangia in Microfibra per Scopa Velcro Trapezoidale 60 cm\",\"isPartOf\":{\"@id\":\"https:\/\/www.csj-emballages.com\/it\/#website\"},\"primaryImageOfPage\":{\"@id\":\"https:\/\/www.csj-emballages.com\/it\/produit\/frangia-in-microfibra-per-scopa-velcro-trapezoidale-60-cm\/#primaryimage\"},\"image\":{\"@id\":\"https:\/\/www.csj-emballages.com\/it\/produit\/frangia-in-microfibra-per-scopa-velcro-trapezoidale-60-cm\/#primaryimage\"},\"thumbnailUrl\":\"https:\/\/www.csj-emballages.com\/wp-content\/uploads\/2024\/03\/Franvelcro.webp\",\"datePublished\":\"2024-03-01T15:53:34+00:00\",\"dateModified\":\"2026-03-31T00:14:26+00:00\",\"description\":\"Frangia in microfibra per scopa velcro trapezoidale 60 cm. Perfetta per una pulizia efficace dei pavimenti, riutilizzabile e compatibile con diverse superfici.\",\"breadcrumb\":{\"@id\":\"https:\/\/www.csj-emballages.com\/it\/produit\/frangia-in-microfibra-per-scopa-velcro-trapezoidale-60-cm\/#breadcrumb\"},\"inLanguage\":\"it-IT\",\"potentialAction\":[{\"@type\":\"ReadAction\",\"target\":[\"https:\/\/www.csj-emballages.com\/it\/produit\/frangia-in-microfibra-per-scopa-velcro-trapezoidale-60-cm\/\"]}]},{\"@type\":\"ImageObject\",\"inLanguage\":\"it-IT\",\"@id\":\"https:\/\/www.csj-emballages.com\/it\/produit\/frangia-in-microfibra-per-scopa-velcro-trapezoidale-60-cm\/#primaryimage\",\"url\":\"https:\/\/www.csj-emballages.com\/wp-content\/uploads\/2024\/03\/Franvelcro.webp\",\"contentUrl\":\"https:\/\/www.csj-emballages.com\/wp-content\/uploads\/2024\/03\/Franvelcro.webp\",\"width\":800,\"height\":800,\"caption\":\"Frange microfibre\"},{\"@type\":\"BreadcrumbList\",\"@id\":\"https:\/\/www.csj-emballages.com\/it\/produit\/frangia-in-microfibra-per-scopa-velcro-trapezoidale-60-cm\/#breadcrumb\",\"itemListElement\":[{\"@type\":\"ListItem\",\"position\":1,\"name\":\"Home\",\"item\":\"https:\/\/www.csj-emballages.com\/it\/universo-imballaggi-alimentari\/\"},{\"@type\":\"ListItem\",\"position\":2,\"name\":\"Negozio\",\"item\":\"https:\/\/www.csj-emballages.com\/it\/negozio\/\"},{\"@type\":\"ListItem\",\"position\":3,\"name\":\"Frangia in microfibra per scopa velcro trapezoidale 60 cm\"}]},{\"@type\":\"WebSite\",\"@id\":\"https:\/\/www.csj-emballages.com\/it\/#website\",\"url\":\"https:\/\/www.csj-emballages.com\/it\/\",\"name\":\"CSJ Emballages\",\"description\":\"\",\"publisher\":{\"@id\":\"https:\/\/www.csj-emballages.com\/it\/#organization\"},\"potentialAction\":[{\"@type\":\"SearchAction\",\"target\":{\"@type\":\"EntryPoint\",\"urlTemplate\":\"https:\/\/www.csj-emballages.com\/it\/?s={search_term_string}\"},\"query-input\":{\"@type\":\"PropertyValueSpecification\",\"valueRequired\":true,\"valueName\":\"search_term_string\"}}],\"inLanguage\":\"it-IT\"},{\"@type\":\"Organization\",\"@id\":\"https:\/\/www.csj-emballages.com\/it\/#Organization\/\",\"name\":\"CSJ Emballages\",\"url\":\"https:\/\/www.csj-emballages.com\/it\/\",\"logo\":{\"@type\":\"ImageObject\",\"inLanguage\":\"it-IT\",\"@id\":\"https:\/\/www.csj-emballages.com\/it\/#\/schema\/logo\/image\/\",\"url\":\"https:\/\/www.csj-emballages.com\/wp-content\/uploads\/2023\/10\/logo_csj.webp\",\"contentUrl\":\"https:\/\/www.csj-emballages.com\/wp-content\/uploads\/2023\/10\/logo_csj.webp\",\"width\":250,\"height\":95,\"caption\":\"CSJ Emballages\"},\"image\":{\"@id\":\"https:\/\/www.csj-emballages.com\/it\/#\/schema\/logo\/image\/\"},\"sameAs\":[\"https:\/\/www.facebook.com\/csjemballages\"],\"address\":{\"@type\":\"PostalAddress\",\"streetAddress\":\"ZI La Lechere\",\"addressLocality\":\"Patornay\",\"postalCode\":\"39130\",\"addressCountry\":\"FR\"},\"contactPoint\":[{\"@type\":\"ContactPoint\",\"contactType\":\"Service client\",\"telephone\":\"0384254272\",\"email\":\"contact@csj-emballages.com\"}]}]}<\/script>\n<!-- \/ Yoast SEO Premium plugin. -->","yoast_head_json":{"title":"Frangia in Microfibra per Scopa Velcro Trapezoidale 60 cm","description":"Frangia in microfibra per scopa velcro trapezoidale 60 cm. Perfetta per una pulizia efficace dei pavimenti, riutilizzabile e compatibile con diverse superfici.","robots":{"index":"index","follow":"follow","max-snippet":"max-snippet:-1","max-image-preview":"max-image-preview:large","max-video-preview":"max-video-preview:-1"},"canonical":"https:\/\/www.csj-emballages.com\/it\/produit\/frangia-in-microfibra-per-scopa-velcro-trapezoidale-60-cm\/","og_locale":"it_IT","og_type":"article","og_title":"Frangia in microfibra per scopa velcro trapezoidale 60 cm","og_description":"Frangia in microfibra per scopa velcro trapezoidale 60 cm. Perfetta per una pulizia efficace dei pavimenti, riutilizzabile e compatibile con diverse superfici.","og_url":"https:\/\/www.csj-emballages.com\/it\/produit\/frangia-in-microfibra-per-scopa-velcro-trapezoidale-60-cm\/","og_site_name":"CSJ Emballages","article_publisher":"https:\/\/www.facebook.com\/csjemballages","article_modified_time":"2026-03-31T00:14:26+00:00","og_image":[{"width":800,"height":800,"url":"https:\/\/www.csj-emballages.com\/wp-content\/uploads\/2024\/03\/Franvelcro.webp","type":"image\/webp"}],"twitter_card":"summary_large_image","twitter_misc":{"Dur\u00e9e de lecture estim\u00e9e":"1 minuto"},"schema":{"@context":"https:\/\/schema.org","@graph":[{"@type":"WebPage","@id":"https:\/\/www.csj-emballages.com\/it\/produit\/frangia-in-microfibra-per-scopa-velcro-trapezoidale-60-cm\/","url":"https:\/\/www.csj-emballages.com\/it\/produit\/frangia-in-microfibra-per-scopa-velcro-trapezoidale-60-cm\/","name":"Frangia in Microfibra per Scopa Velcro Trapezoidale 60 cm","isPartOf":{"@id":"https:\/\/www.csj-emballages.com\/it\/#website"},"primaryImageOfPage":{"@id":"https:\/\/www.csj-emballages.com\/it\/produit\/frangia-in-microfibra-per-scopa-velcro-trapezoidale-60-cm\/#primaryimage"},"image":{"@id":"https:\/\/www.csj-emballages.com\/it\/produit\/frangia-in-microfibra-per-scopa-velcro-trapezoidale-60-cm\/#primaryimage"},"thumbnailUrl":"https:\/\/www.csj-emballages.com\/wp-content\/uploads\/2024\/03\/Franvelcro.webp","datePublished":"2024-03-01T15:53:34+00:00","dateModified":"2026-03-31T00:14:26+00:00","description":"Frangia in microfibra per scopa velcro trapezoidale 60 cm. Perfetta per una pulizia efficace dei pavimenti, riutilizzabile e compatibile con diverse superfici.","breadcrumb":{"@id":"https:\/\/www.csj-emballages.com\/it\/produit\/frangia-in-microfibra-per-scopa-velcro-trapezoidale-60-cm\/#breadcrumb"},"inLanguage":"it-IT","potentialAction":[{"@type":"ReadAction","target":["https:\/\/www.csj-emballages.com\/it\/produit\/frangia-in-microfibra-per-scopa-velcro-trapezoidale-60-cm\/"]}]},{"@type":"ImageObject","inLanguage":"it-IT","@id":"https:\/\/www.csj-emballages.com\/it\/produit\/frangia-in-microfibra-per-scopa-velcro-trapezoidale-60-cm\/#primaryimage","url":"https:\/\/www.csj-emballages.com\/wp-content\/uploads\/2024\/03\/Franvelcro.webp","contentUrl":"https:\/\/www.csj-emballages.com\/wp-content\/uploads\/2024\/03\/Franvelcro.webp","width":800,"height":800,"caption":"Frange microfibre"},{"@type":"BreadcrumbList","@id":"https:\/\/www.csj-emballages.com\/it\/produit\/frangia-in-microfibra-per-scopa-velcro-trapezoidale-60-cm\/#breadcrumb","itemListElement":[{"@type":"ListItem","position":1,"name":"Home","item":"https:\/\/www.csj-emballages.com\/it\/universo-imballaggi-alimentari\/"},{"@type":"ListItem","position":2,"name":"Negozio","item":"https:\/\/www.csj-emballages.com\/it\/negozio\/"},{"@type":"ListItem","position":3,"name":"Frangia in microfibra per scopa velcro trapezoidale 60 cm"}]},{"@type":"WebSite","@id":"https:\/\/www.csj-emballages.com\/it\/#website","url":"https:\/\/www.csj-emballages.com\/it\/","name":"CSJ Emballages","description":"","publisher":{"@id":"https:\/\/www.csj-emballages.com\/it\/#organization"},"potentialAction":[{"@type":"SearchAction","target":{"@type":"EntryPoint","urlTemplate":"https:\/\/www.csj-emballages.com\/it\/?s={search_term_string}"},"query-input":{"@type":"PropertyValueSpecification","valueRequired":true,"valueName":"search_term_string"}}],"inLanguage":"it-IT"},{"@type":"Organization","@id":"https:\/\/www.csj-emballages.com\/it\/#Organization\/","name":"CSJ Emballages","url":"https:\/\/www.csj-emballages.com\/it\/","logo":{"@type":"ImageObject","inLanguage":"it-IT","@id":"https:\/\/www.csj-emballages.com\/it\/#\/schema\/logo\/image\/","url":"https:\/\/www.csj-emballages.com\/wp-content\/uploads\/2023\/10\/logo_csj.webp","contentUrl":"https:\/\/www.csj-emballages.com\/wp-content\/uploads\/2023\/10\/logo_csj.webp","width":250,"height":95,"caption":"CSJ Emballages"},"image":{"@id":"https:\/\/www.csj-emballages.com\/it\/#\/schema\/logo\/image\/"},"sameAs":["https:\/\/www.facebook.com\/csjemballages"],"address":{"@type":"PostalAddress","streetAddress":"ZI La Lechere","addressLocality":"Patornay","postalCode":"39130","addressCountry":"FR"},"contactPoint":[{"@type":"ContactPoint","contactType":"Service client","telephone":"0384254272","email":"contact@csj-emballages.com"}]}]}},"df_price":3.07,"df_sale_price":"","df_regular_price":3.07,"df_image_link":"https:\/\/www.csj-emballages.com\/wp-content\/uploads\/2024\/03\/Franvelcro-300x300.webp","tiered_pricing_type":"fixed","tiered_pricing_fixed_rules":[],"tiered_pricing_percentage_rules":[],"tiered_pricing_minimum":1,"tiered_pricing_roles_data":[],"_links":{"self":[{"href":"https:\/\/www.csj-emballages.com\/it\/wp-json\/wp\/v2\/product\/268089","targetHints":{"allow":["GET"]}}],"collection":[{"href":"https:\/\/www.csj-emballages.com\/it\/wp-json\/wp\/v2\/product"}],"about":[{"href":"https:\/\/www.csj-emballages.com\/it\/wp-json\/wp\/v2\/types\/product"}],"wp:featuredmedia":[{"embeddable":true,"href":"https:\/\/www.csj-emballages.com\/it\/wp-json\/wp\/v2\/media\/268092"}],"wp:attachment":[{"href":"https:\/\/www.csj-emballages.com\/it\/wp-json\/wp\/v2\/media?parent=268089"}],"wp:term":[{"taxonomy":"product_brand","embeddable":true,"href":"https:\/\/www.csj-emballages.com\/it\/wp-json\/wp\/v2\/product_brand?post=268089"},{"taxonomy":"product_cat","embeddable":true,"href":"https:\/\/www.csj-emballages.com\/it\/wp-json\/wp\/v2\/product_cat?post=268089"},{"taxonomy":"product_tag","embeddable":true,"href":"https:\/\/www.csj-emballages.com\/it\/wp-json\/wp\/v2\/product_tag?post=268089"}],"curies":[{"name":"wp","href":"https:\/\/api.w.org\/{rel}","templated":true}]}}