{"id":268075,"date":"2024-03-01T16:53:34","date_gmt":"2024-03-01T15:53:34","guid":{"rendered":"https:\/\/www.csj-emballages.com\/produit\/flute-champagne-in-plastica-effetto-cristallo-135-cl-confezione-da-10\/"},"modified":"2026-04-16T02:13:20","modified_gmt":"2026-04-16T00:13:20","slug":"flute-champagne-in-plastica-effetto-cristallo-135-cl-confezione-da-10","status":"publish","type":"product","link":"https:\/\/www.csj-emballages.com\/it\/produit\/flute-champagne-in-plastica-effetto-cristallo-135-cl-confezione-da-10\/","title":{"rendered":"Fl\u00fbte champagne in plastica effetto cristallo 13,5 cl, confezione da 10"},"content":{"rendered":"<h2>Fl\u00fbte champagne<\/h2>\n<hr>\n<h3>Scopri la nostra fl\u00fbte champagne in plastica effetto cristallo 13,5 cl, confezione da 10<\/h3>\n<p><!--more--><\/p>\n<div class=\"flex flex-grow flex-col max-w-full\">\n<div class=\"min-h-[20px] text-message flex w-full flex-col items-end gap-2 whitespace-pre-wrap break-words [.text-message+&amp;]:mt-5 overflow-x-auto\" dir=\"auto\" data-message-author-role=\"assistant\" data-message-id=\"7e3195e7-6ba9-479c-b9b8-5e4b914c2cd7\">\n<div class=\"flex w-full flex-col gap-1 empty:hidden first:pt-[3px]\">\n<div class=\"markdown prose w-full break-words dark:prose-invert light\">\n<p>Queste <strong>fl\u00fbte champagne<\/strong> sono progettate per esaltare le bevande che contengono. La loro capacit\u00e0 di <strong>135 ml<\/strong> \u00e8 ideale per servire champagne o altre bevande frizzanti. Le loro dimensioni compatte favoriscono un consumo moderato pur mantenendo un aspetto sofisticato. Queste <strong>fl\u00fbte champagne<\/strong> in <strong>PS cristallo<\/strong> sono anche pratiche per gli organizzatori di eventi. Adatte a ogni tipo di evento, si integrano perfettamente nell&#8217;arredamento della tavola, sia classico che moderno. La loro trasparenza accentua l&#8217;eleganza e valorizza i colori delle bevande servite. Si abbinano facilmente a diversi accessori da ricevimento, come tovaglie, tovaglioli o decorazioni da tavola.      <\/p>\n<p>In termini di sicurezza, queste fl\u00fbte sono ideali per evitare problemi legati al vetro rotto, in particolare in ambienti dove sono presenti bambini o durante eventi all&#8217;aperto. Sono perfette anche per luoghi dove l&#8217;uso del vetro \u00e8 vietato, come piscine o parchi. <\/p>\n<p>Infine, il loro eccellente rapporto qualit\u00e0-prezzo le rende una soluzione economica per grandi ricevimenti. Offri cos\u00ec ai tuoi ospiti un&#8217;esperienza di lusso a un costo contenuto. Optando per queste <strong>fl\u00fbte champagne<\/strong> <strong>135<\/strong><strong> ml<\/strong> effetto cristallo usa e getta, unisci eleganza, praticit\u00e0 e serenit\u00e0 per tutte le tue celebrazioni. Una soluzione perfetta per momenti memorabili senza preoccupazioni.   <\/p>\n<p>&nbsp;<\/p>\n<p><!--more--><\/p>\n<\/div>\n<\/div>\n<\/div>\n<\/div>\n<p>Investi nella qualit\u00e0 e nell&#8217;eleganza con queste <strong>fl\u00fbte champagne<\/strong> da <strong>13,5 cl<\/strong>.<\/p>\n<p>&nbsp;<\/p>\n<p><!--more--><\/p>\n<h4><strong>I loro vantaggi:<\/strong><\/h4>\n<ul>\n<li><strong>Versatilit\u00e0<\/strong>: Ideali per ogni tipo di evento, formale o informale.<\/li>\n<li><strong>Leggerezza<\/strong>: Pi\u00f9 leggere del vetro, sono facili da trasportare e maneggiare.<\/li>\n<\/ul>\n<p>&nbsp;<\/p>\n<p><!--more--><\/p>\n<h4>Altre informazioni:<\/h4>\n<ul>\n<li><strong>Volume<\/strong>: 13,5 cl<\/li>\n<li><strong>Dimensioni<\/strong>: 50 x 178 (\u00d8 x H in mm)<\/li>\n<li><strong>Confezione<\/strong>: Pacchetto da 10<\/li>\n<li><strong>Materiale<\/strong>: PS (Polistirene)<\/li>\n<\/ul>\n<p>&nbsp;<\/p>\n<p><!--more--><\/p>\n<p>Disponibile anche da <span style=\"color: #d12727;\"><a style=\"color: #d12727;\" href=\"https:\/\/www.csj-emballages.com\/it\/produit\/10-flute-da-champagne-in-plastica-cristallo-usa-e-getta-10-cl\/\">10 cl<\/a><\/span><\/p>\n<p>&nbsp;<\/p>\n<p><!--more--><\/p>\n<p><a href=\"\/?product_cat=vaisselles-reutilisables\">Consulta il resto della nostra gamma di stoviglie riutilizzabili<\/a><\/p>\n","protected":false},"excerpt":{"rendered":"<p>Fl\u00fbte champagne Scopri la nostra fl\u00fbte champagne in plastica effetto cristallo 13,5 cl, confezione da 10<\/p>\n","protected":false},"featured_media":268077,"template":"","meta":{"_acf_changed":false},"product_brand":[],"product_cat":[10346,10409,10685],"product_tag":[],"class_list":{"0":"post-268075","1":"product","2":"type-product","3":"status-publish","4":"has-post-thumbnail","6":"product_cat-imballaggi-alimentari","7":"product_cat-bicchieri-calici-bottiglie","8":"product_cat-bicchieri-riutilizzabili-infrangibili","10":"first","11":"instock","12":"taxable","13":"shipping-taxable","14":"purchasable","15":"product-type-simple"},"acf":[],"yoast_head":"<!-- This site is optimized with the Yoast SEO Premium plugin v26.6 (Yoast SEO v26.6) - https:\/\/yoast.com\/wordpress\/plugins\/seo\/ -->\n<title>Fl\u00fbte Champagne Effetto Cristallo - 13,5 cl<\/title>\n<meta name=\"description\" content=\"Fl\u00fbte champagne 13,5 cl effetto cristallo usa e getta: eleganti, pratiche, riciclabili e senza rischio di rottura. Ideali per tutti i tuoi eventi!\" \/>\n<meta name=\"robots\" content=\"index, follow, max-snippet:-1, max-image-preview:large, max-video-preview:-1\" \/>\n<link rel=\"canonical\" href=\"https:\/\/www.csj-emballages.com\/it\/produit\/flute-champagne-in-plastica-effetto-cristallo-135-cl-confezione-da-10\/\" \/>\n<meta property=\"og:locale\" content=\"it_IT\" \/>\n<meta property=\"og:type\" content=\"article\" \/>\n<meta property=\"og:title\" content=\"Fl\u00fbte champagne in plastica effetto cristallo 13,5 cl, confezione da 10\" \/>\n<meta property=\"og:description\" content=\"Fl\u00fbte champagne 13,5 cl effetto cristallo usa e getta: eleganti, pratiche, riciclabili e senza rischio di rottura. Ideali per tutti i tuoi eventi!\" \/>\n<meta property=\"og:url\" content=\"https:\/\/www.csj-emballages.com\/it\/produit\/flute-champagne-in-plastica-effetto-cristallo-135-cl-confezione-da-10\/\" \/>\n<meta property=\"og:site_name\" content=\"CSJ Emballages\" \/>\n<meta property=\"article:publisher\" content=\"https:\/\/www.facebook.com\/csjemballages\" \/>\n<meta property=\"article:modified_time\" content=\"2026-04-16T00:13:20+00:00\" \/>\n<meta property=\"og:image\" content=\"https:\/\/www.csj-emballages.com\/wp-content\/uploads\/2024\/03\/Flute-champagne-13ccl.webp\" \/>\n\t<meta property=\"og:image:width\" content=\"800\" \/>\n\t<meta property=\"og:image:height\" content=\"800\" \/>\n\t<meta property=\"og:image:type\" content=\"image\/webp\" \/>\n<meta name=\"twitter:card\" content=\"summary_large_image\" \/>\n<meta name=\"twitter:label1\" content=\"Dur\u00e9e de lecture estim\u00e9e\" \/>\n\t<meta name=\"twitter:data1\" content=\"1 minuto\" \/>\n<script type=\"application\/ld+json\" class=\"yoast-schema-graph\">{\"@context\":\"https:\/\/schema.org\",\"@graph\":[{\"@type\":\"WebPage\",\"@id\":\"https:\/\/www.csj-emballages.com\/it\/produit\/flute-champagne-in-plastica-effetto-cristallo-135-cl-confezione-da-10\/\",\"url\":\"https:\/\/www.csj-emballages.com\/it\/produit\/flute-champagne-in-plastica-effetto-cristallo-135-cl-confezione-da-10\/\",\"name\":\"Fl\u00fbte Champagne Effetto Cristallo - 13,5 cl\",\"isPartOf\":{\"@id\":\"https:\/\/www.csj-emballages.com\/it\/#website\"},\"primaryImageOfPage\":{\"@id\":\"https:\/\/www.csj-emballages.com\/it\/produit\/flute-champagne-in-plastica-effetto-cristallo-135-cl-confezione-da-10\/#primaryimage\"},\"image\":{\"@id\":\"https:\/\/www.csj-emballages.com\/it\/produit\/flute-champagne-in-plastica-effetto-cristallo-135-cl-confezione-da-10\/#primaryimage\"},\"thumbnailUrl\":\"https:\/\/www.csj-emballages.com\/wp-content\/uploads\/2024\/03\/Flute-champagne-13ccl.webp\",\"datePublished\":\"2024-03-01T15:53:34+00:00\",\"dateModified\":\"2026-04-16T00:13:20+00:00\",\"description\":\"Fl\u00fbte champagne 13,5 cl effetto cristallo usa e getta: eleganti, pratiche, riciclabili e senza rischio di rottura. Ideali per tutti i tuoi eventi!\",\"breadcrumb\":{\"@id\":\"https:\/\/www.csj-emballages.com\/it\/produit\/flute-champagne-in-plastica-effetto-cristallo-135-cl-confezione-da-10\/#breadcrumb\"},\"inLanguage\":\"it-IT\",\"potentialAction\":[{\"@type\":\"ReadAction\",\"target\":[\"https:\/\/www.csj-emballages.com\/it\/produit\/flute-champagne-in-plastica-effetto-cristallo-135-cl-confezione-da-10\/\"]}]},{\"@type\":\"ImageObject\",\"inLanguage\":\"it-IT\",\"@id\":\"https:\/\/www.csj-emballages.com\/it\/produit\/flute-champagne-in-plastica-effetto-cristallo-135-cl-confezione-da-10\/#primaryimage\",\"url\":\"https:\/\/www.csj-emballages.com\/wp-content\/uploads\/2024\/03\/Flute-champagne-13ccl.webp\",\"contentUrl\":\"https:\/\/www.csj-emballages.com\/wp-content\/uploads\/2024\/03\/Flute-champagne-13ccl.webp\",\"width\":800,\"height\":800,\"caption\":\"Fl\u00fbte champagne\"},{\"@type\":\"BreadcrumbList\",\"@id\":\"https:\/\/www.csj-emballages.com\/it\/produit\/flute-champagne-in-plastica-effetto-cristallo-135-cl-confezione-da-10\/#breadcrumb\",\"itemListElement\":[{\"@type\":\"ListItem\",\"position\":1,\"name\":\"Home\",\"item\":\"https:\/\/www.csj-emballages.com\/it\/universo-imballaggi-alimentari\/\"},{\"@type\":\"ListItem\",\"position\":2,\"name\":\"Negozio\",\"item\":\"https:\/\/www.csj-emballages.com\/it\/negozio\/\"},{\"@type\":\"ListItem\",\"position\":3,\"name\":\"Fl\u00fbte champagne in plastica effetto cristallo 13,5 cl, confezione da 10\"}]},{\"@type\":\"WebSite\",\"@id\":\"https:\/\/www.csj-emballages.com\/it\/#website\",\"url\":\"https:\/\/www.csj-emballages.com\/it\/\",\"name\":\"CSJ Emballages\",\"description\":\"\",\"publisher\":{\"@id\":\"https:\/\/www.csj-emballages.com\/it\/#organization\"},\"potentialAction\":[{\"@type\":\"SearchAction\",\"target\":{\"@type\":\"EntryPoint\",\"urlTemplate\":\"https:\/\/www.csj-emballages.com\/it\/?s={search_term_string}\"},\"query-input\":{\"@type\":\"PropertyValueSpecification\",\"valueRequired\":true,\"valueName\":\"search_term_string\"}}],\"inLanguage\":\"it-IT\"},{\"@type\":\"Organization\",\"@id\":\"https:\/\/www.csj-emballages.com\/it\/#Organization\/\",\"name\":\"CSJ Emballages\",\"url\":\"https:\/\/www.csj-emballages.com\/it\/\",\"logo\":{\"@type\":\"ImageObject\",\"inLanguage\":\"it-IT\",\"@id\":\"https:\/\/www.csj-emballages.com\/it\/#\/schema\/logo\/image\/\",\"url\":\"https:\/\/www.csj-emballages.com\/wp-content\/uploads\/2023\/10\/logo_csj.webp\",\"contentUrl\":\"https:\/\/www.csj-emballages.com\/wp-content\/uploads\/2023\/10\/logo_csj.webp\",\"width\":250,\"height\":95,\"caption\":\"CSJ Emballages\"},\"image\":{\"@id\":\"https:\/\/www.csj-emballages.com\/it\/#\/schema\/logo\/image\/\"},\"sameAs\":[\"https:\/\/www.facebook.com\/csjemballages\"],\"address\":{\"@type\":\"PostalAddress\",\"streetAddress\":\"ZI La Lechere\",\"addressLocality\":\"Patornay\",\"postalCode\":\"39130\",\"addressCountry\":\"FR\"},\"contactPoint\":[{\"@type\":\"ContactPoint\",\"contactType\":\"Service client\",\"telephone\":\"0384254272\",\"email\":\"contact@csj-emballages.com\"}]}]}<\/script>\n<!-- \/ Yoast SEO Premium plugin. -->","yoast_head_json":{"title":"Fl\u00fbte Champagne Effetto Cristallo - 13,5 cl","description":"Fl\u00fbte champagne 13,5 cl effetto cristallo usa e getta: eleganti, pratiche, riciclabili e senza rischio di rottura. Ideali per tutti i tuoi eventi!","robots":{"index":"index","follow":"follow","max-snippet":"max-snippet:-1","max-image-preview":"max-image-preview:large","max-video-preview":"max-video-preview:-1"},"canonical":"https:\/\/www.csj-emballages.com\/it\/produit\/flute-champagne-in-plastica-effetto-cristallo-135-cl-confezione-da-10\/","og_locale":"it_IT","og_type":"article","og_title":"Fl\u00fbte champagne in plastica effetto cristallo 13,5 cl, confezione da 10","og_description":"Fl\u00fbte champagne 13,5 cl effetto cristallo usa e getta: eleganti, pratiche, riciclabili e senza rischio di rottura. Ideali per tutti i tuoi eventi!","og_url":"https:\/\/www.csj-emballages.com\/it\/produit\/flute-champagne-in-plastica-effetto-cristallo-135-cl-confezione-da-10\/","og_site_name":"CSJ Emballages","article_publisher":"https:\/\/www.facebook.com\/csjemballages","article_modified_time":"2026-04-16T00:13:20+00:00","og_image":[{"width":800,"height":800,"url":"https:\/\/www.csj-emballages.com\/wp-content\/uploads\/2024\/03\/Flute-champagne-13ccl.webp","type":"image\/webp"}],"twitter_card":"summary_large_image","twitter_misc":{"Dur\u00e9e de lecture estim\u00e9e":"1 minuto"},"schema":{"@context":"https:\/\/schema.org","@graph":[{"@type":"WebPage","@id":"https:\/\/www.csj-emballages.com\/it\/produit\/flute-champagne-in-plastica-effetto-cristallo-135-cl-confezione-da-10\/","url":"https:\/\/www.csj-emballages.com\/it\/produit\/flute-champagne-in-plastica-effetto-cristallo-135-cl-confezione-da-10\/","name":"Fl\u00fbte Champagne Effetto Cristallo - 13,5 cl","isPartOf":{"@id":"https:\/\/www.csj-emballages.com\/it\/#website"},"primaryImageOfPage":{"@id":"https:\/\/www.csj-emballages.com\/it\/produit\/flute-champagne-in-plastica-effetto-cristallo-135-cl-confezione-da-10\/#primaryimage"},"image":{"@id":"https:\/\/www.csj-emballages.com\/it\/produit\/flute-champagne-in-plastica-effetto-cristallo-135-cl-confezione-da-10\/#primaryimage"},"thumbnailUrl":"https:\/\/www.csj-emballages.com\/wp-content\/uploads\/2024\/03\/Flute-champagne-13ccl.webp","datePublished":"2024-03-01T15:53:34+00:00","dateModified":"2026-04-16T00:13:20+00:00","description":"Fl\u00fbte champagne 13,5 cl effetto cristallo usa e getta: eleganti, pratiche, riciclabili e senza rischio di rottura. Ideali per tutti i tuoi eventi!","breadcrumb":{"@id":"https:\/\/www.csj-emballages.com\/it\/produit\/flute-champagne-in-plastica-effetto-cristallo-135-cl-confezione-da-10\/#breadcrumb"},"inLanguage":"it-IT","potentialAction":[{"@type":"ReadAction","target":["https:\/\/www.csj-emballages.com\/it\/produit\/flute-champagne-in-plastica-effetto-cristallo-135-cl-confezione-da-10\/"]}]},{"@type":"ImageObject","inLanguage":"it-IT","@id":"https:\/\/www.csj-emballages.com\/it\/produit\/flute-champagne-in-plastica-effetto-cristallo-135-cl-confezione-da-10\/#primaryimage","url":"https:\/\/www.csj-emballages.com\/wp-content\/uploads\/2024\/03\/Flute-champagne-13ccl.webp","contentUrl":"https:\/\/www.csj-emballages.com\/wp-content\/uploads\/2024\/03\/Flute-champagne-13ccl.webp","width":800,"height":800,"caption":"Fl\u00fbte champagne"},{"@type":"BreadcrumbList","@id":"https:\/\/www.csj-emballages.com\/it\/produit\/flute-champagne-in-plastica-effetto-cristallo-135-cl-confezione-da-10\/#breadcrumb","itemListElement":[{"@type":"ListItem","position":1,"name":"Home","item":"https:\/\/www.csj-emballages.com\/it\/universo-imballaggi-alimentari\/"},{"@type":"ListItem","position":2,"name":"Negozio","item":"https:\/\/www.csj-emballages.com\/it\/negozio\/"},{"@type":"ListItem","position":3,"name":"Fl\u00fbte champagne in plastica effetto cristallo 13,5 cl, confezione da 10"}]},{"@type":"WebSite","@id":"https:\/\/www.csj-emballages.com\/it\/#website","url":"https:\/\/www.csj-emballages.com\/it\/","name":"CSJ Emballages","description":"","publisher":{"@id":"https:\/\/www.csj-emballages.com\/it\/#organization"},"potentialAction":[{"@type":"SearchAction","target":{"@type":"EntryPoint","urlTemplate":"https:\/\/www.csj-emballages.com\/it\/?s={search_term_string}"},"query-input":{"@type":"PropertyValueSpecification","valueRequired":true,"valueName":"search_term_string"}}],"inLanguage":"it-IT"},{"@type":"Organization","@id":"https:\/\/www.csj-emballages.com\/it\/#Organization\/","name":"CSJ Emballages","url":"https:\/\/www.csj-emballages.com\/it\/","logo":{"@type":"ImageObject","inLanguage":"it-IT","@id":"https:\/\/www.csj-emballages.com\/it\/#\/schema\/logo\/image\/","url":"https:\/\/www.csj-emballages.com\/wp-content\/uploads\/2023\/10\/logo_csj.webp","contentUrl":"https:\/\/www.csj-emballages.com\/wp-content\/uploads\/2023\/10\/logo_csj.webp","width":250,"height":95,"caption":"CSJ Emballages"},"image":{"@id":"https:\/\/www.csj-emballages.com\/it\/#\/schema\/logo\/image\/"},"sameAs":["https:\/\/www.facebook.com\/csjemballages"],"address":{"@type":"PostalAddress","streetAddress":"ZI La Lechere","addressLocality":"Patornay","postalCode":"39130","addressCountry":"FR"},"contactPoint":[{"@type":"ContactPoint","contactType":"Service client","telephone":"0384254272","email":"contact@csj-emballages.com"}]}]}},"df_price":2.65,"df_sale_price":"","df_regular_price":2.65,"df_image_link":"https:\/\/www.csj-emballages.com\/wp-content\/uploads\/2024\/03\/Flute-champagne-13ccl-300x300.webp","tiered_pricing_type":"fixed","tiered_pricing_fixed_rules":[],"tiered_pricing_percentage_rules":[],"tiered_pricing_minimum":1,"tiered_pricing_roles_data":[],"_links":{"self":[{"href":"https:\/\/www.csj-emballages.com\/it\/wp-json\/wp\/v2\/product\/268075","targetHints":{"allow":["GET"]}}],"collection":[{"href":"https:\/\/www.csj-emballages.com\/it\/wp-json\/wp\/v2\/product"}],"about":[{"href":"https:\/\/www.csj-emballages.com\/it\/wp-json\/wp\/v2\/types\/product"}],"wp:featuredmedia":[{"embeddable":true,"href":"https:\/\/www.csj-emballages.com\/it\/wp-json\/wp\/v2\/media\/268077"}],"wp:attachment":[{"href":"https:\/\/www.csj-emballages.com\/it\/wp-json\/wp\/v2\/media?parent=268075"}],"wp:term":[{"taxonomy":"product_brand","embeddable":true,"href":"https:\/\/www.csj-emballages.com\/it\/wp-json\/wp\/v2\/product_brand?post=268075"},{"taxonomy":"product_cat","embeddable":true,"href":"https:\/\/www.csj-emballages.com\/it\/wp-json\/wp\/v2\/product_cat?post=268075"},{"taxonomy":"product_tag","embeddable":true,"href":"https:\/\/www.csj-emballages.com\/it\/wp-json\/wp\/v2\/product_tag?post=268075"}],"curies":[{"name":"wp","href":"https:\/\/api.w.org\/{rel}","templated":true}]}}