{"id":268065,"date":"2024-03-01T16:53:28","date_gmt":"2024-03-01T15:53:28","guid":{"rendered":"https:\/\/www.csj-emballages.com\/produit\/25-bicchieri-cartone-oro-20-cl\/"},"modified":"2026-04-14T02:16:55","modified_gmt":"2026-04-14T00:16:55","slug":"25-bicchieri-cartone-oro-20-cl","status":"publish","type":"product","link":"https:\/\/www.csj-emballages.com\/it\/produit\/25-bicchieri-cartone-oro-20-cl\/","title":{"rendered":"Bicchiere in cartone oro 20 cl da 25"},"content":{"rendered":"<h2>Bicchiere in cartone oro<\/h2>\n<hr>\n<h3>Bicchiere in cartone oro 20 cl da 25<\/h3>\n<p><!--more--><\/p>\n<p data-start=\"84\" data-end=\"393\">Dai un vero valore aggiunto al tuo servizio con questo <strong>bicchiere in cartone oro<\/strong>. Molto pi\u00f9 di un semplice contenitore: diventa un vero elemento di presentazione che cattura lo sguardo e valorizza subito le tue bevande. <\/p>\n<p data-start=\"395\" data-end=\"794\">Che tu sia ristoratore, catering, gestore di un coffee shop o organizzatore di eventi, questo <strong>bicchiere da 20 cl<\/strong> si adatta a ogni situazione. Il formato \u00e8 ideale per servire caff\u00e8, t\u00e8, cioccolata calda, ma anche bevande fredde come succhi o bibite. La sua <strong>tonalit\u00e0 dorata<\/strong> aggiunge un tocco premium che fa la differenza, soprattutto durante eventi festivi o di fascia alta.  <\/p>\n<p data-start=\"796\" data-end=\"1134\">Pensato per un uso pratico ogni giorno, questo <strong>bicchiere<\/strong> \u00e8 leggero, resistente e comodo da impugnare. Ti permette di servire rapidamente garantendo un\u2019esperienza cliente curata. La confezione da <strong>25 unit\u00e0<\/strong> \u00e8 perfetta per gestire facilmente le scorte, sia per un uso occasionale sia regolare.  <\/p>\n<p data-start=\"796\" data-end=\"1134\">\n<p data-start=\"796\" data-end=\"1134\"><!--more--><\/p>\n<h4 data-start=\"796\" data-end=\"1134\">Vantaggi:<\/h4>\n<ul>\n<li data-section-id=\"1rwos0j\" data-start=\"1550\" data-end=\"1649\">Colore oro per una presentazione elegante e distintiva<\/li>\n<li data-section-id=\"11wz0y8\" data-start=\"1650\" data-end=\"1746\"><strong data-start=\"1655\" data-end=\"1685\">Capacit\u00e0 ideale da 20 cl<\/strong>: perfetta per tutte le bevande, calde e fredde<\/li>\n<li data-section-id=\"1oh88z3\" data-start=\"1747\" data-end=\"1842\">Adatto a caff\u00e8, t\u00e8, cioccolate calde, succhi e bibite<\/li>\n<li data-section-id=\"1qc0yi\" data-start=\"1843\" data-end=\"1933\">Pratico per le esigenze quotidiane o per eventi occasionali<\/li>\n<li data-section-id=\"1dt3zln\" data-start=\"1934\" data-end=\"2025\">Soluzione pi\u00f9 rispettosa dell\u2019ambiente rispetto alla plastica<\/li>\n<\/ul>\n<p>&nbsp;<\/p>\n<p><!--more--><\/p>\n<h4>Altre informazioni:<\/h4>\n<ul>\n<li><strong>Confezionamento<\/strong>: Pacco da 25<\/li>\n<li><b>Diametro base: <\/b>48 mm<\/li>\n<li><strong>Diametro superiore<\/strong>: 67 mm<\/li>\n<li><strong>Altezza<\/strong>: 80 mm<\/li>\n<li><strong>Volume<\/strong>: 20 cl<\/li>\n<li><strong>Materiale<\/strong>: Cartone<\/li>\n<\/ul>\n<p>&nbsp;<\/p>\n<p><!--more--><\/p>\n<p><a href=\"https:\/\/www.csj-emballages.com\/it\/categorie-produit\/imballaggi-alimentari\/ristorazione\/bicchieri-calici-bottiglie\/bicchieri-in-cartone\/bicchieri-in-cartoncino-colorati\/\">Consulta il resto della nostra gamma di bicchieri in cartone colorati<\/a><\/p>\n","protected":false},"excerpt":{"rendered":"<p>Bicchiere in cartone oro Bicchiere in cartone oro 20 cl da 25<\/p>\n","protected":false},"featured_media":277054,"template":"","meta":{"_acf_changed":false},"product_brand":[],"product_cat":[10409,10410],"product_tag":[],"class_list":{"0":"post-268065","1":"product","2":"type-product","3":"status-publish","4":"has-post-thumbnail","6":"product_cat-bicchieri-calici-bottiglie","7":"product_cat-bicchieri-in-cartoncino-colorati","9":"first","10":"instock","11":"taxable","12":"shipping-taxable","13":"purchasable","14":"product-type-simple"},"acf":[],"yoast_head":"<!-- This site is optimized with the Yoast SEO Premium plugin v26.6 (Yoast SEO v26.6) - https:\/\/yoast.com\/wordpress\/plugins\/seo\/ -->\n<title>Bicchiere in cartone oro 20 cl da 25<\/title>\n<meta name=\"description\" content=\"Bicchiere in cartone oro 20 cl da 25: design elegante e pratico per bevande calde o fredde. Catering ed eventi festivi.\" \/>\n<meta name=\"robots\" content=\"index, follow, max-snippet:-1, max-image-preview:large, max-video-preview:-1\" \/>\n<link rel=\"canonical\" href=\"https:\/\/www.csj-emballages.com\/it\/produit\/25-bicchieri-cartone-oro-20-cl\/\" \/>\n<meta property=\"og:locale\" content=\"it_IT\" \/>\n<meta property=\"og:type\" content=\"article\" \/>\n<meta property=\"og:title\" content=\"Bicchiere in cartone oro 20 cl da 25\" \/>\n<meta property=\"og:description\" content=\"Bicchiere in cartone oro 20 cl da 25: design elegante e pratico per bevande calde o fredde. Catering ed eventi festivi.\" \/>\n<meta property=\"og:url\" content=\"https:\/\/www.csj-emballages.com\/it\/produit\/25-bicchieri-cartone-oro-20-cl\/\" \/>\n<meta property=\"og:site_name\" content=\"CSJ Emballages\" \/>\n<meta property=\"article:publisher\" content=\"https:\/\/www.facebook.com\/csjemballages\" \/>\n<meta property=\"article:modified_time\" content=\"2026-04-14T00:16:55+00:00\" \/>\n<meta property=\"og:image\" content=\"https:\/\/www.csj-emballages.com\/wp-content\/uploads\/2024\/03\/GM20ORR.webp\" \/>\n\t<meta property=\"og:image:width\" content=\"800\" \/>\n\t<meta property=\"og:image:height\" content=\"800\" \/>\n\t<meta property=\"og:image:type\" content=\"image\/webp\" \/>\n<meta name=\"twitter:card\" content=\"summary_large_image\" \/>\n<meta name=\"twitter:label1\" content=\"Dur\u00e9e de lecture estim\u00e9e\" \/>\n\t<meta name=\"twitter:data1\" content=\"1 minuto\" \/>\n<script type=\"application\/ld+json\" class=\"yoast-schema-graph\">{\"@context\":\"https:\/\/schema.org\",\"@graph\":[{\"@type\":\"WebPage\",\"@id\":\"https:\/\/www.csj-emballages.com\/it\/produit\/25-bicchieri-cartone-oro-20-cl\/\",\"url\":\"https:\/\/www.csj-emballages.com\/it\/produit\/25-bicchieri-cartone-oro-20-cl\/\",\"name\":\"Bicchiere in cartone oro 20 cl da 25\",\"isPartOf\":{\"@id\":\"https:\/\/www.csj-emballages.com\/it\/#website\"},\"primaryImageOfPage\":{\"@id\":\"https:\/\/www.csj-emballages.com\/it\/produit\/25-bicchieri-cartone-oro-20-cl\/#primaryimage\"},\"image\":{\"@id\":\"https:\/\/www.csj-emballages.com\/it\/produit\/25-bicchieri-cartone-oro-20-cl\/#primaryimage\"},\"thumbnailUrl\":\"https:\/\/www.csj-emballages.com\/wp-content\/uploads\/2024\/03\/GM20ORR.webp\",\"datePublished\":\"2024-03-01T15:53:28+00:00\",\"dateModified\":\"2026-04-14T00:16:55+00:00\",\"description\":\"Bicchiere in cartone oro 20 cl da 25: design elegante e pratico per bevande calde o fredde. Catering ed eventi festivi.\",\"breadcrumb\":{\"@id\":\"https:\/\/www.csj-emballages.com\/it\/produit\/25-bicchieri-cartone-oro-20-cl\/#breadcrumb\"},\"inLanguage\":\"it-IT\",\"potentialAction\":[{\"@type\":\"ReadAction\",\"target\":[\"https:\/\/www.csj-emballages.com\/it\/produit\/25-bicchieri-cartone-oro-20-cl\/\"]}]},{\"@type\":\"ImageObject\",\"inLanguage\":\"it-IT\",\"@id\":\"https:\/\/www.csj-emballages.com\/it\/produit\/25-bicchieri-cartone-oro-20-cl\/#primaryimage\",\"url\":\"https:\/\/www.csj-emballages.com\/wp-content\/uploads\/2024\/03\/GM20ORR.webp\",\"contentUrl\":\"https:\/\/www.csj-emballages.com\/wp-content\/uploads\/2024\/03\/GM20ORR.webp\",\"width\":800,\"height\":800,\"caption\":\"Gobelet carton or\"},{\"@type\":\"BreadcrumbList\",\"@id\":\"https:\/\/www.csj-emballages.com\/it\/produit\/25-bicchieri-cartone-oro-20-cl\/#breadcrumb\",\"itemListElement\":[{\"@type\":\"ListItem\",\"position\":1,\"name\":\"Home\",\"item\":\"https:\/\/www.csj-emballages.com\/it\/universo-imballaggi-alimentari\/\"},{\"@type\":\"ListItem\",\"position\":2,\"name\":\"Negozio\",\"item\":\"https:\/\/www.csj-emballages.com\/it\/negozio\/\"},{\"@type\":\"ListItem\",\"position\":3,\"name\":\"Bicchiere in cartone oro 20 cl da 25\"}]},{\"@type\":\"WebSite\",\"@id\":\"https:\/\/www.csj-emballages.com\/it\/#website\",\"url\":\"https:\/\/www.csj-emballages.com\/it\/\",\"name\":\"CSJ Emballages\",\"description\":\"\",\"publisher\":{\"@id\":\"https:\/\/www.csj-emballages.com\/it\/#organization\"},\"potentialAction\":[{\"@type\":\"SearchAction\",\"target\":{\"@type\":\"EntryPoint\",\"urlTemplate\":\"https:\/\/www.csj-emballages.com\/it\/?s={search_term_string}\"},\"query-input\":{\"@type\":\"PropertyValueSpecification\",\"valueRequired\":true,\"valueName\":\"search_term_string\"}}],\"inLanguage\":\"it-IT\"},{\"@type\":\"Organization\",\"@id\":\"https:\/\/www.csj-emballages.com\/it\/#Organization\/\",\"name\":\"CSJ Emballages\",\"url\":\"https:\/\/www.csj-emballages.com\/it\/\",\"logo\":{\"@type\":\"ImageObject\",\"inLanguage\":\"it-IT\",\"@id\":\"https:\/\/www.csj-emballages.com\/it\/#\/schema\/logo\/image\/\",\"url\":\"https:\/\/www.csj-emballages.com\/wp-content\/uploads\/2023\/10\/logo_csj.webp\",\"contentUrl\":\"https:\/\/www.csj-emballages.com\/wp-content\/uploads\/2023\/10\/logo_csj.webp\",\"width\":250,\"height\":95,\"caption\":\"CSJ Emballages\"},\"image\":{\"@id\":\"https:\/\/www.csj-emballages.com\/it\/#\/schema\/logo\/image\/\"},\"sameAs\":[\"https:\/\/www.facebook.com\/csjemballages\"],\"address\":{\"@type\":\"PostalAddress\",\"streetAddress\":\"ZI La Lechere\",\"addressLocality\":\"Patornay\",\"postalCode\":\"39130\",\"addressCountry\":\"FR\"},\"contactPoint\":[{\"@type\":\"ContactPoint\",\"contactType\":\"Service client\",\"telephone\":\"0384254272\",\"email\":\"contact@csj-emballages.com\"}]}]}<\/script>\n<!-- \/ Yoast SEO Premium plugin. -->","yoast_head_json":{"title":"Bicchiere in cartone oro 20 cl da 25","description":"Bicchiere in cartone oro 20 cl da 25: design elegante e pratico per bevande calde o fredde. Catering ed eventi festivi.","robots":{"index":"index","follow":"follow","max-snippet":"max-snippet:-1","max-image-preview":"max-image-preview:large","max-video-preview":"max-video-preview:-1"},"canonical":"https:\/\/www.csj-emballages.com\/it\/produit\/25-bicchieri-cartone-oro-20-cl\/","og_locale":"it_IT","og_type":"article","og_title":"Bicchiere in cartone oro 20 cl da 25","og_description":"Bicchiere in cartone oro 20 cl da 25: design elegante e pratico per bevande calde o fredde. Catering ed eventi festivi.","og_url":"https:\/\/www.csj-emballages.com\/it\/produit\/25-bicchieri-cartone-oro-20-cl\/","og_site_name":"CSJ Emballages","article_publisher":"https:\/\/www.facebook.com\/csjemballages","article_modified_time":"2026-04-14T00:16:55+00:00","og_image":[{"width":800,"height":800,"url":"https:\/\/www.csj-emballages.com\/wp-content\/uploads\/2024\/03\/GM20ORR.webp","type":"image\/webp"}],"twitter_card":"summary_large_image","twitter_misc":{"Dur\u00e9e de lecture estim\u00e9e":"1 minuto"},"schema":{"@context":"https:\/\/schema.org","@graph":[{"@type":"WebPage","@id":"https:\/\/www.csj-emballages.com\/it\/produit\/25-bicchieri-cartone-oro-20-cl\/","url":"https:\/\/www.csj-emballages.com\/it\/produit\/25-bicchieri-cartone-oro-20-cl\/","name":"Bicchiere in cartone oro 20 cl da 25","isPartOf":{"@id":"https:\/\/www.csj-emballages.com\/it\/#website"},"primaryImageOfPage":{"@id":"https:\/\/www.csj-emballages.com\/it\/produit\/25-bicchieri-cartone-oro-20-cl\/#primaryimage"},"image":{"@id":"https:\/\/www.csj-emballages.com\/it\/produit\/25-bicchieri-cartone-oro-20-cl\/#primaryimage"},"thumbnailUrl":"https:\/\/www.csj-emballages.com\/wp-content\/uploads\/2024\/03\/GM20ORR.webp","datePublished":"2024-03-01T15:53:28+00:00","dateModified":"2026-04-14T00:16:55+00:00","description":"Bicchiere in cartone oro 20 cl da 25: design elegante e pratico per bevande calde o fredde. Catering ed eventi festivi.","breadcrumb":{"@id":"https:\/\/www.csj-emballages.com\/it\/produit\/25-bicchieri-cartone-oro-20-cl\/#breadcrumb"},"inLanguage":"it-IT","potentialAction":[{"@type":"ReadAction","target":["https:\/\/www.csj-emballages.com\/it\/produit\/25-bicchieri-cartone-oro-20-cl\/"]}]},{"@type":"ImageObject","inLanguage":"it-IT","@id":"https:\/\/www.csj-emballages.com\/it\/produit\/25-bicchieri-cartone-oro-20-cl\/#primaryimage","url":"https:\/\/www.csj-emballages.com\/wp-content\/uploads\/2024\/03\/GM20ORR.webp","contentUrl":"https:\/\/www.csj-emballages.com\/wp-content\/uploads\/2024\/03\/GM20ORR.webp","width":800,"height":800,"caption":"Gobelet carton or"},{"@type":"BreadcrumbList","@id":"https:\/\/www.csj-emballages.com\/it\/produit\/25-bicchieri-cartone-oro-20-cl\/#breadcrumb","itemListElement":[{"@type":"ListItem","position":1,"name":"Home","item":"https:\/\/www.csj-emballages.com\/it\/universo-imballaggi-alimentari\/"},{"@type":"ListItem","position":2,"name":"Negozio","item":"https:\/\/www.csj-emballages.com\/it\/negozio\/"},{"@type":"ListItem","position":3,"name":"Bicchiere in cartone oro 20 cl da 25"}]},{"@type":"WebSite","@id":"https:\/\/www.csj-emballages.com\/it\/#website","url":"https:\/\/www.csj-emballages.com\/it\/","name":"CSJ Emballages","description":"","publisher":{"@id":"https:\/\/www.csj-emballages.com\/it\/#organization"},"potentialAction":[{"@type":"SearchAction","target":{"@type":"EntryPoint","urlTemplate":"https:\/\/www.csj-emballages.com\/it\/?s={search_term_string}"},"query-input":{"@type":"PropertyValueSpecification","valueRequired":true,"valueName":"search_term_string"}}],"inLanguage":"it-IT"},{"@type":"Organization","@id":"https:\/\/www.csj-emballages.com\/it\/#Organization\/","name":"CSJ Emballages","url":"https:\/\/www.csj-emballages.com\/it\/","logo":{"@type":"ImageObject","inLanguage":"it-IT","@id":"https:\/\/www.csj-emballages.com\/it\/#\/schema\/logo\/image\/","url":"https:\/\/www.csj-emballages.com\/wp-content\/uploads\/2023\/10\/logo_csj.webp","contentUrl":"https:\/\/www.csj-emballages.com\/wp-content\/uploads\/2023\/10\/logo_csj.webp","width":250,"height":95,"caption":"CSJ Emballages"},"image":{"@id":"https:\/\/www.csj-emballages.com\/it\/#\/schema\/logo\/image\/"},"sameAs":["https:\/\/www.facebook.com\/csjemballages"],"address":{"@type":"PostalAddress","streetAddress":"ZI La Lechere","addressLocality":"Patornay","postalCode":"39130","addressCountry":"FR"},"contactPoint":[{"@type":"ContactPoint","contactType":"Service client","telephone":"0384254272","email":"contact@csj-emballages.com"}]}]}},"df_price":2.5,"df_sale_price":"","df_regular_price":2.5,"df_image_link":"https:\/\/www.csj-emballages.com\/wp-content\/uploads\/2024\/03\/GM20ORR-300x300.webp","tiered_pricing_type":"fixed","tiered_pricing_fixed_rules":[],"tiered_pricing_percentage_rules":[],"tiered_pricing_minimum":1,"tiered_pricing_roles_data":[],"_links":{"self":[{"href":"https:\/\/www.csj-emballages.com\/it\/wp-json\/wp\/v2\/product\/268065","targetHints":{"allow":["GET"]}}],"collection":[{"href":"https:\/\/www.csj-emballages.com\/it\/wp-json\/wp\/v2\/product"}],"about":[{"href":"https:\/\/www.csj-emballages.com\/it\/wp-json\/wp\/v2\/types\/product"}],"wp:featuredmedia":[{"embeddable":true,"href":"https:\/\/www.csj-emballages.com\/it\/wp-json\/wp\/v2\/media\/277054"}],"wp:attachment":[{"href":"https:\/\/www.csj-emballages.com\/it\/wp-json\/wp\/v2\/media?parent=268065"}],"wp:term":[{"taxonomy":"product_brand","embeddable":true,"href":"https:\/\/www.csj-emballages.com\/it\/wp-json\/wp\/v2\/product_brand?post=268065"},{"taxonomy":"product_cat","embeddable":true,"href":"https:\/\/www.csj-emballages.com\/it\/wp-json\/wp\/v2\/product_cat?post=268065"},{"taxonomy":"product_tag","embeddable":true,"href":"https:\/\/www.csj-emballages.com\/it\/wp-json\/wp\/v2\/product_tag?post=268065"}],"curies":[{"name":"wp","href":"https:\/\/api.w.org\/{rel}","templated":true}]}}